{"id":843,"date":"2022-09-09T06:16:39","date_gmt":"2022-09-09T06:16:39","guid":{"rendered":"https:\/\/anamandaracamranh.com\/location\/"},"modified":"2024-09-17T07:39:09","modified_gmt":"2024-09-17T07:39:09","slug":"location","status":"publish","type":"page","link":"https:\/\/anamandaracamranh.com\/vi\/location\/","title":{"rendered":"V\u1ec1 Ch\u00fang T\u00f4i"},"content":{"rendered":"<p>N\u00e9p m\u00ecnh b\u00ean b\u1edd bi\u1ec3n xanh nh\u01b0 ng\u1ecdc c\u1ee7a B\u00e3i D\u00e0i v\u1ecbnh Cam Ranh, Ana Mandara Cam Ranh ch\u1ec9 c\u00e1ch trung t\u00e2m th\u00e0nh ph\u1ed1 Nha Trang 30 ph\u00fat di chuy\u1ec3n. N\u01a1i \u0111\u00e2y tr\u1ef1c ti\u1ebfp k\u1ebft n\u1ed1i v\u1edbi nh\u1eefng chuy\u1ebfn bay qu\u1ed1c t\u1ebf, t\u1eeb c\u00e1c th\u00e0nh ph\u1ed1 l\u1edbn c\u1ee7a Ch\u00e2u \u00c1 v\u00e0 c\u00e1c chuy\u1ebfn bay n\u1ed9i \u0111\u1ecba t\u1eeb kh\u1eafp c\u00e1c t\u1ec9nh th\u00e0nh Vi\u1ec7t Nam. Ana Mandara Cam Ranh Resort &amp; Spa \u0111\u01b0\u1ee3c x\u00e2y d\u1ef1ng theo chi\u1ebfn l\u01b0\u1ee3c c\u1ee7a th\u01b0\u01a1ng hi\u1ec7u ngh\u1ec9 d\u01b0\u1ee1ng sang tr\u1ecdng, lu\u00f4n h\u01b0\u1edbng \u0111\u1ebfn b\u1ea3o t\u1ed3n nh\u1eefng gi\u00e1 tr\u1ecb di s\u1ea3n v\u00e0 n\u00e9t duy\u00ean Vi\u1ec7t, k\u1ebft h\u1ee3p v\u1edbi l\u00f2ng hi\u1ebfu kh\u00e1ch ch\u00e2n th\u00e0nh, \u0111\u1ec3 t\u1eeb \u0111\u00f3 c\u00e1 nh\u00e2n h\u00f3a tr\u1ea3i nghi\u1ec7m s\u1ed1ng vui, kh\u1ecfe, l\u00e0nh m\u1ea1nh cho m\u1ed7i du kh\u00e1ch gh\u00e9 th\u0103m. Khu ngh\u1ec9 d\u01b0\u1ee1ng bao g\u1ed3m 176 c\u0103n bi\u1ec7t th\u1ef1 v\u00e0 ph\u00f2ng ngh\u1ec9 cao c\u1ea5p \u0111\u01b0\u1ee3c thi\u1ebft k\u1ebf \u0111\u1eb9p m\u1eaft, c\u00f9ng t\u1ea7m nh\u00ecn \u0111\u1eb9p nh\u01b0 tranh v\u1ebd v\u00e0 s\u1ef1 ri\u00eang t\u01b0 trong khung c\u1ea3nh thi\u00ean nhi\u00ean tuy\u1ec7t v\u1eddi. \u1ede \u0111\u00e2y, du kh\u00e1ch c\u00f3 th\u1ec3 t\u1eadn h\u01b0\u1edfng c\u00e1c tr\u1ea3i nghi\u1ec7m \u0103n u\u1ed1ng \u0111a d\u1ea1ng, khu spa th\u01b0 gi\u00e3n to\u00e0n di\u1ec7n c\u00f9ng c\u00e1c khu ti\u1ec7n \u00edch kh\u00e1c nh\u01b0 h\u1ed3 b\u01a1i l\u1edbn ngo\u00e0i tr\u1eddi, ph\u00f2ng h\u1ed9i ngh\u1ecb v\u00e0 khu vui ch\u01a1i d\u00e0nh cho tr\u1ebb em \u0111\u1ea7y s\u00e1ng t\u1ea1o. Ch\u00ednh s\u1ef1 k\u1ebft h\u1ee3p tuy\u1ec7t v\u1eddi gi\u1eefa m\u1ed9t kh\u00f4ng gian ngh\u1ec9 d\u01b0\u1ee1ng \u0111\u1ea7y th\u01b0 gi\u00e3n v\u00e0 c\u00e1c d\u1ecbch v\u1ee5 ti\u1ec7n \u00edch ch\u1ec9n chu \u0111\u00e3 khi\u1ebfn n\u01a1i \u0111\u00e2y tr\u1edf th\u00e0nh l\u1ef1a ch\u1ecdn ho\u00e0n h\u1ea3o cho c\u00e1c c\u1eb7p \u0111\u00f4i, gia \u0111\u00ecnh c\u0169ng nh\u01b0 nh\u1eefng ng\u01b0\u1eddi t\u00ecm ki\u1ebfm s\u1ef1 ch\u0103m s\u00f3c s\u1ee9c kh\u1ecfe.<\/p>\n","protected":false},"excerpt":{"rendered":"<p>N\u00e9p m\u00ecnh b\u00ean b\u1edd bi\u1ec3n xanh nh\u01b0 ng\u1ecdc c\u1ee7a B\u00e3i D\u00e0i v\u1ecbnh Cam Ranh, Ana Mandara Cam Ranh ch\u1ec9 c\u00e1ch trung t\u00e2m th\u00e0nh ph\u1ed1 Nha Trang 30 ph\u00fat di chuy\u1ec3n. N\u01a1i \u0111\u00e2y tr\u1ef1c ti\u1ebfp k\u1ebft n\u1ed1i v\u1edbi nh\u1eefng chuy\u1ebfn bay qu\u1ed1c t\u1ebf, t\u1eeb c\u00e1c th\u00e0nh ph\u1ed1 l\u1edbn c\u1ee7a Ch\u00e2u \u00c1 v\u00e0 c\u00e1c chuy\u1ebfn bay n\u1ed9i [&hellip;]<\/p>\n","protected":false},"author":368,"featured_media":520,"parent":0,"menu_order":0,"comment_status":"closed","ping_status":"closed","template":"template-location.php","meta":{"footnotes":""},"categories":[],"acf":[],"yoast_head":"<!-- This site is optimized with the Yoast SEO plugin v22.3 - https:\/\/yoast.com\/wordpress\/plugins\/seo\/ -->\n<title>V\u1ec1 Ch\u00fang T\u00f4i | Ana Mandara Cam Ranh<\/title>\n<meta name=\"robots\" content=\"index, follow, max-snippet:-1, max-image-preview:large, max-video-preview:-1\" \/>\n<link rel=\"canonical\" href=\"https:\/\/anamandaracamranh.com\/vi\/location\/\" \/>\n<meta property=\"og:locale\" content=\"vi_VN\" \/>\n<meta property=\"og:type\" content=\"article\" \/>\n<meta property=\"og:title\" content=\"V\u1ec1 Ch\u00fang T\u00f4i | Ana Mandara Cam Ranh\" \/>\n<meta property=\"og:description\" content=\"N\u00e9p m\u00ecnh b\u00ean b\u1edd bi\u1ec3n xanh nh\u01b0 ng\u1ecdc c\u1ee7a B\u00e3i D\u00e0i v\u1ecbnh Cam Ranh, Ana Mandara Cam Ranh ch\u1ec9 c\u00e1ch trung t\u00e2m th\u00e0nh ph\u1ed1 Nha Trang 30 ph\u00fat di chuy\u1ec3n. N\u01a1i \u0111\u00e2y tr\u1ef1c ti\u1ebfp k\u1ebft n\u1ed1i v\u1edbi nh\u1eefng chuy\u1ebfn bay qu\u1ed1c t\u1ebf, t\u1eeb c\u00e1c th\u00e0nh ph\u1ed1 l\u1edbn c\u1ee7a Ch\u00e2u \u00c1 v\u00e0 c\u00e1c chuy\u1ebfn bay n\u1ed9i [&hellip;]\" \/>\n<meta property=\"og:url\" content=\"https:\/\/anamandaracamranh.com\/vi\/location\/\" \/>\n<meta property=\"og:site_name\" content=\"Ana Mandara Cam Ranh Hotel\" \/>\n<meta property=\"article:modified_time\" content=\"2024-09-17T07:39:09+00:00\" \/>\n<meta property=\"og:image\" content=\"https:\/\/anamandaracamranh.com\/wp-content\/uploads\/sites\/254\/2022\/09\/ANA-MANDARA-CAM-RANH-About-us.jpg\" \/>\n\t<meta property=\"og:image:width\" content=\"2200\" \/>\n\t<meta property=\"og:image:height\" content=\"1466\" \/>\n\t<meta property=\"og:image:type\" content=\"image\/jpeg\" \/>\n<meta name=\"twitter:card\" content=\"summary_large_image\" \/>\n<meta name=\"twitter:label1\" content=\"Est. reading time\" \/>\n\t<meta name=\"twitter:data1\" content=\"2 minutes\" \/>\n<script type=\"application\/ld+json\" class=\"yoast-schema-graph\">{\"@context\":\"https:\/\/schema.org\",\"@graph\":[{\"@type\":\"WebPage\",\"@id\":\"https:\/\/anamandaracamranh.com\/vi\/location\/\",\"url\":\"https:\/\/anamandaracamranh.com\/vi\/location\/\",\"name\":\"V\u1ec1 Ch\u00fang T\u00f4i | Ana Mandara Cam Ranh\",\"isPartOf\":{\"@id\":\"https:\/\/anamandaracamranh.com\/vi\/#website\"},\"primaryImageOfPage\":{\"@id\":\"https:\/\/anamandaracamranh.com\/vi\/location\/#primaryimage\"},\"image\":{\"@id\":\"https:\/\/anamandaracamranh.com\/vi\/location\/#primaryimage\"},\"thumbnailUrl\":\"https:\/\/anamandaracamranh.com\/wp-content\/uploads\/sites\/254\/2022\/09\/ANA-MANDARA-CAM-RANH-About-us.jpg\",\"datePublished\":\"2022-09-09T06:16:39+00:00\",\"dateModified\":\"2024-09-17T07:39:09+00:00\",\"breadcrumb\":{\"@id\":\"https:\/\/anamandaracamranh.com\/vi\/location\/#breadcrumb\"},\"inLanguage\":\"vi-VN\",\"potentialAction\":[{\"@type\":\"ReadAction\",\"target\":[\"https:\/\/anamandaracamranh.com\/vi\/location\/\"]}]},{\"@type\":\"ImageObject\",\"inLanguage\":\"vi-VN\",\"@id\":\"https:\/\/anamandaracamranh.com\/vi\/location\/#primaryimage\",\"url\":\"https:\/\/anamandaracamranh.com\/wp-content\/uploads\/sites\/254\/2022\/09\/ANA-MANDARA-CAM-RANH-About-us.jpg\",\"contentUrl\":\"https:\/\/anamandaracamranh.com\/wp-content\/uploads\/sites\/254\/2022\/09\/ANA-MANDARA-CAM-RANH-About-us.jpg\",\"width\":2200,\"height\":1466},{\"@type\":\"BreadcrumbList\",\"@id\":\"https:\/\/anamandaracamranh.com\/vi\/location\/#breadcrumb\",\"itemListElement\":[{\"@type\":\"ListItem\",\"position\":1,\"name\":\"Home\",\"item\":\"https:\/\/anamandaracamranh.com\/vi\/\"},{\"@type\":\"ListItem\",\"position\":2,\"name\":\"V\u1ec1 Ch\u00fang T\u00f4i\"}]},{\"@type\":\"WebSite\",\"@id\":\"https:\/\/anamandaracamranh.com\/vi\/#website\",\"url\":\"https:\/\/anamandaracamranh.com\/vi\/\",\"name\":\"Ana Mandara Cam Ranh Hotel\",\"description\":\"\",\"potentialAction\":[{\"@type\":\"SearchAction\",\"target\":{\"@type\":\"EntryPoint\",\"urlTemplate\":\"https:\/\/anamandaracamranh.com\/vi\/?s={search_term_string}\"},\"query-input\":\"required name=search_term_string\"}],\"inLanguage\":\"vi-VN\"}]}<\/script>\n<!-- \/ Yoast SEO plugin. -->","yoast_head_json":{"title":"V\u1ec1 Ch\u00fang T\u00f4i | Ana Mandara Cam Ranh","robots":{"index":"index","follow":"follow","max-snippet":"max-snippet:-1","max-image-preview":"max-image-preview:large","max-video-preview":"max-video-preview:-1"},"canonical":"https:\/\/anamandaracamranh.com\/vi\/location\/","og_locale":"vi_VN","og_type":"article","og_title":"V\u1ec1 Ch\u00fang T\u00f4i | Ana Mandara Cam Ranh","og_description":"N\u00e9p m\u00ecnh b\u00ean b\u1edd bi\u1ec3n xanh nh\u01b0 ng\u1ecdc c\u1ee7a B\u00e3i D\u00e0i v\u1ecbnh Cam Ranh, Ana Mandara Cam Ranh ch\u1ec9 c\u00e1ch trung t\u00e2m th\u00e0nh ph\u1ed1 Nha Trang 30 ph\u00fat di chuy\u1ec3n. N\u01a1i \u0111\u00e2y tr\u1ef1c ti\u1ebfp k\u1ebft n\u1ed1i v\u1edbi nh\u1eefng chuy\u1ebfn bay qu\u1ed1c t\u1ebf, t\u1eeb c\u00e1c th\u00e0nh ph\u1ed1 l\u1edbn c\u1ee7a Ch\u00e2u \u00c1 v\u00e0 c\u00e1c chuy\u1ebfn bay n\u1ed9i [&hellip;]","og_url":"https:\/\/anamandaracamranh.com\/vi\/location\/","og_site_name":"Ana Mandara Cam Ranh Hotel","article_modified_time":"2024-09-17T07:39:09+00:00","og_image":[{"width":2200,"height":1466,"url":"https:\/\/anamandaracamranh.com\/wp-content\/uploads\/sites\/254\/2022\/09\/ANA-MANDARA-CAM-RANH-About-us.jpg","type":"image\/jpeg"}],"twitter_card":"summary_large_image","twitter_misc":{"Est. reading time":"2 minutes"},"schema":{"@context":"https:\/\/schema.org","@graph":[{"@type":"WebPage","@id":"https:\/\/anamandaracamranh.com\/vi\/location\/","url":"https:\/\/anamandaracamranh.com\/vi\/location\/","name":"V\u1ec1 Ch\u00fang T\u00f4i | Ana Mandara Cam Ranh","isPartOf":{"@id":"https:\/\/anamandaracamranh.com\/vi\/#website"},"primaryImageOfPage":{"@id":"https:\/\/anamandaracamranh.com\/vi\/location\/#primaryimage"},"image":{"@id":"https:\/\/anamandaracamranh.com\/vi\/location\/#primaryimage"},"thumbnailUrl":"https:\/\/anamandaracamranh.com\/wp-content\/uploads\/sites\/254\/2022\/09\/ANA-MANDARA-CAM-RANH-About-us.jpg","datePublished":"2022-09-09T06:16:39+00:00","dateModified":"2024-09-17T07:39:09+00:00","breadcrumb":{"@id":"https:\/\/anamandaracamranh.com\/vi\/location\/#breadcrumb"},"inLanguage":"vi-VN","potentialAction":[{"@type":"ReadAction","target":["https:\/\/anamandaracamranh.com\/vi\/location\/"]}]},{"@type":"ImageObject","inLanguage":"vi-VN","@id":"https:\/\/anamandaracamranh.com\/vi\/location\/#primaryimage","url":"https:\/\/anamandaracamranh.com\/wp-content\/uploads\/sites\/254\/2022\/09\/ANA-MANDARA-CAM-RANH-About-us.jpg","contentUrl":"https:\/\/anamandaracamranh.com\/wp-content\/uploads\/sites\/254\/2022\/09\/ANA-MANDARA-CAM-RANH-About-us.jpg","width":2200,"height":1466},{"@type":"BreadcrumbList","@id":"https:\/\/anamandaracamranh.com\/vi\/location\/#breadcrumb","itemListElement":[{"@type":"ListItem","position":1,"name":"Home","item":"https:\/\/anamandaracamranh.com\/vi\/"},{"@type":"ListItem","position":2,"name":"V\u1ec1 Ch\u00fang T\u00f4i"}]},{"@type":"WebSite","@id":"https:\/\/anamandaracamranh.com\/vi\/#website","url":"https:\/\/anamandaracamranh.com\/vi\/","name":"Ana Mandara Cam Ranh Hotel","description":"","potentialAction":[{"@type":"SearchAction","target":{"@type":"EntryPoint","urlTemplate":"https:\/\/anamandaracamranh.com\/vi\/?s={search_term_string}"},"query-input":"required name=search_term_string"}],"inLanguage":"vi-VN"}]}},"_links":{"self":[{"href":"https:\/\/anamandaracamranh.com\/vi\/wp-json\/wp\/v2\/pages\/843"}],"collection":[{"href":"https:\/\/anamandaracamranh.com\/vi\/wp-json\/wp\/v2\/pages"}],"about":[{"href":"https:\/\/anamandaracamranh.com\/vi\/wp-json\/wp\/v2\/types\/page"}],"author":[{"embeddable":true,"href":"https:\/\/anamandaracamranh.com\/vi\/wp-json\/wp\/v2\/users\/368"}],"replies":[{"embeddable":true,"href":"https:\/\/anamandaracamranh.com\/vi\/wp-json\/wp\/v2\/comments?post=843"}],"version-history":[{"count":0,"href":"https:\/\/anamandaracamranh.com\/vi\/wp-json\/wp\/v2\/pages\/843\/revisions"}],"wp:featuredmedia":[{"embeddable":true,"href":"https:\/\/anamandaracamranh.com\/vi\/wp-json\/wp\/v2\/media\/520"}],"wp:attachment":[{"href":"https:\/\/anamandaracamranh.com\/vi\/wp-json\/wp\/v2\/media?parent=843"}],"wp:term":[{"taxonomy":"category","embeddable":true,"href":"https:\/\/anamandaracamranh.com\/vi\/wp-json\/wp\/v2\/categories?post=843"}],"curies":[{"name":"wp","href":"https:\/\/api.w.org\/{rel}","templated":true}]}}