{"id":824,"date":"2022-09-09T03:59:21","date_gmt":"2022-09-09T03:59:21","guid":{"rendered":"https:\/\/anamandaracamranh.com\/weddings-events\/"},"modified":"2024-09-20T03:45:43","modified_gmt":"2024-09-20T03:45:43","slug":"weddings-events","status":"publish","type":"page","link":"https:\/\/anamandaracamranh.com\/vi\/weddings-events\/","title":{"rendered":"Ti\u1ec7c c\u01b0\u1edbi"},"content":{"rendered":"<p>T\u00ecm ki\u1ebfm n\u01a1i t\u1ed5 ch\u1ee9c h\u00f4n l\u1ec5 th\u01a1 m\u1ed9ng tr\u00ean b\u1edd bi\u1ec3n nguy\u00ean s\u01a1 hay gi\u1eefa khu v\u01b0\u1eddn xanh m\u01b0\u1edbt; m\u1ed9t s\u1ef1 ki\u1ec7n c\u00f4ng ty ho\u00e0nh tr\u00e1ng g\u00e2y \u1ea5n t\u01b0\u1ee3ng m\u1ea1nh v\u1edbi kh\u00e1ch h\u00e0ng, hay ch\u1ec9 \u0111\u01a1n thu\u1ea7n l\u00e0 m\u1ed9t bu\u1ed5i h\u1ecdp m\u1eb7t truy\u1ec1n \u0111\u1ed9ng l\u1ef1c cho \u0111\u1ed9i nh\u00f3m, m\u1ecdi nhu c\u1ea7u t\u1ed5 ch\u1ee9c ti\u1ec7c v\u00e0 s\u1ef1 ki\u1ec7n c\u1ee7a b\u1ea1n \u0111\u1ec1u \u0111\u01b0\u1ee3c \u0111\u00e1p \u1ee9ng t\u1ea1i Ana Mandara Cam Ranh.<\/p>\n<p>Ch\u00fang t\u00f4i kh\u00f4ng ng\u1eebng n\u00e2ng c\u1ea5p c\u01a1 s\u1edf v\u1eadt ch\u1ea5t chuy\u00ean nghi\u1ec7p, v\u1edbi m\u1ed9t ph\u00f2ng kh\u00e1nh ti\u1ebft kh\u00f4ng v\u01b0\u1edbng tr\u1ee5 c\u1ed9t r\u1ed9ng 465 m\u00e9t vu\u00f4ng, s\u1ee9c ch\u1ee9a l\u00ean \u0111\u1ebfn 470 kh\u00e1ch. C\u00e1c ph\u00f2ng h\u1ecdp di\u1ec7n t\u00edch v\u1eeba ph\u1ea3i l\u00e0 l\u1ef1a ch\u1ecdn t\u1ed1i \u01b0u cho c\u00e1c s\u1ef1 ki\u1ec7n \u0111\u00f2i h\u1ecfi s\u1ef1 ri\u00eang t\u01b0 v\u00e0 quy m\u00f4 nh\u1ecf.<\/p>\n<p>M\u1eb7t b\u1eb1ng s\u1ef1 ki\u1ec7n c\u1ee7a ch\u00fang t\u00f4i \u0111\u01b0\u1ee3c thi\u1ebft k\u1ebf linh ho\u1ea1t, thay \u0111\u1ed5i theo nhu c\u1ea7u c\u1ee7a m\u1ed7i kh\u00e1ch h\u00e0ng, v\u00e0 c\u00f3 th\u1ec3 \u0111i\u1ec1u ch\u1ec9nh cho ph\u00f9 h\u1ee3p v\u1edbi s\u1ef1 ki\u1ec7n v\u1edbi quy m\u00f4 l\u1edbn hay nh\u1ecf. \u0110\u1ed9i ng\u0169 ph\u1ee5c v\u1ee5 v\u00e0 t\u1ed5 ch\u1ee9c s\u1ef1 ki\u1ec7n c\u1ee7a ch\u00fang t\u00f4i l\u00e0m vi\u1ec7c ch\u1eb7t ch\u1ebd v\u1edbi kh\u00e1ch tr\u01b0\u1edbc khi s\u1ef1 ki\u1ec7n di\u1ec5n ra, \u0111\u1ea3m b\u1ea3o m\u1ecdi chi ti\u1ebft nh\u1ecf nh\u1eb7t nh\u1ea5t \u0111\u1ec1u \u0111\u01b0\u1ee3c l\u00ean k\u1ebf ho\u1ea1ch t\u1ec9 m\u1ec9 v\u00e0 th\u1ef1c hi\u1ec7n \u0111\u1ebfn m\u1ee9c ho\u00e0n h\u1ea3o. Vi\u1ec7c c\u1ee7a qu\u00fd kh\u00e1ch ch\u1ec9 l\u00e0 d\u00e0nh th\u1eddi gian th\u01b0 gi\u00e3n v\u00e0 t\u1eadn h\u01b0\u1edfng th\u00e0nh qu\u1ea3 c\u1ee7a s\u1ef1 ki\u1ec7n \u0111\u01b0\u1ee3c t\u1ed5 ch\u1ee9c c\u00f9ng ch\u00fang t\u00f4i.<\/p>\n","protected":false},"excerpt":{"rendered":"<p>T\u00ecm ki\u1ebfm n\u01a1i t\u1ed5 ch\u1ee9c h\u00f4n l\u1ec5 th\u01a1 m\u1ed9ng tr\u00ean b\u1edd bi\u1ec3n nguy\u00ean s\u01a1 hay gi\u1eefa khu v\u01b0\u1eddn xanh m\u01b0\u1edbt; m\u1ed9t s\u1ef1 ki\u1ec7n c\u00f4ng ty ho\u00e0nh tr\u00e1ng g\u00e2y \u1ea5n t\u01b0\u1ee3ng m\u1ea1nh v\u1edbi kh\u00e1ch h\u00e0ng, hay ch\u1ec9 \u0111\u01a1n thu\u1ea7n l\u00e0 m\u1ed9t bu\u1ed5i h\u1ecdp m\u1eb7t truy\u1ec1n \u0111\u1ed9ng l\u1ef1c cho \u0111\u1ed9i nh\u00f3m, m\u1ecdi nhu c\u1ea7u t\u1ed5 ch\u1ee9c ti\u1ec7c [&hellip;]<\/p>\n","protected":false},"author":368,"featured_media":1439,"parent":0,"menu_order":0,"comment_status":"closed","ping_status":"closed","template":"template-meeting.php","meta":{"footnotes":""},"categories":[],"acf":[],"yoast_head":"<!-- This site is optimized with the Yoast SEO plugin v22.3 - https:\/\/yoast.com\/wordpress\/plugins\/seo\/ -->\n<title>T\u1ed5 Ch\u1ee9c S\u1ef1 Ki\u1ec7n v\u00e0 Ti\u1ec7c C\u01b0\u1edbi | Ana Mandara Cam Ranh<\/title>\n<meta name=\"description\" content=\"\u0110\u1ecba \u0111i\u1ec3m l\u00fd t\u01b0\u1edfng v\u00e0 cao c\u1ea5p t\u1ea1i B\u00e3i D\u00e0i v\u00e0 Nha Trang \u0111\u1ec3 t\u1ed5 ch\u1ee9c s\u1ef1 ki\u1ec7n, h\u1ed9i h\u1ecdp v\u00e0 ngay c\u1ea3 ti\u1ec7c d\u01b0\u1edbi ngo\u00e0i tr\u1eddi tr\u00ean bi\u1ec3n. Li\u00ean h\u1ec7 ngay!\" \/>\n<meta name=\"robots\" content=\"index, follow, max-snippet:-1, max-image-preview:large, max-video-preview:-1\" \/>\n<link rel=\"canonical\" href=\"https:\/\/anamandaracamranh.com\/vi\/weddings-events\/\" \/>\n<meta property=\"og:locale\" content=\"vi_VN\" \/>\n<meta property=\"og:type\" content=\"article\" \/>\n<meta property=\"og:title\" content=\"T\u1ed5 Ch\u1ee9c S\u1ef1 Ki\u1ec7n v\u00e0 Ti\u1ec7c C\u01b0\u1edbi | Ana Mandara Cam Ranh\" \/>\n<meta property=\"og:description\" content=\"\u0110\u1ecba \u0111i\u1ec3m l\u00fd t\u01b0\u1edfng v\u00e0 cao c\u1ea5p t\u1ea1i B\u00e3i D\u00e0i v\u00e0 Nha Trang \u0111\u1ec3 t\u1ed5 ch\u1ee9c s\u1ef1 ki\u1ec7n, h\u1ed9i h\u1ecdp v\u00e0 ngay c\u1ea3 ti\u1ec7c d\u01b0\u1edbi ngo\u00e0i tr\u1eddi tr\u00ean bi\u1ec3n. Li\u00ean h\u1ec7 ngay!\" \/>\n<meta property=\"og:url\" content=\"https:\/\/anamandaracamranh.com\/vi\/weddings-events\/\" \/>\n<meta property=\"og:site_name\" content=\"Ana Mandara Cam Ranh Hotel\" \/>\n<meta property=\"article:modified_time\" content=\"2024-09-20T03:45:43+00:00\" \/>\n<meta property=\"og:image\" content=\"https:\/\/anamandaracamranh.com\/wp-content\/uploads\/sites\/254\/2023\/06\/ANA-MANDARA-CAM-RANH-Wedding-1.jpg\" \/>\n\t<meta property=\"og:image:width\" content=\"2200\" \/>\n\t<meta property=\"og:image:height\" content=\"1650\" \/>\n\t<meta property=\"og:image:type\" content=\"image\/jpeg\" \/>\n<meta name=\"twitter:card\" content=\"summary_large_image\" \/>\n<meta name=\"twitter:label1\" content=\"Est. reading time\" \/>\n\t<meta name=\"twitter:data1\" content=\"2 minutes\" \/>\n<script type=\"application\/ld+json\" class=\"yoast-schema-graph\">{\"@context\":\"https:\/\/schema.org\",\"@graph\":[{\"@type\":\"WebPage\",\"@id\":\"https:\/\/anamandaracamranh.com\/vi\/weddings-events\/\",\"url\":\"https:\/\/anamandaracamranh.com\/vi\/weddings-events\/\",\"name\":\"T\u1ed5 Ch\u1ee9c S\u1ef1 Ki\u1ec7n v\u00e0 Ti\u1ec7c C\u01b0\u1edbi | Ana Mandara Cam Ranh\",\"isPartOf\":{\"@id\":\"https:\/\/anamandaracamranh.com\/vi\/#website\"},\"primaryImageOfPage\":{\"@id\":\"https:\/\/anamandaracamranh.com\/vi\/weddings-events\/#primaryimage\"},\"image\":{\"@id\":\"https:\/\/anamandaracamranh.com\/vi\/weddings-events\/#primaryimage\"},\"thumbnailUrl\":\"https:\/\/anamandaracamranh.com\/wp-content\/uploads\/sites\/254\/2023\/06\/ANA-MANDARA-CAM-RANH-Wedding-1.jpg\",\"datePublished\":\"2022-09-09T03:59:21+00:00\",\"dateModified\":\"2024-09-20T03:45:43+00:00\",\"description\":\"\u0110\u1ecba \u0111i\u1ec3m l\u00fd t\u01b0\u1edfng v\u00e0 cao c\u1ea5p t\u1ea1i B\u00e3i D\u00e0i v\u00e0 Nha Trang \u0111\u1ec3 t\u1ed5 ch\u1ee9c s\u1ef1 ki\u1ec7n, h\u1ed9i h\u1ecdp v\u00e0 ngay c\u1ea3 ti\u1ec7c d\u01b0\u1edbi ngo\u00e0i tr\u1eddi tr\u00ean bi\u1ec3n. Li\u00ean h\u1ec7 ngay!\",\"breadcrumb\":{\"@id\":\"https:\/\/anamandaracamranh.com\/vi\/weddings-events\/#breadcrumb\"},\"inLanguage\":\"vi-VN\",\"potentialAction\":[{\"@type\":\"ReadAction\",\"target\":[\"https:\/\/anamandaracamranh.com\/vi\/weddings-events\/\"]}]},{\"@type\":\"ImageObject\",\"inLanguage\":\"vi-VN\",\"@id\":\"https:\/\/anamandaracamranh.com\/vi\/weddings-events\/#primaryimage\",\"url\":\"https:\/\/anamandaracamranh.com\/wp-content\/uploads\/sites\/254\/2023\/06\/ANA-MANDARA-CAM-RANH-Wedding-1.jpg\",\"contentUrl\":\"https:\/\/anamandaracamranh.com\/wp-content\/uploads\/sites\/254\/2023\/06\/ANA-MANDARA-CAM-RANH-Wedding-1.jpg\",\"width\":2200,\"height\":1650},{\"@type\":\"BreadcrumbList\",\"@id\":\"https:\/\/anamandaracamranh.com\/vi\/weddings-events\/#breadcrumb\",\"itemListElement\":[{\"@type\":\"ListItem\",\"position\":1,\"name\":\"Home\",\"item\":\"https:\/\/anamandaracamranh.com\/vi\/\"},{\"@type\":\"ListItem\",\"position\":2,\"name\":\"Ti\u1ec7c c\u01b0\u1edbi\"}]},{\"@type\":\"WebSite\",\"@id\":\"https:\/\/anamandaracamranh.com\/vi\/#website\",\"url\":\"https:\/\/anamandaracamranh.com\/vi\/\",\"name\":\"Ana Mandara Cam Ranh Hotel\",\"description\":\"\",\"potentialAction\":[{\"@type\":\"SearchAction\",\"target\":{\"@type\":\"EntryPoint\",\"urlTemplate\":\"https:\/\/anamandaracamranh.com\/vi\/?s={search_term_string}\"},\"query-input\":\"required name=search_term_string\"}],\"inLanguage\":\"vi-VN\"}]}<\/script>\n<!-- \/ Yoast SEO plugin. -->","yoast_head_json":{"title":"T\u1ed5 Ch\u1ee9c S\u1ef1 Ki\u1ec7n v\u00e0 Ti\u1ec7c C\u01b0\u1edbi | Ana Mandara Cam Ranh","description":"\u0110\u1ecba \u0111i\u1ec3m l\u00fd t\u01b0\u1edfng v\u00e0 cao c\u1ea5p t\u1ea1i B\u00e3i D\u00e0i v\u00e0 Nha Trang \u0111\u1ec3 t\u1ed5 ch\u1ee9c s\u1ef1 ki\u1ec7n, h\u1ed9i h\u1ecdp v\u00e0 ngay c\u1ea3 ti\u1ec7c d\u01b0\u1edbi ngo\u00e0i tr\u1eddi tr\u00ean bi\u1ec3n. Li\u00ean h\u1ec7 ngay!","robots":{"index":"index","follow":"follow","max-snippet":"max-snippet:-1","max-image-preview":"max-image-preview:large","max-video-preview":"max-video-preview:-1"},"canonical":"https:\/\/anamandaracamranh.com\/vi\/weddings-events\/","og_locale":"vi_VN","og_type":"article","og_title":"T\u1ed5 Ch\u1ee9c S\u1ef1 Ki\u1ec7n v\u00e0 Ti\u1ec7c C\u01b0\u1edbi | Ana Mandara Cam Ranh","og_description":"\u0110\u1ecba \u0111i\u1ec3m l\u00fd t\u01b0\u1edfng v\u00e0 cao c\u1ea5p t\u1ea1i B\u00e3i D\u00e0i v\u00e0 Nha Trang \u0111\u1ec3 t\u1ed5 ch\u1ee9c s\u1ef1 ki\u1ec7n, h\u1ed9i h\u1ecdp v\u00e0 ngay c\u1ea3 ti\u1ec7c d\u01b0\u1edbi ngo\u00e0i tr\u1eddi tr\u00ean bi\u1ec3n. Li\u00ean h\u1ec7 ngay!","og_url":"https:\/\/anamandaracamranh.com\/vi\/weddings-events\/","og_site_name":"Ana Mandara Cam Ranh Hotel","article_modified_time":"2024-09-20T03:45:43+00:00","og_image":[{"width":2200,"height":1650,"url":"https:\/\/anamandaracamranh.com\/wp-content\/uploads\/sites\/254\/2023\/06\/ANA-MANDARA-CAM-RANH-Wedding-1.jpg","type":"image\/jpeg"}],"twitter_card":"summary_large_image","twitter_misc":{"Est. reading time":"2 minutes"},"schema":{"@context":"https:\/\/schema.org","@graph":[{"@type":"WebPage","@id":"https:\/\/anamandaracamranh.com\/vi\/weddings-events\/","url":"https:\/\/anamandaracamranh.com\/vi\/weddings-events\/","name":"T\u1ed5 Ch\u1ee9c S\u1ef1 Ki\u1ec7n v\u00e0 Ti\u1ec7c C\u01b0\u1edbi | Ana Mandara Cam Ranh","isPartOf":{"@id":"https:\/\/anamandaracamranh.com\/vi\/#website"},"primaryImageOfPage":{"@id":"https:\/\/anamandaracamranh.com\/vi\/weddings-events\/#primaryimage"},"image":{"@id":"https:\/\/anamandaracamranh.com\/vi\/weddings-events\/#primaryimage"},"thumbnailUrl":"https:\/\/anamandaracamranh.com\/wp-content\/uploads\/sites\/254\/2023\/06\/ANA-MANDARA-CAM-RANH-Wedding-1.jpg","datePublished":"2022-09-09T03:59:21+00:00","dateModified":"2024-09-20T03:45:43+00:00","description":"\u0110\u1ecba \u0111i\u1ec3m l\u00fd t\u01b0\u1edfng v\u00e0 cao c\u1ea5p t\u1ea1i B\u00e3i D\u00e0i v\u00e0 Nha Trang \u0111\u1ec3 t\u1ed5 ch\u1ee9c s\u1ef1 ki\u1ec7n, h\u1ed9i h\u1ecdp v\u00e0 ngay c\u1ea3 ti\u1ec7c d\u01b0\u1edbi ngo\u00e0i tr\u1eddi tr\u00ean bi\u1ec3n. Li\u00ean h\u1ec7 ngay!","breadcrumb":{"@id":"https:\/\/anamandaracamranh.com\/vi\/weddings-events\/#breadcrumb"},"inLanguage":"vi-VN","potentialAction":[{"@type":"ReadAction","target":["https:\/\/anamandaracamranh.com\/vi\/weddings-events\/"]}]},{"@type":"ImageObject","inLanguage":"vi-VN","@id":"https:\/\/anamandaracamranh.com\/vi\/weddings-events\/#primaryimage","url":"https:\/\/anamandaracamranh.com\/wp-content\/uploads\/sites\/254\/2023\/06\/ANA-MANDARA-CAM-RANH-Wedding-1.jpg","contentUrl":"https:\/\/anamandaracamranh.com\/wp-content\/uploads\/sites\/254\/2023\/06\/ANA-MANDARA-CAM-RANH-Wedding-1.jpg","width":2200,"height":1650},{"@type":"BreadcrumbList","@id":"https:\/\/anamandaracamranh.com\/vi\/weddings-events\/#breadcrumb","itemListElement":[{"@type":"ListItem","position":1,"name":"Home","item":"https:\/\/anamandaracamranh.com\/vi\/"},{"@type":"ListItem","position":2,"name":"Ti\u1ec7c c\u01b0\u1edbi"}]},{"@type":"WebSite","@id":"https:\/\/anamandaracamranh.com\/vi\/#website","url":"https:\/\/anamandaracamranh.com\/vi\/","name":"Ana Mandara Cam Ranh Hotel","description":"","potentialAction":[{"@type":"SearchAction","target":{"@type":"EntryPoint","urlTemplate":"https:\/\/anamandaracamranh.com\/vi\/?s={search_term_string}"},"query-input":"required name=search_term_string"}],"inLanguage":"vi-VN"}]}},"_links":{"self":[{"href":"https:\/\/anamandaracamranh.com\/vi\/wp-json\/wp\/v2\/pages\/824"}],"collection":[{"href":"https:\/\/anamandaracamranh.com\/vi\/wp-json\/wp\/v2\/pages"}],"about":[{"href":"https:\/\/anamandaracamranh.com\/vi\/wp-json\/wp\/v2\/types\/page"}],"author":[{"embeddable":true,"href":"https:\/\/anamandaracamranh.com\/vi\/wp-json\/wp\/v2\/users\/368"}],"replies":[{"embeddable":true,"href":"https:\/\/anamandaracamranh.com\/vi\/wp-json\/wp\/v2\/comments?post=824"}],"version-history":[{"count":0,"href":"https:\/\/anamandaracamranh.com\/vi\/wp-json\/wp\/v2\/pages\/824\/revisions"}],"wp:featuredmedia":[{"embeddable":true,"href":"https:\/\/anamandaracamranh.com\/vi\/wp-json\/wp\/v2\/media\/1439"}],"wp:attachment":[{"href":"https:\/\/anamandaracamranh.com\/vi\/wp-json\/wp\/v2\/media?parent=824"}],"wp:term":[{"taxonomy":"category","embeddable":true,"href":"https:\/\/anamandaracamranh.com\/vi\/wp-json\/wp\/v2\/categories?post=824"}],"curies":[{"name":"wp","href":"https:\/\/api.w.org\/{rel}","templated":true}]}}