{"id":820,"date":"2022-11-15T08:20:16","date_gmt":"2022-11-15T08:20:16","guid":{"rendered":"https:\/\/anamandaracamranh.com\/spa-wellness\/ana-mandara-spa\/"},"modified":"2023-10-26T09:06:47","modified_gmt":"2023-10-26T09:06:47","slug":"ana-mandara-spa","status":"publish","type":"page","link":"https:\/\/anamandaracamranh.com\/vi\/spa-wellness\/ana-mandara-spa\/","title":{"rendered":"Ana Mandara Spa"},"content":{"rendered":"<p>Ana Mandara Spa t\u1eadp trung v\u00e0o d\u1ecbch v\u1ee5 mang t\u00ednh c\u00e1 nh\u00e2n h\u00f3a, \u00e1p d\u1ee5ng k\u1ef9 thu\u1eadt v\u00e0 s\u1ea3n ph\u1ea9m ch\u0103m s\u00f3c s\u1ee9c kh\u1ecfe hi\u1ec7n \u0111\u1ea1i. Ch\u00fang t\u00f4i s\u1eed d\u1ee5ng m\u1ef9 ph\u1ea9m t\u1ef1 nhi\u00ean t\u1eeb c\u00e1c nguy\u00ean li\u1ec7u \u0111\u1ecba ph\u01b0\u01a1ng, c\u00f3 ngu\u1ed3n g\u1ed1c b\u1ec1n v\u1eefng, bao g\u1ed3m d\u1ea7u massage Om Fountain n\u1ed5i ti\u1ebfng. \u0110\u1ed9i ng\u0169 chuy\u00ean gia tr\u1ecb li\u1ec7u \u00e1p d\u1ee5ng c\u00e1c k\u1ef9 thu\u1eadt tinh t\u1ebf gi\u00fap b\u1ea1n kh\u1edfi \u0111\u1ed9ng l\u1ea1i, th\u01b0 gi\u00e3n v\u00e0 ngh\u1ec9 ng\u01a1i ho\u00e0n to\u00e0n sau nh\u1eefng c\u0103ng th\u1eb3ng trong cu\u1ed9c s\u1ed1ng th\u01b0\u1eddng nh\u1eadt.<\/p>\n<p>B\u1ea5t k\u1ec3 b\u1ea1n \u0111ang t\u00ecm ki\u1ebfm m\u1ed9t li\u1ec7u ph\u00e1p xoa b\u00f3p ch\u00e2n t\u1ee9c th\u1eddi, ch\u0103m s\u00f3c da m\u1eb7t to\u00e0n di\u1ec7n hay m\u1ed9t li\u1ec7u tr\u00ecnh m\u00e1t-xa chuy\u00ean s\u00e2u h\u01a1n gi\u00fap l\u00e0m d\u1ecbu c\u01a1n \u0111au nh\u1ee9c, ch\u00fang t\u00f4i lu\u00f4n s\u1eb5n s\u00e0ng tr\u1ee3 gi\u00fap b\u1ea1n tr\u00ean h\u00e0nh tr\u00ecnh t\u00ecm l\u1ea1i s\u1ee9c kh\u1ecfe.<\/p>\n","protected":false},"excerpt":{"rendered":"<p>Ana Mandara Spa t\u1eadp trung v\u00e0o d\u1ecbch v\u1ee5 mang t\u00ednh c\u00e1 nh\u00e2n h\u00f3a, \u00e1p d\u1ee5ng k\u1ef9 thu\u1eadt v\u00e0 s\u1ea3n ph\u1ea9m ch\u0103m s\u00f3c s\u1ee9c kh\u1ecfe hi\u1ec7n \u0111\u1ea1i. Ch\u00fang t\u00f4i s\u1eed d\u1ee5ng m\u1ef9 ph\u1ea9m t\u1ef1 nhi\u00ean t\u1eeb c\u00e1c nguy\u00ean li\u1ec7u \u0111\u1ecba ph\u01b0\u01a1ng, c\u00f3 ngu\u1ed3n g\u1ed1c b\u1ec1n v\u1eefng, bao g\u1ed3m d\u1ea7u massage Om Fountain n\u1ed5i ti\u1ebfng. \u0110\u1ed9i ng\u0169 [&hellip;]<\/p>\n","protected":false},"author":368,"featured_media":814,"parent":801,"menu_order":0,"comment_status":"closed","ping_status":"closed","template":"","meta":{"footnotes":""},"categories":[],"acf":[],"yoast_head":"<!-- This site is optimized with the Yoast SEO plugin v22.3 - https:\/\/yoast.com\/wordpress\/plugins\/seo\/ -->\n<title>Ana Mandara Spa | Ana Mandara Cam Ranh<\/title>\n<meta name=\"description\" content=\"Ana Mandara Spa t\u1eadp trung v\u00e0o d\u1ecbch v\u1ee5 c\u00e1 nh\u00e2n h\u00f3a, c\u00e1c s\u1ea3n ph\u1ea9m v\u00e0 k\u1ef9 thu\u1eadt ch\u0103m s\u00f3c s\u1ee9c kh\u1ecfe hi\u1ec7n \u0111\u1ea1i. \u0110\u1eb7t ch\u1ed7 v\u00e0 t\u1eadn h\u01b0\u1edfng ngay b\u00e2y gi\u1edd.\" \/>\n<meta name=\"robots\" content=\"index, follow, max-snippet:-1, max-image-preview:large, max-video-preview:-1\" \/>\n<link rel=\"canonical\" href=\"https:\/\/anamandaracamranh.com\/vi\/spa-wellness\/ana-mandara-spa\/\" \/>\n<meta property=\"og:locale\" content=\"vi_VN\" \/>\n<meta property=\"og:type\" content=\"article\" \/>\n<meta property=\"og:title\" content=\"Ana Mandara Spa | Ana Mandara Cam Ranh\" \/>\n<meta property=\"og:description\" content=\"Ana Mandara Spa t\u1eadp trung v\u00e0o d\u1ecbch v\u1ee5 c\u00e1 nh\u00e2n h\u00f3a, c\u00e1c s\u1ea3n ph\u1ea9m v\u00e0 k\u1ef9 thu\u1eadt ch\u0103m s\u00f3c s\u1ee9c kh\u1ecfe hi\u1ec7n \u0111\u1ea1i. \u0110\u1eb7t ch\u1ed7 v\u00e0 t\u1eadn h\u01b0\u1edfng ngay b\u00e2y gi\u1edd.\" \/>\n<meta property=\"og:url\" content=\"https:\/\/anamandaracamranh.com\/vi\/spa-wellness\/ana-mandara-spa\/\" \/>\n<meta property=\"og:site_name\" content=\"Ana Mandara Cam Ranh Hotel\" \/>\n<meta property=\"article:modified_time\" content=\"2023-10-26T09:06:47+00:00\" \/>\n<meta property=\"og:image\" content=\"https:\/\/anamandaracamranh.com\/wp-content\/uploads\/sites\/254\/2022\/11\/ANA-MANDARA-CAM-RANH-Ana-Mandara-Spa-1.jpg\" \/>\n\t<meta property=\"og:image:width\" content=\"2200\" \/>\n\t<meta property=\"og:image:height\" content=\"1466\" \/>\n\t<meta property=\"og:image:type\" content=\"image\/jpeg\" \/>\n<meta name=\"twitter:card\" content=\"summary_large_image\" \/>\n<meta name=\"twitter:label1\" content=\"Est. reading time\" \/>\n\t<meta name=\"twitter:data1\" content=\"1 minute\" \/>\n<script type=\"application\/ld+json\" class=\"yoast-schema-graph\">{\"@context\":\"https:\/\/schema.org\",\"@graph\":[{\"@type\":\"WebPage\",\"@id\":\"https:\/\/anamandaracamranh.com\/vi\/spa-wellness\/ana-mandara-spa\/\",\"url\":\"https:\/\/anamandaracamranh.com\/vi\/spa-wellness\/ana-mandara-spa\/\",\"name\":\"Ana Mandara Spa | Ana Mandara Cam Ranh\",\"isPartOf\":{\"@id\":\"https:\/\/anamandaracamranh.com\/vi\/#website\"},\"primaryImageOfPage\":{\"@id\":\"https:\/\/anamandaracamranh.com\/vi\/spa-wellness\/ana-mandara-spa\/#primaryimage\"},\"image\":{\"@id\":\"https:\/\/anamandaracamranh.com\/vi\/spa-wellness\/ana-mandara-spa\/#primaryimage\"},\"thumbnailUrl\":\"https:\/\/anamandaracamranh.com\/wp-content\/uploads\/sites\/254\/2022\/11\/ANA-MANDARA-CAM-RANH-Ana-Mandara-Spa-1.jpg\",\"datePublished\":\"2022-11-15T08:20:16+00:00\",\"dateModified\":\"2023-10-26T09:06:47+00:00\",\"description\":\"Ana Mandara Spa t\u1eadp trung v\u00e0o d\u1ecbch v\u1ee5 c\u00e1 nh\u00e2n h\u00f3a, c\u00e1c s\u1ea3n ph\u1ea9m v\u00e0 k\u1ef9 thu\u1eadt ch\u0103m s\u00f3c s\u1ee9c kh\u1ecfe hi\u1ec7n \u0111\u1ea1i. \u0110\u1eb7t ch\u1ed7 v\u00e0 t\u1eadn h\u01b0\u1edfng ngay b\u00e2y gi\u1edd.\",\"breadcrumb\":{\"@id\":\"https:\/\/anamandaracamranh.com\/vi\/spa-wellness\/ana-mandara-spa\/#breadcrumb\"},\"inLanguage\":\"vi-VN\",\"potentialAction\":[{\"@type\":\"ReadAction\",\"target\":[\"https:\/\/anamandaracamranh.com\/vi\/spa-wellness\/ana-mandara-spa\/\"]}]},{\"@type\":\"ImageObject\",\"inLanguage\":\"vi-VN\",\"@id\":\"https:\/\/anamandaracamranh.com\/vi\/spa-wellness\/ana-mandara-spa\/#primaryimage\",\"url\":\"https:\/\/anamandaracamranh.com\/wp-content\/uploads\/sites\/254\/2022\/11\/ANA-MANDARA-CAM-RANH-Ana-Mandara-Spa-1.jpg\",\"contentUrl\":\"https:\/\/anamandaracamranh.com\/wp-content\/uploads\/sites\/254\/2022\/11\/ANA-MANDARA-CAM-RANH-Ana-Mandara-Spa-1.jpg\",\"width\":2200,\"height\":1466},{\"@type\":\"BreadcrumbList\",\"@id\":\"https:\/\/anamandaracamranh.com\/vi\/spa-wellness\/ana-mandara-spa\/#breadcrumb\",\"itemListElement\":[{\"@type\":\"ListItem\",\"position\":1,\"name\":\"Home\",\"item\":\"https:\/\/anamandaracamranh.com\/vi\/\"},{\"@type\":\"ListItem\",\"position\":2,\"name\":\"Spa &amp; S\u1ee9c kh\u1ecfe\",\"item\":\"https:\/\/anamandaracamranh.com\/vi\/spa-wellness\/\"},{\"@type\":\"ListItem\",\"position\":3,\"name\":\"Ana Mandara Spa\"}]},{\"@type\":\"WebSite\",\"@id\":\"https:\/\/anamandaracamranh.com\/vi\/#website\",\"url\":\"https:\/\/anamandaracamranh.com\/vi\/\",\"name\":\"Ana Mandara Cam Ranh Hotel\",\"description\":\"\",\"potentialAction\":[{\"@type\":\"SearchAction\",\"target\":{\"@type\":\"EntryPoint\",\"urlTemplate\":\"https:\/\/anamandaracamranh.com\/vi\/?s={search_term_string}\"},\"query-input\":\"required name=search_term_string\"}],\"inLanguage\":\"vi-VN\"}]}<\/script>\n<!-- \/ Yoast SEO plugin. -->","yoast_head_json":{"title":"Ana Mandara Spa | Ana Mandara Cam Ranh","description":"Ana Mandara Spa t\u1eadp trung v\u00e0o d\u1ecbch v\u1ee5 c\u00e1 nh\u00e2n h\u00f3a, c\u00e1c s\u1ea3n ph\u1ea9m v\u00e0 k\u1ef9 thu\u1eadt ch\u0103m s\u00f3c s\u1ee9c kh\u1ecfe hi\u1ec7n \u0111\u1ea1i. \u0110\u1eb7t ch\u1ed7 v\u00e0 t\u1eadn h\u01b0\u1edfng ngay b\u00e2y gi\u1edd.","robots":{"index":"index","follow":"follow","max-snippet":"max-snippet:-1","max-image-preview":"max-image-preview:large","max-video-preview":"max-video-preview:-1"},"canonical":"https:\/\/anamandaracamranh.com\/vi\/spa-wellness\/ana-mandara-spa\/","og_locale":"vi_VN","og_type":"article","og_title":"Ana Mandara Spa | Ana Mandara Cam Ranh","og_description":"Ana Mandara Spa t\u1eadp trung v\u00e0o d\u1ecbch v\u1ee5 c\u00e1 nh\u00e2n h\u00f3a, c\u00e1c s\u1ea3n ph\u1ea9m v\u00e0 k\u1ef9 thu\u1eadt ch\u0103m s\u00f3c s\u1ee9c kh\u1ecfe hi\u1ec7n \u0111\u1ea1i. \u0110\u1eb7t ch\u1ed7 v\u00e0 t\u1eadn h\u01b0\u1edfng ngay b\u00e2y gi\u1edd.","og_url":"https:\/\/anamandaracamranh.com\/vi\/spa-wellness\/ana-mandara-spa\/","og_site_name":"Ana Mandara Cam Ranh Hotel","article_modified_time":"2023-10-26T09:06:47+00:00","og_image":[{"width":2200,"height":1466,"url":"https:\/\/anamandaracamranh.com\/wp-content\/uploads\/sites\/254\/2022\/11\/ANA-MANDARA-CAM-RANH-Ana-Mandara-Spa-1.jpg","type":"image\/jpeg"}],"twitter_card":"summary_large_image","twitter_misc":{"Est. reading time":"1 minute"},"schema":{"@context":"https:\/\/schema.org","@graph":[{"@type":"WebPage","@id":"https:\/\/anamandaracamranh.com\/vi\/spa-wellness\/ana-mandara-spa\/","url":"https:\/\/anamandaracamranh.com\/vi\/spa-wellness\/ana-mandara-spa\/","name":"Ana Mandara Spa | Ana Mandara Cam Ranh","isPartOf":{"@id":"https:\/\/anamandaracamranh.com\/vi\/#website"},"primaryImageOfPage":{"@id":"https:\/\/anamandaracamranh.com\/vi\/spa-wellness\/ana-mandara-spa\/#primaryimage"},"image":{"@id":"https:\/\/anamandaracamranh.com\/vi\/spa-wellness\/ana-mandara-spa\/#primaryimage"},"thumbnailUrl":"https:\/\/anamandaracamranh.com\/wp-content\/uploads\/sites\/254\/2022\/11\/ANA-MANDARA-CAM-RANH-Ana-Mandara-Spa-1.jpg","datePublished":"2022-11-15T08:20:16+00:00","dateModified":"2023-10-26T09:06:47+00:00","description":"Ana Mandara Spa t\u1eadp trung v\u00e0o d\u1ecbch v\u1ee5 c\u00e1 nh\u00e2n h\u00f3a, c\u00e1c s\u1ea3n ph\u1ea9m v\u00e0 k\u1ef9 thu\u1eadt ch\u0103m s\u00f3c s\u1ee9c kh\u1ecfe hi\u1ec7n \u0111\u1ea1i. \u0110\u1eb7t ch\u1ed7 v\u00e0 t\u1eadn h\u01b0\u1edfng ngay b\u00e2y gi\u1edd.","breadcrumb":{"@id":"https:\/\/anamandaracamranh.com\/vi\/spa-wellness\/ana-mandara-spa\/#breadcrumb"},"inLanguage":"vi-VN","potentialAction":[{"@type":"ReadAction","target":["https:\/\/anamandaracamranh.com\/vi\/spa-wellness\/ana-mandara-spa\/"]}]},{"@type":"ImageObject","inLanguage":"vi-VN","@id":"https:\/\/anamandaracamranh.com\/vi\/spa-wellness\/ana-mandara-spa\/#primaryimage","url":"https:\/\/anamandaracamranh.com\/wp-content\/uploads\/sites\/254\/2022\/11\/ANA-MANDARA-CAM-RANH-Ana-Mandara-Spa-1.jpg","contentUrl":"https:\/\/anamandaracamranh.com\/wp-content\/uploads\/sites\/254\/2022\/11\/ANA-MANDARA-CAM-RANH-Ana-Mandara-Spa-1.jpg","width":2200,"height":1466},{"@type":"BreadcrumbList","@id":"https:\/\/anamandaracamranh.com\/vi\/spa-wellness\/ana-mandara-spa\/#breadcrumb","itemListElement":[{"@type":"ListItem","position":1,"name":"Home","item":"https:\/\/anamandaracamranh.com\/vi\/"},{"@type":"ListItem","position":2,"name":"Spa &amp; S\u1ee9c kh\u1ecfe","item":"https:\/\/anamandaracamranh.com\/vi\/spa-wellness\/"},{"@type":"ListItem","position":3,"name":"Ana Mandara Spa"}]},{"@type":"WebSite","@id":"https:\/\/anamandaracamranh.com\/vi\/#website","url":"https:\/\/anamandaracamranh.com\/vi\/","name":"Ana Mandara Cam Ranh Hotel","description":"","potentialAction":[{"@type":"SearchAction","target":{"@type":"EntryPoint","urlTemplate":"https:\/\/anamandaracamranh.com\/vi\/?s={search_term_string}"},"query-input":"required name=search_term_string"}],"inLanguage":"vi-VN"}]}},"_links":{"self":[{"href":"https:\/\/anamandaracamranh.com\/vi\/wp-json\/wp\/v2\/pages\/820"}],"collection":[{"href":"https:\/\/anamandaracamranh.com\/vi\/wp-json\/wp\/v2\/pages"}],"about":[{"href":"https:\/\/anamandaracamranh.com\/vi\/wp-json\/wp\/v2\/types\/page"}],"author":[{"embeddable":true,"href":"https:\/\/anamandaracamranh.com\/vi\/wp-json\/wp\/v2\/users\/368"}],"replies":[{"embeddable":true,"href":"https:\/\/anamandaracamranh.com\/vi\/wp-json\/wp\/v2\/comments?post=820"}],"version-history":[{"count":0,"href":"https:\/\/anamandaracamranh.com\/vi\/wp-json\/wp\/v2\/pages\/820\/revisions"}],"up":[{"embeddable":true,"href":"https:\/\/anamandaracamranh.com\/vi\/wp-json\/wp\/v2\/pages\/801"}],"wp:featuredmedia":[{"embeddable":true,"href":"https:\/\/anamandaracamranh.com\/vi\/wp-json\/wp\/v2\/media\/814"}],"wp:attachment":[{"href":"https:\/\/anamandaracamranh.com\/vi\/wp-json\/wp\/v2\/media?parent=820"}],"wp:term":[{"taxonomy":"category","embeddable":true,"href":"https:\/\/anamandaracamranh.com\/vi\/wp-json\/wp\/v2\/categories?post=820"}],"curies":[{"name":"wp","href":"https:\/\/api.w.org\/{rel}","templated":true}]}}