{"id":802,"date":"2022-09-09T03:58:39","date_gmt":"2022-09-09T03:58:39","guid":{"rendered":"https:\/\/anamandaracamranh.com\/spa-wellness\/main-pool\/"},"modified":"2023-10-26T09:15:45","modified_gmt":"2023-10-26T09:15:45","slug":"main-pool","status":"publish","type":"page","link":"https:\/\/anamandaracamranh.com\/vi\/spa-wellness\/main-pool\/","title":{"rendered":"H\u1ed3 b\u01a1i"},"content":{"rendered":"<p>L\u1ea5y c\u1ea3m h\u1ee9ng t\u1eeb ch\u00ednh v\u1ebb \u0111\u1eb9p c\u1ee7a nh\u1eefng \u0111\u1ea7m ph\u00e1 t\u1ef1 nhi\u00ean m\u00e0u xanh lam n\u1ed5i b\u1eadt gi\u1eefa c\u1ed3n c\u00e1t tr\u1eafng, h\u1ed3 b\u01a1i ch\u00ednh c\u1ee7a Ana Mandara Cam Ranh \u0111\u01b0\u1ee3c ph\u00e2n chia th\u00e0nh hai khu v\u1ef1c ri\u00eang bi\u1ec7t d\u00e0nh cho ng\u01b0\u1eddi l\u1edbn v\u00e0 tr\u1ebb em, \u0111\u1ea3m b\u1ea3o c\u1ea3 v\u1ec1 t\u00ednh an to\u00e0n v\u00e0 th\u1ea9m m\u1ef9.<\/p>\n<p>C\u1ea5u tr\u00fac m\u00e1i che h\u00ecnh n\u00f3n l\u00e1 \u0111\u1ed9c \u0111\u00e1o, \u1ea5n t\u01b0\u1ee3ng g\u1ee3i n\u00ean n\u00e9t v\u0103n h\u00f3a m\u1ed9c m\u1ea1c, t\u1ea1o nhi\u1ec1u b\u00f3ng m\u00e1t cho qu\u1ea7y bar li\u1ec1n k\u1ec1 h\u1ed3 b\u01a1i. \u0110\u1eafm m\u00ecnh th\u1eadt s\u00e2u v\u00e0 c\u1ea3m nh\u1eadn l\u00e0n gi\u00f3 \u00eam d\u1ecbu th\u1ed5i t\u1eeb \u0111\u1ea1i d\u01b0\u01a1ng trong khi nh\u00e2m nhi ly cocktail m\u00e1t l\u1ea1nh, m\u1eddi b\u1ea1n t\u1eadn h\u01b0\u1edfng v\u1ebb \u0111\u1eb9p b\u00ecnh d\u1ecb c\u1ee7a B\u00e3i D\u00e0i v\u00e0 \u0111\u1eebng qu\u00ean ghi l\u1ea1i k\u1ef7 ni\u1ec7m kh\u00f3 qu\u00ean v\u00e0 \u0111\u0103ng t\u1ea3i h\u00ecnh \u1ea3nh c\u1ef1c &#8220;hot&#8221; tr\u00ean Instagram c\u1ee7a m\u00ecnh.<\/p>\n","protected":false},"excerpt":{"rendered":"<p>L\u1ea5y c\u1ea3m h\u1ee9ng t\u1eeb ch\u00ednh v\u1ebb \u0111\u1eb9p c\u1ee7a nh\u1eefng \u0111\u1ea7m ph\u00e1 t\u1ef1 nhi\u00ean m\u00e0u xanh lam n\u1ed5i b\u1eadt gi\u1eefa c\u1ed3n c\u00e1t tr\u1eafng, h\u1ed3 b\u01a1i ch\u00ednh c\u1ee7a Ana Mandara Cam Ranh \u0111\u01b0\u1ee3c ph\u00e2n chia th\u00e0nh hai khu v\u1ef1c ri\u00eang bi\u1ec7t d\u00e0nh cho ng\u01b0\u1eddi l\u1edbn v\u00e0 tr\u1ebb em, \u0111\u1ea3m b\u1ea3o c\u1ea3 v\u1ec1 t\u00ednh an to\u00e0n v\u00e0 th\u1ea9m [&hellip;]<\/p>\n","protected":false},"author":368,"featured_media":1454,"parent":801,"menu_order":1,"comment_status":"closed","ping_status":"closed","template":"","meta":{"footnotes":""},"categories":[],"acf":[],"yoast_head":"<!-- This site is optimized with the Yoast SEO plugin v22.3 - https:\/\/yoast.com\/wordpress\/plugins\/seo\/ -->\n<title>H\u1ed3 B\u01a1i | Ana Mandara Cam Ranh<\/title>\n<meta name=\"description\" content=\"H\u1ed3 b\u01a1i \u0111\u1ed9c \u0111\u00e1o v\u1edbi thi\u1ebft k\u1ebf k\u1ebft c\u1ea5u h\u00ecnh n\u00f3n l\u00e1 ho\u00e0nh tr\u00e1ng g\u1ee3i n\u00ean n\u00e9t v\u0103n h\u00f3a m\u1ed9c m\u1ea1c, \u0111\u1ed3ng th\u1eddi t\u1ea1o nhi\u1ec1u b\u00f3ng m\u00e1t cho qu\u1ea7y bar k\u1ec1 b\u00ean h\u1ed3.\" \/>\n<meta name=\"robots\" content=\"index, follow, max-snippet:-1, max-image-preview:large, max-video-preview:-1\" \/>\n<link rel=\"canonical\" href=\"https:\/\/anamandaracamranh.com\/vi\/spa-wellness\/main-pool\/\" \/>\n<meta property=\"og:locale\" content=\"vi_VN\" \/>\n<meta property=\"og:type\" content=\"article\" \/>\n<meta property=\"og:title\" content=\"H\u1ed3 B\u01a1i | Ana Mandara Cam Ranh\" \/>\n<meta property=\"og:description\" content=\"H\u1ed3 b\u01a1i \u0111\u1ed9c \u0111\u00e1o v\u1edbi thi\u1ebft k\u1ebf k\u1ebft c\u1ea5u h\u00ecnh n\u00f3n l\u00e1 ho\u00e0nh tr\u00e1ng g\u1ee3i n\u00ean n\u00e9t v\u0103n h\u00f3a m\u1ed9c m\u1ea1c, \u0111\u1ed3ng th\u1eddi t\u1ea1o nhi\u1ec1u b\u00f3ng m\u00e1t cho qu\u1ea7y bar k\u1ec1 b\u00ean h\u1ed3.\" \/>\n<meta property=\"og:url\" content=\"https:\/\/anamandaracamranh.com\/vi\/spa-wellness\/main-pool\/\" \/>\n<meta property=\"og:site_name\" content=\"Ana Mandara Cam Ranh Hotel\" \/>\n<meta property=\"article:modified_time\" content=\"2023-10-26T09:15:45+00:00\" \/>\n<meta property=\"og:image\" content=\"https:\/\/anamandaracamranh.com\/wp-content\/uploads\/sites\/254\/2023\/06\/ACR_Landscapes-9.jpeg\" \/>\n\t<meta property=\"og:image:width\" content=\"2200\" \/>\n\t<meta property=\"og:image:height\" content=\"1466\" \/>\n\t<meta property=\"og:image:type\" content=\"image\/jpeg\" \/>\n<meta name=\"twitter:card\" content=\"summary_large_image\" \/>\n<meta name=\"twitter:label1\" content=\"Est. reading time\" \/>\n\t<meta name=\"twitter:data1\" content=\"1 minute\" \/>\n<script type=\"application\/ld+json\" class=\"yoast-schema-graph\">{\"@context\":\"https:\/\/schema.org\",\"@graph\":[{\"@type\":\"WebPage\",\"@id\":\"https:\/\/anamandaracamranh.com\/vi\/spa-wellness\/main-pool\/\",\"url\":\"https:\/\/anamandaracamranh.com\/vi\/spa-wellness\/main-pool\/\",\"name\":\"H\u1ed3 B\u01a1i | Ana Mandara Cam Ranh\",\"isPartOf\":{\"@id\":\"https:\/\/anamandaracamranh.com\/vi\/#website\"},\"primaryImageOfPage\":{\"@id\":\"https:\/\/anamandaracamranh.com\/vi\/spa-wellness\/main-pool\/#primaryimage\"},\"image\":{\"@id\":\"https:\/\/anamandaracamranh.com\/vi\/spa-wellness\/main-pool\/#primaryimage\"},\"thumbnailUrl\":\"https:\/\/anamandaracamranh.com\/wp-content\/uploads\/sites\/254\/2023\/06\/ACR_Landscapes-9.jpeg\",\"datePublished\":\"2022-09-09T03:58:39+00:00\",\"dateModified\":\"2023-10-26T09:15:45+00:00\",\"description\":\"H\u1ed3 b\u01a1i \u0111\u1ed9c \u0111\u00e1o v\u1edbi thi\u1ebft k\u1ebf k\u1ebft c\u1ea5u h\u00ecnh n\u00f3n l\u00e1 ho\u00e0nh tr\u00e1ng g\u1ee3i n\u00ean n\u00e9t v\u0103n h\u00f3a m\u1ed9c m\u1ea1c, \u0111\u1ed3ng th\u1eddi t\u1ea1o nhi\u1ec1u b\u00f3ng m\u00e1t cho qu\u1ea7y bar k\u1ec1 b\u00ean h\u1ed3.\",\"breadcrumb\":{\"@id\":\"https:\/\/anamandaracamranh.com\/vi\/spa-wellness\/main-pool\/#breadcrumb\"},\"inLanguage\":\"vi-VN\",\"potentialAction\":[{\"@type\":\"ReadAction\",\"target\":[\"https:\/\/anamandaracamranh.com\/vi\/spa-wellness\/main-pool\/\"]}]},{\"@type\":\"ImageObject\",\"inLanguage\":\"vi-VN\",\"@id\":\"https:\/\/anamandaracamranh.com\/vi\/spa-wellness\/main-pool\/#primaryimage\",\"url\":\"https:\/\/anamandaracamranh.com\/wp-content\/uploads\/sites\/254\/2023\/06\/ACR_Landscapes-9.jpeg\",\"contentUrl\":\"https:\/\/anamandaracamranh.com\/wp-content\/uploads\/sites\/254\/2023\/06\/ACR_Landscapes-9.jpeg\",\"width\":2200,\"height\":1466},{\"@type\":\"BreadcrumbList\",\"@id\":\"https:\/\/anamandaracamranh.com\/vi\/spa-wellness\/main-pool\/#breadcrumb\",\"itemListElement\":[{\"@type\":\"ListItem\",\"position\":1,\"name\":\"Home\",\"item\":\"https:\/\/anamandaracamranh.com\/vi\/\"},{\"@type\":\"ListItem\",\"position\":2,\"name\":\"Spa &amp; S\u1ee9c kh\u1ecfe\",\"item\":\"https:\/\/anamandaracamranh.com\/vi\/spa-wellness\/\"},{\"@type\":\"ListItem\",\"position\":3,\"name\":\"H\u1ed3 b\u01a1i\"}]},{\"@type\":\"WebSite\",\"@id\":\"https:\/\/anamandaracamranh.com\/vi\/#website\",\"url\":\"https:\/\/anamandaracamranh.com\/vi\/\",\"name\":\"Ana Mandara Cam Ranh Hotel\",\"description\":\"\",\"potentialAction\":[{\"@type\":\"SearchAction\",\"target\":{\"@type\":\"EntryPoint\",\"urlTemplate\":\"https:\/\/anamandaracamranh.com\/vi\/?s={search_term_string}\"},\"query-input\":\"required name=search_term_string\"}],\"inLanguage\":\"vi-VN\"}]}<\/script>\n<!-- \/ Yoast SEO plugin. -->","yoast_head_json":{"title":"H\u1ed3 B\u01a1i | Ana Mandara Cam Ranh","description":"H\u1ed3 b\u01a1i \u0111\u1ed9c \u0111\u00e1o v\u1edbi thi\u1ebft k\u1ebf k\u1ebft c\u1ea5u h\u00ecnh n\u00f3n l\u00e1 ho\u00e0nh tr\u00e1ng g\u1ee3i n\u00ean n\u00e9t v\u0103n h\u00f3a m\u1ed9c m\u1ea1c, \u0111\u1ed3ng th\u1eddi t\u1ea1o nhi\u1ec1u b\u00f3ng m\u00e1t cho qu\u1ea7y bar k\u1ec1 b\u00ean h\u1ed3.","robots":{"index":"index","follow":"follow","max-snippet":"max-snippet:-1","max-image-preview":"max-image-preview:large","max-video-preview":"max-video-preview:-1"},"canonical":"https:\/\/anamandaracamranh.com\/vi\/spa-wellness\/main-pool\/","og_locale":"vi_VN","og_type":"article","og_title":"H\u1ed3 B\u01a1i | Ana Mandara Cam Ranh","og_description":"H\u1ed3 b\u01a1i \u0111\u1ed9c \u0111\u00e1o v\u1edbi thi\u1ebft k\u1ebf k\u1ebft c\u1ea5u h\u00ecnh n\u00f3n l\u00e1 ho\u00e0nh tr\u00e1ng g\u1ee3i n\u00ean n\u00e9t v\u0103n h\u00f3a m\u1ed9c m\u1ea1c, \u0111\u1ed3ng th\u1eddi t\u1ea1o nhi\u1ec1u b\u00f3ng m\u00e1t cho qu\u1ea7y bar k\u1ec1 b\u00ean h\u1ed3.","og_url":"https:\/\/anamandaracamranh.com\/vi\/spa-wellness\/main-pool\/","og_site_name":"Ana Mandara Cam Ranh Hotel","article_modified_time":"2023-10-26T09:15:45+00:00","og_image":[{"width":2200,"height":1466,"url":"https:\/\/anamandaracamranh.com\/wp-content\/uploads\/sites\/254\/2023\/06\/ACR_Landscapes-9.jpeg","type":"image\/jpeg"}],"twitter_card":"summary_large_image","twitter_misc":{"Est. reading time":"1 minute"},"schema":{"@context":"https:\/\/schema.org","@graph":[{"@type":"WebPage","@id":"https:\/\/anamandaracamranh.com\/vi\/spa-wellness\/main-pool\/","url":"https:\/\/anamandaracamranh.com\/vi\/spa-wellness\/main-pool\/","name":"H\u1ed3 B\u01a1i | Ana Mandara Cam Ranh","isPartOf":{"@id":"https:\/\/anamandaracamranh.com\/vi\/#website"},"primaryImageOfPage":{"@id":"https:\/\/anamandaracamranh.com\/vi\/spa-wellness\/main-pool\/#primaryimage"},"image":{"@id":"https:\/\/anamandaracamranh.com\/vi\/spa-wellness\/main-pool\/#primaryimage"},"thumbnailUrl":"https:\/\/anamandaracamranh.com\/wp-content\/uploads\/sites\/254\/2023\/06\/ACR_Landscapes-9.jpeg","datePublished":"2022-09-09T03:58:39+00:00","dateModified":"2023-10-26T09:15:45+00:00","description":"H\u1ed3 b\u01a1i \u0111\u1ed9c \u0111\u00e1o v\u1edbi thi\u1ebft k\u1ebf k\u1ebft c\u1ea5u h\u00ecnh n\u00f3n l\u00e1 ho\u00e0nh tr\u00e1ng g\u1ee3i n\u00ean n\u00e9t v\u0103n h\u00f3a m\u1ed9c m\u1ea1c, \u0111\u1ed3ng th\u1eddi t\u1ea1o nhi\u1ec1u b\u00f3ng m\u00e1t cho qu\u1ea7y bar k\u1ec1 b\u00ean h\u1ed3.","breadcrumb":{"@id":"https:\/\/anamandaracamranh.com\/vi\/spa-wellness\/main-pool\/#breadcrumb"},"inLanguage":"vi-VN","potentialAction":[{"@type":"ReadAction","target":["https:\/\/anamandaracamranh.com\/vi\/spa-wellness\/main-pool\/"]}]},{"@type":"ImageObject","inLanguage":"vi-VN","@id":"https:\/\/anamandaracamranh.com\/vi\/spa-wellness\/main-pool\/#primaryimage","url":"https:\/\/anamandaracamranh.com\/wp-content\/uploads\/sites\/254\/2023\/06\/ACR_Landscapes-9.jpeg","contentUrl":"https:\/\/anamandaracamranh.com\/wp-content\/uploads\/sites\/254\/2023\/06\/ACR_Landscapes-9.jpeg","width":2200,"height":1466},{"@type":"BreadcrumbList","@id":"https:\/\/anamandaracamranh.com\/vi\/spa-wellness\/main-pool\/#breadcrumb","itemListElement":[{"@type":"ListItem","position":1,"name":"Home","item":"https:\/\/anamandaracamranh.com\/vi\/"},{"@type":"ListItem","position":2,"name":"Spa &amp; S\u1ee9c kh\u1ecfe","item":"https:\/\/anamandaracamranh.com\/vi\/spa-wellness\/"},{"@type":"ListItem","position":3,"name":"H\u1ed3 b\u01a1i"}]},{"@type":"WebSite","@id":"https:\/\/anamandaracamranh.com\/vi\/#website","url":"https:\/\/anamandaracamranh.com\/vi\/","name":"Ana Mandara Cam Ranh Hotel","description":"","potentialAction":[{"@type":"SearchAction","target":{"@type":"EntryPoint","urlTemplate":"https:\/\/anamandaracamranh.com\/vi\/?s={search_term_string}"},"query-input":"required name=search_term_string"}],"inLanguage":"vi-VN"}]}},"_links":{"self":[{"href":"https:\/\/anamandaracamranh.com\/vi\/wp-json\/wp\/v2\/pages\/802"}],"collection":[{"href":"https:\/\/anamandaracamranh.com\/vi\/wp-json\/wp\/v2\/pages"}],"about":[{"href":"https:\/\/anamandaracamranh.com\/vi\/wp-json\/wp\/v2\/types\/page"}],"author":[{"embeddable":true,"href":"https:\/\/anamandaracamranh.com\/vi\/wp-json\/wp\/v2\/users\/368"}],"replies":[{"embeddable":true,"href":"https:\/\/anamandaracamranh.com\/vi\/wp-json\/wp\/v2\/comments?post=802"}],"version-history":[{"count":0,"href":"https:\/\/anamandaracamranh.com\/vi\/wp-json\/wp\/v2\/pages\/802\/revisions"}],"up":[{"embeddable":true,"href":"https:\/\/anamandaracamranh.com\/vi\/wp-json\/wp\/v2\/pages\/801"}],"wp:featuredmedia":[{"embeddable":true,"href":"https:\/\/anamandaracamranh.com\/vi\/wp-json\/wp\/v2\/media\/1454"}],"wp:attachment":[{"href":"https:\/\/anamandaracamranh.com\/vi\/wp-json\/wp\/v2\/media?parent=802"}],"wp:term":[{"taxonomy":"category","embeddable":true,"href":"https:\/\/anamandaracamranh.com\/vi\/wp-json\/wp\/v2\/categories?post=802"}],"curies":[{"name":"wp","href":"https:\/\/api.w.org\/{rel}","templated":true}]}}