{"id":801,"date":"2022-09-09T03:54:07","date_gmt":"2022-09-09T03:54:07","guid":{"rendered":"https:\/\/anamandaracamranh.com\/spa-wellness\/"},"modified":"2026-01-24T01:11:35","modified_gmt":"2026-01-24T01:11:35","slug":"spa-wellness","status":"publish","type":"page","link":"https:\/\/anamandaracamranh.com\/vi\/spa-wellness\/","title":{"rendered":"Spa &amp; S\u1ee9c kh\u1ecfe"},"content":{"rendered":"<p>Thi tho\u1ea3ng, h\u00e3y cho ph\u00e9p m\u00ecnh ng\u1eaft k\u1ebft n\u1ed1i v\u1edbi nh\u1ecbp s\u1ed1ng h\u1ed1i h\u1ea3 v\u00e0 nh\u1ed9n nh\u1ecbp th\u01b0\u1eddng nh\u1eadt c\u00f9ng Ana Mandara Spa. M\u1ed9t \u0111i\u1ec3m h\u1eb9n t\u1ecbnh d\u01b0\u1ee1ng an t\u0129nh ho\u00e0n to\u00e0n d\u00e0nh cho nh\u1eefng ai \u0111ang t\u00ecm ki\u1ebfm s\u1ef1 ngh\u1ec9 ng\u01a1i \u0111\u00e1nh th\u1ee9c s\u1ef1 tr\u1ebb h\u00f3a. M\u1eddi b\u1ea1n \u0111\u1ebfn v\u1edbi h\u00e0nh tr\u00ecnh ch\u0103m s\u00f3c s\u1ee9c kh\u1ecfe \u0111\u1ec3 \u0111\u00f3n nh\u1eadn s\u1ef1 ch\u1eefa l\u00e0nh to\u00e0n di\u1ec7n t\u1eeb t\u00e2m tr\u00ed, c\u01a1 th\u1ec3 v\u00e0 linh h\u1ed3n.<\/p>\n<p>Ana Mandara Spa t\u1ea1i Cam Ranh t\u00edch h\u1ee3p c\u00e1c ph\u01b0\u01a1ng ph\u00e1p \u0111i\u1ec1u tr\u1ecb v\u00e0 k\u1ef9 thu\u1eadt massage ch\u1eefa l\u00e0nh hi\u1ec7n \u0111\u1ea1i t\u1eeb \u1ea4n \u0110\u1ed9, Th\u00e1i Lan v\u00e0 ki\u1ec3u truy\u1ec1n th\u1ed1ng Vi\u1ec7t Nam, gi\u00fap du kh\u00e1ch g\u1ed9t r\u1eeda ho\u00e0n to\u00e0n s\u1ef1 m\u1ec7t m\u1ecfi c\u0103ng th\u1eb3ng. K\u1ebft h\u1ee3p v\u1edbi c\u00e1c s\u1ea3n ph\u1ea9m spa n\u1ed5i ti\u1ebfng th\u1ebf gi\u1edbi l\u00e0m t\u1eeb th\u00e0nh ph\u1ea7n t\u1ef1 nhi\u00ean, c\u00e1c chuy\u00ean gia tr\u1ecb li\u1ec7u tr\u00ecnh \u0111\u1ed9 cao v\u00e0 t\u1eadn t\u00e2m c\u1ee7a ch\u00fang t\u00f4i s\u1ebd gi\u00fap b\u1ea1n n\u00e2ng c\u1ea5p l\u00e0n da, th\u01b0 gi\u00e3n c\u01a1 b\u1eafp v\u00e0 kh\u00f4i ph\u1ee5c s\u1ef1 c\u00e2n b\u1eb1ng cho c\u01a1 th\u1ec3.<\/p>\n","protected":false},"excerpt":{"rendered":"<p>Thi tho\u1ea3ng, h\u00e3y cho ph\u00e9p m\u00ecnh ng\u1eaft k\u1ebft n\u1ed1i v\u1edbi nh\u1ecbp s\u1ed1ng h\u1ed1i h\u1ea3 v\u00e0 nh\u1ed9n nh\u1ecbp th\u01b0\u1eddng nh\u1eadt c\u00f9ng Ana Mandara Spa. M\u1ed9t \u0111i\u1ec3m h\u1eb9n t\u1ecbnh d\u01b0\u1ee1ng an t\u0129nh ho\u00e0n to\u00e0n d\u00e0nh cho nh\u1eefng ai \u0111ang t\u00ecm ki\u1ebfm s\u1ef1 ngh\u1ec9 ng\u01a1i \u0111\u00e1nh th\u1ee9c s\u1ef1 tr\u1ebb h\u00f3a. M\u1eddi b\u1ea1n \u0111\u1ebfn v\u1edbi h\u00e0nh tr\u00ecnh ch\u0103m s\u00f3c [&hellip;]<\/p>\n","protected":false},"author":368,"featured_media":888,"parent":0,"menu_order":0,"comment_status":"closed","ping_status":"closed","template":"template-spa.php","meta":{"footnotes":""},"categories":[],"acf":[],"yoast_head":"<!-- This site is optimized with the Yoast SEO plugin v22.3 - https:\/\/yoast.com\/wordpress\/plugins\/seo\/ -->\n<title>D\u1ecbch v\u1ee5 Spa v\u00e0 ch\u0103m s\u00f3c c\u01a1 th\u1ec3 | Ana Mandara Cam Ranh<\/title>\n<meta name=\"description\" content=\"T\u1ecbnh d\u01b0\u1ee1ng v\u00e0 l\u1eafng \u0111\u1ecdng c\u1ea3m gi\u00e1c an y\u00ean c\u00f9ng Ana Mandara Spa &amp; Wellness. \u0110\u1eb7t tr\u1ea3i nghi\u1ec7m v\u1edbi Ana Mandara Cam Ranh ngay h\u00f4m nay.\" \/>\n<meta name=\"robots\" content=\"index, follow, max-snippet:-1, max-image-preview:large, max-video-preview:-1\" \/>\n<link rel=\"canonical\" href=\"https:\/\/anamandaracamranh.com\/vi\/spa-wellness\/\" \/>\n<meta property=\"og:locale\" content=\"vi_VN\" \/>\n<meta property=\"og:type\" content=\"article\" \/>\n<meta property=\"og:title\" content=\"D\u1ecbch v\u1ee5 Spa v\u00e0 ch\u0103m s\u00f3c c\u01a1 th\u1ec3 | Ana Mandara Cam Ranh\" \/>\n<meta property=\"og:description\" content=\"T\u1ecbnh d\u01b0\u1ee1ng v\u00e0 l\u1eafng \u0111\u1ecdng c\u1ea3m gi\u00e1c an y\u00ean c\u00f9ng Ana Mandara Spa &amp; Wellness. \u0110\u1eb7t tr\u1ea3i nghi\u1ec7m v\u1edbi Ana Mandara Cam Ranh ngay h\u00f4m nay.\" \/>\n<meta property=\"og:url\" content=\"https:\/\/anamandaracamranh.com\/vi\/spa-wellness\/\" \/>\n<meta property=\"og:site_name\" content=\"Ana Mandara Cam Ranh Hotel\" \/>\n<meta property=\"article:modified_time\" content=\"2026-01-24T01:11:35+00:00\" \/>\n<meta property=\"og:image\" content=\"https:\/\/anamandaracamranh.com\/wp-content\/uploads\/sites\/254\/2022\/11\/ANA-MANDARA-CAM-RANH-Spa-Service3.jpg\" \/>\n\t<meta property=\"og:image:width\" content=\"2200\" \/>\n\t<meta property=\"og:image:height\" content=\"1650\" \/>\n\t<meta property=\"og:image:type\" content=\"image\/jpeg\" \/>\n<meta name=\"twitter:card\" content=\"summary_large_image\" \/>\n<meta name=\"twitter:label1\" content=\"Est. reading time\" \/>\n\t<meta name=\"twitter:data1\" content=\"1 minute\" \/>\n<script type=\"application\/ld+json\" class=\"yoast-schema-graph\">{\"@context\":\"https:\/\/schema.org\",\"@graph\":[{\"@type\":\"WebPage\",\"@id\":\"https:\/\/anamandaracamranh.com\/vi\/spa-wellness\/\",\"url\":\"https:\/\/anamandaracamranh.com\/vi\/spa-wellness\/\",\"name\":\"D\u1ecbch v\u1ee5 Spa v\u00e0 ch\u0103m s\u00f3c c\u01a1 th\u1ec3 | Ana Mandara Cam Ranh\",\"isPartOf\":{\"@id\":\"https:\/\/anamandaracamranh.com\/vi\/#website\"},\"primaryImageOfPage\":{\"@id\":\"https:\/\/anamandaracamranh.com\/vi\/spa-wellness\/#primaryimage\"},\"image\":{\"@id\":\"https:\/\/anamandaracamranh.com\/vi\/spa-wellness\/#primaryimage\"},\"thumbnailUrl\":\"https:\/\/anamandaracamranh.com\/wp-content\/uploads\/sites\/254\/2022\/11\/ANA-MANDARA-CAM-RANH-Spa-Service3.jpg\",\"datePublished\":\"2022-09-09T03:54:07+00:00\",\"dateModified\":\"2026-01-24T01:11:35+00:00\",\"description\":\"T\u1ecbnh d\u01b0\u1ee1ng v\u00e0 l\u1eafng \u0111\u1ecdng c\u1ea3m gi\u00e1c an y\u00ean c\u00f9ng Ana Mandara Spa & Wellness. \u0110\u1eb7t tr\u1ea3i nghi\u1ec7m v\u1edbi Ana Mandara Cam Ranh ngay h\u00f4m nay.\",\"breadcrumb\":{\"@id\":\"https:\/\/anamandaracamranh.com\/vi\/spa-wellness\/#breadcrumb\"},\"inLanguage\":\"vi-VN\",\"potentialAction\":[{\"@type\":\"ReadAction\",\"target\":[\"https:\/\/anamandaracamranh.com\/vi\/spa-wellness\/\"]}]},{\"@type\":\"ImageObject\",\"inLanguage\":\"vi-VN\",\"@id\":\"https:\/\/anamandaracamranh.com\/vi\/spa-wellness\/#primaryimage\",\"url\":\"https:\/\/anamandaracamranh.com\/wp-content\/uploads\/sites\/254\/2022\/11\/ANA-MANDARA-CAM-RANH-Spa-Service3.jpg\",\"contentUrl\":\"https:\/\/anamandaracamranh.com\/wp-content\/uploads\/sites\/254\/2022\/11\/ANA-MANDARA-CAM-RANH-Spa-Service3.jpg\",\"width\":2200,\"height\":1650},{\"@type\":\"BreadcrumbList\",\"@id\":\"https:\/\/anamandaracamranh.com\/vi\/spa-wellness\/#breadcrumb\",\"itemListElement\":[{\"@type\":\"ListItem\",\"position\":1,\"name\":\"Home\",\"item\":\"https:\/\/anamandaracamranh.com\/vi\/\"},{\"@type\":\"ListItem\",\"position\":2,\"name\":\"Spa &amp; S\u1ee9c kh\u1ecfe\"}]},{\"@type\":\"WebSite\",\"@id\":\"https:\/\/anamandaracamranh.com\/vi\/#website\",\"url\":\"https:\/\/anamandaracamranh.com\/vi\/\",\"name\":\"Ana Mandara Cam Ranh Hotel\",\"description\":\"\",\"potentialAction\":[{\"@type\":\"SearchAction\",\"target\":{\"@type\":\"EntryPoint\",\"urlTemplate\":\"https:\/\/anamandaracamranh.com\/vi\/?s={search_term_string}\"},\"query-input\":\"required name=search_term_string\"}],\"inLanguage\":\"vi-VN\"}]}<\/script>\n<!-- \/ Yoast SEO plugin. -->","yoast_head_json":{"title":"D\u1ecbch v\u1ee5 Spa v\u00e0 ch\u0103m s\u00f3c c\u01a1 th\u1ec3 | Ana Mandara Cam Ranh","description":"T\u1ecbnh d\u01b0\u1ee1ng v\u00e0 l\u1eafng \u0111\u1ecdng c\u1ea3m gi\u00e1c an y\u00ean c\u00f9ng Ana Mandara Spa & Wellness. \u0110\u1eb7t tr\u1ea3i nghi\u1ec7m v\u1edbi Ana Mandara Cam Ranh ngay h\u00f4m nay.","robots":{"index":"index","follow":"follow","max-snippet":"max-snippet:-1","max-image-preview":"max-image-preview:large","max-video-preview":"max-video-preview:-1"},"canonical":"https:\/\/anamandaracamranh.com\/vi\/spa-wellness\/","og_locale":"vi_VN","og_type":"article","og_title":"D\u1ecbch v\u1ee5 Spa v\u00e0 ch\u0103m s\u00f3c c\u01a1 th\u1ec3 | Ana Mandara Cam Ranh","og_description":"T\u1ecbnh d\u01b0\u1ee1ng v\u00e0 l\u1eafng \u0111\u1ecdng c\u1ea3m gi\u00e1c an y\u00ean c\u00f9ng Ana Mandara Spa & Wellness. \u0110\u1eb7t tr\u1ea3i nghi\u1ec7m v\u1edbi Ana Mandara Cam Ranh ngay h\u00f4m nay.","og_url":"https:\/\/anamandaracamranh.com\/vi\/spa-wellness\/","og_site_name":"Ana Mandara Cam Ranh Hotel","article_modified_time":"2026-01-24T01:11:35+00:00","og_image":[{"width":2200,"height":1650,"url":"https:\/\/anamandaracamranh.com\/wp-content\/uploads\/sites\/254\/2022\/11\/ANA-MANDARA-CAM-RANH-Spa-Service3.jpg","type":"image\/jpeg"}],"twitter_card":"summary_large_image","twitter_misc":{"Est. reading time":"1 minute"},"schema":{"@context":"https:\/\/schema.org","@graph":[{"@type":"WebPage","@id":"https:\/\/anamandaracamranh.com\/vi\/spa-wellness\/","url":"https:\/\/anamandaracamranh.com\/vi\/spa-wellness\/","name":"D\u1ecbch v\u1ee5 Spa v\u00e0 ch\u0103m s\u00f3c c\u01a1 th\u1ec3 | Ana Mandara Cam Ranh","isPartOf":{"@id":"https:\/\/anamandaracamranh.com\/vi\/#website"},"primaryImageOfPage":{"@id":"https:\/\/anamandaracamranh.com\/vi\/spa-wellness\/#primaryimage"},"image":{"@id":"https:\/\/anamandaracamranh.com\/vi\/spa-wellness\/#primaryimage"},"thumbnailUrl":"https:\/\/anamandaracamranh.com\/wp-content\/uploads\/sites\/254\/2022\/11\/ANA-MANDARA-CAM-RANH-Spa-Service3.jpg","datePublished":"2022-09-09T03:54:07+00:00","dateModified":"2026-01-24T01:11:35+00:00","description":"T\u1ecbnh d\u01b0\u1ee1ng v\u00e0 l\u1eafng \u0111\u1ecdng c\u1ea3m gi\u00e1c an y\u00ean c\u00f9ng Ana Mandara Spa & Wellness. \u0110\u1eb7t tr\u1ea3i nghi\u1ec7m v\u1edbi Ana Mandara Cam Ranh ngay h\u00f4m nay.","breadcrumb":{"@id":"https:\/\/anamandaracamranh.com\/vi\/spa-wellness\/#breadcrumb"},"inLanguage":"vi-VN","potentialAction":[{"@type":"ReadAction","target":["https:\/\/anamandaracamranh.com\/vi\/spa-wellness\/"]}]},{"@type":"ImageObject","inLanguage":"vi-VN","@id":"https:\/\/anamandaracamranh.com\/vi\/spa-wellness\/#primaryimage","url":"https:\/\/anamandaracamranh.com\/wp-content\/uploads\/sites\/254\/2022\/11\/ANA-MANDARA-CAM-RANH-Spa-Service3.jpg","contentUrl":"https:\/\/anamandaracamranh.com\/wp-content\/uploads\/sites\/254\/2022\/11\/ANA-MANDARA-CAM-RANH-Spa-Service3.jpg","width":2200,"height":1650},{"@type":"BreadcrumbList","@id":"https:\/\/anamandaracamranh.com\/vi\/spa-wellness\/#breadcrumb","itemListElement":[{"@type":"ListItem","position":1,"name":"Home","item":"https:\/\/anamandaracamranh.com\/vi\/"},{"@type":"ListItem","position":2,"name":"Spa &amp; S\u1ee9c kh\u1ecfe"}]},{"@type":"WebSite","@id":"https:\/\/anamandaracamranh.com\/vi\/#website","url":"https:\/\/anamandaracamranh.com\/vi\/","name":"Ana Mandara Cam Ranh Hotel","description":"","potentialAction":[{"@type":"SearchAction","target":{"@type":"EntryPoint","urlTemplate":"https:\/\/anamandaracamranh.com\/vi\/?s={search_term_string}"},"query-input":"required name=search_term_string"}],"inLanguage":"vi-VN"}]}},"_links":{"self":[{"href":"https:\/\/anamandaracamranh.com\/vi\/wp-json\/wp\/v2\/pages\/801"}],"collection":[{"href":"https:\/\/anamandaracamranh.com\/vi\/wp-json\/wp\/v2\/pages"}],"about":[{"href":"https:\/\/anamandaracamranh.com\/vi\/wp-json\/wp\/v2\/types\/page"}],"author":[{"embeddable":true,"href":"https:\/\/anamandaracamranh.com\/vi\/wp-json\/wp\/v2\/users\/368"}],"replies":[{"embeddable":true,"href":"https:\/\/anamandaracamranh.com\/vi\/wp-json\/wp\/v2\/comments?post=801"}],"version-history":[{"count":0,"href":"https:\/\/anamandaracamranh.com\/vi\/wp-json\/wp\/v2\/pages\/801\/revisions"}],"wp:featuredmedia":[{"embeddable":true,"href":"https:\/\/anamandaracamranh.com\/vi\/wp-json\/wp\/v2\/media\/888"}],"wp:attachment":[{"href":"https:\/\/anamandaracamranh.com\/vi\/wp-json\/wp\/v2\/media?parent=801"}],"wp:term":[{"taxonomy":"category","embeddable":true,"href":"https:\/\/anamandaracamranh.com\/vi\/wp-json\/wp\/v2\/categories?post=801"}],"curies":[{"name":"wp","href":"https:\/\/api.w.org\/{rel}","templated":true}]}}