{"id":791,"date":"2022-09-09T03:38:16","date_gmt":"2022-09-09T03:38:16","guid":{"rendered":"https:\/\/anamandaracamranh.com\/special-offers\/"},"modified":"2024-10-17T02:18:15","modified_gmt":"2024-10-17T02:18:15","slug":"special-offers","status":"publish","type":"page","link":"https:\/\/anamandaracamranh.com\/vi\/special-offers\/","title":{"rendered":"\u01afu \u0110\u00e3i"},"content":{"rendered":"<div class=\"subtitle\" style=\"text-align: center\">\n<div class=\"biGQs _P pZUbB xUqsL KxBGd\" style=\"text-align: center\">Thi\u1ebft k\u1ebf k\u1ef3 ngh\u1ec9 \u0111\u1ed9c \u0111\u00e1o cho ri\u00eang m\u00ecnh v\u1edbi r\u1ea5t nhi\u1ec1u \u01b0u \u0111\u00e3i t\u1eeb khuy\u1ebfn m\u00e3i gi\u00e1 ph\u00f2ng \u0111\u1eb7c bi\u1ec7t, d\u1ecbch v\u1ee5 \u1ea9m th\u1ef1c, spa cao c\u1ea5p cho \u0111\u1ebfn ti\u1ec7c c\u01b0\u1edbi l\u00e3ng m\u1ea1n tr\u00ean bi\u1ec3n.<\/div>\n<\/div>\n","protected":false},"excerpt":{"rendered":"<p>Thi\u1ebft k\u1ebf k\u1ef3 ngh\u1ec9 \u0111\u1ed9c \u0111\u00e1o cho ri\u00eang m\u00ecnh v\u1edbi r\u1ea5t nhi\u1ec1u \u01b0u \u0111\u00e3i t\u1eeb khuy\u1ebfn m\u00e3i gi\u00e1 ph\u00f2ng \u0111\u1eb7c bi\u1ec7t, d\u1ecbch v\u1ee5 \u1ea9m th\u1ef1c, spa cao c\u1ea5p cho \u0111\u1ebfn ti\u1ec7c c\u01b0\u1edbi l\u00e3ng m\u1ea1n tr\u00ean bi\u1ec3n.<\/p>\n","protected":false},"author":368,"featured_media":797,"parent":0,"menu_order":0,"comment_status":"closed","ping_status":"closed","template":"template-offers.php","meta":{"footnotes":""},"categories":[],"acf":[],"yoast_head":"<!-- This site is optimized with the Yoast SEO plugin v22.3 - https:\/\/yoast.com\/wordpress\/plugins\/seo\/ -->\n<title>\u01afu \u0110\u00e3i - Ana Mandara Cam Ranh Hotel<\/title>\n<meta name=\"robots\" content=\"index, follow, max-snippet:-1, max-image-preview:large, max-video-preview:-1\" \/>\n<link rel=\"canonical\" href=\"https:\/\/anamandaracamranh.com\/vi\/special-offers\/\" \/>\n<meta property=\"og:locale\" content=\"vi_VN\" \/>\n<meta property=\"og:type\" content=\"article\" \/>\n<meta property=\"og:title\" content=\"\u01afu \u0110\u00e3i - Ana Mandara Cam Ranh Hotel\" \/>\n<meta property=\"og:description\" content=\"Thi\u1ebft k\u1ebf k\u1ef3 ngh\u1ec9 \u0111\u1ed9c \u0111\u00e1o cho ri\u00eang m\u00ecnh v\u1edbi r\u1ea5t nhi\u1ec1u \u01b0u \u0111\u00e3i t\u1eeb khuy\u1ebfn m\u00e3i gi\u00e1 ph\u00f2ng \u0111\u1eb7c bi\u1ec7t, d\u1ecbch v\u1ee5 \u1ea9m th\u1ef1c, spa cao c\u1ea5p cho \u0111\u1ebfn ti\u1ec7c c\u01b0\u1edbi l\u00e3ng m\u1ea1n tr\u00ean bi\u1ec3n.\" \/>\n<meta property=\"og:url\" content=\"https:\/\/anamandaracamranh.com\/vi\/special-offers\/\" \/>\n<meta property=\"og:site_name\" content=\"Ana Mandara Cam Ranh Hotel\" \/>\n<meta property=\"article:modified_time\" content=\"2024-10-17T02:18:15+00:00\" \/>\n<meta property=\"og:image\" content=\"https:\/\/anamandaracamranh.com\/wp-content\/uploads\/sites\/254\/2022\/11\/ANA-MANDARA-CAM-RANH-Beachfront-One-Bedroom-Villa1.jpg\" \/>\n\t<meta property=\"og:image:width\" content=\"2200\" \/>\n\t<meta property=\"og:image:height\" content=\"1466\" \/>\n\t<meta property=\"og:image:type\" content=\"image\/jpeg\" \/>\n<meta name=\"twitter:card\" content=\"summary_large_image\" \/>\n<meta name=\"twitter:label1\" content=\"Est. reading time\" \/>\n\t<meta name=\"twitter:data1\" content=\"1 minute\" \/>\n<script type=\"application\/ld+json\" class=\"yoast-schema-graph\">{\"@context\":\"https:\/\/schema.org\",\"@graph\":[{\"@type\":\"WebPage\",\"@id\":\"https:\/\/anamandaracamranh.com\/vi\/special-offers\/\",\"url\":\"https:\/\/anamandaracamranh.com\/vi\/special-offers\/\",\"name\":\"\u01afu \u0110\u00e3i - Ana Mandara Cam Ranh Hotel\",\"isPartOf\":{\"@id\":\"https:\/\/anamandaracamranh.com\/vi\/#website\"},\"primaryImageOfPage\":{\"@id\":\"https:\/\/anamandaracamranh.com\/vi\/special-offers\/#primaryimage\"},\"image\":{\"@id\":\"https:\/\/anamandaracamranh.com\/vi\/special-offers\/#primaryimage\"},\"thumbnailUrl\":\"https:\/\/anamandaracamranh.com\/wp-content\/uploads\/sites\/254\/2022\/11\/ANA-MANDARA-CAM-RANH-Beachfront-One-Bedroom-Villa1.jpg\",\"datePublished\":\"2022-09-09T03:38:16+00:00\",\"dateModified\":\"2024-10-17T02:18:15+00:00\",\"breadcrumb\":{\"@id\":\"https:\/\/anamandaracamranh.com\/vi\/special-offers\/#breadcrumb\"},\"inLanguage\":\"vi-VN\",\"potentialAction\":[{\"@type\":\"ReadAction\",\"target\":[\"https:\/\/anamandaracamranh.com\/vi\/special-offers\/\"]}]},{\"@type\":\"ImageObject\",\"inLanguage\":\"vi-VN\",\"@id\":\"https:\/\/anamandaracamranh.com\/vi\/special-offers\/#primaryimage\",\"url\":\"https:\/\/anamandaracamranh.com\/wp-content\/uploads\/sites\/254\/2022\/11\/ANA-MANDARA-CAM-RANH-Beachfront-One-Bedroom-Villa1.jpg\",\"contentUrl\":\"https:\/\/anamandaracamranh.com\/wp-content\/uploads\/sites\/254\/2022\/11\/ANA-MANDARA-CAM-RANH-Beachfront-One-Bedroom-Villa1.jpg\",\"width\":2200,\"height\":1466},{\"@type\":\"BreadcrumbList\",\"@id\":\"https:\/\/anamandaracamranh.com\/vi\/special-offers\/#breadcrumb\",\"itemListElement\":[{\"@type\":\"ListItem\",\"position\":1,\"name\":\"Home\",\"item\":\"https:\/\/anamandaracamranh.com\/vi\/\"},{\"@type\":\"ListItem\",\"position\":2,\"name\":\"\u01afu \u0110\u00e3i\"}]},{\"@type\":\"WebSite\",\"@id\":\"https:\/\/anamandaracamranh.com\/vi\/#website\",\"url\":\"https:\/\/anamandaracamranh.com\/vi\/\",\"name\":\"Ana Mandara Cam Ranh Hotel\",\"description\":\"\",\"potentialAction\":[{\"@type\":\"SearchAction\",\"target\":{\"@type\":\"EntryPoint\",\"urlTemplate\":\"https:\/\/anamandaracamranh.com\/vi\/?s={search_term_string}\"},\"query-input\":\"required name=search_term_string\"}],\"inLanguage\":\"vi-VN\"}]}<\/script>\n<!-- \/ Yoast SEO plugin. -->","yoast_head_json":{"title":"\u01afu \u0110\u00e3i - Ana Mandara Cam Ranh Hotel","robots":{"index":"index","follow":"follow","max-snippet":"max-snippet:-1","max-image-preview":"max-image-preview:large","max-video-preview":"max-video-preview:-1"},"canonical":"https:\/\/anamandaracamranh.com\/vi\/special-offers\/","og_locale":"vi_VN","og_type":"article","og_title":"\u01afu \u0110\u00e3i - Ana Mandara Cam Ranh Hotel","og_description":"Thi\u1ebft k\u1ebf k\u1ef3 ngh\u1ec9 \u0111\u1ed9c \u0111\u00e1o cho ri\u00eang m\u00ecnh v\u1edbi r\u1ea5t nhi\u1ec1u \u01b0u \u0111\u00e3i t\u1eeb khuy\u1ebfn m\u00e3i gi\u00e1 ph\u00f2ng \u0111\u1eb7c bi\u1ec7t, d\u1ecbch v\u1ee5 \u1ea9m th\u1ef1c, spa cao c\u1ea5p cho \u0111\u1ebfn ti\u1ec7c c\u01b0\u1edbi l\u00e3ng m\u1ea1n tr\u00ean bi\u1ec3n.","og_url":"https:\/\/anamandaracamranh.com\/vi\/special-offers\/","og_site_name":"Ana Mandara Cam Ranh Hotel","article_modified_time":"2024-10-17T02:18:15+00:00","og_image":[{"width":2200,"height":1466,"url":"https:\/\/anamandaracamranh.com\/wp-content\/uploads\/sites\/254\/2022\/11\/ANA-MANDARA-CAM-RANH-Beachfront-One-Bedroom-Villa1.jpg","type":"image\/jpeg"}],"twitter_card":"summary_large_image","twitter_misc":{"Est. reading time":"1 minute"},"schema":{"@context":"https:\/\/schema.org","@graph":[{"@type":"WebPage","@id":"https:\/\/anamandaracamranh.com\/vi\/special-offers\/","url":"https:\/\/anamandaracamranh.com\/vi\/special-offers\/","name":"\u01afu \u0110\u00e3i - Ana Mandara Cam Ranh Hotel","isPartOf":{"@id":"https:\/\/anamandaracamranh.com\/vi\/#website"},"primaryImageOfPage":{"@id":"https:\/\/anamandaracamranh.com\/vi\/special-offers\/#primaryimage"},"image":{"@id":"https:\/\/anamandaracamranh.com\/vi\/special-offers\/#primaryimage"},"thumbnailUrl":"https:\/\/anamandaracamranh.com\/wp-content\/uploads\/sites\/254\/2022\/11\/ANA-MANDARA-CAM-RANH-Beachfront-One-Bedroom-Villa1.jpg","datePublished":"2022-09-09T03:38:16+00:00","dateModified":"2024-10-17T02:18:15+00:00","breadcrumb":{"@id":"https:\/\/anamandaracamranh.com\/vi\/special-offers\/#breadcrumb"},"inLanguage":"vi-VN","potentialAction":[{"@type":"ReadAction","target":["https:\/\/anamandaracamranh.com\/vi\/special-offers\/"]}]},{"@type":"ImageObject","inLanguage":"vi-VN","@id":"https:\/\/anamandaracamranh.com\/vi\/special-offers\/#primaryimage","url":"https:\/\/anamandaracamranh.com\/wp-content\/uploads\/sites\/254\/2022\/11\/ANA-MANDARA-CAM-RANH-Beachfront-One-Bedroom-Villa1.jpg","contentUrl":"https:\/\/anamandaracamranh.com\/wp-content\/uploads\/sites\/254\/2022\/11\/ANA-MANDARA-CAM-RANH-Beachfront-One-Bedroom-Villa1.jpg","width":2200,"height":1466},{"@type":"BreadcrumbList","@id":"https:\/\/anamandaracamranh.com\/vi\/special-offers\/#breadcrumb","itemListElement":[{"@type":"ListItem","position":1,"name":"Home","item":"https:\/\/anamandaracamranh.com\/vi\/"},{"@type":"ListItem","position":2,"name":"\u01afu \u0110\u00e3i"}]},{"@type":"WebSite","@id":"https:\/\/anamandaracamranh.com\/vi\/#website","url":"https:\/\/anamandaracamranh.com\/vi\/","name":"Ana Mandara Cam Ranh Hotel","description":"","potentialAction":[{"@type":"SearchAction","target":{"@type":"EntryPoint","urlTemplate":"https:\/\/anamandaracamranh.com\/vi\/?s={search_term_string}"},"query-input":"required name=search_term_string"}],"inLanguage":"vi-VN"}]}},"_links":{"self":[{"href":"https:\/\/anamandaracamranh.com\/vi\/wp-json\/wp\/v2\/pages\/791"}],"collection":[{"href":"https:\/\/anamandaracamranh.com\/vi\/wp-json\/wp\/v2\/pages"}],"about":[{"href":"https:\/\/anamandaracamranh.com\/vi\/wp-json\/wp\/v2\/types\/page"}],"author":[{"embeddable":true,"href":"https:\/\/anamandaracamranh.com\/vi\/wp-json\/wp\/v2\/users\/368"}],"replies":[{"embeddable":true,"href":"https:\/\/anamandaracamranh.com\/vi\/wp-json\/wp\/v2\/comments?post=791"}],"version-history":[{"count":0,"href":"https:\/\/anamandaracamranh.com\/vi\/wp-json\/wp\/v2\/pages\/791\/revisions"}],"wp:featuredmedia":[{"embeddable":true,"href":"https:\/\/anamandaracamranh.com\/vi\/wp-json\/wp\/v2\/media\/797"}],"wp:attachment":[{"href":"https:\/\/anamandaracamranh.com\/vi\/wp-json\/wp\/v2\/media?parent=791"}],"wp:term":[{"taxonomy":"category","embeddable":true,"href":"https:\/\/anamandaracamranh.com\/vi\/wp-json\/wp\/v2\/categories?post=791"}],"curies":[{"name":"wp","href":"https:\/\/api.w.org\/{rel}","templated":true}]}}