{"id":770,"date":"2022-09-09T06:12:40","date_gmt":"2022-09-09T06:12:40","guid":{"rendered":"https:\/\/anamandaracamranh.com\/resort-regulations\/"},"modified":"2024-06-04T04:00:07","modified_gmt":"2024-06-04T04:00:07","slug":"resort-regulations","status":"publish","type":"page","link":"https:\/\/anamandaracamranh.com\/vi\/resort-regulations\/","title":{"rendered":"N\u1ebfp nh\u00e0 Ana"},"content":{"rendered":"<p>1. Qu\u00fd kh\u00e1ch vui l\u00f2ng xu\u1ea5t tr\u00ecnh h\u1ed9 chi\u1ebfu ho\u1eb7c ch\u1ee9ng minh nh\u00e2n d\u00e2n \u0111\u1ec3 l\u00e0m th\u1ee7 t\u1ee5c nh\u1eadn ph\u00f2ng t\u1ea1i L\u1ec5 t\u00e2n.<\/p>\n<p>2. Kh\u00f4ng mang s\u00fang \u0111\u1ea1n, ch\u1ea5t ch\u00e1y n\u1ed5, ch\u1ea5t \u0111\u1ed9c h\u1ea1i, c\u00e1c ch\u1ea5t g\u00e2y nghi\u1ec7n, v\u1eadt nu\u00f4i ho\u1eb7c th\u1ef1c ph\u1ea9m c\u00f3 m\u00f9i tanh h\u00f4i v\u00e0o ph\u00f2ng ngh\u1ec9. Kh\u00f4ng n\u1ea5u n\u01b0\u1edbng, gi\u1eb7t l\u00e0 trong ph\u00f2ng ngh\u1ec9.<\/p>\n<p>3. Kh\u00f4ng thay \u0111\u1ed5i, di chuy\u1ec3n \u0111\u1ed3 \u0111\u1ea1c trong ph\u00f2ng ho\u1eb7c t\u1eeb ph\u00f2ng n\u00e0y sang ph\u00f2ng kh\u00e1c. Tr\u01b0\u1eddng h\u1ee3p t\u00e0i s\u1ea3n, \u0111\u1ed3 d\u00f9ng trong ph\u00f2ng b\u1ecb m\u1ea5t, h\u1ecfng do ch\u1ee7 quan Qu\u00fd kh\u00e1ch s\u1ebd ph\u1ea3i b\u1ed3i th\u01b0\u1eddng 100% gi\u00e1 tr\u1ecb.<\/p>\n<p>4. T\u00e0i s\u1ea3n c\u00f3 gi\u00e1 tr\u1ecb nh\u01b0 \u0111\u1ed3 trang s\u1ee9c, ti\u1ec1n v\u00e0 c\u00e1c thi\u1ebft b\u1ecb \u0111i\u1ec7n t\u1eed c\u00e1 nh\u00e2n ph\u1ea3i \u0111\u01b0\u1ee3c c\u1ea5t gi\u1eef trong k\u00e9t s\u1eaft t\u1ea1i ph\u00f2ng ho\u1eb7c k\u00ed g\u1eedi t\u1ea1i qu\u1ea7y l\u1ec5 t\u00e2n. Kh\u00e1ch s\u1ea1n s\u1ebd kh\u00f4ng ch\u1ecbu tr\u00e1ch nhi\u1ec7m \u0111\u1ed1i v\u1edbi nh\u1eefng m\u1ea5t m\u00e1t n\u1ebfu kh\u00e1ch kh\u00f4ng th\u1ef1c hi\u1ec7n nh\u1eefng n\u1ed9i quy tr\u00ean.<\/p>\n<p>5. Kh\u00e1ch s\u1ea1n c\u1ee7a ch\u00fang t\u00f4i th\u1ef1c hi\u1ec7n ch\u00ednh s\u00e1ch nghi\u00eam ng\u1eb7t v\u1ec1 vi\u1ec7c kh\u00f4ng n\u1ea5u \u0103n, kh\u00f4ng h\u00fat thu\u1ed1c trong khu ngh\u1ec9 m\u00e1t.<\/p>\n<p>6. Th\u1ef1c hi\u1ec7n v\u1ec7 sinh an to\u00e0n th\u1ef1c ph\u1ea9m, qu\u00fd kh\u00e1ch vui l\u00f2ng kh\u00f4ng mang b\u1ea5t k\u1ef3 th\u1ee9c \u0103n ho\u1eb7c th\u1ee9c u\u1ed1ng n\u00e0o t\u1eeb b\u00ean ngo\u00e0i v\u00e0o v\u00e0 s\u1eed d\u1ee5ng trong khu ngh\u1ec9 m\u00e1t.<\/p>\n<p>7. Xin vui l\u00f2ng kh\u00f4ng thay \u0111\u1ed5i ph\u00f2ng ho\u1eb7c \u0111\u01b0a th\u00eam ng\u01b0\u1eddi v\u00e0o ph\u00f2ng khi ch\u01b0a \u0111\u0103ng k\u00fd tr\u01b0\u1edbc v\u1edbi L\u1ec5 t\u00e2n.<\/p>\n<p>8. Ng\u01b0\u1eddi th\u00e2n \u0111\u1ebfn th\u0103m ph\u1ea3i \u0111\u0103ng k\u00ed t\u1ea1i qu\u1ea7y l\u1ec5 t\u00e2n. Ng\u01b0\u1eddi th\u00e2n ch\u1ec9 c\u00f3 th\u1ec3 \u0111\u01b0\u1ee3c \u0111\u0103ng k\u00fd t\u1eeb 09h00 \u0111\u1ebfn 22h00. Theo lu\u1eadt \u0111\u1ecbnh, kh\u00f4ng ng\u01b0\u1eddi th\u00e2n n\u00e0o \u0111\u01b0\u1ee3c ph\u00e9p \u0111\u0103ng k\u00fd t\u1eeb 22h00 \u0111\u1ebfn 09h00.<\/p>\n<p>9. Nghi\u00eam c\u1ea5m m\u1ecdi h\u00ecnh th\u1ee9c c\u1edd b\u1ea1c, s\u1eed d\u1ee5ng ma t\u00fay trong khu v\u1ef1c Kh\u00e1ch s\u1ea1n. Qu\u00fd kh\u00e1ch ph\u1ea3i ho\u00e0n to\u00e0n ch\u1ecbu tr\u00e1ch nhi\u1ec7m tr\u01b0\u1edbc ph\u00e1p lu\u1eadt Vi\u1ec7t Nam v\u00e0 Kh\u00e1ch s\u1ea1n n\u1ebfu vi ph\u1ea1m.<\/p>\n<p>10. Khi nghe chu\u00f4ng b\u00e1o ch\u00e1y, Qu\u00fd kh\u00e1ch h\u00e3y gi\u1eef b\u00ecnh t\u0129nh tho\u00e1t ra ngo\u00e0i theo c\u1ea7u thang tho\u00e1t hi\u1ec3m g\u1ea7n nh\u1ea5t. Kh\u00f4ng \u0111\u01b0\u1ee3c s\u1eed d\u1ee5ng thang m\u00e1y trong tr\u01b0\u1eddng h\u1ee3p c\u00f3 \u0111\u00e1m ch\u00e1y x\u1ea3y ra.<\/p>\n<p>11. Xin vui l\u00f2ng qu\u00e9t QR code t\u1ea1i ph\u00f2ng \u0111\u1ec3 bi\u1ebft th\u00eam th\u00f4ng tin c\u00e1c d\u1ecbch v\u1ee5 hi\u1ec7n \u0111ang \u0111\u01b0\u1ee3c cung c\u1ea5p t\u1ea1i khi ngh\u1ec9 d\u01b0\u1ee1ng.<\/p>\n<p>12. Khi s\u1eed d\u1ee5ng h\u1ed3 b\u01a1i, tr\u1ebb em d\u01b0\u1edbi 12 tu\u1ed5i ph\u1ea3i c\u00f3 ng\u01b0\u1eddi l\u1edbn \u0111i k\u00e8m v\u00e0 Qu\u00fd kh\u00e1ch ph\u1ea3i ch\u1ecbu ho\u00e0n to\u00e0n tr\u00e1ch nhi\u1ec7m v\u1ec1 tai n\u1ea1n v\u00e0 r\u1ee7i ro c\u1ee7a b\u1ea3n th\u00e2n.<\/p>\n<p>13. Tr\u01b0\u1edbc khi r\u1eddi kh\u1ecfi khu ngh\u1ec9 m\u00e1t, xin Qu\u00fd kh\u00e1ch vui l\u00f2ng thanh to\u00e1n to\u00e0n b\u1ed9 c\u00e1c ho\u00e1 \u0111\u01a1n v\u00e0 tr\u1ea3 l\u1ea1i ch\u00eca kho\u00e1 ph\u00f2ng cho L\u1ec5 t\u00e2n. Gi\u1edd nh\u1eadn ph\u00f2ng t\u1eeb 14h00 v\u00e0 gi\u1edd tr\u1ea3 ph\u00f2ng l\u00e0 tr\u01b0\u1edbc 12h00.<\/p>\n","protected":false},"excerpt":{"rendered":"<p>1. Qu\u00fd kh\u00e1ch vui l\u00f2ng xu\u1ea5t tr\u00ecnh h\u1ed9 chi\u1ebfu ho\u1eb7c ch\u1ee9ng minh nh\u00e2n d\u00e2n \u0111\u1ec3 l\u00e0m th\u1ee7 t\u1ee5c nh\u1eadn ph\u00f2ng t\u1ea1i L\u1ec5 t\u00e2n. 2. Kh\u00f4ng mang s\u00fang \u0111\u1ea1n, ch\u1ea5t ch\u00e1y n\u1ed5, ch\u1ea5t \u0111\u1ed9c h\u1ea1i, c\u00e1c ch\u1ea5t g\u00e2y nghi\u1ec7n, v\u1eadt nu\u00f4i ho\u1eb7c th\u1ef1c ph\u1ea9m c\u00f3 m\u00f9i tanh h\u00f4i v\u00e0o ph\u00f2ng ngh\u1ec9. Kh\u00f4ng n\u1ea5u n\u01b0\u1edbng, gi\u1eb7t l\u00e0 [&hellip;]<\/p>\n","protected":false},"author":368,"featured_media":0,"parent":0,"menu_order":0,"comment_status":"closed","ping_status":"closed","template":"","meta":{"footnotes":""},"categories":[],"acf":[],"yoast_head":"<!-- This site is optimized with the Yoast SEO plugin v22.3 - https:\/\/yoast.com\/wordpress\/plugins\/seo\/ -->\n<title>N\u1ed9i quy khu ngh\u1ec9 m\u00e1t | Ana Mandara Cam Ranh<\/title>\n<meta name=\"robots\" content=\"index, follow, max-snippet:-1, max-image-preview:large, max-video-preview:-1\" \/>\n<link rel=\"canonical\" href=\"https:\/\/anamandaracamranh.com\/vi\/resort-regulations\/\" \/>\n<meta property=\"og:locale\" content=\"vi_VN\" \/>\n<meta property=\"og:type\" content=\"article\" \/>\n<meta property=\"og:title\" content=\"N\u1ed9i quy khu ngh\u1ec9 m\u00e1t | Ana Mandara Cam Ranh\" \/>\n<meta property=\"og:description\" content=\"1. Qu\u00fd kh\u00e1ch vui l\u00f2ng xu\u1ea5t tr\u00ecnh h\u1ed9 chi\u1ebfu ho\u1eb7c ch\u1ee9ng minh nh\u00e2n d\u00e2n \u0111\u1ec3 l\u00e0m th\u1ee7 t\u1ee5c nh\u1eadn ph\u00f2ng t\u1ea1i L\u1ec5 t\u00e2n. 2. Kh\u00f4ng mang s\u00fang \u0111\u1ea1n, ch\u1ea5t ch\u00e1y n\u1ed5, ch\u1ea5t \u0111\u1ed9c h\u1ea1i, c\u00e1c ch\u1ea5t g\u00e2y nghi\u1ec7n, v\u1eadt nu\u00f4i ho\u1eb7c th\u1ef1c ph\u1ea9m c\u00f3 m\u00f9i tanh h\u00f4i v\u00e0o ph\u00f2ng ngh\u1ec9. Kh\u00f4ng n\u1ea5u n\u01b0\u1edbng, gi\u1eb7t l\u00e0 [&hellip;]\" \/>\n<meta property=\"og:url\" content=\"https:\/\/anamandaracamranh.com\/vi\/resort-regulations\/\" \/>\n<meta property=\"og:site_name\" content=\"Ana Mandara Cam Ranh Hotel\" \/>\n<meta property=\"article:modified_time\" content=\"2024-06-04T04:00:07+00:00\" \/>\n<meta name=\"twitter:card\" content=\"summary_large_image\" \/>\n<meta name=\"twitter:label1\" content=\"Est. reading time\" \/>\n\t<meta name=\"twitter:data1\" content=\"2 minutes\" \/>\n<script type=\"application\/ld+json\" class=\"yoast-schema-graph\">{\"@context\":\"https:\/\/schema.org\",\"@graph\":[{\"@type\":\"WebPage\",\"@id\":\"https:\/\/anamandaracamranh.com\/vi\/resort-regulations\/\",\"url\":\"https:\/\/anamandaracamranh.com\/vi\/resort-regulations\/\",\"name\":\"N\u1ed9i quy khu ngh\u1ec9 m\u00e1t | Ana Mandara Cam Ranh\",\"isPartOf\":{\"@id\":\"https:\/\/anamandaracamranh.com\/vi\/#website\"},\"datePublished\":\"2022-09-09T06:12:40+00:00\",\"dateModified\":\"2024-06-04T04:00:07+00:00\",\"breadcrumb\":{\"@id\":\"https:\/\/anamandaracamranh.com\/vi\/resort-regulations\/#breadcrumb\"},\"inLanguage\":\"vi-VN\",\"potentialAction\":[{\"@type\":\"ReadAction\",\"target\":[\"https:\/\/anamandaracamranh.com\/vi\/resort-regulations\/\"]}]},{\"@type\":\"BreadcrumbList\",\"@id\":\"https:\/\/anamandaracamranh.com\/vi\/resort-regulations\/#breadcrumb\",\"itemListElement\":[{\"@type\":\"ListItem\",\"position\":1,\"name\":\"Home\",\"item\":\"https:\/\/anamandaracamranh.com\/vi\/\"},{\"@type\":\"ListItem\",\"position\":2,\"name\":\"N\u1ebfp nh\u00e0 Ana\"}]},{\"@type\":\"WebSite\",\"@id\":\"https:\/\/anamandaracamranh.com\/vi\/#website\",\"url\":\"https:\/\/anamandaracamranh.com\/vi\/\",\"name\":\"Ana Mandara Cam Ranh Hotel\",\"description\":\"\",\"potentialAction\":[{\"@type\":\"SearchAction\",\"target\":{\"@type\":\"EntryPoint\",\"urlTemplate\":\"https:\/\/anamandaracamranh.com\/vi\/?s={search_term_string}\"},\"query-input\":\"required name=search_term_string\"}],\"inLanguage\":\"vi-VN\"}]}<\/script>\n<!-- \/ Yoast SEO plugin. -->","yoast_head_json":{"title":"N\u1ed9i quy khu ngh\u1ec9 m\u00e1t | Ana Mandara Cam Ranh","robots":{"index":"index","follow":"follow","max-snippet":"max-snippet:-1","max-image-preview":"max-image-preview:large","max-video-preview":"max-video-preview:-1"},"canonical":"https:\/\/anamandaracamranh.com\/vi\/resort-regulations\/","og_locale":"vi_VN","og_type":"article","og_title":"N\u1ed9i quy khu ngh\u1ec9 m\u00e1t | Ana Mandara Cam Ranh","og_description":"1. Qu\u00fd kh\u00e1ch vui l\u00f2ng xu\u1ea5t tr\u00ecnh h\u1ed9 chi\u1ebfu ho\u1eb7c ch\u1ee9ng minh nh\u00e2n d\u00e2n \u0111\u1ec3 l\u00e0m th\u1ee7 t\u1ee5c nh\u1eadn ph\u00f2ng t\u1ea1i L\u1ec5 t\u00e2n. 2. Kh\u00f4ng mang s\u00fang \u0111\u1ea1n, ch\u1ea5t ch\u00e1y n\u1ed5, ch\u1ea5t \u0111\u1ed9c h\u1ea1i, c\u00e1c ch\u1ea5t g\u00e2y nghi\u1ec7n, v\u1eadt nu\u00f4i ho\u1eb7c th\u1ef1c ph\u1ea9m c\u00f3 m\u00f9i tanh h\u00f4i v\u00e0o ph\u00f2ng ngh\u1ec9. Kh\u00f4ng n\u1ea5u n\u01b0\u1edbng, gi\u1eb7t l\u00e0 [&hellip;]","og_url":"https:\/\/anamandaracamranh.com\/vi\/resort-regulations\/","og_site_name":"Ana Mandara Cam Ranh Hotel","article_modified_time":"2024-06-04T04:00:07+00:00","twitter_card":"summary_large_image","twitter_misc":{"Est. reading time":"2 minutes"},"schema":{"@context":"https:\/\/schema.org","@graph":[{"@type":"WebPage","@id":"https:\/\/anamandaracamranh.com\/vi\/resort-regulations\/","url":"https:\/\/anamandaracamranh.com\/vi\/resort-regulations\/","name":"N\u1ed9i quy khu ngh\u1ec9 m\u00e1t | Ana Mandara Cam Ranh","isPartOf":{"@id":"https:\/\/anamandaracamranh.com\/vi\/#website"},"datePublished":"2022-09-09T06:12:40+00:00","dateModified":"2024-06-04T04:00:07+00:00","breadcrumb":{"@id":"https:\/\/anamandaracamranh.com\/vi\/resort-regulations\/#breadcrumb"},"inLanguage":"vi-VN","potentialAction":[{"@type":"ReadAction","target":["https:\/\/anamandaracamranh.com\/vi\/resort-regulations\/"]}]},{"@type":"BreadcrumbList","@id":"https:\/\/anamandaracamranh.com\/vi\/resort-regulations\/#breadcrumb","itemListElement":[{"@type":"ListItem","position":1,"name":"Home","item":"https:\/\/anamandaracamranh.com\/vi\/"},{"@type":"ListItem","position":2,"name":"N\u1ebfp nh\u00e0 Ana"}]},{"@type":"WebSite","@id":"https:\/\/anamandaracamranh.com\/vi\/#website","url":"https:\/\/anamandaracamranh.com\/vi\/","name":"Ana Mandara Cam Ranh Hotel","description":"","potentialAction":[{"@type":"SearchAction","target":{"@type":"EntryPoint","urlTemplate":"https:\/\/anamandaracamranh.com\/vi\/?s={search_term_string}"},"query-input":"required name=search_term_string"}],"inLanguage":"vi-VN"}]}},"_links":{"self":[{"href":"https:\/\/anamandaracamranh.com\/vi\/wp-json\/wp\/v2\/pages\/770"}],"collection":[{"href":"https:\/\/anamandaracamranh.com\/vi\/wp-json\/wp\/v2\/pages"}],"about":[{"href":"https:\/\/anamandaracamranh.com\/vi\/wp-json\/wp\/v2\/types\/page"}],"author":[{"embeddable":true,"href":"https:\/\/anamandaracamranh.com\/vi\/wp-json\/wp\/v2\/users\/368"}],"replies":[{"embeddable":true,"href":"https:\/\/anamandaracamranh.com\/vi\/wp-json\/wp\/v2\/comments?post=770"}],"version-history":[{"count":0,"href":"https:\/\/anamandaracamranh.com\/vi\/wp-json\/wp\/v2\/pages\/770\/revisions"}],"wp:attachment":[{"href":"https:\/\/anamandaracamranh.com\/vi\/wp-json\/wp\/v2\/media?parent=770"}],"wp:term":[{"taxonomy":"category","embeddable":true,"href":"https:\/\/anamandaracamranh.com\/vi\/wp-json\/wp\/v2\/categories?post=770"}],"curies":[{"name":"wp","href":"https:\/\/api.w.org\/{rel}","templated":true}]}}