{"id":765,"date":"2022-09-09T03:42:16","date_gmt":"2022-09-09T03:42:16","guid":{"rendered":"https:\/\/anamandaracamranh.com\/dining\/ana-sand-house\/"},"modified":"2025-05-26T08:36:05","modified_gmt":"2025-05-26T08:36:05","slug":"ana-sand-house","status":"publish","type":"page","link":"https:\/\/anamandaracamranh.com\/vi\/dining\/ana-sand-house\/","title":{"rendered":"Ana Sand House"},"content":{"rendered":"<p><span data-sheets-value=\"{&quot;1&quot;:2,&quot;2&quot;:&quot;\u00d4m tr\u1ecdn kho\u1ea3ng kh\u00f4ng gian r\u1ed9ng r\u00e3i ng\u1eafm to\u00e0n c\u1ea3nh ao sen t\u01b0\u01a1i m\u00e1t v\u00e0 c\u1ea3 v\u00f9ng tr\u1eddi bi\u1ec3n tho\u00e1ng \u0111\u1ea1t, The Sand House mang \u0111\u1ebfn m\u1ed9t lo\u1ea1t c\u00e1c tr\u1ea3i nghi\u1ec7m \u0103n u\u1ed1ng c\u1ea3 ng\u00e0y gi\u1eefa b\u1ed1n b\u1ec1 thi\u00ean nhi\u00ean. H\u00e0nh tr\u00ecnh kh\u00e1m ph\u00e1 \u1ea9m th\u1ef1c b\u1eaft \u0111\u1ea7u v\u1edbi b\u1eefa s\u00e1ng t\u1ef1 ch\u1ecdn Continetal phong ph\u00fa v\u1edbi nhi\u1ec1u m\u00f3n \u0103n \u0111\u1ecba ph\u01b0\u01a1ng kh\u1ea9u v\u1ecb Vi\u1ec7t Nam \u0111\u01b0\u1ee3c \u01b0a chu\u1ed9ng. Th\u1ef1c \u0111\u01a1n bu\u1ed5i tr\u01b0a v\u00e0 bu\u1ed5i t\u1ed1i ph\u1ee5c v\u1ee5 nhi\u1ec1u kh\u1ea9u v\u1ecb \u0111a d\u1ea1ng h\u01a1n, bao g\u1ed3m c\u00e1c m\u00f3n \u0103n \u00e2m h\u01b0\u1edfng Vi\u1ec7t Nam, Nh\u1eadt B\u1ea3n, Th\u00e1i Lan v\u00e0 m\u00f3n \u00c2u - t\u1ea5t c\u1ea3 \u0111\u1ec1u c\u00f3 th\u1ec3 g\u1ecdi theo m\u00f3n. \\n\\nV\u1edbi s\u1ee9c ch\u1ee9a 180 ch\u1ed7 ng\u1ed3i, kh\u00f4ng gian trong nh\u00e0 v\u00e0 ngo\u00e0i tr\u1eddi, The Sand House l\u00e0 \u0111\u1ecba \u0111i\u1ec3m ho\u00e0n h\u1ea3o cho bu\u1ed5i h\u1ecdp m\u1eb7t gia \u0111\u00ecnh, ti\u1ec7c th\u00f4i n\u00f4i, ti\u1ec7c c\u00f4ng ty, ti\u1ec7c chi\u00eau \u0111\u00e3i ho\u1eb7c c\u00e1c bu\u1ed5i h\u1ecdp nh\u00f3m quy m\u00f4 \u0111a d\u1ea1ng. \\n\\n\u0110\u1ed9i ng\u0169 ph\u1ee5c v\u1ee5 \u1ea9m th\u1ef1c c\u1ee7a ch\u00fang t\u00f4i lu\u00f4n s\u1eb5n l\u00f2ng gi\u1edbi thi\u1ec7u m\u00f3n ngon \u0111\u1eb7c s\u1ea3n t\u1eeb tay ngh\u1ec1 ch\u1ebf bi\u1ebfn b\u1eadc th\u1ea7y, gi\u00fap \u0111\u00e1nh th\u1ee9c kh\u1ea9u v\u1ecb n\u01a1i m\u1ed7i th\u1ef1c kh\u00e1ch.&quot;}\" data-sheets-userformat=\"{&quot;2&quot;:14847,&quot;3&quot;:{&quot;1&quot;:0,&quot;3&quot;:1},&quot;4&quot;:{&quot;1&quot;:2,&quot;2&quot;:16777215},&quot;5&quot;:{&quot;1&quot;:[{&quot;1&quot;:2,&quot;2&quot;:0,&quot;5&quot;:{&quot;1&quot;:0}},{&quot;1&quot;:0,&quot;2&quot;:0,&quot;3&quot;:3},{&quot;1&quot;:1,&quot;2&quot;:0,&quot;4&quot;:1}]},&quot;6&quot;:{&quot;1&quot;:[{&quot;1&quot;:2,&quot;2&quot;:0,&quot;5&quot;:{&quot;1&quot;:0}},{&quot;1&quot;:0,&quot;2&quot;:0,&quot;3&quot;:3},{&quot;1&quot;:1,&quot;2&quot;:0,&quot;4&quot;:1}]},&quot;7&quot;:{&quot;1&quot;:[{&quot;1&quot;:2,&quot;2&quot;:0,&quot;5&quot;:{&quot;1&quot;:0}},{&quot;1&quot;:0,&quot;2&quot;:0,&quot;3&quot;:3},{&quot;1&quot;:1,&quot;2&quot;:0,&quot;4&quot;:1}]},&quot;8&quot;:{&quot;1&quot;:[{&quot;1&quot;:2,&quot;2&quot;:0,&quot;5&quot;:{&quot;1&quot;:0}},{&quot;1&quot;:0,&quot;2&quot;:0,&quot;3&quot;:3},{&quot;1&quot;:1,&quot;2&quot;:0,&quot;4&quot;:1}]},&quot;9&quot;:0,&quot;10&quot;:1,&quot;11&quot;:4,&quot;14&quot;:{&quot;1&quot;:3,&quot;3&quot;:1},&quot;15&quot;:&quot;Montserrat&quot;,&quot;16&quot;:10}\">\u00d4m tr\u1ecdn kho\u1ea3ng kh\u00f4ng gian r\u1ed9ng r\u00e3i ng\u1eafm to\u00e0n c\u1ea3nh ao sen t\u01b0\u01a1i m\u00e1t v\u00e0 c\u1ea3 v\u00f9ng tr\u1eddi bi\u1ec3n tho\u00e1ng \u0111\u1ea1t, Ana Sand House mang \u0111\u1ebfn m\u1ed9t lo\u1ea1t c\u00e1c tr\u1ea3i nghi\u1ec7m \u0103n u\u1ed1ng c\u1ea3 ng\u00e0y gi\u1eefa b\u1ed1n b\u1ec1 thi\u00ean nhi\u00ean. H\u00e0nh tr\u00ecnh kh\u00e1m ph\u00e1 \u1ea9m th\u1ef1c b\u1eaft \u0111\u1ea7u v\u1edbi b\u1eefa s\u00e1ng t\u1ef1 ch\u1ecdn Continetal phong ph\u00fa v\u1edbi nhi\u1ec1u m\u00f3n \u0103n \u0111\u1ecba ph\u01b0\u01a1ng kh\u1ea9u v\u1ecb Vi\u1ec7t Nam \u0111\u01b0\u1ee3c \u01b0a chu\u1ed9ng. Th\u1ef1c \u0111\u01a1n bu\u1ed5i tr\u01b0a v\u00e0 bu\u1ed5i t\u1ed1i ph\u1ee5c v\u1ee5 nhi\u1ec1u kh\u1ea9u v\u1ecb \u0111a d\u1ea1ng h\u01a1n, bao g\u1ed3m c\u00e1c m\u00f3n \u0103n \u00e2m h\u01b0\u1edfng Vi\u1ec7t Nam, Nh\u1eadt B\u1ea3n, Th\u00e1i Lan v\u00e0 m\u00f3n \u00c2u &#8211; t\u1ea5t c\u1ea3 \u0111\u1ec1u c\u00f3 th\u1ec3 g\u1ecdi theo m\u00f3n.<\/span><\/p>\n<p>V\u1edbi s\u1ee9c ch\u1ee9a 180 ch\u1ed7 ng\u1ed3i, kh\u00f4ng gian trong nh\u00e0 v\u00e0 ngo\u00e0i tr\u1eddi, The Sand House l\u00e0 \u0111\u1ecba \u0111i\u1ec3m ho\u00e0n h\u1ea3o cho bu\u1ed5i h\u1ecdp m\u1eb7t gia \u0111\u00ecnh, ti\u1ec7c th\u00f4i n\u00f4i, ti\u1ec7c c\u00f4ng ty, ti\u1ec7c chi\u00eau \u0111\u00e3i ho\u1eb7c c\u00e1c bu\u1ed5i h\u1ecdp nh\u00f3m quy m\u00f4 \u0111a d\u1ea1ng.<\/p>\n<p>\u0110\u1ed9i ng\u0169 ph\u1ee5c v\u1ee5 \u1ea9m th\u1ef1c c\u1ee7a ch\u00fang t\u00f4i lu\u00f4n s\u1eb5n l\u00f2ng gi\u1edbi thi\u1ec7u m\u00f3n ngon \u0111\u1eb7c s\u1ea3n t\u1eeb tay ngh\u1ec1 ch\u1ebf bi\u1ebfn b\u1eadc th\u1ea7y, gi\u00fap \u0111\u00e1nh th\u1ee9c kh\u1ea9u v\u1ecb n\u01a1i m\u1ed7i th\u1ef1c kh\u00e1ch.<\/p>\n","protected":false},"excerpt":{"rendered":"<p>\u00d4m tr\u1ecdn kho\u1ea3ng kh\u00f4ng gian r\u1ed9ng r\u00e3i ng\u1eafm to\u00e0n c\u1ea3nh ao sen t\u01b0\u01a1i m\u00e1t v\u00e0 c\u1ea3 v\u00f9ng tr\u1eddi bi\u1ec3n tho\u00e1ng \u0111\u1ea1t, Ana Sand House mang \u0111\u1ebfn m\u1ed9t lo\u1ea1t c\u00e1c tr\u1ea3i nghi\u1ec7m \u0103n u\u1ed1ng c\u1ea3 ng\u00e0y gi\u1eefa b\u1ed1n b\u1ec1 thi\u00ean nhi\u00ean. H\u00e0nh tr\u00ecnh kh\u00e1m ph\u00e1 \u1ea9m th\u1ef1c b\u1eaft \u0111\u1ea7u v\u1edbi b\u1eefa s\u00e1ng t\u1ef1 ch\u1ecdn Continetal phong [&hellip;]<\/p>\n","protected":false},"author":368,"featured_media":1396,"parent":762,"menu_order":2,"comment_status":"closed","ping_status":"closed","template":"template-single-restaurant.php","meta":{"footnotes":""},"categories":[],"acf":[],"yoast_head":"<!-- This site is optimized with the Yoast SEO plugin v22.3 - https:\/\/yoast.com\/wordpress\/plugins\/seo\/ -->\n<title>Ana Sand House - All Day Dining Restaurant | Ana Mandara Cam Ranh<\/title>\n<meta name=\"description\" content=\"Ph\u1ee5c v\u1ee5 c\u1ea3 ng\u00e0y v\u1edbi 180 ch\u1ed7 ng\u1ed3i l\u00e0 n\u01a1i ho\u00e0n h\u1ea3o cho c\u00e1c bu\u1ed5i \u0111o\u00e0n t\u1ee5 gia \u0111\u00ecnh, v\u00e0 ti\u1ec7c chi\u00eau \u0111\u00e3i. Chuy\u00ean gia \u1ea9m th\u1ef1c c\u1ee7a Ana Sand House m\u1eddi b\u1ea1n \u0111\u1ebfn tr\u1ea3i nghi\u1ec7m ngay!\" \/>\n<meta name=\"robots\" content=\"index, follow, max-snippet:-1, max-image-preview:large, max-video-preview:-1\" \/>\n<link rel=\"canonical\" href=\"https:\/\/anamandaracamranh.com\/vi\/dining\/ana-sand-house\/\" \/>\n<meta property=\"og:locale\" content=\"vi_VN\" \/>\n<meta property=\"og:type\" content=\"article\" \/>\n<meta property=\"og:title\" content=\"Ana Sand House - All Day Dining Restaurant | Ana Mandara Cam Ranh\" \/>\n<meta property=\"og:description\" content=\"Ph\u1ee5c v\u1ee5 c\u1ea3 ng\u00e0y v\u1edbi 180 ch\u1ed7 ng\u1ed3i l\u00e0 n\u01a1i ho\u00e0n h\u1ea3o cho c\u00e1c bu\u1ed5i \u0111o\u00e0n t\u1ee5 gia \u0111\u00ecnh, v\u00e0 ti\u1ec7c chi\u00eau \u0111\u00e3i. Chuy\u00ean gia \u1ea9m th\u1ef1c c\u1ee7a Ana Sand House m\u1eddi b\u1ea1n \u0111\u1ebfn tr\u1ea3i nghi\u1ec7m ngay!\" \/>\n<meta property=\"og:url\" content=\"https:\/\/anamandaracamranh.com\/vi\/dining\/ana-sand-house\/\" \/>\n<meta property=\"og:site_name\" content=\"Ana Mandara Cam Ranh Hotel\" \/>\n<meta property=\"article:modified_time\" content=\"2025-05-26T08:36:05+00:00\" \/>\n<meta property=\"og:image\" content=\"https:\/\/anamandaracamranh.com\/wp-content\/uploads\/sites\/254\/2023\/06\/ANA-MANDARA-CAM-RANH-Ana-Sand-House-restaurant-6.jpeg\" \/>\n\t<meta property=\"og:image:width\" content=\"2200\" \/>\n\t<meta property=\"og:image:height\" content=\"1466\" \/>\n\t<meta property=\"og:image:type\" content=\"image\/jpeg\" \/>\n<meta name=\"twitter:card\" content=\"summary_large_image\" \/>\n<meta name=\"twitter:label1\" content=\"Est. reading time\" \/>\n\t<meta name=\"twitter:data1\" content=\"2 minutes\" \/>\n<script type=\"application\/ld+json\" class=\"yoast-schema-graph\">{\"@context\":\"https:\/\/schema.org\",\"@graph\":[{\"@type\":\"WebPage\",\"@id\":\"https:\/\/anamandaracamranh.com\/vi\/dining\/ana-sand-house\/\",\"url\":\"https:\/\/anamandaracamranh.com\/vi\/dining\/ana-sand-house\/\",\"name\":\"Ana Sand House - All Day Dining Restaurant | Ana Mandara Cam Ranh\",\"isPartOf\":{\"@id\":\"https:\/\/anamandaracamranh.com\/vi\/#website\"},\"primaryImageOfPage\":{\"@id\":\"https:\/\/anamandaracamranh.com\/vi\/dining\/ana-sand-house\/#primaryimage\"},\"image\":{\"@id\":\"https:\/\/anamandaracamranh.com\/vi\/dining\/ana-sand-house\/#primaryimage\"},\"thumbnailUrl\":\"https:\/\/anamandaracamranh.com\/wp-content\/uploads\/sites\/254\/2023\/06\/ANA-MANDARA-CAM-RANH-Ana-Sand-House-restaurant-6.jpeg\",\"datePublished\":\"2022-09-09T03:42:16+00:00\",\"dateModified\":\"2025-05-26T08:36:05+00:00\",\"description\":\"Ph\u1ee5c v\u1ee5 c\u1ea3 ng\u00e0y v\u1edbi 180 ch\u1ed7 ng\u1ed3i l\u00e0 n\u01a1i ho\u00e0n h\u1ea3o cho c\u00e1c bu\u1ed5i \u0111o\u00e0n t\u1ee5 gia \u0111\u00ecnh, v\u00e0 ti\u1ec7c chi\u00eau \u0111\u00e3i. Chuy\u00ean gia \u1ea9m th\u1ef1c c\u1ee7a Ana Sand House m\u1eddi b\u1ea1n \u0111\u1ebfn tr\u1ea3i nghi\u1ec7m ngay!\",\"breadcrumb\":{\"@id\":\"https:\/\/anamandaracamranh.com\/vi\/dining\/ana-sand-house\/#breadcrumb\"},\"inLanguage\":\"vi-VN\",\"potentialAction\":[{\"@type\":\"ReadAction\",\"target\":[\"https:\/\/anamandaracamranh.com\/vi\/dining\/ana-sand-house\/\"]}]},{\"@type\":\"ImageObject\",\"inLanguage\":\"vi-VN\",\"@id\":\"https:\/\/anamandaracamranh.com\/vi\/dining\/ana-sand-house\/#primaryimage\",\"url\":\"https:\/\/anamandaracamranh.com\/wp-content\/uploads\/sites\/254\/2023\/06\/ANA-MANDARA-CAM-RANH-Ana-Sand-House-restaurant-6.jpeg\",\"contentUrl\":\"https:\/\/anamandaracamranh.com\/wp-content\/uploads\/sites\/254\/2023\/06\/ANA-MANDARA-CAM-RANH-Ana-Sand-House-restaurant-6.jpeg\",\"width\":2200,\"height\":1466},{\"@type\":\"BreadcrumbList\",\"@id\":\"https:\/\/anamandaracamranh.com\/vi\/dining\/ana-sand-house\/#breadcrumb\",\"itemListElement\":[{\"@type\":\"ListItem\",\"position\":1,\"name\":\"Home\",\"item\":\"https:\/\/anamandaracamranh.com\/vi\/\"},{\"@type\":\"ListItem\",\"position\":2,\"name\":\"\u1ea8m th\u1ef1c\",\"item\":\"https:\/\/anamandaracamranh.com\/vi\/dining\/\"},{\"@type\":\"ListItem\",\"position\":3,\"name\":\"Ana Sand House\"}]},{\"@type\":\"WebSite\",\"@id\":\"https:\/\/anamandaracamranh.com\/vi\/#website\",\"url\":\"https:\/\/anamandaracamranh.com\/vi\/\",\"name\":\"Ana Mandara Cam Ranh Hotel\",\"description\":\"\",\"potentialAction\":[{\"@type\":\"SearchAction\",\"target\":{\"@type\":\"EntryPoint\",\"urlTemplate\":\"https:\/\/anamandaracamranh.com\/vi\/?s={search_term_string}\"},\"query-input\":\"required name=search_term_string\"}],\"inLanguage\":\"vi-VN\"}]}<\/script>\n<!-- \/ Yoast SEO plugin. -->","yoast_head_json":{"title":"Ana Sand House - All Day Dining Restaurant | Ana Mandara Cam Ranh","description":"Ph\u1ee5c v\u1ee5 c\u1ea3 ng\u00e0y v\u1edbi 180 ch\u1ed7 ng\u1ed3i l\u00e0 n\u01a1i ho\u00e0n h\u1ea3o cho c\u00e1c bu\u1ed5i \u0111o\u00e0n t\u1ee5 gia \u0111\u00ecnh, v\u00e0 ti\u1ec7c chi\u00eau \u0111\u00e3i. Chuy\u00ean gia \u1ea9m th\u1ef1c c\u1ee7a Ana Sand House m\u1eddi b\u1ea1n \u0111\u1ebfn tr\u1ea3i nghi\u1ec7m ngay!","robots":{"index":"index","follow":"follow","max-snippet":"max-snippet:-1","max-image-preview":"max-image-preview:large","max-video-preview":"max-video-preview:-1"},"canonical":"https:\/\/anamandaracamranh.com\/vi\/dining\/ana-sand-house\/","og_locale":"vi_VN","og_type":"article","og_title":"Ana Sand House - All Day Dining Restaurant | Ana Mandara Cam Ranh","og_description":"Ph\u1ee5c v\u1ee5 c\u1ea3 ng\u00e0y v\u1edbi 180 ch\u1ed7 ng\u1ed3i l\u00e0 n\u01a1i ho\u00e0n h\u1ea3o cho c\u00e1c bu\u1ed5i \u0111o\u00e0n t\u1ee5 gia \u0111\u00ecnh, v\u00e0 ti\u1ec7c chi\u00eau \u0111\u00e3i. Chuy\u00ean gia \u1ea9m th\u1ef1c c\u1ee7a Ana Sand House m\u1eddi b\u1ea1n \u0111\u1ebfn tr\u1ea3i nghi\u1ec7m ngay!","og_url":"https:\/\/anamandaracamranh.com\/vi\/dining\/ana-sand-house\/","og_site_name":"Ana Mandara Cam Ranh Hotel","article_modified_time":"2025-05-26T08:36:05+00:00","og_image":[{"width":2200,"height":1466,"url":"https:\/\/anamandaracamranh.com\/wp-content\/uploads\/sites\/254\/2023\/06\/ANA-MANDARA-CAM-RANH-Ana-Sand-House-restaurant-6.jpeg","type":"image\/jpeg"}],"twitter_card":"summary_large_image","twitter_misc":{"Est. reading time":"2 minutes"},"schema":{"@context":"https:\/\/schema.org","@graph":[{"@type":"WebPage","@id":"https:\/\/anamandaracamranh.com\/vi\/dining\/ana-sand-house\/","url":"https:\/\/anamandaracamranh.com\/vi\/dining\/ana-sand-house\/","name":"Ana Sand House - All Day Dining Restaurant | Ana Mandara Cam Ranh","isPartOf":{"@id":"https:\/\/anamandaracamranh.com\/vi\/#website"},"primaryImageOfPage":{"@id":"https:\/\/anamandaracamranh.com\/vi\/dining\/ana-sand-house\/#primaryimage"},"image":{"@id":"https:\/\/anamandaracamranh.com\/vi\/dining\/ana-sand-house\/#primaryimage"},"thumbnailUrl":"https:\/\/anamandaracamranh.com\/wp-content\/uploads\/sites\/254\/2023\/06\/ANA-MANDARA-CAM-RANH-Ana-Sand-House-restaurant-6.jpeg","datePublished":"2022-09-09T03:42:16+00:00","dateModified":"2025-05-26T08:36:05+00:00","description":"Ph\u1ee5c v\u1ee5 c\u1ea3 ng\u00e0y v\u1edbi 180 ch\u1ed7 ng\u1ed3i l\u00e0 n\u01a1i ho\u00e0n h\u1ea3o cho c\u00e1c bu\u1ed5i \u0111o\u00e0n t\u1ee5 gia \u0111\u00ecnh, v\u00e0 ti\u1ec7c chi\u00eau \u0111\u00e3i. Chuy\u00ean gia \u1ea9m th\u1ef1c c\u1ee7a Ana Sand House m\u1eddi b\u1ea1n \u0111\u1ebfn tr\u1ea3i nghi\u1ec7m ngay!","breadcrumb":{"@id":"https:\/\/anamandaracamranh.com\/vi\/dining\/ana-sand-house\/#breadcrumb"},"inLanguage":"vi-VN","potentialAction":[{"@type":"ReadAction","target":["https:\/\/anamandaracamranh.com\/vi\/dining\/ana-sand-house\/"]}]},{"@type":"ImageObject","inLanguage":"vi-VN","@id":"https:\/\/anamandaracamranh.com\/vi\/dining\/ana-sand-house\/#primaryimage","url":"https:\/\/anamandaracamranh.com\/wp-content\/uploads\/sites\/254\/2023\/06\/ANA-MANDARA-CAM-RANH-Ana-Sand-House-restaurant-6.jpeg","contentUrl":"https:\/\/anamandaracamranh.com\/wp-content\/uploads\/sites\/254\/2023\/06\/ANA-MANDARA-CAM-RANH-Ana-Sand-House-restaurant-6.jpeg","width":2200,"height":1466},{"@type":"BreadcrumbList","@id":"https:\/\/anamandaracamranh.com\/vi\/dining\/ana-sand-house\/#breadcrumb","itemListElement":[{"@type":"ListItem","position":1,"name":"Home","item":"https:\/\/anamandaracamranh.com\/vi\/"},{"@type":"ListItem","position":2,"name":"\u1ea8m th\u1ef1c","item":"https:\/\/anamandaracamranh.com\/vi\/dining\/"},{"@type":"ListItem","position":3,"name":"Ana Sand House"}]},{"@type":"WebSite","@id":"https:\/\/anamandaracamranh.com\/vi\/#website","url":"https:\/\/anamandaracamranh.com\/vi\/","name":"Ana Mandara Cam Ranh Hotel","description":"","potentialAction":[{"@type":"SearchAction","target":{"@type":"EntryPoint","urlTemplate":"https:\/\/anamandaracamranh.com\/vi\/?s={search_term_string}"},"query-input":"required name=search_term_string"}],"inLanguage":"vi-VN"}]}},"_links":{"self":[{"href":"https:\/\/anamandaracamranh.com\/vi\/wp-json\/wp\/v2\/pages\/765"}],"collection":[{"href":"https:\/\/anamandaracamranh.com\/vi\/wp-json\/wp\/v2\/pages"}],"about":[{"href":"https:\/\/anamandaracamranh.com\/vi\/wp-json\/wp\/v2\/types\/page"}],"author":[{"embeddable":true,"href":"https:\/\/anamandaracamranh.com\/vi\/wp-json\/wp\/v2\/users\/368"}],"replies":[{"embeddable":true,"href":"https:\/\/anamandaracamranh.com\/vi\/wp-json\/wp\/v2\/comments?post=765"}],"version-history":[{"count":0,"href":"https:\/\/anamandaracamranh.com\/vi\/wp-json\/wp\/v2\/pages\/765\/revisions"}],"up":[{"embeddable":true,"href":"https:\/\/anamandaracamranh.com\/vi\/wp-json\/wp\/v2\/pages\/762"}],"wp:featuredmedia":[{"embeddable":true,"href":"https:\/\/anamandaracamranh.com\/vi\/wp-json\/wp\/v2\/media\/1396"}],"wp:attachment":[{"href":"https:\/\/anamandaracamranh.com\/vi\/wp-json\/wp\/v2\/media?parent=765"}],"wp:term":[{"taxonomy":"category","embeddable":true,"href":"https:\/\/anamandaracamranh.com\/vi\/wp-json\/wp\/v2\/categories?post=765"}],"curies":[{"name":"wp","href":"https:\/\/api.w.org\/{rel}","templated":true}]}}