{"id":764,"date":"2022-09-09T03:49:12","date_gmt":"2022-09-09T03:49:12","guid":{"rendered":"https:\/\/anamandaracamranh.com\/dining\/pool-bar\/"},"modified":"2025-02-19T09:04:21","modified_gmt":"2025-02-19T09:04:21","slug":"pool-bar","status":"publish","type":"page","link":"https:\/\/anamandaracamranh.com\/vi\/dining\/pool-bar\/","title":{"rendered":"Bar H\u1ed3 B\u01a1i"},"content":{"rendered":"<p><span data-sheets-value=\"{&quot;1&quot;:2,&quot;2&quot;:&quot;Ana Pool Bar cung c\u1ea5p cho nh\u1eefng kh\u00e1ch l\u01b0u tr\u00fa y\u00eau th\u00edch b\u01a1i l\u1ed9i v\u00e0 t\u1eafm n\u1eafng nh\u1eefng l\u1ef1a ch\u1ecdn th\u00fa v\u1ecb g\u1ed3m c\u00e1c b\u1eefa \u0103n nh\u1eb9, m\u00f3n \u0103n v\u1eb7t v\u00e0 \u0111\u1ed3 u\u1ed1ng m\u00e1t l\u1ea1nh, ph\u1ee5c v\u1ee5 trong ti\u1ebfng nh\u1ea1c s\u00f4i \u0111\u1ed9ng phong c\u00e1ch c\u00e2u l\u1ea1c b\u1ed9 ven bi\u1ec3n v\u00e0 b\u1ea7u kh\u00f4ng kh\u00ed th\u01b0 gi\u00e3n tuy\u1ec7t \u0111\u1ed1i.\\n\\nSau khi ng\u00e2m m\u00ecnh trong l\u00e0n n\u01b0\u1edbc h\u1ed3 b\u01a1i m\u00e0u ng\u1ecdc lam ho\u1eb7c s\u00f3ng bi\u1ec3n \u00eam \u0111\u1ec1m, h\u00e3y th\u1eed m\u1ed9t m\u00f3n nh\u1eb9 \u0111\u1eadm \u0111\u00e0 v\u00e0 nh\u00e2m nhi ly cocktail do c\u00e1c chuy\u00ean gia pha ch\u1ebf th\u1ef1c hi\u1ec7n \u0111\u1ea7y k\u1ef3 c\u00f4ng. Th\u1ea3 m\u00ecnh tr\u00ean chi\u1ebfc gh\u1ebf d\u00e0i t\u1eafm n\u1eafng, ch\u00ecm \u0111\u1eafm trong m\u1ed9t cu\u1ed1n s\u00e1ch hay ho\u1eb7c tr\u00f2 chuy\u1ec7n th\u01b0 gi\u00e3n v\u00e0 \u0111\u1ec3 lo l\u1eafng c\u1ee7a b\u1ea1n tr\u00f4i \u0111i d\u01b0\u1edbi t\u00e1n d\u1eeba \u0111ung \u0111\u01b0a nh\u1eb9 nh\u00e0ng.\\n\\nKhi m\u1eb7t tr\u1eddi l\u1eb7n, sao b\u1ea1n kh\u00f4ng di\u1ec7n b\u1ed9 c\u00e1nh sang tr\u1ecdng, th\u01b0 th\u00e1i d\u1ea1o tr\u00ean b\u00e3i c\u00e1t v\u00e0 l\u1eafng nghe bu\u1ed5i bi\u1ec3u di\u1ec5n \u00e2m nh\u1ea1c phong c\u00e1ch \u0111\u1ecba ph\u01b0\u01a1ng v\u00e0 qu\u1ed1c t\u1ebf d\u01b0\u1edbi c\u00e1c v\u00ec sao l\u1ea5p l\u00e1nh.&quot;}\" data-sheets-userformat=\"{&quot;2&quot;:14847,&quot;3&quot;:{&quot;1&quot;:0,&quot;3&quot;:1},&quot;4&quot;:{&quot;1&quot;:2,&quot;2&quot;:16777215},&quot;5&quot;:{&quot;1&quot;:[{&quot;1&quot;:2,&quot;2&quot;:0,&quot;5&quot;:{&quot;1&quot;:0}},{&quot;1&quot;:0,&quot;2&quot;:0,&quot;3&quot;:3},{&quot;1&quot;:1,&quot;2&quot;:0,&quot;4&quot;:1}]},&quot;6&quot;:{&quot;1&quot;:[{&quot;1&quot;:2,&quot;2&quot;:0,&quot;5&quot;:{&quot;1&quot;:0}},{&quot;1&quot;:0,&quot;2&quot;:0,&quot;3&quot;:3},{&quot;1&quot;:1,&quot;2&quot;:0,&quot;4&quot;:1}]},&quot;7&quot;:{&quot;1&quot;:[{&quot;1&quot;:2,&quot;2&quot;:0,&quot;5&quot;:{&quot;1&quot;:0}},{&quot;1&quot;:0,&quot;2&quot;:0,&quot;3&quot;:3},{&quot;1&quot;:1,&quot;2&quot;:0,&quot;4&quot;:1}]},&quot;8&quot;:{&quot;1&quot;:[{&quot;1&quot;:2,&quot;2&quot;:0,&quot;5&quot;:{&quot;1&quot;:0}},{&quot;1&quot;:0,&quot;2&quot;:0,&quot;3&quot;:3},{&quot;1&quot;:1,&quot;2&quot;:0,&quot;4&quot;:1}]},&quot;9&quot;:0,&quot;10&quot;:1,&quot;11&quot;:4,&quot;14&quot;:{&quot;1&quot;:3,&quot;3&quot;:1},&quot;15&quot;:&quot;Montserrat&quot;,&quot;16&quot;:10}\">Ana Pool Bar cung c\u1ea5p cho nh\u1eefng kh\u00e1ch l\u01b0u tr\u00fa y\u00eau th\u00edch b\u01a1i l\u1ed9i v\u00e0 t\u1eafm n\u1eafng nh\u1eefng l\u1ef1a ch\u1ecdn th\u00fa v\u1ecb g\u1ed3m c\u00e1c b\u1eefa \u0103n nh\u1eb9, m\u00f3n \u0103n v\u1eb7t v\u00e0 \u0111\u1ed3 u\u1ed1ng m\u00e1t l\u1ea1nh, ph\u1ee5c v\u1ee5 trong ti\u1ebfng nh\u1ea1c s\u00f4i \u0111\u1ed9ng phong c\u00e1ch c\u00e2u l\u1ea1c b\u1ed9 ven bi\u1ec3n v\u00e0 b\u1ea7u kh\u00f4ng kh\u00ed th\u01b0 gi\u00e3n tuy\u1ec7t \u0111\u1ed1i.<\/span><\/p>\n<p>Sau khi ng\u00e2m m\u00ecnh trong l\u00e0n n\u01b0\u1edbc h\u1ed3 b\u01a1i m\u00e0u ng\u1ecdc lam ho\u1eb7c s\u00f3ng bi\u1ec3n \u00eam \u0111\u1ec1m, h\u00e3y th\u1eed m\u1ed9t m\u00f3n nh\u1eb9 \u0111\u1eadm \u0111\u00e0 v\u00e0 nh\u00e2m nhi ly cocktail do c\u00e1c chuy\u00ean gia pha ch\u1ebf th\u1ef1c hi\u1ec7n \u0111\u1ea7y k\u1ef3 c\u00f4ng. Th\u1ea3 m\u00ecnh tr\u00ean chi\u1ebfc gh\u1ebf d\u00e0i t\u1eafm n\u1eafng, ch\u00ecm \u0111\u1eafm trong m\u1ed9t cu\u1ed1n s\u00e1ch hay ho\u1eb7c tr\u00f2 chuy\u1ec7n th\u01b0 gi\u00e3n v\u00e0 \u0111\u1ec3 lo l\u1eafng c\u1ee7a b\u1ea1n tr\u00f4i \u0111i d\u01b0\u1edbi t\u00e1n d\u1eeba \u0111ung \u0111\u01b0a nh\u1eb9 nh\u00e0ng.<\/p>\n<p>Khi m\u1eb7t tr\u1eddi l\u1eb7n, sao b\u1ea1n kh\u00f4ng di\u1ec7n b\u1ed9 c\u00e1nh sang tr\u1ecdng, th\u01b0 th\u00e1i d\u1ea1o tr\u00ean b\u00e3i c\u00e1t v\u00e0 l\u1eafng nghe bu\u1ed5i bi\u1ec3u di\u1ec5n \u00e2m nh\u1ea1c phong c\u00e1ch \u0111\u1ecba ph\u01b0\u01a1ng v\u00e0 qu\u1ed1c t\u1ebf d\u01b0\u1edbi c\u00e1c v\u00ec sao l\u1ea5p l\u00e1nh.<\/p>\n","protected":false},"excerpt":{"rendered":"<p>Ana Pool Bar cung c\u1ea5p cho nh\u1eefng kh\u00e1ch l\u01b0u tr\u00fa y\u00eau th\u00edch b\u01a1i l\u1ed9i v\u00e0 t\u1eafm n\u1eafng nh\u1eefng l\u1ef1a ch\u1ecdn th\u00fa v\u1ecb g\u1ed3m c\u00e1c b\u1eefa \u0103n nh\u1eb9, m\u00f3n \u0103n v\u1eb7t v\u00e0 \u0111\u1ed3 u\u1ed1ng m\u00e1t l\u1ea1nh, ph\u1ee5c v\u1ee5 trong ti\u1ebfng nh\u1ea1c s\u00f4i \u0111\u1ed9ng phong c\u00e1ch c\u00e2u l\u1ea1c b\u1ed9 ven bi\u1ec3n v\u00e0 b\u1ea7u kh\u00f4ng kh\u00ed th\u01b0 gi\u00e3n [&hellip;]<\/p>\n","protected":false},"author":368,"featured_media":1398,"parent":762,"menu_order":1,"comment_status":"closed","ping_status":"closed","template":"template-single-restaurant.php","meta":{"footnotes":""},"categories":[],"acf":[],"yoast_head":"<!-- This site is optimized with the Yoast SEO plugin v22.3 - https:\/\/yoast.com\/wordpress\/plugins\/seo\/ -->\n<title>Bar H\u1ed3 B\u01a1i | Ana Mandara Cam Ranh<\/title>\n<meta name=\"description\" content=\"Pool Bar ph\u1ee5c v\u1ee5 du kh\u00e1ch m\u00ea b\u01a1i l\u1ed9i v\u00e0 t\u1eafm n\u1eafng su\u1ed1t c\u1ea3 ng\u00e0y v\u1edbi nhi\u1ec1u m\u00f3n \u0103n nh\u1eb9 v\u00e0 \u0111\u1ed3 u\u1ed1ng m\u00e1t l\u1ea1nh gi\u00fap b\u1ea1n th\u01b0 gi\u00e3n ngo\u00e0i tr\u1eddi vui h\u01a1n.\" \/>\n<meta name=\"robots\" content=\"index, follow, max-snippet:-1, max-image-preview:large, max-video-preview:-1\" \/>\n<link rel=\"canonical\" href=\"https:\/\/anamandaracamranh.com\/vi\/dining\/pool-bar\/\" \/>\n<meta property=\"og:locale\" content=\"vi_VN\" \/>\n<meta property=\"og:type\" content=\"article\" \/>\n<meta property=\"og:title\" content=\"Bar H\u1ed3 B\u01a1i | Ana Mandara Cam Ranh\" \/>\n<meta property=\"og:description\" content=\"Pool Bar ph\u1ee5c v\u1ee5 du kh\u00e1ch m\u00ea b\u01a1i l\u1ed9i v\u00e0 t\u1eafm n\u1eafng su\u1ed1t c\u1ea3 ng\u00e0y v\u1edbi nhi\u1ec1u m\u00f3n \u0103n nh\u1eb9 v\u00e0 \u0111\u1ed3 u\u1ed1ng m\u00e1t l\u1ea1nh gi\u00fap b\u1ea1n th\u01b0 gi\u00e3n ngo\u00e0i tr\u1eddi vui h\u01a1n.\" \/>\n<meta property=\"og:url\" content=\"https:\/\/anamandaracamranh.com\/vi\/dining\/pool-bar\/\" \/>\n<meta property=\"og:site_name\" content=\"Ana Mandara Cam Ranh Hotel\" \/>\n<meta property=\"article:modified_time\" content=\"2025-02-19T09:04:21+00:00\" \/>\n<meta property=\"og:image\" content=\"https:\/\/anamandaracamranh.com\/wp-content\/uploads\/sites\/254\/2023\/06\/ANA-MANDARA-CAM-RANH-Pool-Bar.jpg\" \/>\n\t<meta property=\"og:image:width\" content=\"2200\" \/>\n\t<meta property=\"og:image:height\" content=\"1650\" \/>\n\t<meta property=\"og:image:type\" content=\"image\/jpeg\" \/>\n<meta name=\"twitter:card\" content=\"summary_large_image\" \/>\n<meta name=\"twitter:label1\" content=\"Est. reading time\" \/>\n\t<meta name=\"twitter:data1\" content=\"1 minute\" \/>\n<script type=\"application\/ld+json\" class=\"yoast-schema-graph\">{\"@context\":\"https:\/\/schema.org\",\"@graph\":[{\"@type\":\"WebPage\",\"@id\":\"https:\/\/anamandaracamranh.com\/vi\/dining\/pool-bar\/\",\"url\":\"https:\/\/anamandaracamranh.com\/vi\/dining\/pool-bar\/\",\"name\":\"Bar H\u1ed3 B\u01a1i | Ana Mandara Cam Ranh\",\"isPartOf\":{\"@id\":\"https:\/\/anamandaracamranh.com\/vi\/#website\"},\"primaryImageOfPage\":{\"@id\":\"https:\/\/anamandaracamranh.com\/vi\/dining\/pool-bar\/#primaryimage\"},\"image\":{\"@id\":\"https:\/\/anamandaracamranh.com\/vi\/dining\/pool-bar\/#primaryimage\"},\"thumbnailUrl\":\"https:\/\/anamandaracamranh.com\/wp-content\/uploads\/sites\/254\/2023\/06\/ANA-MANDARA-CAM-RANH-Pool-Bar.jpg\",\"datePublished\":\"2022-09-09T03:49:12+00:00\",\"dateModified\":\"2025-02-19T09:04:21+00:00\",\"description\":\"Pool Bar ph\u1ee5c v\u1ee5 du kh\u00e1ch m\u00ea b\u01a1i l\u1ed9i v\u00e0 t\u1eafm n\u1eafng su\u1ed1t c\u1ea3 ng\u00e0y v\u1edbi nhi\u1ec1u m\u00f3n \u0103n nh\u1eb9 v\u00e0 \u0111\u1ed3 u\u1ed1ng m\u00e1t l\u1ea1nh gi\u00fap b\u1ea1n th\u01b0 gi\u00e3n ngo\u00e0i tr\u1eddi vui h\u01a1n.\",\"breadcrumb\":{\"@id\":\"https:\/\/anamandaracamranh.com\/vi\/dining\/pool-bar\/#breadcrumb\"},\"inLanguage\":\"vi-VN\",\"potentialAction\":[{\"@type\":\"ReadAction\",\"target\":[\"https:\/\/anamandaracamranh.com\/vi\/dining\/pool-bar\/\"]}]},{\"@type\":\"ImageObject\",\"inLanguage\":\"vi-VN\",\"@id\":\"https:\/\/anamandaracamranh.com\/vi\/dining\/pool-bar\/#primaryimage\",\"url\":\"https:\/\/anamandaracamranh.com\/wp-content\/uploads\/sites\/254\/2023\/06\/ANA-MANDARA-CAM-RANH-Pool-Bar.jpg\",\"contentUrl\":\"https:\/\/anamandaracamranh.com\/wp-content\/uploads\/sites\/254\/2023\/06\/ANA-MANDARA-CAM-RANH-Pool-Bar.jpg\",\"width\":2200,\"height\":1650},{\"@type\":\"BreadcrumbList\",\"@id\":\"https:\/\/anamandaracamranh.com\/vi\/dining\/pool-bar\/#breadcrumb\",\"itemListElement\":[{\"@type\":\"ListItem\",\"position\":1,\"name\":\"Home\",\"item\":\"https:\/\/anamandaracamranh.com\/vi\/\"},{\"@type\":\"ListItem\",\"position\":2,\"name\":\"\u1ea8m th\u1ef1c\",\"item\":\"https:\/\/anamandaracamranh.com\/vi\/dining\/\"},{\"@type\":\"ListItem\",\"position\":3,\"name\":\"Bar H\u1ed3 B\u01a1i\"}]},{\"@type\":\"WebSite\",\"@id\":\"https:\/\/anamandaracamranh.com\/vi\/#website\",\"url\":\"https:\/\/anamandaracamranh.com\/vi\/\",\"name\":\"Ana Mandara Cam Ranh Hotel\",\"description\":\"\",\"potentialAction\":[{\"@type\":\"SearchAction\",\"target\":{\"@type\":\"EntryPoint\",\"urlTemplate\":\"https:\/\/anamandaracamranh.com\/vi\/?s={search_term_string}\"},\"query-input\":\"required name=search_term_string\"}],\"inLanguage\":\"vi-VN\"}]}<\/script>\n<!-- \/ Yoast SEO plugin. -->","yoast_head_json":{"title":"Bar H\u1ed3 B\u01a1i | Ana Mandara Cam Ranh","description":"Pool Bar ph\u1ee5c v\u1ee5 du kh\u00e1ch m\u00ea b\u01a1i l\u1ed9i v\u00e0 t\u1eafm n\u1eafng su\u1ed1t c\u1ea3 ng\u00e0y v\u1edbi nhi\u1ec1u m\u00f3n \u0103n nh\u1eb9 v\u00e0 \u0111\u1ed3 u\u1ed1ng m\u00e1t l\u1ea1nh gi\u00fap b\u1ea1n th\u01b0 gi\u00e3n ngo\u00e0i tr\u1eddi vui h\u01a1n.","robots":{"index":"index","follow":"follow","max-snippet":"max-snippet:-1","max-image-preview":"max-image-preview:large","max-video-preview":"max-video-preview:-1"},"canonical":"https:\/\/anamandaracamranh.com\/vi\/dining\/pool-bar\/","og_locale":"vi_VN","og_type":"article","og_title":"Bar H\u1ed3 B\u01a1i | Ana Mandara Cam Ranh","og_description":"Pool Bar ph\u1ee5c v\u1ee5 du kh\u00e1ch m\u00ea b\u01a1i l\u1ed9i v\u00e0 t\u1eafm n\u1eafng su\u1ed1t c\u1ea3 ng\u00e0y v\u1edbi nhi\u1ec1u m\u00f3n \u0103n nh\u1eb9 v\u00e0 \u0111\u1ed3 u\u1ed1ng m\u00e1t l\u1ea1nh gi\u00fap b\u1ea1n th\u01b0 gi\u00e3n ngo\u00e0i tr\u1eddi vui h\u01a1n.","og_url":"https:\/\/anamandaracamranh.com\/vi\/dining\/pool-bar\/","og_site_name":"Ana Mandara Cam Ranh Hotel","article_modified_time":"2025-02-19T09:04:21+00:00","og_image":[{"width":2200,"height":1650,"url":"https:\/\/anamandaracamranh.com\/wp-content\/uploads\/sites\/254\/2023\/06\/ANA-MANDARA-CAM-RANH-Pool-Bar.jpg","type":"image\/jpeg"}],"twitter_card":"summary_large_image","twitter_misc":{"Est. reading time":"1 minute"},"schema":{"@context":"https:\/\/schema.org","@graph":[{"@type":"WebPage","@id":"https:\/\/anamandaracamranh.com\/vi\/dining\/pool-bar\/","url":"https:\/\/anamandaracamranh.com\/vi\/dining\/pool-bar\/","name":"Bar H\u1ed3 B\u01a1i | Ana Mandara Cam Ranh","isPartOf":{"@id":"https:\/\/anamandaracamranh.com\/vi\/#website"},"primaryImageOfPage":{"@id":"https:\/\/anamandaracamranh.com\/vi\/dining\/pool-bar\/#primaryimage"},"image":{"@id":"https:\/\/anamandaracamranh.com\/vi\/dining\/pool-bar\/#primaryimage"},"thumbnailUrl":"https:\/\/anamandaracamranh.com\/wp-content\/uploads\/sites\/254\/2023\/06\/ANA-MANDARA-CAM-RANH-Pool-Bar.jpg","datePublished":"2022-09-09T03:49:12+00:00","dateModified":"2025-02-19T09:04:21+00:00","description":"Pool Bar ph\u1ee5c v\u1ee5 du kh\u00e1ch m\u00ea b\u01a1i l\u1ed9i v\u00e0 t\u1eafm n\u1eafng su\u1ed1t c\u1ea3 ng\u00e0y v\u1edbi nhi\u1ec1u m\u00f3n \u0103n nh\u1eb9 v\u00e0 \u0111\u1ed3 u\u1ed1ng m\u00e1t l\u1ea1nh gi\u00fap b\u1ea1n th\u01b0 gi\u00e3n ngo\u00e0i tr\u1eddi vui h\u01a1n.","breadcrumb":{"@id":"https:\/\/anamandaracamranh.com\/vi\/dining\/pool-bar\/#breadcrumb"},"inLanguage":"vi-VN","potentialAction":[{"@type":"ReadAction","target":["https:\/\/anamandaracamranh.com\/vi\/dining\/pool-bar\/"]}]},{"@type":"ImageObject","inLanguage":"vi-VN","@id":"https:\/\/anamandaracamranh.com\/vi\/dining\/pool-bar\/#primaryimage","url":"https:\/\/anamandaracamranh.com\/wp-content\/uploads\/sites\/254\/2023\/06\/ANA-MANDARA-CAM-RANH-Pool-Bar.jpg","contentUrl":"https:\/\/anamandaracamranh.com\/wp-content\/uploads\/sites\/254\/2023\/06\/ANA-MANDARA-CAM-RANH-Pool-Bar.jpg","width":2200,"height":1650},{"@type":"BreadcrumbList","@id":"https:\/\/anamandaracamranh.com\/vi\/dining\/pool-bar\/#breadcrumb","itemListElement":[{"@type":"ListItem","position":1,"name":"Home","item":"https:\/\/anamandaracamranh.com\/vi\/"},{"@type":"ListItem","position":2,"name":"\u1ea8m th\u1ef1c","item":"https:\/\/anamandaracamranh.com\/vi\/dining\/"},{"@type":"ListItem","position":3,"name":"Bar H\u1ed3 B\u01a1i"}]},{"@type":"WebSite","@id":"https:\/\/anamandaracamranh.com\/vi\/#website","url":"https:\/\/anamandaracamranh.com\/vi\/","name":"Ana Mandara Cam Ranh Hotel","description":"","potentialAction":[{"@type":"SearchAction","target":{"@type":"EntryPoint","urlTemplate":"https:\/\/anamandaracamranh.com\/vi\/?s={search_term_string}"},"query-input":"required name=search_term_string"}],"inLanguage":"vi-VN"}]}},"_links":{"self":[{"href":"https:\/\/anamandaracamranh.com\/vi\/wp-json\/wp\/v2\/pages\/764"}],"collection":[{"href":"https:\/\/anamandaracamranh.com\/vi\/wp-json\/wp\/v2\/pages"}],"about":[{"href":"https:\/\/anamandaracamranh.com\/vi\/wp-json\/wp\/v2\/types\/page"}],"author":[{"embeddable":true,"href":"https:\/\/anamandaracamranh.com\/vi\/wp-json\/wp\/v2\/users\/368"}],"replies":[{"embeddable":true,"href":"https:\/\/anamandaracamranh.com\/vi\/wp-json\/wp\/v2\/comments?post=764"}],"version-history":[{"count":0,"href":"https:\/\/anamandaracamranh.com\/vi\/wp-json\/wp\/v2\/pages\/764\/revisions"}],"up":[{"embeddable":true,"href":"https:\/\/anamandaracamranh.com\/vi\/wp-json\/wp\/v2\/pages\/762"}],"wp:featuredmedia":[{"embeddable":true,"href":"https:\/\/anamandaracamranh.com\/vi\/wp-json\/wp\/v2\/media\/1398"}],"wp:attachment":[{"href":"https:\/\/anamandaracamranh.com\/vi\/wp-json\/wp\/v2\/media?parent=764"}],"wp:term":[{"taxonomy":"category","embeddable":true,"href":"https:\/\/anamandaracamranh.com\/vi\/wp-json\/wp\/v2\/categories?post=764"}],"curies":[{"name":"wp","href":"https:\/\/api.w.org\/{rel}","templated":true}]}}