{"id":763,"date":"2022-09-09T03:17:31","date_gmt":"2022-09-09T03:17:31","guid":{"rendered":"https:\/\/anamandaracamranh.com\/dining\/ana-beach-house\/"},"modified":"2025-02-19T08:54:54","modified_gmt":"2025-02-19T08:54:54","slug":"ana-beach-house","status":"publish","type":"page","link":"https:\/\/anamandaracamranh.com\/vi\/dining\/ana-beach-house\/","title":{"rendered":"Ana Beach House"},"content":{"rendered":"<p><span data-sheets-value=\"{&quot;1&quot;:2,&quot;2&quot;:&quot;Ana Beach House \u0111\u00e3 n\u1ed5i danh t\u1ea1i Nha Trang h\u01a1n hai th\u1eadp k\u1ef7, nay th\u01b0\u01a1ng hi\u1ec7u n\u00e0y mang \u0111\u1ebfn B\u00e3i D\u00e0i phong c\u00e1ch \u1ea9m th\u1ef1c \u0111\u1ed9c \u0111\u00e1o v\u00e0 cung c\u00e1ch ph\u1ee5c v\u1ee5 \u0111\u1eb3ng c\u1ea5p qu\u1ed1c t\u1ebf. Nh\u00e0 h\u00e0ng thi\u1ebft k\u1ebf l\u1ea5y c\u1ea3m h\u1ee9ng t\u1eeb n\u00e9t \u0111\u1eb9p v\u0103n h\u00f3a v\u00e0 danh lam th\u1eafng c\u1ea3nh \u0111\u1eb7c tr\u01b0ng c\u1ee7a t\u1ec9nh Kh\u00e1nh H\u00f2a v\u1edbi nh\u1eefng \u0111\u01b0\u1eddng n\u00e9t ki\u1ebfn \u200b\u200btr\u00fac u\u1ed1n l\u01b0\u1ee3n, k\u1ebft h\u1ee3p v\u1edbi ph\u1ea7n m\u00e1i l\u00e0 nh\u1eefng chi\u1ebfc n\u00f3n l\u00e1 c\u1ee7a di\u00eam d\u00e2n v\u00f9ng bi\u1ec3n c\u00f9ng nh\u1eefng c\u1ed3n c\u00e1t tr\u1eafng nh\u01b0 ng\u1ecdc c\u00e0ng \u0111i\u1ec3m xuy\u1ebfn cho v\u1ebb \u0111\u1eb9p nguy\u00ean s\u01a1 c\u1ee7a b\u00e1n \u0111\u1ea3o Cam Ranh.\\n\\nKh\u00f4ng gian b\u1ebfp m\u1edf h\u01b0\u1edbng t\u1ea7m nh\u00ecn ra \u0111\u1ea1i d\u01b0\u01a1ng, n\u01a1i th\u1ef1c kh\u00e1ch c\u00f3 th\u1ec3 th\u01b0\u1edfng th\u1ee9c th\u1ef1c \u0111\u01a1n ngon mi\u1ec7ng cho b\u1eefa tr\u01b0a ho\u1eb7c b\u1eefa t\u1ed1i. N\u1ebfu ti\u00eau ch\u00ed c\u1ee7a chuy\u1ebfn \u0111i l\u00e0 kh\u00e1m ph\u00e1 phong v\u1ecb \u0111\u1ecba ph\u01b0\u01a1ng v\u00e0 n\u1ec1n \u1ea9m th\u1ef1c Vi\u1ec7t phong ph\u00fa th\u00ec th\u1ef1c \u0111\u01a1n c\u1ee7a Ana Beach House l\u00e0 ng\u01b0\u1eddi d\u1eabn \u0111\u01b0\u1eddng. V\u1edbi c\u00e1c th\u00e0nh ph\u1ea7n g\u1ed3m th\u1ea3o m\u1ed9c, c\u00e2y tr\u00e1i, rau t\u01b0\u01a1i \u0111\u01b0\u1ee3c tr\u1ed3ng ngay trong khu v\u01b0\u1eddn nh\u1ecf c\u1ee7a ri\u00eang \u0111\u1ea7u b\u1ebfp ch\u00fang t\u00f4i, \u0111i c\u00f9ng v\u1edbi ngu\u1ed3n h\u1ea3i s\u1ea3n \u0111\u01b0\u1ee3c \u0111\u00e1nh b\u1eaft t\u01b0\u01a1i m\u1edbi m\u1ed7i ng\u00e0y, B\u1ebfp tr\u01b0\u1edfng James s\u1ebd s\u00e1ng t\u1ea1o n\u00ean th\u1ef1c \u0111\u01a1n h\u1ea3i s\u1ea3n phong v\u1ecb ch\u00e2u \u00c1 Th\u00e1i B\u00ecnh D\u01b0\u01a1ng, c\u00e0ng tuy\u1ec7t h\u01a1n khi \u0111\u01b0\u1ee3c th\u01b0\u1edfng th\u1ee9c c\u00f9ng ly r\u01b0\u1ee3u vang th\u01b0\u1ee3ng h\u1ea1ng. \\n\\n\u0110\u1ebfn v\u1edbi Ana Beach House \u0111\u1ec3 c\u1ea3m nh\u1eadn l\u00e0n gi\u00f3 bi\u1ec3n m\u00e1t l\u00e0nh, kh\u00f4ng kh\u00ed nhi\u1ec7t \u0111\u1edbi s\u1ed1ng \u0111\u1ed9ng v\u00e0 t\u1eadn h\u01b0\u1edfng c\u00e1c phong v\u1ecb \u1ea9m th\u1ef1c kh\u00f3 qu\u00ean.&quot;}\" data-sheets-userformat=\"{&quot;2&quot;:14847,&quot;3&quot;:{&quot;1&quot;:0,&quot;3&quot;:1},&quot;4&quot;:{&quot;1&quot;:2,&quot;2&quot;:16777215},&quot;5&quot;:{&quot;1&quot;:[{&quot;1&quot;:2,&quot;2&quot;:0,&quot;5&quot;:{&quot;1&quot;:0}},{&quot;1&quot;:0,&quot;2&quot;:0,&quot;3&quot;:3},{&quot;1&quot;:1,&quot;2&quot;:0,&quot;4&quot;:1}]},&quot;6&quot;:{&quot;1&quot;:[{&quot;1&quot;:2,&quot;2&quot;:0,&quot;5&quot;:{&quot;1&quot;:0}},{&quot;1&quot;:0,&quot;2&quot;:0,&quot;3&quot;:3},{&quot;1&quot;:1,&quot;2&quot;:0,&quot;4&quot;:1}]},&quot;7&quot;:{&quot;1&quot;:[{&quot;1&quot;:2,&quot;2&quot;:0,&quot;5&quot;:{&quot;1&quot;:0}},{&quot;1&quot;:0,&quot;2&quot;:0,&quot;3&quot;:3},{&quot;1&quot;:1,&quot;2&quot;:0,&quot;4&quot;:1}]},&quot;8&quot;:{&quot;1&quot;:[{&quot;1&quot;:2,&quot;2&quot;:0,&quot;5&quot;:{&quot;1&quot;:0}},{&quot;1&quot;:0,&quot;2&quot;:0,&quot;3&quot;:3},{&quot;1&quot;:1,&quot;2&quot;:0,&quot;4&quot;:1}]},&quot;9&quot;:0,&quot;10&quot;:1,&quot;11&quot;:4,&quot;14&quot;:{&quot;1&quot;:3,&quot;3&quot;:1},&quot;15&quot;:&quot;Montserrat&quot;,&quot;16&quot;:10}\">Ana Beach House \u0111\u00e3 n\u1ed5i danh t\u1ea1i Nha Trang h\u01a1n hai th\u1eadp k\u1ef7. Gi\u1edd \u0111\u00e2y, th\u01b0\u01a1ng hi\u1ec7u n\u00e0y mang \u0111\u1ebfn B\u00e3i D\u00e0i phong c\u00e1ch \u1ea9m th\u1ef1c \u0111\u1ed9c \u0111\u00e1o v\u00e0 cung c\u00e1ch ph\u1ee5c v\u1ee5 \u0111\u1eb3ng c\u1ea5p qu\u1ed1c t\u1ebf. Nh\u00e0 h\u00e0ng thi\u1ebft k\u1ebf l\u1ea5y c\u1ea3m h\u1ee9ng t\u1eeb n\u00e9t \u0111\u1eb9p v\u0103n h\u00f3a v\u00e0 danh lam th\u1eafng c\u1ea3nh \u0111\u1eb7c tr\u01b0ng c\u1ee7a t\u1ec9nh Kh\u00e1nh H\u00f2a v\u1edbi nh\u1eefng \u0111\u01b0\u1eddng n\u00e9t ki\u1ebfn \u200b\u200btr\u00fac u\u1ed1n l\u01b0\u1ee3n, k\u1ebft h\u1ee3p v\u1edbi ph\u1ea7n m\u00e1i l\u00e0 nh\u1eefng chi\u1ebfc n\u00f3n l\u00e1 c\u1ee7a di\u00eam d\u00e2n v\u00f9ng bi\u1ec3n c\u00f9ng nh\u1eefng c\u1ed3n c\u00e1t tr\u1eafng nh\u01b0 ng\u1ecdc c\u00e0ng \u0111i\u1ec3m xuy\u1ebfn cho v\u1ebb \u0111\u1eb9p nguy\u00ean s\u01a1 c\u1ee7a b\u00e1n \u0111\u1ea3o Cam Ranh.<\/span><\/p>\n<p>Kh\u00f4ng gian b\u1ebfp m\u1edf h\u01b0\u1edbng t\u1ea7m nh\u00ecn ra \u0111\u1ea1i d\u01b0\u01a1ng, n\u01a1i th\u1ef1c kh\u00e1ch c\u00f3 th\u1ec3 th\u01b0\u1edfng th\u1ee9c th\u1ef1c \u0111\u01a1n ngon mi\u1ec7ng cho b\u1eefa tr\u01b0a ho\u1eb7c b\u1eefa t\u1ed1i. N\u1ebfu ti\u00eau ch\u00ed c\u1ee7a chuy\u1ebfn \u0111i l\u00e0 kh\u00e1m ph\u00e1 phong v\u1ecb \u0111\u1ecba ph\u01b0\u01a1ng v\u00e0 n\u1ec1n \u1ea9m th\u1ef1c Vi\u1ec7t phong ph\u00fa th\u00ec th\u1ef1c \u0111\u01a1n c\u1ee7a Ana Beach House l\u00e0 ng\u01b0\u1eddi d\u1eabn \u0111\u01b0\u1eddng. V\u1edbi c\u00e1c th\u00e0nh ph\u1ea7n g\u1ed3m th\u1ea3o m\u1ed9c, c\u00e2y tr\u00e1i, rau t\u01b0\u01a1i \u0111\u01b0\u1ee3c tr\u1ed3ng ngay trong khu v\u01b0\u1eddn nh\u1ecf c\u1ee7a ri\u00eang \u0111\u1ea7u b\u1ebfp ch\u00fang t\u00f4i, \u0111i c\u00f9ng v\u1edbi ngu\u1ed3n h\u1ea3i s\u1ea3n \u0111\u01b0\u1ee3c \u0111\u00e1nh b\u1eaft t\u01b0\u01a1i m\u1edbi m\u1ed7i ng\u00e0y, B\u1ebfp tr\u01b0\u1edfng James s\u1ebd s\u00e1ng t\u1ea1o n\u00ean th\u1ef1c \u0111\u01a1n h\u1ea3i s\u1ea3n phong v\u1ecb ch\u00e2u \u00c1 Th\u00e1i B\u00ecnh D\u01b0\u01a1ng, c\u00e0ng tuy\u1ec7t h\u01a1n khi \u0111\u01b0\u1ee3c th\u01b0\u1edfng th\u1ee9c c\u00f9ng ly r\u01b0\u1ee3u vang th\u01b0\u1ee3ng h\u1ea1ng.<\/p>\n<p>\u0110\u1ebfn v\u1edbi Ana Beach House \u0111\u1ec3 c\u1ea3m nh\u1eadn l\u00e0n gi\u00f3 bi\u1ec3n m\u00e1t l\u00e0nh, kh\u00f4ng kh\u00ed nhi\u1ec7t \u0111\u1edbi s\u1ed1ng \u0111\u1ed9ng v\u00e0 t\u1eadn h\u01b0\u1edfng c\u00e1c phong v\u1ecb \u1ea9m th\u1ef1c kh\u00f3 qu\u00ean.<\/p>\n","protected":false},"excerpt":{"rendered":"<p>Ana Beach House \u0111\u00e3 n\u1ed5i danh t\u1ea1i Nha Trang h\u01a1n hai th\u1eadp k\u1ef7. Gi\u1edd \u0111\u00e2y, th\u01b0\u01a1ng hi\u1ec7u n\u00e0y mang \u0111\u1ebfn B\u00e3i D\u00e0i phong c\u00e1ch \u1ea9m th\u1ef1c \u0111\u1ed9c \u0111\u00e1o v\u00e0 cung c\u00e1ch ph\u1ee5c v\u1ee5 \u0111\u1eb3ng c\u1ea5p qu\u1ed1c t\u1ebf. Nh\u00e0 h\u00e0ng thi\u1ebft k\u1ebf l\u1ea5y c\u1ea3m h\u1ee9ng t\u1eeb n\u00e9t \u0111\u1eb9p v\u0103n h\u00f3a v\u00e0 danh lam th\u1eafng c\u1ea3nh \u0111\u1eb7c [&hellip;]<\/p>\n","protected":false},"author":368,"featured_media":1772,"parent":762,"menu_order":0,"comment_status":"closed","ping_status":"closed","template":"template-single-restaurant.php","meta":{"footnotes":""},"categories":[],"acf":[],"yoast_head":"<!-- This site is optimized with the Yoast SEO plugin v22.3 - https:\/\/yoast.com\/wordpress\/plugins\/seo\/ -->\n<title>Ana Beach House | Ana Mandara Cam Ranh<\/title>\n<meta name=\"description\" content=\"Kh\u00e1m ph\u00e1 c\u00e1c m\u00f3n \u0103n ngon c\u1ee7a Vi\u1ec7t Nam, \u00c1, \u00c2u t\u1ea1i nh\u00e0 h\u00e0ng Ana Beach House d\u01b0\u1edbi \u00e1nh s\u00e1ng t\u1ef1 nhi\u00ean tr\u00e0n ng\u1eadp ho\u1eb7c d\u01b0\u1edbi \u00e1nh n\u1ebfn l\u00e3ng m\u1ea1n. \u0110\u1eb7t b\u00e0n ngay.\" \/>\n<meta name=\"robots\" content=\"index, follow, max-snippet:-1, max-image-preview:large, max-video-preview:-1\" \/>\n<link rel=\"canonical\" href=\"https:\/\/anamandaracamranh.com\/vi\/dining\/ana-beach-house\/\" \/>\n<meta property=\"og:locale\" content=\"vi_VN\" \/>\n<meta property=\"og:type\" content=\"article\" \/>\n<meta property=\"og:title\" content=\"Ana Beach House | Ana Mandara Cam Ranh\" \/>\n<meta property=\"og:description\" content=\"Kh\u00e1m ph\u00e1 c\u00e1c m\u00f3n \u0103n ngon c\u1ee7a Vi\u1ec7t Nam, \u00c1, \u00c2u t\u1ea1i nh\u00e0 h\u00e0ng Ana Beach House d\u01b0\u1edbi \u00e1nh s\u00e1ng t\u1ef1 nhi\u00ean tr\u00e0n ng\u1eadp ho\u1eb7c d\u01b0\u1edbi \u00e1nh n\u1ebfn l\u00e3ng m\u1ea1n. \u0110\u1eb7t b\u00e0n ngay.\" \/>\n<meta property=\"og:url\" content=\"https:\/\/anamandaracamranh.com\/vi\/dining\/ana-beach-house\/\" \/>\n<meta property=\"og:site_name\" content=\"Ana Mandara Cam Ranh Hotel\" \/>\n<meta property=\"article:modified_time\" content=\"2025-02-19T08:54:54+00:00\" \/>\n<meta property=\"og:image\" content=\"https:\/\/anamandaracamranh.com\/wp-content\/uploads\/sites\/254\/2023\/10\/ANA-MANDARA-CAM-RANH-Ana-Beach-House.jpg\" \/>\n\t<meta property=\"og:image:width\" content=\"2200\" \/>\n\t<meta property=\"og:image:height\" content=\"1650\" \/>\n\t<meta property=\"og:image:type\" content=\"image\/jpeg\" \/>\n<meta name=\"twitter:card\" content=\"summary_large_image\" \/>\n<meta name=\"twitter:label1\" content=\"Est. reading time\" \/>\n\t<meta name=\"twitter:data1\" content=\"2 minutes\" \/>\n<script type=\"application\/ld+json\" class=\"yoast-schema-graph\">{\"@context\":\"https:\/\/schema.org\",\"@graph\":[{\"@type\":\"WebPage\",\"@id\":\"https:\/\/anamandaracamranh.com\/vi\/dining\/ana-beach-house\/\",\"url\":\"https:\/\/anamandaracamranh.com\/vi\/dining\/ana-beach-house\/\",\"name\":\"Ana Beach House | Ana Mandara Cam Ranh\",\"isPartOf\":{\"@id\":\"https:\/\/anamandaracamranh.com\/vi\/#website\"},\"primaryImageOfPage\":{\"@id\":\"https:\/\/anamandaracamranh.com\/vi\/dining\/ana-beach-house\/#primaryimage\"},\"image\":{\"@id\":\"https:\/\/anamandaracamranh.com\/vi\/dining\/ana-beach-house\/#primaryimage\"},\"thumbnailUrl\":\"https:\/\/anamandaracamranh.com\/wp-content\/uploads\/sites\/254\/2023\/10\/ANA-MANDARA-CAM-RANH-Ana-Beach-House.jpg\",\"datePublished\":\"2022-09-09T03:17:31+00:00\",\"dateModified\":\"2025-02-19T08:54:54+00:00\",\"description\":\"Kh\u00e1m ph\u00e1 c\u00e1c m\u00f3n \u0103n ngon c\u1ee7a Vi\u1ec7t Nam, \u00c1, \u00c2u t\u1ea1i nh\u00e0 h\u00e0ng Ana Beach House d\u01b0\u1edbi \u00e1nh s\u00e1ng t\u1ef1 nhi\u00ean tr\u00e0n ng\u1eadp ho\u1eb7c d\u01b0\u1edbi \u00e1nh n\u1ebfn l\u00e3ng m\u1ea1n. \u0110\u1eb7t b\u00e0n ngay.\",\"breadcrumb\":{\"@id\":\"https:\/\/anamandaracamranh.com\/vi\/dining\/ana-beach-house\/#breadcrumb\"},\"inLanguage\":\"vi-VN\",\"potentialAction\":[{\"@type\":\"ReadAction\",\"target\":[\"https:\/\/anamandaracamranh.com\/vi\/dining\/ana-beach-house\/\"]}]},{\"@type\":\"ImageObject\",\"inLanguage\":\"vi-VN\",\"@id\":\"https:\/\/anamandaracamranh.com\/vi\/dining\/ana-beach-house\/#primaryimage\",\"url\":\"https:\/\/anamandaracamranh.com\/wp-content\/uploads\/sites\/254\/2023\/10\/ANA-MANDARA-CAM-RANH-Ana-Beach-House.jpg\",\"contentUrl\":\"https:\/\/anamandaracamranh.com\/wp-content\/uploads\/sites\/254\/2023\/10\/ANA-MANDARA-CAM-RANH-Ana-Beach-House.jpg\",\"width\":2200,\"height\":1650},{\"@type\":\"BreadcrumbList\",\"@id\":\"https:\/\/anamandaracamranh.com\/vi\/dining\/ana-beach-house\/#breadcrumb\",\"itemListElement\":[{\"@type\":\"ListItem\",\"position\":1,\"name\":\"Home\",\"item\":\"https:\/\/anamandaracamranh.com\/vi\/\"},{\"@type\":\"ListItem\",\"position\":2,\"name\":\"\u1ea8m th\u1ef1c\",\"item\":\"https:\/\/anamandaracamranh.com\/vi\/dining\/\"},{\"@type\":\"ListItem\",\"position\":3,\"name\":\"Ana Beach House\"}]},{\"@type\":\"WebSite\",\"@id\":\"https:\/\/anamandaracamranh.com\/vi\/#website\",\"url\":\"https:\/\/anamandaracamranh.com\/vi\/\",\"name\":\"Ana Mandara Cam Ranh Hotel\",\"description\":\"\",\"potentialAction\":[{\"@type\":\"SearchAction\",\"target\":{\"@type\":\"EntryPoint\",\"urlTemplate\":\"https:\/\/anamandaracamranh.com\/vi\/?s={search_term_string}\"},\"query-input\":\"required name=search_term_string\"}],\"inLanguage\":\"vi-VN\"}]}<\/script>\n<!-- \/ Yoast SEO plugin. -->","yoast_head_json":{"title":"Ana Beach House | Ana Mandara Cam Ranh","description":"Kh\u00e1m ph\u00e1 c\u00e1c m\u00f3n \u0103n ngon c\u1ee7a Vi\u1ec7t Nam, \u00c1, \u00c2u t\u1ea1i nh\u00e0 h\u00e0ng Ana Beach House d\u01b0\u1edbi \u00e1nh s\u00e1ng t\u1ef1 nhi\u00ean tr\u00e0n ng\u1eadp ho\u1eb7c d\u01b0\u1edbi \u00e1nh n\u1ebfn l\u00e3ng m\u1ea1n. \u0110\u1eb7t b\u00e0n ngay.","robots":{"index":"index","follow":"follow","max-snippet":"max-snippet:-1","max-image-preview":"max-image-preview:large","max-video-preview":"max-video-preview:-1"},"canonical":"https:\/\/anamandaracamranh.com\/vi\/dining\/ana-beach-house\/","og_locale":"vi_VN","og_type":"article","og_title":"Ana Beach House | Ana Mandara Cam Ranh","og_description":"Kh\u00e1m ph\u00e1 c\u00e1c m\u00f3n \u0103n ngon c\u1ee7a Vi\u1ec7t Nam, \u00c1, \u00c2u t\u1ea1i nh\u00e0 h\u00e0ng Ana Beach House d\u01b0\u1edbi \u00e1nh s\u00e1ng t\u1ef1 nhi\u00ean tr\u00e0n ng\u1eadp ho\u1eb7c d\u01b0\u1edbi \u00e1nh n\u1ebfn l\u00e3ng m\u1ea1n. \u0110\u1eb7t b\u00e0n ngay.","og_url":"https:\/\/anamandaracamranh.com\/vi\/dining\/ana-beach-house\/","og_site_name":"Ana Mandara Cam Ranh Hotel","article_modified_time":"2025-02-19T08:54:54+00:00","og_image":[{"width":2200,"height":1650,"url":"https:\/\/anamandaracamranh.com\/wp-content\/uploads\/sites\/254\/2023\/10\/ANA-MANDARA-CAM-RANH-Ana-Beach-House.jpg","type":"image\/jpeg"}],"twitter_card":"summary_large_image","twitter_misc":{"Est. reading time":"2 minutes"},"schema":{"@context":"https:\/\/schema.org","@graph":[{"@type":"WebPage","@id":"https:\/\/anamandaracamranh.com\/vi\/dining\/ana-beach-house\/","url":"https:\/\/anamandaracamranh.com\/vi\/dining\/ana-beach-house\/","name":"Ana Beach House | Ana Mandara Cam Ranh","isPartOf":{"@id":"https:\/\/anamandaracamranh.com\/vi\/#website"},"primaryImageOfPage":{"@id":"https:\/\/anamandaracamranh.com\/vi\/dining\/ana-beach-house\/#primaryimage"},"image":{"@id":"https:\/\/anamandaracamranh.com\/vi\/dining\/ana-beach-house\/#primaryimage"},"thumbnailUrl":"https:\/\/anamandaracamranh.com\/wp-content\/uploads\/sites\/254\/2023\/10\/ANA-MANDARA-CAM-RANH-Ana-Beach-House.jpg","datePublished":"2022-09-09T03:17:31+00:00","dateModified":"2025-02-19T08:54:54+00:00","description":"Kh\u00e1m ph\u00e1 c\u00e1c m\u00f3n \u0103n ngon c\u1ee7a Vi\u1ec7t Nam, \u00c1, \u00c2u t\u1ea1i nh\u00e0 h\u00e0ng Ana Beach House d\u01b0\u1edbi \u00e1nh s\u00e1ng t\u1ef1 nhi\u00ean tr\u00e0n ng\u1eadp ho\u1eb7c d\u01b0\u1edbi \u00e1nh n\u1ebfn l\u00e3ng m\u1ea1n. \u0110\u1eb7t b\u00e0n ngay.","breadcrumb":{"@id":"https:\/\/anamandaracamranh.com\/vi\/dining\/ana-beach-house\/#breadcrumb"},"inLanguage":"vi-VN","potentialAction":[{"@type":"ReadAction","target":["https:\/\/anamandaracamranh.com\/vi\/dining\/ana-beach-house\/"]}]},{"@type":"ImageObject","inLanguage":"vi-VN","@id":"https:\/\/anamandaracamranh.com\/vi\/dining\/ana-beach-house\/#primaryimage","url":"https:\/\/anamandaracamranh.com\/wp-content\/uploads\/sites\/254\/2023\/10\/ANA-MANDARA-CAM-RANH-Ana-Beach-House.jpg","contentUrl":"https:\/\/anamandaracamranh.com\/wp-content\/uploads\/sites\/254\/2023\/10\/ANA-MANDARA-CAM-RANH-Ana-Beach-House.jpg","width":2200,"height":1650},{"@type":"BreadcrumbList","@id":"https:\/\/anamandaracamranh.com\/vi\/dining\/ana-beach-house\/#breadcrumb","itemListElement":[{"@type":"ListItem","position":1,"name":"Home","item":"https:\/\/anamandaracamranh.com\/vi\/"},{"@type":"ListItem","position":2,"name":"\u1ea8m th\u1ef1c","item":"https:\/\/anamandaracamranh.com\/vi\/dining\/"},{"@type":"ListItem","position":3,"name":"Ana Beach House"}]},{"@type":"WebSite","@id":"https:\/\/anamandaracamranh.com\/vi\/#website","url":"https:\/\/anamandaracamranh.com\/vi\/","name":"Ana Mandara Cam Ranh Hotel","description":"","potentialAction":[{"@type":"SearchAction","target":{"@type":"EntryPoint","urlTemplate":"https:\/\/anamandaracamranh.com\/vi\/?s={search_term_string}"},"query-input":"required name=search_term_string"}],"inLanguage":"vi-VN"}]}},"_links":{"self":[{"href":"https:\/\/anamandaracamranh.com\/vi\/wp-json\/wp\/v2\/pages\/763"}],"collection":[{"href":"https:\/\/anamandaracamranh.com\/vi\/wp-json\/wp\/v2\/pages"}],"about":[{"href":"https:\/\/anamandaracamranh.com\/vi\/wp-json\/wp\/v2\/types\/page"}],"author":[{"embeddable":true,"href":"https:\/\/anamandaracamranh.com\/vi\/wp-json\/wp\/v2\/users\/368"}],"replies":[{"embeddable":true,"href":"https:\/\/anamandaracamranh.com\/vi\/wp-json\/wp\/v2\/comments?post=763"}],"version-history":[{"count":0,"href":"https:\/\/anamandaracamranh.com\/vi\/wp-json\/wp\/v2\/pages\/763\/revisions"}],"up":[{"embeddable":true,"href":"https:\/\/anamandaracamranh.com\/vi\/wp-json\/wp\/v2\/pages\/762"}],"wp:featuredmedia":[{"embeddable":true,"href":"https:\/\/anamandaracamranh.com\/vi\/wp-json\/wp\/v2\/media\/1772"}],"wp:attachment":[{"href":"https:\/\/anamandaracamranh.com\/vi\/wp-json\/wp\/v2\/media?parent=763"}],"wp:term":[{"taxonomy":"category","embeddable":true,"href":"https:\/\/anamandaracamranh.com\/vi\/wp-json\/wp\/v2\/categories?post=763"}],"curies":[{"name":"wp","href":"https:\/\/api.w.org\/{rel}","templated":true}]}}