{"id":762,"date":"2022-09-09T03:05:54","date_gmt":"2022-09-09T03:05:54","guid":{"rendered":"https:\/\/anamandaracamranh.com\/dining\/"},"modified":"2024-04-28T15:19:01","modified_gmt":"2024-04-28T15:19:01","slug":"dining","status":"publish","type":"page","link":"https:\/\/anamandaracamranh.com\/vi\/dining\/","title":{"rendered":"\u1ea8m th\u1ef1c"},"content":{"rendered":"<p><span data-sheets-value=\"{&quot;1&quot;:2,&quot;2&quot;:&quot;V\u1edbi phong c\u1ea3nh trang nh\u00e3 \u0111\u1eb9p nh\u01b0 tranh v\u00e0 \u0111\u1ed9i ng\u0169 nh\u00e2n vi\u00ean nhi\u1ec7t t\u00ecnh \u0111\u01b0\u1ee3c \u0111\u00e0o t\u1ea1o theo ti\u00eau chu\u1ea9n ph\u1ee5c v\u1ee5 \u0111\u1eb3ng c\u1ea5p, Ana Beach House h\u1ee9a h\u1eb9n mang \u0111\u1ebfn cho b\u1ea1n tr\u1ea3i nghi\u1ec7m \u1ea9m th\u1ef1c \u1ea5n t\u01b0\u1ee3ng kh\u00f3 n\u01a1i n\u00e0o s\u00e1nh k\u1ecbp!\\n\\nCh\u00fang t\u00f4i t\u1ef1 h\u00e0o \u0111\u01b0\u1ee3c \u0111\u00f3n ti\u1ebfp b\u1ea1n t\u1ea1i kh\u00f4ng gian tuy\u1ec7t \u0111\u1eb9p k\u1ec1 s\u00e1t b\u1edd bi\u1ec3n, n\u01a1i th\u1ef1c kh\u00e1ch tho\u1ea3i m\u00e1i t\u1eadn h\u01b0\u1edfng quang c\u1ea3nh thi\u00ean nhi\u00ean thi v\u1ecb v\u00e0 b\u1ea7u kh\u00f4ng kh\u00ed tho\u00e1ng \u0111\u1ea1t khi th\u01b0\u1edfng th\u1ee9c c\u00e1c m\u00f3n m\u1ef9 th\u1ef1c h\u00e0ng \u0111\u1ea7u. Th\u1ef1c \u0111\u01a1n k\u1ebft h\u1ee3p c\u00e1c m\u00f3n \u0103n \u0111\u1ecba ph\u01b0\u01a1ng v\u00e0 qu\u1ed1c t\u1ebf \u0111\u01b0\u1ee3c ch\u1ebf bi\u1ebfn t\u1eeb ngu\u1ed3n nguy\u00ean li\u1ec7u h\u1eefu c\u01a1 Vi\u1ec7t Nam, h\u1ea3i s\u1ea3n t\u01b0\u01a1i s\u1ed1ng \u0111\u00e1nh b\u1eaft m\u1ed7i ng\u00e0y, ngu\u1ed3n th\u1ecbt v\u00e0 r\u01b0\u1ee3u vang cao c\u1ea5p nh\u1eadp kh\u1ea9u t\u1eeb c\u00e1c th\u01b0\u01a1ng hi\u1ec7u uy t\u00edn. T\u1eeb b\u1eefa t\u1ed1i sang tr\u1ecdng trong nh\u00e0 h\u00e0ng, nh\u00e0n nh\u00e3 th\u01b0\u1edfng r\u01b0\u1ee3u t\u1ea1i s\u1ea3nh ch\u1edd, ho\u1eb7c nh\u1eefng b\u1eefa ti\u1ec7c ph\u1ee5c v\u1ee5 t\u1eadn bi\u1ec7t th\u1ef1 ri\u00eang t\u01b0, ch\u00fang t\u00f4i s\u1eb5n l\u00f2ng \u0111\u00e1p \u1ee9ng m\u1ecdi nhu c\u1ea7u c\u1ee7a th\u1ef1c kh\u00e1ch. \\n\\nKh\u1edfi \u0111\u1ea7u ng\u00e0y m\u1edbi v\u1edbi b\u1eefa s\u00e1ng t\u1ef1 ch\u1ecdn th\u1ecbnh so\u1ea1n khi nh\u1eefng tia n\u1eafng \u0111\u1ea7u ti\u00ean xu\u1ea5t hi\u1ec7n tr\u00ean Bi\u1ec3n \u0110\u00f4ng, th\u01b0\u1edfng th\u1ee9c v\u00f4 s\u1ed1 l\u1ef1a ch\u1ecdn t\u1eeb th\u1ef1c \u0111\u01a1n g\u1ecdi m\u00f3n t\u1ea1i nh\u00e0 h\u00e0ng ph\u1ee5c v\u1ee5 c\u1ea3 ng\u00e0y c\u1ee7a ch\u00fang t\u00f4i. \u0110\u00e1nh th\u1ee9c v\u1ecb gi\u00e1c v\u1edbi b\u1eefa ti\u1ec7c BBQ h\u1ea3i s\u1ea3n ch\u1ebf bi\u1ebfn trong nh\u00e0 h\u00e0ng m\u1edf \u0111\u1ed9c \u0111\u00e1o t\u1ea1i Ana Beach House, sau \u0111\u00f3 gi\u1ea3i kh\u00e1t c\u00f9ng ly bia craft m\u00e1t l\u1ea1nh ho\u1eb7c ly cocktail \u0111\u1ea7y m\u00e0u s\u1eafc khi ng\u1eafm m\u1eb7t tr\u1eddi l\u1eb7n tr\u00ean bi\u1ec3n.&quot;}\" data-sheets-userformat=\"{&quot;2&quot;:14847,&quot;3&quot;:{&quot;1&quot;:0,&quot;3&quot;:1},&quot;4&quot;:{&quot;1&quot;:2,&quot;2&quot;:16777215},&quot;5&quot;:{&quot;1&quot;:[{&quot;1&quot;:2,&quot;2&quot;:0,&quot;5&quot;:{&quot;1&quot;:0}},{&quot;1&quot;:0,&quot;2&quot;:0,&quot;3&quot;:3},{&quot;1&quot;:1,&quot;2&quot;:0,&quot;4&quot;:1}]},&quot;6&quot;:{&quot;1&quot;:[{&quot;1&quot;:2,&quot;2&quot;:0,&quot;5&quot;:{&quot;1&quot;:0}},{&quot;1&quot;:0,&quot;2&quot;:0,&quot;3&quot;:3},{&quot;1&quot;:1,&quot;2&quot;:0,&quot;4&quot;:1}]},&quot;7&quot;:{&quot;1&quot;:[{&quot;1&quot;:2,&quot;2&quot;:0,&quot;5&quot;:{&quot;1&quot;:0}},{&quot;1&quot;:0,&quot;2&quot;:0,&quot;3&quot;:3},{&quot;1&quot;:1,&quot;2&quot;:0,&quot;4&quot;:1}]},&quot;8&quot;:{&quot;1&quot;:[{&quot;1&quot;:2,&quot;2&quot;:0,&quot;5&quot;:{&quot;1&quot;:0}},{&quot;1&quot;:0,&quot;2&quot;:0,&quot;3&quot;:3},{&quot;1&quot;:1,&quot;2&quot;:0,&quot;4&quot;:1}]},&quot;9&quot;:0,&quot;10&quot;:1,&quot;11&quot;:4,&quot;14&quot;:{&quot;1&quot;:3,&quot;3&quot;:1},&quot;15&quot;:&quot;Montserrat&quot;,&quot;16&quot;:10}\">V\u1edbi phong c\u1ea3nh trang nh\u00e3 \u0111\u1eb9p nh\u01b0 tranh v\u00e0 \u0111\u1ed9i ng\u0169 nh\u00e2n vi\u00ean nhi\u1ec7t t\u00ecnh \u0111\u01b0\u1ee3c \u0111\u00e0o t\u1ea1o theo ti\u00eau chu\u1ea9n ph\u1ee5c v\u1ee5 \u0111\u1eb3ng c\u1ea5p, c\u00e1c nh\u00e0 h\u00e0ng Ana Beach House v\u00e0 Ana Sand House h\u1ee9a h\u1eb9n mang \u0111\u1ebfn cho b\u1ea1n tr\u1ea3i nghi\u1ec7m \u1ea9m th\u1ef1c \u1ea5n t\u01b0\u1ee3ng kh\u00f3 n\u01a1i n\u00e0o s\u00e1nh k\u1ecbp!<\/span><\/p>\n<p>Ch\u00fang t\u00f4i t\u1ef1 h\u00e0o \u0111\u01b0\u1ee3c \u0111\u00f3n ti\u1ebfp b\u1ea1n t\u1ea1i kh\u00f4ng gian tuy\u1ec7t \u0111\u1eb9p k\u1ec1 s\u00e1t b\u1edd bi\u1ec3n, n\u01a1i th\u1ef1c kh\u00e1ch tho\u1ea3i m\u00e1i t\u1eadn h\u01b0\u1edfng quang c\u1ea3nh thi\u00ean nhi\u00ean thi v\u1ecb v\u00e0 b\u1ea7u kh\u00f4ng kh\u00ed tho\u00e1ng \u0111\u1ea1t khi th\u01b0\u1edfng th\u1ee9c c\u00e1c m\u00f3n m\u1ef9 th\u1ef1c h\u00e0ng \u0111\u1ea7u. Th\u1ef1c \u0111\u01a1n k\u1ebft h\u1ee3p c\u00e1c m\u00f3n \u0103n \u0111\u1ecba ph\u01b0\u01a1ng v\u00e0 qu\u1ed1c t\u1ebf \u0111\u01b0\u1ee3c ch\u1ebf bi\u1ebfn t\u1eeb ngu\u1ed3n nguy\u00ean li\u1ec7u h\u1eefu c\u01a1 Vi\u1ec7t Nam, h\u1ea3i s\u1ea3n t\u01b0\u01a1i s\u1ed1ng \u0111\u00e1nh b\u1eaft m\u1ed7i ng\u00e0y, ngu\u1ed3n th\u1ecbt v\u00e0 r\u01b0\u1ee3u vang cao c\u1ea5p nh\u1eadp kh\u1ea9u t\u1eeb c\u00e1c th\u01b0\u01a1ng hi\u1ec7u uy t\u00edn. T\u1eeb b\u1eefa t\u1ed1i sang tr\u1ecdng trong nh\u00e0 h\u00e0ng, nh\u00e0n nh\u00e3 th\u01b0\u1edfng r\u01b0\u1ee3u t\u1ea1i s\u1ea3nh ch\u1edd, ho\u1eb7c nh\u1eefng b\u1eefa ti\u1ec7c ph\u1ee5c v\u1ee5 t\u1eadn bi\u1ec7t th\u1ef1 ri\u00eang t\u01b0, ch\u00fang t\u00f4i s\u1eb5n l\u00f2ng \u0111\u00e1p \u1ee9ng m\u1ecdi nhu c\u1ea7u c\u1ee7a th\u1ef1c kh\u00e1ch.<\/p>\n<p>Kh\u1edfi \u0111\u1ea7u ng\u00e0y m\u1edbi v\u1edbi b\u1eefa s\u00e1ng t\u1ef1 ch\u1ecdn th\u1ecbnh so\u1ea1n khi nh\u1eefng tia n\u1eafng \u0111\u1ea7u ti\u00ean xu\u1ea5t hi\u1ec7n tr\u00ean Bi\u1ec3n \u0110\u00f4ng, th\u01b0\u1edfng th\u1ee9c v\u00f4 s\u1ed1 l\u1ef1a ch\u1ecdn t\u1eeb th\u1ef1c \u0111\u01a1n g\u1ecdi m\u00f3n t\u1ea1i nh\u00e0 h\u00e0ng ph\u1ee5c v\u1ee5 c\u1ea3 ng\u00e0y c\u1ee7a ch\u00fang t\u00f4i. \u0110\u00e1nh th\u1ee9c v\u1ecb gi\u00e1c v\u1edbi b\u1eefa ti\u1ec7c BBQ h\u1ea3i s\u1ea3n ch\u1ebf bi\u1ebfn trong nh\u00e0 h\u00e0ng m\u1edf \u0111\u1ed9c \u0111\u00e1o t\u1ea1i Ana Beach House, sau \u0111\u00f3 gi\u1ea3i kh\u00e1t c\u00f9ng ly bia craft m\u00e1t l\u1ea1nh ho\u1eb7c ly cocktail \u0111\u1ea7y m\u00e0u s\u1eafc khi ng\u1eafm m\u1eb7t tr\u1eddi l\u1eb7n tr\u00ean bi\u1ec3n.<\/p>\n","protected":false},"excerpt":{"rendered":"<p>V\u1edbi phong c\u1ea3nh trang nh\u00e3 \u0111\u1eb9p nh\u01b0 tranh v\u00e0 \u0111\u1ed9i ng\u0169 nh\u00e2n vi\u00ean nhi\u1ec7t t\u00ecnh \u0111\u01b0\u1ee3c \u0111\u00e0o t\u1ea1o theo ti\u00eau chu\u1ea9n ph\u1ee5c v\u1ee5 \u0111\u1eb3ng c\u1ea5p, c\u00e1c nh\u00e0 h\u00e0ng Ana Beach House v\u00e0 Ana Sand House h\u1ee9a h\u1eb9n mang \u0111\u1ebfn cho b\u1ea1n tr\u1ea3i nghi\u1ec7m \u1ea9m th\u1ef1c \u1ea5n t\u01b0\u1ee3ng kh\u00f3 n\u01a1i n\u00e0o s\u00e1nh k\u1ecbp! Ch\u00fang t\u00f4i t\u1ef1 [&hellip;]<\/p>\n","protected":false},"author":368,"featured_media":1772,"parent":0,"menu_order":0,"comment_status":"closed","ping_status":"closed","template":"template-restaurants.php","meta":{"footnotes":""},"categories":[],"acf":[],"yoast_head":"<!-- This site is optimized with the Yoast SEO plugin v22.3 - https:\/\/yoast.com\/wordpress\/plugins\/seo\/ -->\n<title>\u1ea8m th\u1ef1c | Ana Mandara Cam Ranh<\/title>\n<meta name=\"description\" content=\"Th\u01b0\u1edfng th\u1ee9c \u1ea9m th\u1ef1c b\u1eadc th\u1ea7y t\u1ea1i Ana Mandara Cam Ranh, h\u00f2a m\u00ecnh v\u00e0o s\u1ef1 giao thoa m\u00f3n \u0103n Vi\u1ec7t Nam v\u00e0 qu\u1ed1c t\u1ebf. \u0110\u1eb7t b\u00e0n ngay.\" \/>\n<meta name=\"robots\" content=\"index, follow, max-snippet:-1, max-image-preview:large, max-video-preview:-1\" \/>\n<link rel=\"canonical\" href=\"https:\/\/anamandaracamranh.com\/vi\/dining\/\" \/>\n<meta property=\"og:locale\" content=\"vi_VN\" \/>\n<meta property=\"og:type\" content=\"article\" \/>\n<meta property=\"og:title\" content=\"\u1ea8m th\u1ef1c | Ana Mandara Cam Ranh\" \/>\n<meta property=\"og:description\" content=\"Th\u01b0\u1edfng th\u1ee9c \u1ea9m th\u1ef1c b\u1eadc th\u1ea7y t\u1ea1i Ana Mandara Cam Ranh, h\u00f2a m\u00ecnh v\u00e0o s\u1ef1 giao thoa m\u00f3n \u0103n Vi\u1ec7t Nam v\u00e0 qu\u1ed1c t\u1ebf. \u0110\u1eb7t b\u00e0n ngay.\" \/>\n<meta property=\"og:url\" content=\"https:\/\/anamandaracamranh.com\/vi\/dining\/\" \/>\n<meta property=\"og:site_name\" content=\"Ana Mandara Cam Ranh Hotel\" \/>\n<meta property=\"article:modified_time\" content=\"2024-04-28T15:19:01+00:00\" \/>\n<meta property=\"og:image\" content=\"https:\/\/anamandaracamranh.com\/wp-content\/uploads\/sites\/254\/2023\/10\/ANA-MANDARA-CAM-RANH-Ana-Beach-House.jpg\" \/>\n\t<meta property=\"og:image:width\" content=\"2200\" \/>\n\t<meta property=\"og:image:height\" content=\"1650\" \/>\n\t<meta property=\"og:image:type\" content=\"image\/jpeg\" \/>\n<meta name=\"twitter:card\" content=\"summary_large_image\" \/>\n<meta name=\"twitter:label1\" content=\"Est. reading time\" \/>\n\t<meta name=\"twitter:data1\" content=\"2 minutes\" \/>\n<script type=\"application\/ld+json\" class=\"yoast-schema-graph\">{\"@context\":\"https:\/\/schema.org\",\"@graph\":[{\"@type\":\"WebPage\",\"@id\":\"https:\/\/anamandaracamranh.com\/vi\/dining\/\",\"url\":\"https:\/\/anamandaracamranh.com\/vi\/dining\/\",\"name\":\"\u1ea8m th\u1ef1c | Ana Mandara Cam Ranh\",\"isPartOf\":{\"@id\":\"https:\/\/anamandaracamranh.com\/vi\/#website\"},\"primaryImageOfPage\":{\"@id\":\"https:\/\/anamandaracamranh.com\/vi\/dining\/#primaryimage\"},\"image\":{\"@id\":\"https:\/\/anamandaracamranh.com\/vi\/dining\/#primaryimage\"},\"thumbnailUrl\":\"https:\/\/anamandaracamranh.com\/wp-content\/uploads\/sites\/254\/2023\/10\/ANA-MANDARA-CAM-RANH-Ana-Beach-House.jpg\",\"datePublished\":\"2022-09-09T03:05:54+00:00\",\"dateModified\":\"2024-04-28T15:19:01+00:00\",\"description\":\"Th\u01b0\u1edfng th\u1ee9c \u1ea9m th\u1ef1c b\u1eadc th\u1ea7y t\u1ea1i Ana Mandara Cam Ranh, h\u00f2a m\u00ecnh v\u00e0o s\u1ef1 giao thoa m\u00f3n \u0103n Vi\u1ec7t Nam v\u00e0 qu\u1ed1c t\u1ebf. \u0110\u1eb7t b\u00e0n ngay.\",\"breadcrumb\":{\"@id\":\"https:\/\/anamandaracamranh.com\/vi\/dining\/#breadcrumb\"},\"inLanguage\":\"vi-VN\",\"potentialAction\":[{\"@type\":\"ReadAction\",\"target\":[\"https:\/\/anamandaracamranh.com\/vi\/dining\/\"]}]},{\"@type\":\"ImageObject\",\"inLanguage\":\"vi-VN\",\"@id\":\"https:\/\/anamandaracamranh.com\/vi\/dining\/#primaryimage\",\"url\":\"https:\/\/anamandaracamranh.com\/wp-content\/uploads\/sites\/254\/2023\/10\/ANA-MANDARA-CAM-RANH-Ana-Beach-House.jpg\",\"contentUrl\":\"https:\/\/anamandaracamranh.com\/wp-content\/uploads\/sites\/254\/2023\/10\/ANA-MANDARA-CAM-RANH-Ana-Beach-House.jpg\",\"width\":2200,\"height\":1650},{\"@type\":\"BreadcrumbList\",\"@id\":\"https:\/\/anamandaracamranh.com\/vi\/dining\/#breadcrumb\",\"itemListElement\":[{\"@type\":\"ListItem\",\"position\":1,\"name\":\"Home\",\"item\":\"https:\/\/anamandaracamranh.com\/vi\/\"},{\"@type\":\"ListItem\",\"position\":2,\"name\":\"\u1ea8m th\u1ef1c\"}]},{\"@type\":\"WebSite\",\"@id\":\"https:\/\/anamandaracamranh.com\/vi\/#website\",\"url\":\"https:\/\/anamandaracamranh.com\/vi\/\",\"name\":\"Ana Mandara Cam Ranh Hotel\",\"description\":\"\",\"potentialAction\":[{\"@type\":\"SearchAction\",\"target\":{\"@type\":\"EntryPoint\",\"urlTemplate\":\"https:\/\/anamandaracamranh.com\/vi\/?s={search_term_string}\"},\"query-input\":\"required name=search_term_string\"}],\"inLanguage\":\"vi-VN\"}]}<\/script>\n<!-- \/ Yoast SEO plugin. -->","yoast_head_json":{"title":"\u1ea8m th\u1ef1c | Ana Mandara Cam Ranh","description":"Th\u01b0\u1edfng th\u1ee9c \u1ea9m th\u1ef1c b\u1eadc th\u1ea7y t\u1ea1i Ana Mandara Cam Ranh, h\u00f2a m\u00ecnh v\u00e0o s\u1ef1 giao thoa m\u00f3n \u0103n Vi\u1ec7t Nam v\u00e0 qu\u1ed1c t\u1ebf. \u0110\u1eb7t b\u00e0n ngay.","robots":{"index":"index","follow":"follow","max-snippet":"max-snippet:-1","max-image-preview":"max-image-preview:large","max-video-preview":"max-video-preview:-1"},"canonical":"https:\/\/anamandaracamranh.com\/vi\/dining\/","og_locale":"vi_VN","og_type":"article","og_title":"\u1ea8m th\u1ef1c | Ana Mandara Cam Ranh","og_description":"Th\u01b0\u1edfng th\u1ee9c \u1ea9m th\u1ef1c b\u1eadc th\u1ea7y t\u1ea1i Ana Mandara Cam Ranh, h\u00f2a m\u00ecnh v\u00e0o s\u1ef1 giao thoa m\u00f3n \u0103n Vi\u1ec7t Nam v\u00e0 qu\u1ed1c t\u1ebf. \u0110\u1eb7t b\u00e0n ngay.","og_url":"https:\/\/anamandaracamranh.com\/vi\/dining\/","og_site_name":"Ana Mandara Cam Ranh Hotel","article_modified_time":"2024-04-28T15:19:01+00:00","og_image":[{"width":2200,"height":1650,"url":"https:\/\/anamandaracamranh.com\/wp-content\/uploads\/sites\/254\/2023\/10\/ANA-MANDARA-CAM-RANH-Ana-Beach-House.jpg","type":"image\/jpeg"}],"twitter_card":"summary_large_image","twitter_misc":{"Est. reading time":"2 minutes"},"schema":{"@context":"https:\/\/schema.org","@graph":[{"@type":"WebPage","@id":"https:\/\/anamandaracamranh.com\/vi\/dining\/","url":"https:\/\/anamandaracamranh.com\/vi\/dining\/","name":"\u1ea8m th\u1ef1c | Ana Mandara Cam Ranh","isPartOf":{"@id":"https:\/\/anamandaracamranh.com\/vi\/#website"},"primaryImageOfPage":{"@id":"https:\/\/anamandaracamranh.com\/vi\/dining\/#primaryimage"},"image":{"@id":"https:\/\/anamandaracamranh.com\/vi\/dining\/#primaryimage"},"thumbnailUrl":"https:\/\/anamandaracamranh.com\/wp-content\/uploads\/sites\/254\/2023\/10\/ANA-MANDARA-CAM-RANH-Ana-Beach-House.jpg","datePublished":"2022-09-09T03:05:54+00:00","dateModified":"2024-04-28T15:19:01+00:00","description":"Th\u01b0\u1edfng th\u1ee9c \u1ea9m th\u1ef1c b\u1eadc th\u1ea7y t\u1ea1i Ana Mandara Cam Ranh, h\u00f2a m\u00ecnh v\u00e0o s\u1ef1 giao thoa m\u00f3n \u0103n Vi\u1ec7t Nam v\u00e0 qu\u1ed1c t\u1ebf. \u0110\u1eb7t b\u00e0n ngay.","breadcrumb":{"@id":"https:\/\/anamandaracamranh.com\/vi\/dining\/#breadcrumb"},"inLanguage":"vi-VN","potentialAction":[{"@type":"ReadAction","target":["https:\/\/anamandaracamranh.com\/vi\/dining\/"]}]},{"@type":"ImageObject","inLanguage":"vi-VN","@id":"https:\/\/anamandaracamranh.com\/vi\/dining\/#primaryimage","url":"https:\/\/anamandaracamranh.com\/wp-content\/uploads\/sites\/254\/2023\/10\/ANA-MANDARA-CAM-RANH-Ana-Beach-House.jpg","contentUrl":"https:\/\/anamandaracamranh.com\/wp-content\/uploads\/sites\/254\/2023\/10\/ANA-MANDARA-CAM-RANH-Ana-Beach-House.jpg","width":2200,"height":1650},{"@type":"BreadcrumbList","@id":"https:\/\/anamandaracamranh.com\/vi\/dining\/#breadcrumb","itemListElement":[{"@type":"ListItem","position":1,"name":"Home","item":"https:\/\/anamandaracamranh.com\/vi\/"},{"@type":"ListItem","position":2,"name":"\u1ea8m th\u1ef1c"}]},{"@type":"WebSite","@id":"https:\/\/anamandaracamranh.com\/vi\/#website","url":"https:\/\/anamandaracamranh.com\/vi\/","name":"Ana Mandara Cam Ranh Hotel","description":"","potentialAction":[{"@type":"SearchAction","target":{"@type":"EntryPoint","urlTemplate":"https:\/\/anamandaracamranh.com\/vi\/?s={search_term_string}"},"query-input":"required name=search_term_string"}],"inLanguage":"vi-VN"}]}},"_links":{"self":[{"href":"https:\/\/anamandaracamranh.com\/vi\/wp-json\/wp\/v2\/pages\/762"}],"collection":[{"href":"https:\/\/anamandaracamranh.com\/vi\/wp-json\/wp\/v2\/pages"}],"about":[{"href":"https:\/\/anamandaracamranh.com\/vi\/wp-json\/wp\/v2\/types\/page"}],"author":[{"embeddable":true,"href":"https:\/\/anamandaracamranh.com\/vi\/wp-json\/wp\/v2\/users\/368"}],"replies":[{"embeddable":true,"href":"https:\/\/anamandaracamranh.com\/vi\/wp-json\/wp\/v2\/comments?post=762"}],"version-history":[{"count":0,"href":"https:\/\/anamandaracamranh.com\/vi\/wp-json\/wp\/v2\/pages\/762\/revisions"}],"wp:featuredmedia":[{"embeddable":true,"href":"https:\/\/anamandaracamranh.com\/vi\/wp-json\/wp\/v2\/media\/1772"}],"wp:attachment":[{"href":"https:\/\/anamandaracamranh.com\/vi\/wp-json\/wp\/v2\/media?parent=762"}],"wp:term":[{"taxonomy":"category","embeddable":true,"href":"https:\/\/anamandaracamranh.com\/vi\/wp-json\/wp\/v2\/categories?post=762"}],"curies":[{"name":"wp","href":"https:\/\/api.w.org\/{rel}","templated":true}]}}