{"id":713,"date":"2022-09-09T02:17:09","date_gmt":"2022-09-09T02:17:09","guid":{"rendered":"https:\/\/anamandaracamranh.com\/rooms-suites-villas\/seaview-one-bedroom-suite\/"},"modified":"2023-10-24T09:09:34","modified_gmt":"2023-10-24T09:09:34","slug":"seaview-one-bedroom-suite","status":"publish","type":"page","link":"https:\/\/anamandaracamranh.com\/vi\/rooms-suites-villas\/seaview-one-bedroom-suite\/","title":{"rendered":"Suite M\u1ed9t Ph\u00f2ng Ng\u1ee7 H\u01b0\u1edbng Bi\u1ec3n"},"content":{"rendered":"<p>S\u1edf h\u1eefu khung c\u1ea3nh l\u1ed9ng l\u1eaby t\u1eeb ban c\u00f4ng ri\u00eang v\u00e0 g\u00f3c nh\u00ecn h\u01b0\u1edbng ra b\u1edd bi\u1ec3n xanh m\u00e0u ng\u1ecdc b\u00edch, Suite M\u1ed9t Ph\u00f2ng Ng\u1ee7 H\u01b0\u1edbng Bi\u1ec3n mang \u0111\u1ebfn m\u1ed9t n\u01a1i ngh\u1ec9 d\u01b0\u1ee1ng b\u00ecnh y\u00ean cho c\u00e1c c\u1eb7p \u0111\u00f4i t\u00ecm ki\u1ebfm s\u1ef1 ri\u00eang t\u01b0 v\u00e0 n\u01a1i tr\u00fa \u1ea9n l\u00e3ng m\u1ea1n. V\u1edbi di\u1ec7n t\u00edch 74 m\u00e9t vu\u00f4ng, h\u1ec7 th\u1ed1ng ph\u00f2ng ngh\u1ec9 cao c\u1ea5p h\u01b0\u1edbng bi\u1ec3n n\u00e0y mang \u0111\u1ebfn cho qu\u00fd kh\u00e1ch m\u1ed9t ph\u00f2ng ng\u1ee7 l\u1edbn thi\u1ebft k\u1ebf 4 c\u1ed9t c\u00f3 m\u00e1i che mang m\u00e0u s\u1eafc nhi\u1ec7t \u0111\u1edbi l\u00e3ng m\u1ea1ng, li\u1ec1n k\u1ec1 v\u1edbi ph\u00f2ng kh\u00e1ch v\u00e0 ban c\u00f4ng tho\u00e1ng \u0111\u1ea1t. Ph\u00f2ng t\u1eafm hi\u1ec7n \u0111\u1ea1i t\u00edch h\u1ee3p v\u00f2i sen, b\u1ed3n t\u1eafm v\u00e0 b\u1ed3n r\u1eeda \u0111\u00f4i l\u1edbn.<\/p>\n<p>M\u1ed9t n\u01a1i tuy\u1ec7t v\u1eddi \u0111\u1ec3 th\u01b0 gi\u00e3n tr\u00ean cao, k\u1ebft h\u1ee3p gi\u1eefa s\u1ef1 t\u00e1ch bi\u1ec7t v\u00e0 g\u1ea7n g\u0169i v\u1edbi thi\u00ean nhi\u00ean.<\/p>\n","protected":false},"excerpt":{"rendered":"<p>S\u1edf h\u1eefu khung c\u1ea3nh l\u1ed9ng l\u1eaby t\u1eeb ban c\u00f4ng ri\u00eang v\u00e0 g\u00f3c nh\u00ecn h\u01b0\u1edbng ra b\u1edd bi\u1ec3n xanh m\u00e0u ng\u1ecdc b\u00edch, Suite M\u1ed9t Ph\u00f2ng Ng\u1ee7 H\u01b0\u1edbng Bi\u1ec3n mang \u0111\u1ebfn m\u1ed9t n\u01a1i ngh\u1ec9 d\u01b0\u1ee1ng b\u00ecnh y\u00ean cho c\u00e1c c\u1eb7p \u0111\u00f4i t\u00ecm ki\u1ebfm s\u1ef1 ri\u00eang t\u01b0 v\u00e0 n\u01a1i tr\u00fa \u1ea9n l\u00e3ng m\u1ea1n. V\u1edbi di\u1ec7n t\u00edch 74 m\u00e9t [&hellip;]<\/p>\n","protected":false},"author":368,"featured_media":1858,"parent":683,"menu_order":4,"comment_status":"closed","ping_status":"closed","template":"template-single-room.php","meta":{"footnotes":""},"categories":[],"acf":[],"yoast_head":"<!-- This site is optimized with the Yoast SEO plugin v22.3 - https:\/\/yoast.com\/wordpress\/plugins\/seo\/ -->\n<title>Suite M\u1ed9t Ph\u00f2ng Ng\u1ee7 H\u01b0\u1edbng Bi\u1ec3n | Ana Mandara Cam Ranh<\/title>\n<meta name=\"description\" content=\"Suite M\u1ed9t Ph\u00f2ng Ng\u1ee7 H\u01b0\u1edbng Bi\u1ec3n mang \u0111\u1ebfn ch\u1ed1n ngh\u1ec9 d\u01b0\u1ee1ng an t\u0129nh cho c\u00e1c c\u1eb7p \u0111\u00f4i \u0111ang t\u00ecm ki\u1ebfm s\u1ef1 ri\u00eang t\u01b0 v\u00e0 n\u01a1i l\u01b0u tr\u00fa l\u00e3ng m\u1ea1n.\" \/>\n<meta name=\"robots\" content=\"index, follow, max-snippet:-1, max-image-preview:large, max-video-preview:-1\" \/>\n<link rel=\"canonical\" href=\"https:\/\/anamandaracamranh.com\/vi\/rooms-suites-villas\/seaview-one-bedroom-suite\/\" \/>\n<meta property=\"og:locale\" content=\"vi_VN\" \/>\n<meta property=\"og:type\" content=\"article\" \/>\n<meta property=\"og:title\" content=\"Suite M\u1ed9t Ph\u00f2ng Ng\u1ee7 H\u01b0\u1edbng Bi\u1ec3n | Ana Mandara Cam Ranh\" \/>\n<meta property=\"og:description\" content=\"Suite M\u1ed9t Ph\u00f2ng Ng\u1ee7 H\u01b0\u1edbng Bi\u1ec3n mang \u0111\u1ebfn ch\u1ed1n ngh\u1ec9 d\u01b0\u1ee1ng an t\u0129nh cho c\u00e1c c\u1eb7p \u0111\u00f4i \u0111ang t\u00ecm ki\u1ebfm s\u1ef1 ri\u00eang t\u01b0 v\u00e0 n\u01a1i l\u01b0u tr\u00fa l\u00e3ng m\u1ea1n.\" \/>\n<meta property=\"og:url\" content=\"https:\/\/anamandaracamranh.com\/vi\/rooms-suites-villas\/seaview-one-bedroom-suite\/\" \/>\n<meta property=\"og:site_name\" content=\"Ana Mandara Cam Ranh Hotel\" \/>\n<meta property=\"article:modified_time\" content=\"2023-10-24T09:09:34+00:00\" \/>\n<meta property=\"og:image\" content=\"https:\/\/anamandaracamranh.com\/wp-content\/uploads\/sites\/254\/2023\/10\/ANA-MANDARA-CAM-RANH-Seaview-One-Bedroom-Suite-11.jpg\" \/>\n\t<meta property=\"og:image:width\" content=\"2200\" \/>\n\t<meta property=\"og:image:height\" content=\"1650\" \/>\n\t<meta property=\"og:image:type\" content=\"image\/jpeg\" \/>\n<meta name=\"twitter:card\" content=\"summary_large_image\" \/>\n<meta name=\"twitter:label1\" content=\"Est. reading time\" \/>\n\t<meta name=\"twitter:data1\" content=\"1 minute\" \/>\n<script type=\"application\/ld+json\" class=\"yoast-schema-graph\">{\"@context\":\"https:\/\/schema.org\",\"@graph\":[{\"@type\":\"WebPage\",\"@id\":\"https:\/\/anamandaracamranh.com\/vi\/rooms-suites-villas\/seaview-one-bedroom-suite\/\",\"url\":\"https:\/\/anamandaracamranh.com\/vi\/rooms-suites-villas\/seaview-one-bedroom-suite\/\",\"name\":\"Suite M\u1ed9t Ph\u00f2ng Ng\u1ee7 H\u01b0\u1edbng Bi\u1ec3n | Ana Mandara Cam Ranh\",\"isPartOf\":{\"@id\":\"https:\/\/anamandaracamranh.com\/vi\/#website\"},\"primaryImageOfPage\":{\"@id\":\"https:\/\/anamandaracamranh.com\/vi\/rooms-suites-villas\/seaview-one-bedroom-suite\/#primaryimage\"},\"image\":{\"@id\":\"https:\/\/anamandaracamranh.com\/vi\/rooms-suites-villas\/seaview-one-bedroom-suite\/#primaryimage\"},\"thumbnailUrl\":\"https:\/\/anamandaracamranh.com\/wp-content\/uploads\/sites\/254\/2023\/10\/ANA-MANDARA-CAM-RANH-Seaview-One-Bedroom-Suite-11.jpg\",\"datePublished\":\"2022-09-09T02:17:09+00:00\",\"dateModified\":\"2023-10-24T09:09:34+00:00\",\"description\":\"Suite M\u1ed9t Ph\u00f2ng Ng\u1ee7 H\u01b0\u1edbng Bi\u1ec3n mang \u0111\u1ebfn ch\u1ed1n ngh\u1ec9 d\u01b0\u1ee1ng an t\u0129nh cho c\u00e1c c\u1eb7p \u0111\u00f4i \u0111ang t\u00ecm ki\u1ebfm s\u1ef1 ri\u00eang t\u01b0 v\u00e0 n\u01a1i l\u01b0u tr\u00fa l\u00e3ng m\u1ea1n.\",\"breadcrumb\":{\"@id\":\"https:\/\/anamandaracamranh.com\/vi\/rooms-suites-villas\/seaview-one-bedroom-suite\/#breadcrumb\"},\"inLanguage\":\"vi-VN\",\"potentialAction\":[{\"@type\":\"ReadAction\",\"target\":[\"https:\/\/anamandaracamranh.com\/vi\/rooms-suites-villas\/seaview-one-bedroom-suite\/\"]}]},{\"@type\":\"ImageObject\",\"inLanguage\":\"vi-VN\",\"@id\":\"https:\/\/anamandaracamranh.com\/vi\/rooms-suites-villas\/seaview-one-bedroom-suite\/#primaryimage\",\"url\":\"https:\/\/anamandaracamranh.com\/wp-content\/uploads\/sites\/254\/2023\/10\/ANA-MANDARA-CAM-RANH-Seaview-One-Bedroom-Suite-11.jpg\",\"contentUrl\":\"https:\/\/anamandaracamranh.com\/wp-content\/uploads\/sites\/254\/2023\/10\/ANA-MANDARA-CAM-RANH-Seaview-One-Bedroom-Suite-11.jpg\",\"width\":2200,\"height\":1650},{\"@type\":\"BreadcrumbList\",\"@id\":\"https:\/\/anamandaracamranh.com\/vi\/rooms-suites-villas\/seaview-one-bedroom-suite\/#breadcrumb\",\"itemListElement\":[{\"@type\":\"ListItem\",\"position\":1,\"name\":\"Home\",\"item\":\"https:\/\/anamandaracamranh.com\/vi\/\"},{\"@type\":\"ListItem\",\"position\":2,\"name\":\"Ph\u00f2ng ngh\u1ec9\",\"item\":\"https:\/\/anamandaracamranh.com\/vi\/rooms-suites-villas\/\"},{\"@type\":\"ListItem\",\"position\":3,\"name\":\"Suite M\u1ed9t Ph\u00f2ng Ng\u1ee7 H\u01b0\u1edbng Bi\u1ec3n\"}]},{\"@type\":\"WebSite\",\"@id\":\"https:\/\/anamandaracamranh.com\/vi\/#website\",\"url\":\"https:\/\/anamandaracamranh.com\/vi\/\",\"name\":\"Ana Mandara Cam Ranh Hotel\",\"description\":\"\",\"potentialAction\":[{\"@type\":\"SearchAction\",\"target\":{\"@type\":\"EntryPoint\",\"urlTemplate\":\"https:\/\/anamandaracamranh.com\/vi\/?s={search_term_string}\"},\"query-input\":\"required name=search_term_string\"}],\"inLanguage\":\"vi-VN\"}]}<\/script>\n<!-- \/ Yoast SEO plugin. -->","yoast_head_json":{"title":"Suite M\u1ed9t Ph\u00f2ng Ng\u1ee7 H\u01b0\u1edbng Bi\u1ec3n | Ana Mandara Cam Ranh","description":"Suite M\u1ed9t Ph\u00f2ng Ng\u1ee7 H\u01b0\u1edbng Bi\u1ec3n mang \u0111\u1ebfn ch\u1ed1n ngh\u1ec9 d\u01b0\u1ee1ng an t\u0129nh cho c\u00e1c c\u1eb7p \u0111\u00f4i \u0111ang t\u00ecm ki\u1ebfm s\u1ef1 ri\u00eang t\u01b0 v\u00e0 n\u01a1i l\u01b0u tr\u00fa l\u00e3ng m\u1ea1n.","robots":{"index":"index","follow":"follow","max-snippet":"max-snippet:-1","max-image-preview":"max-image-preview:large","max-video-preview":"max-video-preview:-1"},"canonical":"https:\/\/anamandaracamranh.com\/vi\/rooms-suites-villas\/seaview-one-bedroom-suite\/","og_locale":"vi_VN","og_type":"article","og_title":"Suite M\u1ed9t Ph\u00f2ng Ng\u1ee7 H\u01b0\u1edbng Bi\u1ec3n | Ana Mandara Cam Ranh","og_description":"Suite M\u1ed9t Ph\u00f2ng Ng\u1ee7 H\u01b0\u1edbng Bi\u1ec3n mang \u0111\u1ebfn ch\u1ed1n ngh\u1ec9 d\u01b0\u1ee1ng an t\u0129nh cho c\u00e1c c\u1eb7p \u0111\u00f4i \u0111ang t\u00ecm ki\u1ebfm s\u1ef1 ri\u00eang t\u01b0 v\u00e0 n\u01a1i l\u01b0u tr\u00fa l\u00e3ng m\u1ea1n.","og_url":"https:\/\/anamandaracamranh.com\/vi\/rooms-suites-villas\/seaview-one-bedroom-suite\/","og_site_name":"Ana Mandara Cam Ranh Hotel","article_modified_time":"2023-10-24T09:09:34+00:00","og_image":[{"width":2200,"height":1650,"url":"https:\/\/anamandaracamranh.com\/wp-content\/uploads\/sites\/254\/2023\/10\/ANA-MANDARA-CAM-RANH-Seaview-One-Bedroom-Suite-11.jpg","type":"image\/jpeg"}],"twitter_card":"summary_large_image","twitter_misc":{"Est. reading time":"1 minute"},"schema":{"@context":"https:\/\/schema.org","@graph":[{"@type":"WebPage","@id":"https:\/\/anamandaracamranh.com\/vi\/rooms-suites-villas\/seaview-one-bedroom-suite\/","url":"https:\/\/anamandaracamranh.com\/vi\/rooms-suites-villas\/seaview-one-bedroom-suite\/","name":"Suite M\u1ed9t Ph\u00f2ng Ng\u1ee7 H\u01b0\u1edbng Bi\u1ec3n | Ana Mandara Cam Ranh","isPartOf":{"@id":"https:\/\/anamandaracamranh.com\/vi\/#website"},"primaryImageOfPage":{"@id":"https:\/\/anamandaracamranh.com\/vi\/rooms-suites-villas\/seaview-one-bedroom-suite\/#primaryimage"},"image":{"@id":"https:\/\/anamandaracamranh.com\/vi\/rooms-suites-villas\/seaview-one-bedroom-suite\/#primaryimage"},"thumbnailUrl":"https:\/\/anamandaracamranh.com\/wp-content\/uploads\/sites\/254\/2023\/10\/ANA-MANDARA-CAM-RANH-Seaview-One-Bedroom-Suite-11.jpg","datePublished":"2022-09-09T02:17:09+00:00","dateModified":"2023-10-24T09:09:34+00:00","description":"Suite M\u1ed9t Ph\u00f2ng Ng\u1ee7 H\u01b0\u1edbng Bi\u1ec3n mang \u0111\u1ebfn ch\u1ed1n ngh\u1ec9 d\u01b0\u1ee1ng an t\u0129nh cho c\u00e1c c\u1eb7p \u0111\u00f4i \u0111ang t\u00ecm ki\u1ebfm s\u1ef1 ri\u00eang t\u01b0 v\u00e0 n\u01a1i l\u01b0u tr\u00fa l\u00e3ng m\u1ea1n.","breadcrumb":{"@id":"https:\/\/anamandaracamranh.com\/vi\/rooms-suites-villas\/seaview-one-bedroom-suite\/#breadcrumb"},"inLanguage":"vi-VN","potentialAction":[{"@type":"ReadAction","target":["https:\/\/anamandaracamranh.com\/vi\/rooms-suites-villas\/seaview-one-bedroom-suite\/"]}]},{"@type":"ImageObject","inLanguage":"vi-VN","@id":"https:\/\/anamandaracamranh.com\/vi\/rooms-suites-villas\/seaview-one-bedroom-suite\/#primaryimage","url":"https:\/\/anamandaracamranh.com\/wp-content\/uploads\/sites\/254\/2023\/10\/ANA-MANDARA-CAM-RANH-Seaview-One-Bedroom-Suite-11.jpg","contentUrl":"https:\/\/anamandaracamranh.com\/wp-content\/uploads\/sites\/254\/2023\/10\/ANA-MANDARA-CAM-RANH-Seaview-One-Bedroom-Suite-11.jpg","width":2200,"height":1650},{"@type":"BreadcrumbList","@id":"https:\/\/anamandaracamranh.com\/vi\/rooms-suites-villas\/seaview-one-bedroom-suite\/#breadcrumb","itemListElement":[{"@type":"ListItem","position":1,"name":"Home","item":"https:\/\/anamandaracamranh.com\/vi\/"},{"@type":"ListItem","position":2,"name":"Ph\u00f2ng ngh\u1ec9","item":"https:\/\/anamandaracamranh.com\/vi\/rooms-suites-villas\/"},{"@type":"ListItem","position":3,"name":"Suite M\u1ed9t Ph\u00f2ng Ng\u1ee7 H\u01b0\u1edbng Bi\u1ec3n"}]},{"@type":"WebSite","@id":"https:\/\/anamandaracamranh.com\/vi\/#website","url":"https:\/\/anamandaracamranh.com\/vi\/","name":"Ana Mandara Cam Ranh Hotel","description":"","potentialAction":[{"@type":"SearchAction","target":{"@type":"EntryPoint","urlTemplate":"https:\/\/anamandaracamranh.com\/vi\/?s={search_term_string}"},"query-input":"required name=search_term_string"}],"inLanguage":"vi-VN"}]}},"_links":{"self":[{"href":"https:\/\/anamandaracamranh.com\/vi\/wp-json\/wp\/v2\/pages\/713"}],"collection":[{"href":"https:\/\/anamandaracamranh.com\/vi\/wp-json\/wp\/v2\/pages"}],"about":[{"href":"https:\/\/anamandaracamranh.com\/vi\/wp-json\/wp\/v2\/types\/page"}],"author":[{"embeddable":true,"href":"https:\/\/anamandaracamranh.com\/vi\/wp-json\/wp\/v2\/users\/368"}],"replies":[{"embeddable":true,"href":"https:\/\/anamandaracamranh.com\/vi\/wp-json\/wp\/v2\/comments?post=713"}],"version-history":[{"count":0,"href":"https:\/\/anamandaracamranh.com\/vi\/wp-json\/wp\/v2\/pages\/713\/revisions"}],"up":[{"embeddable":true,"href":"https:\/\/anamandaracamranh.com\/vi\/wp-json\/wp\/v2\/pages\/683"}],"wp:featuredmedia":[{"embeddable":true,"href":"https:\/\/anamandaracamranh.com\/vi\/wp-json\/wp\/v2\/media\/1858"}],"wp:attachment":[{"href":"https:\/\/anamandaracamranh.com\/vi\/wp-json\/wp\/v2\/media?parent=713"}],"wp:term":[{"taxonomy":"category","embeddable":true,"href":"https:\/\/anamandaracamranh.com\/vi\/wp-json\/wp\/v2\/categories?post=713"}],"curies":[{"name":"wp","href":"https:\/\/api.w.org\/{rel}","templated":true}]}}