{"id":699,"date":"2022-09-09T02:48:35","date_gmt":"2022-09-09T02:48:35","guid":{"rendered":"https:\/\/anamandaracamranh.com\/rooms-suites-villas\/beachfront-four-bedroom-pool-villa\/"},"modified":"2025-05-14T06:52:49","modified_gmt":"2025-05-14T06:52:49","slug":"beachfront-four-bedroom-pool-villa","status":"publish","type":"page","link":"https:\/\/anamandaracamranh.com\/vi\/rooms-suites-villas\/beachfront-four-bedroom-pool-villa\/","title":{"rendered":"Bi\u1ec7t Th\u1ef1 B\u1ed1n Ph\u00f2ng Ng\u1ee7 Tr\u01b0\u1edbc Bi\u1ec3n C\u00f3 H\u1ed3 B\u01a1i"},"content":{"rendered":"<p>Bi\u1ec7t Th\u1ef1 B\u1ed1n Ph\u00f2ng Ng\u1ee7 Tr\u01b0\u1edbc Bi\u1ec3n C\u00f3 H\u1ed3 B\u01a1i n\u1eb1m gi\u1eefa m\u1ed9t khu v\u01b0\u1eddn r\u1eadm r\u1ea1p mang \u0111\u1ebfn cho du kh\u00e1ch kh\u00f4ng gian c\u00e1ch bi\u1ec7t v\u00e0 s\u1ef1 ri\u00eang t\u01b0 t\u1ed1i \u0111a. B\u1ec3 ng\u00e2m ri\u00eang l\u1edbn v\u1edbi h\u00e0ng hi\u00ean t\u1eafm n\u1eafng v\u1edbi t\u1ea7m nh\u00ecn b\u1ea5t t\u1eadn h\u01b0\u1edbng ra \u0111\u1ea1i d\u01b0\u01a1ng. Kh\u00f4ng nghi ng\u1edd g\u00ec n\u1eefa, \u0111\u00e2y ch\u00ednh l\u00e0 l\u1ef1a ch\u1ecdn tuy\u1ec7t v\u1eddi khi mu\u1ed1n t\u00ecm ki\u1ebfm ch\u1ed1n ngh\u0129 d\u01b0\u1ee1ng t\u1ea1i Ana Mandara Cam Ranh.<\/p>\n<p>V\u1edbi di\u1ec7n t\u00edch \u0111\u1ebfn 448 m\u00e9t vu\u00f4ng, thi\u1ebft k\u1ebf tr\u00ean kh\u00f4ng gian ba gian nh\u00e0 v\u00f2m ri\u00eang bi\u1ec7t, Bi\u1ec7t Th\u1ef1 B\u1ed1n Ph\u00f2ng Ng\u1ee7 Tr\u01b0\u1edbc Bi\u1ec3n C\u00f3 H\u1ed3 B\u01a1i l\u00e0 ch\u1ed1n ngh\u1ec9 ng\u01a1i th\u01b0 gi\u00e3n \u0111\u1ea7y phong c\u00e1ch. K\u1ebft h\u1ee3p hai ph\u00f2ng ng\u1ee7 ch\u00ednh h\u01b0\u1edbng ra bi\u1ec3n v\u1edbi gi\u01b0\u1eddng c\u1ee1 \u0111\u1ea1i. Hai ph\u00f2ng ng\u1ee7 ph\u00eda sau t\u00e1ch r\u1eddi c\u0103n nh\u00e0 ch\u00ednh v\u1edbi kho\u1ea3ng v\u01b0\u1eddn nh\u1ecf \u00eam \u0111\u1ec1m, m\u1ed7i ph\u00f2ng \u0111\u1ec1u trang b\u1ecb 2 gi\u01b0\u1eddng \u0111\u01a1n. C\u1ea3 b\u1ed1n ph\u00f2ng ng\u1ee7 \u0111\u1ec1u c\u00f3 khu v\u1ef1c sinh ho\u1ea1t ri\u00eang v\u1edbi gh\u1ebf d\u00e0i v\u00e0 \u0111\u1ec7m \u00eam \u00e1i; ph\u00f2ng t\u1eafm ri\u00eang v\u1edbi b\u1ed3n r\u1eeda m\u1eb7t, k\u00ednh l\u1edbn \u0111\u00f4i v\u00e0 v\u00f2i sen trong nh\u00e0. Bi\u1ec7t th\u1ef1 n\u00e0y c\u0169ng \u0111\u01b0\u1ee3c thi\u1ebft k\u1ebf khu v\u1ef1c b\u1ebfp nh\u1ecf v\u1edbi trang thi\u1ebft b\u1ecb v\u00e0 v\u1eadt d\u1ee5ng hi\u1ec7n \u0111\u1ea1i.<\/p>\n<p>M\u1ed9t n\u01a1i l\u00fd t\u01b0\u1edfng cho c\u00e1c nh\u00f3m kh\u00e1ch quy m\u00f4 l\u1edbn ho\u1eb7c m\u1ed9t bu\u1ed5i h\u1ecdp m\u1eb7t gia \u0111\u00ecnh \u0111\u00f4ng ng\u01b0\u1eddi.<\/p>\n","protected":false},"excerpt":{"rendered":"<p>Bi\u1ec7t Th\u1ef1 B\u1ed1n Ph\u00f2ng Ng\u1ee7 Tr\u01b0\u1edbc Bi\u1ec3n C\u00f3 H\u1ed3 B\u01a1i n\u1eb1m gi\u1eefa m\u1ed9t khu v\u01b0\u1eddn r\u1eadm r\u1ea1p mang \u0111\u1ebfn cho du kh\u00e1ch kh\u00f4ng gian c\u00e1ch bi\u1ec7t v\u00e0 s\u1ef1 ri\u00eang t\u01b0 t\u1ed1i \u0111a. B\u1ec3 ng\u00e2m ri\u00eang l\u1edbn v\u1edbi h\u00e0ng hi\u00ean t\u1eafm n\u1eafng v\u1edbi t\u1ea7m nh\u00ecn b\u1ea5t t\u1eadn h\u01b0\u1edbng ra \u0111\u1ea1i d\u01b0\u01a1ng. Kh\u00f4ng nghi ng\u1edd g\u00ec n\u1eefa, [&hellip;]<\/p>\n","protected":false},"author":368,"featured_media":1709,"parent":683,"menu_order":13,"comment_status":"closed","ping_status":"closed","template":"template-single-room.php","meta":{"footnotes":""},"categories":[],"acf":[],"yoast_head":"<!-- This site is optimized with the Yoast SEO plugin v22.3 - https:\/\/yoast.com\/wordpress\/plugins\/seo\/ -->\n<title>Bi\u1ec7t Th\u1ef1 B\u1ed1n Ph\u00f2ng Ng\u1ee7 C\u00f3 H\u1ed3 B\u01a1i | Ana Mandara Cam Ranh<\/title>\n<meta name=\"description\" content=\"Bi\u1ec7t Th\u1ef1 B\u1ed1n Ph\u00f2ng Ng\u1ee7 C\u00f3 H\u1ed3 B\u01a1i l\u00e0 bi\u1ec7t th\u1ef1 duy nh\u1ea5t ng\u1eafm to\u00e0n c\u1ea3nh \u0111\u1ea1i d\u01b0\u01a1ng, v\u1edbi 4 ph\u00f2ng ng\u1ee7 t\u00e1ch bi\u1ec7t trong h\u1ec7 nh\u00e0 v\u00f2m kh\u00e1c nhau, \u0111\u1ea3m b\u1ea3o s\u1ef1 ri\u00eang t\u01b0 cao nh\u1ea5t.\" \/>\n<meta name=\"robots\" content=\"index, follow, max-snippet:-1, max-image-preview:large, max-video-preview:-1\" \/>\n<link rel=\"canonical\" href=\"https:\/\/anamandaracamranh.com\/vi\/rooms-suites-villas\/beachfront-four-bedroom-pool-villa\/\" \/>\n<meta property=\"og:locale\" content=\"vi_VN\" \/>\n<meta property=\"og:type\" content=\"article\" \/>\n<meta property=\"og:title\" content=\"Bi\u1ec7t Th\u1ef1 B\u1ed1n Ph\u00f2ng Ng\u1ee7 C\u00f3 H\u1ed3 B\u01a1i | Ana Mandara Cam Ranh\" \/>\n<meta property=\"og:description\" content=\"Bi\u1ec7t Th\u1ef1 B\u1ed1n Ph\u00f2ng Ng\u1ee7 C\u00f3 H\u1ed3 B\u01a1i l\u00e0 bi\u1ec7t th\u1ef1 duy nh\u1ea5t ng\u1eafm to\u00e0n c\u1ea3nh \u0111\u1ea1i d\u01b0\u01a1ng, v\u1edbi 4 ph\u00f2ng ng\u1ee7 t\u00e1ch bi\u1ec7t trong h\u1ec7 nh\u00e0 v\u00f2m kh\u00e1c nhau, \u0111\u1ea3m b\u1ea3o s\u1ef1 ri\u00eang t\u01b0 cao nh\u1ea5t.\" \/>\n<meta property=\"og:url\" content=\"https:\/\/anamandaracamranh.com\/vi\/rooms-suites-villas\/beachfront-four-bedroom-pool-villa\/\" \/>\n<meta property=\"og:site_name\" content=\"Ana Mandara Cam Ranh Hotel\" \/>\n<meta property=\"article:modified_time\" content=\"2025-05-14T06:52:49+00:00\" \/>\n<meta property=\"og:image\" content=\"https:\/\/anamandaracamranh.com\/wp-content\/uploads\/sites\/254\/2023\/09\/ANA-MANDARA-CAM-RANH-Beachfront-Four-Bedroom-Villa1-2023-1.jpg\" \/>\n\t<meta property=\"og:image:width\" content=\"2200\" \/>\n\t<meta property=\"og:image:height\" content=\"1465\" \/>\n\t<meta property=\"og:image:type\" content=\"image\/jpeg\" \/>\n<meta name=\"twitter:card\" content=\"summary_large_image\" \/>\n<meta name=\"twitter:label1\" content=\"Est. reading time\" \/>\n\t<meta name=\"twitter:data1\" content=\"2 minutes\" \/>\n<script type=\"application\/ld+json\" class=\"yoast-schema-graph\">{\"@context\":\"https:\/\/schema.org\",\"@graph\":[{\"@type\":\"WebPage\",\"@id\":\"https:\/\/anamandaracamranh.com\/vi\/rooms-suites-villas\/beachfront-four-bedroom-pool-villa\/\",\"url\":\"https:\/\/anamandaracamranh.com\/vi\/rooms-suites-villas\/beachfront-four-bedroom-pool-villa\/\",\"name\":\"Bi\u1ec7t Th\u1ef1 B\u1ed1n Ph\u00f2ng Ng\u1ee7 C\u00f3 H\u1ed3 B\u01a1i | Ana Mandara Cam Ranh\",\"isPartOf\":{\"@id\":\"https:\/\/anamandaracamranh.com\/vi\/#website\"},\"primaryImageOfPage\":{\"@id\":\"https:\/\/anamandaracamranh.com\/vi\/rooms-suites-villas\/beachfront-four-bedroom-pool-villa\/#primaryimage\"},\"image\":{\"@id\":\"https:\/\/anamandaracamranh.com\/vi\/rooms-suites-villas\/beachfront-four-bedroom-pool-villa\/#primaryimage\"},\"thumbnailUrl\":\"https:\/\/anamandaracamranh.com\/wp-content\/uploads\/sites\/254\/2023\/09\/ANA-MANDARA-CAM-RANH-Beachfront-Four-Bedroom-Villa1-2023-1.jpg\",\"datePublished\":\"2022-09-09T02:48:35+00:00\",\"dateModified\":\"2025-05-14T06:52:49+00:00\",\"description\":\"Bi\u1ec7t Th\u1ef1 B\u1ed1n Ph\u00f2ng Ng\u1ee7 C\u00f3 H\u1ed3 B\u01a1i l\u00e0 bi\u1ec7t th\u1ef1 duy nh\u1ea5t ng\u1eafm to\u00e0n c\u1ea3nh \u0111\u1ea1i d\u01b0\u01a1ng, v\u1edbi 4 ph\u00f2ng ng\u1ee7 t\u00e1ch bi\u1ec7t trong h\u1ec7 nh\u00e0 v\u00f2m kh\u00e1c nhau, \u0111\u1ea3m b\u1ea3o s\u1ef1 ri\u00eang t\u01b0 cao nh\u1ea5t.\",\"breadcrumb\":{\"@id\":\"https:\/\/anamandaracamranh.com\/vi\/rooms-suites-villas\/beachfront-four-bedroom-pool-villa\/#breadcrumb\"},\"inLanguage\":\"vi-VN\",\"potentialAction\":[{\"@type\":\"ReadAction\",\"target\":[\"https:\/\/anamandaracamranh.com\/vi\/rooms-suites-villas\/beachfront-four-bedroom-pool-villa\/\"]}]},{\"@type\":\"ImageObject\",\"inLanguage\":\"vi-VN\",\"@id\":\"https:\/\/anamandaracamranh.com\/vi\/rooms-suites-villas\/beachfront-four-bedroom-pool-villa\/#primaryimage\",\"url\":\"https:\/\/anamandaracamranh.com\/wp-content\/uploads\/sites\/254\/2023\/09\/ANA-MANDARA-CAM-RANH-Beachfront-Four-Bedroom-Villa1-2023-1.jpg\",\"contentUrl\":\"https:\/\/anamandaracamranh.com\/wp-content\/uploads\/sites\/254\/2023\/09\/ANA-MANDARA-CAM-RANH-Beachfront-Four-Bedroom-Villa1-2023-1.jpg\",\"width\":2200,\"height\":1465},{\"@type\":\"BreadcrumbList\",\"@id\":\"https:\/\/anamandaracamranh.com\/vi\/rooms-suites-villas\/beachfront-four-bedroom-pool-villa\/#breadcrumb\",\"itemListElement\":[{\"@type\":\"ListItem\",\"position\":1,\"name\":\"Home\",\"item\":\"https:\/\/anamandaracamranh.com\/vi\/\"},{\"@type\":\"ListItem\",\"position\":2,\"name\":\"Ph\u00f2ng ngh\u1ec9\",\"item\":\"https:\/\/anamandaracamranh.com\/vi\/rooms-suites-villas\/\"},{\"@type\":\"ListItem\",\"position\":3,\"name\":\"Bi\u1ec7t Th\u1ef1 B\u1ed1n Ph\u00f2ng Ng\u1ee7 Tr\u01b0\u1edbc Bi\u1ec3n C\u00f3 H\u1ed3 B\u01a1i\"}]},{\"@type\":\"WebSite\",\"@id\":\"https:\/\/anamandaracamranh.com\/vi\/#website\",\"url\":\"https:\/\/anamandaracamranh.com\/vi\/\",\"name\":\"Ana Mandara Cam Ranh Hotel\",\"description\":\"\",\"potentialAction\":[{\"@type\":\"SearchAction\",\"target\":{\"@type\":\"EntryPoint\",\"urlTemplate\":\"https:\/\/anamandaracamranh.com\/vi\/?s={search_term_string}\"},\"query-input\":\"required name=search_term_string\"}],\"inLanguage\":\"vi-VN\"}]}<\/script>\n<!-- \/ Yoast SEO plugin. -->","yoast_head_json":{"title":"Bi\u1ec7t Th\u1ef1 B\u1ed1n Ph\u00f2ng Ng\u1ee7 C\u00f3 H\u1ed3 B\u01a1i | Ana Mandara Cam Ranh","description":"Bi\u1ec7t Th\u1ef1 B\u1ed1n Ph\u00f2ng Ng\u1ee7 C\u00f3 H\u1ed3 B\u01a1i l\u00e0 bi\u1ec7t th\u1ef1 duy nh\u1ea5t ng\u1eafm to\u00e0n c\u1ea3nh \u0111\u1ea1i d\u01b0\u01a1ng, v\u1edbi 4 ph\u00f2ng ng\u1ee7 t\u00e1ch bi\u1ec7t trong h\u1ec7 nh\u00e0 v\u00f2m kh\u00e1c nhau, \u0111\u1ea3m b\u1ea3o s\u1ef1 ri\u00eang t\u01b0 cao nh\u1ea5t.","robots":{"index":"index","follow":"follow","max-snippet":"max-snippet:-1","max-image-preview":"max-image-preview:large","max-video-preview":"max-video-preview:-1"},"canonical":"https:\/\/anamandaracamranh.com\/vi\/rooms-suites-villas\/beachfront-four-bedroom-pool-villa\/","og_locale":"vi_VN","og_type":"article","og_title":"Bi\u1ec7t Th\u1ef1 B\u1ed1n Ph\u00f2ng Ng\u1ee7 C\u00f3 H\u1ed3 B\u01a1i | Ana Mandara Cam Ranh","og_description":"Bi\u1ec7t Th\u1ef1 B\u1ed1n Ph\u00f2ng Ng\u1ee7 C\u00f3 H\u1ed3 B\u01a1i l\u00e0 bi\u1ec7t th\u1ef1 duy nh\u1ea5t ng\u1eafm to\u00e0n c\u1ea3nh \u0111\u1ea1i d\u01b0\u01a1ng, v\u1edbi 4 ph\u00f2ng ng\u1ee7 t\u00e1ch bi\u1ec7t trong h\u1ec7 nh\u00e0 v\u00f2m kh\u00e1c nhau, \u0111\u1ea3m b\u1ea3o s\u1ef1 ri\u00eang t\u01b0 cao nh\u1ea5t.","og_url":"https:\/\/anamandaracamranh.com\/vi\/rooms-suites-villas\/beachfront-four-bedroom-pool-villa\/","og_site_name":"Ana Mandara Cam Ranh Hotel","article_modified_time":"2025-05-14T06:52:49+00:00","og_image":[{"width":2200,"height":1465,"url":"https:\/\/anamandaracamranh.com\/wp-content\/uploads\/sites\/254\/2023\/09\/ANA-MANDARA-CAM-RANH-Beachfront-Four-Bedroom-Villa1-2023-1.jpg","type":"image\/jpeg"}],"twitter_card":"summary_large_image","twitter_misc":{"Est. reading time":"2 minutes"},"schema":{"@context":"https:\/\/schema.org","@graph":[{"@type":"WebPage","@id":"https:\/\/anamandaracamranh.com\/vi\/rooms-suites-villas\/beachfront-four-bedroom-pool-villa\/","url":"https:\/\/anamandaracamranh.com\/vi\/rooms-suites-villas\/beachfront-four-bedroom-pool-villa\/","name":"Bi\u1ec7t Th\u1ef1 B\u1ed1n Ph\u00f2ng Ng\u1ee7 C\u00f3 H\u1ed3 B\u01a1i | Ana Mandara Cam Ranh","isPartOf":{"@id":"https:\/\/anamandaracamranh.com\/vi\/#website"},"primaryImageOfPage":{"@id":"https:\/\/anamandaracamranh.com\/vi\/rooms-suites-villas\/beachfront-four-bedroom-pool-villa\/#primaryimage"},"image":{"@id":"https:\/\/anamandaracamranh.com\/vi\/rooms-suites-villas\/beachfront-four-bedroom-pool-villa\/#primaryimage"},"thumbnailUrl":"https:\/\/anamandaracamranh.com\/wp-content\/uploads\/sites\/254\/2023\/09\/ANA-MANDARA-CAM-RANH-Beachfront-Four-Bedroom-Villa1-2023-1.jpg","datePublished":"2022-09-09T02:48:35+00:00","dateModified":"2025-05-14T06:52:49+00:00","description":"Bi\u1ec7t Th\u1ef1 B\u1ed1n Ph\u00f2ng Ng\u1ee7 C\u00f3 H\u1ed3 B\u01a1i l\u00e0 bi\u1ec7t th\u1ef1 duy nh\u1ea5t ng\u1eafm to\u00e0n c\u1ea3nh \u0111\u1ea1i d\u01b0\u01a1ng, v\u1edbi 4 ph\u00f2ng ng\u1ee7 t\u00e1ch bi\u1ec7t trong h\u1ec7 nh\u00e0 v\u00f2m kh\u00e1c nhau, \u0111\u1ea3m b\u1ea3o s\u1ef1 ri\u00eang t\u01b0 cao nh\u1ea5t.","breadcrumb":{"@id":"https:\/\/anamandaracamranh.com\/vi\/rooms-suites-villas\/beachfront-four-bedroom-pool-villa\/#breadcrumb"},"inLanguage":"vi-VN","potentialAction":[{"@type":"ReadAction","target":["https:\/\/anamandaracamranh.com\/vi\/rooms-suites-villas\/beachfront-four-bedroom-pool-villa\/"]}]},{"@type":"ImageObject","inLanguage":"vi-VN","@id":"https:\/\/anamandaracamranh.com\/vi\/rooms-suites-villas\/beachfront-four-bedroom-pool-villa\/#primaryimage","url":"https:\/\/anamandaracamranh.com\/wp-content\/uploads\/sites\/254\/2023\/09\/ANA-MANDARA-CAM-RANH-Beachfront-Four-Bedroom-Villa1-2023-1.jpg","contentUrl":"https:\/\/anamandaracamranh.com\/wp-content\/uploads\/sites\/254\/2023\/09\/ANA-MANDARA-CAM-RANH-Beachfront-Four-Bedroom-Villa1-2023-1.jpg","width":2200,"height":1465},{"@type":"BreadcrumbList","@id":"https:\/\/anamandaracamranh.com\/vi\/rooms-suites-villas\/beachfront-four-bedroom-pool-villa\/#breadcrumb","itemListElement":[{"@type":"ListItem","position":1,"name":"Home","item":"https:\/\/anamandaracamranh.com\/vi\/"},{"@type":"ListItem","position":2,"name":"Ph\u00f2ng ngh\u1ec9","item":"https:\/\/anamandaracamranh.com\/vi\/rooms-suites-villas\/"},{"@type":"ListItem","position":3,"name":"Bi\u1ec7t Th\u1ef1 B\u1ed1n Ph\u00f2ng Ng\u1ee7 Tr\u01b0\u1edbc Bi\u1ec3n C\u00f3 H\u1ed3 B\u01a1i"}]},{"@type":"WebSite","@id":"https:\/\/anamandaracamranh.com\/vi\/#website","url":"https:\/\/anamandaracamranh.com\/vi\/","name":"Ana Mandara Cam Ranh Hotel","description":"","potentialAction":[{"@type":"SearchAction","target":{"@type":"EntryPoint","urlTemplate":"https:\/\/anamandaracamranh.com\/vi\/?s={search_term_string}"},"query-input":"required name=search_term_string"}],"inLanguage":"vi-VN"}]}},"_links":{"self":[{"href":"https:\/\/anamandaracamranh.com\/vi\/wp-json\/wp\/v2\/pages\/699"}],"collection":[{"href":"https:\/\/anamandaracamranh.com\/vi\/wp-json\/wp\/v2\/pages"}],"about":[{"href":"https:\/\/anamandaracamranh.com\/vi\/wp-json\/wp\/v2\/types\/page"}],"author":[{"embeddable":true,"href":"https:\/\/anamandaracamranh.com\/vi\/wp-json\/wp\/v2\/users\/368"}],"replies":[{"embeddable":true,"href":"https:\/\/anamandaracamranh.com\/vi\/wp-json\/wp\/v2\/comments?post=699"}],"version-history":[{"count":0,"href":"https:\/\/anamandaracamranh.com\/vi\/wp-json\/wp\/v2\/pages\/699\/revisions"}],"up":[{"embeddable":true,"href":"https:\/\/anamandaracamranh.com\/vi\/wp-json\/wp\/v2\/pages\/683"}],"wp:featuredmedia":[{"embeddable":true,"href":"https:\/\/anamandaracamranh.com\/vi\/wp-json\/wp\/v2\/media\/1709"}],"wp:attachment":[{"href":"https:\/\/anamandaracamranh.com\/vi\/wp-json\/wp\/v2\/media?parent=699"}],"wp:term":[{"taxonomy":"category","embeddable":true,"href":"https:\/\/anamandaracamranh.com\/vi\/wp-json\/wp\/v2\/categories?post=699"}],"curies":[{"name":"wp","href":"https:\/\/api.w.org\/{rel}","templated":true}]}}