{"id":698,"date":"2022-09-09T02:45:36","date_gmt":"2022-09-09T02:45:36","guid":{"rendered":"https:\/\/anamandaracamranh.com\/rooms-suites-villas\/semi-seaview-three-bedroom-pool-villa\/"},"modified":"2025-05-14T06:38:36","modified_gmt":"2025-05-14T06:38:36","slug":"three-bedroom-pool-villa","status":"publish","type":"page","link":"https:\/\/anamandaracamranh.com\/vi\/rooms-suites-villas\/three-bedroom-pool-villa\/","title":{"rendered":"Bi\u1ec7t Th\u1ef1 Ba Ph\u00f2ng Ng\u1ee7 C\u00f3 H\u1ed3 B\u01a1i"},"content":{"rendered":"<p>\u0110\u01b0\u1ee3c bao quanh b\u1edfi nh\u1eefng t\u00e1n v\u01b0\u1eddn trong l\u00e0nh, t\u00e1m ng\u00f4i bi\u1ec7t th\u1ef1 Bi\u1ec7t Th\u1ef1 Ba Ph\u00f2ng Ng\u1ee7 C\u00f3 H\u1ed3 B\u01a1i c\u00f3 di\u1ec7n t\u00edch m\u1ed7i ph\u00f2ng r\u1ed9ng t\u1edbi 289 m\u00e9t vu\u00f4ng. M\u1ed7i bi\u1ec7t th\u1ef1 c\u00f3 ba ph\u00f2ng ng\u1ee7 r\u1ed9ng r\u00e3i \u0111\u1eb7t trong nh\u1eefng c\u0103n nh\u00e0 v\u00f2m ri\u00eang bi\u1ec7t, mang \u0111\u1ebfn s\u1ef1 ri\u00eang t\u01b0 v\u00e0 th\u00e2n m\u1eadt cho c\u00e1c nh\u00f3m kh\u00e1ch l\u01b0u tr\u00fa quy m\u00f4 \u0111a d\u1ea1ng.<\/p>\n<p>Bi\u1ec7t th\u1ef1 ch\u00ednh c\u00f3 s\u00e2n trong ri\u00eang bi\u1ec7t, ph\u1ea7n ngo\u1ea1i th\u1ea5t thi\u1ebft k\u1ebf b\u1ec3 ng\u00e2m v\u00e0 s\u00e2n hi\u00ean t\u1eafm n\u1eafng. Khu v\u1ef1c sinh ho\u1ea1t b\u00ean trong \u0111\u01b0\u1ee3c ho\u00e0n thi\u1ec7n v\u1edbi t\u00f4ng m\u00e0u g\u1ed7 t\u1ef1 nhi\u00ean \u1ea5m \u00e1p, kh\u00f4ng gian r\u1ed9ng r\u00e3i v\u00e0 tr\u00e0n ng\u1eadp \u00e1nh s\u00e1ng v\u00e0 kh\u00ed tr\u1eddi. M\u1ed9t b\u00e0n \u0103n gia \u0111\u00ecnh v\u1edbi \u0111\u1ea7y \u0111\u1ee7 d\u1ee5ng c\u1ee5 ti\u1ec7n nghi mang \u0111\u1ebfn s\u1ef1 tho\u1ea3i m\u00e1i v\u00e0 hi\u1ec7n \u0111\u1ea1i.<\/p>\n<p>Ph\u00f2ng ng\u1ee7 th\u1ee9 ba c\u00f3 2 gi\u01b0\u1eddng \u0111\u01a1n n\u1eb1m b\u00ean ngo\u00e0i bi\u1ec7t th\u1ef1 ch\u00ednh bi\u1ebfn n\u01a1i \u0111\u00e2y th\u00e0nh kh\u00f4ng gian ho\u00e0n h\u1ea3o cho nh\u00f3m gia \u0111\u00ecnh ho\u1eb7c b\u1ea1n b\u00e8, nh\u1eefng ng\u01b0\u1eddi coi tr\u1ecdng s\u1ef1 ri\u00eang t\u01b0 v\u00e0 ti\u1ec7n \u00edch c\u00e1 nh\u00e2n. M\u1ed7i ph\u00f2ng ng\u1ee7 \u0111\u1ec1u c\u00f3 ph\u00f2ng t\u1eafm kh\u00f4ng gian m\u1edf xa hoa v\u1edbi b\u00e0n trang \u0111i\u1ec3m \u0111\u00f4i, b\u1ed3n t\u1eafm n\u1eb1m v\u00e0 v\u00f2i sen trong nh\u00e0.<\/p>\n","protected":false},"excerpt":{"rendered":"<p>\u0110\u01b0\u1ee3c bao quanh b\u1edfi nh\u1eefng t\u00e1n v\u01b0\u1eddn trong l\u00e0nh, t\u00e1m ng\u00f4i bi\u1ec7t th\u1ef1 Bi\u1ec7t Th\u1ef1 Ba Ph\u00f2ng Ng\u1ee7 C\u00f3 H\u1ed3 B\u01a1i c\u00f3 di\u1ec7n t\u00edch m\u1ed7i ph\u00f2ng r\u1ed9ng t\u1edbi 289 m\u00e9t vu\u00f4ng. M\u1ed7i bi\u1ec7t th\u1ef1 c\u00f3 ba ph\u00f2ng ng\u1ee7 r\u1ed9ng r\u00e3i \u0111\u1eb7t trong nh\u1eefng c\u0103n nh\u00e0 v\u00f2m ri\u00eang bi\u1ec7t, mang \u0111\u1ebfn s\u1ef1 ri\u00eang t\u01b0 v\u00e0 th\u00e2n [&hellip;]<\/p>\n","protected":false},"author":368,"featured_media":1728,"parent":683,"menu_order":12,"comment_status":"closed","ping_status":"closed","template":"template-single-room.php","meta":{"footnotes":""},"categories":[],"acf":[],"yoast_head":"<!-- This site is optimized with the Yoast SEO plugin v22.3 - https:\/\/yoast.com\/wordpress\/plugins\/seo\/ -->\n<title>Bi\u1ec7t Th\u1ef1 Ba Ph\u00f2ng Ng\u1ee7 C\u00f3 H\u1ed3 B\u01a1i | Ana Mandara Cam Ranh<\/title>\n<meta name=\"description\" content=\"Bi\u1ec7t Th\u1ef1 Ba Ph\u00f2ng Ng\u1ee7 C\u00f3 H\u1ed3 B\u01a1i r\u1ed9ng 289 m\u00e9t vu\u00f4ng c\u00f3 ba ph\u00f2ng ng\u1ee7 v\u00e0 kh\u00f4ng gian duy\u00ean d\u00e1ng c\u00e2n b\u1eb1ng gi\u1eefa s\u1ef1 ri\u00eang t\u01b0 v\u00e0 \u0111o\u00e0n vi\u00ean th\u00e2n t\u00ecnh.\" \/>\n<meta name=\"robots\" content=\"index, follow, max-snippet:-1, max-image-preview:large, max-video-preview:-1\" \/>\n<link rel=\"canonical\" href=\"https:\/\/anamandaracamranh.com\/vi\/rooms-suites-villas\/three-bedroom-pool-villa\/\" \/>\n<meta property=\"og:locale\" content=\"vi_VN\" \/>\n<meta property=\"og:type\" content=\"article\" \/>\n<meta property=\"og:title\" content=\"Bi\u1ec7t Th\u1ef1 Ba Ph\u00f2ng Ng\u1ee7 C\u00f3 H\u1ed3 B\u01a1i | Ana Mandara Cam Ranh\" \/>\n<meta property=\"og:description\" content=\"Bi\u1ec7t Th\u1ef1 Ba Ph\u00f2ng Ng\u1ee7 C\u00f3 H\u1ed3 B\u01a1i r\u1ed9ng 289 m\u00e9t vu\u00f4ng c\u00f3 ba ph\u00f2ng ng\u1ee7 v\u00e0 kh\u00f4ng gian duy\u00ean d\u00e1ng c\u00e2n b\u1eb1ng gi\u1eefa s\u1ef1 ri\u00eang t\u01b0 v\u00e0 \u0111o\u00e0n vi\u00ean th\u00e2n t\u00ecnh.\" \/>\n<meta property=\"og:url\" content=\"https:\/\/anamandaracamranh.com\/vi\/rooms-suites-villas\/three-bedroom-pool-villa\/\" \/>\n<meta property=\"og:site_name\" content=\"Ana Mandara Cam Ranh Hotel\" \/>\n<meta property=\"article:modified_time\" content=\"2025-05-14T06:38:36+00:00\" \/>\n<meta property=\"og:image\" content=\"https:\/\/anamandaracamranh.com\/wp-content\/uploads\/sites\/254\/2023\/09\/ANA-MANDARA-CAM-RANH-Beachfront-Three-Bedroom-Villa9-1024x682.jpg\" \/>\n\t<meta property=\"og:image:width\" content=\"1024\" \/>\n\t<meta property=\"og:image:height\" content=\"682\" \/>\n\t<meta property=\"og:image:type\" content=\"image\/jpeg\" \/>\n<meta name=\"twitter:card\" content=\"summary_large_image\" \/>\n<meta name=\"twitter:label1\" content=\"Est. reading time\" \/>\n\t<meta name=\"twitter:data1\" content=\"2 minutes\" \/>\n<script type=\"application\/ld+json\" class=\"yoast-schema-graph\">{\"@context\":\"https:\/\/schema.org\",\"@graph\":[{\"@type\":\"WebPage\",\"@id\":\"https:\/\/anamandaracamranh.com\/vi\/rooms-suites-villas\/three-bedroom-pool-villa\/\",\"url\":\"https:\/\/anamandaracamranh.com\/vi\/rooms-suites-villas\/three-bedroom-pool-villa\/\",\"name\":\"Bi\u1ec7t Th\u1ef1 Ba Ph\u00f2ng Ng\u1ee7 C\u00f3 H\u1ed3 B\u01a1i | Ana Mandara Cam Ranh\",\"isPartOf\":{\"@id\":\"https:\/\/anamandaracamranh.com\/vi\/#website\"},\"primaryImageOfPage\":{\"@id\":\"https:\/\/anamandaracamranh.com\/vi\/rooms-suites-villas\/three-bedroom-pool-villa\/#primaryimage\"},\"image\":{\"@id\":\"https:\/\/anamandaracamranh.com\/vi\/rooms-suites-villas\/three-bedroom-pool-villa\/#primaryimage\"},\"thumbnailUrl\":\"https:\/\/anamandaracamranh.com\/wp-content\/uploads\/sites\/254\/2023\/09\/ANA-MANDARA-CAM-RANH-Beachfront-Three-Bedroom-Villa9.jpg\",\"datePublished\":\"2022-09-09T02:45:36+00:00\",\"dateModified\":\"2025-05-14T06:38:36+00:00\",\"description\":\"Bi\u1ec7t Th\u1ef1 Ba Ph\u00f2ng Ng\u1ee7 C\u00f3 H\u1ed3 B\u01a1i r\u1ed9ng 289 m\u00e9t vu\u00f4ng c\u00f3 ba ph\u00f2ng ng\u1ee7 v\u00e0 kh\u00f4ng gian duy\u00ean d\u00e1ng c\u00e2n b\u1eb1ng gi\u1eefa s\u1ef1 ri\u00eang t\u01b0 v\u00e0 \u0111o\u00e0n vi\u00ean th\u00e2n t\u00ecnh.\",\"breadcrumb\":{\"@id\":\"https:\/\/anamandaracamranh.com\/vi\/rooms-suites-villas\/three-bedroom-pool-villa\/#breadcrumb\"},\"inLanguage\":\"vi-VN\",\"potentialAction\":[{\"@type\":\"ReadAction\",\"target\":[\"https:\/\/anamandaracamranh.com\/vi\/rooms-suites-villas\/three-bedroom-pool-villa\/\"]}]},{\"@type\":\"ImageObject\",\"inLanguage\":\"vi-VN\",\"@id\":\"https:\/\/anamandaracamranh.com\/vi\/rooms-suites-villas\/three-bedroom-pool-villa\/#primaryimage\",\"url\":\"https:\/\/anamandaracamranh.com\/wp-content\/uploads\/sites\/254\/2023\/09\/ANA-MANDARA-CAM-RANH-Beachfront-Three-Bedroom-Villa9.jpg\",\"contentUrl\":\"https:\/\/anamandaracamranh.com\/wp-content\/uploads\/sites\/254\/2023\/09\/ANA-MANDARA-CAM-RANH-Beachfront-Three-Bedroom-Villa9.jpg\",\"width\":2200,\"height\":1466},{\"@type\":\"BreadcrumbList\",\"@id\":\"https:\/\/anamandaracamranh.com\/vi\/rooms-suites-villas\/three-bedroom-pool-villa\/#breadcrumb\",\"itemListElement\":[{\"@type\":\"ListItem\",\"position\":1,\"name\":\"Home\",\"item\":\"https:\/\/anamandaracamranh.com\/vi\/\"},{\"@type\":\"ListItem\",\"position\":2,\"name\":\"Ph\u00f2ng ngh\u1ec9\",\"item\":\"https:\/\/anamandaracamranh.com\/vi\/rooms-suites-villas\/\"},{\"@type\":\"ListItem\",\"position\":3,\"name\":\"Bi\u1ec7t Th\u1ef1 Ba Ph\u00f2ng Ng\u1ee7 C\u00f3 H\u1ed3 B\u01a1i\"}]},{\"@type\":\"WebSite\",\"@id\":\"https:\/\/anamandaracamranh.com\/vi\/#website\",\"url\":\"https:\/\/anamandaracamranh.com\/vi\/\",\"name\":\"Ana Mandara Cam Ranh Hotel\",\"description\":\"\",\"potentialAction\":[{\"@type\":\"SearchAction\",\"target\":{\"@type\":\"EntryPoint\",\"urlTemplate\":\"https:\/\/anamandaracamranh.com\/vi\/?s={search_term_string}\"},\"query-input\":\"required name=search_term_string\"}],\"inLanguage\":\"vi-VN\"}]}<\/script>\n<!-- \/ Yoast SEO plugin. -->","yoast_head_json":{"title":"Bi\u1ec7t Th\u1ef1 Ba Ph\u00f2ng Ng\u1ee7 C\u00f3 H\u1ed3 B\u01a1i | Ana Mandara Cam Ranh","description":"Bi\u1ec7t Th\u1ef1 Ba Ph\u00f2ng Ng\u1ee7 C\u00f3 H\u1ed3 B\u01a1i r\u1ed9ng 289 m\u00e9t vu\u00f4ng c\u00f3 ba ph\u00f2ng ng\u1ee7 v\u00e0 kh\u00f4ng gian duy\u00ean d\u00e1ng c\u00e2n b\u1eb1ng gi\u1eefa s\u1ef1 ri\u00eang t\u01b0 v\u00e0 \u0111o\u00e0n vi\u00ean th\u00e2n t\u00ecnh.","robots":{"index":"index","follow":"follow","max-snippet":"max-snippet:-1","max-image-preview":"max-image-preview:large","max-video-preview":"max-video-preview:-1"},"canonical":"https:\/\/anamandaracamranh.com\/vi\/rooms-suites-villas\/three-bedroom-pool-villa\/","og_locale":"vi_VN","og_type":"article","og_title":"Bi\u1ec7t Th\u1ef1 Ba Ph\u00f2ng Ng\u1ee7 C\u00f3 H\u1ed3 B\u01a1i | Ana Mandara Cam Ranh","og_description":"Bi\u1ec7t Th\u1ef1 Ba Ph\u00f2ng Ng\u1ee7 C\u00f3 H\u1ed3 B\u01a1i r\u1ed9ng 289 m\u00e9t vu\u00f4ng c\u00f3 ba ph\u00f2ng ng\u1ee7 v\u00e0 kh\u00f4ng gian duy\u00ean d\u00e1ng c\u00e2n b\u1eb1ng gi\u1eefa s\u1ef1 ri\u00eang t\u01b0 v\u00e0 \u0111o\u00e0n vi\u00ean th\u00e2n t\u00ecnh.","og_url":"https:\/\/anamandaracamranh.com\/vi\/rooms-suites-villas\/three-bedroom-pool-villa\/","og_site_name":"Ana Mandara Cam Ranh Hotel","article_modified_time":"2025-05-14T06:38:36+00:00","og_image":[{"width":1024,"height":682,"url":"https:\/\/anamandaracamranh.com\/wp-content\/uploads\/sites\/254\/2023\/09\/ANA-MANDARA-CAM-RANH-Beachfront-Three-Bedroom-Villa9-1024x682.jpg","type":"image\/jpeg"}],"twitter_card":"summary_large_image","twitter_misc":{"Est. reading time":"2 minutes"},"schema":{"@context":"https:\/\/schema.org","@graph":[{"@type":"WebPage","@id":"https:\/\/anamandaracamranh.com\/vi\/rooms-suites-villas\/three-bedroom-pool-villa\/","url":"https:\/\/anamandaracamranh.com\/vi\/rooms-suites-villas\/three-bedroom-pool-villa\/","name":"Bi\u1ec7t Th\u1ef1 Ba Ph\u00f2ng Ng\u1ee7 C\u00f3 H\u1ed3 B\u01a1i | Ana Mandara Cam Ranh","isPartOf":{"@id":"https:\/\/anamandaracamranh.com\/vi\/#website"},"primaryImageOfPage":{"@id":"https:\/\/anamandaracamranh.com\/vi\/rooms-suites-villas\/three-bedroom-pool-villa\/#primaryimage"},"image":{"@id":"https:\/\/anamandaracamranh.com\/vi\/rooms-suites-villas\/three-bedroom-pool-villa\/#primaryimage"},"thumbnailUrl":"https:\/\/anamandaracamranh.com\/wp-content\/uploads\/sites\/254\/2023\/09\/ANA-MANDARA-CAM-RANH-Beachfront-Three-Bedroom-Villa9.jpg","datePublished":"2022-09-09T02:45:36+00:00","dateModified":"2025-05-14T06:38:36+00:00","description":"Bi\u1ec7t Th\u1ef1 Ba Ph\u00f2ng Ng\u1ee7 C\u00f3 H\u1ed3 B\u01a1i r\u1ed9ng 289 m\u00e9t vu\u00f4ng c\u00f3 ba ph\u00f2ng ng\u1ee7 v\u00e0 kh\u00f4ng gian duy\u00ean d\u00e1ng c\u00e2n b\u1eb1ng gi\u1eefa s\u1ef1 ri\u00eang t\u01b0 v\u00e0 \u0111o\u00e0n vi\u00ean th\u00e2n t\u00ecnh.","breadcrumb":{"@id":"https:\/\/anamandaracamranh.com\/vi\/rooms-suites-villas\/three-bedroom-pool-villa\/#breadcrumb"},"inLanguage":"vi-VN","potentialAction":[{"@type":"ReadAction","target":["https:\/\/anamandaracamranh.com\/vi\/rooms-suites-villas\/three-bedroom-pool-villa\/"]}]},{"@type":"ImageObject","inLanguage":"vi-VN","@id":"https:\/\/anamandaracamranh.com\/vi\/rooms-suites-villas\/three-bedroom-pool-villa\/#primaryimage","url":"https:\/\/anamandaracamranh.com\/wp-content\/uploads\/sites\/254\/2023\/09\/ANA-MANDARA-CAM-RANH-Beachfront-Three-Bedroom-Villa9.jpg","contentUrl":"https:\/\/anamandaracamranh.com\/wp-content\/uploads\/sites\/254\/2023\/09\/ANA-MANDARA-CAM-RANH-Beachfront-Three-Bedroom-Villa9.jpg","width":2200,"height":1466},{"@type":"BreadcrumbList","@id":"https:\/\/anamandaracamranh.com\/vi\/rooms-suites-villas\/three-bedroom-pool-villa\/#breadcrumb","itemListElement":[{"@type":"ListItem","position":1,"name":"Home","item":"https:\/\/anamandaracamranh.com\/vi\/"},{"@type":"ListItem","position":2,"name":"Ph\u00f2ng ngh\u1ec9","item":"https:\/\/anamandaracamranh.com\/vi\/rooms-suites-villas\/"},{"@type":"ListItem","position":3,"name":"Bi\u1ec7t Th\u1ef1 Ba Ph\u00f2ng Ng\u1ee7 C\u00f3 H\u1ed3 B\u01a1i"}]},{"@type":"WebSite","@id":"https:\/\/anamandaracamranh.com\/vi\/#website","url":"https:\/\/anamandaracamranh.com\/vi\/","name":"Ana Mandara Cam Ranh Hotel","description":"","potentialAction":[{"@type":"SearchAction","target":{"@type":"EntryPoint","urlTemplate":"https:\/\/anamandaracamranh.com\/vi\/?s={search_term_string}"},"query-input":"required name=search_term_string"}],"inLanguage":"vi-VN"}]}},"_links":{"self":[{"href":"https:\/\/anamandaracamranh.com\/vi\/wp-json\/wp\/v2\/pages\/698"}],"collection":[{"href":"https:\/\/anamandaracamranh.com\/vi\/wp-json\/wp\/v2\/pages"}],"about":[{"href":"https:\/\/anamandaracamranh.com\/vi\/wp-json\/wp\/v2\/types\/page"}],"author":[{"embeddable":true,"href":"https:\/\/anamandaracamranh.com\/vi\/wp-json\/wp\/v2\/users\/368"}],"replies":[{"embeddable":true,"href":"https:\/\/anamandaracamranh.com\/vi\/wp-json\/wp\/v2\/comments?post=698"}],"version-history":[{"count":0,"href":"https:\/\/anamandaracamranh.com\/vi\/wp-json\/wp\/v2\/pages\/698\/revisions"}],"up":[{"embeddable":true,"href":"https:\/\/anamandaracamranh.com\/vi\/wp-json\/wp\/v2\/pages\/683"}],"wp:featuredmedia":[{"embeddable":true,"href":"https:\/\/anamandaracamranh.com\/vi\/wp-json\/wp\/v2\/media\/1728"}],"wp:attachment":[{"href":"https:\/\/anamandaracamranh.com\/vi\/wp-json\/wp\/v2\/media?parent=698"}],"wp:term":[{"taxonomy":"category","embeddable":true,"href":"https:\/\/anamandaracamranh.com\/vi\/wp-json\/wp\/v2\/categories?post=698"}],"curies":[{"name":"wp","href":"https:\/\/api.w.org\/{rel}","templated":true}]}}