{"id":696,"date":"2022-09-09T02:41:50","date_gmt":"2022-09-09T02:41:50","guid":{"rendered":"https:\/\/anamandaracamranh.com\/rooms-suites-villas\/beachfront-one-bedroom-pool-villa-2\/"},"modified":"2026-03-17T02:52:09","modified_gmt":"2026-03-17T02:52:09","slug":"beachfront-two-bedroom-pool-villa","status":"publish","type":"page","link":"https:\/\/anamandaracamranh.com\/vi\/rooms-suites-villas\/beachfront-two-bedroom-pool-villa\/","title":{"rendered":"Bi\u1ec7t Th\u1ef1 Hai Ph\u00f2ng Ng\u1ee7 Tr\u01b0\u1edbc Bi\u1ec3n C\u00f3 H\u1ed3 B\u01a1i"},"content":{"rendered":"<p>Bi\u1ec7t Th\u1ef1 Hai Ph\u00f2ng Ng\u1ee7 Tr\u01b0\u1edbc Bi\u1ec3n C\u00f3 H\u1ed3 B\u01a1i ho\u00e0nh tr\u00e1ng n\u00e0y \u0111\u01b0\u1ee3c thi\u1ebft k\u1ebf ho\u00e0n h\u1ea3o cho k\u1ef3 ngh\u1ec9 d\u01b0\u1ee1ng c\u1ee7a c\u1ea3 gia \u0111\u00ecnh &#8211; t\u1ea1o n\u00ean giai \u0111i\u1ec7u kh\u00f3 qu\u00ean cho chuy\u1ebfn du l\u1ecbch sang tr\u1ecdng t\u1ea1i b\u00e3i bi\u1ec3n.<\/p>\n<p>C\u1ea3 kh\u00f4ng gian bao ph\u1ee7 tr\u00ean di\u1ec7n t\u00edch 236 m2 v\u00e0 c\u00f3 t\u1ea7m nh\u00ecn kh\u00f4ng gi\u1edbi h\u1ea1n h\u01b0\u1edbng ra b\u00e3i bi\u1ec3n, bao b\u1ecdc l\u1ea5y g\u00f3c v\u01b0\u1eddn t\u01b0\u01a1i t\u1ed1t v\u1edbi khu v\u1ef1c b\u1ec3 ng\u00e2m ri\u00eang ho\u00e0n ch\u1ec9nh, s\u00e2n hi\u00ean t\u1eafm n\u1eafng v\u00e0 h\u1ed3 b\u01a1i ri\u00eang t\u01b0. Ph\u00f2ng kh\u00e1ch v\u00e0 n\u1ed9i th\u1ea5t \u0111\u01b0\u1ee3c ho\u00e0n thi\u1ec7n b\u1eb1ng t\u00f4ng m\u00e0u g\u1ed7 t\u1ef1 nhi\u00ean \u1ea5m \u00e1p v\u1edbi kh\u00f4ng gian r\u1ed9ng r\u00e3i v\u00e0 tr\u00e0n ng\u1eadp \u00e1nh s\u00e1ng t\u1ef1 nhi\u00ean. Hai ph\u00f2ng ng\u1ee7 t\u00e1ch r\u1eddi nhau \u0111\u1ec1u \u0111\u01b0\u1ee3c trang b\u1ecb ph\u00f2ng t\u1eafm ri\u00eang bao g\u1ed3m v\u00f2i sen, b\u1ed3n t\u1eafm n\u1eb1m v\u00e0 khu v\u01b0\u1eddn t\u1eafm ngo\u00e0i tr\u1eddi \u0111\u1ed9c \u0111\u00e1o.<\/p>\n<p>Nh\u1eefng \u00e2m thanh du d\u01b0\u01a1ng c\u1ee7a \u0111\u1ea1i d\u01b0\u01a1ng v\u1ed7 nh\u1eb9 v\u00e0o b\u1edd s\u1ebd \u0111\u01b0a b\u1ea1n \u0111\u1ebfn m\u1ed9t n\u01a1i ch\u1ed1n y\u00ean b\u00ecnh v\u00e0 thanh th\u1ea3n v\u1edbi g\u00f3c c\u1ea3nh ng\u1eafm bi\u1ec3n b\u1ea5t t\u1eadn \u0111\u1eb9p \u0111\u1ebfn nao l\u00f2ng.<\/p>\n","protected":false},"excerpt":{"rendered":"<p>Bi\u1ec7t Th\u1ef1 Hai Ph\u00f2ng Ng\u1ee7 Tr\u01b0\u1edbc Bi\u1ec3n C\u00f3 H\u1ed3 B\u01a1i ho\u00e0nh tr\u00e1ng n\u00e0y \u0111\u01b0\u1ee3c thi\u1ebft k\u1ebf ho\u00e0n h\u1ea3o cho k\u1ef3 ngh\u1ec9 d\u01b0\u1ee1ng c\u1ee7a c\u1ea3 gia \u0111\u00ecnh &#8211; t\u1ea1o n\u00ean giai \u0111i\u1ec7u kh\u00f3 qu\u00ean cho chuy\u1ebfn du l\u1ecbch sang tr\u1ecdng t\u1ea1i b\u00e3i bi\u1ec3n. C\u1ea3 kh\u00f4ng gian bao ph\u1ee7 tr\u00ean di\u1ec7n t\u00edch 236 m2 v\u00e0 c\u00f3 t\u1ea7m [&hellip;]<\/p>\n","protected":false},"author":368,"featured_media":1827,"parent":683,"menu_order":11,"comment_status":"closed","ping_status":"closed","template":"template-single-room.php","meta":{"footnotes":""},"categories":[],"acf":[],"yoast_head":"<!-- This site is optimized with the Yoast SEO plugin v22.3 - https:\/\/yoast.com\/wordpress\/plugins\/seo\/ -->\n<title>Bi\u1ec7t Th\u1ef1 Hai Ph\u00f2ng Ng\u1ee7 Tr\u01b0\u1edbc Bi\u1ec3n C\u00f3 H\u1ed3 B\u01a1i - Ana Mandara Cam Ranh Hotel<\/title>\n<meta name=\"robots\" content=\"index, follow, max-snippet:-1, max-image-preview:large, max-video-preview:-1\" \/>\n<link rel=\"canonical\" href=\"https:\/\/anamandaracamranh.com\/vi\/rooms-suites-villas\/beachfront-two-bedroom-pool-villa\/\" \/>\n<meta property=\"og:locale\" content=\"vi_VN\" \/>\n<meta property=\"og:type\" content=\"article\" \/>\n<meta property=\"og:title\" content=\"Bi\u1ec7t Th\u1ef1 Hai Ph\u00f2ng Ng\u1ee7 Tr\u01b0\u1edbc Bi\u1ec3n C\u00f3 H\u1ed3 B\u01a1i - Ana Mandara Cam Ranh Hotel\" \/>\n<meta property=\"og:description\" content=\"Bi\u1ec7t Th\u1ef1 Hai Ph\u00f2ng Ng\u1ee7 Tr\u01b0\u1edbc Bi\u1ec3n C\u00f3 H\u1ed3 B\u01a1i ho\u00e0nh tr\u00e1ng n\u00e0y \u0111\u01b0\u1ee3c thi\u1ebft k\u1ebf ho\u00e0n h\u1ea3o cho k\u1ef3 ngh\u1ec9 d\u01b0\u1ee1ng c\u1ee7a c\u1ea3 gia \u0111\u00ecnh &#8211; t\u1ea1o n\u00ean giai \u0111i\u1ec7u kh\u00f3 qu\u00ean cho chuy\u1ebfn du l\u1ecbch sang tr\u1ecdng t\u1ea1i b\u00e3i bi\u1ec3n. C\u1ea3 kh\u00f4ng gian bao ph\u1ee7 tr\u00ean di\u1ec7n t\u00edch 236 m2 v\u00e0 c\u00f3 t\u1ea7m [&hellip;]\" \/>\n<meta property=\"og:url\" content=\"https:\/\/anamandaracamranh.com\/vi\/rooms-suites-villas\/beachfront-two-bedroom-pool-villa\/\" \/>\n<meta property=\"og:site_name\" content=\"Ana Mandara Cam Ranh Hotel\" \/>\n<meta property=\"article:modified_time\" content=\"2026-03-17T02:52:09+00:00\" \/>\n<meta property=\"og:image\" content=\"https:\/\/anamandaracamranh.com\/wp-content\/uploads\/sites\/254\/2023\/10\/ANA-MANDARA-CAM-RANH-Beachfront-Two-Bedroom-Villa-14.jpg\" \/>\n\t<meta property=\"og:image:width\" content=\"2200\" \/>\n\t<meta property=\"og:image:height\" content=\"1465\" \/>\n\t<meta property=\"og:image:type\" content=\"image\/jpeg\" \/>\n<meta name=\"twitter:card\" content=\"summary_large_image\" \/>\n<meta name=\"twitter:label1\" content=\"Est. reading time\" \/>\n\t<meta name=\"twitter:data1\" content=\"1 minute\" \/>\n<script type=\"application\/ld+json\" class=\"yoast-schema-graph\">{\"@context\":\"https:\/\/schema.org\",\"@graph\":[{\"@type\":\"WebPage\",\"@id\":\"https:\/\/anamandaracamranh.com\/vi\/rooms-suites-villas\/beachfront-two-bedroom-pool-villa\/\",\"url\":\"https:\/\/anamandaracamranh.com\/vi\/rooms-suites-villas\/beachfront-two-bedroom-pool-villa\/\",\"name\":\"Bi\u1ec7t Th\u1ef1 Hai Ph\u00f2ng Ng\u1ee7 Tr\u01b0\u1edbc Bi\u1ec3n C\u00f3 H\u1ed3 B\u01a1i - Ana Mandara Cam Ranh Hotel\",\"isPartOf\":{\"@id\":\"https:\/\/anamandaracamranh.com\/vi\/#website\"},\"primaryImageOfPage\":{\"@id\":\"https:\/\/anamandaracamranh.com\/vi\/rooms-suites-villas\/beachfront-two-bedroom-pool-villa\/#primaryimage\"},\"image\":{\"@id\":\"https:\/\/anamandaracamranh.com\/vi\/rooms-suites-villas\/beachfront-two-bedroom-pool-villa\/#primaryimage\"},\"thumbnailUrl\":\"https:\/\/anamandaracamranh.com\/wp-content\/uploads\/sites\/254\/2023\/10\/ANA-MANDARA-CAM-RANH-Beachfront-Two-Bedroom-Villa-14.jpg\",\"datePublished\":\"2022-09-09T02:41:50+00:00\",\"dateModified\":\"2026-03-17T02:52:09+00:00\",\"breadcrumb\":{\"@id\":\"https:\/\/anamandaracamranh.com\/vi\/rooms-suites-villas\/beachfront-two-bedroom-pool-villa\/#breadcrumb\"},\"inLanguage\":\"vi-VN\",\"potentialAction\":[{\"@type\":\"ReadAction\",\"target\":[\"https:\/\/anamandaracamranh.com\/vi\/rooms-suites-villas\/beachfront-two-bedroom-pool-villa\/\"]}]},{\"@type\":\"ImageObject\",\"inLanguage\":\"vi-VN\",\"@id\":\"https:\/\/anamandaracamranh.com\/vi\/rooms-suites-villas\/beachfront-two-bedroom-pool-villa\/#primaryimage\",\"url\":\"https:\/\/anamandaracamranh.com\/wp-content\/uploads\/sites\/254\/2023\/10\/ANA-MANDARA-CAM-RANH-Beachfront-Two-Bedroom-Villa-14.jpg\",\"contentUrl\":\"https:\/\/anamandaracamranh.com\/wp-content\/uploads\/sites\/254\/2023\/10\/ANA-MANDARA-CAM-RANH-Beachfront-Two-Bedroom-Villa-14.jpg\",\"width\":2200,\"height\":1465},{\"@type\":\"BreadcrumbList\",\"@id\":\"https:\/\/anamandaracamranh.com\/vi\/rooms-suites-villas\/beachfront-two-bedroom-pool-villa\/#breadcrumb\",\"itemListElement\":[{\"@type\":\"ListItem\",\"position\":1,\"name\":\"Home\",\"item\":\"https:\/\/anamandaracamranh.com\/vi\/\"},{\"@type\":\"ListItem\",\"position\":2,\"name\":\"Ph\u00f2ng ngh\u1ec9\",\"item\":\"https:\/\/anamandaracamranh.com\/vi\/rooms-suites-villas\/\"},{\"@type\":\"ListItem\",\"position\":3,\"name\":\"Bi\u1ec7t Th\u1ef1 Hai Ph\u00f2ng Ng\u1ee7 Tr\u01b0\u1edbc Bi\u1ec3n C\u00f3 H\u1ed3 B\u01a1i\"}]},{\"@type\":\"WebSite\",\"@id\":\"https:\/\/anamandaracamranh.com\/vi\/#website\",\"url\":\"https:\/\/anamandaracamranh.com\/vi\/\",\"name\":\"Ana Mandara Cam Ranh Hotel\",\"description\":\"\",\"potentialAction\":[{\"@type\":\"SearchAction\",\"target\":{\"@type\":\"EntryPoint\",\"urlTemplate\":\"https:\/\/anamandaracamranh.com\/vi\/?s={search_term_string}\"},\"query-input\":\"required name=search_term_string\"}],\"inLanguage\":\"vi-VN\"}]}<\/script>\n<!-- \/ Yoast SEO plugin. -->","yoast_head_json":{"title":"Bi\u1ec7t Th\u1ef1 Hai Ph\u00f2ng Ng\u1ee7 Tr\u01b0\u1edbc Bi\u1ec3n C\u00f3 H\u1ed3 B\u01a1i - Ana Mandara Cam Ranh Hotel","robots":{"index":"index","follow":"follow","max-snippet":"max-snippet:-1","max-image-preview":"max-image-preview:large","max-video-preview":"max-video-preview:-1"},"canonical":"https:\/\/anamandaracamranh.com\/vi\/rooms-suites-villas\/beachfront-two-bedroom-pool-villa\/","og_locale":"vi_VN","og_type":"article","og_title":"Bi\u1ec7t Th\u1ef1 Hai Ph\u00f2ng Ng\u1ee7 Tr\u01b0\u1edbc Bi\u1ec3n C\u00f3 H\u1ed3 B\u01a1i - Ana Mandara Cam Ranh Hotel","og_description":"Bi\u1ec7t Th\u1ef1 Hai Ph\u00f2ng Ng\u1ee7 Tr\u01b0\u1edbc Bi\u1ec3n C\u00f3 H\u1ed3 B\u01a1i ho\u00e0nh tr\u00e1ng n\u00e0y \u0111\u01b0\u1ee3c thi\u1ebft k\u1ebf ho\u00e0n h\u1ea3o cho k\u1ef3 ngh\u1ec9 d\u01b0\u1ee1ng c\u1ee7a c\u1ea3 gia \u0111\u00ecnh &#8211; t\u1ea1o n\u00ean giai \u0111i\u1ec7u kh\u00f3 qu\u00ean cho chuy\u1ebfn du l\u1ecbch sang tr\u1ecdng t\u1ea1i b\u00e3i bi\u1ec3n. C\u1ea3 kh\u00f4ng gian bao ph\u1ee7 tr\u00ean di\u1ec7n t\u00edch 236 m2 v\u00e0 c\u00f3 t\u1ea7m [&hellip;]","og_url":"https:\/\/anamandaracamranh.com\/vi\/rooms-suites-villas\/beachfront-two-bedroom-pool-villa\/","og_site_name":"Ana Mandara Cam Ranh Hotel","article_modified_time":"2026-03-17T02:52:09+00:00","og_image":[{"width":2200,"height":1465,"url":"https:\/\/anamandaracamranh.com\/wp-content\/uploads\/sites\/254\/2023\/10\/ANA-MANDARA-CAM-RANH-Beachfront-Two-Bedroom-Villa-14.jpg","type":"image\/jpeg"}],"twitter_card":"summary_large_image","twitter_misc":{"Est. reading time":"1 minute"},"schema":{"@context":"https:\/\/schema.org","@graph":[{"@type":"WebPage","@id":"https:\/\/anamandaracamranh.com\/vi\/rooms-suites-villas\/beachfront-two-bedroom-pool-villa\/","url":"https:\/\/anamandaracamranh.com\/vi\/rooms-suites-villas\/beachfront-two-bedroom-pool-villa\/","name":"Bi\u1ec7t Th\u1ef1 Hai Ph\u00f2ng Ng\u1ee7 Tr\u01b0\u1edbc Bi\u1ec3n C\u00f3 H\u1ed3 B\u01a1i - Ana Mandara Cam Ranh Hotel","isPartOf":{"@id":"https:\/\/anamandaracamranh.com\/vi\/#website"},"primaryImageOfPage":{"@id":"https:\/\/anamandaracamranh.com\/vi\/rooms-suites-villas\/beachfront-two-bedroom-pool-villa\/#primaryimage"},"image":{"@id":"https:\/\/anamandaracamranh.com\/vi\/rooms-suites-villas\/beachfront-two-bedroom-pool-villa\/#primaryimage"},"thumbnailUrl":"https:\/\/anamandaracamranh.com\/wp-content\/uploads\/sites\/254\/2023\/10\/ANA-MANDARA-CAM-RANH-Beachfront-Two-Bedroom-Villa-14.jpg","datePublished":"2022-09-09T02:41:50+00:00","dateModified":"2026-03-17T02:52:09+00:00","breadcrumb":{"@id":"https:\/\/anamandaracamranh.com\/vi\/rooms-suites-villas\/beachfront-two-bedroom-pool-villa\/#breadcrumb"},"inLanguage":"vi-VN","potentialAction":[{"@type":"ReadAction","target":["https:\/\/anamandaracamranh.com\/vi\/rooms-suites-villas\/beachfront-two-bedroom-pool-villa\/"]}]},{"@type":"ImageObject","inLanguage":"vi-VN","@id":"https:\/\/anamandaracamranh.com\/vi\/rooms-suites-villas\/beachfront-two-bedroom-pool-villa\/#primaryimage","url":"https:\/\/anamandaracamranh.com\/wp-content\/uploads\/sites\/254\/2023\/10\/ANA-MANDARA-CAM-RANH-Beachfront-Two-Bedroom-Villa-14.jpg","contentUrl":"https:\/\/anamandaracamranh.com\/wp-content\/uploads\/sites\/254\/2023\/10\/ANA-MANDARA-CAM-RANH-Beachfront-Two-Bedroom-Villa-14.jpg","width":2200,"height":1465},{"@type":"BreadcrumbList","@id":"https:\/\/anamandaracamranh.com\/vi\/rooms-suites-villas\/beachfront-two-bedroom-pool-villa\/#breadcrumb","itemListElement":[{"@type":"ListItem","position":1,"name":"Home","item":"https:\/\/anamandaracamranh.com\/vi\/"},{"@type":"ListItem","position":2,"name":"Ph\u00f2ng ngh\u1ec9","item":"https:\/\/anamandaracamranh.com\/vi\/rooms-suites-villas\/"},{"@type":"ListItem","position":3,"name":"Bi\u1ec7t Th\u1ef1 Hai Ph\u00f2ng Ng\u1ee7 Tr\u01b0\u1edbc Bi\u1ec3n C\u00f3 H\u1ed3 B\u01a1i"}]},{"@type":"WebSite","@id":"https:\/\/anamandaracamranh.com\/vi\/#website","url":"https:\/\/anamandaracamranh.com\/vi\/","name":"Ana Mandara Cam Ranh Hotel","description":"","potentialAction":[{"@type":"SearchAction","target":{"@type":"EntryPoint","urlTemplate":"https:\/\/anamandaracamranh.com\/vi\/?s={search_term_string}"},"query-input":"required name=search_term_string"}],"inLanguage":"vi-VN"}]}},"_links":{"self":[{"href":"https:\/\/anamandaracamranh.com\/vi\/wp-json\/wp\/v2\/pages\/696"}],"collection":[{"href":"https:\/\/anamandaracamranh.com\/vi\/wp-json\/wp\/v2\/pages"}],"about":[{"href":"https:\/\/anamandaracamranh.com\/vi\/wp-json\/wp\/v2\/types\/page"}],"author":[{"embeddable":true,"href":"https:\/\/anamandaracamranh.com\/vi\/wp-json\/wp\/v2\/users\/368"}],"replies":[{"embeddable":true,"href":"https:\/\/anamandaracamranh.com\/vi\/wp-json\/wp\/v2\/comments?post=696"}],"version-history":[{"count":1,"href":"https:\/\/anamandaracamranh.com\/vi\/wp-json\/wp\/v2\/pages\/696\/revisions"}],"predecessor-version":[{"id":3576,"href":"https:\/\/anamandaracamranh.com\/vi\/wp-json\/wp\/v2\/pages\/696\/revisions\/3576"}],"up":[{"embeddable":true,"href":"https:\/\/anamandaracamranh.com\/vi\/wp-json\/wp\/v2\/pages\/683"}],"wp:featuredmedia":[{"embeddable":true,"href":"https:\/\/anamandaracamranh.com\/vi\/wp-json\/wp\/v2\/media\/1827"}],"wp:attachment":[{"href":"https:\/\/anamandaracamranh.com\/vi\/wp-json\/wp\/v2\/media?parent=696"}],"wp:term":[{"taxonomy":"category","embeddable":true,"href":"https:\/\/anamandaracamranh.com\/vi\/wp-json\/wp\/v2\/categories?post=696"}],"curies":[{"name":"wp","href":"https:\/\/api.w.org\/{rel}","templated":true}]}}