{"id":695,"date":"2022-09-09T02:20:42","date_gmt":"2022-09-09T02:20:42","guid":{"rendered":"https:\/\/anamandaracamranh.com\/rooms-suites-villas\/semi-seaview-two-bedroom-pool-villa\/"},"modified":"2024-08-14T06:03:51","modified_gmt":"2024-08-14T06:03:51","slug":"two-bedroom-pool-villa","status":"publish","type":"page","link":"https:\/\/anamandaracamranh.com\/vi\/rooms-suites-villas\/two-bedroom-pool-villa\/","title":{"rendered":"Bi\u1ec7t Th\u1ef1 Hai Ph\u00f2ng Ng\u1ee7 C\u00f3 H\u1ed3 B\u01a1i"},"content":{"rendered":"<p>Bi\u1ec7t Th\u1ef1 Hai Ph\u00f2ng Ng\u1ee7 C\u00f3 H\u1ed3 B\u01a1i c\u00f3 di\u1ec7n t\u00edch l\u00ean \u0111\u1ebfn 236 m2, thi\u1ebft k\u1ebf trong m\u1ed9t khu nh\u00e0 v\u00f2m \u0111\u1ed9c l\u1eadp n\u1eb1m trong khu\u00f4n vi\u00ean r\u1ed9ng r\u00e3i v\u1edbi thi\u1ebft k\u1ebf h\u1ed3 b\u01a1i v\u00e0 s\u00e2n hi\u00ean ph\u01a1i n\u1eafng ri\u00eang bi\u1ec7t. N\u01a1i \u0111\u00e2y thi\u1ebft k\u1ebf ri\u00eang cho c\u00e1c gia \u0111\u00ecnh v\u1edbi nhu c\u1ea7u v\u00e0 quy m\u00f4 kh\u00e1c nhau, cung c\u1ea5p kh\u00f4ng gian r\u1ed9ng r\u00e3i v\u00e0 ti\u1ec7n nghi \u0111\u1ee7 \u0111\u1ea7y cho m\u1ed9t chuy\u1ebfn ngh\u1ec9 d\u01b0\u1ee1ng ng\u1eafn h\u1ea1n hay l\u01b0u tr\u00fa d\u00e0i ng\u00e0y.<\/p>\n<p>Bi\u1ec7t th\u1ef1 n\u00e0y mang \u0111\u1ebfn cho kh\u00e1ch c\u1ea3m gi\u00e1c tho\u1ea3i m\u00e1i nh\u01b0 \u1edf nh\u00e0 v\u1edbi l\u01b0\u1ee3ng \u00e1nh s\u00e1ng t\u1ef1 nhi\u00ean d\u1ed3i d\u00e0o v\u00e0 n\u1ed9i th\u1ea5t b\u1eb1ng g\u1ed7 t\u1ef1 nhi\u00ean \u0111\u1eb7t kh\u1eafp kh\u00f4ng gian. M\u1ed9t ph\u00f2ng kh\u00e1ch l\u1edbn v\u1edbi gh\u1ebf sofa sang tr\u1ecdng, b\u00e0n \u0103n c\u1ee1 gia \u0111\u00ecnh v\u00e0 \u0111\u1ea7y \u0111\u1ee7 ti\u1ec7n nghi \u0111\u00e1p \u1ee9ng m\u1ecdi y\u00eau c\u1ea7u c\u1ee7a gia \u0111\u00ecnh. Hai ph\u00f2ng ng\u1ee7 ch\u00ednh r\u1ed9ng r\u00e3i, m\u1ed7i ph\u00f2ng \u0111\u1ec1u c\u00f3 ph\u00f2ng t\u1eafm kh\u00f4ng gian m\u1edf v\u1edbi b\u00e0n trang \u0111i\u1ec3m \u0111\u00f4i, b\u1ed3n t\u1eafm n\u1eb1m r\u1ed9ng tho\u00e1ng v\u00e0 v\u00f2i sen trong nh\u00e0.<\/p>\n<p>Kh\u00f4ng gian s\u1ed1ng t\u00f4n tr\u1ecdng tuy\u1ec7t \u0111\u1ed1i s\u1ef1 ri\u00eang t\u01b0 v\u00e0 l\u00e0 l\u1ef1a ch\u1ecdn tuy\u1ec7t v\u1eddi cho k\u1ef3 ngh\u1ec9 d\u01b0\u1ee1ng c\u1ee7a c\u1ea3 gia \u0111\u00ecnh, mang l\u1ea1i c\u1ea3m gi\u00e1c t\u1eadn h\u01b0\u1edfng ti\u1ec7n nghi v\u00e0 d\u1ecbch v\u1ee5 cao c\u1ea5p trong ch\u00ednh ng\u00f4i nh\u00e0 c\u1ee7a m\u00ecnh.<\/p>\n","protected":false},"excerpt":{"rendered":"<p>Bi\u1ec7t Th\u1ef1 Hai Ph\u00f2ng Ng\u1ee7 C\u00f3 H\u1ed3 B\u01a1i c\u00f3 di\u1ec7n t\u00edch l\u00ean \u0111\u1ebfn 236 m2, thi\u1ebft k\u1ebf trong m\u1ed9t khu nh\u00e0 v\u00f2m \u0111\u1ed9c l\u1eadp n\u1eb1m trong khu\u00f4n vi\u00ean r\u1ed9ng r\u00e3i v\u1edbi thi\u1ebft k\u1ebf h\u1ed3 b\u01a1i v\u00e0 s\u00e2n hi\u00ean ph\u01a1i n\u1eafng ri\u00eang bi\u1ec7t. N\u01a1i \u0111\u00e2y thi\u1ebft k\u1ebf ri\u00eang cho c\u00e1c gia \u0111\u00ecnh v\u1edbi nhu c\u1ea7u v\u00e0 [&hellip;]<\/p>\n","protected":false},"author":368,"featured_media":1823,"parent":683,"menu_order":10,"comment_status":"closed","ping_status":"closed","template":"template-single-room.php","meta":{"footnotes":""},"categories":[],"acf":[],"yoast_head":"<!-- This site is optimized with the Yoast SEO plugin v22.3 - https:\/\/yoast.com\/wordpress\/plugins\/seo\/ -->\n<title>Bi\u1ec7t Th\u1ef1 Hai Ph\u00f2ng Ng\u1ee7 C\u00f3 H\u1ed3 B\u01a1i | Ana Mandara Cam Ranh<\/title>\n<meta name=\"description\" content=\"Bi\u1ec7t Th\u1ef1 Hai Ph\u00f2ng Ng\u1ee7 C\u00f3 H\u1ed3 B\u01a1i \u0111\u01b0\u1ee3c thi\u1ebft k\u1ebf ri\u00eang cho c\u00e1c gia \u0111\u00ecnh v\u1edbi quy m\u00f4 \u0111a d\u1ea1ng, t\u1ea1o kh\u00f4ng gian tho\u1ea3i m\u00e1i \u0111\u1ec3 b\u1ea1n t\u1eadn h\u01b0\u1edfng th\u1eddi gian b\u00ean nh\u1eefng ng\u01b0\u1eddi th\u00e2n y\u00eau.\" \/>\n<meta name=\"robots\" content=\"index, follow, max-snippet:-1, max-image-preview:large, max-video-preview:-1\" \/>\n<link rel=\"canonical\" href=\"https:\/\/anamandaracamranh.com\/vi\/rooms-suites-villas\/two-bedroom-pool-villa\/\" \/>\n<meta property=\"og:locale\" content=\"vi_VN\" \/>\n<meta property=\"og:type\" content=\"article\" \/>\n<meta property=\"og:title\" content=\"Bi\u1ec7t Th\u1ef1 Hai Ph\u00f2ng Ng\u1ee7 C\u00f3 H\u1ed3 B\u01a1i | Ana Mandara Cam Ranh\" \/>\n<meta property=\"og:description\" content=\"Bi\u1ec7t Th\u1ef1 Hai Ph\u00f2ng Ng\u1ee7 C\u00f3 H\u1ed3 B\u01a1i \u0111\u01b0\u1ee3c thi\u1ebft k\u1ebf ri\u00eang cho c\u00e1c gia \u0111\u00ecnh v\u1edbi quy m\u00f4 \u0111a d\u1ea1ng, t\u1ea1o kh\u00f4ng gian tho\u1ea3i m\u00e1i \u0111\u1ec3 b\u1ea1n t\u1eadn h\u01b0\u1edfng th\u1eddi gian b\u00ean nh\u1eefng ng\u01b0\u1eddi th\u00e2n y\u00eau.\" \/>\n<meta property=\"og:url\" content=\"https:\/\/anamandaracamranh.com\/vi\/rooms-suites-villas\/two-bedroom-pool-villa\/\" \/>\n<meta property=\"og:site_name\" content=\"Ana Mandara Cam Ranh Hotel\" \/>\n<meta property=\"article:modified_time\" content=\"2024-08-14T06:03:51+00:00\" \/>\n<meta property=\"og:image\" content=\"https:\/\/anamandaracamranh.com\/wp-content\/uploads\/sites\/254\/2023\/10\/ANA-MANDARA-CAM-RANH-Two-Bedroom-Pool-Villa-1.jpg\" \/>\n\t<meta property=\"og:image:width\" content=\"2200\" \/>\n\t<meta property=\"og:image:height\" content=\"1650\" \/>\n\t<meta property=\"og:image:type\" content=\"image\/jpeg\" \/>\n<meta name=\"twitter:card\" content=\"summary_large_image\" \/>\n<meta name=\"twitter:label1\" content=\"Est. reading time\" \/>\n\t<meta name=\"twitter:data1\" content=\"2 minutes\" \/>\n<script type=\"application\/ld+json\" class=\"yoast-schema-graph\">{\"@context\":\"https:\/\/schema.org\",\"@graph\":[{\"@type\":\"WebPage\",\"@id\":\"https:\/\/anamandaracamranh.com\/vi\/rooms-suites-villas\/two-bedroom-pool-villa\/\",\"url\":\"https:\/\/anamandaracamranh.com\/vi\/rooms-suites-villas\/two-bedroom-pool-villa\/\",\"name\":\"Bi\u1ec7t Th\u1ef1 Hai Ph\u00f2ng Ng\u1ee7 C\u00f3 H\u1ed3 B\u01a1i | Ana Mandara Cam Ranh\",\"isPartOf\":{\"@id\":\"https:\/\/anamandaracamranh.com\/vi\/#website\"},\"primaryImageOfPage\":{\"@id\":\"https:\/\/anamandaracamranh.com\/vi\/rooms-suites-villas\/two-bedroom-pool-villa\/#primaryimage\"},\"image\":{\"@id\":\"https:\/\/anamandaracamranh.com\/vi\/rooms-suites-villas\/two-bedroom-pool-villa\/#primaryimage\"},\"thumbnailUrl\":\"https:\/\/anamandaracamranh.com\/wp-content\/uploads\/sites\/254\/2023\/10\/ANA-MANDARA-CAM-RANH-Two-Bedroom-Pool-Villa-1.jpg\",\"datePublished\":\"2022-09-09T02:20:42+00:00\",\"dateModified\":\"2024-08-14T06:03:51+00:00\",\"description\":\"Bi\u1ec7t Th\u1ef1 Hai Ph\u00f2ng Ng\u1ee7 C\u00f3 H\u1ed3 B\u01a1i \u0111\u01b0\u1ee3c thi\u1ebft k\u1ebf ri\u00eang cho c\u00e1c gia \u0111\u00ecnh v\u1edbi quy m\u00f4 \u0111a d\u1ea1ng, t\u1ea1o kh\u00f4ng gian tho\u1ea3i m\u00e1i \u0111\u1ec3 b\u1ea1n t\u1eadn h\u01b0\u1edfng th\u1eddi gian b\u00ean nh\u1eefng ng\u01b0\u1eddi th\u00e2n y\u00eau.\",\"breadcrumb\":{\"@id\":\"https:\/\/anamandaracamranh.com\/vi\/rooms-suites-villas\/two-bedroom-pool-villa\/#breadcrumb\"},\"inLanguage\":\"vi-VN\",\"potentialAction\":[{\"@type\":\"ReadAction\",\"target\":[\"https:\/\/anamandaracamranh.com\/vi\/rooms-suites-villas\/two-bedroom-pool-villa\/\"]}]},{\"@type\":\"ImageObject\",\"inLanguage\":\"vi-VN\",\"@id\":\"https:\/\/anamandaracamranh.com\/vi\/rooms-suites-villas\/two-bedroom-pool-villa\/#primaryimage\",\"url\":\"https:\/\/anamandaracamranh.com\/wp-content\/uploads\/sites\/254\/2023\/10\/ANA-MANDARA-CAM-RANH-Two-Bedroom-Pool-Villa-1.jpg\",\"contentUrl\":\"https:\/\/anamandaracamranh.com\/wp-content\/uploads\/sites\/254\/2023\/10\/ANA-MANDARA-CAM-RANH-Two-Bedroom-Pool-Villa-1.jpg\",\"width\":2200,\"height\":1650},{\"@type\":\"BreadcrumbList\",\"@id\":\"https:\/\/anamandaracamranh.com\/vi\/rooms-suites-villas\/two-bedroom-pool-villa\/#breadcrumb\",\"itemListElement\":[{\"@type\":\"ListItem\",\"position\":1,\"name\":\"Home\",\"item\":\"https:\/\/anamandaracamranh.com\/vi\/\"},{\"@type\":\"ListItem\",\"position\":2,\"name\":\"Ph\u00f2ng ngh\u1ec9\",\"item\":\"https:\/\/anamandaracamranh.com\/vi\/rooms-suites-villas\/\"},{\"@type\":\"ListItem\",\"position\":3,\"name\":\"Bi\u1ec7t Th\u1ef1 Hai Ph\u00f2ng Ng\u1ee7 C\u00f3 H\u1ed3 B\u01a1i\"}]},{\"@type\":\"WebSite\",\"@id\":\"https:\/\/anamandaracamranh.com\/vi\/#website\",\"url\":\"https:\/\/anamandaracamranh.com\/vi\/\",\"name\":\"Ana Mandara Cam Ranh Hotel\",\"description\":\"\",\"potentialAction\":[{\"@type\":\"SearchAction\",\"target\":{\"@type\":\"EntryPoint\",\"urlTemplate\":\"https:\/\/anamandaracamranh.com\/vi\/?s={search_term_string}\"},\"query-input\":\"required name=search_term_string\"}],\"inLanguage\":\"vi-VN\"}]}<\/script>\n<!-- \/ Yoast SEO plugin. -->","yoast_head_json":{"title":"Bi\u1ec7t Th\u1ef1 Hai Ph\u00f2ng Ng\u1ee7 C\u00f3 H\u1ed3 B\u01a1i | Ana Mandara Cam Ranh","description":"Bi\u1ec7t Th\u1ef1 Hai Ph\u00f2ng Ng\u1ee7 C\u00f3 H\u1ed3 B\u01a1i \u0111\u01b0\u1ee3c thi\u1ebft k\u1ebf ri\u00eang cho c\u00e1c gia \u0111\u00ecnh v\u1edbi quy m\u00f4 \u0111a d\u1ea1ng, t\u1ea1o kh\u00f4ng gian tho\u1ea3i m\u00e1i \u0111\u1ec3 b\u1ea1n t\u1eadn h\u01b0\u1edfng th\u1eddi gian b\u00ean nh\u1eefng ng\u01b0\u1eddi th\u00e2n y\u00eau.","robots":{"index":"index","follow":"follow","max-snippet":"max-snippet:-1","max-image-preview":"max-image-preview:large","max-video-preview":"max-video-preview:-1"},"canonical":"https:\/\/anamandaracamranh.com\/vi\/rooms-suites-villas\/two-bedroom-pool-villa\/","og_locale":"vi_VN","og_type":"article","og_title":"Bi\u1ec7t Th\u1ef1 Hai Ph\u00f2ng Ng\u1ee7 C\u00f3 H\u1ed3 B\u01a1i | Ana Mandara Cam Ranh","og_description":"Bi\u1ec7t Th\u1ef1 Hai Ph\u00f2ng Ng\u1ee7 C\u00f3 H\u1ed3 B\u01a1i \u0111\u01b0\u1ee3c thi\u1ebft k\u1ebf ri\u00eang cho c\u00e1c gia \u0111\u00ecnh v\u1edbi quy m\u00f4 \u0111a d\u1ea1ng, t\u1ea1o kh\u00f4ng gian tho\u1ea3i m\u00e1i \u0111\u1ec3 b\u1ea1n t\u1eadn h\u01b0\u1edfng th\u1eddi gian b\u00ean nh\u1eefng ng\u01b0\u1eddi th\u00e2n y\u00eau.","og_url":"https:\/\/anamandaracamranh.com\/vi\/rooms-suites-villas\/two-bedroom-pool-villa\/","og_site_name":"Ana Mandara Cam Ranh Hotel","article_modified_time":"2024-08-14T06:03:51+00:00","og_image":[{"width":2200,"height":1650,"url":"https:\/\/anamandaracamranh.com\/wp-content\/uploads\/sites\/254\/2023\/10\/ANA-MANDARA-CAM-RANH-Two-Bedroom-Pool-Villa-1.jpg","type":"image\/jpeg"}],"twitter_card":"summary_large_image","twitter_misc":{"Est. reading time":"2 minutes"},"schema":{"@context":"https:\/\/schema.org","@graph":[{"@type":"WebPage","@id":"https:\/\/anamandaracamranh.com\/vi\/rooms-suites-villas\/two-bedroom-pool-villa\/","url":"https:\/\/anamandaracamranh.com\/vi\/rooms-suites-villas\/two-bedroom-pool-villa\/","name":"Bi\u1ec7t Th\u1ef1 Hai Ph\u00f2ng Ng\u1ee7 C\u00f3 H\u1ed3 B\u01a1i | Ana Mandara Cam Ranh","isPartOf":{"@id":"https:\/\/anamandaracamranh.com\/vi\/#website"},"primaryImageOfPage":{"@id":"https:\/\/anamandaracamranh.com\/vi\/rooms-suites-villas\/two-bedroom-pool-villa\/#primaryimage"},"image":{"@id":"https:\/\/anamandaracamranh.com\/vi\/rooms-suites-villas\/two-bedroom-pool-villa\/#primaryimage"},"thumbnailUrl":"https:\/\/anamandaracamranh.com\/wp-content\/uploads\/sites\/254\/2023\/10\/ANA-MANDARA-CAM-RANH-Two-Bedroom-Pool-Villa-1.jpg","datePublished":"2022-09-09T02:20:42+00:00","dateModified":"2024-08-14T06:03:51+00:00","description":"Bi\u1ec7t Th\u1ef1 Hai Ph\u00f2ng Ng\u1ee7 C\u00f3 H\u1ed3 B\u01a1i \u0111\u01b0\u1ee3c thi\u1ebft k\u1ebf ri\u00eang cho c\u00e1c gia \u0111\u00ecnh v\u1edbi quy m\u00f4 \u0111a d\u1ea1ng, t\u1ea1o kh\u00f4ng gian tho\u1ea3i m\u00e1i \u0111\u1ec3 b\u1ea1n t\u1eadn h\u01b0\u1edfng th\u1eddi gian b\u00ean nh\u1eefng ng\u01b0\u1eddi th\u00e2n y\u00eau.","breadcrumb":{"@id":"https:\/\/anamandaracamranh.com\/vi\/rooms-suites-villas\/two-bedroom-pool-villa\/#breadcrumb"},"inLanguage":"vi-VN","potentialAction":[{"@type":"ReadAction","target":["https:\/\/anamandaracamranh.com\/vi\/rooms-suites-villas\/two-bedroom-pool-villa\/"]}]},{"@type":"ImageObject","inLanguage":"vi-VN","@id":"https:\/\/anamandaracamranh.com\/vi\/rooms-suites-villas\/two-bedroom-pool-villa\/#primaryimage","url":"https:\/\/anamandaracamranh.com\/wp-content\/uploads\/sites\/254\/2023\/10\/ANA-MANDARA-CAM-RANH-Two-Bedroom-Pool-Villa-1.jpg","contentUrl":"https:\/\/anamandaracamranh.com\/wp-content\/uploads\/sites\/254\/2023\/10\/ANA-MANDARA-CAM-RANH-Two-Bedroom-Pool-Villa-1.jpg","width":2200,"height":1650},{"@type":"BreadcrumbList","@id":"https:\/\/anamandaracamranh.com\/vi\/rooms-suites-villas\/two-bedroom-pool-villa\/#breadcrumb","itemListElement":[{"@type":"ListItem","position":1,"name":"Home","item":"https:\/\/anamandaracamranh.com\/vi\/"},{"@type":"ListItem","position":2,"name":"Ph\u00f2ng ngh\u1ec9","item":"https:\/\/anamandaracamranh.com\/vi\/rooms-suites-villas\/"},{"@type":"ListItem","position":3,"name":"Bi\u1ec7t Th\u1ef1 Hai Ph\u00f2ng Ng\u1ee7 C\u00f3 H\u1ed3 B\u01a1i"}]},{"@type":"WebSite","@id":"https:\/\/anamandaracamranh.com\/vi\/#website","url":"https:\/\/anamandaracamranh.com\/vi\/","name":"Ana Mandara Cam Ranh Hotel","description":"","potentialAction":[{"@type":"SearchAction","target":{"@type":"EntryPoint","urlTemplate":"https:\/\/anamandaracamranh.com\/vi\/?s={search_term_string}"},"query-input":"required name=search_term_string"}],"inLanguage":"vi-VN"}]}},"_links":{"self":[{"href":"https:\/\/anamandaracamranh.com\/vi\/wp-json\/wp\/v2\/pages\/695"}],"collection":[{"href":"https:\/\/anamandaracamranh.com\/vi\/wp-json\/wp\/v2\/pages"}],"about":[{"href":"https:\/\/anamandaracamranh.com\/vi\/wp-json\/wp\/v2\/types\/page"}],"author":[{"embeddable":true,"href":"https:\/\/anamandaracamranh.com\/vi\/wp-json\/wp\/v2\/users\/368"}],"replies":[{"embeddable":true,"href":"https:\/\/anamandaracamranh.com\/vi\/wp-json\/wp\/v2\/comments?post=695"}],"version-history":[{"count":0,"href":"https:\/\/anamandaracamranh.com\/vi\/wp-json\/wp\/v2\/pages\/695\/revisions"}],"up":[{"embeddable":true,"href":"https:\/\/anamandaracamranh.com\/vi\/wp-json\/wp\/v2\/pages\/683"}],"wp:featuredmedia":[{"embeddable":true,"href":"https:\/\/anamandaracamranh.com\/vi\/wp-json\/wp\/v2\/media\/1823"}],"wp:attachment":[{"href":"https:\/\/anamandaracamranh.com\/vi\/wp-json\/wp\/v2\/media?parent=695"}],"wp:term":[{"taxonomy":"category","embeddable":true,"href":"https:\/\/anamandaracamranh.com\/vi\/wp-json\/wp\/v2\/categories?post=695"}],"curies":[{"name":"wp","href":"https:\/\/api.w.org\/{rel}","templated":true}]}}