{"id":694,"date":"2022-09-09T02:20:24","date_gmt":"2022-09-09T02:20:24","guid":{"rendered":"https:\/\/anamandaracamranh.com\/rooms-suites-villas\/beachfront-one-bedroom-pool-villa\/"},"modified":"2023-12-26T08:05:49","modified_gmt":"2023-12-26T08:05:49","slug":"beachfront-one-bedroom-pool-villa","status":"publish","type":"page","link":"https:\/\/anamandaracamranh.com\/vi\/rooms-suites-villas\/beachfront-one-bedroom-pool-villa\/","title":{"rendered":"Bi\u1ec7t Th\u1ef1 M\u1ed9t Ph\u00f2ng Ng\u1ee7 Tr\u01b0\u1edbc Bi\u1ec3n C\u00f3 H\u1ed3 B\u01a1i"},"content":{"rendered":"<p>Tho\u00e1ng \u0111\u1ea1t v\u00e0 ng\u1eadp tr\u00e0n \u00e1nh s\u00e1ng t\u1ef1 nhi\u00ean l\u00e0 hai trong s\u1ed1 nh\u1eefng \u0111i\u1ec3m n\u1ed5i b\u1eadt c\u1ee7a c\u00e1c bi\u1ec7t th\u1ef1 t\u1ea1i Ana Mandara Cam Ranh. V\u1edbi kh\u00f4ng gian l\u00ean \u0111\u1ebfn 105m2, b\u1ec3 ng\u00e2m ri\u00eang v\u00e0 khu v\u1ef1c t\u1eafm v\u00f2i sen ngo\u00e0i tr\u1eddi, Bi\u1ec7t Th\u1ef1 M\u1ed9t Ph\u00f2ng Ng\u1ee7 Tr\u01b0\u1edbc Bi\u1ec3n C\u00f3 H\u1ed3 B\u01a1i l\u00e0 n\u01a1i \u1ea9n n\u00e1u ri\u00eang t\u01b0 v\u00e0 l\u00e3ng m\u1ea1n d\u00e0nh ri\u00eang cho k\u1ef3 ngh\u1ec9 tr\u0103ng m\u1eadt th\u01a1 m\u1ed9ng.<\/p>\n<p>Bi\u1ec7t th\u1ef1 c\u00f3 gi\u01b0\u1eddng c\u1ee1 \u0111\u1ea1i v\u00e0 ph\u00f2ng t\u1eafm kh\u00f4ng gian m\u1edf quy m\u00f4, c\u00e0ng ho\u00e0n h\u1ea3o h\u01a1n v\u1edbi b\u1ed3n t\u1eafm v\u00e0 v\u00f2i sen trong nh\u00e0. G\u1ed1i \u0111\u1ec7m \u00eam \u00e1i \u0111\u01b0\u1ee3c r\u1ea3i kh\u1eafp khu v\u1ef1c sinh ho\u1ea1t, trong khi gh\u1ebf t\u1eafm n\u1eafng v\u1edbi \u00f4 che m\u00e1t thi\u1ebft k\u1ebf tho\u1ea3i m\u00e1i tr\u00ean s\u00e2n hi\u00ean b\u00ean h\u1ed3 b\u01a1i. Wi-Fi mi\u1ec5n ph\u00ed v\u00e0 \u0111\u1ea7y \u0111\u1ee7 c\u00e1c ti\u1ec7n nghi trong ph\u00f2ng \u0111\u1ea3m b\u1ea3o b\u1ea1n s\u1ebd kh\u00f4ng mu\u1ed1n r\u1eddi xa m\u1ed9t khi \u0111\u00e3 b\u01b0\u1edbc v\u00e0o ph\u00f2ng.<\/p>\n","protected":false},"excerpt":{"rendered":"<p>Tho\u00e1ng \u0111\u1ea1t v\u00e0 ng\u1eadp tr\u00e0n \u00e1nh s\u00e1ng t\u1ef1 nhi\u00ean l\u00e0 hai trong s\u1ed1 nh\u1eefng \u0111i\u1ec3m n\u1ed5i b\u1eadt c\u1ee7a c\u00e1c bi\u1ec7t th\u1ef1 t\u1ea1i Ana Mandara Cam Ranh. V\u1edbi kh\u00f4ng gian l\u00ean \u0111\u1ebfn 105m2, b\u1ec3 ng\u00e2m ri\u00eang v\u00e0 khu v\u1ef1c t\u1eafm v\u00f2i sen ngo\u00e0i tr\u1eddi, Bi\u1ec7t Th\u1ef1 M\u1ed9t Ph\u00f2ng Ng\u1ee7 Tr\u01b0\u1edbc Bi\u1ec3n C\u00f3 H\u1ed3 B\u01a1i l\u00e0 n\u01a1i [&hellip;]<\/p>\n","protected":false},"author":368,"featured_media":1785,"parent":683,"menu_order":9,"comment_status":"closed","ping_status":"closed","template":"template-single-room.php","meta":{"footnotes":""},"categories":[],"acf":[],"yoast_head":"<!-- This site is optimized with the Yoast SEO plugin v22.3 - https:\/\/yoast.com\/wordpress\/plugins\/seo\/ -->\n<title>Bi\u1ec7t Th\u1ef1 M\u1ed9t Ph\u00f2ng Ng\u1ee7 Tr\u01b0\u1edbc Bi\u1ec3n C\u00f3 H\u1ed3 B\u01a1i | Ana Mandara Cam Ranh<\/title>\n<meta name=\"description\" content=\"Tho\u00e1ng \u0111\u1ea1t v\u00e0 tr\u00e0n ng\u1eadp ngu\u1ed3n \u00e1nh s\u00e1ng t\u1ef1 nhi\u00ean l\u00e0 hai trong s\u1ed1 nh\u1eefng \u0111i\u1ec3m n\u1ed5i b\u1eadt c\u1ee7a Bi\u1ec7t Th\u1ef1 M\u1ed9t Ph\u00f2ng Ng\u1ee7 Tr\u01b0\u1edbc Bi\u1ec3n C\u00f3 H\u1ed3 B\u01a1i t\u1ea1i Ana Mandara Cam Ranh.\" \/>\n<meta name=\"robots\" content=\"index, follow, max-snippet:-1, max-image-preview:large, max-video-preview:-1\" \/>\n<link rel=\"canonical\" href=\"https:\/\/anamandaracamranh.com\/vi\/rooms-suites-villas\/beachfront-one-bedroom-pool-villa\/\" \/>\n<meta property=\"og:locale\" content=\"vi_VN\" \/>\n<meta property=\"og:type\" content=\"article\" \/>\n<meta property=\"og:title\" content=\"Bi\u1ec7t Th\u1ef1 M\u1ed9t Ph\u00f2ng Ng\u1ee7 Tr\u01b0\u1edbc Bi\u1ec3n C\u00f3 H\u1ed3 B\u01a1i | Ana Mandara Cam Ranh\" \/>\n<meta property=\"og:description\" content=\"Tho\u00e1ng \u0111\u1ea1t v\u00e0 tr\u00e0n ng\u1eadp ngu\u1ed3n \u00e1nh s\u00e1ng t\u1ef1 nhi\u00ean l\u00e0 hai trong s\u1ed1 nh\u1eefng \u0111i\u1ec3m n\u1ed5i b\u1eadt c\u1ee7a Bi\u1ec7t Th\u1ef1 M\u1ed9t Ph\u00f2ng Ng\u1ee7 Tr\u01b0\u1edbc Bi\u1ec3n C\u00f3 H\u1ed3 B\u01a1i t\u1ea1i Ana Mandara Cam Ranh.\" \/>\n<meta property=\"og:url\" content=\"https:\/\/anamandaracamranh.com\/vi\/rooms-suites-villas\/beachfront-one-bedroom-pool-villa\/\" \/>\n<meta property=\"og:site_name\" content=\"Ana Mandara Cam Ranh Hotel\" \/>\n<meta property=\"article:modified_time\" content=\"2023-12-26T08:05:49+00:00\" \/>\n<meta property=\"og:image\" content=\"https:\/\/anamandaracamranh.com\/wp-content\/uploads\/sites\/254\/2023\/10\/ANA-MANDARA-CAM-RANH-Semi-Seaview-One-Bedroom-Villa-9.jpg\" \/>\n\t<meta property=\"og:image:width\" content=\"2200\" \/>\n\t<meta property=\"og:image:height\" content=\"1650\" \/>\n\t<meta property=\"og:image:type\" content=\"image\/jpeg\" \/>\n<meta name=\"twitter:card\" content=\"summary_large_image\" \/>\n<meta name=\"twitter:label1\" content=\"Est. reading time\" \/>\n\t<meta name=\"twitter:data1\" content=\"1 minute\" \/>\n<script type=\"application\/ld+json\" class=\"yoast-schema-graph\">{\"@context\":\"https:\/\/schema.org\",\"@graph\":[{\"@type\":\"WebPage\",\"@id\":\"https:\/\/anamandaracamranh.com\/vi\/rooms-suites-villas\/beachfront-one-bedroom-pool-villa\/\",\"url\":\"https:\/\/anamandaracamranh.com\/vi\/rooms-suites-villas\/beachfront-one-bedroom-pool-villa\/\",\"name\":\"Bi\u1ec7t Th\u1ef1 M\u1ed9t Ph\u00f2ng Ng\u1ee7 Tr\u01b0\u1edbc Bi\u1ec3n C\u00f3 H\u1ed3 B\u01a1i | Ana Mandara Cam Ranh\",\"isPartOf\":{\"@id\":\"https:\/\/anamandaracamranh.com\/vi\/#website\"},\"primaryImageOfPage\":{\"@id\":\"https:\/\/anamandaracamranh.com\/vi\/rooms-suites-villas\/beachfront-one-bedroom-pool-villa\/#primaryimage\"},\"image\":{\"@id\":\"https:\/\/anamandaracamranh.com\/vi\/rooms-suites-villas\/beachfront-one-bedroom-pool-villa\/#primaryimage\"},\"thumbnailUrl\":\"https:\/\/anamandaracamranh.com\/wp-content\/uploads\/sites\/254\/2023\/10\/ANA-MANDARA-CAM-RANH-Semi-Seaview-One-Bedroom-Villa-9.jpg\",\"datePublished\":\"2022-09-09T02:20:24+00:00\",\"dateModified\":\"2023-12-26T08:05:49+00:00\",\"description\":\"Tho\u00e1ng \u0111\u1ea1t v\u00e0 tr\u00e0n ng\u1eadp ngu\u1ed3n \u00e1nh s\u00e1ng t\u1ef1 nhi\u00ean l\u00e0 hai trong s\u1ed1 nh\u1eefng \u0111i\u1ec3m n\u1ed5i b\u1eadt c\u1ee7a Bi\u1ec7t Th\u1ef1 M\u1ed9t Ph\u00f2ng Ng\u1ee7 Tr\u01b0\u1edbc Bi\u1ec3n C\u00f3 H\u1ed3 B\u01a1i t\u1ea1i Ana Mandara Cam Ranh.\",\"breadcrumb\":{\"@id\":\"https:\/\/anamandaracamranh.com\/vi\/rooms-suites-villas\/beachfront-one-bedroom-pool-villa\/#breadcrumb\"},\"inLanguage\":\"vi-VN\",\"potentialAction\":[{\"@type\":\"ReadAction\",\"target\":[\"https:\/\/anamandaracamranh.com\/vi\/rooms-suites-villas\/beachfront-one-bedroom-pool-villa\/\"]}]},{\"@type\":\"ImageObject\",\"inLanguage\":\"vi-VN\",\"@id\":\"https:\/\/anamandaracamranh.com\/vi\/rooms-suites-villas\/beachfront-one-bedroom-pool-villa\/#primaryimage\",\"url\":\"https:\/\/anamandaracamranh.com\/wp-content\/uploads\/sites\/254\/2023\/10\/ANA-MANDARA-CAM-RANH-Semi-Seaview-One-Bedroom-Villa-9.jpg\",\"contentUrl\":\"https:\/\/anamandaracamranh.com\/wp-content\/uploads\/sites\/254\/2023\/10\/ANA-MANDARA-CAM-RANH-Semi-Seaview-One-Bedroom-Villa-9.jpg\",\"width\":2200,\"height\":1650},{\"@type\":\"BreadcrumbList\",\"@id\":\"https:\/\/anamandaracamranh.com\/vi\/rooms-suites-villas\/beachfront-one-bedroom-pool-villa\/#breadcrumb\",\"itemListElement\":[{\"@type\":\"ListItem\",\"position\":1,\"name\":\"Home\",\"item\":\"https:\/\/anamandaracamranh.com\/vi\/\"},{\"@type\":\"ListItem\",\"position\":2,\"name\":\"Ph\u00f2ng ngh\u1ec9\",\"item\":\"https:\/\/anamandaracamranh.com\/vi\/rooms-suites-villas\/\"},{\"@type\":\"ListItem\",\"position\":3,\"name\":\"Bi\u1ec7t Th\u1ef1 M\u1ed9t Ph\u00f2ng Ng\u1ee7 Tr\u01b0\u1edbc Bi\u1ec3n C\u00f3 H\u1ed3 B\u01a1i\"}]},{\"@type\":\"WebSite\",\"@id\":\"https:\/\/anamandaracamranh.com\/vi\/#website\",\"url\":\"https:\/\/anamandaracamranh.com\/vi\/\",\"name\":\"Ana Mandara Cam Ranh Hotel\",\"description\":\"\",\"potentialAction\":[{\"@type\":\"SearchAction\",\"target\":{\"@type\":\"EntryPoint\",\"urlTemplate\":\"https:\/\/anamandaracamranh.com\/vi\/?s={search_term_string}\"},\"query-input\":\"required name=search_term_string\"}],\"inLanguage\":\"vi-VN\"}]}<\/script>\n<!-- \/ Yoast SEO plugin. -->","yoast_head_json":{"title":"Bi\u1ec7t Th\u1ef1 M\u1ed9t Ph\u00f2ng Ng\u1ee7 Tr\u01b0\u1edbc Bi\u1ec3n C\u00f3 H\u1ed3 B\u01a1i | Ana Mandara Cam Ranh","description":"Tho\u00e1ng \u0111\u1ea1t v\u00e0 tr\u00e0n ng\u1eadp ngu\u1ed3n \u00e1nh s\u00e1ng t\u1ef1 nhi\u00ean l\u00e0 hai trong s\u1ed1 nh\u1eefng \u0111i\u1ec3m n\u1ed5i b\u1eadt c\u1ee7a Bi\u1ec7t Th\u1ef1 M\u1ed9t Ph\u00f2ng Ng\u1ee7 Tr\u01b0\u1edbc Bi\u1ec3n C\u00f3 H\u1ed3 B\u01a1i t\u1ea1i Ana Mandara Cam Ranh.","robots":{"index":"index","follow":"follow","max-snippet":"max-snippet:-1","max-image-preview":"max-image-preview:large","max-video-preview":"max-video-preview:-1"},"canonical":"https:\/\/anamandaracamranh.com\/vi\/rooms-suites-villas\/beachfront-one-bedroom-pool-villa\/","og_locale":"vi_VN","og_type":"article","og_title":"Bi\u1ec7t Th\u1ef1 M\u1ed9t Ph\u00f2ng Ng\u1ee7 Tr\u01b0\u1edbc Bi\u1ec3n C\u00f3 H\u1ed3 B\u01a1i | Ana Mandara Cam Ranh","og_description":"Tho\u00e1ng \u0111\u1ea1t v\u00e0 tr\u00e0n ng\u1eadp ngu\u1ed3n \u00e1nh s\u00e1ng t\u1ef1 nhi\u00ean l\u00e0 hai trong s\u1ed1 nh\u1eefng \u0111i\u1ec3m n\u1ed5i b\u1eadt c\u1ee7a Bi\u1ec7t Th\u1ef1 M\u1ed9t Ph\u00f2ng Ng\u1ee7 Tr\u01b0\u1edbc Bi\u1ec3n C\u00f3 H\u1ed3 B\u01a1i t\u1ea1i Ana Mandara Cam Ranh.","og_url":"https:\/\/anamandaracamranh.com\/vi\/rooms-suites-villas\/beachfront-one-bedroom-pool-villa\/","og_site_name":"Ana Mandara Cam Ranh Hotel","article_modified_time":"2023-12-26T08:05:49+00:00","og_image":[{"width":2200,"height":1650,"url":"https:\/\/anamandaracamranh.com\/wp-content\/uploads\/sites\/254\/2023\/10\/ANA-MANDARA-CAM-RANH-Semi-Seaview-One-Bedroom-Villa-9.jpg","type":"image\/jpeg"}],"twitter_card":"summary_large_image","twitter_misc":{"Est. reading time":"1 minute"},"schema":{"@context":"https:\/\/schema.org","@graph":[{"@type":"WebPage","@id":"https:\/\/anamandaracamranh.com\/vi\/rooms-suites-villas\/beachfront-one-bedroom-pool-villa\/","url":"https:\/\/anamandaracamranh.com\/vi\/rooms-suites-villas\/beachfront-one-bedroom-pool-villa\/","name":"Bi\u1ec7t Th\u1ef1 M\u1ed9t Ph\u00f2ng Ng\u1ee7 Tr\u01b0\u1edbc Bi\u1ec3n C\u00f3 H\u1ed3 B\u01a1i | Ana Mandara Cam Ranh","isPartOf":{"@id":"https:\/\/anamandaracamranh.com\/vi\/#website"},"primaryImageOfPage":{"@id":"https:\/\/anamandaracamranh.com\/vi\/rooms-suites-villas\/beachfront-one-bedroom-pool-villa\/#primaryimage"},"image":{"@id":"https:\/\/anamandaracamranh.com\/vi\/rooms-suites-villas\/beachfront-one-bedroom-pool-villa\/#primaryimage"},"thumbnailUrl":"https:\/\/anamandaracamranh.com\/wp-content\/uploads\/sites\/254\/2023\/10\/ANA-MANDARA-CAM-RANH-Semi-Seaview-One-Bedroom-Villa-9.jpg","datePublished":"2022-09-09T02:20:24+00:00","dateModified":"2023-12-26T08:05:49+00:00","description":"Tho\u00e1ng \u0111\u1ea1t v\u00e0 tr\u00e0n ng\u1eadp ngu\u1ed3n \u00e1nh s\u00e1ng t\u1ef1 nhi\u00ean l\u00e0 hai trong s\u1ed1 nh\u1eefng \u0111i\u1ec3m n\u1ed5i b\u1eadt c\u1ee7a Bi\u1ec7t Th\u1ef1 M\u1ed9t Ph\u00f2ng Ng\u1ee7 Tr\u01b0\u1edbc Bi\u1ec3n C\u00f3 H\u1ed3 B\u01a1i t\u1ea1i Ana Mandara Cam Ranh.","breadcrumb":{"@id":"https:\/\/anamandaracamranh.com\/vi\/rooms-suites-villas\/beachfront-one-bedroom-pool-villa\/#breadcrumb"},"inLanguage":"vi-VN","potentialAction":[{"@type":"ReadAction","target":["https:\/\/anamandaracamranh.com\/vi\/rooms-suites-villas\/beachfront-one-bedroom-pool-villa\/"]}]},{"@type":"ImageObject","inLanguage":"vi-VN","@id":"https:\/\/anamandaracamranh.com\/vi\/rooms-suites-villas\/beachfront-one-bedroom-pool-villa\/#primaryimage","url":"https:\/\/anamandaracamranh.com\/wp-content\/uploads\/sites\/254\/2023\/10\/ANA-MANDARA-CAM-RANH-Semi-Seaview-One-Bedroom-Villa-9.jpg","contentUrl":"https:\/\/anamandaracamranh.com\/wp-content\/uploads\/sites\/254\/2023\/10\/ANA-MANDARA-CAM-RANH-Semi-Seaview-One-Bedroom-Villa-9.jpg","width":2200,"height":1650},{"@type":"BreadcrumbList","@id":"https:\/\/anamandaracamranh.com\/vi\/rooms-suites-villas\/beachfront-one-bedroom-pool-villa\/#breadcrumb","itemListElement":[{"@type":"ListItem","position":1,"name":"Home","item":"https:\/\/anamandaracamranh.com\/vi\/"},{"@type":"ListItem","position":2,"name":"Ph\u00f2ng ngh\u1ec9","item":"https:\/\/anamandaracamranh.com\/vi\/rooms-suites-villas\/"},{"@type":"ListItem","position":3,"name":"Bi\u1ec7t Th\u1ef1 M\u1ed9t Ph\u00f2ng Ng\u1ee7 Tr\u01b0\u1edbc Bi\u1ec3n C\u00f3 H\u1ed3 B\u01a1i"}]},{"@type":"WebSite","@id":"https:\/\/anamandaracamranh.com\/vi\/#website","url":"https:\/\/anamandaracamranh.com\/vi\/","name":"Ana Mandara Cam Ranh Hotel","description":"","potentialAction":[{"@type":"SearchAction","target":{"@type":"EntryPoint","urlTemplate":"https:\/\/anamandaracamranh.com\/vi\/?s={search_term_string}"},"query-input":"required name=search_term_string"}],"inLanguage":"vi-VN"}]}},"_links":{"self":[{"href":"https:\/\/anamandaracamranh.com\/vi\/wp-json\/wp\/v2\/pages\/694"}],"collection":[{"href":"https:\/\/anamandaracamranh.com\/vi\/wp-json\/wp\/v2\/pages"}],"about":[{"href":"https:\/\/anamandaracamranh.com\/vi\/wp-json\/wp\/v2\/types\/page"}],"author":[{"embeddable":true,"href":"https:\/\/anamandaracamranh.com\/vi\/wp-json\/wp\/v2\/users\/368"}],"replies":[{"embeddable":true,"href":"https:\/\/anamandaracamranh.com\/vi\/wp-json\/wp\/v2\/comments?post=694"}],"version-history":[{"count":0,"href":"https:\/\/anamandaracamranh.com\/vi\/wp-json\/wp\/v2\/pages\/694\/revisions"}],"up":[{"embeddable":true,"href":"https:\/\/anamandaracamranh.com\/vi\/wp-json\/wp\/v2\/pages\/683"}],"wp:featuredmedia":[{"embeddable":true,"href":"https:\/\/anamandaracamranh.com\/vi\/wp-json\/wp\/v2\/media\/1785"}],"wp:attachment":[{"href":"https:\/\/anamandaracamranh.com\/vi\/wp-json\/wp\/v2\/media?parent=694"}],"wp:term":[{"taxonomy":"category","embeddable":true,"href":"https:\/\/anamandaracamranh.com\/vi\/wp-json\/wp\/v2\/categories?post=694"}],"curies":[{"name":"wp","href":"https:\/\/api.w.org\/{rel}","templated":true}]}}