{"id":693,"date":"2022-09-09T02:19:59","date_gmt":"2022-09-09T02:19:59","guid":{"rendered":"https:\/\/anamandaracamranh.com\/rooms-suites-villas\/semi-seaview-one-bedroom-pool-villa\/"},"modified":"2024-08-14T06:01:31","modified_gmt":"2024-08-14T06:01:31","slug":"one-bedroom-pool-villa","status":"publish","type":"page","link":"https:\/\/anamandaracamranh.com\/vi\/rooms-suites-villas\/one-bedroom-pool-villa\/","title":{"rendered":"Bi\u1ec7t Th\u1ef1 M\u1ed9t Ph\u00f2ng Ng\u1ee7 C\u00f3 H\u1ed3 B\u01a1i"},"content":{"rendered":"<p>N\u01a1i duy nh\u1ea5t mang \u0111\u1ebfn cho b\u1ea1n c\u1ea3m gi\u00e1c bu\u1ed5i s\u00e1ng nh\u00e0n nh\u00e3 n\u1eb1m d\u00e0i b\u00ean h\u1ed3 b\u01a1i, th\u01b0\u1edfng th\u1ee9c h\u01b0\u01a1ng bi\u1ec3n m\u1eb7n m\u00f2i h\u00f2a quy\u1ec7n v\u1edbi h\u01b0\u01a1ng hoa nhi\u1ec7t \u0111\u1edbi. N\u1eb1m tr\u00ean di\u1ec7n t\u00edch r\u1ed9ng 105 m\u00e9t vu\u00f4ng, Bi\u1ec7t Th\u1ef1 M\u1ed9t Ph\u00f2ng Ng\u1ee7 C\u00f3 H\u1ed3 B\u01a1i l\u00e0 m\u1ed9t v\u00ed d\u1ee5 \u0111i\u1ec3n h\u00ecnh cho thi\u1ebft k\u1ebf k\u1ebft h\u1ee3p t\u1ef1 nhi\u00ean ph\u1ee9c t\u1ea1p v\u00e0 n\u1ed9i th\u1ea5t ti\u1ec7n nghi hi\u1ec7n \u0111\u1ea1i. B\u1ec3 ng\u00e2m ri\u00eang x\u00e2y d\u1ef1ng tr\u00ean s\u00e2n hi\u00ean b\u00ean ngo\u00e0i mang \u0111\u1ebfn tr\u1ea3i nghi\u1ec7m tho\u1ea3i m\u00e1i t\u1ed1i \u0111a, trong khi n\u1ed9i th\u1ea5t b\u00ean trong thi\u1ebft k\u1ebf tho\u00e1ng m\u00e1t, \u1ea5m \u00e1p v\u00e0 gi\u1ea3n d\u1ecb. Bi\u1ec7t th\u1ef1 g\u00e2y \u1ea5n t\u01b0\u1ee3ng v\u1edbi gi\u01b0\u1eddng ng\u1ee7 c\u1ee1 \u0111\u1ea1i v\u00e0 ph\u00f2ng t\u1eafm kh\u00f4ng gian m\u1edf quy m\u00f4, c\u00f9ng b\u1ed3n t\u1eafm v\u00e0 v\u00f2i sen trong nh\u00e0. R\u1ea3i r\u00e1c trong kh\u00f4ng gian l\u00e0 c\u00e1c t\u1ea5m \u0111\u1ec7m \u00eam \u00e1i t\u0103ng c\u1ea3m gi\u00e1c d\u1ec5 ch\u1ecbu.<\/p>\n<p>M\u1ed9t l\u1ef1a ch\u1ecdn t\u1ed5 \u1ea5m k\u00edn \u0111\u00e1o l\u00e3ng m\u1ea1n gi\u00fap k\u1ef3 ngh\u1ec9 d\u01b0\u1ee1ng ho\u1eb7c tu\u1ea7n tr\u0103ng m\u1eadt c\u1ee7a b\u1ea1n ho\u00e0n h\u1ea3o nh\u01b0 trong m\u01a1.<\/p>\n","protected":false},"excerpt":{"rendered":"<p>N\u01a1i duy nh\u1ea5t mang \u0111\u1ebfn cho b\u1ea1n c\u1ea3m gi\u00e1c bu\u1ed5i s\u00e1ng nh\u00e0n nh\u00e3 n\u1eb1m d\u00e0i b\u00ean h\u1ed3 b\u01a1i, th\u01b0\u1edfng th\u1ee9c h\u01b0\u01a1ng bi\u1ec3n m\u1eb7n m\u00f2i h\u00f2a quy\u1ec7n v\u1edbi h\u01b0\u01a1ng hoa nhi\u1ec7t \u0111\u1edbi. N\u1eb1m tr\u00ean di\u1ec7n t\u00edch r\u1ed9ng 105 m\u00e9t vu\u00f4ng, Bi\u1ec7t Th\u1ef1 M\u1ed9t Ph\u00f2ng Ng\u1ee7 C\u00f3 H\u1ed3 B\u01a1i l\u00e0 m\u1ed9t v\u00ed d\u1ee5 \u0111i\u1ec3n h\u00ecnh cho thi\u1ebft [&hellip;]<\/p>\n","protected":false},"author":368,"featured_media":1781,"parent":683,"menu_order":8,"comment_status":"closed","ping_status":"closed","template":"template-single-room.php","meta":{"footnotes":""},"categories":[],"acf":[],"yoast_head":"<!-- This site is optimized with the Yoast SEO plugin v22.3 - https:\/\/yoast.com\/wordpress\/plugins\/seo\/ -->\n<title>Bi\u1ec7t Th\u1ef1 M\u1ed9t Ph\u00f2ng Ng\u1ee7 C\u00f3 H\u1ed3 B\u01a1i | Ana Mandara Cam Ranh<\/title>\n<meta name=\"description\" content=\"Bi\u1ec7t Th\u1ef1 M\u1ed9t Ph\u00f2ng Ng\u1ee7 C\u00f3 H\u1ed3 B\u01a1i n\u1ed5i b\u1eadt v\u1edbi t\u00ednh ri\u00eang t\u01b0 v\u00e0 \u0111\u1eb3ng c\u1ea5p, l\u1ef1a ch\u1ecdn ho\u00e0n h\u1ea3o cho nh\u1eefng ai t\u00ecm ki\u1ebfm n\u01a1i l\u01b0u tr\u00fa l\u00e3ng m\u1ea1n ho\u1eb7c cho k\u1ef3 ngh\u1ec9 tr\u0103ng m\u1eadt trong m\u01a1.\" \/>\n<meta name=\"robots\" content=\"index, follow, max-snippet:-1, max-image-preview:large, max-video-preview:-1\" \/>\n<link rel=\"canonical\" href=\"https:\/\/anamandaracamranh.com\/vi\/rooms-suites-villas\/one-bedroom-pool-villa\/\" \/>\n<meta property=\"og:locale\" content=\"vi_VN\" \/>\n<meta property=\"og:type\" content=\"article\" \/>\n<meta property=\"og:title\" content=\"Bi\u1ec7t Th\u1ef1 M\u1ed9t Ph\u00f2ng Ng\u1ee7 C\u00f3 H\u1ed3 B\u01a1i | Ana Mandara Cam Ranh\" \/>\n<meta property=\"og:description\" content=\"Bi\u1ec7t Th\u1ef1 M\u1ed9t Ph\u00f2ng Ng\u1ee7 C\u00f3 H\u1ed3 B\u01a1i n\u1ed5i b\u1eadt v\u1edbi t\u00ednh ri\u00eang t\u01b0 v\u00e0 \u0111\u1eb3ng c\u1ea5p, l\u1ef1a ch\u1ecdn ho\u00e0n h\u1ea3o cho nh\u1eefng ai t\u00ecm ki\u1ebfm n\u01a1i l\u01b0u tr\u00fa l\u00e3ng m\u1ea1n ho\u1eb7c cho k\u1ef3 ngh\u1ec9 tr\u0103ng m\u1eadt trong m\u01a1.\" \/>\n<meta property=\"og:url\" content=\"https:\/\/anamandaracamranh.com\/vi\/rooms-suites-villas\/one-bedroom-pool-villa\/\" \/>\n<meta property=\"og:site_name\" content=\"Ana Mandara Cam Ranh Hotel\" \/>\n<meta property=\"article:modified_time\" content=\"2024-08-14T06:01:31+00:00\" \/>\n<meta property=\"og:image\" content=\"https:\/\/anamandaracamranh.com\/wp-content\/uploads\/sites\/254\/2023\/10\/ANA-MANDARA-CAM-RANH-Semi-Seaview-One-Bedroom-Villa-7.jpg\" \/>\n\t<meta property=\"og:image:width\" content=\"2200\" \/>\n\t<meta property=\"og:image:height\" content=\"1650\" \/>\n\t<meta property=\"og:image:type\" content=\"image\/jpeg\" \/>\n<meta name=\"twitter:card\" content=\"summary_large_image\" \/>\n<meta name=\"twitter:label1\" content=\"Est. reading time\" \/>\n\t<meta name=\"twitter:data1\" content=\"1 minute\" \/>\n<script type=\"application\/ld+json\" class=\"yoast-schema-graph\">{\"@context\":\"https:\/\/schema.org\",\"@graph\":[{\"@type\":\"WebPage\",\"@id\":\"https:\/\/anamandaracamranh.com\/vi\/rooms-suites-villas\/one-bedroom-pool-villa\/\",\"url\":\"https:\/\/anamandaracamranh.com\/vi\/rooms-suites-villas\/one-bedroom-pool-villa\/\",\"name\":\"Bi\u1ec7t Th\u1ef1 M\u1ed9t Ph\u00f2ng Ng\u1ee7 C\u00f3 H\u1ed3 B\u01a1i | Ana Mandara Cam Ranh\",\"isPartOf\":{\"@id\":\"https:\/\/anamandaracamranh.com\/vi\/#website\"},\"primaryImageOfPage\":{\"@id\":\"https:\/\/anamandaracamranh.com\/vi\/rooms-suites-villas\/one-bedroom-pool-villa\/#primaryimage\"},\"image\":{\"@id\":\"https:\/\/anamandaracamranh.com\/vi\/rooms-suites-villas\/one-bedroom-pool-villa\/#primaryimage\"},\"thumbnailUrl\":\"https:\/\/anamandaracamranh.com\/wp-content\/uploads\/sites\/254\/2023\/10\/ANA-MANDARA-CAM-RANH-Semi-Seaview-One-Bedroom-Villa-7.jpg\",\"datePublished\":\"2022-09-09T02:19:59+00:00\",\"dateModified\":\"2024-08-14T06:01:31+00:00\",\"description\":\"Bi\u1ec7t Th\u1ef1 M\u1ed9t Ph\u00f2ng Ng\u1ee7 C\u00f3 H\u1ed3 B\u01a1i n\u1ed5i b\u1eadt v\u1edbi t\u00ednh ri\u00eang t\u01b0 v\u00e0 \u0111\u1eb3ng c\u1ea5p, l\u1ef1a ch\u1ecdn ho\u00e0n h\u1ea3o cho nh\u1eefng ai t\u00ecm ki\u1ebfm n\u01a1i l\u01b0u tr\u00fa l\u00e3ng m\u1ea1n ho\u1eb7c cho k\u1ef3 ngh\u1ec9 tr\u0103ng m\u1eadt trong m\u01a1.\",\"breadcrumb\":{\"@id\":\"https:\/\/anamandaracamranh.com\/vi\/rooms-suites-villas\/one-bedroom-pool-villa\/#breadcrumb\"},\"inLanguage\":\"vi-VN\",\"potentialAction\":[{\"@type\":\"ReadAction\",\"target\":[\"https:\/\/anamandaracamranh.com\/vi\/rooms-suites-villas\/one-bedroom-pool-villa\/\"]}]},{\"@type\":\"ImageObject\",\"inLanguage\":\"vi-VN\",\"@id\":\"https:\/\/anamandaracamranh.com\/vi\/rooms-suites-villas\/one-bedroom-pool-villa\/#primaryimage\",\"url\":\"https:\/\/anamandaracamranh.com\/wp-content\/uploads\/sites\/254\/2023\/10\/ANA-MANDARA-CAM-RANH-Semi-Seaview-One-Bedroom-Villa-7.jpg\",\"contentUrl\":\"https:\/\/anamandaracamranh.com\/wp-content\/uploads\/sites\/254\/2023\/10\/ANA-MANDARA-CAM-RANH-Semi-Seaview-One-Bedroom-Villa-7.jpg\",\"width\":2200,\"height\":1650},{\"@type\":\"BreadcrumbList\",\"@id\":\"https:\/\/anamandaracamranh.com\/vi\/rooms-suites-villas\/one-bedroom-pool-villa\/#breadcrumb\",\"itemListElement\":[{\"@type\":\"ListItem\",\"position\":1,\"name\":\"Home\",\"item\":\"https:\/\/anamandaracamranh.com\/vi\/\"},{\"@type\":\"ListItem\",\"position\":2,\"name\":\"Ph\u00f2ng ngh\u1ec9\",\"item\":\"https:\/\/anamandaracamranh.com\/vi\/rooms-suites-villas\/\"},{\"@type\":\"ListItem\",\"position\":3,\"name\":\"Bi\u1ec7t Th\u1ef1 M\u1ed9t Ph\u00f2ng Ng\u1ee7 C\u00f3 H\u1ed3 B\u01a1i\"}]},{\"@type\":\"WebSite\",\"@id\":\"https:\/\/anamandaracamranh.com\/vi\/#website\",\"url\":\"https:\/\/anamandaracamranh.com\/vi\/\",\"name\":\"Ana Mandara Cam Ranh Hotel\",\"description\":\"\",\"potentialAction\":[{\"@type\":\"SearchAction\",\"target\":{\"@type\":\"EntryPoint\",\"urlTemplate\":\"https:\/\/anamandaracamranh.com\/vi\/?s={search_term_string}\"},\"query-input\":\"required name=search_term_string\"}],\"inLanguage\":\"vi-VN\"}]}<\/script>\n<!-- \/ Yoast SEO plugin. -->","yoast_head_json":{"title":"Bi\u1ec7t Th\u1ef1 M\u1ed9t Ph\u00f2ng Ng\u1ee7 C\u00f3 H\u1ed3 B\u01a1i | Ana Mandara Cam Ranh","description":"Bi\u1ec7t Th\u1ef1 M\u1ed9t Ph\u00f2ng Ng\u1ee7 C\u00f3 H\u1ed3 B\u01a1i n\u1ed5i b\u1eadt v\u1edbi t\u00ednh ri\u00eang t\u01b0 v\u00e0 \u0111\u1eb3ng c\u1ea5p, l\u1ef1a ch\u1ecdn ho\u00e0n h\u1ea3o cho nh\u1eefng ai t\u00ecm ki\u1ebfm n\u01a1i l\u01b0u tr\u00fa l\u00e3ng m\u1ea1n ho\u1eb7c cho k\u1ef3 ngh\u1ec9 tr\u0103ng m\u1eadt trong m\u01a1.","robots":{"index":"index","follow":"follow","max-snippet":"max-snippet:-1","max-image-preview":"max-image-preview:large","max-video-preview":"max-video-preview:-1"},"canonical":"https:\/\/anamandaracamranh.com\/vi\/rooms-suites-villas\/one-bedroom-pool-villa\/","og_locale":"vi_VN","og_type":"article","og_title":"Bi\u1ec7t Th\u1ef1 M\u1ed9t Ph\u00f2ng Ng\u1ee7 C\u00f3 H\u1ed3 B\u01a1i | Ana Mandara Cam Ranh","og_description":"Bi\u1ec7t Th\u1ef1 M\u1ed9t Ph\u00f2ng Ng\u1ee7 C\u00f3 H\u1ed3 B\u01a1i n\u1ed5i b\u1eadt v\u1edbi t\u00ednh ri\u00eang t\u01b0 v\u00e0 \u0111\u1eb3ng c\u1ea5p, l\u1ef1a ch\u1ecdn ho\u00e0n h\u1ea3o cho nh\u1eefng ai t\u00ecm ki\u1ebfm n\u01a1i l\u01b0u tr\u00fa l\u00e3ng m\u1ea1n ho\u1eb7c cho k\u1ef3 ngh\u1ec9 tr\u0103ng m\u1eadt trong m\u01a1.","og_url":"https:\/\/anamandaracamranh.com\/vi\/rooms-suites-villas\/one-bedroom-pool-villa\/","og_site_name":"Ana Mandara Cam Ranh Hotel","article_modified_time":"2024-08-14T06:01:31+00:00","og_image":[{"width":2200,"height":1650,"url":"https:\/\/anamandaracamranh.com\/wp-content\/uploads\/sites\/254\/2023\/10\/ANA-MANDARA-CAM-RANH-Semi-Seaview-One-Bedroom-Villa-7.jpg","type":"image\/jpeg"}],"twitter_card":"summary_large_image","twitter_misc":{"Est. reading time":"1 minute"},"schema":{"@context":"https:\/\/schema.org","@graph":[{"@type":"WebPage","@id":"https:\/\/anamandaracamranh.com\/vi\/rooms-suites-villas\/one-bedroom-pool-villa\/","url":"https:\/\/anamandaracamranh.com\/vi\/rooms-suites-villas\/one-bedroom-pool-villa\/","name":"Bi\u1ec7t Th\u1ef1 M\u1ed9t Ph\u00f2ng Ng\u1ee7 C\u00f3 H\u1ed3 B\u01a1i | Ana Mandara Cam Ranh","isPartOf":{"@id":"https:\/\/anamandaracamranh.com\/vi\/#website"},"primaryImageOfPage":{"@id":"https:\/\/anamandaracamranh.com\/vi\/rooms-suites-villas\/one-bedroom-pool-villa\/#primaryimage"},"image":{"@id":"https:\/\/anamandaracamranh.com\/vi\/rooms-suites-villas\/one-bedroom-pool-villa\/#primaryimage"},"thumbnailUrl":"https:\/\/anamandaracamranh.com\/wp-content\/uploads\/sites\/254\/2023\/10\/ANA-MANDARA-CAM-RANH-Semi-Seaview-One-Bedroom-Villa-7.jpg","datePublished":"2022-09-09T02:19:59+00:00","dateModified":"2024-08-14T06:01:31+00:00","description":"Bi\u1ec7t Th\u1ef1 M\u1ed9t Ph\u00f2ng Ng\u1ee7 C\u00f3 H\u1ed3 B\u01a1i n\u1ed5i b\u1eadt v\u1edbi t\u00ednh ri\u00eang t\u01b0 v\u00e0 \u0111\u1eb3ng c\u1ea5p, l\u1ef1a ch\u1ecdn ho\u00e0n h\u1ea3o cho nh\u1eefng ai t\u00ecm ki\u1ebfm n\u01a1i l\u01b0u tr\u00fa l\u00e3ng m\u1ea1n ho\u1eb7c cho k\u1ef3 ngh\u1ec9 tr\u0103ng m\u1eadt trong m\u01a1.","breadcrumb":{"@id":"https:\/\/anamandaracamranh.com\/vi\/rooms-suites-villas\/one-bedroom-pool-villa\/#breadcrumb"},"inLanguage":"vi-VN","potentialAction":[{"@type":"ReadAction","target":["https:\/\/anamandaracamranh.com\/vi\/rooms-suites-villas\/one-bedroom-pool-villa\/"]}]},{"@type":"ImageObject","inLanguage":"vi-VN","@id":"https:\/\/anamandaracamranh.com\/vi\/rooms-suites-villas\/one-bedroom-pool-villa\/#primaryimage","url":"https:\/\/anamandaracamranh.com\/wp-content\/uploads\/sites\/254\/2023\/10\/ANA-MANDARA-CAM-RANH-Semi-Seaview-One-Bedroom-Villa-7.jpg","contentUrl":"https:\/\/anamandaracamranh.com\/wp-content\/uploads\/sites\/254\/2023\/10\/ANA-MANDARA-CAM-RANH-Semi-Seaview-One-Bedroom-Villa-7.jpg","width":2200,"height":1650},{"@type":"BreadcrumbList","@id":"https:\/\/anamandaracamranh.com\/vi\/rooms-suites-villas\/one-bedroom-pool-villa\/#breadcrumb","itemListElement":[{"@type":"ListItem","position":1,"name":"Home","item":"https:\/\/anamandaracamranh.com\/vi\/"},{"@type":"ListItem","position":2,"name":"Ph\u00f2ng ngh\u1ec9","item":"https:\/\/anamandaracamranh.com\/vi\/rooms-suites-villas\/"},{"@type":"ListItem","position":3,"name":"Bi\u1ec7t Th\u1ef1 M\u1ed9t Ph\u00f2ng Ng\u1ee7 C\u00f3 H\u1ed3 B\u01a1i"}]},{"@type":"WebSite","@id":"https:\/\/anamandaracamranh.com\/vi\/#website","url":"https:\/\/anamandaracamranh.com\/vi\/","name":"Ana Mandara Cam Ranh Hotel","description":"","potentialAction":[{"@type":"SearchAction","target":{"@type":"EntryPoint","urlTemplate":"https:\/\/anamandaracamranh.com\/vi\/?s={search_term_string}"},"query-input":"required name=search_term_string"}],"inLanguage":"vi-VN"}]}},"_links":{"self":[{"href":"https:\/\/anamandaracamranh.com\/vi\/wp-json\/wp\/v2\/pages\/693"}],"collection":[{"href":"https:\/\/anamandaracamranh.com\/vi\/wp-json\/wp\/v2\/pages"}],"about":[{"href":"https:\/\/anamandaracamranh.com\/vi\/wp-json\/wp\/v2\/types\/page"}],"author":[{"embeddable":true,"href":"https:\/\/anamandaracamranh.com\/vi\/wp-json\/wp\/v2\/users\/368"}],"replies":[{"embeddable":true,"href":"https:\/\/anamandaracamranh.com\/vi\/wp-json\/wp\/v2\/comments?post=693"}],"version-history":[{"count":0,"href":"https:\/\/anamandaracamranh.com\/vi\/wp-json\/wp\/v2\/pages\/693\/revisions"}],"up":[{"embeddable":true,"href":"https:\/\/anamandaracamranh.com\/vi\/wp-json\/wp\/v2\/pages\/683"}],"wp:featuredmedia":[{"embeddable":true,"href":"https:\/\/anamandaracamranh.com\/vi\/wp-json\/wp\/v2\/media\/1781"}],"wp:attachment":[{"href":"https:\/\/anamandaracamranh.com\/vi\/wp-json\/wp\/v2\/media?parent=693"}],"wp:term":[{"taxonomy":"category","embeddable":true,"href":"https:\/\/anamandaracamranh.com\/vi\/wp-json\/wp\/v2\/categories?post=693"}],"curies":[{"name":"wp","href":"https:\/\/api.w.org\/{rel}","templated":true}]}}