{"id":691,"date":"2022-09-09T02:19:33","date_gmt":"2022-09-09T02:19:33","guid":{"rendered":"https:\/\/anamandaracamranh.com\/rooms-suites-villas\/premium-sky-pool-villa\/"},"modified":"2023-06-23T09:27:28","modified_gmt":"2023-06-23T09:27:28","slug":"premium-sky-pool-villa","status":"publish","type":"page","link":"https:\/\/anamandaracamranh.com\/vi\/rooms-suites-villas\/premium-sky-pool-villa\/","title":{"rendered":"Bi\u1ec7t Th\u1ef1 Tr\u00ean Cao C\u00f3 H\u1ed3 B\u01a1i"},"content":{"rendered":"<p><span data-sheets-value=\"{&quot;1&quot;:2,&quot;2&quot;:&quot;Bi\u1ec7t th\u1ef1 c\u00f3 h\u1ed3 b\u01a1i v\u00f4 c\u1ef1c \u0111\u1ed9c \u0111\u00e1o nh\u1ea5t trong khu v\u1ef1c, Premium Sky Pool Villa l\u00e0 t\u1eadp h\u1ee3p c\u00e1c \u1ed1c \u0111\u1ea3o y\u00ean t\u0129nh n\u1eb1m tr\u00ean c\u00e1c t\u1ea7ng cao nh\u1ea5t c\u1ee7a khu ngh\u1ec9 d\u01b0\u1ee1ng. V\u1edbi di\u1ec7n t\u00edch t\u1eeb 165m2 \u0111\u1ebfn 195m2, c\u00e1c ph\u00f2ng suite r\u1ed9ng r\u00e3i n\u00e0y l\u00e0 n\u01a1i ngh\u1ec9 d\u01b0\u1ee1ng tuy\u1ec7t v\u1eddi, ti\u1ec7n l\u1ee3i v\u00e0 \u0111\u1eb3ng c\u1ea5p.\\n\\nV\u1edbi 2 ph\u00f2ng ng\u1ee7 h\u01b0\u1edbng bi\u1ec3n li\u00ean k\u1ebft v\u1edbi ph\u00f2ng kh\u00e1ch h\u01b0\u1edbng bi\u1ec3n v\u00e0 ban c\u00f4ng ri\u00eang, vi\u00ean ng\u1ecdc \u0111\u00e1ng ch\u00fa \u00fd tr\u00ean v\u01b0\u01a1ng mi\u1ec7n l\u00e0 h\u1ed3 b\u01a1i tr\u00ean cao c\u00f3 t\u1ea7m nh\u00ecn to\u00e0n c\u1ea3nh, mang \u0111\u1ebfn tr\u1ea3i nghi\u1ec7m k\u1ef3 th\u00fa cho kh\u00e1ch l\u01b0u tr\u00fa khi v\u1eeba \u0111\u01b0\u1ee3c th\u1ecfa thu\u00ea ng\u1eafm c\u1ea3nh xung quanh v\u1eeba b\u01a1i l\u1ed9i b\u00ean d\u01b0\u1edbi nh\u1eefng v\u00ec sao.&quot;}\" data-sheets-userformat=\"{&quot;2&quot;:14847,&quot;3&quot;:{&quot;1&quot;:0,&quot;3&quot;:1},&quot;4&quot;:{&quot;1&quot;:2,&quot;2&quot;:16773836},&quot;5&quot;:{&quot;1&quot;:[{&quot;1&quot;:2,&quot;2&quot;:0,&quot;5&quot;:{&quot;1&quot;:0}},{&quot;1&quot;:0,&quot;2&quot;:0,&quot;3&quot;:3},{&quot;1&quot;:1,&quot;2&quot;:0,&quot;4&quot;:1}]},&quot;6&quot;:{&quot;1&quot;:[{&quot;1&quot;:2,&quot;2&quot;:0,&quot;5&quot;:{&quot;1&quot;:0}},{&quot;1&quot;:0,&quot;2&quot;:0,&quot;3&quot;:3},{&quot;1&quot;:1,&quot;2&quot;:0,&quot;4&quot;:1}]},&quot;7&quot;:{&quot;1&quot;:[{&quot;1&quot;:2,&quot;2&quot;:0,&quot;5&quot;:{&quot;1&quot;:0}},{&quot;1&quot;:0,&quot;2&quot;:0,&quot;3&quot;:3},{&quot;1&quot;:1,&quot;2&quot;:0,&quot;4&quot;:1}]},&quot;8&quot;:{&quot;1&quot;:[{&quot;1&quot;:2,&quot;2&quot;:0,&quot;5&quot;:{&quot;1&quot;:0}},{&quot;1&quot;:0,&quot;2&quot;:0,&quot;3&quot;:3},{&quot;1&quot;:1,&quot;2&quot;:0,&quot;4&quot;:1}]},&quot;9&quot;:0,&quot;10&quot;:1,&quot;11&quot;:4,&quot;14&quot;:{&quot;1&quot;:3,&quot;3&quot;:1},&quot;15&quot;:&quot;Montserrat&quot;,&quot;16&quot;:10}\">Bi\u1ec7t th\u1ef1 c\u00f3 h\u1ed3 b\u01a1i v\u00f4 c\u1ef1c \u0111\u1ed9c \u0111\u00e1o nh\u1ea5t trong khu v\u1ef1c, Premium Sky Pool Villa l\u00e0 t\u1eadp h\u1ee3p c\u00e1c \u1ed1c \u0111\u1ea3o y\u00ean t\u0129nh n\u1eb1m tr\u00ean c\u00e1c t\u1ea7ng cao nh\u1ea5t c\u1ee7a khu ngh\u1ec9 d\u01b0\u1ee1ng. V\u1edbi di\u1ec7n t\u00edch t\u1eeb 165m2 \u0111\u1ebfn 195m2, c\u00e1c ph\u00f2ng suite r\u1ed9ng r\u00e3i n\u00e0y l\u00e0 n\u01a1i ngh\u1ec9 d\u01b0\u1ee1ng tuy\u1ec7t v\u1eddi, ti\u1ec7n l\u1ee3i v\u00e0 \u0111\u1eb3ng c\u1ea5p.<\/p>\n<p>V\u1edbi 2 ph\u00f2ng ng\u1ee7 h\u01b0\u1edbng bi\u1ec3n li\u00ean k\u1ebft v\u1edbi ph\u00f2ng kh\u00e1ch h\u01b0\u1edbng bi\u1ec3n v\u00e0 ban c\u00f4ng ri\u00eang, vi\u00ean ng\u1ecdc \u0111\u00e1ng ch\u00fa \u00fd tr\u00ean v\u01b0\u01a1ng mi\u1ec7n l\u00e0 h\u1ed3 b\u01a1i tr\u00ean cao c\u00f3 t\u1ea7m nh\u00ecn to\u00e0n c\u1ea3nh, mang \u0111\u1ebfn tr\u1ea3i nghi\u1ec7m k\u1ef3 th\u00fa cho kh\u00e1ch l\u01b0u tr\u00fa khi v\u1eeba \u0111\u01b0\u1ee3c th\u1ecfa thu\u00ea ng\u1eafm c\u1ea3nh xung quanh v\u1eeba b\u01a1i l\u1ed9i b\u00ean d\u01b0\u1edbi nh\u1eefng v\u00ec sao.<\/span><\/p>\n","protected":false},"excerpt":{"rendered":"<p>Bi\u1ec7t th\u1ef1 c\u00f3 h\u1ed3 b\u01a1i v\u00f4 c\u1ef1c \u0111\u1ed9c \u0111\u00e1o nh\u1ea5t trong khu v\u1ef1c, Premium Sky Pool Villa l\u00e0 t\u1eadp h\u1ee3p c\u00e1c \u1ed1c \u0111\u1ea3o y\u00ean t\u0129nh n\u1eb1m tr\u00ean c\u00e1c t\u1ea7ng cao nh\u1ea5t c\u1ee7a khu ngh\u1ec9 d\u01b0\u1ee1ng. V\u1edbi di\u1ec7n t\u00edch t\u1eeb 165m2 \u0111\u1ebfn 195m2, c\u00e1c ph\u00f2ng suite r\u1ed9ng r\u00e3i n\u00e0y l\u00e0 n\u01a1i ngh\u1ec9 d\u01b0\u1ee1ng tuy\u1ec7t v\u1eddi, ti\u1ec7n [&hellip;]<\/p>\n","protected":false},"author":368,"featured_media":1017,"parent":683,"menu_order":8,"comment_status":"closed","ping_status":"closed","template":"template-single-room.php","meta":{"footnotes":""},"categories":[],"acf":[],"yoast_head":"<!-- This site is optimized with the Yoast SEO plugin v22.3 - https:\/\/yoast.com\/wordpress\/plugins\/seo\/ -->\n<title>Bi\u1ec7t Th\u1ef1 Tr\u00ean Cao C\u00f3 H\u1ed3 B\u01a1i | Ana Mandara Cam Ranh<\/title>\n<meta name=\"description\" content=\"V\u1edbi di\u1ec7n t\u00edch t\u1eeb 165 \u0111\u1ebfn 195 m\u00e9t vu\u00f4ng, c\u00e1c bi\u1ec7t th\u1ef1 r\u1ed9ng l\u1edbn n\u00e0y l\u00e0 n\u01a1i tuy\u1ec7t v\u1eddi nh\u1ea5t mang \u0111\u1ebfn tr\u1ecdn v\u1eb9n s\u1ef1 th\u01b0 gi\u00e3n, ti\u1ec7n nghi v\u00e0 gi\u00e1 tr\u1ecb h\u1ea1nh ph\u00fac.\" \/>\n<meta name=\"robots\" content=\"index, follow, max-snippet:-1, max-image-preview:large, max-video-preview:-1\" \/>\n<link rel=\"canonical\" href=\"https:\/\/anamandaracamranh.com\/vi\/rooms-suites-villas\/premium-sky-pool-villa\/\" \/>\n<meta property=\"og:locale\" content=\"vi_VN\" \/>\n<meta property=\"og:type\" content=\"article\" \/>\n<meta property=\"og:title\" content=\"Bi\u1ec7t Th\u1ef1 Tr\u00ean Cao C\u00f3 H\u1ed3 B\u01a1i | Ana Mandara Cam Ranh\" \/>\n<meta property=\"og:description\" content=\"V\u1edbi di\u1ec7n t\u00edch t\u1eeb 165 \u0111\u1ebfn 195 m\u00e9t vu\u00f4ng, c\u00e1c bi\u1ec7t th\u1ef1 r\u1ed9ng l\u1edbn n\u00e0y l\u00e0 n\u01a1i tuy\u1ec7t v\u1eddi nh\u1ea5t mang \u0111\u1ebfn tr\u1ecdn v\u1eb9n s\u1ef1 th\u01b0 gi\u00e3n, ti\u1ec7n nghi v\u00e0 gi\u00e1 tr\u1ecb h\u1ea1nh ph\u00fac.\" \/>\n<meta property=\"og:url\" content=\"https:\/\/anamandaracamranh.com\/vi\/rooms-suites-villas\/premium-sky-pool-villa\/\" \/>\n<meta property=\"og:site_name\" content=\"Ana Mandara Cam Ranh Hotel\" \/>\n<meta property=\"article:modified_time\" content=\"2023-06-23T09:27:28+00:00\" \/>\n<meta property=\"og:image\" content=\"https:\/\/anamandaracamranh.com\/wp-content\/uploads\/sites\/254\/2023\/02\/ANA-MANDARA-CAM-RANH-Premium-Sky-Pool-Villa1.jpg\" \/>\n\t<meta property=\"og:image:width\" content=\"2200\" \/>\n\t<meta property=\"og:image:height\" content=\"1466\" \/>\n\t<meta property=\"og:image:type\" content=\"image\/jpeg\" \/>\n<meta name=\"twitter:card\" content=\"summary_large_image\" \/>\n<meta name=\"twitter:label1\" content=\"Est. reading time\" \/>\n\t<meta name=\"twitter:data1\" content=\"1 minute\" \/>\n<script type=\"application\/ld+json\" class=\"yoast-schema-graph\">{\"@context\":\"https:\/\/schema.org\",\"@graph\":[{\"@type\":\"WebPage\",\"@id\":\"https:\/\/anamandaracamranh.com\/vi\/rooms-suites-villas\/premium-sky-pool-villa\/\",\"url\":\"https:\/\/anamandaracamranh.com\/vi\/rooms-suites-villas\/premium-sky-pool-villa\/\",\"name\":\"Bi\u1ec7t Th\u1ef1 Tr\u00ean Cao C\u00f3 H\u1ed3 B\u01a1i | Ana Mandara Cam Ranh\",\"isPartOf\":{\"@id\":\"https:\/\/anamandaracamranh.com\/vi\/#website\"},\"primaryImageOfPage\":{\"@id\":\"https:\/\/anamandaracamranh.com\/vi\/rooms-suites-villas\/premium-sky-pool-villa\/#primaryimage\"},\"image\":{\"@id\":\"https:\/\/anamandaracamranh.com\/vi\/rooms-suites-villas\/premium-sky-pool-villa\/#primaryimage\"},\"thumbnailUrl\":\"https:\/\/anamandaracamranh.com\/wp-content\/uploads\/sites\/254\/2023\/02\/ANA-MANDARA-CAM-RANH-Premium-Sky-Pool-Villa1.jpg\",\"datePublished\":\"2022-09-09T02:19:33+00:00\",\"dateModified\":\"2023-06-23T09:27:28+00:00\",\"description\":\"V\u1edbi di\u1ec7n t\u00edch t\u1eeb 165 \u0111\u1ebfn 195 m\u00e9t vu\u00f4ng, c\u00e1c bi\u1ec7t th\u1ef1 r\u1ed9ng l\u1edbn n\u00e0y l\u00e0 n\u01a1i tuy\u1ec7t v\u1eddi nh\u1ea5t mang \u0111\u1ebfn tr\u1ecdn v\u1eb9n s\u1ef1 th\u01b0 gi\u00e3n, ti\u1ec7n nghi v\u00e0 gi\u00e1 tr\u1ecb h\u1ea1nh ph\u00fac.\",\"breadcrumb\":{\"@id\":\"https:\/\/anamandaracamranh.com\/vi\/rooms-suites-villas\/premium-sky-pool-villa\/#breadcrumb\"},\"inLanguage\":\"vi-VN\",\"potentialAction\":[{\"@type\":\"ReadAction\",\"target\":[\"https:\/\/anamandaracamranh.com\/vi\/rooms-suites-villas\/premium-sky-pool-villa\/\"]}]},{\"@type\":\"ImageObject\",\"inLanguage\":\"vi-VN\",\"@id\":\"https:\/\/anamandaracamranh.com\/vi\/rooms-suites-villas\/premium-sky-pool-villa\/#primaryimage\",\"url\":\"https:\/\/anamandaracamranh.com\/wp-content\/uploads\/sites\/254\/2023\/02\/ANA-MANDARA-CAM-RANH-Premium-Sky-Pool-Villa1.jpg\",\"contentUrl\":\"https:\/\/anamandaracamranh.com\/wp-content\/uploads\/sites\/254\/2023\/02\/ANA-MANDARA-CAM-RANH-Premium-Sky-Pool-Villa1.jpg\",\"width\":2200,\"height\":1466},{\"@type\":\"BreadcrumbList\",\"@id\":\"https:\/\/anamandaracamranh.com\/vi\/rooms-suites-villas\/premium-sky-pool-villa\/#breadcrumb\",\"itemListElement\":[{\"@type\":\"ListItem\",\"position\":1,\"name\":\"Home\",\"item\":\"https:\/\/anamandaracamranh.com\/vi\/\"},{\"@type\":\"ListItem\",\"position\":2,\"name\":\"Ph\u00f2ng ngh\u1ec9\",\"item\":\"https:\/\/anamandaracamranh.com\/vi\/rooms-suites-villas\/\"},{\"@type\":\"ListItem\",\"position\":3,\"name\":\"Bi\u1ec7t Th\u1ef1 Tr\u00ean Cao C\u00f3 H\u1ed3 B\u01a1i\"}]},{\"@type\":\"WebSite\",\"@id\":\"https:\/\/anamandaracamranh.com\/vi\/#website\",\"url\":\"https:\/\/anamandaracamranh.com\/vi\/\",\"name\":\"Ana Mandara Cam Ranh Hotel\",\"description\":\"\",\"potentialAction\":[{\"@type\":\"SearchAction\",\"target\":{\"@type\":\"EntryPoint\",\"urlTemplate\":\"https:\/\/anamandaracamranh.com\/vi\/?s={search_term_string}\"},\"query-input\":\"required name=search_term_string\"}],\"inLanguage\":\"vi-VN\"}]}<\/script>\n<!-- \/ Yoast SEO plugin. -->","yoast_head_json":{"title":"Bi\u1ec7t Th\u1ef1 Tr\u00ean Cao C\u00f3 H\u1ed3 B\u01a1i | Ana Mandara Cam Ranh","description":"V\u1edbi di\u1ec7n t\u00edch t\u1eeb 165 \u0111\u1ebfn 195 m\u00e9t vu\u00f4ng, c\u00e1c bi\u1ec7t th\u1ef1 r\u1ed9ng l\u1edbn n\u00e0y l\u00e0 n\u01a1i tuy\u1ec7t v\u1eddi nh\u1ea5t mang \u0111\u1ebfn tr\u1ecdn v\u1eb9n s\u1ef1 th\u01b0 gi\u00e3n, ti\u1ec7n nghi v\u00e0 gi\u00e1 tr\u1ecb h\u1ea1nh ph\u00fac.","robots":{"index":"index","follow":"follow","max-snippet":"max-snippet:-1","max-image-preview":"max-image-preview:large","max-video-preview":"max-video-preview:-1"},"canonical":"https:\/\/anamandaracamranh.com\/vi\/rooms-suites-villas\/premium-sky-pool-villa\/","og_locale":"vi_VN","og_type":"article","og_title":"Bi\u1ec7t Th\u1ef1 Tr\u00ean Cao C\u00f3 H\u1ed3 B\u01a1i | Ana Mandara Cam Ranh","og_description":"V\u1edbi di\u1ec7n t\u00edch t\u1eeb 165 \u0111\u1ebfn 195 m\u00e9t vu\u00f4ng, c\u00e1c bi\u1ec7t th\u1ef1 r\u1ed9ng l\u1edbn n\u00e0y l\u00e0 n\u01a1i tuy\u1ec7t v\u1eddi nh\u1ea5t mang \u0111\u1ebfn tr\u1ecdn v\u1eb9n s\u1ef1 th\u01b0 gi\u00e3n, ti\u1ec7n nghi v\u00e0 gi\u00e1 tr\u1ecb h\u1ea1nh ph\u00fac.","og_url":"https:\/\/anamandaracamranh.com\/vi\/rooms-suites-villas\/premium-sky-pool-villa\/","og_site_name":"Ana Mandara Cam Ranh Hotel","article_modified_time":"2023-06-23T09:27:28+00:00","og_image":[{"width":2200,"height":1466,"url":"https:\/\/anamandaracamranh.com\/wp-content\/uploads\/sites\/254\/2023\/02\/ANA-MANDARA-CAM-RANH-Premium-Sky-Pool-Villa1.jpg","type":"image\/jpeg"}],"twitter_card":"summary_large_image","twitter_misc":{"Est. reading time":"1 minute"},"schema":{"@context":"https:\/\/schema.org","@graph":[{"@type":"WebPage","@id":"https:\/\/anamandaracamranh.com\/vi\/rooms-suites-villas\/premium-sky-pool-villa\/","url":"https:\/\/anamandaracamranh.com\/vi\/rooms-suites-villas\/premium-sky-pool-villa\/","name":"Bi\u1ec7t Th\u1ef1 Tr\u00ean Cao C\u00f3 H\u1ed3 B\u01a1i | Ana Mandara Cam Ranh","isPartOf":{"@id":"https:\/\/anamandaracamranh.com\/vi\/#website"},"primaryImageOfPage":{"@id":"https:\/\/anamandaracamranh.com\/vi\/rooms-suites-villas\/premium-sky-pool-villa\/#primaryimage"},"image":{"@id":"https:\/\/anamandaracamranh.com\/vi\/rooms-suites-villas\/premium-sky-pool-villa\/#primaryimage"},"thumbnailUrl":"https:\/\/anamandaracamranh.com\/wp-content\/uploads\/sites\/254\/2023\/02\/ANA-MANDARA-CAM-RANH-Premium-Sky-Pool-Villa1.jpg","datePublished":"2022-09-09T02:19:33+00:00","dateModified":"2023-06-23T09:27:28+00:00","description":"V\u1edbi di\u1ec7n t\u00edch t\u1eeb 165 \u0111\u1ebfn 195 m\u00e9t vu\u00f4ng, c\u00e1c bi\u1ec7t th\u1ef1 r\u1ed9ng l\u1edbn n\u00e0y l\u00e0 n\u01a1i tuy\u1ec7t v\u1eddi nh\u1ea5t mang \u0111\u1ebfn tr\u1ecdn v\u1eb9n s\u1ef1 th\u01b0 gi\u00e3n, ti\u1ec7n nghi v\u00e0 gi\u00e1 tr\u1ecb h\u1ea1nh ph\u00fac.","breadcrumb":{"@id":"https:\/\/anamandaracamranh.com\/vi\/rooms-suites-villas\/premium-sky-pool-villa\/#breadcrumb"},"inLanguage":"vi-VN","potentialAction":[{"@type":"ReadAction","target":["https:\/\/anamandaracamranh.com\/vi\/rooms-suites-villas\/premium-sky-pool-villa\/"]}]},{"@type":"ImageObject","inLanguage":"vi-VN","@id":"https:\/\/anamandaracamranh.com\/vi\/rooms-suites-villas\/premium-sky-pool-villa\/#primaryimage","url":"https:\/\/anamandaracamranh.com\/wp-content\/uploads\/sites\/254\/2023\/02\/ANA-MANDARA-CAM-RANH-Premium-Sky-Pool-Villa1.jpg","contentUrl":"https:\/\/anamandaracamranh.com\/wp-content\/uploads\/sites\/254\/2023\/02\/ANA-MANDARA-CAM-RANH-Premium-Sky-Pool-Villa1.jpg","width":2200,"height":1466},{"@type":"BreadcrumbList","@id":"https:\/\/anamandaracamranh.com\/vi\/rooms-suites-villas\/premium-sky-pool-villa\/#breadcrumb","itemListElement":[{"@type":"ListItem","position":1,"name":"Home","item":"https:\/\/anamandaracamranh.com\/vi\/"},{"@type":"ListItem","position":2,"name":"Ph\u00f2ng ngh\u1ec9","item":"https:\/\/anamandaracamranh.com\/vi\/rooms-suites-villas\/"},{"@type":"ListItem","position":3,"name":"Bi\u1ec7t Th\u1ef1 Tr\u00ean Cao C\u00f3 H\u1ed3 B\u01a1i"}]},{"@type":"WebSite","@id":"https:\/\/anamandaracamranh.com\/vi\/#website","url":"https:\/\/anamandaracamranh.com\/vi\/","name":"Ana Mandara Cam Ranh Hotel","description":"","potentialAction":[{"@type":"SearchAction","target":{"@type":"EntryPoint","urlTemplate":"https:\/\/anamandaracamranh.com\/vi\/?s={search_term_string}"},"query-input":"required name=search_term_string"}],"inLanguage":"vi-VN"}]}},"_links":{"self":[{"href":"https:\/\/anamandaracamranh.com\/vi\/wp-json\/wp\/v2\/pages\/691"}],"collection":[{"href":"https:\/\/anamandaracamranh.com\/vi\/wp-json\/wp\/v2\/pages"}],"about":[{"href":"https:\/\/anamandaracamranh.com\/vi\/wp-json\/wp\/v2\/types\/page"}],"author":[{"embeddable":true,"href":"https:\/\/anamandaracamranh.com\/vi\/wp-json\/wp\/v2\/users\/368"}],"replies":[{"embeddable":true,"href":"https:\/\/anamandaracamranh.com\/vi\/wp-json\/wp\/v2\/comments?post=691"}],"version-history":[{"count":0,"href":"https:\/\/anamandaracamranh.com\/vi\/wp-json\/wp\/v2\/pages\/691\/revisions"}],"up":[{"embeddable":true,"href":"https:\/\/anamandaracamranh.com\/vi\/wp-json\/wp\/v2\/pages\/683"}],"wp:featuredmedia":[{"embeddable":true,"href":"https:\/\/anamandaracamranh.com\/vi\/wp-json\/wp\/v2\/media\/1017"}],"wp:attachment":[{"href":"https:\/\/anamandaracamranh.com\/vi\/wp-json\/wp\/v2\/media?parent=691"}],"wp:term":[{"taxonomy":"category","embeddable":true,"href":"https:\/\/anamandaracamranh.com\/vi\/wp-json\/wp\/v2\/categories?post=691"}],"curies":[{"name":"wp","href":"https:\/\/api.w.org\/{rel}","templated":true}]}}