{"id":690,"date":"2022-09-09T02:19:12","date_gmt":"2022-09-09T02:19:12","guid":{"rendered":"https:\/\/anamandaracamranh.com\/rooms-suites-villas\/seaview-two-bedroom-suite\/"},"modified":"2023-06-23T08:53:48","modified_gmt":"2023-06-23T08:53:48","slug":"seaview-two-bedroom-suite","status":"publish","type":"page","link":"https:\/\/anamandaracamranh.com\/vi\/rooms-suites-villas\/seaview-two-bedroom-suite\/","title":{"rendered":"Suite Hai Ph\u00f2ng Ng\u1ee7 H\u01b0\u1edbng Bi\u1ec3n"},"content":{"rendered":"<p>Ph\u00f2ng ngh\u1ec9 cao c\u1ea5p Suite Hai Ph\u00f2ng Ng\u1ee7 H\u01b0\u1edbng Bi\u1ec3n c\u00f3 di\u1ec7n t\u00edch l\u00ean \u0111\u1ebfn 145m2, mang l\u1ea1i cho kh\u00e1ch l\u01b0u tr\u00fa c\u1ea3m gi\u00e1c tho\u1ea3i m\u00e1i v\u1edbi ban c\u00f4ng ng\u1eafm bi\u1ec3n to\u00e0n c\u1ea3nh. Ph\u00f2ng ng\u1ee7 l\u1edbn v\u00e0 ph\u00f2ng ng\u1ee7 ph\u1ee5 n\u1eb1m c\u00e1ch bi\u1ec7t \u0111\u1ea3m b\u1ea3o s\u1ef1 ri\u00eang t\u01b0.<\/p>\n<p>Ph\u00f2ng kh\u00e1ch r\u1ed9ng tho\u00e1ng \u0111\u01b0\u1ee3c trang b\u1ecb gh\u1ebf sofa sang tr\u1ecdng, b\u00e0n \u0103n v\u00e0 \u0111\u1ea7y \u0111\u1ee7 ti\u1ec7n nghi hi\u1ec7n \u0111\u1ea1i. Ph\u00f2ng ng\u1ee7 ch\u00ednh h\u01b0\u1edbng m\u1eaft ra V\u1ecbnh Cam Ranh, trong khi ph\u00f2ng ng\u1ee7 ph\u1ee5 \u0111\u1ea3m b\u1ea3o m\u1ecdi ti\u1ec7n nghi t\u1ed1i \u01b0u. M\u1ed7i ph\u00f2ng ng\u1ee7 \u0111\u1ec1u \u0111\u01b0\u1ee3c trang b\u1ecb ph\u00f2ng t\u1eafm ri\u00eang v\u1edbi b\u1ed3n t\u1eafm n\u1eb1m tho\u00e1ng \u0111\u00e3ng v\u1edbi b\u00e0n trang \u0111i\u1ec3m l\u1edbn v\u00e0 v\u00f2i sen hi\u1ec7n \u0111\u1ea1i.<\/p>\n<p>L\u1ef1a ch\u1ecdn ho\u00e0n h\u1ea3o cho gia \u0111\u00ecnh v\u1edbi 2 con nh\u1ecf, ho\u1eb7c cho nh\u00f3m b\u1ea1n t\u00ecm n\u01a1i ngh\u1ec9 d\u01b0\u1ee1ng.<\/p>\n","protected":false},"excerpt":{"rendered":"<p>Ph\u00f2ng ngh\u1ec9 cao c\u1ea5p Suite Hai Ph\u00f2ng Ng\u1ee7 H\u01b0\u1edbng Bi\u1ec3n c\u00f3 di\u1ec7n t\u00edch l\u00ean \u0111\u1ebfn 145m2, mang l\u1ea1i cho kh\u00e1ch l\u01b0u tr\u00fa c\u1ea3m gi\u00e1c tho\u1ea3i m\u00e1i v\u1edbi ban c\u00f4ng ng\u1eafm bi\u1ec3n to\u00e0n c\u1ea3nh. Ph\u00f2ng ng\u1ee7 l\u1edbn v\u00e0 ph\u00f2ng ng\u1ee7 ph\u1ee5 n\u1eb1m c\u00e1ch bi\u1ec7t \u0111\u1ea3m b\u1ea3o s\u1ef1 ri\u00eang t\u01b0. Ph\u00f2ng kh\u00e1ch r\u1ed9ng tho\u00e1ng \u0111\u01b0\u1ee3c trang b\u1ecb [&hellip;]<\/p>\n","protected":false},"author":368,"featured_media":1300,"parent":683,"menu_order":6,"comment_status":"closed","ping_status":"closed","template":"template-single-room.php","meta":{"footnotes":""},"categories":[],"acf":[],"yoast_head":"<!-- This site is optimized with the Yoast SEO plugin v22.3 - https:\/\/yoast.com\/wordpress\/plugins\/seo\/ -->\n<title>Suite Hai Ph\u00f2ng Ng\u1ee7 H\u01b0\u1edbng Bi\u1ec3n | Ana Mandara Cam Ranh<\/title>\n<meta name=\"description\" content=\"Suite Hai Ph\u00f2ng Ng\u1ee7 H\u01b0\u1edbng Bi\u1ec3n c\u00f3 di\u1ec7n t\u00edch 145m\u00e9t vu\u00f4ng, ph\u00f9 h\u1ee3p cho c\u00e1c gia \u0111\u00ecnh c\u00f3 hai tr\u1ebb em ho\u1eb7c cho nh\u00f3m b\u1ea1n.\" \/>\n<meta name=\"robots\" content=\"index, follow, max-snippet:-1, max-image-preview:large, max-video-preview:-1\" \/>\n<link rel=\"canonical\" href=\"https:\/\/anamandaracamranh.com\/vi\/rooms-suites-villas\/seaview-two-bedroom-suite\/\" \/>\n<meta property=\"og:locale\" content=\"vi_VN\" \/>\n<meta property=\"og:type\" content=\"article\" \/>\n<meta property=\"og:title\" content=\"Suite Hai Ph\u00f2ng Ng\u1ee7 H\u01b0\u1edbng Bi\u1ec3n | Ana Mandara Cam Ranh\" \/>\n<meta property=\"og:description\" content=\"Suite Hai Ph\u00f2ng Ng\u1ee7 H\u01b0\u1edbng Bi\u1ec3n c\u00f3 di\u1ec7n t\u00edch 145m\u00e9t vu\u00f4ng, ph\u00f9 h\u1ee3p cho c\u00e1c gia \u0111\u00ecnh c\u00f3 hai tr\u1ebb em ho\u1eb7c cho nh\u00f3m b\u1ea1n.\" \/>\n<meta property=\"og:url\" content=\"https:\/\/anamandaracamranh.com\/vi\/rooms-suites-villas\/seaview-two-bedroom-suite\/\" \/>\n<meta property=\"og:site_name\" content=\"Ana Mandara Cam Ranh Hotel\" \/>\n<meta property=\"article:modified_time\" content=\"2023-06-23T08:53:48+00:00\" \/>\n<meta property=\"og:image\" content=\"https:\/\/anamandaracamranh.com\/wp-content\/uploads\/sites\/254\/2023\/06\/ANA-MANDARA-CAM-RANH-Seaview-Two-Bedroom-Suite.jpeg\" \/>\n\t<meta property=\"og:image:width\" content=\"2200\" \/>\n\t<meta property=\"og:image:height\" content=\"1466\" \/>\n\t<meta property=\"og:image:type\" content=\"image\/jpeg\" \/>\n<meta name=\"twitter:card\" content=\"summary_large_image\" \/>\n<meta name=\"twitter:label1\" content=\"Est. reading time\" \/>\n\t<meta name=\"twitter:data1\" content=\"1 minute\" \/>\n<script type=\"application\/ld+json\" class=\"yoast-schema-graph\">{\"@context\":\"https:\/\/schema.org\",\"@graph\":[{\"@type\":\"WebPage\",\"@id\":\"https:\/\/anamandaracamranh.com\/vi\/rooms-suites-villas\/seaview-two-bedroom-suite\/\",\"url\":\"https:\/\/anamandaracamranh.com\/vi\/rooms-suites-villas\/seaview-two-bedroom-suite\/\",\"name\":\"Suite Hai Ph\u00f2ng Ng\u1ee7 H\u01b0\u1edbng Bi\u1ec3n | Ana Mandara Cam Ranh\",\"isPartOf\":{\"@id\":\"https:\/\/anamandaracamranh.com\/vi\/#website\"},\"primaryImageOfPage\":{\"@id\":\"https:\/\/anamandaracamranh.com\/vi\/rooms-suites-villas\/seaview-two-bedroom-suite\/#primaryimage\"},\"image\":{\"@id\":\"https:\/\/anamandaracamranh.com\/vi\/rooms-suites-villas\/seaview-two-bedroom-suite\/#primaryimage\"},\"thumbnailUrl\":\"https:\/\/anamandaracamranh.com\/wp-content\/uploads\/sites\/254\/2023\/06\/ANA-MANDARA-CAM-RANH-Seaview-Two-Bedroom-Suite.jpeg\",\"datePublished\":\"2022-09-09T02:19:12+00:00\",\"dateModified\":\"2023-06-23T08:53:48+00:00\",\"description\":\"Suite Hai Ph\u00f2ng Ng\u1ee7 H\u01b0\u1edbng Bi\u1ec3n c\u00f3 di\u1ec7n t\u00edch 145m\u00e9t vu\u00f4ng, ph\u00f9 h\u1ee3p cho c\u00e1c gia \u0111\u00ecnh c\u00f3 hai tr\u1ebb em ho\u1eb7c cho nh\u00f3m b\u1ea1n.\",\"breadcrumb\":{\"@id\":\"https:\/\/anamandaracamranh.com\/vi\/rooms-suites-villas\/seaview-two-bedroom-suite\/#breadcrumb\"},\"inLanguage\":\"vi-VN\",\"potentialAction\":[{\"@type\":\"ReadAction\",\"target\":[\"https:\/\/anamandaracamranh.com\/vi\/rooms-suites-villas\/seaview-two-bedroom-suite\/\"]}]},{\"@type\":\"ImageObject\",\"inLanguage\":\"vi-VN\",\"@id\":\"https:\/\/anamandaracamranh.com\/vi\/rooms-suites-villas\/seaview-two-bedroom-suite\/#primaryimage\",\"url\":\"https:\/\/anamandaracamranh.com\/wp-content\/uploads\/sites\/254\/2023\/06\/ANA-MANDARA-CAM-RANH-Seaview-Two-Bedroom-Suite.jpeg\",\"contentUrl\":\"https:\/\/anamandaracamranh.com\/wp-content\/uploads\/sites\/254\/2023\/06\/ANA-MANDARA-CAM-RANH-Seaview-Two-Bedroom-Suite.jpeg\",\"width\":2200,\"height\":1466},{\"@type\":\"BreadcrumbList\",\"@id\":\"https:\/\/anamandaracamranh.com\/vi\/rooms-suites-villas\/seaview-two-bedroom-suite\/#breadcrumb\",\"itemListElement\":[{\"@type\":\"ListItem\",\"position\":1,\"name\":\"Home\",\"item\":\"https:\/\/anamandaracamranh.com\/vi\/\"},{\"@type\":\"ListItem\",\"position\":2,\"name\":\"Ph\u00f2ng ngh\u1ec9\",\"item\":\"https:\/\/anamandaracamranh.com\/vi\/rooms-suites-villas\/\"},{\"@type\":\"ListItem\",\"position\":3,\"name\":\"Suite Hai Ph\u00f2ng Ng\u1ee7 H\u01b0\u1edbng Bi\u1ec3n\"}]},{\"@type\":\"WebSite\",\"@id\":\"https:\/\/anamandaracamranh.com\/vi\/#website\",\"url\":\"https:\/\/anamandaracamranh.com\/vi\/\",\"name\":\"Ana Mandara Cam Ranh Hotel\",\"description\":\"\",\"potentialAction\":[{\"@type\":\"SearchAction\",\"target\":{\"@type\":\"EntryPoint\",\"urlTemplate\":\"https:\/\/anamandaracamranh.com\/vi\/?s={search_term_string}\"},\"query-input\":\"required name=search_term_string\"}],\"inLanguage\":\"vi-VN\"}]}<\/script>\n<!-- \/ Yoast SEO plugin. -->","yoast_head_json":{"title":"Suite Hai Ph\u00f2ng Ng\u1ee7 H\u01b0\u1edbng Bi\u1ec3n | Ana Mandara Cam Ranh","description":"Suite Hai Ph\u00f2ng Ng\u1ee7 H\u01b0\u1edbng Bi\u1ec3n c\u00f3 di\u1ec7n t\u00edch 145m\u00e9t vu\u00f4ng, ph\u00f9 h\u1ee3p cho c\u00e1c gia \u0111\u00ecnh c\u00f3 hai tr\u1ebb em ho\u1eb7c cho nh\u00f3m b\u1ea1n.","robots":{"index":"index","follow":"follow","max-snippet":"max-snippet:-1","max-image-preview":"max-image-preview:large","max-video-preview":"max-video-preview:-1"},"canonical":"https:\/\/anamandaracamranh.com\/vi\/rooms-suites-villas\/seaview-two-bedroom-suite\/","og_locale":"vi_VN","og_type":"article","og_title":"Suite Hai Ph\u00f2ng Ng\u1ee7 H\u01b0\u1edbng Bi\u1ec3n | Ana Mandara Cam Ranh","og_description":"Suite Hai Ph\u00f2ng Ng\u1ee7 H\u01b0\u1edbng Bi\u1ec3n c\u00f3 di\u1ec7n t\u00edch 145m\u00e9t vu\u00f4ng, ph\u00f9 h\u1ee3p cho c\u00e1c gia \u0111\u00ecnh c\u00f3 hai tr\u1ebb em ho\u1eb7c cho nh\u00f3m b\u1ea1n.","og_url":"https:\/\/anamandaracamranh.com\/vi\/rooms-suites-villas\/seaview-two-bedroom-suite\/","og_site_name":"Ana Mandara Cam Ranh Hotel","article_modified_time":"2023-06-23T08:53:48+00:00","og_image":[{"width":2200,"height":1466,"url":"https:\/\/anamandaracamranh.com\/wp-content\/uploads\/sites\/254\/2023\/06\/ANA-MANDARA-CAM-RANH-Seaview-Two-Bedroom-Suite.jpeg","type":"image\/jpeg"}],"twitter_card":"summary_large_image","twitter_misc":{"Est. reading time":"1 minute"},"schema":{"@context":"https:\/\/schema.org","@graph":[{"@type":"WebPage","@id":"https:\/\/anamandaracamranh.com\/vi\/rooms-suites-villas\/seaview-two-bedroom-suite\/","url":"https:\/\/anamandaracamranh.com\/vi\/rooms-suites-villas\/seaview-two-bedroom-suite\/","name":"Suite Hai Ph\u00f2ng Ng\u1ee7 H\u01b0\u1edbng Bi\u1ec3n | Ana Mandara Cam Ranh","isPartOf":{"@id":"https:\/\/anamandaracamranh.com\/vi\/#website"},"primaryImageOfPage":{"@id":"https:\/\/anamandaracamranh.com\/vi\/rooms-suites-villas\/seaview-two-bedroom-suite\/#primaryimage"},"image":{"@id":"https:\/\/anamandaracamranh.com\/vi\/rooms-suites-villas\/seaview-two-bedroom-suite\/#primaryimage"},"thumbnailUrl":"https:\/\/anamandaracamranh.com\/wp-content\/uploads\/sites\/254\/2023\/06\/ANA-MANDARA-CAM-RANH-Seaview-Two-Bedroom-Suite.jpeg","datePublished":"2022-09-09T02:19:12+00:00","dateModified":"2023-06-23T08:53:48+00:00","description":"Suite Hai Ph\u00f2ng Ng\u1ee7 H\u01b0\u1edbng Bi\u1ec3n c\u00f3 di\u1ec7n t\u00edch 145m\u00e9t vu\u00f4ng, ph\u00f9 h\u1ee3p cho c\u00e1c gia \u0111\u00ecnh c\u00f3 hai tr\u1ebb em ho\u1eb7c cho nh\u00f3m b\u1ea1n.","breadcrumb":{"@id":"https:\/\/anamandaracamranh.com\/vi\/rooms-suites-villas\/seaview-two-bedroom-suite\/#breadcrumb"},"inLanguage":"vi-VN","potentialAction":[{"@type":"ReadAction","target":["https:\/\/anamandaracamranh.com\/vi\/rooms-suites-villas\/seaview-two-bedroom-suite\/"]}]},{"@type":"ImageObject","inLanguage":"vi-VN","@id":"https:\/\/anamandaracamranh.com\/vi\/rooms-suites-villas\/seaview-two-bedroom-suite\/#primaryimage","url":"https:\/\/anamandaracamranh.com\/wp-content\/uploads\/sites\/254\/2023\/06\/ANA-MANDARA-CAM-RANH-Seaview-Two-Bedroom-Suite.jpeg","contentUrl":"https:\/\/anamandaracamranh.com\/wp-content\/uploads\/sites\/254\/2023\/06\/ANA-MANDARA-CAM-RANH-Seaview-Two-Bedroom-Suite.jpeg","width":2200,"height":1466},{"@type":"BreadcrumbList","@id":"https:\/\/anamandaracamranh.com\/vi\/rooms-suites-villas\/seaview-two-bedroom-suite\/#breadcrumb","itemListElement":[{"@type":"ListItem","position":1,"name":"Home","item":"https:\/\/anamandaracamranh.com\/vi\/"},{"@type":"ListItem","position":2,"name":"Ph\u00f2ng ngh\u1ec9","item":"https:\/\/anamandaracamranh.com\/vi\/rooms-suites-villas\/"},{"@type":"ListItem","position":3,"name":"Suite Hai Ph\u00f2ng Ng\u1ee7 H\u01b0\u1edbng Bi\u1ec3n"}]},{"@type":"WebSite","@id":"https:\/\/anamandaracamranh.com\/vi\/#website","url":"https:\/\/anamandaracamranh.com\/vi\/","name":"Ana Mandara Cam Ranh Hotel","description":"","potentialAction":[{"@type":"SearchAction","target":{"@type":"EntryPoint","urlTemplate":"https:\/\/anamandaracamranh.com\/vi\/?s={search_term_string}"},"query-input":"required name=search_term_string"}],"inLanguage":"vi-VN"}]}},"_links":{"self":[{"href":"https:\/\/anamandaracamranh.com\/vi\/wp-json\/wp\/v2\/pages\/690"}],"collection":[{"href":"https:\/\/anamandaracamranh.com\/vi\/wp-json\/wp\/v2\/pages"}],"about":[{"href":"https:\/\/anamandaracamranh.com\/vi\/wp-json\/wp\/v2\/types\/page"}],"author":[{"embeddable":true,"href":"https:\/\/anamandaracamranh.com\/vi\/wp-json\/wp\/v2\/users\/368"}],"replies":[{"embeddable":true,"href":"https:\/\/anamandaracamranh.com\/vi\/wp-json\/wp\/v2\/comments?post=690"}],"version-history":[{"count":0,"href":"https:\/\/anamandaracamranh.com\/vi\/wp-json\/wp\/v2\/pages\/690\/revisions"}],"up":[{"embeddable":true,"href":"https:\/\/anamandaracamranh.com\/vi\/wp-json\/wp\/v2\/pages\/683"}],"wp:featuredmedia":[{"embeddable":true,"href":"https:\/\/anamandaracamranh.com\/vi\/wp-json\/wp\/v2\/media\/1300"}],"wp:attachment":[{"href":"https:\/\/anamandaracamranh.com\/vi\/wp-json\/wp\/v2\/media?parent=690"}],"wp:term":[{"taxonomy":"category","embeddable":true,"href":"https:\/\/anamandaracamranh.com\/vi\/wp-json\/wp\/v2\/categories?post=690"}],"curies":[{"name":"wp","href":"https:\/\/api.w.org\/{rel}","templated":true}]}}