{"id":689,"date":"2022-09-09T02:17:59","date_gmt":"2022-09-09T02:17:59","guid":{"rendered":"https:\/\/anamandaracamranh.com\/rooms-suites-villas\/garden-two-bedroom-suite\/"},"modified":"2024-08-14T05:59:57","modified_gmt":"2024-08-14T05:59:57","slug":"garden-two-bedroom-suite","status":"publish","type":"page","link":"https:\/\/anamandaracamranh.com\/vi\/rooms-suites-villas\/garden-two-bedroom-suite\/","title":{"rendered":"Suite Hai Ph\u00f2ng Ng\u1ee7 H\u01b0\u1edbng V\u01b0\u1eddn"},"content":{"rendered":"<p>Ph\u00f2ng ngh\u1ec9 d\u01b0\u1ee1ng Suite Hai Ph\u00f2ng Ng\u1ee7 H\u01b0\u1edbng V\u01b0\u1eddn t\u1ea1i Ana Mandara Cam Ranh c\u00f3 di\u1ec7n t\u00edch l\u00ean \u0111\u1ebfn 145m2. M\u1ed7i ph\u00f2ng \u0111\u1ec1u s\u1edf h\u1eefu ban c\u00f4ng ri\u00eang v\u1edbi g\u00f3c nh\u00ecn h\u01b0\u1edbng ra to\u00e0n c\u1ea3nh khu v\u01b0\u1eddn, m\u1ed9t ph\u00f2ng kh\u00e1ch r\u1ed9ng r\u00e3i, ph\u00f2ng ng\u1ee7 ch\u00ednh v\u00e0 ph\u00f2ng ng\u1ee7 nh\u1ecf t\u00e1ch bi\u1ec7t \u0111\u1ea3m b\u1ea3o s\u1ef1 ri\u00eang t\u01b0. M\u1ed7i ph\u00f2ng \u0111\u1ec1u c\u00f3 ph\u00f2ng t\u1eafm ri\u00eang \u0111\u01b0\u1ee3c trang b\u1ecb v\u00f2i sen, b\u1ed3n t\u1eafm b\u1eb1ng \u0111\u00e1 r\u1ed9ng tho\u00e1ng. N\u1ed9i th\u1ea5t b\u00ean trong thi\u1ebft k\u1ebf tinh x\u1ea3o v\u1edbi \u0111i\u1ec3m nh\u1ea5n b\u1eb1ng g\u1ed7 xuy\u00ean su\u1ed1t t\u1ea1o n\u00ean c\u1ea3m gi\u00e1c \u1ea5m c\u00fang, sang tr\u1ecdng v\u00e0 thanh l\u1ecbch.<\/p>\n<p>N\u01a1i ngh\u1ec9 d\u01b0\u1ee1ng l\u00fd t\u01b0\u1edfng d\u00e0nh ri\u00eang cho gia \u0111\u00ecnh ho\u1eb7c nh\u00f3m b\u1ea1n mu\u1ed1n tho\u00e1t kh\u1ecfi b\u1eadn r\u1ed9n th\u01b0\u1eddng ng\u00e0y.<\/p>\n","protected":false},"excerpt":{"rendered":"<p>Ph\u00f2ng ngh\u1ec9 d\u01b0\u1ee1ng Suite Hai Ph\u00f2ng Ng\u1ee7 H\u01b0\u1edbng V\u01b0\u1eddn t\u1ea1i Ana Mandara Cam Ranh c\u00f3 di\u1ec7n t\u00edch l\u00ean \u0111\u1ebfn 145m2. M\u1ed7i ph\u00f2ng \u0111\u1ec1u s\u1edf h\u1eefu ban c\u00f4ng ri\u00eang v\u1edbi g\u00f3c nh\u00ecn h\u01b0\u1edbng ra to\u00e0n c\u1ea3nh khu v\u01b0\u1eddn, m\u1ed9t ph\u00f2ng kh\u00e1ch r\u1ed9ng r\u00e3i, ph\u00f2ng ng\u1ee7 ch\u00ednh v\u00e0 ph\u00f2ng ng\u1ee7 nh\u1ecf t\u00e1ch bi\u1ec7t \u0111\u1ea3m b\u1ea3o s\u1ef1 ri\u00eang [&hellip;]<\/p>\n","protected":false},"author":368,"featured_media":1295,"parent":683,"menu_order":5,"comment_status":"closed","ping_status":"closed","template":"template-single-room.php","meta":{"footnotes":""},"categories":[],"acf":[],"yoast_head":"<!-- This site is optimized with the Yoast SEO plugin v22.3 - https:\/\/yoast.com\/wordpress\/plugins\/seo\/ -->\n<title>Suite Hai Ph\u00f2ng Ng\u1ee7 H\u01b0\u1edbng V\u01b0\u1eddn | Ana Mandara Cam Ranh<\/title>\n<meta name=\"description\" content=\"V\u1edbi di\u1ec7n t\u00edch 145 m\u00b2, Suite Hai Ph\u00f2ng Ng\u1ee7 H\u01b0\u1edbng V\u01b0\u1eddn s\u1edf h\u1eefu ban c\u00f4ng r\u1ed9ng l\u1edbn h\u01b0\u1edbng ra to\u00e0n c\u1ea3nh c\u00e1c khu v\u01b0\u1eddn nhi\u1ec7t \u0111\u1edbi.\" \/>\n<meta name=\"robots\" content=\"index, follow, max-snippet:-1, max-image-preview:large, max-video-preview:-1\" \/>\n<link rel=\"canonical\" href=\"https:\/\/anamandaracamranh.com\/vi\/rooms-suites-villas\/garden-two-bedroom-suite\/\" \/>\n<meta property=\"og:locale\" content=\"vi_VN\" \/>\n<meta property=\"og:type\" content=\"article\" \/>\n<meta property=\"og:title\" content=\"Suite Hai Ph\u00f2ng Ng\u1ee7 H\u01b0\u1edbng V\u01b0\u1eddn | Ana Mandara Cam Ranh\" \/>\n<meta property=\"og:description\" content=\"V\u1edbi di\u1ec7n t\u00edch 145 m\u00b2, Suite Hai Ph\u00f2ng Ng\u1ee7 H\u01b0\u1edbng V\u01b0\u1eddn s\u1edf h\u1eefu ban c\u00f4ng r\u1ed9ng l\u1edbn h\u01b0\u1edbng ra to\u00e0n c\u1ea3nh c\u00e1c khu v\u01b0\u1eddn nhi\u1ec7t \u0111\u1edbi.\" \/>\n<meta property=\"og:url\" content=\"https:\/\/anamandaracamranh.com\/vi\/rooms-suites-villas\/garden-two-bedroom-suite\/\" \/>\n<meta property=\"og:site_name\" content=\"Ana Mandara Cam Ranh Hotel\" \/>\n<meta property=\"article:modified_time\" content=\"2024-08-14T05:59:57+00:00\" \/>\n<meta property=\"og:image\" content=\"https:\/\/anamandaracamranh.com\/wp-content\/uploads\/sites\/254\/2023\/06\/ANA-MANDARA-CAM-RANH-Garden-Two-Bedroom-Suite.jpeg\" \/>\n\t<meta property=\"og:image:width\" content=\"2200\" \/>\n\t<meta property=\"og:image:height\" content=\"1466\" \/>\n\t<meta property=\"og:image:type\" content=\"image\/jpeg\" \/>\n<meta name=\"twitter:card\" content=\"summary_large_image\" \/>\n<meta name=\"twitter:label1\" content=\"Est. reading time\" \/>\n\t<meta name=\"twitter:data1\" content=\"1 minute\" \/>\n<script type=\"application\/ld+json\" class=\"yoast-schema-graph\">{\"@context\":\"https:\/\/schema.org\",\"@graph\":[{\"@type\":\"WebPage\",\"@id\":\"https:\/\/anamandaracamranh.com\/vi\/rooms-suites-villas\/garden-two-bedroom-suite\/\",\"url\":\"https:\/\/anamandaracamranh.com\/vi\/rooms-suites-villas\/garden-two-bedroom-suite\/\",\"name\":\"Suite Hai Ph\u00f2ng Ng\u1ee7 H\u01b0\u1edbng V\u01b0\u1eddn | Ana Mandara Cam Ranh\",\"isPartOf\":{\"@id\":\"https:\/\/anamandaracamranh.com\/vi\/#website\"},\"primaryImageOfPage\":{\"@id\":\"https:\/\/anamandaracamranh.com\/vi\/rooms-suites-villas\/garden-two-bedroom-suite\/#primaryimage\"},\"image\":{\"@id\":\"https:\/\/anamandaracamranh.com\/vi\/rooms-suites-villas\/garden-two-bedroom-suite\/#primaryimage\"},\"thumbnailUrl\":\"https:\/\/anamandaracamranh.com\/wp-content\/uploads\/sites\/254\/2023\/06\/ANA-MANDARA-CAM-RANH-Garden-Two-Bedroom-Suite.jpeg\",\"datePublished\":\"2022-09-09T02:17:59+00:00\",\"dateModified\":\"2024-08-14T05:59:57+00:00\",\"description\":\"V\u1edbi di\u1ec7n t\u00edch 145 m\u00b2, Suite Hai Ph\u00f2ng Ng\u1ee7 H\u01b0\u1edbng V\u01b0\u1eddn s\u1edf h\u1eefu ban c\u00f4ng r\u1ed9ng l\u1edbn h\u01b0\u1edbng ra to\u00e0n c\u1ea3nh c\u00e1c khu v\u01b0\u1eddn nhi\u1ec7t \u0111\u1edbi.\",\"breadcrumb\":{\"@id\":\"https:\/\/anamandaracamranh.com\/vi\/rooms-suites-villas\/garden-two-bedroom-suite\/#breadcrumb\"},\"inLanguage\":\"vi-VN\",\"potentialAction\":[{\"@type\":\"ReadAction\",\"target\":[\"https:\/\/anamandaracamranh.com\/vi\/rooms-suites-villas\/garden-two-bedroom-suite\/\"]}]},{\"@type\":\"ImageObject\",\"inLanguage\":\"vi-VN\",\"@id\":\"https:\/\/anamandaracamranh.com\/vi\/rooms-suites-villas\/garden-two-bedroom-suite\/#primaryimage\",\"url\":\"https:\/\/anamandaracamranh.com\/wp-content\/uploads\/sites\/254\/2023\/06\/ANA-MANDARA-CAM-RANH-Garden-Two-Bedroom-Suite.jpeg\",\"contentUrl\":\"https:\/\/anamandaracamranh.com\/wp-content\/uploads\/sites\/254\/2023\/06\/ANA-MANDARA-CAM-RANH-Garden-Two-Bedroom-Suite.jpeg\",\"width\":2200,\"height\":1466},{\"@type\":\"BreadcrumbList\",\"@id\":\"https:\/\/anamandaracamranh.com\/vi\/rooms-suites-villas\/garden-two-bedroom-suite\/#breadcrumb\",\"itemListElement\":[{\"@type\":\"ListItem\",\"position\":1,\"name\":\"Home\",\"item\":\"https:\/\/anamandaracamranh.com\/vi\/\"},{\"@type\":\"ListItem\",\"position\":2,\"name\":\"Ph\u00f2ng ngh\u1ec9\",\"item\":\"https:\/\/anamandaracamranh.com\/vi\/rooms-suites-villas\/\"},{\"@type\":\"ListItem\",\"position\":3,\"name\":\"Suite Hai Ph\u00f2ng Ng\u1ee7 H\u01b0\u1edbng V\u01b0\u1eddn\"}]},{\"@type\":\"WebSite\",\"@id\":\"https:\/\/anamandaracamranh.com\/vi\/#website\",\"url\":\"https:\/\/anamandaracamranh.com\/vi\/\",\"name\":\"Ana Mandara Cam Ranh Hotel\",\"description\":\"\",\"potentialAction\":[{\"@type\":\"SearchAction\",\"target\":{\"@type\":\"EntryPoint\",\"urlTemplate\":\"https:\/\/anamandaracamranh.com\/vi\/?s={search_term_string}\"},\"query-input\":\"required name=search_term_string\"}],\"inLanguage\":\"vi-VN\"}]}<\/script>\n<!-- \/ Yoast SEO plugin. -->","yoast_head_json":{"title":"Suite Hai Ph\u00f2ng Ng\u1ee7 H\u01b0\u1edbng V\u01b0\u1eddn | Ana Mandara Cam Ranh","description":"V\u1edbi di\u1ec7n t\u00edch 145 m\u00b2, Suite Hai Ph\u00f2ng Ng\u1ee7 H\u01b0\u1edbng V\u01b0\u1eddn s\u1edf h\u1eefu ban c\u00f4ng r\u1ed9ng l\u1edbn h\u01b0\u1edbng ra to\u00e0n c\u1ea3nh c\u00e1c khu v\u01b0\u1eddn nhi\u1ec7t \u0111\u1edbi.","robots":{"index":"index","follow":"follow","max-snippet":"max-snippet:-1","max-image-preview":"max-image-preview:large","max-video-preview":"max-video-preview:-1"},"canonical":"https:\/\/anamandaracamranh.com\/vi\/rooms-suites-villas\/garden-two-bedroom-suite\/","og_locale":"vi_VN","og_type":"article","og_title":"Suite Hai Ph\u00f2ng Ng\u1ee7 H\u01b0\u1edbng V\u01b0\u1eddn | Ana Mandara Cam Ranh","og_description":"V\u1edbi di\u1ec7n t\u00edch 145 m\u00b2, Suite Hai Ph\u00f2ng Ng\u1ee7 H\u01b0\u1edbng V\u01b0\u1eddn s\u1edf h\u1eefu ban c\u00f4ng r\u1ed9ng l\u1edbn h\u01b0\u1edbng ra to\u00e0n c\u1ea3nh c\u00e1c khu v\u01b0\u1eddn nhi\u1ec7t \u0111\u1edbi.","og_url":"https:\/\/anamandaracamranh.com\/vi\/rooms-suites-villas\/garden-two-bedroom-suite\/","og_site_name":"Ana Mandara Cam Ranh Hotel","article_modified_time":"2024-08-14T05:59:57+00:00","og_image":[{"width":2200,"height":1466,"url":"https:\/\/anamandaracamranh.com\/wp-content\/uploads\/sites\/254\/2023\/06\/ANA-MANDARA-CAM-RANH-Garden-Two-Bedroom-Suite.jpeg","type":"image\/jpeg"}],"twitter_card":"summary_large_image","twitter_misc":{"Est. reading time":"1 minute"},"schema":{"@context":"https:\/\/schema.org","@graph":[{"@type":"WebPage","@id":"https:\/\/anamandaracamranh.com\/vi\/rooms-suites-villas\/garden-two-bedroom-suite\/","url":"https:\/\/anamandaracamranh.com\/vi\/rooms-suites-villas\/garden-two-bedroom-suite\/","name":"Suite Hai Ph\u00f2ng Ng\u1ee7 H\u01b0\u1edbng V\u01b0\u1eddn | Ana Mandara Cam Ranh","isPartOf":{"@id":"https:\/\/anamandaracamranh.com\/vi\/#website"},"primaryImageOfPage":{"@id":"https:\/\/anamandaracamranh.com\/vi\/rooms-suites-villas\/garden-two-bedroom-suite\/#primaryimage"},"image":{"@id":"https:\/\/anamandaracamranh.com\/vi\/rooms-suites-villas\/garden-two-bedroom-suite\/#primaryimage"},"thumbnailUrl":"https:\/\/anamandaracamranh.com\/wp-content\/uploads\/sites\/254\/2023\/06\/ANA-MANDARA-CAM-RANH-Garden-Two-Bedroom-Suite.jpeg","datePublished":"2022-09-09T02:17:59+00:00","dateModified":"2024-08-14T05:59:57+00:00","description":"V\u1edbi di\u1ec7n t\u00edch 145 m\u00b2, Suite Hai Ph\u00f2ng Ng\u1ee7 H\u01b0\u1edbng V\u01b0\u1eddn s\u1edf h\u1eefu ban c\u00f4ng r\u1ed9ng l\u1edbn h\u01b0\u1edbng ra to\u00e0n c\u1ea3nh c\u00e1c khu v\u01b0\u1eddn nhi\u1ec7t \u0111\u1edbi.","breadcrumb":{"@id":"https:\/\/anamandaracamranh.com\/vi\/rooms-suites-villas\/garden-two-bedroom-suite\/#breadcrumb"},"inLanguage":"vi-VN","potentialAction":[{"@type":"ReadAction","target":["https:\/\/anamandaracamranh.com\/vi\/rooms-suites-villas\/garden-two-bedroom-suite\/"]}]},{"@type":"ImageObject","inLanguage":"vi-VN","@id":"https:\/\/anamandaracamranh.com\/vi\/rooms-suites-villas\/garden-two-bedroom-suite\/#primaryimage","url":"https:\/\/anamandaracamranh.com\/wp-content\/uploads\/sites\/254\/2023\/06\/ANA-MANDARA-CAM-RANH-Garden-Two-Bedroom-Suite.jpeg","contentUrl":"https:\/\/anamandaracamranh.com\/wp-content\/uploads\/sites\/254\/2023\/06\/ANA-MANDARA-CAM-RANH-Garden-Two-Bedroom-Suite.jpeg","width":2200,"height":1466},{"@type":"BreadcrumbList","@id":"https:\/\/anamandaracamranh.com\/vi\/rooms-suites-villas\/garden-two-bedroom-suite\/#breadcrumb","itemListElement":[{"@type":"ListItem","position":1,"name":"Home","item":"https:\/\/anamandaracamranh.com\/vi\/"},{"@type":"ListItem","position":2,"name":"Ph\u00f2ng ngh\u1ec9","item":"https:\/\/anamandaracamranh.com\/vi\/rooms-suites-villas\/"},{"@type":"ListItem","position":3,"name":"Suite Hai Ph\u00f2ng Ng\u1ee7 H\u01b0\u1edbng V\u01b0\u1eddn"}]},{"@type":"WebSite","@id":"https:\/\/anamandaracamranh.com\/vi\/#website","url":"https:\/\/anamandaracamranh.com\/vi\/","name":"Ana Mandara Cam Ranh Hotel","description":"","potentialAction":[{"@type":"SearchAction","target":{"@type":"EntryPoint","urlTemplate":"https:\/\/anamandaracamranh.com\/vi\/?s={search_term_string}"},"query-input":"required name=search_term_string"}],"inLanguage":"vi-VN"}]}},"_links":{"self":[{"href":"https:\/\/anamandaracamranh.com\/vi\/wp-json\/wp\/v2\/pages\/689"}],"collection":[{"href":"https:\/\/anamandaracamranh.com\/vi\/wp-json\/wp\/v2\/pages"}],"about":[{"href":"https:\/\/anamandaracamranh.com\/vi\/wp-json\/wp\/v2\/types\/page"}],"author":[{"embeddable":true,"href":"https:\/\/anamandaracamranh.com\/vi\/wp-json\/wp\/v2\/users\/368"}],"replies":[{"embeddable":true,"href":"https:\/\/anamandaracamranh.com\/vi\/wp-json\/wp\/v2\/comments?post=689"}],"version-history":[{"count":0,"href":"https:\/\/anamandaracamranh.com\/vi\/wp-json\/wp\/v2\/pages\/689\/revisions"}],"up":[{"embeddable":true,"href":"https:\/\/anamandaracamranh.com\/vi\/wp-json\/wp\/v2\/pages\/683"}],"wp:featuredmedia":[{"embeddable":true,"href":"https:\/\/anamandaracamranh.com\/vi\/wp-json\/wp\/v2\/media\/1295"}],"wp:attachment":[{"href":"https:\/\/anamandaracamranh.com\/vi\/wp-json\/wp\/v2\/media?parent=689"}],"wp:term":[{"taxonomy":"category","embeddable":true,"href":"https:\/\/anamandaracamranh.com\/vi\/wp-json\/wp\/v2\/categories?post=689"}],"curies":[{"name":"wp","href":"https:\/\/api.w.org\/{rel}","templated":true}]}}