{"id":687,"date":"2022-09-09T02:15:31","date_gmt":"2022-09-09T02:15:31","guid":{"rendered":"https:\/\/anamandaracamranh.com\/rooms-suites-villas\/garden-one-bedroom-suite\/"},"modified":"2024-08-14T05:54:37","modified_gmt":"2024-08-14T05:54:37","slug":"garden-one-bedroom-suite","status":"publish","type":"page","link":"https:\/\/anamandaracamranh.com\/vi\/rooms-suites-villas\/garden-one-bedroom-suite\/","title":{"rendered":"Suite M\u1ed9t Ph\u00f2ng Ng\u1ee7 H\u01b0\u1edbng V\u01b0\u1eddn"},"content":{"rendered":"<p><span data-sheets-value=\"{&quot;1&quot;:2,&quot;2&quot;:&quot;Ph\u00f2ng ngh\u1ec9 d\u01b0\u1ee1ng cao c\u1ea5p Garden One-Bedroom Suite r\u1ed9ng t\u1edbi 74m2, s\u1edf h\u1eefu ph\u00f2ng kh\u00e1ch r\u1ed9ng r\u00e3i v\u00e0 ban c\u00f4ng ri\u00eang t\u01b0 h\u01b0\u1edbng ra v\u01b0\u1eddn rau h\u1eefu c\u01a1. Ph\u00f2ng t\u1eafm li\u1ec1n k\u1ec1 v\u1edbi ph\u00f2ng ng\u1ee7, t\u00edch h\u1ee3p c\u00e1c ti\u1ec7n nghi h\u00e0ng \u0111\u1ea7u nh\u01b0 v\u00f2i sen, b\u1ed3n t\u1eafm v\u00e0 b\u1ed3n r\u1eeda \u0111\u00f4i l\u1edbn. \\n\\n\u0110\u01b0\u1ee3c thi\u1ebft k\u1ebf t\u1ed1i \u01b0u h\u00f3a t\u1ea7m nh\u00ecn b\u00ean d\u01b0\u1edbi, ph\u00f2ng ngh\u1ec9 d\u01b0\u1ee1ng cao c\u1ea5p \u0111\u1ea7y \u0111\u1ee7 ti\u1ec7n nghi n\u00e0y l\u00e0 n\u01a1i l\u00fd t\u01b0\u1edfng cho c\u00e1c c\u1eb7p \u0111\u00f4i t\u00ecm \u0111\u1ebfn, ho\u1eb7c cho nh\u1eefng du kh\u00e1ch ch\u1ec9 mu\u1ed1n t\u1eadn h\u01b0\u1edfng s\u1ef1 y\u00ean t\u0129nh ri\u00eang m\u00ecnh. Tho\u00e1t kh\u1ecfi s\u1ef1 h\u1ed1i h\u1ea3 b\u1ed9n b\u1ec1 c\u1ee7a cu\u1ed9c s\u1ed1ng th\u01b0\u1eddng nh\u1eadt, th\u01b0 th\u00e1i ng\u1ed3i b\u00ean s\u00e2n hi\u00ean ri\u00eang \u0111\u1ec3 ng\u1eafm nh\u00ecn quang c\u1ea3nh thi\u00ean nhi\u00ean v\u00e0 thanh \u00e2m du d\u01b0\u01a1ng c\u1ee7a B\u00e3i D\u00e0i th\u00ec c\u00f2n g\u00ec tuy\u1ec7t th\u00fa cho b\u1eb1ng. &quot;}\" data-sheets-userformat=\"{&quot;2&quot;:14847,&quot;3&quot;:{&quot;1&quot;:0,&quot;3&quot;:1},&quot;4&quot;:{&quot;1&quot;:2,&quot;2&quot;:16773836},&quot;5&quot;:{&quot;1&quot;:[{&quot;1&quot;:2,&quot;2&quot;:0,&quot;5&quot;:{&quot;1&quot;:0}},{&quot;1&quot;:0,&quot;2&quot;:0,&quot;3&quot;:3},{&quot;1&quot;:1,&quot;2&quot;:0,&quot;4&quot;:1}]},&quot;6&quot;:{&quot;1&quot;:[{&quot;1&quot;:2,&quot;2&quot;:0,&quot;5&quot;:{&quot;1&quot;:0}},{&quot;1&quot;:0,&quot;2&quot;:0,&quot;3&quot;:3},{&quot;1&quot;:1,&quot;2&quot;:0,&quot;4&quot;:1}]},&quot;7&quot;:{&quot;1&quot;:[{&quot;1&quot;:2,&quot;2&quot;:0,&quot;5&quot;:{&quot;1&quot;:0}},{&quot;1&quot;:0,&quot;2&quot;:0,&quot;3&quot;:3},{&quot;1&quot;:1,&quot;2&quot;:0,&quot;4&quot;:1}]},&quot;8&quot;:{&quot;1&quot;:[{&quot;1&quot;:2,&quot;2&quot;:0,&quot;5&quot;:{&quot;1&quot;:0}},{&quot;1&quot;:0,&quot;2&quot;:0,&quot;3&quot;:3},{&quot;1&quot;:1,&quot;2&quot;:0,&quot;4&quot;:1}]},&quot;9&quot;:0,&quot;10&quot;:1,&quot;11&quot;:4,&quot;14&quot;:{&quot;1&quot;:3,&quot;3&quot;:1},&quot;15&quot;:&quot;Montserrat&quot;,&quot;16&quot;:10}\">Ph\u00f2ng ngh\u1ec9 d\u01b0\u1ee1ng cao c\u1ea5p Garden One-Bedroom Suite r\u1ed9ng t\u1edbi 74m2, s\u1edf h\u1eefu ph\u00f2ng kh\u00e1ch r\u1ed9ng r\u00e3i v\u00e0 ban c\u00f4ng ri\u00eang t\u01b0 h\u01b0\u1edbng ra v\u01b0\u1eddn rau h\u1eefu c\u01a1. Ph\u00f2ng t\u1eafm li\u1ec1n k\u1ec1 v\u1edbi ph\u00f2ng ng\u1ee7, t\u00edch h\u1ee3p c\u00e1c ti\u1ec7n nghi h\u00e0ng \u0111\u1ea7u nh\u01b0 v\u00f2i sen, b\u1ed3n t\u1eafm v\u00e0 b\u1ed3n r\u1eeda \u0111\u00f4i l\u1edbn.<\/span><\/p>\n<p>\u0110\u01b0\u1ee3c thi\u1ebft k\u1ebf t\u1ed1i \u01b0u h\u00f3a t\u1ea7m nh\u00ecn b\u00ean d\u01b0\u1edbi, ph\u00f2ng ngh\u1ec9 d\u01b0\u1ee1ng cao c\u1ea5p \u0111\u1ea7y \u0111\u1ee7 ti\u1ec7n nghi n\u00e0y l\u00e0 n\u01a1i l\u00fd t\u01b0\u1edfng cho c\u00e1c c\u1eb7p \u0111\u00f4i t\u00ecm \u0111\u1ebfn, ho\u1eb7c cho nh\u1eefng du kh\u00e1ch ch\u1ec9 mu\u1ed1n t\u1eadn h\u01b0\u1edfng s\u1ef1 y\u00ean t\u0129nh ri\u00eang m\u00ecnh. Tho\u00e1t kh\u1ecfi s\u1ef1 h\u1ed1i h\u1ea3 b\u1ed9n b\u1ec1 c\u1ee7a cu\u1ed9c s\u1ed1ng th\u01b0\u1eddng nh\u1eadt, th\u01b0 th\u00e1i ng\u1ed3i b\u00ean s\u00e2n hi\u00ean ri\u00eang \u0111\u1ec3 ng\u1eafm nh\u00ecn quang c\u1ea3nh thi\u00ean nhi\u00ean v\u00e0 thanh \u00e2m du d\u01b0\u01a1ng c\u1ee7a B\u00e3i D\u00e0i th\u00ec c\u00f2n g\u00ec tuy\u1ec7t th\u00fa cho b\u1eb1ng.<\/p>\n","protected":false},"excerpt":{"rendered":"<p>Ph\u00f2ng ngh\u1ec9 d\u01b0\u1ee1ng cao c\u1ea5p Garden One-Bedroom Suite r\u1ed9ng t\u1edbi 74m2, s\u1edf h\u1eefu ph\u00f2ng kh\u00e1ch r\u1ed9ng r\u00e3i v\u00e0 ban c\u00f4ng ri\u00eang t\u01b0 h\u01b0\u1edbng ra v\u01b0\u1eddn rau h\u1eefu c\u01a1. Ph\u00f2ng t\u1eafm li\u1ec1n k\u1ec1 v\u1edbi ph\u00f2ng ng\u1ee7, t\u00edch h\u1ee3p c\u00e1c ti\u1ec7n nghi h\u00e0ng \u0111\u1ea7u nh\u01b0 v\u00f2i sen, b\u1ed3n t\u1eafm v\u00e0 b\u1ed3n r\u1eeda \u0111\u00f4i l\u1edbn. \u0110\u01b0\u1ee3c thi\u1ebft k\u1ebf [&hellip;]<\/p>\n","protected":false},"author":368,"featured_media":688,"parent":683,"menu_order":3,"comment_status":"closed","ping_status":"closed","template":"template-single-room.php","meta":{"footnotes":""},"categories":[],"acf":[],"yoast_head":"<!-- This site is optimized with the Yoast SEO plugin v22.3 - https:\/\/yoast.com\/wordpress\/plugins\/seo\/ -->\n<title>Suite M\u1ed9t Ph\u00f2ng Ng\u1ee7 H\u01b0\u1edbng V\u01b0\u1eddn | Ana Mandara Cam Ranh<\/title>\n<meta name=\"description\" content=\"Suite M\u1ed9t Ph\u00f2ng Ng\u1ee7 H\u01b0\u1edbng V\u01b0\u1eddn r\u1ed9ng 74m2 v\u1edbi ph\u00f2ng kh\u00e1ch r\u1ed9ng r\u00e3i v\u00e0 ban c\u00f4ng h\u01b0\u1edbng ra khu v\u01b0\u1eddn h\u1eefu c\u01a1.\" \/>\n<meta name=\"robots\" content=\"index, follow, max-snippet:-1, max-image-preview:large, max-video-preview:-1\" \/>\n<link rel=\"canonical\" href=\"https:\/\/anamandaracamranh.com\/vi\/rooms-suites-villas\/garden-one-bedroom-suite\/\" \/>\n<meta property=\"og:locale\" content=\"vi_VN\" \/>\n<meta property=\"og:type\" content=\"article\" \/>\n<meta property=\"og:title\" content=\"Suite M\u1ed9t Ph\u00f2ng Ng\u1ee7 H\u01b0\u1edbng V\u01b0\u1eddn | Ana Mandara Cam Ranh\" \/>\n<meta property=\"og:description\" content=\"Suite M\u1ed9t Ph\u00f2ng Ng\u1ee7 H\u01b0\u1edbng V\u01b0\u1eddn r\u1ed9ng 74m2 v\u1edbi ph\u00f2ng kh\u00e1ch r\u1ed9ng r\u00e3i v\u00e0 ban c\u00f4ng h\u01b0\u1edbng ra khu v\u01b0\u1eddn h\u1eefu c\u01a1.\" \/>\n<meta property=\"og:url\" content=\"https:\/\/anamandaracamranh.com\/vi\/rooms-suites-villas\/garden-one-bedroom-suite\/\" \/>\n<meta property=\"og:site_name\" content=\"Ana Mandara Cam Ranh Hotel\" \/>\n<meta property=\"article:modified_time\" content=\"2024-08-14T05:54:37+00:00\" \/>\n<meta property=\"og:image\" content=\"https:\/\/anamandaracamranh.com\/wp-content\/uploads\/sites\/254\/2022\/11\/ANA-MANDARA-CAM-RANH-Seaview-One-Bedroom-Suite2.jpg\" \/>\n\t<meta property=\"og:image:width\" content=\"2200\" \/>\n\t<meta property=\"og:image:height\" content=\"1466\" \/>\n\t<meta property=\"og:image:type\" content=\"image\/jpeg\" \/>\n<meta name=\"twitter:card\" content=\"summary_large_image\" \/>\n<meta name=\"twitter:label1\" content=\"Est. reading time\" \/>\n\t<meta name=\"twitter:data1\" content=\"1 minute\" \/>\n<script type=\"application\/ld+json\" class=\"yoast-schema-graph\">{\"@context\":\"https:\/\/schema.org\",\"@graph\":[{\"@type\":\"WebPage\",\"@id\":\"https:\/\/anamandaracamranh.com\/vi\/rooms-suites-villas\/garden-one-bedroom-suite\/\",\"url\":\"https:\/\/anamandaracamranh.com\/vi\/rooms-suites-villas\/garden-one-bedroom-suite\/\",\"name\":\"Suite M\u1ed9t Ph\u00f2ng Ng\u1ee7 H\u01b0\u1edbng V\u01b0\u1eddn | Ana Mandara Cam Ranh\",\"isPartOf\":{\"@id\":\"https:\/\/anamandaracamranh.com\/vi\/#website\"},\"primaryImageOfPage\":{\"@id\":\"https:\/\/anamandaracamranh.com\/vi\/rooms-suites-villas\/garden-one-bedroom-suite\/#primaryimage\"},\"image\":{\"@id\":\"https:\/\/anamandaracamranh.com\/vi\/rooms-suites-villas\/garden-one-bedroom-suite\/#primaryimage\"},\"thumbnailUrl\":\"https:\/\/anamandaracamranh.com\/wp-content\/uploads\/sites\/254\/2022\/11\/ANA-MANDARA-CAM-RANH-Seaview-One-Bedroom-Suite2.jpg\",\"datePublished\":\"2022-09-09T02:15:31+00:00\",\"dateModified\":\"2024-08-14T05:54:37+00:00\",\"description\":\"Suite M\u1ed9t Ph\u00f2ng Ng\u1ee7 H\u01b0\u1edbng V\u01b0\u1eddn r\u1ed9ng 74m2 v\u1edbi ph\u00f2ng kh\u00e1ch r\u1ed9ng r\u00e3i v\u00e0 ban c\u00f4ng h\u01b0\u1edbng ra khu v\u01b0\u1eddn h\u1eefu c\u01a1.\",\"breadcrumb\":{\"@id\":\"https:\/\/anamandaracamranh.com\/vi\/rooms-suites-villas\/garden-one-bedroom-suite\/#breadcrumb\"},\"inLanguage\":\"vi-VN\",\"potentialAction\":[{\"@type\":\"ReadAction\",\"target\":[\"https:\/\/anamandaracamranh.com\/vi\/rooms-suites-villas\/garden-one-bedroom-suite\/\"]}]},{\"@type\":\"ImageObject\",\"inLanguage\":\"vi-VN\",\"@id\":\"https:\/\/anamandaracamranh.com\/vi\/rooms-suites-villas\/garden-one-bedroom-suite\/#primaryimage\",\"url\":\"https:\/\/anamandaracamranh.com\/wp-content\/uploads\/sites\/254\/2022\/11\/ANA-MANDARA-CAM-RANH-Seaview-One-Bedroom-Suite2.jpg\",\"contentUrl\":\"https:\/\/anamandaracamranh.com\/wp-content\/uploads\/sites\/254\/2022\/11\/ANA-MANDARA-CAM-RANH-Seaview-One-Bedroom-Suite2.jpg\",\"width\":2200,\"height\":1466},{\"@type\":\"BreadcrumbList\",\"@id\":\"https:\/\/anamandaracamranh.com\/vi\/rooms-suites-villas\/garden-one-bedroom-suite\/#breadcrumb\",\"itemListElement\":[{\"@type\":\"ListItem\",\"position\":1,\"name\":\"Home\",\"item\":\"https:\/\/anamandaracamranh.com\/vi\/\"},{\"@type\":\"ListItem\",\"position\":2,\"name\":\"Ph\u00f2ng ngh\u1ec9\",\"item\":\"https:\/\/anamandaracamranh.com\/vi\/rooms-suites-villas\/\"},{\"@type\":\"ListItem\",\"position\":3,\"name\":\"Suite M\u1ed9t Ph\u00f2ng Ng\u1ee7 H\u01b0\u1edbng V\u01b0\u1eddn\"}]},{\"@type\":\"WebSite\",\"@id\":\"https:\/\/anamandaracamranh.com\/vi\/#website\",\"url\":\"https:\/\/anamandaracamranh.com\/vi\/\",\"name\":\"Ana Mandara Cam Ranh Hotel\",\"description\":\"\",\"potentialAction\":[{\"@type\":\"SearchAction\",\"target\":{\"@type\":\"EntryPoint\",\"urlTemplate\":\"https:\/\/anamandaracamranh.com\/vi\/?s={search_term_string}\"},\"query-input\":\"required name=search_term_string\"}],\"inLanguage\":\"vi-VN\"}]}<\/script>\n<!-- \/ Yoast SEO plugin. -->","yoast_head_json":{"title":"Suite M\u1ed9t Ph\u00f2ng Ng\u1ee7 H\u01b0\u1edbng V\u01b0\u1eddn | Ana Mandara Cam Ranh","description":"Suite M\u1ed9t Ph\u00f2ng Ng\u1ee7 H\u01b0\u1edbng V\u01b0\u1eddn r\u1ed9ng 74m2 v\u1edbi ph\u00f2ng kh\u00e1ch r\u1ed9ng r\u00e3i v\u00e0 ban c\u00f4ng h\u01b0\u1edbng ra khu v\u01b0\u1eddn h\u1eefu c\u01a1.","robots":{"index":"index","follow":"follow","max-snippet":"max-snippet:-1","max-image-preview":"max-image-preview:large","max-video-preview":"max-video-preview:-1"},"canonical":"https:\/\/anamandaracamranh.com\/vi\/rooms-suites-villas\/garden-one-bedroom-suite\/","og_locale":"vi_VN","og_type":"article","og_title":"Suite M\u1ed9t Ph\u00f2ng Ng\u1ee7 H\u01b0\u1edbng V\u01b0\u1eddn | Ana Mandara Cam Ranh","og_description":"Suite M\u1ed9t Ph\u00f2ng Ng\u1ee7 H\u01b0\u1edbng V\u01b0\u1eddn r\u1ed9ng 74m2 v\u1edbi ph\u00f2ng kh\u00e1ch r\u1ed9ng r\u00e3i v\u00e0 ban c\u00f4ng h\u01b0\u1edbng ra khu v\u01b0\u1eddn h\u1eefu c\u01a1.","og_url":"https:\/\/anamandaracamranh.com\/vi\/rooms-suites-villas\/garden-one-bedroom-suite\/","og_site_name":"Ana Mandara Cam Ranh Hotel","article_modified_time":"2024-08-14T05:54:37+00:00","og_image":[{"width":2200,"height":1466,"url":"https:\/\/anamandaracamranh.com\/wp-content\/uploads\/sites\/254\/2022\/11\/ANA-MANDARA-CAM-RANH-Seaview-One-Bedroom-Suite2.jpg","type":"image\/jpeg"}],"twitter_card":"summary_large_image","twitter_misc":{"Est. reading time":"1 minute"},"schema":{"@context":"https:\/\/schema.org","@graph":[{"@type":"WebPage","@id":"https:\/\/anamandaracamranh.com\/vi\/rooms-suites-villas\/garden-one-bedroom-suite\/","url":"https:\/\/anamandaracamranh.com\/vi\/rooms-suites-villas\/garden-one-bedroom-suite\/","name":"Suite M\u1ed9t Ph\u00f2ng Ng\u1ee7 H\u01b0\u1edbng V\u01b0\u1eddn | Ana Mandara Cam Ranh","isPartOf":{"@id":"https:\/\/anamandaracamranh.com\/vi\/#website"},"primaryImageOfPage":{"@id":"https:\/\/anamandaracamranh.com\/vi\/rooms-suites-villas\/garden-one-bedroom-suite\/#primaryimage"},"image":{"@id":"https:\/\/anamandaracamranh.com\/vi\/rooms-suites-villas\/garden-one-bedroom-suite\/#primaryimage"},"thumbnailUrl":"https:\/\/anamandaracamranh.com\/wp-content\/uploads\/sites\/254\/2022\/11\/ANA-MANDARA-CAM-RANH-Seaview-One-Bedroom-Suite2.jpg","datePublished":"2022-09-09T02:15:31+00:00","dateModified":"2024-08-14T05:54:37+00:00","description":"Suite M\u1ed9t Ph\u00f2ng Ng\u1ee7 H\u01b0\u1edbng V\u01b0\u1eddn r\u1ed9ng 74m2 v\u1edbi ph\u00f2ng kh\u00e1ch r\u1ed9ng r\u00e3i v\u00e0 ban c\u00f4ng h\u01b0\u1edbng ra khu v\u01b0\u1eddn h\u1eefu c\u01a1.","breadcrumb":{"@id":"https:\/\/anamandaracamranh.com\/vi\/rooms-suites-villas\/garden-one-bedroom-suite\/#breadcrumb"},"inLanguage":"vi-VN","potentialAction":[{"@type":"ReadAction","target":["https:\/\/anamandaracamranh.com\/vi\/rooms-suites-villas\/garden-one-bedroom-suite\/"]}]},{"@type":"ImageObject","inLanguage":"vi-VN","@id":"https:\/\/anamandaracamranh.com\/vi\/rooms-suites-villas\/garden-one-bedroom-suite\/#primaryimage","url":"https:\/\/anamandaracamranh.com\/wp-content\/uploads\/sites\/254\/2022\/11\/ANA-MANDARA-CAM-RANH-Seaview-One-Bedroom-Suite2.jpg","contentUrl":"https:\/\/anamandaracamranh.com\/wp-content\/uploads\/sites\/254\/2022\/11\/ANA-MANDARA-CAM-RANH-Seaview-One-Bedroom-Suite2.jpg","width":2200,"height":1466},{"@type":"BreadcrumbList","@id":"https:\/\/anamandaracamranh.com\/vi\/rooms-suites-villas\/garden-one-bedroom-suite\/#breadcrumb","itemListElement":[{"@type":"ListItem","position":1,"name":"Home","item":"https:\/\/anamandaracamranh.com\/vi\/"},{"@type":"ListItem","position":2,"name":"Ph\u00f2ng ngh\u1ec9","item":"https:\/\/anamandaracamranh.com\/vi\/rooms-suites-villas\/"},{"@type":"ListItem","position":3,"name":"Suite M\u1ed9t Ph\u00f2ng Ng\u1ee7 H\u01b0\u1edbng V\u01b0\u1eddn"}]},{"@type":"WebSite","@id":"https:\/\/anamandaracamranh.com\/vi\/#website","url":"https:\/\/anamandaracamranh.com\/vi\/","name":"Ana Mandara Cam Ranh Hotel","description":"","potentialAction":[{"@type":"SearchAction","target":{"@type":"EntryPoint","urlTemplate":"https:\/\/anamandaracamranh.com\/vi\/?s={search_term_string}"},"query-input":"required name=search_term_string"}],"inLanguage":"vi-VN"}]}},"_links":{"self":[{"href":"https:\/\/anamandaracamranh.com\/vi\/wp-json\/wp\/v2\/pages\/687"}],"collection":[{"href":"https:\/\/anamandaracamranh.com\/vi\/wp-json\/wp\/v2\/pages"}],"about":[{"href":"https:\/\/anamandaracamranh.com\/vi\/wp-json\/wp\/v2\/types\/page"}],"author":[{"embeddable":true,"href":"https:\/\/anamandaracamranh.com\/vi\/wp-json\/wp\/v2\/users\/368"}],"replies":[{"embeddable":true,"href":"https:\/\/anamandaracamranh.com\/vi\/wp-json\/wp\/v2\/comments?post=687"}],"version-history":[{"count":0,"href":"https:\/\/anamandaracamranh.com\/vi\/wp-json\/wp\/v2\/pages\/687\/revisions"}],"up":[{"embeddable":true,"href":"https:\/\/anamandaracamranh.com\/vi\/wp-json\/wp\/v2\/pages\/683"}],"wp:featuredmedia":[{"embeddable":true,"href":"https:\/\/anamandaracamranh.com\/vi\/wp-json\/wp\/v2\/media\/688"}],"wp:attachment":[{"href":"https:\/\/anamandaracamranh.com\/vi\/wp-json\/wp\/v2\/media?parent=687"}],"wp:term":[{"taxonomy":"category","embeddable":true,"href":"https:\/\/anamandaracamranh.com\/vi\/wp-json\/wp\/v2\/categories?post=687"}],"curies":[{"name":"wp","href":"https:\/\/api.w.org\/{rel}","templated":true}]}}