{"id":685,"date":"2022-09-09T02:07:28","date_gmt":"2022-09-09T02:07:28","guid":{"rendered":"https:\/\/anamandaracamranh.com\/rooms-suites-villas\/studio-seaview\/"},"modified":"2023-06-22T09:06:17","modified_gmt":"2023-06-22T09:06:17","slug":"deluxe-huong-bien","status":"publish","type":"page","link":"https:\/\/anamandaracamranh.com\/vi\/rooms-suites-villas\/deluxe-huong-bien\/","title":{"rendered":"Deluxe H\u01b0\u1edbng Bi\u1ec3n"},"content":{"rendered":"<p><span data-sheets-value=\"{&quot;1&quot;:2,&quot;2&quot;:&quot;M\u1ed7i ph\u00f2ng thu\u1ed9c chu\u1ed7i Seaview Studio c\u1ee7a Ana Mandara Cam Ranh \u0111\u1ec1u c\u00f3 t\u1ea7m nh\u00ecn bao qu\u00e1t, cho b\u1ea1n th\u1ecfa s\u1ee9c ng\u1eafm nh\u00ecn b\u00e3i c\u00e1t k\u00e9o d\u00e0i nh\u01b0 v\u00f4 t\u1eadn c\u1ee7a B\u00e3i D\u00e0i, mang \u0111\u1ebfn m\u1ed9t phong c\u1ea3nh t\u1ef1 nhi\u00ean tuy\u1ec7t v\u1eddi khi th\u1ee9c d\u1eady m\u1ed7i s\u1edbm mai. \\n\\nSeaview Studio k\u1ebft h\u1ee3p ph\u00f2ng ng\u1ee7 v\u00e0 khu v\u1ef1c sinh ho\u1ea1t chung c\u00f3 phong c\u00e1ch thi\u1ebft k\u1ebf n\u1ed9i th\u1ea5t t\u00f4ng g\u1ed7 \u1ea5m \u00e1p. H\u1ec7 th\u1ed1ng c\u1eeda tr\u01b0\u1ee3t su\u1ed1t t\u1eeb tr\u1ea7n \u0111\u1ebfn s\u00e0n gi\u00fap m\u1edf r\u1ed9ng g\u00f3c nh\u00ecn t\u1eeb ph\u00f2ng t\u1eafm thi\u1ebft k\u1ebf theo kh\u00f4ng gian m\u1edf. Ban c\u00f4ng ri\u00eang nh\u00ecn ra \u1ed1c \u0111\u1ea3o s\u00e2n v\u01b0\u1eddn tuy\u1ec7t \u0111\u1eb9p, mang \u0111\u1ebfn c\u1ea3m gi\u00e1c th\u01b0 th\u00e1i v\u00e0 \u0111\u1ea3m b\u1ea3o kho\u1ea3ng th\u1eddi gian y\u00ean t\u0129nh v\u00e0 thanh b\u00ecnh trong su\u1ed1t k\u1ef3 ngh\u1ec9 c\u1ee7a b\u1ea1n. &quot;}\" data-sheets-userformat=\"{&quot;2&quot;:14847,&quot;3&quot;:{&quot;1&quot;:0,&quot;3&quot;:1},&quot;4&quot;:{&quot;1&quot;:2,&quot;2&quot;:16750848},&quot;5&quot;:{&quot;1&quot;:[{&quot;1&quot;:2,&quot;2&quot;:0,&quot;5&quot;:{&quot;1&quot;:0}},{&quot;1&quot;:0,&quot;2&quot;:0,&quot;3&quot;:3},{&quot;1&quot;:1,&quot;2&quot;:0,&quot;4&quot;:1}]},&quot;6&quot;:{&quot;1&quot;:[{&quot;1&quot;:2,&quot;2&quot;:0,&quot;5&quot;:{&quot;1&quot;:0}},{&quot;1&quot;:0,&quot;2&quot;:0,&quot;3&quot;:3},{&quot;1&quot;:1,&quot;2&quot;:0,&quot;4&quot;:1}]},&quot;7&quot;:{&quot;1&quot;:[{&quot;1&quot;:2,&quot;2&quot;:0,&quot;5&quot;:{&quot;1&quot;:0}},{&quot;1&quot;:0,&quot;2&quot;:0,&quot;3&quot;:3},{&quot;1&quot;:1,&quot;2&quot;:0,&quot;4&quot;:1}]},&quot;8&quot;:{&quot;1&quot;:[{&quot;1&quot;:2,&quot;2&quot;:0,&quot;5&quot;:{&quot;1&quot;:0}},{&quot;1&quot;:0,&quot;2&quot;:0,&quot;3&quot;:3},{&quot;1&quot;:1,&quot;2&quot;:0,&quot;4&quot;:1}]},&quot;9&quot;:0,&quot;10&quot;:1,&quot;11&quot;:4,&quot;14&quot;:{&quot;1&quot;:3,&quot;3&quot;:1},&quot;15&quot;:&quot;Montserrat&quot;,&quot;16&quot;:10}\">M\u1ed7i ph\u00f2ng thu\u1ed9c chu\u1ed7i Deluxe H\u01b0\u1edbng Bi\u1ec3n c\u1ee7a Ana Mandara Cam Ranh \u0111\u1ec1u c\u00f3 t\u1ea7m nh\u00ecn bao qu\u00e1t, cho b\u1ea1n th\u1ecfa s\u1ee9c ng\u1eafm nh\u00ecn b\u00e3i c\u00e1t k\u00e9o d\u00e0i nh\u01b0 v\u00f4 t\u1eadn c\u1ee7a B\u00e3i D\u00e0i, mang \u0111\u1ebfn m\u1ed9t phong c\u1ea3nh t\u1ef1 nhi\u00ean tuy\u1ec7t v\u1eddi khi th\u1ee9c d\u1eady m\u1ed7i s\u1edbm mai.<\/p>\n<p>Deluxe H\u01b0\u1edbng Bi\u1ec3n k\u1ebft h\u1ee3p ph\u00f2ng ng\u1ee7 v\u00e0 khu v\u1ef1c sinh ho\u1ea1t chung c\u00f3 phong c\u00e1ch thi\u1ebft k\u1ebf n\u1ed9i th\u1ea5t t\u00f4ng g\u1ed7 \u1ea5m \u00e1p. H\u1ec7 th\u1ed1ng c\u1eeda tr\u01b0\u1ee3t su\u1ed1t t\u1eeb tr\u1ea7n \u0111\u1ebfn s\u00e0n gi\u00fap m\u1edf r\u1ed9ng g\u00f3c nh\u00ecn t\u1eeb ph\u00f2ng t\u1eafm thi\u1ebft k\u1ebf theo kh\u00f4ng gian m\u1edf. Ban c\u00f4ng ri\u00eang nh\u00ecn ra \u1ed1c \u0111\u1ea3o s\u00e2n v\u01b0\u1eddn tuy\u1ec7t \u0111\u1eb9p, mang \u0111\u1ebfn c\u1ea3m gi\u00e1c th\u01b0 th\u00e1i v\u00e0 \u0111\u1ea3m b\u1ea3o kho\u1ea3ng th\u1eddi gian y\u00ean t\u0129nh v\u00e0 thanh b\u00ecnh trong su\u1ed1t k\u1ef3 ngh\u1ec9 c\u1ee7a b\u1ea1n. <\/span><\/p>\n","protected":false},"excerpt":{"rendered":"<p>M\u1ed7i ph\u00f2ng thu\u1ed9c chu\u1ed7i Deluxe H\u01b0\u1edbng Bi\u1ec3n c\u1ee7a Ana Mandara Cam Ranh \u0111\u1ec1u c\u00f3 t\u1ea7m nh\u00ecn bao qu\u00e1t, cho b\u1ea1n th\u1ecfa s\u1ee9c ng\u1eafm nh\u00ecn b\u00e3i c\u00e1t k\u00e9o d\u00e0i nh\u01b0 v\u00f4 t\u1eadn c\u1ee7a B\u00e3i D\u00e0i, mang \u0111\u1ebfn m\u1ed9t phong c\u1ea3nh t\u1ef1 nhi\u00ean tuy\u1ec7t v\u1eddi khi th\u1ee9c d\u1eady m\u1ed7i s\u1edbm mai. Deluxe H\u01b0\u1edbng Bi\u1ec3n k\u1ebft h\u1ee3p ph\u00f2ng [&hellip;]<\/p>\n","protected":false},"author":368,"featured_media":1260,"parent":683,"menu_order":2,"comment_status":"closed","ping_status":"closed","template":"template-single-room.php","meta":{"footnotes":""},"categories":[],"acf":[],"yoast_head":"<!-- This site is optimized with the Yoast SEO plugin v22.3 - https:\/\/yoast.com\/wordpress\/plugins\/seo\/ -->\n<title>Deluxe H\u01b0\u1edbng Bi\u1ec3n - Ana Mandara Cam Ranh Hotel<\/title>\n<meta name=\"description\" content=\"Ph\u00f2ng Deluxe Seaview c\u00f3 di\u1ec7n t\u00edch 56m2, ban c\u00f4ng h\u01b0\u1edbng bi\u1ec3n, b\u1ed3n t\u1eafm n\u1eb1m, ph\u00f2ng t\u1eafm \u0111\u1ee9ng v\u1edbi v\u00f2i sen m\u01b0a v\u00e0 b\u00e0n r\u1eeda m\u1eb7t \u0111\u00f4i.\" \/>\n<meta name=\"robots\" content=\"index, follow, max-snippet:-1, max-image-preview:large, max-video-preview:-1\" \/>\n<link rel=\"canonical\" href=\"https:\/\/anamandaracamranh.com\/vi\/rooms-suites-villas\/deluxe-huong-bien\/\" \/>\n<meta property=\"og:locale\" content=\"vi_VN\" \/>\n<meta property=\"og:type\" content=\"article\" \/>\n<meta property=\"og:title\" content=\"Deluxe H\u01b0\u1edbng Bi\u1ec3n - Ana Mandara Cam Ranh Hotel\" \/>\n<meta property=\"og:description\" content=\"Ph\u00f2ng Deluxe Seaview c\u00f3 di\u1ec7n t\u00edch 56m2, ban c\u00f4ng h\u01b0\u1edbng bi\u1ec3n, b\u1ed3n t\u1eafm n\u1eb1m, ph\u00f2ng t\u1eafm \u0111\u1ee9ng v\u1edbi v\u00f2i sen m\u01b0a v\u00e0 b\u00e0n r\u1eeda m\u1eb7t \u0111\u00f4i.\" \/>\n<meta property=\"og:url\" content=\"https:\/\/anamandaracamranh.com\/vi\/rooms-suites-villas\/deluxe-huong-bien\/\" \/>\n<meta property=\"og:site_name\" content=\"Ana Mandara Cam Ranh Hotel\" \/>\n<meta property=\"article:modified_time\" content=\"2023-06-22T09:06:17+00:00\" \/>\n<meta property=\"og:image\" content=\"https:\/\/anamandaracamranh.com\/wp-content\/uploads\/sites\/254\/2023\/06\/ANA-MANDARA-CAM-RANH-Seaview-Studio-room3.jpg\" \/>\n\t<meta property=\"og:image:width\" content=\"2200\" \/>\n\t<meta property=\"og:image:height\" content=\"1466\" \/>\n\t<meta property=\"og:image:type\" content=\"image\/jpeg\" \/>\n<meta name=\"twitter:card\" content=\"summary_large_image\" \/>\n<meta name=\"twitter:label1\" content=\"Est. reading time\" \/>\n\t<meta name=\"twitter:data1\" content=\"1 minute\" \/>\n<script type=\"application\/ld+json\" class=\"yoast-schema-graph\">{\"@context\":\"https:\/\/schema.org\",\"@graph\":[{\"@type\":\"WebPage\",\"@id\":\"https:\/\/anamandaracamranh.com\/vi\/rooms-suites-villas\/deluxe-huong-bien\/\",\"url\":\"https:\/\/anamandaracamranh.com\/vi\/rooms-suites-villas\/deluxe-huong-bien\/\",\"name\":\"Deluxe H\u01b0\u1edbng Bi\u1ec3n - Ana Mandara Cam Ranh Hotel\",\"isPartOf\":{\"@id\":\"https:\/\/anamandaracamranh.com\/vi\/#website\"},\"primaryImageOfPage\":{\"@id\":\"https:\/\/anamandaracamranh.com\/vi\/rooms-suites-villas\/deluxe-huong-bien\/#primaryimage\"},\"image\":{\"@id\":\"https:\/\/anamandaracamranh.com\/vi\/rooms-suites-villas\/deluxe-huong-bien\/#primaryimage\"},\"thumbnailUrl\":\"https:\/\/anamandaracamranh.com\/wp-content\/uploads\/sites\/254\/2023\/06\/ANA-MANDARA-CAM-RANH-Seaview-Studio-room3.jpg\",\"datePublished\":\"2022-09-09T02:07:28+00:00\",\"dateModified\":\"2023-06-22T09:06:17+00:00\",\"description\":\"Ph\u00f2ng Deluxe Seaview c\u00f3 di\u1ec7n t\u00edch 56m2, ban c\u00f4ng h\u01b0\u1edbng bi\u1ec3n, b\u1ed3n t\u1eafm n\u1eb1m, ph\u00f2ng t\u1eafm \u0111\u1ee9ng v\u1edbi v\u00f2i sen m\u01b0a v\u00e0 b\u00e0n r\u1eeda m\u1eb7t \u0111\u00f4i.\",\"breadcrumb\":{\"@id\":\"https:\/\/anamandaracamranh.com\/vi\/rooms-suites-villas\/deluxe-huong-bien\/#breadcrumb\"},\"inLanguage\":\"vi-VN\",\"potentialAction\":[{\"@type\":\"ReadAction\",\"target\":[\"https:\/\/anamandaracamranh.com\/vi\/rooms-suites-villas\/deluxe-huong-bien\/\"]}]},{\"@type\":\"ImageObject\",\"inLanguage\":\"vi-VN\",\"@id\":\"https:\/\/anamandaracamranh.com\/vi\/rooms-suites-villas\/deluxe-huong-bien\/#primaryimage\",\"url\":\"https:\/\/anamandaracamranh.com\/wp-content\/uploads\/sites\/254\/2023\/06\/ANA-MANDARA-CAM-RANH-Seaview-Studio-room3.jpg\",\"contentUrl\":\"https:\/\/anamandaracamranh.com\/wp-content\/uploads\/sites\/254\/2023\/06\/ANA-MANDARA-CAM-RANH-Seaview-Studio-room3.jpg\",\"width\":2200,\"height\":1466},{\"@type\":\"BreadcrumbList\",\"@id\":\"https:\/\/anamandaracamranh.com\/vi\/rooms-suites-villas\/deluxe-huong-bien\/#breadcrumb\",\"itemListElement\":[{\"@type\":\"ListItem\",\"position\":1,\"name\":\"Home\",\"item\":\"https:\/\/anamandaracamranh.com\/vi\/\"},{\"@type\":\"ListItem\",\"position\":2,\"name\":\"Ph\u00f2ng ngh\u1ec9\",\"item\":\"https:\/\/anamandaracamranh.com\/vi\/rooms-suites-villas\/\"},{\"@type\":\"ListItem\",\"position\":3,\"name\":\"Deluxe H\u01b0\u1edbng Bi\u1ec3n\"}]},{\"@type\":\"WebSite\",\"@id\":\"https:\/\/anamandaracamranh.com\/vi\/#website\",\"url\":\"https:\/\/anamandaracamranh.com\/vi\/\",\"name\":\"Ana Mandara Cam Ranh Hotel\",\"description\":\"\",\"potentialAction\":[{\"@type\":\"SearchAction\",\"target\":{\"@type\":\"EntryPoint\",\"urlTemplate\":\"https:\/\/anamandaracamranh.com\/vi\/?s={search_term_string}\"},\"query-input\":\"required name=search_term_string\"}],\"inLanguage\":\"vi-VN\"}]}<\/script>\n<!-- \/ Yoast SEO plugin. -->","yoast_head_json":{"title":"Deluxe H\u01b0\u1edbng Bi\u1ec3n - Ana Mandara Cam Ranh Hotel","description":"Ph\u00f2ng Deluxe Seaview c\u00f3 di\u1ec7n t\u00edch 56m2, ban c\u00f4ng h\u01b0\u1edbng bi\u1ec3n, b\u1ed3n t\u1eafm n\u1eb1m, ph\u00f2ng t\u1eafm \u0111\u1ee9ng v\u1edbi v\u00f2i sen m\u01b0a v\u00e0 b\u00e0n r\u1eeda m\u1eb7t \u0111\u00f4i.","robots":{"index":"index","follow":"follow","max-snippet":"max-snippet:-1","max-image-preview":"max-image-preview:large","max-video-preview":"max-video-preview:-1"},"canonical":"https:\/\/anamandaracamranh.com\/vi\/rooms-suites-villas\/deluxe-huong-bien\/","og_locale":"vi_VN","og_type":"article","og_title":"Deluxe H\u01b0\u1edbng Bi\u1ec3n - Ana Mandara Cam Ranh Hotel","og_description":"Ph\u00f2ng Deluxe Seaview c\u00f3 di\u1ec7n t\u00edch 56m2, ban c\u00f4ng h\u01b0\u1edbng bi\u1ec3n, b\u1ed3n t\u1eafm n\u1eb1m, ph\u00f2ng t\u1eafm \u0111\u1ee9ng v\u1edbi v\u00f2i sen m\u01b0a v\u00e0 b\u00e0n r\u1eeda m\u1eb7t \u0111\u00f4i.","og_url":"https:\/\/anamandaracamranh.com\/vi\/rooms-suites-villas\/deluxe-huong-bien\/","og_site_name":"Ana Mandara Cam Ranh Hotel","article_modified_time":"2023-06-22T09:06:17+00:00","og_image":[{"width":2200,"height":1466,"url":"https:\/\/anamandaracamranh.com\/wp-content\/uploads\/sites\/254\/2023\/06\/ANA-MANDARA-CAM-RANH-Seaview-Studio-room3.jpg","type":"image\/jpeg"}],"twitter_card":"summary_large_image","twitter_misc":{"Est. reading time":"1 minute"},"schema":{"@context":"https:\/\/schema.org","@graph":[{"@type":"WebPage","@id":"https:\/\/anamandaracamranh.com\/vi\/rooms-suites-villas\/deluxe-huong-bien\/","url":"https:\/\/anamandaracamranh.com\/vi\/rooms-suites-villas\/deluxe-huong-bien\/","name":"Deluxe H\u01b0\u1edbng Bi\u1ec3n - Ana Mandara Cam Ranh Hotel","isPartOf":{"@id":"https:\/\/anamandaracamranh.com\/vi\/#website"},"primaryImageOfPage":{"@id":"https:\/\/anamandaracamranh.com\/vi\/rooms-suites-villas\/deluxe-huong-bien\/#primaryimage"},"image":{"@id":"https:\/\/anamandaracamranh.com\/vi\/rooms-suites-villas\/deluxe-huong-bien\/#primaryimage"},"thumbnailUrl":"https:\/\/anamandaracamranh.com\/wp-content\/uploads\/sites\/254\/2023\/06\/ANA-MANDARA-CAM-RANH-Seaview-Studio-room3.jpg","datePublished":"2022-09-09T02:07:28+00:00","dateModified":"2023-06-22T09:06:17+00:00","description":"Ph\u00f2ng Deluxe Seaview c\u00f3 di\u1ec7n t\u00edch 56m2, ban c\u00f4ng h\u01b0\u1edbng bi\u1ec3n, b\u1ed3n t\u1eafm n\u1eb1m, ph\u00f2ng t\u1eafm \u0111\u1ee9ng v\u1edbi v\u00f2i sen m\u01b0a v\u00e0 b\u00e0n r\u1eeda m\u1eb7t \u0111\u00f4i.","breadcrumb":{"@id":"https:\/\/anamandaracamranh.com\/vi\/rooms-suites-villas\/deluxe-huong-bien\/#breadcrumb"},"inLanguage":"vi-VN","potentialAction":[{"@type":"ReadAction","target":["https:\/\/anamandaracamranh.com\/vi\/rooms-suites-villas\/deluxe-huong-bien\/"]}]},{"@type":"ImageObject","inLanguage":"vi-VN","@id":"https:\/\/anamandaracamranh.com\/vi\/rooms-suites-villas\/deluxe-huong-bien\/#primaryimage","url":"https:\/\/anamandaracamranh.com\/wp-content\/uploads\/sites\/254\/2023\/06\/ANA-MANDARA-CAM-RANH-Seaview-Studio-room3.jpg","contentUrl":"https:\/\/anamandaracamranh.com\/wp-content\/uploads\/sites\/254\/2023\/06\/ANA-MANDARA-CAM-RANH-Seaview-Studio-room3.jpg","width":2200,"height":1466},{"@type":"BreadcrumbList","@id":"https:\/\/anamandaracamranh.com\/vi\/rooms-suites-villas\/deluxe-huong-bien\/#breadcrumb","itemListElement":[{"@type":"ListItem","position":1,"name":"Home","item":"https:\/\/anamandaracamranh.com\/vi\/"},{"@type":"ListItem","position":2,"name":"Ph\u00f2ng ngh\u1ec9","item":"https:\/\/anamandaracamranh.com\/vi\/rooms-suites-villas\/"},{"@type":"ListItem","position":3,"name":"Deluxe H\u01b0\u1edbng Bi\u1ec3n"}]},{"@type":"WebSite","@id":"https:\/\/anamandaracamranh.com\/vi\/#website","url":"https:\/\/anamandaracamranh.com\/vi\/","name":"Ana Mandara Cam Ranh Hotel","description":"","potentialAction":[{"@type":"SearchAction","target":{"@type":"EntryPoint","urlTemplate":"https:\/\/anamandaracamranh.com\/vi\/?s={search_term_string}"},"query-input":"required name=search_term_string"}],"inLanguage":"vi-VN"}]}},"_links":{"self":[{"href":"https:\/\/anamandaracamranh.com\/vi\/wp-json\/wp\/v2\/pages\/685"}],"collection":[{"href":"https:\/\/anamandaracamranh.com\/vi\/wp-json\/wp\/v2\/pages"}],"about":[{"href":"https:\/\/anamandaracamranh.com\/vi\/wp-json\/wp\/v2\/types\/page"}],"author":[{"embeddable":true,"href":"https:\/\/anamandaracamranh.com\/vi\/wp-json\/wp\/v2\/users\/368"}],"replies":[{"embeddable":true,"href":"https:\/\/anamandaracamranh.com\/vi\/wp-json\/wp\/v2\/comments?post=685"}],"version-history":[{"count":0,"href":"https:\/\/anamandaracamranh.com\/vi\/wp-json\/wp\/v2\/pages\/685\/revisions"}],"up":[{"embeddable":true,"href":"https:\/\/anamandaracamranh.com\/vi\/wp-json\/wp\/v2\/pages\/683"}],"wp:featuredmedia":[{"embeddable":true,"href":"https:\/\/anamandaracamranh.com\/vi\/wp-json\/wp\/v2\/media\/1260"}],"wp:attachment":[{"href":"https:\/\/anamandaracamranh.com\/vi\/wp-json\/wp\/v2\/media?parent=685"}],"wp:term":[{"taxonomy":"category","embeddable":true,"href":"https:\/\/anamandaracamranh.com\/vi\/wp-json\/wp\/v2\/categories?post=685"}],"curies":[{"name":"wp","href":"https:\/\/api.w.org\/{rel}","templated":true}]}}