{"id":684,"date":"2022-09-09T01:53:48","date_gmt":"2022-09-09T01:53:48","guid":{"rendered":"https:\/\/anamandaracamranh.com\/rooms-suites-villas\/studio-garden-view\/"},"modified":"2023-10-24T09:02:27","modified_gmt":"2023-10-24T09:02:27","slug":"deluxe-huong-vuon","status":"publish","type":"page","link":"https:\/\/anamandaracamranh.com\/vi\/rooms-suites-villas\/deluxe-huong-vuon\/","title":{"rendered":"Deluxe H\u01b0\u1edbng V\u01b0\u1eddn"},"content":{"rendered":"<p>\u0110\u1eb7t ch\u00e2n v\u00e0o m\u1ed9t trong 56 ph\u00f2ng Deluxe H\u01b0\u1edbng V\u01b0\u1eddn, b\u1ea1n ngay l\u1eadp t\u1ee9c \u0111\u00f3n nh\u1eadn c\u1ea3m gi\u00e1c th\u01b0 th\u00e1i tr\u01b0\u1edbc kh\u00f4ng gian n\u1ed9i th\u1ea5t r\u1ed9ng r\u00e3i, nh\u1eefng m\u1ea3ng xanh t\u01b0\u01a1i t\u1ed1t t\u1eeb khu v\u01b0\u1eddn tuy\u1ec7t \u0111\u1eb9p. M\u1ed7i ph\u00f2ng Deluxe \u0111\u01b0\u1ee3c thi\u1ebft k\u1ebf h\u00e0i h\u00f2a v\u1edbi c\u1ea3nh quan chung c\u1ee7a khu ngh\u1ec9 d\u01b0\u1ee1ng v\u00e0 m\u1ea3ng xanh chung quanh.<\/p>\n<p>C\u00e1c ph\u00f2ng Deluxe H\u01b0\u1edbng V\u01b0\u1eddn k\u1ebft h\u1ee3p ph\u00f2ng ng\u1ee7 v\u00e0 khu v\u1ef1c sinh ho\u1ea1t v\u1edbi phong c\u00e1ch trang tr\u00ed t\u00f4ng g\u1ed7 \u1ea5m \u00e1p. C\u1eeda tr\u01b0\u1ee3t th\u00f4ng tho\u00e1ng t\u1eeb tr\u1ea7n \u0111\u1ebfn s\u00e0n nh\u00e0, t\u1ed1i \u01b0u t\u1ea7m nh\u00ecn cho khu v\u1ef1c ph\u00f2ng t\u1eafm kh\u00f4ng gian m\u1edf. Ban c\u00f4ng ri\u00eang bi\u1ec7t h\u01b0\u1edbng ra khu v\u01b0\u1eddn, mang \u0111\u1ebfn c\u1ea3m gi\u00e1c th\u01b0 th\u00e1i v\u1edbi kho\u1ea3ng kh\u00f4ng gian thanh b\u00ecnh v\u00e0 an t\u0129nh trong su\u1ed1t k\u1ef3 ngh\u1ec9 c\u1ee7a b\u1ea1n.<\/p>\n","protected":false},"excerpt":{"rendered":"<p>\u0110\u1eb7t ch\u00e2n v\u00e0o m\u1ed9t trong 56 ph\u00f2ng Deluxe H\u01b0\u1edbng V\u01b0\u1eddn, b\u1ea1n ngay l\u1eadp t\u1ee9c \u0111\u00f3n nh\u1eadn c\u1ea3m gi\u00e1c th\u01b0 th\u00e1i tr\u01b0\u1edbc kh\u00f4ng gian n\u1ed9i th\u1ea5t r\u1ed9ng r\u00e3i, nh\u1eefng m\u1ea3ng xanh t\u01b0\u01a1i t\u1ed1t t\u1eeb khu v\u01b0\u1eddn tuy\u1ec7t \u0111\u1eb9p. M\u1ed7i ph\u00f2ng Deluxe \u0111\u01b0\u1ee3c thi\u1ebft k\u1ebf h\u00e0i h\u00f2a v\u1edbi c\u1ea3nh quan chung c\u1ee7a khu ngh\u1ec9 d\u01b0\u1ee1ng v\u00e0 m\u1ea3ng [&hellip;]<\/p>\n","protected":false},"author":368,"featured_media":1848,"parent":683,"menu_order":1,"comment_status":"closed","ping_status":"closed","template":"template-single-room.php","meta":{"footnotes":""},"categories":[],"acf":[],"yoast_head":"<!-- This site is optimized with the Yoast SEO plugin v22.3 - https:\/\/yoast.com\/wordpress\/plugins\/seo\/ -->\n<title>Deluxe H\u01b0\u1edbng V\u01b0\u1eddn | Ana Mandara Cam Ranh<\/title>\n<meta name=\"description\" content=\"Cu\u1ed9c s\u1ed1ng \u0111\u1eb3ng c\u1ea5p k\u00eat h\u1ee3p c\u00f9ng y\u1ebfu t\u1ed1 t\u1ef1 nhi\u00ean trong kh\u00f4ng gian thi\u1ebft k\u1ebf. Deluxe H\u01b0\u1edbng V\u01b0\u1eddn l\u00e0 lo\u1ea1i ph\u00f2ng \u0111\u01b0\u1ee3c \u0111\u1eb7t nhi\u1ec1u nh\u1ea5t khu ngh\u1ec9 m\u00e1t.\" \/>\n<meta name=\"robots\" content=\"index, follow, max-snippet:-1, max-image-preview:large, max-video-preview:-1\" \/>\n<link rel=\"canonical\" href=\"https:\/\/anamandaracamranh.com\/vi\/rooms-suites-villas\/deluxe-huong-vuon\/\" \/>\n<meta property=\"og:locale\" content=\"vi_VN\" \/>\n<meta property=\"og:type\" content=\"article\" \/>\n<meta property=\"og:title\" content=\"Deluxe H\u01b0\u1edbng V\u01b0\u1eddn | Ana Mandara Cam Ranh\" \/>\n<meta property=\"og:description\" content=\"Cu\u1ed9c s\u1ed1ng \u0111\u1eb3ng c\u1ea5p k\u00eat h\u1ee3p c\u00f9ng y\u1ebfu t\u1ed1 t\u1ef1 nhi\u00ean trong kh\u00f4ng gian thi\u1ebft k\u1ebf. Deluxe H\u01b0\u1edbng V\u01b0\u1eddn l\u00e0 lo\u1ea1i ph\u00f2ng \u0111\u01b0\u1ee3c \u0111\u1eb7t nhi\u1ec1u nh\u1ea5t khu ngh\u1ec9 m\u00e1t.\" \/>\n<meta property=\"og:url\" content=\"https:\/\/anamandaracamranh.com\/vi\/rooms-suites-villas\/deluxe-huong-vuon\/\" \/>\n<meta property=\"og:site_name\" content=\"Ana Mandara Cam Ranh Hotel\" \/>\n<meta property=\"article:modified_time\" content=\"2023-10-24T09:02:27+00:00\" \/>\n<meta property=\"og:image\" content=\"https:\/\/anamandaracamranh.com\/wp-content\/uploads\/sites\/254\/2023\/10\/ANA-MANDARA-CAM-RANH-Garden-View-Deluxe-King-1.jpg\" \/>\n\t<meta property=\"og:image:width\" content=\"2200\" \/>\n\t<meta property=\"og:image:height\" content=\"1650\" \/>\n\t<meta property=\"og:image:type\" content=\"image\/jpeg\" \/>\n<meta name=\"twitter:card\" content=\"summary_large_image\" \/>\n<meta name=\"twitter:label1\" content=\"Est. reading time\" \/>\n\t<meta name=\"twitter:data1\" content=\"1 minute\" \/>\n<script type=\"application\/ld+json\" class=\"yoast-schema-graph\">{\"@context\":\"https:\/\/schema.org\",\"@graph\":[{\"@type\":\"WebPage\",\"@id\":\"https:\/\/anamandaracamranh.com\/vi\/rooms-suites-villas\/deluxe-huong-vuon\/\",\"url\":\"https:\/\/anamandaracamranh.com\/vi\/rooms-suites-villas\/deluxe-huong-vuon\/\",\"name\":\"Deluxe H\u01b0\u1edbng V\u01b0\u1eddn | Ana Mandara Cam Ranh\",\"isPartOf\":{\"@id\":\"https:\/\/anamandaracamranh.com\/vi\/#website\"},\"primaryImageOfPage\":{\"@id\":\"https:\/\/anamandaracamranh.com\/vi\/rooms-suites-villas\/deluxe-huong-vuon\/#primaryimage\"},\"image\":{\"@id\":\"https:\/\/anamandaracamranh.com\/vi\/rooms-suites-villas\/deluxe-huong-vuon\/#primaryimage\"},\"thumbnailUrl\":\"https:\/\/anamandaracamranh.com\/wp-content\/uploads\/sites\/254\/2023\/10\/ANA-MANDARA-CAM-RANH-Garden-View-Deluxe-King-1.jpg\",\"datePublished\":\"2022-09-09T01:53:48+00:00\",\"dateModified\":\"2023-10-24T09:02:27+00:00\",\"description\":\"Cu\u1ed9c s\u1ed1ng \u0111\u1eb3ng c\u1ea5p k\u00eat h\u1ee3p c\u00f9ng y\u1ebfu t\u1ed1 t\u1ef1 nhi\u00ean trong kh\u00f4ng gian thi\u1ebft k\u1ebf. Deluxe H\u01b0\u1edbng V\u01b0\u1eddn l\u00e0 lo\u1ea1i ph\u00f2ng \u0111\u01b0\u1ee3c \u0111\u1eb7t nhi\u1ec1u nh\u1ea5t khu ngh\u1ec9 m\u00e1t.\",\"breadcrumb\":{\"@id\":\"https:\/\/anamandaracamranh.com\/vi\/rooms-suites-villas\/deluxe-huong-vuon\/#breadcrumb\"},\"inLanguage\":\"vi-VN\",\"potentialAction\":[{\"@type\":\"ReadAction\",\"target\":[\"https:\/\/anamandaracamranh.com\/vi\/rooms-suites-villas\/deluxe-huong-vuon\/\"]}]},{\"@type\":\"ImageObject\",\"inLanguage\":\"vi-VN\",\"@id\":\"https:\/\/anamandaracamranh.com\/vi\/rooms-suites-villas\/deluxe-huong-vuon\/#primaryimage\",\"url\":\"https:\/\/anamandaracamranh.com\/wp-content\/uploads\/sites\/254\/2023\/10\/ANA-MANDARA-CAM-RANH-Garden-View-Deluxe-King-1.jpg\",\"contentUrl\":\"https:\/\/anamandaracamranh.com\/wp-content\/uploads\/sites\/254\/2023\/10\/ANA-MANDARA-CAM-RANH-Garden-View-Deluxe-King-1.jpg\",\"width\":2200,\"height\":1650},{\"@type\":\"BreadcrumbList\",\"@id\":\"https:\/\/anamandaracamranh.com\/vi\/rooms-suites-villas\/deluxe-huong-vuon\/#breadcrumb\",\"itemListElement\":[{\"@type\":\"ListItem\",\"position\":1,\"name\":\"Home\",\"item\":\"https:\/\/anamandaracamranh.com\/vi\/\"},{\"@type\":\"ListItem\",\"position\":2,\"name\":\"Ph\u00f2ng ngh\u1ec9\",\"item\":\"https:\/\/anamandaracamranh.com\/vi\/rooms-suites-villas\/\"},{\"@type\":\"ListItem\",\"position\":3,\"name\":\"Deluxe H\u01b0\u1edbng V\u01b0\u1eddn\"}]},{\"@type\":\"WebSite\",\"@id\":\"https:\/\/anamandaracamranh.com\/vi\/#website\",\"url\":\"https:\/\/anamandaracamranh.com\/vi\/\",\"name\":\"Ana Mandara Cam Ranh Hotel\",\"description\":\"\",\"potentialAction\":[{\"@type\":\"SearchAction\",\"target\":{\"@type\":\"EntryPoint\",\"urlTemplate\":\"https:\/\/anamandaracamranh.com\/vi\/?s={search_term_string}\"},\"query-input\":\"required name=search_term_string\"}],\"inLanguage\":\"vi-VN\"}]}<\/script>\n<!-- \/ Yoast SEO plugin. -->","yoast_head_json":{"title":"Deluxe H\u01b0\u1edbng V\u01b0\u1eddn | Ana Mandara Cam Ranh","description":"Cu\u1ed9c s\u1ed1ng \u0111\u1eb3ng c\u1ea5p k\u00eat h\u1ee3p c\u00f9ng y\u1ebfu t\u1ed1 t\u1ef1 nhi\u00ean trong kh\u00f4ng gian thi\u1ebft k\u1ebf. Deluxe H\u01b0\u1edbng V\u01b0\u1eddn l\u00e0 lo\u1ea1i ph\u00f2ng \u0111\u01b0\u1ee3c \u0111\u1eb7t nhi\u1ec1u nh\u1ea5t khu ngh\u1ec9 m\u00e1t.","robots":{"index":"index","follow":"follow","max-snippet":"max-snippet:-1","max-image-preview":"max-image-preview:large","max-video-preview":"max-video-preview:-1"},"canonical":"https:\/\/anamandaracamranh.com\/vi\/rooms-suites-villas\/deluxe-huong-vuon\/","og_locale":"vi_VN","og_type":"article","og_title":"Deluxe H\u01b0\u1edbng V\u01b0\u1eddn | Ana Mandara Cam Ranh","og_description":"Cu\u1ed9c s\u1ed1ng \u0111\u1eb3ng c\u1ea5p k\u00eat h\u1ee3p c\u00f9ng y\u1ebfu t\u1ed1 t\u1ef1 nhi\u00ean trong kh\u00f4ng gian thi\u1ebft k\u1ebf. Deluxe H\u01b0\u1edbng V\u01b0\u1eddn l\u00e0 lo\u1ea1i ph\u00f2ng \u0111\u01b0\u1ee3c \u0111\u1eb7t nhi\u1ec1u nh\u1ea5t khu ngh\u1ec9 m\u00e1t.","og_url":"https:\/\/anamandaracamranh.com\/vi\/rooms-suites-villas\/deluxe-huong-vuon\/","og_site_name":"Ana Mandara Cam Ranh Hotel","article_modified_time":"2023-10-24T09:02:27+00:00","og_image":[{"width":2200,"height":1650,"url":"https:\/\/anamandaracamranh.com\/wp-content\/uploads\/sites\/254\/2023\/10\/ANA-MANDARA-CAM-RANH-Garden-View-Deluxe-King-1.jpg","type":"image\/jpeg"}],"twitter_card":"summary_large_image","twitter_misc":{"Est. reading time":"1 minute"},"schema":{"@context":"https:\/\/schema.org","@graph":[{"@type":"WebPage","@id":"https:\/\/anamandaracamranh.com\/vi\/rooms-suites-villas\/deluxe-huong-vuon\/","url":"https:\/\/anamandaracamranh.com\/vi\/rooms-suites-villas\/deluxe-huong-vuon\/","name":"Deluxe H\u01b0\u1edbng V\u01b0\u1eddn | Ana Mandara Cam Ranh","isPartOf":{"@id":"https:\/\/anamandaracamranh.com\/vi\/#website"},"primaryImageOfPage":{"@id":"https:\/\/anamandaracamranh.com\/vi\/rooms-suites-villas\/deluxe-huong-vuon\/#primaryimage"},"image":{"@id":"https:\/\/anamandaracamranh.com\/vi\/rooms-suites-villas\/deluxe-huong-vuon\/#primaryimage"},"thumbnailUrl":"https:\/\/anamandaracamranh.com\/wp-content\/uploads\/sites\/254\/2023\/10\/ANA-MANDARA-CAM-RANH-Garden-View-Deluxe-King-1.jpg","datePublished":"2022-09-09T01:53:48+00:00","dateModified":"2023-10-24T09:02:27+00:00","description":"Cu\u1ed9c s\u1ed1ng \u0111\u1eb3ng c\u1ea5p k\u00eat h\u1ee3p c\u00f9ng y\u1ebfu t\u1ed1 t\u1ef1 nhi\u00ean trong kh\u00f4ng gian thi\u1ebft k\u1ebf. Deluxe H\u01b0\u1edbng V\u01b0\u1eddn l\u00e0 lo\u1ea1i ph\u00f2ng \u0111\u01b0\u1ee3c \u0111\u1eb7t nhi\u1ec1u nh\u1ea5t khu ngh\u1ec9 m\u00e1t.","breadcrumb":{"@id":"https:\/\/anamandaracamranh.com\/vi\/rooms-suites-villas\/deluxe-huong-vuon\/#breadcrumb"},"inLanguage":"vi-VN","potentialAction":[{"@type":"ReadAction","target":["https:\/\/anamandaracamranh.com\/vi\/rooms-suites-villas\/deluxe-huong-vuon\/"]}]},{"@type":"ImageObject","inLanguage":"vi-VN","@id":"https:\/\/anamandaracamranh.com\/vi\/rooms-suites-villas\/deluxe-huong-vuon\/#primaryimage","url":"https:\/\/anamandaracamranh.com\/wp-content\/uploads\/sites\/254\/2023\/10\/ANA-MANDARA-CAM-RANH-Garden-View-Deluxe-King-1.jpg","contentUrl":"https:\/\/anamandaracamranh.com\/wp-content\/uploads\/sites\/254\/2023\/10\/ANA-MANDARA-CAM-RANH-Garden-View-Deluxe-King-1.jpg","width":2200,"height":1650},{"@type":"BreadcrumbList","@id":"https:\/\/anamandaracamranh.com\/vi\/rooms-suites-villas\/deluxe-huong-vuon\/#breadcrumb","itemListElement":[{"@type":"ListItem","position":1,"name":"Home","item":"https:\/\/anamandaracamranh.com\/vi\/"},{"@type":"ListItem","position":2,"name":"Ph\u00f2ng ngh\u1ec9","item":"https:\/\/anamandaracamranh.com\/vi\/rooms-suites-villas\/"},{"@type":"ListItem","position":3,"name":"Deluxe H\u01b0\u1edbng V\u01b0\u1eddn"}]},{"@type":"WebSite","@id":"https:\/\/anamandaracamranh.com\/vi\/#website","url":"https:\/\/anamandaracamranh.com\/vi\/","name":"Ana Mandara Cam Ranh Hotel","description":"","potentialAction":[{"@type":"SearchAction","target":{"@type":"EntryPoint","urlTemplate":"https:\/\/anamandaracamranh.com\/vi\/?s={search_term_string}"},"query-input":"required name=search_term_string"}],"inLanguage":"vi-VN"}]}},"_links":{"self":[{"href":"https:\/\/anamandaracamranh.com\/vi\/wp-json\/wp\/v2\/pages\/684"}],"collection":[{"href":"https:\/\/anamandaracamranh.com\/vi\/wp-json\/wp\/v2\/pages"}],"about":[{"href":"https:\/\/anamandaracamranh.com\/vi\/wp-json\/wp\/v2\/types\/page"}],"author":[{"embeddable":true,"href":"https:\/\/anamandaracamranh.com\/vi\/wp-json\/wp\/v2\/users\/368"}],"replies":[{"embeddable":true,"href":"https:\/\/anamandaracamranh.com\/vi\/wp-json\/wp\/v2\/comments?post=684"}],"version-history":[{"count":0,"href":"https:\/\/anamandaracamranh.com\/vi\/wp-json\/wp\/v2\/pages\/684\/revisions"}],"up":[{"embeddable":true,"href":"https:\/\/anamandaracamranh.com\/vi\/wp-json\/wp\/v2\/pages\/683"}],"wp:featuredmedia":[{"embeddable":true,"href":"https:\/\/anamandaracamranh.com\/vi\/wp-json\/wp\/v2\/media\/1848"}],"wp:attachment":[{"href":"https:\/\/anamandaracamranh.com\/vi\/wp-json\/wp\/v2\/media?parent=684"}],"wp:term":[{"taxonomy":"category","embeddable":true,"href":"https:\/\/anamandaracamranh.com\/vi\/wp-json\/wp\/v2\/categories?post=684"}],"curies":[{"name":"wp","href":"https:\/\/api.w.org\/{rel}","templated":true}]}}