{"id":683,"date":"2022-09-09T01:35:57","date_gmt":"2022-09-09T01:35:57","guid":{"rendered":"https:\/\/anamandaracamranh.com\/rooms-suites-villas\/"},"modified":"2024-02-20T07:36:19","modified_gmt":"2024-02-20T07:36:19","slug":"rooms-suites-villas","status":"publish","type":"page","link":"https:\/\/anamandaracamranh.com\/vi\/rooms-suites-villas\/","title":{"rendered":"Ph\u00f2ng ngh\u1ec9"},"content":{"rendered":"<p><span data-sheets-value=\"{&quot;1&quot;:2,&quot;2&quot;:&quot;V\u1edbi di\u1ec7n t\u00edch t\u1eeb 56m2 \u0111\u1ebfn 195m2, h\u1ec7 th\u1ed1ng ph\u00f2ng ngh\u1ec9 v\u00e0 ph\u00f2ng suite c\u1ee7a hai t\u00f2a nh\u00e0 \u201cAna\u201d &amp; \u201cBeach\u201d l\u00e0 b\u1ea3n giao h\u01b0\u1edfng c\u1ee7a s\u1ef1 sang tr\u1ecdng v\u00e0 ti\u1ec7n nghi v\u1edbi n\u1ed9i th\u1ea5t hi\u1ec7n \u0111\u1ea1i k\u1ebft h\u1ee3p h\u00e0i h\u00f2a c\u00f9ng y\u1ebfu t\u1ed1 \u0111\u1ecba ph\u01b0\u01a1ng. T\u1ea5t c\u1ea3 c\u00e1c ph\u00f2ng \u0111\u1ec1u \u0111\u01b0\u1ee3c trang b\u1ecb \u0111\u1ea7y \u0111\u1ee7 ti\u1ec7n nghi cho b\u1ea1n t\u1eadn h\u01b0\u1edfng k\u1ef3 ngh\u1ec9 d\u01b0\u1ee1ng 5 sao. B\u1ea1n s\u1ebd ngay l\u1eadp t\u1ee9c c\u1ea3m nh\u1eadn s\u1ef1 th\u01b0 th\u00e1i khi ph\u00f3ng t\u1ea7m m\u1eaft nh\u00ecn ra \u1ed1c \u0111\u1ea3o y\u00ean b\u00ecnh xuy\u00ean qua khu v\u01b0\u1eddn xanh m\u00e1t, ng\u1eafm nh\u00ecn l\u00e0n s\u00f3ng b\u1ea1c l\u1ea5p l\u00e1nh tr\u00ean bi\u1ec3n v\u00e0 th\u1ee9c d\u1eady th\u1eadt s\u1edbm \u0111\u1ec3 th\u1ea5y b\u00ecnh minh g\u00f5 c\u1eeda.\\n\\nSeaview v\u00e0 Beachfront Villas l\u00e0 s\u1ef1 k\u1ebft h\u1ee3p \u0111\u1ea7y tinh t\u1ebf gi\u1eefa phong c\u00e1ch ki\u1ebfn tr\u00fac b\u1ea3n \u0111\u1ecba l\u1ea5y c\u1ea3m h\u1ee9ng t\u1eeb chi\u1ebfc n\u00f3n l\u00e1 m\u1ed9c m\u1ea1c c\u1ee7a Vi\u1ec7t Nam pha tr\u1ed9n v\u1edbi s\u1ef1 ti\u1ec7n nghi v\u00e0 l\u1ed1i thi\u1ebft k\u1ebf th\u1eddi th\u01b0\u1ee3ng. M\u1ed7i chi ti\u1ebft n\u1ed9i th\u1ea5t c\u1ee7a t\u1eebng ph\u00f2ng ngh\u1ec9 \u0111\u1ec1u \u0111\u01b0\u1ee3c t\u00ednh to\u00e1n t\u1ec9 m\u1ec9 nh\u1eb1m c\u00e1 nh\u00e2n ho\u00e1 tr\u1ea3i nghi\u1ec7m cho kh\u00e1ch l\u01b0u tr\u00fa.\\n\\nC\u00e1c bi\u1ec7t th\u1ef1 n\u01a1i \u0111\u00e2y \u0111\u01b0\u1ee3c thi\u1ebft k\u1ebf v\u1edbi t\u1ea7m nh\u00ecn h\u01b0\u1edbng tr\u1ef1c di\u1ec7n ra s\u00e2n v\u01b0\u1eddn, b\u00e3i bi\u1ec3n v\u1edbi b\u1ec3 b\u01a1i ri\u00eang t\u1ea1o c\u1ea3m gi\u00e1c \u0111\u1ee7 ri\u00eang t\u01b0, v\u00e0 c\u0169ng \u0111\u1ee7 y\u00ean b\u00ecnh. Trang thi\u1ebft b\u1ecb hi\u1ec7n \u0111\u1ea1i l\u1eafp \u0111\u1eb7t b\u00ean trong m\u1ed7i c\u0103n bi\u1ec7t th\u1ef1 mang \u0111\u1ebfn cho du kh\u00e1ch kh\u00f4ng gian ngh\u1ec9 d\u01b0\u1ee1ng ti\u1ec7n nghi \u0111\u1ea1t ti\u00eau chu\u1ea9n qu\u1ed1c t\u1ebf nh\u01b0ng v\u1eabn \u1ea5m \u00e1p nh\u01b0 \u0111ang \u1edf trong ch\u00ednh ng\u00f4i nh\u00e0 th\u00e2n th\u01b0\u01a1ng. &quot;}\" data-sheets-userformat=\"{&quot;2&quot;:14847,&quot;3&quot;:{&quot;1&quot;:0,&quot;3&quot;:1},&quot;4&quot;:{&quot;1&quot;:2,&quot;2&quot;:16773836},&quot;5&quot;:{&quot;1&quot;:[{&quot;1&quot;:2,&quot;2&quot;:0,&quot;5&quot;:{&quot;1&quot;:0}},{&quot;1&quot;:0,&quot;2&quot;:0,&quot;3&quot;:3},{&quot;1&quot;:1,&quot;2&quot;:0,&quot;4&quot;:1}]},&quot;6&quot;:{&quot;1&quot;:[{&quot;1&quot;:2,&quot;2&quot;:0,&quot;5&quot;:{&quot;1&quot;:0}},{&quot;1&quot;:0,&quot;2&quot;:0,&quot;3&quot;:3},{&quot;1&quot;:1,&quot;2&quot;:0,&quot;4&quot;:1}]},&quot;7&quot;:{&quot;1&quot;:[{&quot;1&quot;:2,&quot;2&quot;:0,&quot;5&quot;:{&quot;1&quot;:0}},{&quot;1&quot;:0,&quot;2&quot;:0,&quot;3&quot;:3},{&quot;1&quot;:1,&quot;2&quot;:0,&quot;4&quot;:1}]},&quot;8&quot;:{&quot;1&quot;:[{&quot;1&quot;:2,&quot;2&quot;:0,&quot;5&quot;:{&quot;1&quot;:0}},{&quot;1&quot;:0,&quot;2&quot;:0,&quot;3&quot;:3},{&quot;1&quot;:1,&quot;2&quot;:0,&quot;4&quot;:1}]},&quot;9&quot;:0,&quot;10&quot;:1,&quot;11&quot;:4,&quot;14&quot;:{&quot;1&quot;:3,&quot;3&quot;:1},&quot;15&quot;:&quot;Montserrat&quot;,&quot;16&quot;:10}\">V\u1edbi di\u1ec7n t\u00edch t\u1eeb 56m2 \u0111\u1ebfn 195m2, h\u1ec7 th\u1ed1ng ph\u00f2ng ngh\u1ec9 v\u00e0 ph\u00f2ng suite c\u1ee7a hai t\u00f2a nh\u00e0 \u201cAna\u201d &amp; \u201cBeach\u201d l\u00e0 b\u1ea3n giao h\u01b0\u1edfng c\u1ee7a s\u1ef1 sang tr\u1ecdng v\u00e0 ti\u1ec7n nghi v\u1edbi n\u1ed9i th\u1ea5t hi\u1ec7n \u0111\u1ea1i k\u1ebft h\u1ee3p h\u00e0i h\u00f2a c\u00f9ng y\u1ebfu t\u1ed1 \u0111\u1ecba ph\u01b0\u01a1ng. T\u1ea5t c\u1ea3 c\u00e1c ph\u00f2ng \u0111\u1ec1u \u0111\u01b0\u1ee3c trang b\u1ecb \u0111\u1ea7y \u0111\u1ee7 ti\u1ec7n nghi cho b\u1ea1n t\u1eadn h\u01b0\u1edfng k\u1ef3 ngh\u1ec9 d\u01b0\u1ee1ng 5 sao. B\u1ea1n s\u1ebd ngay l\u1eadp t\u1ee9c c\u1ea3m nh\u1eadn s\u1ef1 th\u01b0 th\u00e1i khi ph\u00f3ng t\u1ea7m m\u1eaft nh\u00ecn ra \u1ed1c \u0111\u1ea3o y\u00ean b\u00ecnh xuy\u00ean qua khu v\u01b0\u1eddn xanh m\u00e1t, ng\u1eafm nh\u00ecn l\u00e0n s\u00f3ng b\u1ea1c l\u1ea5p l\u00e1nh tr\u00ean bi\u1ec3n v\u00e0 th\u1ee9c d\u1eady th\u1eadt s\u1edbm \u0111\u1ec3 th\u1ea5y b\u00ecnh minh g\u00f5 c\u1eeda.<\/span><\/p>\n<p>C\u00e1c bi\u1ec7t th\u1ef1 tr\u01b0\u1edbc bi\u1ec3n v\u00e0 bi\u1ec7t th\u1ef1 c\u00f3 h\u1ed3 b\u01a1i l\u00e0 s\u1ef1 k\u1ebft h\u1ee3p \u0111\u1ea7y tinh t\u1ebf gi\u1eefa phong c\u00e1ch ki\u1ebfn tr\u00fac b\u1ea3n \u0111\u1ecba l\u1ea5y c\u1ea3m h\u1ee9ng t\u1eeb chi\u1ebfc n\u00f3n l\u00e1 m\u1ed9c m\u1ea1c c\u1ee7a Vi\u1ec7t Nam pha tr\u1ed9n v\u1edbi s\u1ef1 ti\u1ec7n nghi v\u00e0 l\u1ed1i thi\u1ebft k\u1ebf th\u1eddi th\u01b0\u1ee3ng. M\u1ed7i chi ti\u1ebft n\u1ed9i th\u1ea5t c\u1ee7a t\u1eebng ph\u00f2ng ngh\u1ec9 \u0111\u1ec1u \u0111\u01b0\u1ee3c t\u00ednh to\u00e1n t\u1ec9 m\u1ec9 nh\u1eb1m c\u00e1 nh\u00e2n ho\u00e1 tr\u1ea3i nghi\u1ec7m cho kh\u00e1ch l\u01b0u tr\u00fa.<\/p>\n<p>C\u00e1c bi\u1ec7t th\u1ef1 n\u01a1i \u0111\u00e2y \u0111\u01b0\u1ee3c thi\u1ebft k\u1ebf v\u1edbi t\u1ea7m nh\u00ecn h\u01b0\u1edbng tr\u1ef1c di\u1ec7n ra s\u00e2n v\u01b0\u1eddn, b\u00e3i bi\u1ec3n v\u1edbi b\u1ec3 b\u01a1i ri\u00eang t\u1ea1o c\u1ea3m gi\u00e1c \u0111\u1ee7 ri\u00eang t\u01b0, v\u00e0 c\u0169ng \u0111\u1ee7 y\u00ean b\u00ecnh. Trang thi\u1ebft b\u1ecb hi\u1ec7n \u0111\u1ea1i l\u1eafp \u0111\u1eb7t b\u00ean trong m\u1ed7i c\u0103n bi\u1ec7t th\u1ef1 mang \u0111\u1ebfn cho du kh\u00e1ch kh\u00f4ng gian ngh\u1ec9 d\u01b0\u1ee1ng ti\u1ec7n nghi \u0111\u1ea1t ti\u00eau chu\u1ea9n qu\u1ed1c t\u1ebf nh\u01b0ng v\u1eabn \u1ea5m \u00e1p nh\u01b0 \u0111ang \u1edf trong ch\u00ednh ng\u00f4i nh\u00e0 th\u00e2n th\u01b0\u01a1ng.<\/p>\n","protected":false},"excerpt":{"rendered":"<p>V\u1edbi di\u1ec7n t\u00edch t\u1eeb 56m2 \u0111\u1ebfn 195m2, h\u1ec7 th\u1ed1ng ph\u00f2ng ngh\u1ec9 v\u00e0 ph\u00f2ng suite c\u1ee7a hai t\u00f2a nh\u00e0 \u201cAna\u201d &amp; \u201cBeach\u201d l\u00e0 b\u1ea3n giao h\u01b0\u1edfng c\u1ee7a s\u1ef1 sang tr\u1ecdng v\u00e0 ti\u1ec7n nghi v\u1edbi n\u1ed9i th\u1ea5t hi\u1ec7n \u0111\u1ea1i k\u1ebft h\u1ee3p h\u00e0i h\u00f2a c\u00f9ng y\u1ebfu t\u1ed1 \u0111\u1ecba ph\u01b0\u01a1ng. T\u1ea5t c\u1ea3 c\u00e1c ph\u00f2ng \u0111\u1ec1u \u0111\u01b0\u1ee3c trang b\u1ecb \u0111\u1ea7y [&hellip;]<\/p>\n","protected":false},"author":368,"featured_media":1763,"parent":0,"menu_order":0,"comment_status":"closed","ping_status":"closed","template":"template-rooms.php","meta":{"footnotes":""},"categories":[],"acf":[],"yoast_head":"<!-- This site is optimized with the Yoast SEO plugin v22.3 - https:\/\/yoast.com\/wordpress\/plugins\/seo\/ -->\n<title>Ph\u00f2ng v\u00e0 bi\u1ec7t th\u1ef1 bi\u1ec3n | Ana Mandara Cam Ranh<\/title>\n<meta name=\"description\" content=\"36 c\u0103n bi\u1ec7t th\u1ef1 sang tr\u1ecdng l\u1ea5y c\u1ea3m h\u1ee9ng t\u1eeb n\u00f3n l\u00e1 Vi\u1ec7t Nam k\u1ebft h\u1ee3p v\u1edbi \u0111\u01b0\u1eddng n\u00e9t thi\u1ebft k\u1ebf thanh l\u1ecbch - hi\u1ec7n \u0111\u1ea1i, c\u00f9ng 140 ph\u00f2ng trang nh\u00e3 \u0111\u00e3 t\u1ea1o n\u00ean m\u1ed9t kh\u00f4ng gian ngh\u1ec9 d\u01b0\u1ee1ng ti\u1ec7n nghi \u0111\u1ea1t ti\u00eau chu\u1ea9n qu\u1ed1c t\u1ebf.\" \/>\n<meta name=\"robots\" content=\"index, follow, max-snippet:-1, max-image-preview:large, max-video-preview:-1\" \/>\n<link rel=\"canonical\" href=\"https:\/\/anamandaracamranh.com\/vi\/rooms-suites-villas\/\" \/>\n<meta property=\"og:locale\" content=\"vi_VN\" \/>\n<meta property=\"og:type\" content=\"article\" \/>\n<meta property=\"og:title\" content=\"Ph\u00f2ng v\u00e0 bi\u1ec7t th\u1ef1 bi\u1ec3n | Ana Mandara Cam Ranh\" \/>\n<meta property=\"og:description\" content=\"36 c\u0103n bi\u1ec7t th\u1ef1 sang tr\u1ecdng l\u1ea5y c\u1ea3m h\u1ee9ng t\u1eeb n\u00f3n l\u00e1 Vi\u1ec7t Nam k\u1ebft h\u1ee3p v\u1edbi \u0111\u01b0\u1eddng n\u00e9t thi\u1ebft k\u1ebf thanh l\u1ecbch - hi\u1ec7n \u0111\u1ea1i, c\u00f9ng 140 ph\u00f2ng trang nh\u00e3 \u0111\u00e3 t\u1ea1o n\u00ean m\u1ed9t kh\u00f4ng gian ngh\u1ec9 d\u01b0\u1ee1ng ti\u1ec7n nghi \u0111\u1ea1t ti\u00eau chu\u1ea9n qu\u1ed1c t\u1ebf.\" \/>\n<meta property=\"og:url\" content=\"https:\/\/anamandaracamranh.com\/vi\/rooms-suites-villas\/\" \/>\n<meta property=\"og:site_name\" content=\"Ana Mandara Cam Ranh Hotel\" \/>\n<meta property=\"article:modified_time\" content=\"2024-02-20T07:36:19+00:00\" \/>\n<meta property=\"og:image\" content=\"https:\/\/anamandaracamranh.com\/wp-content\/uploads\/sites\/254\/2023\/10\/Ana-Mandara-Cam-Ranh-Buildings-4.jpg\" \/>\n\t<meta property=\"og:image:width\" content=\"2200\" \/>\n\t<meta property=\"og:image:height\" content=\"1465\" \/>\n\t<meta property=\"og:image:type\" content=\"image\/jpeg\" \/>\n<meta name=\"twitter:card\" content=\"summary_large_image\" \/>\n<meta name=\"twitter:label1\" content=\"Est. reading time\" \/>\n\t<meta name=\"twitter:data1\" content=\"2 minutes\" \/>\n<script type=\"application\/ld+json\" class=\"yoast-schema-graph\">{\"@context\":\"https:\/\/schema.org\",\"@graph\":[{\"@type\":\"WebPage\",\"@id\":\"https:\/\/anamandaracamranh.com\/vi\/rooms-suites-villas\/\",\"url\":\"https:\/\/anamandaracamranh.com\/vi\/rooms-suites-villas\/\",\"name\":\"Ph\u00f2ng v\u00e0 bi\u1ec7t th\u1ef1 bi\u1ec3n | Ana Mandara Cam Ranh\",\"isPartOf\":{\"@id\":\"https:\/\/anamandaracamranh.com\/vi\/#website\"},\"primaryImageOfPage\":{\"@id\":\"https:\/\/anamandaracamranh.com\/vi\/rooms-suites-villas\/#primaryimage\"},\"image\":{\"@id\":\"https:\/\/anamandaracamranh.com\/vi\/rooms-suites-villas\/#primaryimage\"},\"thumbnailUrl\":\"https:\/\/anamandaracamranh.com\/wp-content\/uploads\/sites\/254\/2023\/10\/Ana-Mandara-Cam-Ranh-Buildings-4.jpg\",\"datePublished\":\"2022-09-09T01:35:57+00:00\",\"dateModified\":\"2024-02-20T07:36:19+00:00\",\"description\":\"36 c\u0103n bi\u1ec7t th\u1ef1 sang tr\u1ecdng l\u1ea5y c\u1ea3m h\u1ee9ng t\u1eeb n\u00f3n l\u00e1 Vi\u1ec7t Nam k\u1ebft h\u1ee3p v\u1edbi \u0111\u01b0\u1eddng n\u00e9t thi\u1ebft k\u1ebf thanh l\u1ecbch - hi\u1ec7n \u0111\u1ea1i, c\u00f9ng 140 ph\u00f2ng trang nh\u00e3 \u0111\u00e3 t\u1ea1o n\u00ean m\u1ed9t kh\u00f4ng gian ngh\u1ec9 d\u01b0\u1ee1ng ti\u1ec7n nghi \u0111\u1ea1t ti\u00eau chu\u1ea9n qu\u1ed1c t\u1ebf.\",\"breadcrumb\":{\"@id\":\"https:\/\/anamandaracamranh.com\/vi\/rooms-suites-villas\/#breadcrumb\"},\"inLanguage\":\"vi-VN\",\"potentialAction\":[{\"@type\":\"ReadAction\",\"target\":[\"https:\/\/anamandaracamranh.com\/vi\/rooms-suites-villas\/\"]}]},{\"@type\":\"ImageObject\",\"inLanguage\":\"vi-VN\",\"@id\":\"https:\/\/anamandaracamranh.com\/vi\/rooms-suites-villas\/#primaryimage\",\"url\":\"https:\/\/anamandaracamranh.com\/wp-content\/uploads\/sites\/254\/2023\/10\/Ana-Mandara-Cam-Ranh-Buildings-4.jpg\",\"contentUrl\":\"https:\/\/anamandaracamranh.com\/wp-content\/uploads\/sites\/254\/2023\/10\/Ana-Mandara-Cam-Ranh-Buildings-4.jpg\",\"width\":2200,\"height\":1465},{\"@type\":\"BreadcrumbList\",\"@id\":\"https:\/\/anamandaracamranh.com\/vi\/rooms-suites-villas\/#breadcrumb\",\"itemListElement\":[{\"@type\":\"ListItem\",\"position\":1,\"name\":\"Home\",\"item\":\"https:\/\/anamandaracamranh.com\/vi\/\"},{\"@type\":\"ListItem\",\"position\":2,\"name\":\"Ph\u00f2ng ngh\u1ec9\"}]},{\"@type\":\"WebSite\",\"@id\":\"https:\/\/anamandaracamranh.com\/vi\/#website\",\"url\":\"https:\/\/anamandaracamranh.com\/vi\/\",\"name\":\"Ana Mandara Cam Ranh Hotel\",\"description\":\"\",\"potentialAction\":[{\"@type\":\"SearchAction\",\"target\":{\"@type\":\"EntryPoint\",\"urlTemplate\":\"https:\/\/anamandaracamranh.com\/vi\/?s={search_term_string}\"},\"query-input\":\"required name=search_term_string\"}],\"inLanguage\":\"vi-VN\"}]}<\/script>\n<!-- \/ Yoast SEO plugin. -->","yoast_head_json":{"title":"Ph\u00f2ng v\u00e0 bi\u1ec7t th\u1ef1 bi\u1ec3n | Ana Mandara Cam Ranh","description":"36 c\u0103n bi\u1ec7t th\u1ef1 sang tr\u1ecdng l\u1ea5y c\u1ea3m h\u1ee9ng t\u1eeb n\u00f3n l\u00e1 Vi\u1ec7t Nam k\u1ebft h\u1ee3p v\u1edbi \u0111\u01b0\u1eddng n\u00e9t thi\u1ebft k\u1ebf thanh l\u1ecbch - hi\u1ec7n \u0111\u1ea1i, c\u00f9ng 140 ph\u00f2ng trang nh\u00e3 \u0111\u00e3 t\u1ea1o n\u00ean m\u1ed9t kh\u00f4ng gian ngh\u1ec9 d\u01b0\u1ee1ng ti\u1ec7n nghi \u0111\u1ea1t ti\u00eau chu\u1ea9n qu\u1ed1c t\u1ebf.","robots":{"index":"index","follow":"follow","max-snippet":"max-snippet:-1","max-image-preview":"max-image-preview:large","max-video-preview":"max-video-preview:-1"},"canonical":"https:\/\/anamandaracamranh.com\/vi\/rooms-suites-villas\/","og_locale":"vi_VN","og_type":"article","og_title":"Ph\u00f2ng v\u00e0 bi\u1ec7t th\u1ef1 bi\u1ec3n | Ana Mandara Cam Ranh","og_description":"36 c\u0103n bi\u1ec7t th\u1ef1 sang tr\u1ecdng l\u1ea5y c\u1ea3m h\u1ee9ng t\u1eeb n\u00f3n l\u00e1 Vi\u1ec7t Nam k\u1ebft h\u1ee3p v\u1edbi \u0111\u01b0\u1eddng n\u00e9t thi\u1ebft k\u1ebf thanh l\u1ecbch - hi\u1ec7n \u0111\u1ea1i, c\u00f9ng 140 ph\u00f2ng trang nh\u00e3 \u0111\u00e3 t\u1ea1o n\u00ean m\u1ed9t kh\u00f4ng gian ngh\u1ec9 d\u01b0\u1ee1ng ti\u1ec7n nghi \u0111\u1ea1t ti\u00eau chu\u1ea9n qu\u1ed1c t\u1ebf.","og_url":"https:\/\/anamandaracamranh.com\/vi\/rooms-suites-villas\/","og_site_name":"Ana Mandara Cam Ranh Hotel","article_modified_time":"2024-02-20T07:36:19+00:00","og_image":[{"width":2200,"height":1465,"url":"https:\/\/anamandaracamranh.com\/wp-content\/uploads\/sites\/254\/2023\/10\/Ana-Mandara-Cam-Ranh-Buildings-4.jpg","type":"image\/jpeg"}],"twitter_card":"summary_large_image","twitter_misc":{"Est. reading time":"2 minutes"},"schema":{"@context":"https:\/\/schema.org","@graph":[{"@type":"WebPage","@id":"https:\/\/anamandaracamranh.com\/vi\/rooms-suites-villas\/","url":"https:\/\/anamandaracamranh.com\/vi\/rooms-suites-villas\/","name":"Ph\u00f2ng v\u00e0 bi\u1ec7t th\u1ef1 bi\u1ec3n | Ana Mandara Cam Ranh","isPartOf":{"@id":"https:\/\/anamandaracamranh.com\/vi\/#website"},"primaryImageOfPage":{"@id":"https:\/\/anamandaracamranh.com\/vi\/rooms-suites-villas\/#primaryimage"},"image":{"@id":"https:\/\/anamandaracamranh.com\/vi\/rooms-suites-villas\/#primaryimage"},"thumbnailUrl":"https:\/\/anamandaracamranh.com\/wp-content\/uploads\/sites\/254\/2023\/10\/Ana-Mandara-Cam-Ranh-Buildings-4.jpg","datePublished":"2022-09-09T01:35:57+00:00","dateModified":"2024-02-20T07:36:19+00:00","description":"36 c\u0103n bi\u1ec7t th\u1ef1 sang tr\u1ecdng l\u1ea5y c\u1ea3m h\u1ee9ng t\u1eeb n\u00f3n l\u00e1 Vi\u1ec7t Nam k\u1ebft h\u1ee3p v\u1edbi \u0111\u01b0\u1eddng n\u00e9t thi\u1ebft k\u1ebf thanh l\u1ecbch - hi\u1ec7n \u0111\u1ea1i, c\u00f9ng 140 ph\u00f2ng trang nh\u00e3 \u0111\u00e3 t\u1ea1o n\u00ean m\u1ed9t kh\u00f4ng gian ngh\u1ec9 d\u01b0\u1ee1ng ti\u1ec7n nghi \u0111\u1ea1t ti\u00eau chu\u1ea9n qu\u1ed1c t\u1ebf.","breadcrumb":{"@id":"https:\/\/anamandaracamranh.com\/vi\/rooms-suites-villas\/#breadcrumb"},"inLanguage":"vi-VN","potentialAction":[{"@type":"ReadAction","target":["https:\/\/anamandaracamranh.com\/vi\/rooms-suites-villas\/"]}]},{"@type":"ImageObject","inLanguage":"vi-VN","@id":"https:\/\/anamandaracamranh.com\/vi\/rooms-suites-villas\/#primaryimage","url":"https:\/\/anamandaracamranh.com\/wp-content\/uploads\/sites\/254\/2023\/10\/Ana-Mandara-Cam-Ranh-Buildings-4.jpg","contentUrl":"https:\/\/anamandaracamranh.com\/wp-content\/uploads\/sites\/254\/2023\/10\/Ana-Mandara-Cam-Ranh-Buildings-4.jpg","width":2200,"height":1465},{"@type":"BreadcrumbList","@id":"https:\/\/anamandaracamranh.com\/vi\/rooms-suites-villas\/#breadcrumb","itemListElement":[{"@type":"ListItem","position":1,"name":"Home","item":"https:\/\/anamandaracamranh.com\/vi\/"},{"@type":"ListItem","position":2,"name":"Ph\u00f2ng ngh\u1ec9"}]},{"@type":"WebSite","@id":"https:\/\/anamandaracamranh.com\/vi\/#website","url":"https:\/\/anamandaracamranh.com\/vi\/","name":"Ana Mandara Cam Ranh Hotel","description":"","potentialAction":[{"@type":"SearchAction","target":{"@type":"EntryPoint","urlTemplate":"https:\/\/anamandaracamranh.com\/vi\/?s={search_term_string}"},"query-input":"required name=search_term_string"}],"inLanguage":"vi-VN"}]}},"_links":{"self":[{"href":"https:\/\/anamandaracamranh.com\/vi\/wp-json\/wp\/v2\/pages\/683"}],"collection":[{"href":"https:\/\/anamandaracamranh.com\/vi\/wp-json\/wp\/v2\/pages"}],"about":[{"href":"https:\/\/anamandaracamranh.com\/vi\/wp-json\/wp\/v2\/types\/page"}],"author":[{"embeddable":true,"href":"https:\/\/anamandaracamranh.com\/vi\/wp-json\/wp\/v2\/users\/368"}],"replies":[{"embeddable":true,"href":"https:\/\/anamandaracamranh.com\/vi\/wp-json\/wp\/v2\/comments?post=683"}],"version-history":[{"count":0,"href":"https:\/\/anamandaracamranh.com\/vi\/wp-json\/wp\/v2\/pages\/683\/revisions"}],"wp:featuredmedia":[{"embeddable":true,"href":"https:\/\/anamandaracamranh.com\/vi\/wp-json\/wp\/v2\/media\/1763"}],"wp:attachment":[{"href":"https:\/\/anamandaracamranh.com\/vi\/wp-json\/wp\/v2\/media?parent=683"}],"wp:term":[{"taxonomy":"category","embeddable":true,"href":"https:\/\/anamandaracamranh.com\/vi\/wp-json\/wp\/v2\/categories?post=683"}],"curies":[{"name":"wp","href":"https:\/\/api.w.org\/{rel}","templated":true}]}}