{"id":523,"date":"2022-08-31T08:14:12","date_gmt":"2022-08-31T08:14:12","guid":{"rendered":"https:\/\/ana-mandara-cam-ranh.ms.decms.asia\/sample-page\/"},"modified":"2026-03-07T02:35:33","modified_gmt":"2026-03-07T02:35:33","slug":"sample-page","status":"publish","type":"page","link":"https:\/\/anamandaracamranh.com\/vi\/","title":{"rendered":"N\u01a1i giao h\u00f2a c\u1ee7a B\u1ea3n S\u1eafc Vi\u1ec7t Sang Tr\u1ecdng"},"content":{"rendered":"<p><span data-sheets-value=\"{&quot;1&quot;:2,&quot;2&quot;:&quot;T\u1ecda l\u1ea1c t\u1ea1i m\u1ed9t trong nh\u1eefng b\u00e3i bi\u1ec3n \u0111\u1eb9p nh\u1ea5t c\u1ee7a Duy\u00ean h\u1ea3i Nam Trung B\u1ed9, Ana Mandara Cam Ranh \u0111\u01b0\u1ee3c \u00f4m \u1ea5p b\u1edfi tri\u1ec1n c\u00e1t tr\u1eafng v\u00e0 bi\u1ec3n xanh nh\u01b0 ng\u1ecdc t\u1ea1i B\u00e3i D\u00e0i v\u1ecbnh Cam Ranh. N\u01a1i \u0111\u00e2y ch\u1ec9 c\u00e1ch trung t\u00e2m Nha Trang 40 ph\u00fat, c\u00e1ch s\u00e2n bay qu\u1ed1c t\u1ebf Cam Ranh 10 ph\u00fat l\u00e1i xe, tr\u1ef1c ti\u1ebfp k\u1ebft n\u1ed1i nh\u1eefng chuy\u1ebfn bay qu\u1ed1c t\u1ebf, ho\u1eb7c t\u1eeb c\u00e1c th\u00e0nh ph\u1ed1 l\u1edbn c\u1ee7a Ch\u00e2u \u00c1 v\u00e0 c\u00e1c chuy\u1ebfn bay n\u1ed9i \u0111\u1ecba t\u1eeb kh\u1eafp c\u00e1c t\u1ec9nh th\u00e0nh Vi\u1ec7t Nam. D\u1ec5 d\u00e0ng \u0111\u1ebfn v\u1edbi ch\u00fang t\u00f4i t\u1eeb kh\u1eafp c\u00e1c t\u1ec9nh th\u00e0nh trong n\u01b0\u1edbc, d\u00f9 b\u1eb1ng ph\u01b0\u01a1ng ti\u1ec7n h\u00e0ng kh\u00f4ng, \u0111\u01b0\u1eddng b\u1ed9 hay \u0111\u01b0\u1eddng s\u1eaft. \\n\\nKhu ngh\u1ec9 d\u01b0\u1ee1ng sang tr\u1ecdng b\u1eadc nh\u1ea5t Ana Mandara Cam Ranh l\u00e0 n\u01a1i l\u00fd t\u01b0\u1edfng \u0111\u1ec3 ho\u00e0 m\u00ecnh c\u00f9ng bi\u1ec3n xanh, c\u00e1t tr\u1eafng v\u00e0 n\u1eafng v\u00e0ng, th\u00edch h\u1ee3p cho chuy\u1ebfn du l\u1ecbch c\u1ee7a c\u00e1c c\u1eb7p \u0111\u00f4i, gia \u0111\u00ecnh, ho\u1eb7c cho chuy\u1ebfn c\u00f4ng t\u00e1c \u0111\u1ea7y h\u1ee9ng kh\u1edfi. H\u1ec7 th\u1ed1ng l\u01b0u tr\u00fa t\u1ea1i \u0111\u00e2y g\u1ed3m 176 bi\u1ec7t th\u1ef1, ph\u00f2ng ngh\u1ec9 v\u00e0 ph\u00f2ng Suit cao c\u1ea5p \u0111\u01b0\u1ee3c thi\u1ebft k\u1ebf tinh x\u1ea3o, t\u1ea1o n\u00ean g\u00f3c phong c\u1ea3nh \u0111\u1eb9p nh\u01b0 tranh v\u1ebd, s\u1ef1 ri\u00eang t\u01b0 v\u01b0\u1ee3t tr\u1ed9i gi\u1eefa khung c\u1ea3nh thi\u00ean nhi\u00ean \u0111\u1ea7y c\u1ea3m h\u1ee9ng. Ch\u00fang t\u00f4i mang \u0111\u1ebfn hai tr\u1ea3i nghi\u1ec7m \u1ea9m th\u1ef1c kh\u00e1c bi\u1ec7t v\u1edbi c\u00e1c m\u00f3n \u0103n h\u1ee3p kh\u1ea9u v\u1ecb, c\u00f9ng c\u00e1c d\u1ecbch v\u1ee5 spa, t\u1ed5 ch\u1ee9c s\u1ef1 ki\u1ec7n v\u00e0 h\u1ed9i h\u1ecdp \u0111\u01b0\u1ee3c \u0111o ni \u0111\u00f3ng gi\u00e0y theo nhu c\u1ea7u c\u1ee7a qu\u00fd kh\u00e1ch. \\n\\nKh\u00e1m ph\u00e1 s\u1ef1 pha tr\u1ed9n \u0111\u1ed9c \u0111\u00e1o c\u1ee7a ch\u1ed1n ngh\u1ec9 ng\u01a1i \u0111\u1eb7c quy\u1ec1n, s\u1ef1 th\u00e2n m\u1eadt tao nh\u00e3 v\u00e0 l\u00f2ng hi\u1ebfu kh\u00e1ch n\u1ed3ng h\u1eadu t\u1ea1i Ana Mandara Resort.&quot;}\" data-sheets-userformat=\"{&quot;2&quot;:14785,&quot;3&quot;:{&quot;1&quot;:0,&quot;3&quot;:1},&quot;9&quot;:0,&quot;10&quot;:1,&quot;11&quot;:4,&quot;14&quot;:{&quot;1&quot;:3,&quot;3&quot;:1},&quot;15&quot;:&quot;Montserrat&quot;,&quot;16&quot;:10}\" data-sheets-textstyleruns=\"{&quot;1&quot;:0,&quot;2&quot;:{&quot;2&quot;:{&quot;1&quot;:2,&quot;2&quot;:16711680},&quot;3&quot;:&quot;Montserrat&quot;,&quot;4&quot;:10}}\uee10{&quot;1&quot;:95,&quot;2&quot;:{&quot;2&quot;:{&quot;1&quot;:2,&quot;2&quot;:45136},&quot;3&quot;:&quot;Montserrat&quot;,&quot;4&quot;:10}}\uee10{&quot;1&quot;:174,&quot;2&quot;:{&quot;2&quot;:{&quot;1&quot;:3,&quot;3&quot;:1},&quot;3&quot;:&quot;Montserrat&quot;,&quot;4&quot;:10}}\uee10{&quot;1&quot;:407,&quot;2&quot;:{&quot;2&quot;:{&quot;1&quot;:2,&quot;2&quot;:45136},&quot;3&quot;:&quot;Montserrat&quot;,&quot;4&quot;:10}}\uee10{&quot;1&quot;:524,&quot;2&quot;:{&quot;2&quot;:{&quot;1&quot;:3,&quot;3&quot;:1},&quot;3&quot;:&quot;Montserrat&quot;,&quot;4&quot;:10}}\uee10{&quot;1&quot;:823,&quot;2&quot;:{&quot;2&quot;:{&quot;1&quot;:2,&quot;2&quot;:45136},&quot;3&quot;:&quot;Montserrat&quot;,&quot;4&quot;:10}}\uee10{&quot;1&quot;:950,&quot;2&quot;:{&quot;2&quot;:{&quot;1&quot;:3,&quot;3&quot;:1},&quot;3&quot;:&quot;Montserrat&quot;,&quot;4&quot;:10}}\uee10{&quot;1&quot;:1080,&quot;2&quot;:{&quot;2&quot;:{&quot;1&quot;:2,&quot;2&quot;:16711680},&quot;3&quot;:&quot;Montserrat&quot;,&quot;4&quot;:10}}\uee10{&quot;1&quot;:1101,&quot;2&quot;:{&quot;2&quot;:{&quot;1&quot;:3,&quot;3&quot;:1},&quot;3&quot;:&quot;Montserrat&quot;,&quot;4&quot;:10}}\uee10{&quot;1&quot;:1102,&quot;2&quot;:{&quot;2&quot;:{&quot;1&quot;:2,&quot;2&quot;:16711680},&quot;3&quot;:&quot;Montserrat&quot;,&quot;4&quot;:10}}\uee10{&quot;1&quot;:1128,&quot;2&quot;:{&quot;2&quot;:{&quot;1&quot;:3,&quot;3&quot;:1},&quot;3&quot;:&quot;Montserrat&quot;,&quot;4&quot;:10}}\uee10{&quot;1&quot;:1132,&quot;2&quot;:{&quot;2&quot;:{&quot;1&quot;:2,&quot;2&quot;:45136},&quot;3&quot;:&quot;Montserrat&quot;,&quot;4&quot;:10}}\">T\u1ecda l\u1ea1c t\u1ea1i m\u1ed9t trong nh\u1eefng b\u00e3i bi\u1ec3n \u0111\u1eb9p nh\u1ea5t c\u1ee7a Duy\u00ean h\u1ea3i Nam Trung B\u1ed9, Ana Mandara Cam Ranh \u0111\u01b0\u1ee3c \u00f4m \u1ea5p b\u1edfi tri\u1ec1n c\u00e1t tr\u1eafng v\u00e0 bi\u1ec3n xanh nh\u01b0 ng\u1ecdc t\u1ea1i B\u00e3i D\u00e0i v\u1ecbnh Cam Ranh. N\u01a1i \u0111\u00e2y ch\u1ec9 c\u00e1ch trung t\u00e2m Nha Trang 40 ph\u00fat, c\u00e1ch s\u00e2n bay qu\u1ed1c t\u1ebf Cam Ranh 10 ph\u00fat l\u00e1i xe, tr\u1ef1c ti\u1ebfp k\u1ebft n\u1ed1i nh\u1eefng chuy\u1ebfn bay qu\u1ed1c t\u1ebf, ho\u1eb7c t\u1eeb c\u00e1c th\u00e0nh ph\u1ed1 l\u1edbn c\u1ee7a Ch\u00e2u \u00c1 v\u00e0 c\u00e1c chuy\u1ebfn bay n\u1ed9i \u0111\u1ecba t\u1eeb kh\u1eafp c\u00e1c t\u1ec9nh th\u00e0nh Vi\u1ec7t Nam. D\u1ec5 d\u00e0ng \u0111\u1ebfn v\u1edbi ch\u00fang t\u00f4i t\u1eeb kh\u1eafp c\u00e1c t\u1ec9nh th\u00e0nh trong n\u01b0\u1edbc, d\u00f9 b\u1eb1ng ph\u01b0\u01a1ng ti\u1ec7n h\u00e0ng kh\u00f4ng, \u0111\u01b0\u1eddng b\u1ed9 hay \u0111\u01b0\u1eddng s\u1eaft.<\/span><\/p>\n<p>Khu ngh\u1ec9 d\u01b0\u1ee1ng sang tr\u1ecdng b\u1eadc nh\u1ea5t Ana Mandara Cam Ranh l\u00e0 n\u01a1i l\u00fd t\u01b0\u1edfng \u0111\u1ec3 ho\u00e0 m\u00ecnh c\u00f9ng bi\u1ec3n xanh, c\u00e1t tr\u1eafng v\u00e0 n\u1eafng v\u00e0ng, th\u00edch h\u1ee3p cho chuy\u1ebfn du l\u1ecbch c\u1ee7a c\u00e1c c\u1eb7p \u0111\u00f4i, gia \u0111\u00ecnh, ho\u1eb7c cho chuy\u1ebfn c\u00f4ng t\u00e1c \u0111\u1ea7y h\u1ee9ng kh\u1edfi. H\u1ec7 th\u1ed1ng l\u01b0u tr\u00fa t\u1ea1i \u0111\u00e2y g\u1ed3m 216 ph\u00f2ng ngh\u1ec9 cao c\u1ea5p \u0111\u01b0\u1ee3c thi\u1ebft k\u1ebf tinh x\u1ea3o, t\u1ea1o n\u00ean g\u00f3c phong c\u1ea3nh \u0111\u1eb9p nh\u01b0 tranh v\u1ebd, s\u1ef1 ri\u00eang t\u01b0 v\u01b0\u1ee3t tr\u1ed9i gi\u1eefa khung c\u1ea3nh thi\u00ean nhi\u00ean \u0111\u1ea7y c\u1ea3m h\u1ee9ng. Ch\u00fang t\u00f4i mang \u0111\u1ebfn hai tr\u1ea3i nghi\u1ec7m \u1ea9m th\u1ef1c kh\u00e1c bi\u1ec7t v\u1edbi c\u00e1c m\u00f3n \u0103n h\u1ee3p kh\u1ea9u v\u1ecb, c\u00f9ng c\u00e1c d\u1ecbch v\u1ee5 spa, t\u1ed5 ch\u1ee9c s\u1ef1 ki\u1ec7n v\u00e0 h\u1ed9i h\u1ecdp \u0111\u01b0\u1ee3c \u0111o ni \u0111\u00f3ng gi\u00e0y theo nhu c\u1ea7u c\u1ee7a qu\u00fd kh\u00e1ch.<\/p>\n<p>Kh\u00e1m ph\u00e1 s\u1ef1 pha tr\u1ed9n \u0111\u1ed9c \u0111\u00e1o c\u1ee7a ch\u1ed1n ngh\u1ec9 ng\u01a1i \u0111\u1eb7c quy\u1ec1n, s\u1ef1 th\u00e2n m\u1eadt tao nh\u00e3 v\u00e0 l\u00f2ng hi\u1ebfu kh\u00e1ch n\u1ed3ng h\u1eadu t\u1ea1i Ana Mandara Resort.<\/p>\n<p>&nbsp;<\/p>\n","protected":false},"excerpt":{"rendered":"<p>T\u1ecda l\u1ea1c t\u1ea1i m\u1ed9t trong nh\u1eefng b\u00e3i bi\u1ec3n \u0111\u1eb9p nh\u1ea5t c\u1ee7a Duy\u00ean h\u1ea3i Nam Trung B\u1ed9, Ana Mandara Cam Ranh \u0111\u01b0\u1ee3c \u00f4m \u1ea5p b\u1edfi tri\u1ec1n c\u00e1t tr\u1eafng v\u00e0 bi\u1ec3n xanh nh\u01b0 ng\u1ecdc t\u1ea1i B\u00e3i D\u00e0i v\u1ecbnh Cam Ranh. N\u01a1i \u0111\u00e2y ch\u1ec9 c\u00e1ch trung t\u00e2m Nha Trang 40 ph\u00fat, c\u00e1ch s\u00e2n bay qu\u1ed1c t\u1ebf Cam Ranh [&hellip;]<\/p>\n","protected":false},"author":368,"featured_media":1827,"parent":0,"menu_order":0,"comment_status":"closed","ping_status":"closed","template":"","meta":{"footnotes":""},"categories":[],"acf":[],"yoast_head":"<!-- This site is optimized with the Yoast SEO plugin v22.3 - https:\/\/yoast.com\/wordpress\/plugins\/seo\/ -->\n<title>Khu ngh\u1ec9 d\u01b0\u1ee1ng sang tr\u1ecdng t\u1ea1i Cam Ranh | Ana Mandara Cam Ranh<\/title>\n<meta name=\"description\" content=\"Li\u00ean h\u1ec7 v\u1edbi ch\u00fang t\u00f4i ngay h\u00f4m nay \u0111\u1ec3 s\u1eafp x\u1ebfp k\u1ef3 ngh\u1ec9 d\u01b0\u1ee1ng gi\u00fap b\u1ea1n tho\u00e1t kh\u1ecfi b\u1ed9n b\u1ec1 th\u01b0\u1eddng nh\u1eadt t\u1ea1i Ana Mandara Cam Ranh.\" \/>\n<meta name=\"robots\" content=\"index, follow, max-snippet:-1, max-image-preview:large, max-video-preview:-1\" \/>\n<link rel=\"canonical\" href=\"https:\/\/anamandaracamranh.com\/vi\/\" \/>\n<meta property=\"og:locale\" content=\"vi_VN\" \/>\n<meta property=\"og:type\" content=\"article\" \/>\n<meta property=\"og:title\" content=\"Khu ngh\u1ec9 d\u01b0\u1ee1ng sang tr\u1ecdng t\u1ea1i Cam Ranh | Ana Mandara Cam Ranh\" \/>\n<meta property=\"og:description\" content=\"Li\u00ean h\u1ec7 v\u1edbi ch\u00fang t\u00f4i ngay h\u00f4m nay \u0111\u1ec3 s\u1eafp x\u1ebfp k\u1ef3 ngh\u1ec9 d\u01b0\u1ee1ng gi\u00fap b\u1ea1n tho\u00e1t kh\u1ecfi b\u1ed9n b\u1ec1 th\u01b0\u1eddng nh\u1eadt t\u1ea1i Ana Mandara Cam Ranh.\" \/>\n<meta property=\"og:url\" content=\"https:\/\/anamandaracamranh.com\/vi\/\" \/>\n<meta property=\"og:site_name\" content=\"Ana Mandara Cam Ranh Hotel\" \/>\n<meta property=\"article:modified_time\" content=\"2026-03-07T02:35:33+00:00\" \/>\n<meta property=\"og:image\" content=\"https:\/\/anamandaracamranh.com\/wp-content\/uploads\/sites\/254\/2023\/10\/ANA-MANDARA-CAM-RANH-Beachfront-Two-Bedroom-Villa-14.jpg\" \/>\n\t<meta property=\"og:image:width\" content=\"2200\" \/>\n\t<meta property=\"og:image:height\" content=\"1465\" \/>\n\t<meta property=\"og:image:type\" content=\"image\/jpeg\" \/>\n<meta name=\"twitter:card\" content=\"summary_large_image\" \/>\n<meta name=\"twitter:label1\" content=\"Est. reading time\" \/>\n\t<meta name=\"twitter:data1\" content=\"2 minutes\" \/>\n<script type=\"application\/ld+json\" class=\"yoast-schema-graph\">{\"@context\":\"https:\/\/schema.org\",\"@graph\":[{\"@type\":\"WebPage\",\"@id\":\"https:\/\/anamandaracamranh.com\/vi\/\",\"url\":\"https:\/\/anamandaracamranh.com\/vi\/\",\"name\":\"Khu ngh\u1ec9 d\u01b0\u1ee1ng sang tr\u1ecdng t\u1ea1i Cam Ranh | Ana Mandara Cam Ranh\",\"isPartOf\":{\"@id\":\"https:\/\/anamandaracamranh.com\/vi\/#website\"},\"primaryImageOfPage\":{\"@id\":\"https:\/\/anamandaracamranh.com\/vi\/#primaryimage\"},\"image\":{\"@id\":\"https:\/\/anamandaracamranh.com\/vi\/#primaryimage\"},\"thumbnailUrl\":\"https:\/\/anamandaracamranh.com\/wp-content\/uploads\/sites\/254\/2023\/10\/ANA-MANDARA-CAM-RANH-Beachfront-Two-Bedroom-Villa-14.jpg\",\"datePublished\":\"2022-08-31T08:14:12+00:00\",\"dateModified\":\"2026-03-07T02:35:33+00:00\",\"description\":\"Li\u00ean h\u1ec7 v\u1edbi ch\u00fang t\u00f4i ngay h\u00f4m nay \u0111\u1ec3 s\u1eafp x\u1ebfp k\u1ef3 ngh\u1ec9 d\u01b0\u1ee1ng gi\u00fap b\u1ea1n tho\u00e1t kh\u1ecfi b\u1ed9n b\u1ec1 th\u01b0\u1eddng nh\u1eadt t\u1ea1i Ana Mandara Cam Ranh.\",\"breadcrumb\":{\"@id\":\"https:\/\/anamandaracamranh.com\/vi\/#breadcrumb\"},\"inLanguage\":\"vi-VN\",\"potentialAction\":[{\"@type\":\"ReadAction\",\"target\":[\"https:\/\/anamandaracamranh.com\/vi\/\"]}]},{\"@type\":\"ImageObject\",\"inLanguage\":\"vi-VN\",\"@id\":\"https:\/\/anamandaracamranh.com\/vi\/#primaryimage\",\"url\":\"https:\/\/anamandaracamranh.com\/wp-content\/uploads\/sites\/254\/2023\/10\/ANA-MANDARA-CAM-RANH-Beachfront-Two-Bedroom-Villa-14.jpg\",\"contentUrl\":\"https:\/\/anamandaracamranh.com\/wp-content\/uploads\/sites\/254\/2023\/10\/ANA-MANDARA-CAM-RANH-Beachfront-Two-Bedroom-Villa-14.jpg\",\"width\":2200,\"height\":1465},{\"@type\":\"BreadcrumbList\",\"@id\":\"https:\/\/anamandaracamranh.com\/vi\/#breadcrumb\",\"itemListElement\":[{\"@type\":\"ListItem\",\"position\":1,\"name\":\"Home\",\"item\":\"https:\/\/anamandaracamranh.com\/vi\/\"},{\"@type\":\"ListItem\",\"position\":2,\"name\":\"N\u01a1i giao h\u00f2a c\u1ee7a B\u1ea3n S\u1eafc Vi\u1ec7t Sang Tr\u1ecdng\"}]},{\"@type\":\"WebSite\",\"@id\":\"https:\/\/anamandaracamranh.com\/vi\/#website\",\"url\":\"https:\/\/anamandaracamranh.com\/vi\/\",\"name\":\"Ana Mandara Cam Ranh Hotel\",\"description\":\"\",\"potentialAction\":[{\"@type\":\"SearchAction\",\"target\":{\"@type\":\"EntryPoint\",\"urlTemplate\":\"https:\/\/anamandaracamranh.com\/vi\/?s={search_term_string}\"},\"query-input\":\"required name=search_term_string\"}],\"inLanguage\":\"vi-VN\"}]}<\/script>\n<!-- \/ Yoast SEO plugin. -->","yoast_head_json":{"title":"Khu ngh\u1ec9 d\u01b0\u1ee1ng sang tr\u1ecdng t\u1ea1i Cam Ranh | Ana Mandara Cam Ranh","description":"Li\u00ean h\u1ec7 v\u1edbi ch\u00fang t\u00f4i ngay h\u00f4m nay \u0111\u1ec3 s\u1eafp x\u1ebfp k\u1ef3 ngh\u1ec9 d\u01b0\u1ee1ng gi\u00fap b\u1ea1n tho\u00e1t kh\u1ecfi b\u1ed9n b\u1ec1 th\u01b0\u1eddng nh\u1eadt t\u1ea1i Ana Mandara Cam Ranh.","robots":{"index":"index","follow":"follow","max-snippet":"max-snippet:-1","max-image-preview":"max-image-preview:large","max-video-preview":"max-video-preview:-1"},"canonical":"https:\/\/anamandaracamranh.com\/vi\/","og_locale":"vi_VN","og_type":"article","og_title":"Khu ngh\u1ec9 d\u01b0\u1ee1ng sang tr\u1ecdng t\u1ea1i Cam Ranh | Ana Mandara Cam Ranh","og_description":"Li\u00ean h\u1ec7 v\u1edbi ch\u00fang t\u00f4i ngay h\u00f4m nay \u0111\u1ec3 s\u1eafp x\u1ebfp k\u1ef3 ngh\u1ec9 d\u01b0\u1ee1ng gi\u00fap b\u1ea1n tho\u00e1t kh\u1ecfi b\u1ed9n b\u1ec1 th\u01b0\u1eddng nh\u1eadt t\u1ea1i Ana Mandara Cam Ranh.","og_url":"https:\/\/anamandaracamranh.com\/vi\/","og_site_name":"Ana Mandara Cam Ranh Hotel","article_modified_time":"2026-03-07T02:35:33+00:00","og_image":[{"width":2200,"height":1465,"url":"https:\/\/anamandaracamranh.com\/wp-content\/uploads\/sites\/254\/2023\/10\/ANA-MANDARA-CAM-RANH-Beachfront-Two-Bedroom-Villa-14.jpg","type":"image\/jpeg"}],"twitter_card":"summary_large_image","twitter_misc":{"Est. reading time":"2 minutes"},"schema":{"@context":"https:\/\/schema.org","@graph":[{"@type":"WebPage","@id":"https:\/\/anamandaracamranh.com\/vi\/","url":"https:\/\/anamandaracamranh.com\/vi\/","name":"Khu ngh\u1ec9 d\u01b0\u1ee1ng sang tr\u1ecdng t\u1ea1i Cam Ranh | Ana Mandara Cam Ranh","isPartOf":{"@id":"https:\/\/anamandaracamranh.com\/vi\/#website"},"primaryImageOfPage":{"@id":"https:\/\/anamandaracamranh.com\/vi\/#primaryimage"},"image":{"@id":"https:\/\/anamandaracamranh.com\/vi\/#primaryimage"},"thumbnailUrl":"https:\/\/anamandaracamranh.com\/wp-content\/uploads\/sites\/254\/2023\/10\/ANA-MANDARA-CAM-RANH-Beachfront-Two-Bedroom-Villa-14.jpg","datePublished":"2022-08-31T08:14:12+00:00","dateModified":"2026-03-07T02:35:33+00:00","description":"Li\u00ean h\u1ec7 v\u1edbi ch\u00fang t\u00f4i ngay h\u00f4m nay \u0111\u1ec3 s\u1eafp x\u1ebfp k\u1ef3 ngh\u1ec9 d\u01b0\u1ee1ng gi\u00fap b\u1ea1n tho\u00e1t kh\u1ecfi b\u1ed9n b\u1ec1 th\u01b0\u1eddng nh\u1eadt t\u1ea1i Ana Mandara Cam Ranh.","breadcrumb":{"@id":"https:\/\/anamandaracamranh.com\/vi\/#breadcrumb"},"inLanguage":"vi-VN","potentialAction":[{"@type":"ReadAction","target":["https:\/\/anamandaracamranh.com\/vi\/"]}]},{"@type":"ImageObject","inLanguage":"vi-VN","@id":"https:\/\/anamandaracamranh.com\/vi\/#primaryimage","url":"https:\/\/anamandaracamranh.com\/wp-content\/uploads\/sites\/254\/2023\/10\/ANA-MANDARA-CAM-RANH-Beachfront-Two-Bedroom-Villa-14.jpg","contentUrl":"https:\/\/anamandaracamranh.com\/wp-content\/uploads\/sites\/254\/2023\/10\/ANA-MANDARA-CAM-RANH-Beachfront-Two-Bedroom-Villa-14.jpg","width":2200,"height":1465},{"@type":"BreadcrumbList","@id":"https:\/\/anamandaracamranh.com\/vi\/#breadcrumb","itemListElement":[{"@type":"ListItem","position":1,"name":"Home","item":"https:\/\/anamandaracamranh.com\/vi\/"},{"@type":"ListItem","position":2,"name":"N\u01a1i giao h\u00f2a c\u1ee7a B\u1ea3n S\u1eafc Vi\u1ec7t Sang Tr\u1ecdng"}]},{"@type":"WebSite","@id":"https:\/\/anamandaracamranh.com\/vi\/#website","url":"https:\/\/anamandaracamranh.com\/vi\/","name":"Ana Mandara Cam Ranh Hotel","description":"","potentialAction":[{"@type":"SearchAction","target":{"@type":"EntryPoint","urlTemplate":"https:\/\/anamandaracamranh.com\/vi\/?s={search_term_string}"},"query-input":"required name=search_term_string"}],"inLanguage":"vi-VN"}]}},"_links":{"self":[{"href":"https:\/\/anamandaracamranh.com\/vi\/wp-json\/wp\/v2\/pages\/523"}],"collection":[{"href":"https:\/\/anamandaracamranh.com\/vi\/wp-json\/wp\/v2\/pages"}],"about":[{"href":"https:\/\/anamandaracamranh.com\/vi\/wp-json\/wp\/v2\/types\/page"}],"author":[{"embeddable":true,"href":"https:\/\/anamandaracamranh.com\/vi\/wp-json\/wp\/v2\/users\/368"}],"replies":[{"embeddable":true,"href":"https:\/\/anamandaracamranh.com\/vi\/wp-json\/wp\/v2\/comments?post=523"}],"version-history":[{"count":3,"href":"https:\/\/anamandaracamranh.com\/vi\/wp-json\/wp\/v2\/pages\/523\/revisions"}],"predecessor-version":[{"id":3572,"href":"https:\/\/anamandaracamranh.com\/vi\/wp-json\/wp\/v2\/pages\/523\/revisions\/3572"}],"wp:featuredmedia":[{"embeddable":true,"href":"https:\/\/anamandaracamranh.com\/vi\/wp-json\/wp\/v2\/media\/1827"}],"wp:attachment":[{"href":"https:\/\/anamandaracamranh.com\/vi\/wp-json\/wp\/v2\/media?parent=523"}],"wp:term":[{"taxonomy":"category","embeddable":true,"href":"https:\/\/anamandaracamranh.com\/vi\/wp-json\/wp\/v2\/categories?post=523"}],"curies":[{"name":"wp","href":"https:\/\/api.w.org\/{rel}","templated":true}]}}