{"id":3607,"date":"2026-04-02T09:04:11","date_gmt":"2026-04-02T09:04:11","guid":{"rendered":"https:\/\/anamandaracamranh.com\/?page_id=3607"},"modified":"2026-04-02T09:04:48","modified_gmt":"2026-04-02T09:04:48","slug":"lagoon-one-bedroom-suite","status":"publish","type":"page","link":"https:\/\/anamandaracamranh.com\/vi\/rooms-suites-villas\/lagoon-one-bedroom-suite\/","title":{"rendered":"Lagoon One Bedroom Suite"},"content":{"rendered":"<p>N\u1eb1m tr\u1ecdn t\u1ea1i t\u1ea7ng cao c\u1ee7a nh\u1eefng c\u0103n Duplex duy\u00ean d\u00e1ng, Lagoon One Bedroom Suite l\u00e0 s\u1ef1 k\u1ebft h\u1ee3p ho\u00e0n h\u1ea3o gi\u1eefa n\u00e9t ki\u1ebfn tr\u00fac tinh t\u1ebf v\u00e0 s\u1ef1 ri\u00eang t\u01b0 tuy\u1ec7t \u0111\u1ed1i. V\u1edbi l\u1ed1i \u0111i ri\u00eang bi\u1ec7t qua c\u1ea7u thang b\u1ed9 ngo\u00e0i tr\u1eddi, kh\u00f4ng gian n\u00e0y m\u1edf ra m\u1ed9t th\u1ebf gi\u1edbi t\u00e1ch bi\u1ec7t d\u00e0nh cho nh\u1eefng t\u00e2m h\u1ed3n t\u00ecm ki\u1ebfm s\u1ef1 t\u0129nh l\u1eb7ng. V\u1edbi di\u1ec7n t\u00edch r\u1ed9ng l\u1edbn 128 m2, c\u0103n Suite mang \u0111\u1eadm h\u01a1i th\u1edf c\u1ee7a bi\u1ec3n c\u1ea3 v\u00e0 thi\u00ean nhi\u00ean Cam Ranh qua thi\u1ebft k\u1ebf m\u1edf \u0111\u00f3n tr\u1ecdn \u00e1nh s\u00e1ng t\u1ef1 nhi\u00ean. \u0110i\u1ec3m ch\u1ea1m c\u1ea3m x\u00fac nh\u1ea5t ch\u00ednh l\u00e0 khu v\u1ef1c ph\u00f2ng t\u1eafm \u0111\u01b0\u1ee3c ch\u0103m ch\u00fat t\u1ec9 m\u1ec9 v\u1edbi b\u1ed3n t\u1eafm jetty bathtub sang tr\u1ecdng, n\u01a1i qu\u00fd kh\u00e1ch c\u00f3 th\u1ec3 th\u01b0 th\u1ea3 t\u1eadn h\u01b0\u1edfng nh\u1eefng gi\u00e2y ph\u00fat ch\u0103m s\u00f3c b\u1ea3n th\u00e2n gi\u1eefa kh\u00f4ng gian kho\u00e1ng \u0111\u1ea1t. T\u1eeb ban c\u00f4ng ri\u00eang r\u1ed9ng r\u00e3i, t\u1ea7m nh\u00ecn \u00f4m tr\u1ecdn m\u1eb7t h\u1ed3 lagoon y\u00ean \u1ea3 kh\u00f4ng ch\u1ec9 mang l\u1ea1i c\u1ea3m gi\u00e1c th\u01b0 th\u00e1i m\u00e0 c\u00f2n l\u00e0 n\u01a1i l\u00fd t\u01b0\u1edfng \u0111\u1ec3 th\u01b0\u1edfng ngo\u1ea1n v\u1ebb \u0111\u1eb9p b\u00ecnh y\u00ean c\u1ee7a khu ngh\u1ec9 d\u01b0\u1ee1ng.<\/p>\n","protected":false},"excerpt":{"rendered":"<p>N\u1eb1m tr\u1ecdn t\u1ea1i t\u1ea7ng cao c\u1ee7a nh\u1eefng c\u0103n Duplex duy\u00ean d\u00e1ng, Lagoon One Bedroom Suite l\u00e0 s\u1ef1 k\u1ebft h\u1ee3p ho\u00e0n h\u1ea3o gi\u1eefa n\u00e9t ki\u1ebfn tr\u00fac tinh t\u1ebf v\u00e0 s\u1ef1 ri\u00eang t\u01b0 tuy\u1ec7t \u0111\u1ed1i. V\u1edbi l\u1ed1i \u0111i ri\u00eang bi\u1ec7t qua c\u1ea7u thang b\u1ed9 ngo\u00e0i tr\u1eddi, kh\u00f4ng gian n\u00e0y m\u1edf ra m\u1ed9t th\u1ebf gi\u1edbi t\u00e1ch bi\u1ec7t d\u00e0nh [&hellip;]<\/p>\n","protected":false},"author":510,"featured_media":3597,"parent":683,"menu_order":0,"comment_status":"closed","ping_status":"closed","template":"template-single-room.php","meta":{"footnotes":""},"categories":[],"acf":[],"yoast_head":"<!-- This site is optimized with the Yoast SEO plugin v22.3 - https:\/\/yoast.com\/wordpress\/plugins\/seo\/ -->\n<title>Lagoon One Bedroom Suite - Ana Mandara Cam Ranh Hotel<\/title>\n<meta name=\"robots\" content=\"index, follow, max-snippet:-1, max-image-preview:large, max-video-preview:-1\" \/>\n<link rel=\"canonical\" href=\"https:\/\/anamandaracamranh.com\/vi\/rooms-suites-villas\/lagoon-one-bedroom-suite\/\" \/>\n<meta property=\"og:locale\" content=\"vi_VN\" \/>\n<meta property=\"og:type\" content=\"article\" \/>\n<meta property=\"og:title\" content=\"Lagoon One Bedroom Suite - Ana Mandara Cam Ranh Hotel\" \/>\n<meta property=\"og:description\" content=\"N\u1eb1m tr\u1ecdn t\u1ea1i t\u1ea7ng cao c\u1ee7a nh\u1eefng c\u0103n Duplex duy\u00ean d\u00e1ng, Lagoon One Bedroom Suite l\u00e0 s\u1ef1 k\u1ebft h\u1ee3p ho\u00e0n h\u1ea3o gi\u1eefa n\u00e9t ki\u1ebfn tr\u00fac tinh t\u1ebf v\u00e0 s\u1ef1 ri\u00eang t\u01b0 tuy\u1ec7t \u0111\u1ed1i. V\u1edbi l\u1ed1i \u0111i ri\u00eang bi\u1ec7t qua c\u1ea7u thang b\u1ed9 ngo\u00e0i tr\u1eddi, kh\u00f4ng gian n\u00e0y m\u1edf ra m\u1ed9t th\u1ebf gi\u1edbi t\u00e1ch bi\u1ec7t d\u00e0nh [&hellip;]\" \/>\n<meta property=\"og:url\" content=\"https:\/\/anamandaracamranh.com\/vi\/rooms-suites-villas\/lagoon-one-bedroom-suite\/\" \/>\n<meta property=\"og:site_name\" content=\"Ana Mandara Cam Ranh Hotel\" \/>\n<meta property=\"article:modified_time\" content=\"2026-04-02T09:04:48+00:00\" \/>\n<meta property=\"og:image\" content=\"https:\/\/anamandaracamranh.com\/wp-content\/uploads\/sites\/254\/2026\/04\/AMCR_Lagoon-Suite-5.jpg\" \/>\n\t<meta property=\"og:image:width\" content=\"2200\" \/>\n\t<meta property=\"og:image:height\" content=\"1466\" \/>\n\t<meta property=\"og:image:type\" content=\"image\/jpeg\" \/>\n<meta name=\"twitter:card\" content=\"summary_large_image\" \/>\n<meta name=\"twitter:label1\" content=\"Est. reading time\" \/>\n\t<meta name=\"twitter:data1\" content=\"1 minute\" \/>\n<script type=\"application\/ld+json\" class=\"yoast-schema-graph\">{\"@context\":\"https:\/\/schema.org\",\"@graph\":[{\"@type\":\"WebPage\",\"@id\":\"https:\/\/anamandaracamranh.com\/vi\/rooms-suites-villas\/lagoon-one-bedroom-suite\/\",\"url\":\"https:\/\/anamandaracamranh.com\/vi\/rooms-suites-villas\/lagoon-one-bedroom-suite\/\",\"name\":\"Lagoon One Bedroom Suite - Ana Mandara Cam Ranh Hotel\",\"isPartOf\":{\"@id\":\"https:\/\/anamandaracamranh.com\/vi\/#website\"},\"primaryImageOfPage\":{\"@id\":\"https:\/\/anamandaracamranh.com\/vi\/rooms-suites-villas\/lagoon-one-bedroom-suite\/#primaryimage\"},\"image\":{\"@id\":\"https:\/\/anamandaracamranh.com\/vi\/rooms-suites-villas\/lagoon-one-bedroom-suite\/#primaryimage\"},\"thumbnailUrl\":\"https:\/\/anamandaracamranh.com\/wp-content\/uploads\/sites\/254\/2026\/04\/AMCR_Lagoon-Suite-5.jpg\",\"datePublished\":\"2026-04-02T09:04:11+00:00\",\"dateModified\":\"2026-04-02T09:04:48+00:00\",\"breadcrumb\":{\"@id\":\"https:\/\/anamandaracamranh.com\/vi\/rooms-suites-villas\/lagoon-one-bedroom-suite\/#breadcrumb\"},\"inLanguage\":\"vi-VN\",\"potentialAction\":[{\"@type\":\"ReadAction\",\"target\":[\"https:\/\/anamandaracamranh.com\/vi\/rooms-suites-villas\/lagoon-one-bedroom-suite\/\"]}]},{\"@type\":\"ImageObject\",\"inLanguage\":\"vi-VN\",\"@id\":\"https:\/\/anamandaracamranh.com\/vi\/rooms-suites-villas\/lagoon-one-bedroom-suite\/#primaryimage\",\"url\":\"https:\/\/anamandaracamranh.com\/wp-content\/uploads\/sites\/254\/2026\/04\/AMCR_Lagoon-Suite-5.jpg\",\"contentUrl\":\"https:\/\/anamandaracamranh.com\/wp-content\/uploads\/sites\/254\/2026\/04\/AMCR_Lagoon-Suite-5.jpg\",\"width\":2200,\"height\":1466},{\"@type\":\"BreadcrumbList\",\"@id\":\"https:\/\/anamandaracamranh.com\/vi\/rooms-suites-villas\/lagoon-one-bedroom-suite\/#breadcrumb\",\"itemListElement\":[{\"@type\":\"ListItem\",\"position\":1,\"name\":\"Home\",\"item\":\"https:\/\/anamandaracamranh.com\/vi\/\"},{\"@type\":\"ListItem\",\"position\":2,\"name\":\"Ph\u00f2ng ngh\u1ec9\",\"item\":\"https:\/\/anamandaracamranh.com\/vi\/rooms-suites-villas\/\"},{\"@type\":\"ListItem\",\"position\":3,\"name\":\"Lagoon One Bedroom Suite\"}]},{\"@type\":\"WebSite\",\"@id\":\"https:\/\/anamandaracamranh.com\/vi\/#website\",\"url\":\"https:\/\/anamandaracamranh.com\/vi\/\",\"name\":\"Ana Mandara Cam Ranh Hotel\",\"description\":\"\",\"potentialAction\":[{\"@type\":\"SearchAction\",\"target\":{\"@type\":\"EntryPoint\",\"urlTemplate\":\"https:\/\/anamandaracamranh.com\/vi\/?s={search_term_string}\"},\"query-input\":\"required name=search_term_string\"}],\"inLanguage\":\"vi-VN\"}]}<\/script>\n<!-- \/ Yoast SEO plugin. -->","yoast_head_json":{"title":"Lagoon One Bedroom Suite - Ana Mandara Cam Ranh Hotel","robots":{"index":"index","follow":"follow","max-snippet":"max-snippet:-1","max-image-preview":"max-image-preview:large","max-video-preview":"max-video-preview:-1"},"canonical":"https:\/\/anamandaracamranh.com\/vi\/rooms-suites-villas\/lagoon-one-bedroom-suite\/","og_locale":"vi_VN","og_type":"article","og_title":"Lagoon One Bedroom Suite - Ana Mandara Cam Ranh Hotel","og_description":"N\u1eb1m tr\u1ecdn t\u1ea1i t\u1ea7ng cao c\u1ee7a nh\u1eefng c\u0103n Duplex duy\u00ean d\u00e1ng, Lagoon One Bedroom Suite l\u00e0 s\u1ef1 k\u1ebft h\u1ee3p ho\u00e0n h\u1ea3o gi\u1eefa n\u00e9t ki\u1ebfn tr\u00fac tinh t\u1ebf v\u00e0 s\u1ef1 ri\u00eang t\u01b0 tuy\u1ec7t \u0111\u1ed1i. V\u1edbi l\u1ed1i \u0111i ri\u00eang bi\u1ec7t qua c\u1ea7u thang b\u1ed9 ngo\u00e0i tr\u1eddi, kh\u00f4ng gian n\u00e0y m\u1edf ra m\u1ed9t th\u1ebf gi\u1edbi t\u00e1ch bi\u1ec7t d\u00e0nh [&hellip;]","og_url":"https:\/\/anamandaracamranh.com\/vi\/rooms-suites-villas\/lagoon-one-bedroom-suite\/","og_site_name":"Ana Mandara Cam Ranh Hotel","article_modified_time":"2026-04-02T09:04:48+00:00","og_image":[{"width":2200,"height":1466,"url":"https:\/\/anamandaracamranh.com\/wp-content\/uploads\/sites\/254\/2026\/04\/AMCR_Lagoon-Suite-5.jpg","type":"image\/jpeg"}],"twitter_card":"summary_large_image","twitter_misc":{"Est. reading time":"1 minute"},"schema":{"@context":"https:\/\/schema.org","@graph":[{"@type":"WebPage","@id":"https:\/\/anamandaracamranh.com\/vi\/rooms-suites-villas\/lagoon-one-bedroom-suite\/","url":"https:\/\/anamandaracamranh.com\/vi\/rooms-suites-villas\/lagoon-one-bedroom-suite\/","name":"Lagoon One Bedroom Suite - Ana Mandara Cam Ranh Hotel","isPartOf":{"@id":"https:\/\/anamandaracamranh.com\/vi\/#website"},"primaryImageOfPage":{"@id":"https:\/\/anamandaracamranh.com\/vi\/rooms-suites-villas\/lagoon-one-bedroom-suite\/#primaryimage"},"image":{"@id":"https:\/\/anamandaracamranh.com\/vi\/rooms-suites-villas\/lagoon-one-bedroom-suite\/#primaryimage"},"thumbnailUrl":"https:\/\/anamandaracamranh.com\/wp-content\/uploads\/sites\/254\/2026\/04\/AMCR_Lagoon-Suite-5.jpg","datePublished":"2026-04-02T09:04:11+00:00","dateModified":"2026-04-02T09:04:48+00:00","breadcrumb":{"@id":"https:\/\/anamandaracamranh.com\/vi\/rooms-suites-villas\/lagoon-one-bedroom-suite\/#breadcrumb"},"inLanguage":"vi-VN","potentialAction":[{"@type":"ReadAction","target":["https:\/\/anamandaracamranh.com\/vi\/rooms-suites-villas\/lagoon-one-bedroom-suite\/"]}]},{"@type":"ImageObject","inLanguage":"vi-VN","@id":"https:\/\/anamandaracamranh.com\/vi\/rooms-suites-villas\/lagoon-one-bedroom-suite\/#primaryimage","url":"https:\/\/anamandaracamranh.com\/wp-content\/uploads\/sites\/254\/2026\/04\/AMCR_Lagoon-Suite-5.jpg","contentUrl":"https:\/\/anamandaracamranh.com\/wp-content\/uploads\/sites\/254\/2026\/04\/AMCR_Lagoon-Suite-5.jpg","width":2200,"height":1466},{"@type":"BreadcrumbList","@id":"https:\/\/anamandaracamranh.com\/vi\/rooms-suites-villas\/lagoon-one-bedroom-suite\/#breadcrumb","itemListElement":[{"@type":"ListItem","position":1,"name":"Home","item":"https:\/\/anamandaracamranh.com\/vi\/"},{"@type":"ListItem","position":2,"name":"Ph\u00f2ng ngh\u1ec9","item":"https:\/\/anamandaracamranh.com\/vi\/rooms-suites-villas\/"},{"@type":"ListItem","position":3,"name":"Lagoon One Bedroom Suite"}]},{"@type":"WebSite","@id":"https:\/\/anamandaracamranh.com\/vi\/#website","url":"https:\/\/anamandaracamranh.com\/vi\/","name":"Ana Mandara Cam Ranh Hotel","description":"","potentialAction":[{"@type":"SearchAction","target":{"@type":"EntryPoint","urlTemplate":"https:\/\/anamandaracamranh.com\/vi\/?s={search_term_string}"},"query-input":"required name=search_term_string"}],"inLanguage":"vi-VN"}]}},"_links":{"self":[{"href":"https:\/\/anamandaracamranh.com\/vi\/wp-json\/wp\/v2\/pages\/3607"}],"collection":[{"href":"https:\/\/anamandaracamranh.com\/vi\/wp-json\/wp\/v2\/pages"}],"about":[{"href":"https:\/\/anamandaracamranh.com\/vi\/wp-json\/wp\/v2\/types\/page"}],"author":[{"embeddable":true,"href":"https:\/\/anamandaracamranh.com\/vi\/wp-json\/wp\/v2\/users\/510"}],"replies":[{"embeddable":true,"href":"https:\/\/anamandaracamranh.com\/vi\/wp-json\/wp\/v2\/comments?post=3607"}],"version-history":[{"count":3,"href":"https:\/\/anamandaracamranh.com\/vi\/wp-json\/wp\/v2\/pages\/3607\/revisions"}],"predecessor-version":[{"id":3610,"href":"https:\/\/anamandaracamranh.com\/vi\/wp-json\/wp\/v2\/pages\/3607\/revisions\/3610"}],"up":[{"embeddable":true,"href":"https:\/\/anamandaracamranh.com\/vi\/wp-json\/wp\/v2\/pages\/683"}],"wp:featuredmedia":[{"embeddable":true,"href":"https:\/\/anamandaracamranh.com\/vi\/wp-json\/wp\/v2\/media\/3597"}],"wp:attachment":[{"href":"https:\/\/anamandaracamranh.com\/vi\/wp-json\/wp\/v2\/media?parent=3607"}],"wp:term":[{"taxonomy":"category","embeddable":true,"href":"https:\/\/anamandaracamranh.com\/vi\/wp-json\/wp\/v2\/categories?post=3607"}],"curies":[{"name":"wp","href":"https:\/\/api.w.org\/{rel}","templated":true}]}}