{"id":3587,"date":"2026-03-30T06:56:05","date_gmt":"2026-03-30T06:56:05","guid":{"rendered":"https:\/\/anamandaracamranh.com\/?page_id=3587"},"modified":"2026-03-30T06:56:56","modified_gmt":"2026-03-30T06:56:56","slug":"lagoon-one-bedroom-pool-villa","status":"publish","type":"page","link":"https:\/\/anamandaracamranh.com\/vi\/rooms-suites-villas\/lagoon-one-bedroom-pool-villa\/","title":{"rendered":"Lagoon One Bedroom Pool Villa"},"content":{"rendered":"<p>T\u1ecda l\u1ea1c t\u1ea1i t\u1ea7ng tr\u1ec7t c\u1ee7a c\u0103n bi\u1ec7t th\u1ef1 duplex bi\u1ec7t l\u1eadp, Lagoon One Bedroom Pool Villa Twin l\u00e0 m\u1ed9t \u1ed1c \u0111\u1ea3o r\u1ed9ng 202 m\u00b2, n\u01a1i giao h\u00f2a c\u1ee7a b\u1ea3n s\u1eafc Vi\u1ec7t sang tr\u1ecdng \u0111\u1eb7c tr\u01b0ng t\u1ea1i Ana Mandara Cam Ranh. Kh\u00f4ng gian ph\u00f2ng kh\u00e1ch r\u1ed9ng m\u1edf \u0111\u01b0\u1ee3c thi\u1ebft k\u1ebf tinh t\u1ebf v\u1edbi c\u00e1c v\u1eadt li\u1ec7u b\u1ea3n \u0111\u1ecba th\u00f4 m\u1ed9c, d\u1eabn l\u1ed1i \u0111\u1ebfn ph\u00f2ng ng\u1ee7 hai gi\u01b0\u1eddng \u0111\u01a1n \u00eam \u00e1i n\u1ed1i li\u1ec1n tr\u1ef1c ti\u1ebfp v\u1edbi s\u00e2n hi\u00ean ph\u01a1i n\u1eafng. \u0110i\u1ec3m nh\u1ea5n \u0111\u1eaft gi\u00e1 c\u1ee7a bi\u1ec7t th\u1ef1 l\u00e0 h\u1ed3 b\u01a1i ri\u00eang bi\u1ec7t n\u1eb1m n\u00e9p m\u00ecnh b\u00ean m\u1eb7t h\u1ed3 Lagoon hoa s\u00fang thanh b\u00ecnh, n\u01a1i b\u1ea1n c\u00f3 th\u1ec3 th\u01b0 th\u00e1i ng\u1eafm nh\u00ecn \u00e1nh ho\u00e0ng h\u00f4n nhu\u1ed9m v\u00e0ng m\u1eb7t n\u01b0\u1edbc ngay t\u1eeb hi\u00ean nh\u00e0. M\u1ecdi chi ti\u1ebft, t\u1eeb b\u1ed3n t\u1eafm n\u1eb1m sang tr\u1ecdng \u0111\u1ebfn s\u1ef1 t\u0129nh l\u1eb7ng c\u1ee7a c\u1ea3nh quan, \u0111\u1ec1u \u0111\u01b0\u1ee3c ch\u0103m ch\u00fat \u0111\u1ec3 x\u00f3a nh\u00f2a ranh gi\u1edbi gi\u1eefa con ng\u01b0\u1eddi v\u00e0 thi\u00ean nhi\u00ean, mang l\u1ea1i m\u1ed9t h\u00e0nh tr\u00ecnh ngh\u1ec9 d\u01b0\u1ee1ng m\u1ed9c m\u1ea1c nh\u01b0ng \u0111\u1ea7y \u0111\u1eb3ng c\u1ea5p v\u00e0 \u0111\u1eadm ch\u1ea5t t\u00e2m h\u1ed3n Vi\u1ec7t.<\/p>\n","protected":false},"excerpt":{"rendered":"<p>T\u1ecda l\u1ea1c t\u1ea1i t\u1ea7ng tr\u1ec7t c\u1ee7a c\u0103n bi\u1ec7t th\u1ef1 duplex bi\u1ec7t l\u1eadp, Lagoon One Bedroom Pool Villa Twin l\u00e0 m\u1ed9t \u1ed1c \u0111\u1ea3o r\u1ed9ng 202 m\u00b2, n\u01a1i giao h\u00f2a c\u1ee7a b\u1ea3n s\u1eafc Vi\u1ec7t sang tr\u1ecdng \u0111\u1eb7c tr\u01b0ng t\u1ea1i Ana Mandara Cam Ranh. Kh\u00f4ng gian ph\u00f2ng kh\u00e1ch r\u1ed9ng m\u1edf \u0111\u01b0\u1ee3c thi\u1ebft k\u1ebf tinh t\u1ebf v\u1edbi c\u00e1c v\u1eadt [&hellip;]<\/p>\n","protected":false},"author":510,"featured_media":3444,"parent":683,"menu_order":0,"comment_status":"closed","ping_status":"closed","template":"template-single-room.php","meta":{"footnotes":""},"categories":[],"acf":[],"yoast_head":"<!-- This site is optimized with the Yoast SEO plugin v22.3 - https:\/\/yoast.com\/wordpress\/plugins\/seo\/ -->\n<title>Lagoon One Bedroom Pool Villa - Ana Mandara Cam Ranh<\/title>\n<meta name=\"robots\" content=\"index, follow, max-snippet:-1, max-image-preview:large, max-video-preview:-1\" \/>\n<link rel=\"canonical\" href=\"https:\/\/anamandaracamranh.com\/vi\/rooms-suites-villas\/lagoon-one-bedroom-pool-villa\/\" \/>\n<meta property=\"og:locale\" content=\"vi_VN\" \/>\n<meta property=\"og:type\" content=\"article\" \/>\n<meta property=\"og:title\" content=\"Lagoon One Bedroom Pool Villa - Ana Mandara Cam Ranh\" \/>\n<meta property=\"og:description\" content=\"T\u1ecda l\u1ea1c t\u1ea1i t\u1ea7ng tr\u1ec7t c\u1ee7a c\u0103n bi\u1ec7t th\u1ef1 duplex bi\u1ec7t l\u1eadp, Lagoon One Bedroom Pool Villa Twin l\u00e0 m\u1ed9t \u1ed1c \u0111\u1ea3o r\u1ed9ng 202 m\u00b2, n\u01a1i giao h\u00f2a c\u1ee7a b\u1ea3n s\u1eafc Vi\u1ec7t sang tr\u1ecdng \u0111\u1eb7c tr\u01b0ng t\u1ea1i Ana Mandara Cam Ranh. Kh\u00f4ng gian ph\u00f2ng kh\u00e1ch r\u1ed9ng m\u1edf \u0111\u01b0\u1ee3c thi\u1ebft k\u1ebf tinh t\u1ebf v\u1edbi c\u00e1c v\u1eadt [&hellip;]\" \/>\n<meta property=\"og:url\" content=\"https:\/\/anamandaracamranh.com\/vi\/rooms-suites-villas\/lagoon-one-bedroom-pool-villa\/\" \/>\n<meta property=\"og:site_name\" content=\"Ana Mandara Cam Ranh Hotel\" \/>\n<meta property=\"article:modified_time\" content=\"2026-03-30T06:56:56+00:00\" \/>\n<meta property=\"og:image\" content=\"https:\/\/anamandaracamranh.com\/wp-content\/uploads\/sites\/254\/2025\/12\/AMCR_Lagoon-Villa-5.jpg\" \/>\n\t<meta property=\"og:image:width\" content=\"2200\" \/>\n\t<meta property=\"og:image:height\" content=\"1466\" \/>\n\t<meta property=\"og:image:type\" content=\"image\/jpeg\" \/>\n<meta name=\"twitter:card\" content=\"summary_large_image\" \/>\n<meta name=\"twitter:label1\" content=\"Est. reading time\" \/>\n\t<meta name=\"twitter:data1\" content=\"1 minute\" \/>\n<script type=\"application\/ld+json\" class=\"yoast-schema-graph\">{\"@context\":\"https:\/\/schema.org\",\"@graph\":[{\"@type\":\"WebPage\",\"@id\":\"https:\/\/anamandaracamranh.com\/vi\/rooms-suites-villas\/lagoon-one-bedroom-pool-villa\/\",\"url\":\"https:\/\/anamandaracamranh.com\/vi\/rooms-suites-villas\/lagoon-one-bedroom-pool-villa\/\",\"name\":\"Lagoon One Bedroom Pool Villa - Ana Mandara Cam Ranh\",\"isPartOf\":{\"@id\":\"https:\/\/anamandaracamranh.com\/vi\/#website\"},\"primaryImageOfPage\":{\"@id\":\"https:\/\/anamandaracamranh.com\/vi\/rooms-suites-villas\/lagoon-one-bedroom-pool-villa\/#primaryimage\"},\"image\":{\"@id\":\"https:\/\/anamandaracamranh.com\/vi\/rooms-suites-villas\/lagoon-one-bedroom-pool-villa\/#primaryimage\"},\"thumbnailUrl\":\"https:\/\/anamandaracamranh.com\/wp-content\/uploads\/sites\/254\/2025\/12\/AMCR_Lagoon-Villa-5.jpg\",\"datePublished\":\"2026-03-30T06:56:05+00:00\",\"dateModified\":\"2026-03-30T06:56:56+00:00\",\"breadcrumb\":{\"@id\":\"https:\/\/anamandaracamranh.com\/vi\/rooms-suites-villas\/lagoon-one-bedroom-pool-villa\/#breadcrumb\"},\"inLanguage\":\"vi-VN\",\"potentialAction\":[{\"@type\":\"ReadAction\",\"target\":[\"https:\/\/anamandaracamranh.com\/vi\/rooms-suites-villas\/lagoon-one-bedroom-pool-villa\/\"]}]},{\"@type\":\"ImageObject\",\"inLanguage\":\"vi-VN\",\"@id\":\"https:\/\/anamandaracamranh.com\/vi\/rooms-suites-villas\/lagoon-one-bedroom-pool-villa\/#primaryimage\",\"url\":\"https:\/\/anamandaracamranh.com\/wp-content\/uploads\/sites\/254\/2025\/12\/AMCR_Lagoon-Villa-5.jpg\",\"contentUrl\":\"https:\/\/anamandaracamranh.com\/wp-content\/uploads\/sites\/254\/2025\/12\/AMCR_Lagoon-Villa-5.jpg\",\"width\":2200,\"height\":1466},{\"@type\":\"BreadcrumbList\",\"@id\":\"https:\/\/anamandaracamranh.com\/vi\/rooms-suites-villas\/lagoon-one-bedroom-pool-villa\/#breadcrumb\",\"itemListElement\":[{\"@type\":\"ListItem\",\"position\":1,\"name\":\"Home\",\"item\":\"https:\/\/anamandaracamranh.com\/vi\/\"},{\"@type\":\"ListItem\",\"position\":2,\"name\":\"Ph\u00f2ng ngh\u1ec9\",\"item\":\"https:\/\/anamandaracamranh.com\/vi\/rooms-suites-villas\/\"},{\"@type\":\"ListItem\",\"position\":3,\"name\":\"Lagoon One Bedroom Pool Villa\"}]},{\"@type\":\"WebSite\",\"@id\":\"https:\/\/anamandaracamranh.com\/vi\/#website\",\"url\":\"https:\/\/anamandaracamranh.com\/vi\/\",\"name\":\"Ana Mandara Cam Ranh Hotel\",\"description\":\"\",\"potentialAction\":[{\"@type\":\"SearchAction\",\"target\":{\"@type\":\"EntryPoint\",\"urlTemplate\":\"https:\/\/anamandaracamranh.com\/vi\/?s={search_term_string}\"},\"query-input\":\"required name=search_term_string\"}],\"inLanguage\":\"vi-VN\"}]}<\/script>\n<!-- \/ Yoast SEO plugin. -->","yoast_head_json":{"title":"Lagoon One Bedroom Pool Villa - Ana Mandara Cam Ranh","robots":{"index":"index","follow":"follow","max-snippet":"max-snippet:-1","max-image-preview":"max-image-preview:large","max-video-preview":"max-video-preview:-1"},"canonical":"https:\/\/anamandaracamranh.com\/vi\/rooms-suites-villas\/lagoon-one-bedroom-pool-villa\/","og_locale":"vi_VN","og_type":"article","og_title":"Lagoon One Bedroom Pool Villa - Ana Mandara Cam Ranh","og_description":"T\u1ecda l\u1ea1c t\u1ea1i t\u1ea7ng tr\u1ec7t c\u1ee7a c\u0103n bi\u1ec7t th\u1ef1 duplex bi\u1ec7t l\u1eadp, Lagoon One Bedroom Pool Villa Twin l\u00e0 m\u1ed9t \u1ed1c \u0111\u1ea3o r\u1ed9ng 202 m\u00b2, n\u01a1i giao h\u00f2a c\u1ee7a b\u1ea3n s\u1eafc Vi\u1ec7t sang tr\u1ecdng \u0111\u1eb7c tr\u01b0ng t\u1ea1i Ana Mandara Cam Ranh. Kh\u00f4ng gian ph\u00f2ng kh\u00e1ch r\u1ed9ng m\u1edf \u0111\u01b0\u1ee3c thi\u1ebft k\u1ebf tinh t\u1ebf v\u1edbi c\u00e1c v\u1eadt [&hellip;]","og_url":"https:\/\/anamandaracamranh.com\/vi\/rooms-suites-villas\/lagoon-one-bedroom-pool-villa\/","og_site_name":"Ana Mandara Cam Ranh Hotel","article_modified_time":"2026-03-30T06:56:56+00:00","og_image":[{"width":2200,"height":1466,"url":"https:\/\/anamandaracamranh.com\/wp-content\/uploads\/sites\/254\/2025\/12\/AMCR_Lagoon-Villa-5.jpg","type":"image\/jpeg"}],"twitter_card":"summary_large_image","twitter_misc":{"Est. reading time":"1 minute"},"schema":{"@context":"https:\/\/schema.org","@graph":[{"@type":"WebPage","@id":"https:\/\/anamandaracamranh.com\/vi\/rooms-suites-villas\/lagoon-one-bedroom-pool-villa\/","url":"https:\/\/anamandaracamranh.com\/vi\/rooms-suites-villas\/lagoon-one-bedroom-pool-villa\/","name":"Lagoon One Bedroom Pool Villa - Ana Mandara Cam Ranh","isPartOf":{"@id":"https:\/\/anamandaracamranh.com\/vi\/#website"},"primaryImageOfPage":{"@id":"https:\/\/anamandaracamranh.com\/vi\/rooms-suites-villas\/lagoon-one-bedroom-pool-villa\/#primaryimage"},"image":{"@id":"https:\/\/anamandaracamranh.com\/vi\/rooms-suites-villas\/lagoon-one-bedroom-pool-villa\/#primaryimage"},"thumbnailUrl":"https:\/\/anamandaracamranh.com\/wp-content\/uploads\/sites\/254\/2025\/12\/AMCR_Lagoon-Villa-5.jpg","datePublished":"2026-03-30T06:56:05+00:00","dateModified":"2026-03-30T06:56:56+00:00","breadcrumb":{"@id":"https:\/\/anamandaracamranh.com\/vi\/rooms-suites-villas\/lagoon-one-bedroom-pool-villa\/#breadcrumb"},"inLanguage":"vi-VN","potentialAction":[{"@type":"ReadAction","target":["https:\/\/anamandaracamranh.com\/vi\/rooms-suites-villas\/lagoon-one-bedroom-pool-villa\/"]}]},{"@type":"ImageObject","inLanguage":"vi-VN","@id":"https:\/\/anamandaracamranh.com\/vi\/rooms-suites-villas\/lagoon-one-bedroom-pool-villa\/#primaryimage","url":"https:\/\/anamandaracamranh.com\/wp-content\/uploads\/sites\/254\/2025\/12\/AMCR_Lagoon-Villa-5.jpg","contentUrl":"https:\/\/anamandaracamranh.com\/wp-content\/uploads\/sites\/254\/2025\/12\/AMCR_Lagoon-Villa-5.jpg","width":2200,"height":1466},{"@type":"BreadcrumbList","@id":"https:\/\/anamandaracamranh.com\/vi\/rooms-suites-villas\/lagoon-one-bedroom-pool-villa\/#breadcrumb","itemListElement":[{"@type":"ListItem","position":1,"name":"Home","item":"https:\/\/anamandaracamranh.com\/vi\/"},{"@type":"ListItem","position":2,"name":"Ph\u00f2ng ngh\u1ec9","item":"https:\/\/anamandaracamranh.com\/vi\/rooms-suites-villas\/"},{"@type":"ListItem","position":3,"name":"Lagoon One Bedroom Pool Villa"}]},{"@type":"WebSite","@id":"https:\/\/anamandaracamranh.com\/vi\/#website","url":"https:\/\/anamandaracamranh.com\/vi\/","name":"Ana Mandara Cam Ranh Hotel","description":"","potentialAction":[{"@type":"SearchAction","target":{"@type":"EntryPoint","urlTemplate":"https:\/\/anamandaracamranh.com\/vi\/?s={search_term_string}"},"query-input":"required name=search_term_string"}],"inLanguage":"vi-VN"}]}},"_links":{"self":[{"href":"https:\/\/anamandaracamranh.com\/vi\/wp-json\/wp\/v2\/pages\/3587"}],"collection":[{"href":"https:\/\/anamandaracamranh.com\/vi\/wp-json\/wp\/v2\/pages"}],"about":[{"href":"https:\/\/anamandaracamranh.com\/vi\/wp-json\/wp\/v2\/types\/page"}],"author":[{"embeddable":true,"href":"https:\/\/anamandaracamranh.com\/vi\/wp-json\/wp\/v2\/users\/510"}],"replies":[{"embeddable":true,"href":"https:\/\/anamandaracamranh.com\/vi\/wp-json\/wp\/v2\/comments?post=3587"}],"version-history":[{"count":3,"href":"https:\/\/anamandaracamranh.com\/vi\/wp-json\/wp\/v2\/pages\/3587\/revisions"}],"predecessor-version":[{"id":3590,"href":"https:\/\/anamandaracamranh.com\/vi\/wp-json\/wp\/v2\/pages\/3587\/revisions\/3590"}],"up":[{"embeddable":true,"href":"https:\/\/anamandaracamranh.com\/vi\/wp-json\/wp\/v2\/pages\/683"}],"wp:featuredmedia":[{"embeddable":true,"href":"https:\/\/anamandaracamranh.com\/vi\/wp-json\/wp\/v2\/media\/3444"}],"wp:attachment":[{"href":"https:\/\/anamandaracamranh.com\/vi\/wp-json\/wp\/v2\/media?parent=3587"}],"wp:term":[{"taxonomy":"category","embeddable":true,"href":"https:\/\/anamandaracamranh.com\/vi\/wp-json\/wp\/v2\/categories?post=3587"}],"curies":[{"name":"wp","href":"https:\/\/api.w.org\/{rel}","templated":true}]}}