{"id":3473,"date":"2025-12-27T08:19:10","date_gmt":"2025-12-27T08:19:10","guid":{"rendered":"https:\/\/anamandaracamranh.com\/?page_id=3473"},"modified":"2026-01-08T07:02:33","modified_gmt":"2026-01-08T07:02:33","slug":"biet-thu-lagoon-3-phong-ngu","status":"publish","type":"page","link":"https:\/\/anamandaracamranh.com\/vi\/rooms-suites-villas\/biet-thu-lagoon-3-phong-ngu\/","title":{"rendered":"Bi\u1ec7t Th\u1ef1 Lagoon Ba Ph\u00f2ng Ng\u1ee7"},"content":{"rendered":"<p data-start=\"331\" data-end=\"625\">V\u1edbi di\u1ec7n t\u00edch t\u1eeb 545 m\u00b2, Lagoon Three Bedroom Pool Villa \u0111\u01b0\u1ee3c ki\u1ebfn t\u1ea1o nh\u01b0 m\u1ed9t \u1ed1c \u0111\u1ea3o thanh b\u00ecnh, n\u01a1i kh\u00f4ng gian r\u1ed9ng m\u1edf, s\u1ef1 ri\u00eang t\u01b0 v\u00e0 c\u1ea3m gi\u00e1c k\u1ebft n\u1ed1i c\u00f9ng t\u1ed3n t\u1ea1i m\u1ed9t c\u00e1ch h\u00e0i h\u00f2a. Bi\u1ec7t th\u1ef1 ph\u00f9 h\u1ee3p cho nh\u1eefng k\u1ef3 ngh\u1ec9 c\u1ea7n s\u1ef1 t\u0129nh l\u1eb7ng nh\u01b0ng v\u1eabn gi\u1eef tr\u1ecdn nh\u1eefng kho\u1ea3nh kh\u1eafc qu\u00e2y qu\u1ea7n.<\/p>\n<p data-start=\"627\" data-end=\"953\">Bi\u1ec7t th\u1ef1 g\u1ed3m 2 t\u1ea7ng v\u1edbi khu sinh ho\u1ea1t chung tho\u00e1ng \u0111\u00e3ng, ph\u00f2ng kh\u00e1ch ri\u00eang bi\u1ec7t v\u00e0 h\u1ed3 b\u01a1i ri\u00eang nh\u00ecn ra h\u1ed3 lagoon y\u00ean \u1ea3. Hai ph\u00f2ng ng\u1ee7 ch\u00ednh n\u1eb1m trong khu nh\u00e0 ch\u00ednh, trong khi ph\u00f2ng ng\u1ee7 th\u1ee9 ba \u0111\u01b0\u1ee3c b\u1ed1 tr\u00ed t\u00e1ch bi\u1ec7t ph\u00eda sau, mang \u0111\u1ebfn kh\u00f4ng gian ngh\u1ec9 ng\u01a1i y\u00ean t\u0129nh h\u01a1n m\u00e0 kh\u00f4ng l\u00e0m gi\u00e1n \u0111o\u1ea1n s\u1ef1 g\u1eafn k\u1ebft chung c\u1ee7a c\u1ea3 nh\u00f3m.<\/p>\n<p data-start=\"955\" data-end=\"1235\">M\u1ed9t trong c\u00e1c ph\u00f2ng ng\u1ee7 \u0111\u01b0\u1ee3c trang b\u1ecb b\u1ed3n t\u1eafm Jacuzzi, t\u1ea1o n\u00ean \u0111i\u1ec3m nh\u1ea5n th\u01b0 gi\u00e3n \u0111\u1eb7c bi\u1ec7t, trong khi c\u00e1c ph\u00f2ng ng\u1ee7 c\u00f2n l\u1ea1i \u0111\u1ec1u c\u00f3 b\u1ed3n t\u1eafm ri\u00eang. S\u00e2n hi\u00ean v\u00e0 ban c\u00f4ng r\u1ed9ng m\u1edf cho ph\u00e9p \u00e1nh s\u00e1ng t\u1ef1 nhi\u00ean lan t\u1ecfa kh\u1eafp bi\u1ec7t th\u1ef1, gi\u00fap c\u00e1c kh\u00f4ng gian lu\u00f4n th\u00f4ng tho\u00e1ng v\u00e0 d\u1ec5 ch\u1ecbu.<\/p>\n<p data-start=\"1237\" data-end=\"1460\">V\u1edbi quy m\u00f4 v\u01b0\u1ee3t tr\u1ed9i, ti\u1ec7n nghi tinh t\u1ebf v\u00e0 kh\u00f4ng kh\u00ed an y\u00ean, Lagoon Three Bedroom Pool Villa l\u00e0 l\u1ef1a ch\u1ecdn l\u00fd t\u01b0\u1edfng cho k\u1ef3 ngh\u1ec9 d\u01b0\u1ee1ng cao c\u1ea5p gi\u1eefa \u1ed1c \u0111\u1ea3o lagoon t\u0129nh t\u1ea1i, n\u01a1i s\u1ef1 ri\u00eang t\u01b0 v\u00e0 k\u1ebft n\u1ed1i \u0111\u01b0\u1ee3c c\u00e2n b\u1eb1ng tr\u1ecdn v\u1eb9n.<\/p>\n","protected":false},"excerpt":{"rendered":"<p>V\u1edbi di\u1ec7n t\u00edch t\u1eeb 545 m\u00b2, Lagoon Three Bedroom Pool Villa \u0111\u01b0\u1ee3c ki\u1ebfn t\u1ea1o nh\u01b0 m\u1ed9t \u1ed1c \u0111\u1ea3o thanh b\u00ecnh, n\u01a1i kh\u00f4ng gian r\u1ed9ng m\u1edf, s\u1ef1 ri\u00eang t\u01b0 v\u00e0 c\u1ea3m gi\u00e1c k\u1ebft n\u1ed1i c\u00f9ng t\u1ed3n t\u1ea1i m\u1ed9t c\u00e1ch h\u00e0i h\u00f2a. Bi\u1ec7t th\u1ef1 ph\u00f9 h\u1ee3p cho nh\u1eefng k\u1ef3 ngh\u1ec9 c\u1ea7n s\u1ef1 t\u0129nh l\u1eb7ng nh\u01b0ng v\u1eabn gi\u1eef [&hellip;]<\/p>\n","protected":false},"author":510,"featured_media":3454,"parent":683,"menu_order":0,"comment_status":"closed","ping_status":"closed","template":"template-single-room.php","meta":{"footnotes":""},"categories":[],"acf":[],"yoast_head":"<!-- This site is optimized with the Yoast SEO plugin v22.3 - https:\/\/yoast.com\/wordpress\/plugins\/seo\/ -->\n<title>Bi\u1ec7t Th\u1ef1 Lagoon Ba Ph\u00f2ng Ng\u1ee7 - Ana Mandara Cam Ranh Hotel<\/title>\n<meta name=\"description\" content=\"Bi\u1ec7t th\u1ef1 3 ph\u00f2ng ng\u1ee7 t\u1eeb 545 m\u00b2, h\u1ed3 b\u01a1i ri\u00eang h\u01b0\u1edbng lagoon, c\u00f3 ph\u00f2ng ng\u1ee7 r\u1eddi v\u00e0 Jacuzzi, c\u00e2n b\u1eb1ng ri\u00eang t\u01b0 v\u00e0 k\u1ebft n\u1ed1i.\" \/>\n<meta name=\"robots\" content=\"index, follow, max-snippet:-1, max-image-preview:large, max-video-preview:-1\" \/>\n<link rel=\"canonical\" href=\"https:\/\/anamandaracamranh.com\/vi\/rooms-suites-villas\/biet-thu-lagoon-3-phong-ngu\/\" \/>\n<meta property=\"og:locale\" content=\"vi_VN\" \/>\n<meta property=\"og:type\" content=\"article\" \/>\n<meta property=\"og:title\" content=\"Bi\u1ec7t Th\u1ef1 Lagoon Ba Ph\u00f2ng Ng\u1ee7 - Ana Mandara Cam Ranh Hotel\" \/>\n<meta property=\"og:description\" content=\"Bi\u1ec7t th\u1ef1 3 ph\u00f2ng ng\u1ee7 t\u1eeb 545 m\u00b2, h\u1ed3 b\u01a1i ri\u00eang h\u01b0\u1edbng lagoon, c\u00f3 ph\u00f2ng ng\u1ee7 r\u1eddi v\u00e0 Jacuzzi, c\u00e2n b\u1eb1ng ri\u00eang t\u01b0 v\u00e0 k\u1ebft n\u1ed1i.\" \/>\n<meta property=\"og:url\" content=\"https:\/\/anamandaracamranh.com\/vi\/rooms-suites-villas\/biet-thu-lagoon-3-phong-ngu\/\" \/>\n<meta property=\"og:site_name\" content=\"Ana Mandara Cam Ranh Hotel\" \/>\n<meta property=\"article:modified_time\" content=\"2026-01-08T07:02:33+00:00\" \/>\n<meta property=\"og:image\" content=\"https:\/\/anamandaracamranh.com\/wp-content\/uploads\/sites\/254\/2025\/12\/AMCR_Lagoon-Villa-2.jpg\" \/>\n\t<meta property=\"og:image:width\" content=\"2200\" \/>\n\t<meta property=\"og:image:height\" content=\"1466\" \/>\n\t<meta property=\"og:image:type\" content=\"image\/jpeg\" \/>\n<meta name=\"twitter:card\" content=\"summary_large_image\" \/>\n<meta name=\"twitter:label1\" content=\"Est. reading time\" \/>\n\t<meta name=\"twitter:data1\" content=\"2 minutes\" \/>\n<script type=\"application\/ld+json\" class=\"yoast-schema-graph\">{\"@context\":\"https:\/\/schema.org\",\"@graph\":[{\"@type\":\"WebPage\",\"@id\":\"https:\/\/anamandaracamranh.com\/vi\/rooms-suites-villas\/biet-thu-lagoon-3-phong-ngu\/\",\"url\":\"https:\/\/anamandaracamranh.com\/vi\/rooms-suites-villas\/biet-thu-lagoon-3-phong-ngu\/\",\"name\":\"Bi\u1ec7t Th\u1ef1 Lagoon Ba Ph\u00f2ng Ng\u1ee7 - Ana Mandara Cam Ranh Hotel\",\"isPartOf\":{\"@id\":\"https:\/\/anamandaracamranh.com\/vi\/#website\"},\"primaryImageOfPage\":{\"@id\":\"https:\/\/anamandaracamranh.com\/vi\/rooms-suites-villas\/biet-thu-lagoon-3-phong-ngu\/#primaryimage\"},\"image\":{\"@id\":\"https:\/\/anamandaracamranh.com\/vi\/rooms-suites-villas\/biet-thu-lagoon-3-phong-ngu\/#primaryimage\"},\"thumbnailUrl\":\"https:\/\/anamandaracamranh.com\/wp-content\/uploads\/sites\/254\/2025\/12\/AMCR_Lagoon-Villa-2.jpg\",\"datePublished\":\"2025-12-27T08:19:10+00:00\",\"dateModified\":\"2026-01-08T07:02:33+00:00\",\"description\":\"Bi\u1ec7t th\u1ef1 3 ph\u00f2ng ng\u1ee7 t\u1eeb 545 m\u00b2, h\u1ed3 b\u01a1i ri\u00eang h\u01b0\u1edbng lagoon, c\u00f3 ph\u00f2ng ng\u1ee7 r\u1eddi v\u00e0 Jacuzzi, c\u00e2n b\u1eb1ng ri\u00eang t\u01b0 v\u00e0 k\u1ebft n\u1ed1i.\",\"breadcrumb\":{\"@id\":\"https:\/\/anamandaracamranh.com\/vi\/rooms-suites-villas\/biet-thu-lagoon-3-phong-ngu\/#breadcrumb\"},\"inLanguage\":\"vi-VN\",\"potentialAction\":[{\"@type\":\"ReadAction\",\"target\":[\"https:\/\/anamandaracamranh.com\/vi\/rooms-suites-villas\/biet-thu-lagoon-3-phong-ngu\/\"]}]},{\"@type\":\"ImageObject\",\"inLanguage\":\"vi-VN\",\"@id\":\"https:\/\/anamandaracamranh.com\/vi\/rooms-suites-villas\/biet-thu-lagoon-3-phong-ngu\/#primaryimage\",\"url\":\"https:\/\/anamandaracamranh.com\/wp-content\/uploads\/sites\/254\/2025\/12\/AMCR_Lagoon-Villa-2.jpg\",\"contentUrl\":\"https:\/\/anamandaracamranh.com\/wp-content\/uploads\/sites\/254\/2025\/12\/AMCR_Lagoon-Villa-2.jpg\",\"width\":2200,\"height\":1466},{\"@type\":\"BreadcrumbList\",\"@id\":\"https:\/\/anamandaracamranh.com\/vi\/rooms-suites-villas\/biet-thu-lagoon-3-phong-ngu\/#breadcrumb\",\"itemListElement\":[{\"@type\":\"ListItem\",\"position\":1,\"name\":\"Home\",\"item\":\"https:\/\/anamandaracamranh.com\/vi\/\"},{\"@type\":\"ListItem\",\"position\":2,\"name\":\"Ph\u00f2ng ngh\u1ec9\",\"item\":\"https:\/\/anamandaracamranh.com\/vi\/rooms-suites-villas\/\"},{\"@type\":\"ListItem\",\"position\":3,\"name\":\"Bi\u1ec7t Th\u1ef1 Lagoon Ba Ph\u00f2ng Ng\u1ee7\"}]},{\"@type\":\"WebSite\",\"@id\":\"https:\/\/anamandaracamranh.com\/vi\/#website\",\"url\":\"https:\/\/anamandaracamranh.com\/vi\/\",\"name\":\"Ana Mandara Cam Ranh Hotel\",\"description\":\"\",\"potentialAction\":[{\"@type\":\"SearchAction\",\"target\":{\"@type\":\"EntryPoint\",\"urlTemplate\":\"https:\/\/anamandaracamranh.com\/vi\/?s={search_term_string}\"},\"query-input\":\"required name=search_term_string\"}],\"inLanguage\":\"vi-VN\"}]}<\/script>\n<!-- \/ Yoast SEO plugin. -->","yoast_head_json":{"title":"Bi\u1ec7t Th\u1ef1 Lagoon Ba Ph\u00f2ng Ng\u1ee7 - Ana Mandara Cam Ranh Hotel","description":"Bi\u1ec7t th\u1ef1 3 ph\u00f2ng ng\u1ee7 t\u1eeb 545 m\u00b2, h\u1ed3 b\u01a1i ri\u00eang h\u01b0\u1edbng lagoon, c\u00f3 ph\u00f2ng ng\u1ee7 r\u1eddi v\u00e0 Jacuzzi, c\u00e2n b\u1eb1ng ri\u00eang t\u01b0 v\u00e0 k\u1ebft n\u1ed1i.","robots":{"index":"index","follow":"follow","max-snippet":"max-snippet:-1","max-image-preview":"max-image-preview:large","max-video-preview":"max-video-preview:-1"},"canonical":"https:\/\/anamandaracamranh.com\/vi\/rooms-suites-villas\/biet-thu-lagoon-3-phong-ngu\/","og_locale":"vi_VN","og_type":"article","og_title":"Bi\u1ec7t Th\u1ef1 Lagoon Ba Ph\u00f2ng Ng\u1ee7 - Ana Mandara Cam Ranh Hotel","og_description":"Bi\u1ec7t th\u1ef1 3 ph\u00f2ng ng\u1ee7 t\u1eeb 545 m\u00b2, h\u1ed3 b\u01a1i ri\u00eang h\u01b0\u1edbng lagoon, c\u00f3 ph\u00f2ng ng\u1ee7 r\u1eddi v\u00e0 Jacuzzi, c\u00e2n b\u1eb1ng ri\u00eang t\u01b0 v\u00e0 k\u1ebft n\u1ed1i.","og_url":"https:\/\/anamandaracamranh.com\/vi\/rooms-suites-villas\/biet-thu-lagoon-3-phong-ngu\/","og_site_name":"Ana Mandara Cam Ranh Hotel","article_modified_time":"2026-01-08T07:02:33+00:00","og_image":[{"width":2200,"height":1466,"url":"https:\/\/anamandaracamranh.com\/wp-content\/uploads\/sites\/254\/2025\/12\/AMCR_Lagoon-Villa-2.jpg","type":"image\/jpeg"}],"twitter_card":"summary_large_image","twitter_misc":{"Est. reading time":"2 minutes"},"schema":{"@context":"https:\/\/schema.org","@graph":[{"@type":"WebPage","@id":"https:\/\/anamandaracamranh.com\/vi\/rooms-suites-villas\/biet-thu-lagoon-3-phong-ngu\/","url":"https:\/\/anamandaracamranh.com\/vi\/rooms-suites-villas\/biet-thu-lagoon-3-phong-ngu\/","name":"Bi\u1ec7t Th\u1ef1 Lagoon Ba Ph\u00f2ng Ng\u1ee7 - Ana Mandara Cam Ranh Hotel","isPartOf":{"@id":"https:\/\/anamandaracamranh.com\/vi\/#website"},"primaryImageOfPage":{"@id":"https:\/\/anamandaracamranh.com\/vi\/rooms-suites-villas\/biet-thu-lagoon-3-phong-ngu\/#primaryimage"},"image":{"@id":"https:\/\/anamandaracamranh.com\/vi\/rooms-suites-villas\/biet-thu-lagoon-3-phong-ngu\/#primaryimage"},"thumbnailUrl":"https:\/\/anamandaracamranh.com\/wp-content\/uploads\/sites\/254\/2025\/12\/AMCR_Lagoon-Villa-2.jpg","datePublished":"2025-12-27T08:19:10+00:00","dateModified":"2026-01-08T07:02:33+00:00","description":"Bi\u1ec7t th\u1ef1 3 ph\u00f2ng ng\u1ee7 t\u1eeb 545 m\u00b2, h\u1ed3 b\u01a1i ri\u00eang h\u01b0\u1edbng lagoon, c\u00f3 ph\u00f2ng ng\u1ee7 r\u1eddi v\u00e0 Jacuzzi, c\u00e2n b\u1eb1ng ri\u00eang t\u01b0 v\u00e0 k\u1ebft n\u1ed1i.","breadcrumb":{"@id":"https:\/\/anamandaracamranh.com\/vi\/rooms-suites-villas\/biet-thu-lagoon-3-phong-ngu\/#breadcrumb"},"inLanguage":"vi-VN","potentialAction":[{"@type":"ReadAction","target":["https:\/\/anamandaracamranh.com\/vi\/rooms-suites-villas\/biet-thu-lagoon-3-phong-ngu\/"]}]},{"@type":"ImageObject","inLanguage":"vi-VN","@id":"https:\/\/anamandaracamranh.com\/vi\/rooms-suites-villas\/biet-thu-lagoon-3-phong-ngu\/#primaryimage","url":"https:\/\/anamandaracamranh.com\/wp-content\/uploads\/sites\/254\/2025\/12\/AMCR_Lagoon-Villa-2.jpg","contentUrl":"https:\/\/anamandaracamranh.com\/wp-content\/uploads\/sites\/254\/2025\/12\/AMCR_Lagoon-Villa-2.jpg","width":2200,"height":1466},{"@type":"BreadcrumbList","@id":"https:\/\/anamandaracamranh.com\/vi\/rooms-suites-villas\/biet-thu-lagoon-3-phong-ngu\/#breadcrumb","itemListElement":[{"@type":"ListItem","position":1,"name":"Home","item":"https:\/\/anamandaracamranh.com\/vi\/"},{"@type":"ListItem","position":2,"name":"Ph\u00f2ng ngh\u1ec9","item":"https:\/\/anamandaracamranh.com\/vi\/rooms-suites-villas\/"},{"@type":"ListItem","position":3,"name":"Bi\u1ec7t Th\u1ef1 Lagoon Ba Ph\u00f2ng Ng\u1ee7"}]},{"@type":"WebSite","@id":"https:\/\/anamandaracamranh.com\/vi\/#website","url":"https:\/\/anamandaracamranh.com\/vi\/","name":"Ana Mandara Cam Ranh Hotel","description":"","potentialAction":[{"@type":"SearchAction","target":{"@type":"EntryPoint","urlTemplate":"https:\/\/anamandaracamranh.com\/vi\/?s={search_term_string}"},"query-input":"required name=search_term_string"}],"inLanguage":"vi-VN"}]}},"_links":{"self":[{"href":"https:\/\/anamandaracamranh.com\/vi\/wp-json\/wp\/v2\/pages\/3473"}],"collection":[{"href":"https:\/\/anamandaracamranh.com\/vi\/wp-json\/wp\/v2\/pages"}],"about":[{"href":"https:\/\/anamandaracamranh.com\/vi\/wp-json\/wp\/v2\/types\/page"}],"author":[{"embeddable":true,"href":"https:\/\/anamandaracamranh.com\/vi\/wp-json\/wp\/v2\/users\/510"}],"replies":[{"embeddable":true,"href":"https:\/\/anamandaracamranh.com\/vi\/wp-json\/wp\/v2\/comments?post=3473"}],"version-history":[{"count":0,"href":"https:\/\/anamandaracamranh.com\/vi\/wp-json\/wp\/v2\/pages\/3473\/revisions"}],"up":[{"embeddable":true,"href":"https:\/\/anamandaracamranh.com\/vi\/wp-json\/wp\/v2\/pages\/683"}],"wp:featuredmedia":[{"embeddable":true,"href":"https:\/\/anamandaracamranh.com\/vi\/wp-json\/wp\/v2\/media\/3454"}],"wp:attachment":[{"href":"https:\/\/anamandaracamranh.com\/vi\/wp-json\/wp\/v2\/media?parent=3473"}],"wp:term":[{"taxonomy":"category","embeddable":true,"href":"https:\/\/anamandaracamranh.com\/vi\/wp-json\/wp\/v2\/categories?post=3473"}],"curies":[{"name":"wp","href":"https:\/\/api.w.org\/{rel}","templated":true}]}}