{"id":3419,"date":"2025-12-24T09:19:50","date_gmt":"2025-12-24T09:19:50","guid":{"rendered":"https:\/\/anamandaracamranh.com\/?page_id=3419"},"modified":"2025-12-27T07:43:57","modified_gmt":"2025-12-27T07:43:57","slug":"biet-thu-lagoon-hai-phong-ngu","status":"publish","type":"page","link":"https:\/\/anamandaracamranh.com\/vi\/rooms-suites-villas\/biet-thu-lagoon-hai-phong-ngu\/","title":{"rendered":"Bi\u1ec7t Th\u1ef1 Lagoon Hai Ph\u00f2ng Ng\u1ee7"},"content":{"rendered":"<p data-start=\"298\" data-end=\"515\">Lagoon 2-Bedroom Pool Villa l\u00e0 kh\u00f4ng gian ngh\u1ec9 d\u01b0\u1ee1ng cao c\u1ea5p d\u00e0nh cho gia \u0111\u00ecnh v\u00e0 nh\u00f3m b\u1ea1n, s\u1edf h\u1eefu thi\u1ebft k\u1ebf 2 t\u1ea7ng r\u1ed9ng r\u00e3i v\u1edbi 2 ph\u00f2ng ng\u1ee7 ri\u00eang bi\u1ec7t, ph\u00f2ng kh\u00e1ch \u0111\u1ed9c l\u1eadp v\u00e0 h\u1ed3 b\u01a1i ri\u00eang nh\u00ecn ra h\u1ed3 lagoon y\u00ean b\u00ecnh.<\/p>\n<p data-start=\"517\" data-end=\"780\">M\u1ed7i ph\u00f2ng ng\u1ee7 \u0111\u1ec1u \u0111\u01b0\u1ee3c trang b\u1ecb b\u1ed3n t\u1eafm ri\u00eang, mang \u0111\u1ebfn tr\u1ea3i nghi\u1ec7m th\u01b0 gi\u00e3n tr\u1ecdn v\u1eb9n trong kh\u00f4ng gian ri\u00eang t\u01b0. \u00c1nh s\u00e1ng t\u1ef1 nhi\u00ean tr\u00e0n ng\u1eadp kh\u1eafp bi\u1ec7t th\u1ef1 nh\u1edd h\u1ec7 th\u1ed1ng s\u00e2n hi\u00ean v\u00e0 ban c\u00f4ng tho\u00e1ng r\u1ed9ng, t\u1ea1o c\u1ea3m gi\u00e1c k\u1ebft n\u1ed1i h\u00e0i h\u00f2a gi\u1eefa ki\u1ebfn tr\u00fac v\u00e0 thi\u00ean nhi\u00ean.<\/p>\n<p data-start=\"782\" data-end=\"1004\">V\u1edbi t\u1ea7m nh\u00ecn h\u01b0\u1edbng h\u1ed3 lagoon c\u00f9ng kh\u00f4ng gian sinh ho\u1ea1t linh ho\u1ea1t, Lagoon 2-Bedroom Pool Villa l\u00e0 l\u1ef1a ch\u1ecdn l\u00fd t\u01b0\u1edfng cho k\u1ef3 ngh\u1ec9 d\u01b0\u1ee1ng sang tr\u1ecdng t\u1ea1i bi\u1ec3n B\u00e3i D\u00e0i, n\u01a1i s\u1ef1 tho\u1ea3i m\u00e1i, ri\u00eang t\u01b0 v\u00e0 tinh t\u1ebf \u0111\u01b0\u1ee3c \u0111\u1eb7t l\u00ean h\u00e0ng \u0111\u1ea7u.<\/p>\n","protected":false},"excerpt":{"rendered":"<p>Lagoon 2-Bedroom Pool Villa l\u00e0 kh\u00f4ng gian ngh\u1ec9 d\u01b0\u1ee1ng cao c\u1ea5p d\u00e0nh cho gia \u0111\u00ecnh v\u00e0 nh\u00f3m b\u1ea1n, s\u1edf h\u1eefu thi\u1ebft k\u1ebf 2 t\u1ea7ng r\u1ed9ng r\u00e3i v\u1edbi 2 ph\u00f2ng ng\u1ee7 ri\u00eang bi\u1ec7t, ph\u00f2ng kh\u00e1ch \u0111\u1ed9c l\u1eadp v\u00e0 h\u1ed3 b\u01a1i ri\u00eang nh\u00ecn ra h\u1ed3 lagoon y\u00ean b\u00ecnh. M\u1ed7i ph\u00f2ng ng\u1ee7 \u0111\u1ec1u \u0111\u01b0\u1ee3c trang b\u1ecb b\u1ed3n t\u1eafm [&hellip;]<\/p>\n","protected":false},"author":510,"featured_media":3438,"parent":683,"menu_order":0,"comment_status":"closed","ping_status":"closed","template":"template-single-room.php","meta":{"footnotes":""},"categories":[],"acf":[],"yoast_head":"<!-- This site is optimized with the Yoast SEO plugin v22.3 - https:\/\/yoast.com\/wordpress\/plugins\/seo\/ -->\n<title>Bi\u1ec7t Th\u1ef1 Lagoon Hai Ph\u00f2ng Ng\u1ee7 - Ana Mandara Cam Ranh Hotel<\/title>\n<meta name=\"description\" content=\"Bi\u1ec7t th\u1ef1 2 ph\u00f2ng ng\u1ee7, 2 t\u1ea7ng, h\u1ed3 b\u01a1i ri\u00eang h\u01b0\u1edbng lagoon, b\u1ed3n t\u1eafm m\u1ed7i ph\u00f2ng, l\u00fd t\u01b0\u1edfng cho gia \u0111\u00ecnh v\u00e0 nh\u00f3m b\u1ea1n t\u1ea1i B\u00e3i D\u00e0i.\" \/>\n<meta name=\"robots\" content=\"index, follow, max-snippet:-1, max-image-preview:large, max-video-preview:-1\" \/>\n<link rel=\"canonical\" href=\"https:\/\/anamandaracamranh.com\/vi\/rooms-suites-villas\/biet-thu-lagoon-hai-phong-ngu\/\" \/>\n<meta property=\"og:locale\" content=\"vi_VN\" \/>\n<meta property=\"og:type\" content=\"article\" \/>\n<meta property=\"og:title\" content=\"Bi\u1ec7t Th\u1ef1 Lagoon Hai Ph\u00f2ng Ng\u1ee7 - Ana Mandara Cam Ranh Hotel\" \/>\n<meta property=\"og:description\" content=\"Bi\u1ec7t th\u1ef1 2 ph\u00f2ng ng\u1ee7, 2 t\u1ea7ng, h\u1ed3 b\u01a1i ri\u00eang h\u01b0\u1edbng lagoon, b\u1ed3n t\u1eafm m\u1ed7i ph\u00f2ng, l\u00fd t\u01b0\u1edfng cho gia \u0111\u00ecnh v\u00e0 nh\u00f3m b\u1ea1n t\u1ea1i B\u00e3i D\u00e0i.\" \/>\n<meta property=\"og:url\" content=\"https:\/\/anamandaracamranh.com\/vi\/rooms-suites-villas\/biet-thu-lagoon-hai-phong-ngu\/\" \/>\n<meta property=\"og:site_name\" content=\"Ana Mandara Cam Ranh Hotel\" \/>\n<meta property=\"article:modified_time\" content=\"2025-12-27T07:43:57+00:00\" \/>\n<meta property=\"og:image\" content=\"https:\/\/anamandaracamranh.com\/wp-content\/uploads\/sites\/254\/2025\/12\/AMCR_Lagoon-Villa-34.jpg\" \/>\n\t<meta property=\"og:image:width\" content=\"2200\" \/>\n\t<meta property=\"og:image:height\" content=\"1466\" \/>\n\t<meta property=\"og:image:type\" content=\"image\/jpeg\" \/>\n<meta name=\"twitter:card\" content=\"summary_large_image\" \/>\n<meta name=\"twitter:label1\" content=\"Est. reading time\" \/>\n\t<meta name=\"twitter:data1\" content=\"1 minute\" \/>\n<script type=\"application\/ld+json\" class=\"yoast-schema-graph\">{\"@context\":\"https:\/\/schema.org\",\"@graph\":[{\"@type\":\"WebPage\",\"@id\":\"https:\/\/anamandaracamranh.com\/vi\/rooms-suites-villas\/biet-thu-lagoon-hai-phong-ngu\/\",\"url\":\"https:\/\/anamandaracamranh.com\/vi\/rooms-suites-villas\/biet-thu-lagoon-hai-phong-ngu\/\",\"name\":\"Bi\u1ec7t Th\u1ef1 Lagoon Hai Ph\u00f2ng Ng\u1ee7 - Ana Mandara Cam Ranh Hotel\",\"isPartOf\":{\"@id\":\"https:\/\/anamandaracamranh.com\/vi\/#website\"},\"primaryImageOfPage\":{\"@id\":\"https:\/\/anamandaracamranh.com\/vi\/rooms-suites-villas\/biet-thu-lagoon-hai-phong-ngu\/#primaryimage\"},\"image\":{\"@id\":\"https:\/\/anamandaracamranh.com\/vi\/rooms-suites-villas\/biet-thu-lagoon-hai-phong-ngu\/#primaryimage\"},\"thumbnailUrl\":\"https:\/\/anamandaracamranh.com\/wp-content\/uploads\/sites\/254\/2025\/12\/AMCR_Lagoon-Villa-34.jpg\",\"datePublished\":\"2025-12-24T09:19:50+00:00\",\"dateModified\":\"2025-12-27T07:43:57+00:00\",\"description\":\"Bi\u1ec7t th\u1ef1 2 ph\u00f2ng ng\u1ee7, 2 t\u1ea7ng, h\u1ed3 b\u01a1i ri\u00eang h\u01b0\u1edbng lagoon, b\u1ed3n t\u1eafm m\u1ed7i ph\u00f2ng, l\u00fd t\u01b0\u1edfng cho gia \u0111\u00ecnh v\u00e0 nh\u00f3m b\u1ea1n t\u1ea1i B\u00e3i D\u00e0i.\",\"breadcrumb\":{\"@id\":\"https:\/\/anamandaracamranh.com\/vi\/rooms-suites-villas\/biet-thu-lagoon-hai-phong-ngu\/#breadcrumb\"},\"inLanguage\":\"vi-VN\",\"potentialAction\":[{\"@type\":\"ReadAction\",\"target\":[\"https:\/\/anamandaracamranh.com\/vi\/rooms-suites-villas\/biet-thu-lagoon-hai-phong-ngu\/\"]}]},{\"@type\":\"ImageObject\",\"inLanguage\":\"vi-VN\",\"@id\":\"https:\/\/anamandaracamranh.com\/vi\/rooms-suites-villas\/biet-thu-lagoon-hai-phong-ngu\/#primaryimage\",\"url\":\"https:\/\/anamandaracamranh.com\/wp-content\/uploads\/sites\/254\/2025\/12\/AMCR_Lagoon-Villa-34.jpg\",\"contentUrl\":\"https:\/\/anamandaracamranh.com\/wp-content\/uploads\/sites\/254\/2025\/12\/AMCR_Lagoon-Villa-34.jpg\",\"width\":2200,\"height\":1466},{\"@type\":\"BreadcrumbList\",\"@id\":\"https:\/\/anamandaracamranh.com\/vi\/rooms-suites-villas\/biet-thu-lagoon-hai-phong-ngu\/#breadcrumb\",\"itemListElement\":[{\"@type\":\"ListItem\",\"position\":1,\"name\":\"Home\",\"item\":\"https:\/\/anamandaracamranh.com\/vi\/\"},{\"@type\":\"ListItem\",\"position\":2,\"name\":\"Ph\u00f2ng ngh\u1ec9\",\"item\":\"https:\/\/anamandaracamranh.com\/vi\/rooms-suites-villas\/\"},{\"@type\":\"ListItem\",\"position\":3,\"name\":\"Bi\u1ec7t Th\u1ef1 Lagoon Hai Ph\u00f2ng Ng\u1ee7\"}]},{\"@type\":\"WebSite\",\"@id\":\"https:\/\/anamandaracamranh.com\/vi\/#website\",\"url\":\"https:\/\/anamandaracamranh.com\/vi\/\",\"name\":\"Ana Mandara Cam Ranh Hotel\",\"description\":\"\",\"potentialAction\":[{\"@type\":\"SearchAction\",\"target\":{\"@type\":\"EntryPoint\",\"urlTemplate\":\"https:\/\/anamandaracamranh.com\/vi\/?s={search_term_string}\"},\"query-input\":\"required name=search_term_string\"}],\"inLanguage\":\"vi-VN\"}]}<\/script>\n<!-- \/ Yoast SEO plugin. -->","yoast_head_json":{"title":"Bi\u1ec7t Th\u1ef1 Lagoon Hai Ph\u00f2ng Ng\u1ee7 - Ana Mandara Cam Ranh Hotel","description":"Bi\u1ec7t th\u1ef1 2 ph\u00f2ng ng\u1ee7, 2 t\u1ea7ng, h\u1ed3 b\u01a1i ri\u00eang h\u01b0\u1edbng lagoon, b\u1ed3n t\u1eafm m\u1ed7i ph\u00f2ng, l\u00fd t\u01b0\u1edfng cho gia \u0111\u00ecnh v\u00e0 nh\u00f3m b\u1ea1n t\u1ea1i B\u00e3i D\u00e0i.","robots":{"index":"index","follow":"follow","max-snippet":"max-snippet:-1","max-image-preview":"max-image-preview:large","max-video-preview":"max-video-preview:-1"},"canonical":"https:\/\/anamandaracamranh.com\/vi\/rooms-suites-villas\/biet-thu-lagoon-hai-phong-ngu\/","og_locale":"vi_VN","og_type":"article","og_title":"Bi\u1ec7t Th\u1ef1 Lagoon Hai Ph\u00f2ng Ng\u1ee7 - Ana Mandara Cam Ranh Hotel","og_description":"Bi\u1ec7t th\u1ef1 2 ph\u00f2ng ng\u1ee7, 2 t\u1ea7ng, h\u1ed3 b\u01a1i ri\u00eang h\u01b0\u1edbng lagoon, b\u1ed3n t\u1eafm m\u1ed7i ph\u00f2ng, l\u00fd t\u01b0\u1edfng cho gia \u0111\u00ecnh v\u00e0 nh\u00f3m b\u1ea1n t\u1ea1i B\u00e3i D\u00e0i.","og_url":"https:\/\/anamandaracamranh.com\/vi\/rooms-suites-villas\/biet-thu-lagoon-hai-phong-ngu\/","og_site_name":"Ana Mandara Cam Ranh Hotel","article_modified_time":"2025-12-27T07:43:57+00:00","og_image":[{"width":2200,"height":1466,"url":"https:\/\/anamandaracamranh.com\/wp-content\/uploads\/sites\/254\/2025\/12\/AMCR_Lagoon-Villa-34.jpg","type":"image\/jpeg"}],"twitter_card":"summary_large_image","twitter_misc":{"Est. reading time":"1 minute"},"schema":{"@context":"https:\/\/schema.org","@graph":[{"@type":"WebPage","@id":"https:\/\/anamandaracamranh.com\/vi\/rooms-suites-villas\/biet-thu-lagoon-hai-phong-ngu\/","url":"https:\/\/anamandaracamranh.com\/vi\/rooms-suites-villas\/biet-thu-lagoon-hai-phong-ngu\/","name":"Bi\u1ec7t Th\u1ef1 Lagoon Hai Ph\u00f2ng Ng\u1ee7 - Ana Mandara Cam Ranh Hotel","isPartOf":{"@id":"https:\/\/anamandaracamranh.com\/vi\/#website"},"primaryImageOfPage":{"@id":"https:\/\/anamandaracamranh.com\/vi\/rooms-suites-villas\/biet-thu-lagoon-hai-phong-ngu\/#primaryimage"},"image":{"@id":"https:\/\/anamandaracamranh.com\/vi\/rooms-suites-villas\/biet-thu-lagoon-hai-phong-ngu\/#primaryimage"},"thumbnailUrl":"https:\/\/anamandaracamranh.com\/wp-content\/uploads\/sites\/254\/2025\/12\/AMCR_Lagoon-Villa-34.jpg","datePublished":"2025-12-24T09:19:50+00:00","dateModified":"2025-12-27T07:43:57+00:00","description":"Bi\u1ec7t th\u1ef1 2 ph\u00f2ng ng\u1ee7, 2 t\u1ea7ng, h\u1ed3 b\u01a1i ri\u00eang h\u01b0\u1edbng lagoon, b\u1ed3n t\u1eafm m\u1ed7i ph\u00f2ng, l\u00fd t\u01b0\u1edfng cho gia \u0111\u00ecnh v\u00e0 nh\u00f3m b\u1ea1n t\u1ea1i B\u00e3i D\u00e0i.","breadcrumb":{"@id":"https:\/\/anamandaracamranh.com\/vi\/rooms-suites-villas\/biet-thu-lagoon-hai-phong-ngu\/#breadcrumb"},"inLanguage":"vi-VN","potentialAction":[{"@type":"ReadAction","target":["https:\/\/anamandaracamranh.com\/vi\/rooms-suites-villas\/biet-thu-lagoon-hai-phong-ngu\/"]}]},{"@type":"ImageObject","inLanguage":"vi-VN","@id":"https:\/\/anamandaracamranh.com\/vi\/rooms-suites-villas\/biet-thu-lagoon-hai-phong-ngu\/#primaryimage","url":"https:\/\/anamandaracamranh.com\/wp-content\/uploads\/sites\/254\/2025\/12\/AMCR_Lagoon-Villa-34.jpg","contentUrl":"https:\/\/anamandaracamranh.com\/wp-content\/uploads\/sites\/254\/2025\/12\/AMCR_Lagoon-Villa-34.jpg","width":2200,"height":1466},{"@type":"BreadcrumbList","@id":"https:\/\/anamandaracamranh.com\/vi\/rooms-suites-villas\/biet-thu-lagoon-hai-phong-ngu\/#breadcrumb","itemListElement":[{"@type":"ListItem","position":1,"name":"Home","item":"https:\/\/anamandaracamranh.com\/vi\/"},{"@type":"ListItem","position":2,"name":"Ph\u00f2ng ngh\u1ec9","item":"https:\/\/anamandaracamranh.com\/vi\/rooms-suites-villas\/"},{"@type":"ListItem","position":3,"name":"Bi\u1ec7t Th\u1ef1 Lagoon Hai Ph\u00f2ng Ng\u1ee7"}]},{"@type":"WebSite","@id":"https:\/\/anamandaracamranh.com\/vi\/#website","url":"https:\/\/anamandaracamranh.com\/vi\/","name":"Ana Mandara Cam Ranh Hotel","description":"","potentialAction":[{"@type":"SearchAction","target":{"@type":"EntryPoint","urlTemplate":"https:\/\/anamandaracamranh.com\/vi\/?s={search_term_string}"},"query-input":"required name=search_term_string"}],"inLanguage":"vi-VN"}]}},"_links":{"self":[{"href":"https:\/\/anamandaracamranh.com\/vi\/wp-json\/wp\/v2\/pages\/3419"}],"collection":[{"href":"https:\/\/anamandaracamranh.com\/vi\/wp-json\/wp\/v2\/pages"}],"about":[{"href":"https:\/\/anamandaracamranh.com\/vi\/wp-json\/wp\/v2\/types\/page"}],"author":[{"embeddable":true,"href":"https:\/\/anamandaracamranh.com\/vi\/wp-json\/wp\/v2\/users\/510"}],"replies":[{"embeddable":true,"href":"https:\/\/anamandaracamranh.com\/vi\/wp-json\/wp\/v2\/comments?post=3419"}],"version-history":[{"count":0,"href":"https:\/\/anamandaracamranh.com\/vi\/wp-json\/wp\/v2\/pages\/3419\/revisions"}],"up":[{"embeddable":true,"href":"https:\/\/anamandaracamranh.com\/vi\/wp-json\/wp\/v2\/pages\/683"}],"wp:featuredmedia":[{"embeddable":true,"href":"https:\/\/anamandaracamranh.com\/vi\/wp-json\/wp\/v2\/media\/3438"}],"wp:attachment":[{"href":"https:\/\/anamandaracamranh.com\/vi\/wp-json\/wp\/v2\/media?parent=3419"}],"wp:term":[{"taxonomy":"category","embeddable":true,"href":"https:\/\/anamandaracamranh.com\/vi\/wp-json\/wp\/v2\/categories?post=3419"}],"curies":[{"name":"wp","href":"https:\/\/api.w.org\/{rel}","templated":true}]}}