{"id":3303,"date":"2025-07-19T05:01:49","date_gmt":"2025-07-19T05:01:49","guid":{"rendered":"https:\/\/anamandaracamranh.com\/spa-wellness\/ana-mandara-spa-lagoon\/"},"modified":"2025-07-19T05:05:33","modified_gmt":"2025-07-19T05:05:33","slug":"ana-mandara-spa-lagoon","status":"publish","type":"page","link":"https:\/\/anamandaracamranh.com\/vi\/spa-wellness\/ana-mandara-spa-lagoon\/","title":{"rendered":"Ana Mandara Spa (Lagoon)"},"content":{"rendered":"<p>Ng\u00f4i nh\u00e0 m\u1edbi c\u1ee7a Ana Mandara Spa \u0111\u00e3 ch\u00ednh th\u1ee9c hi\u1ec7n di\u1ec7n, \u1ea9n m\u00ecnh duy\u00ean d\u00e1ng tr\u00ean \u0111\u1ea3o lagoon \u0111\u1ed9c \u0111\u00e1o, \u0111\u01b0\u1ee3c bao quanh b\u1edfi h\u1ed3 hoa s\u00fang th\u01a1 m\u1ed9ng. \u0110\u00e2y kh\u00f4ng ch\u1ec9 l\u00e0 m\u1ed9t \u0111\u1ecba \u0111i\u1ec3m m\u1edbi, m\u00e0 c\u00f2n l\u00e0 m\u1ed9t kh\u00f4ng gian ho\u00e0n to\u00e0n \u0111\u01b0\u1ee3c ki\u1ebfn t\u1ea1o \u0111\u1ec3 mang \u0111\u1ebfn tr\u1ea3i nghi\u1ec7m ngh\u1ec9 d\u01b0\u1ee1ng v\u00e0 ch\u0103m s\u00f3c s\u1ee9c kh\u1ecfe \u0111\u1ec9nh cao, n\u01a1i s\u1ef1 y\u00ean b\u00ecnh c\u1ee7a thi\u00ean nhi\u00ean h\u00f2a quy\u1ec7n c\u00f9ng nh\u1eefng li\u1ec7u ph\u00e1p \u0111\u1eb3ng c\u1ea5p.<\/p>\n<p>T\u1ea1i t\u1ed5 \u1ea5m m\u1edbi n\u00e0y, Ana Mandara Spa m\u1eddi g\u1ecdi b\u1ea1n \u0111\u1eafm m\u00ecnh v\u00e0o kh\u00f4ng gian t\u0129nh l\u1eb7ng tuy\u1ec7t \u0111\u1ed1i. H\u00e3y l\u1eafng nghe giai \u0111i\u1ec7u r\u00ec r\u00e0o c\u1ee7a gi\u00f3, ng\u1eafm nh\u00ecn v\u1ebb \u0111\u1eb9p an nhi\u00ean c\u1ee7a nh\u1eefng \u0111\u00f3a hoa s\u00fang \u0111ang khoe s\u1eafc, v\u00e0 c\u1ea3m nh\u1eadn s\u1ef1 th\u01b0 th\u00e1i lan t\u1ecfa kh\u1eafp c\u01a1 th\u1ec3 ngay t\u1eeb kho\u1ea3nh kh\u1eafc \u0111\u1ea7u ti\u00ean b\u1ea1n \u0111\u1eb7t ch\u00e2n \u0111\u1ebfn. M\u1ed7i g\u00f3c nh\u1ecf t\u1ea1i \u0111\u00e2y \u0111\u1ec1u \u0111\u01b0\u1ee3c ch\u0103m ch\u00fat t\u1ec9 m\u1ec9, nh\u1eb1m nu\u00f4i d\u01b0\u1ee1ng t\u00e2m h\u1ed3n v\u00e0 \u0111\u00e1nh th\u1ee9c m\u1ecdi gi\u00e1c quan.<\/p>\n<p>V\u1eabn gi\u1eef v\u1eefng tri\u1ebft l\u00fd ch\u0103m s\u00f3c s\u1ee9c kh\u1ecfe to\u00e0n di\u1ec7n t\u1eeb trong ra ngo\u00e0i, Ana Mandara Spa t\u1ef1 h\u00e0o gi\u1edbi thi\u1ec7u nh\u1eefng tr\u1ecb li\u1ec7u \u0111\u1ed9c \u0111\u00e1o \u0111\u01b0\u1ee3c k\u1ebf th\u1eeba v\u00e0 ph\u00e1t tri\u1ec3n. T\u1eeb c\u00e1c b\u00e0i massage th\u01b0 gi\u00e3n \u0111\u1eadm ch\u1ea5t Vi\u1ec7t Nam, \u0111\u1ebfn li\u1ec7u ph\u00e1p ch\u0103m s\u00f3c da m\u1eb7t chuy\u00ean s\u00e2u s\u1eed d\u1ee5ng s\u1ea3n ph\u1ea9m thu\u1ea7n t\u1ef1 nhi\u00ean, m\u1ed7i li\u1ec7u tr\u00ecnh \u0111\u1ec1u \u0111\u01b0\u1ee3c thi\u1ebft k\u1ebf ri\u00eang \u0111\u1ec3 nu\u00f4i d\u01b0\u1ee1ng c\u01a1 th\u1ec3, xoa d\u1ecbu t\u00e2m tr\u00ed v\u00e0 ph\u1ee5c h\u1ed3i n\u0103ng l\u01b0\u1ee3ng. Ng\u00f4i nh\u00e0 m\u1edbi c\u1ee7a Ana Mandara Spa h\u1ee9a h\u1eb9n s\u1ebd l\u00e0 \u0111i\u1ec3m \u0111\u1ebfn l\u00fd t\u01b0\u1edfng, n\u01a1i b\u1ea1n t\u00ecm th\u1ea5y s\u1ef1 c\u00e2n b\u1eb1ng, t\u01b0\u01a1i m\u1edbi v\u00e0 v\u1ebb \u0111\u1eb9p r\u1ea1ng r\u1ee1 t\u1eeb s\u00e2u b\u00ean trong.<\/p>\n","protected":false},"excerpt":{"rendered":"<p>Ng\u00f4i nh\u00e0 m\u1edbi c\u1ee7a Ana Mandara Spa \u0111\u00e3 ch\u00ednh th\u1ee9c hi\u1ec7n di\u1ec7n, \u1ea9n m\u00ecnh duy\u00ean d\u00e1ng tr\u00ean \u0111\u1ea3o lagoon \u0111\u1ed9c \u0111\u00e1o, \u0111\u01b0\u1ee3c bao quanh b\u1edfi h\u1ed3 hoa s\u00fang th\u01a1 m\u1ed9ng. \u0110\u00e2y kh\u00f4ng ch\u1ec9 l\u00e0 m\u1ed9t \u0111\u1ecba \u0111i\u1ec3m m\u1edbi, m\u00e0 c\u00f2n l\u00e0 m\u1ed9t kh\u00f4ng gian ho\u00e0n to\u00e0n \u0111\u01b0\u1ee3c ki\u1ebfn t\u1ea1o \u0111\u1ec3 mang \u0111\u1ebfn tr\u1ea3i nghi\u1ec7m ngh\u1ec9 [&hellip;]<\/p>\n","protected":false},"author":510,"featured_media":3301,"parent":801,"menu_order":0,"comment_status":"closed","ping_status":"closed","template":"","meta":{"footnotes":""},"categories":[],"acf":[],"yoast_head":"<!-- This site is optimized with the Yoast SEO plugin v22.3 - https:\/\/yoast.com\/wordpress\/plugins\/seo\/ -->\n<title>Ana Mandara Spa (Lagoon) - Ana Mandara Cam Ranh Hotel<\/title>\n<meta name=\"robots\" content=\"index, follow, max-snippet:-1, max-image-preview:large, max-video-preview:-1\" \/>\n<link rel=\"canonical\" href=\"https:\/\/anamandaracamranh.com\/vi\/spa-wellness\/ana-mandara-spa-lagoon\/\" \/>\n<meta property=\"og:locale\" content=\"vi_VN\" \/>\n<meta property=\"og:type\" content=\"article\" \/>\n<meta property=\"og:title\" content=\"Ana Mandara Spa (Lagoon) - Ana Mandara Cam Ranh Hotel\" \/>\n<meta property=\"og:description\" content=\"Ng\u00f4i nh\u00e0 m\u1edbi c\u1ee7a Ana Mandara Spa \u0111\u00e3 ch\u00ednh th\u1ee9c hi\u1ec7n di\u1ec7n, \u1ea9n m\u00ecnh duy\u00ean d\u00e1ng tr\u00ean \u0111\u1ea3o lagoon \u0111\u1ed9c \u0111\u00e1o, \u0111\u01b0\u1ee3c bao quanh b\u1edfi h\u1ed3 hoa s\u00fang th\u01a1 m\u1ed9ng. \u0110\u00e2y kh\u00f4ng ch\u1ec9 l\u00e0 m\u1ed9t \u0111\u1ecba \u0111i\u1ec3m m\u1edbi, m\u00e0 c\u00f2n l\u00e0 m\u1ed9t kh\u00f4ng gian ho\u00e0n to\u00e0n \u0111\u01b0\u1ee3c ki\u1ebfn t\u1ea1o \u0111\u1ec3 mang \u0111\u1ebfn tr\u1ea3i nghi\u1ec7m ngh\u1ec9 [&hellip;]\" \/>\n<meta property=\"og:url\" content=\"https:\/\/anamandaracamranh.com\/vi\/spa-wellness\/ana-mandara-spa-lagoon\/\" \/>\n<meta property=\"og:site_name\" content=\"Ana Mandara Cam Ranh Hotel\" \/>\n<meta property=\"article:modified_time\" content=\"2025-07-19T05:05:33+00:00\" \/>\n<meta property=\"og:image\" content=\"https:\/\/anamandaracamranh.com\/wp-content\/uploads\/sites\/254\/2025\/07\/Ana-Mandara-Spa-Lagoon-2.jpg\" \/>\n\t<meta property=\"og:image:width\" content=\"2200\" \/>\n\t<meta property=\"og:image:height\" content=\"1466\" \/>\n\t<meta property=\"og:image:type\" content=\"image\/jpeg\" \/>\n<meta name=\"twitter:card\" content=\"summary_large_image\" \/>\n<meta name=\"twitter:label1\" content=\"Est. reading time\" \/>\n\t<meta name=\"twitter:data1\" content=\"2 minutes\" \/>\n<script type=\"application\/ld+json\" class=\"yoast-schema-graph\">{\"@context\":\"https:\/\/schema.org\",\"@graph\":[{\"@type\":\"WebPage\",\"@id\":\"https:\/\/anamandaracamranh.com\/vi\/spa-wellness\/ana-mandara-spa-lagoon\/\",\"url\":\"https:\/\/anamandaracamranh.com\/vi\/spa-wellness\/ana-mandara-spa-lagoon\/\",\"name\":\"Ana Mandara Spa (Lagoon) - Ana Mandara Cam Ranh Hotel\",\"isPartOf\":{\"@id\":\"https:\/\/anamandaracamranh.com\/vi\/#website\"},\"primaryImageOfPage\":{\"@id\":\"https:\/\/anamandaracamranh.com\/vi\/spa-wellness\/ana-mandara-spa-lagoon\/#primaryimage\"},\"image\":{\"@id\":\"https:\/\/anamandaracamranh.com\/vi\/spa-wellness\/ana-mandara-spa-lagoon\/#primaryimage\"},\"thumbnailUrl\":\"https:\/\/anamandaracamranh.com\/wp-content\/uploads\/sites\/254\/2025\/07\/Ana-Mandara-Spa-Lagoon-2.jpg\",\"datePublished\":\"2025-07-19T05:01:49+00:00\",\"dateModified\":\"2025-07-19T05:05:33+00:00\",\"breadcrumb\":{\"@id\":\"https:\/\/anamandaracamranh.com\/vi\/spa-wellness\/ana-mandara-spa-lagoon\/#breadcrumb\"},\"inLanguage\":\"vi-VN\",\"potentialAction\":[{\"@type\":\"ReadAction\",\"target\":[\"https:\/\/anamandaracamranh.com\/vi\/spa-wellness\/ana-mandara-spa-lagoon\/\"]}]},{\"@type\":\"ImageObject\",\"inLanguage\":\"vi-VN\",\"@id\":\"https:\/\/anamandaracamranh.com\/vi\/spa-wellness\/ana-mandara-spa-lagoon\/#primaryimage\",\"url\":\"https:\/\/anamandaracamranh.com\/wp-content\/uploads\/sites\/254\/2025\/07\/Ana-Mandara-Spa-Lagoon-2.jpg\",\"contentUrl\":\"https:\/\/anamandaracamranh.com\/wp-content\/uploads\/sites\/254\/2025\/07\/Ana-Mandara-Spa-Lagoon-2.jpg\",\"width\":2200,\"height\":1466},{\"@type\":\"BreadcrumbList\",\"@id\":\"https:\/\/anamandaracamranh.com\/vi\/spa-wellness\/ana-mandara-spa-lagoon\/#breadcrumb\",\"itemListElement\":[{\"@type\":\"ListItem\",\"position\":1,\"name\":\"Home\",\"item\":\"https:\/\/anamandaracamranh.com\/vi\/\"},{\"@type\":\"ListItem\",\"position\":2,\"name\":\"Spa &amp; S\u1ee9c kh\u1ecfe\",\"item\":\"https:\/\/anamandaracamranh.com\/vi\/spa-wellness\/\"},{\"@type\":\"ListItem\",\"position\":3,\"name\":\"Ana Mandara Spa (Lagoon)\"}]},{\"@type\":\"WebSite\",\"@id\":\"https:\/\/anamandaracamranh.com\/vi\/#website\",\"url\":\"https:\/\/anamandaracamranh.com\/vi\/\",\"name\":\"Ana Mandara Cam Ranh Hotel\",\"description\":\"\",\"potentialAction\":[{\"@type\":\"SearchAction\",\"target\":{\"@type\":\"EntryPoint\",\"urlTemplate\":\"https:\/\/anamandaracamranh.com\/vi\/?s={search_term_string}\"},\"query-input\":\"required name=search_term_string\"}],\"inLanguage\":\"vi-VN\"}]}<\/script>\n<!-- \/ Yoast SEO plugin. -->","yoast_head_json":{"title":"Ana Mandara Spa (Lagoon) - Ana Mandara Cam Ranh Hotel","robots":{"index":"index","follow":"follow","max-snippet":"max-snippet:-1","max-image-preview":"max-image-preview:large","max-video-preview":"max-video-preview:-1"},"canonical":"https:\/\/anamandaracamranh.com\/vi\/spa-wellness\/ana-mandara-spa-lagoon\/","og_locale":"vi_VN","og_type":"article","og_title":"Ana Mandara Spa (Lagoon) - Ana Mandara Cam Ranh Hotel","og_description":"Ng\u00f4i nh\u00e0 m\u1edbi c\u1ee7a Ana Mandara Spa \u0111\u00e3 ch\u00ednh th\u1ee9c hi\u1ec7n di\u1ec7n, \u1ea9n m\u00ecnh duy\u00ean d\u00e1ng tr\u00ean \u0111\u1ea3o lagoon \u0111\u1ed9c \u0111\u00e1o, \u0111\u01b0\u1ee3c bao quanh b\u1edfi h\u1ed3 hoa s\u00fang th\u01a1 m\u1ed9ng. \u0110\u00e2y kh\u00f4ng ch\u1ec9 l\u00e0 m\u1ed9t \u0111\u1ecba \u0111i\u1ec3m m\u1edbi, m\u00e0 c\u00f2n l\u00e0 m\u1ed9t kh\u00f4ng gian ho\u00e0n to\u00e0n \u0111\u01b0\u1ee3c ki\u1ebfn t\u1ea1o \u0111\u1ec3 mang \u0111\u1ebfn tr\u1ea3i nghi\u1ec7m ngh\u1ec9 [&hellip;]","og_url":"https:\/\/anamandaracamranh.com\/vi\/spa-wellness\/ana-mandara-spa-lagoon\/","og_site_name":"Ana Mandara Cam Ranh Hotel","article_modified_time":"2025-07-19T05:05:33+00:00","og_image":[{"width":2200,"height":1466,"url":"https:\/\/anamandaracamranh.com\/wp-content\/uploads\/sites\/254\/2025\/07\/Ana-Mandara-Spa-Lagoon-2.jpg","type":"image\/jpeg"}],"twitter_card":"summary_large_image","twitter_misc":{"Est. reading time":"2 minutes"},"schema":{"@context":"https:\/\/schema.org","@graph":[{"@type":"WebPage","@id":"https:\/\/anamandaracamranh.com\/vi\/spa-wellness\/ana-mandara-spa-lagoon\/","url":"https:\/\/anamandaracamranh.com\/vi\/spa-wellness\/ana-mandara-spa-lagoon\/","name":"Ana Mandara Spa (Lagoon) - Ana Mandara Cam Ranh Hotel","isPartOf":{"@id":"https:\/\/anamandaracamranh.com\/vi\/#website"},"primaryImageOfPage":{"@id":"https:\/\/anamandaracamranh.com\/vi\/spa-wellness\/ana-mandara-spa-lagoon\/#primaryimage"},"image":{"@id":"https:\/\/anamandaracamranh.com\/vi\/spa-wellness\/ana-mandara-spa-lagoon\/#primaryimage"},"thumbnailUrl":"https:\/\/anamandaracamranh.com\/wp-content\/uploads\/sites\/254\/2025\/07\/Ana-Mandara-Spa-Lagoon-2.jpg","datePublished":"2025-07-19T05:01:49+00:00","dateModified":"2025-07-19T05:05:33+00:00","breadcrumb":{"@id":"https:\/\/anamandaracamranh.com\/vi\/spa-wellness\/ana-mandara-spa-lagoon\/#breadcrumb"},"inLanguage":"vi-VN","potentialAction":[{"@type":"ReadAction","target":["https:\/\/anamandaracamranh.com\/vi\/spa-wellness\/ana-mandara-spa-lagoon\/"]}]},{"@type":"ImageObject","inLanguage":"vi-VN","@id":"https:\/\/anamandaracamranh.com\/vi\/spa-wellness\/ana-mandara-spa-lagoon\/#primaryimage","url":"https:\/\/anamandaracamranh.com\/wp-content\/uploads\/sites\/254\/2025\/07\/Ana-Mandara-Spa-Lagoon-2.jpg","contentUrl":"https:\/\/anamandaracamranh.com\/wp-content\/uploads\/sites\/254\/2025\/07\/Ana-Mandara-Spa-Lagoon-2.jpg","width":2200,"height":1466},{"@type":"BreadcrumbList","@id":"https:\/\/anamandaracamranh.com\/vi\/spa-wellness\/ana-mandara-spa-lagoon\/#breadcrumb","itemListElement":[{"@type":"ListItem","position":1,"name":"Home","item":"https:\/\/anamandaracamranh.com\/vi\/"},{"@type":"ListItem","position":2,"name":"Spa &amp; S\u1ee9c kh\u1ecfe","item":"https:\/\/anamandaracamranh.com\/vi\/spa-wellness\/"},{"@type":"ListItem","position":3,"name":"Ana Mandara Spa (Lagoon)"}]},{"@type":"WebSite","@id":"https:\/\/anamandaracamranh.com\/vi\/#website","url":"https:\/\/anamandaracamranh.com\/vi\/","name":"Ana Mandara Cam Ranh Hotel","description":"","potentialAction":[{"@type":"SearchAction","target":{"@type":"EntryPoint","urlTemplate":"https:\/\/anamandaracamranh.com\/vi\/?s={search_term_string}"},"query-input":"required name=search_term_string"}],"inLanguage":"vi-VN"}]}},"_links":{"self":[{"href":"https:\/\/anamandaracamranh.com\/vi\/wp-json\/wp\/v2\/pages\/3303"}],"collection":[{"href":"https:\/\/anamandaracamranh.com\/vi\/wp-json\/wp\/v2\/pages"}],"about":[{"href":"https:\/\/anamandaracamranh.com\/vi\/wp-json\/wp\/v2\/types\/page"}],"author":[{"embeddable":true,"href":"https:\/\/anamandaracamranh.com\/vi\/wp-json\/wp\/v2\/users\/510"}],"replies":[{"embeddable":true,"href":"https:\/\/anamandaracamranh.com\/vi\/wp-json\/wp\/v2\/comments?post=3303"}],"version-history":[{"count":0,"href":"https:\/\/anamandaracamranh.com\/vi\/wp-json\/wp\/v2\/pages\/3303\/revisions"}],"up":[{"embeddable":true,"href":"https:\/\/anamandaracamranh.com\/vi\/wp-json\/wp\/v2\/pages\/801"}],"wp:featuredmedia":[{"embeddable":true,"href":"https:\/\/anamandaracamranh.com\/vi\/wp-json\/wp\/v2\/media\/3301"}],"wp:attachment":[{"href":"https:\/\/anamandaracamranh.com\/vi\/wp-json\/wp\/v2\/media?parent=3303"}],"wp:term":[{"taxonomy":"category","embeddable":true,"href":"https:\/\/anamandaracamranh.com\/vi\/wp-json\/wp\/v2\/categories?post=3303"}],"curies":[{"name":"wp","href":"https:\/\/api.w.org\/{rel}","templated":true}]}}