{"id":3272,"date":"2025-07-01T01:26:49","date_gmt":"2025-07-01T01:26:49","guid":{"rendered":"https:\/\/anamandaracamranh.com\/sustainability\/"},"modified":"2025-07-01T02:25:52","modified_gmt":"2025-07-01T02:25:52","slug":"sustainability","status":"publish","type":"page","link":"https:\/\/anamandaracamranh.com\/vi\/sustainability\/","title":{"rendered":"Du L\u1ecbch B\u1ec1n V\u1eefng"},"content":{"rendered":"<p><a href=\"https:\/\/anamandaracamranh.com\/wp-content\/uploads\/sites\/254\/2025\/07\/VN-EO-Ana-Mandara-Cam-Ranh-SUSTAINABILITY.pdf\">\u201cT\u00ecm Hi\u1ec3u K\u1ebf Ho\u1ea1ch Ph\u00e1t Tri\u1ec3n B\u1ec1n V\u1eefng\u201d<\/a><\/p>\n<p>T\u1ea1i Ana Mandara Cam Ranh, ch\u00fang t\u00f4i tin r\u1eb1ng s\u1ef1 sang tr\u1ecdng \u0111\u00edch th\u1ef1c kh\u00f4ng ch\u1ec9 n\u1eb1m \u1edf nh\u1eefng ti\u1ec7n nghi \u0111\u1eb3ng c\u1ea5p \u2013 m\u00e0 c\u00f2n \u1edf gi\u00e1 tr\u1ecb s\u1ed1ng c\u00f3 \u00fd ngh\u0129a. H\u00e0nh tr\u00ecnh ph\u00e1t tri\u1ec3n b\u1ec1n v\u1eefng c\u1ee7a ch\u00fang t\u00f4i xu\u1ea5t ph\u00e1t t\u1eeb tinh th\u1ea7n Vi\u1ec7t: s\u1ed1ng thu\u1eadn t\u1ef1 nhi\u00ean, tr\u00e2n tr\u1ecdng c\u1ed9ng \u0111\u1ed3ng, b\u1ea3o t\u1ed3n v\u1ebb \u0111\u1eb9p \u0111\u1ea5t m\u1eb9.<\/p>\n<p>T\u1eeb m\u00e1i l\u00e1 bi\u1ec3u t\u01b0\u1ee3ng h\u00f2a m\u00ecnh v\u00e0o thi\u00ean nhi\u00ean, \u0111\u1ebfn t\u1eebng ti\u1ec7n nghi \u0111\u01b0\u1ee3c l\u1ef1a ch\u1ecdn v\u1edbi ti\u00eau ch\u00ed th\u00e2n thi\u1ec7n m\u00f4i tr\u01b0\u1eddng \u2013 m\u1ecdi tr\u1ea3i nghi\u1ec7m t\u1ea1i Ana Mandara \u0111\u1ec1u mang m\u1ed9t s\u1ee9 m\u1ec7nh: n\u00e2ng niu thi\u00ean nhi\u00ean v\u00e0 k\u1ebft n\u1ed1i con ng\u01b0\u1eddi.<\/p>\n<p><strong>\ud83c\udf3f<\/strong><strong> H\u00c0NH TR\u00ccNH XANH C\u1ee6A ANA MANDARA CAM RANH<\/strong><\/p>\n<p><strong>2022 \u2013 <em>Kh\u1edfi \u0111\u1ea7u xanh: H\u01b0\u1edbng \u0111\u1ebfn b\u1ec1n v\u1eefng ngay t\u1eeb ng\u00e0y \u0111\u1ea7u ti\u00ean<\/em><\/strong><\/p>\n<p>Ngay t\u1eeb khi \u0111i v\u00e0o ho\u1ea1t \u0111\u1ed9ng, Ana Mandara Cam Ranh \u0111\u00e3 \u0111\u01b0\u1ee3c \u0111\u1ecbnh h\u00ecnh b\u1edfi t\u1ea7m nh\u00ecn chi\u1ebfn l\u01b0\u1ee3c v\u1ec1 ph\u00e1t tri\u1ec3n b\u1ec1n v\u1eefng. H\u01a1n <strong>85% di\u1ec7n t\u00edch \u0111\u1ea5t<\/strong> \u0111\u01b0\u1ee3c gi\u1eef l\u1ea1i l\u00e0m m\u1ea3ng xanh, nu\u00f4i d\u01b0\u1ee1ng b\u1eb1ng h\u1ec7 th\u1ef1c v\u1eadt b\u1ea3n \u0111\u1ecba. Thi\u1ebft k\u1ebf kh\u00f4ng gian m\u1edf gi\u00fap <strong>t\u1eadn d\u1ee5ng \u00e1nh s\u00e1ng v\u00e0 th\u00f4ng gi\u00f3 t\u1ef1 nhi\u00ean<\/strong>, v\u1eeba ti\u1ebft ki\u1ec7m \u0111i\u1ec7n n\u0103ng, v\u1eeba t\u1ea1o n\u00ean tr\u1ea3i nghi\u1ec7m th\u01b0 gi\u00e3n, g\u1ea7n g\u0169i thi\u00ean nhi\u00ean cho du kh\u00e1ch.<\/p>\n<p>Tr\u00ean <strong>80% v\u1eadt li\u1ec7u x\u00e2y d\u1ef1ng<\/strong> \u0111\u01b0\u1ee3c l\u1ef1a ch\u1ecdn t\u1eeb ngu\u1ed3n kh\u00f4ng nung v\u00e0 th\u00e2n thi\u1ec7n v\u1edbi m\u00f4i tr\u01b0\u1eddng nh\u01b0 l\u00e1 d\u1eeba, m\u00e2y, tre, g\u1ed7 t\u00e1i ch\u1ebf. Khu ngh\u1ec9 s\u1eed d\u1ee5ng h\u1ec7 th\u1ed1ng <strong>\u0111\u00e8n LED ti\u1ebft ki\u1ec7m \u0111i\u1ec7n<\/strong>, <strong>n\u01b0\u1edbc n\u00f3ng n\u0103ng l\u01b0\u1ee3ng m\u1eb7t tr\u1eddi<\/strong>, c\u00f9ng v\u1edbi \u0111\u1ed9i ng\u0169 <strong>90% nh\u00e2n s\u1ef1 l\u00e0 ng\u01b0\u1eddi \u0111\u1ecba ph\u01b0\u01a1ng<\/strong>, th\u1ec3 hi\u1ec7n cam k\u1ebft ph\u00e1t tri\u1ec3n b\u1ec1n v\u1eefng d\u1ef1a tr\u00ean c\u1ed9ng \u0111\u1ed3ng.<\/p>\n<p>Ch\u1ea5t th\u1ea3i t\u1eeb c\u00e2y c\u1ed1i v\u00e0 th\u1ef1c ph\u1ea9m \u0111\u01b0\u1ee3c \u1ee7 th\u00e0nh <strong>ph\u00e2n h\u1eefu c\u01a1<\/strong> thay cho ph\u00e2n b\u00f3n ho\u00e1 h\u1ecdc, v\u1eeba b\u1ea3o v\u1ec7 \u0111\u1ea5t v\u00e0 ngu\u1ed3n n\u01b0\u1edbc, v\u1eeba ti\u1ebft ki\u1ec7m chi ph\u00ed ch\u0103m s\u00f3c c\u1ea3nh quan. H\u1ec7 th\u1ed1ng <strong>x\u1eed l\u00fd n\u01b0\u1edbc th\u1ea3i kh\u00e9p k\u00edn<\/strong>, b\u00e0i b\u1ea3n \u0111\u01b0\u1ee3c \u0111\u1ea7u t\u01b0 ngay t\u1eeb \u0111\u1ea7u, b\u1ea3o \u0111\u1ea3m an to\u00e0n m\u00f4i tr\u01b0\u1eddng d\u00e0i l\u00e2u.<\/p>\n<p><strong>2023 \u2013 <em>Xanh h\u00f3a m\u1ecdi \u0111i\u1ec3m ch\u1ea1m d\u1ecbch v\u1ee5<\/em><\/strong><\/p>\n<p>Ana Mandara Cam Ranh ch\u00ednh th\u1ee9c v\u1eadn h\u00e0nh <strong>nh\u00e0 m\u00e1y n\u01b0\u1edbc \u0111\u00f3ng chai t\u1ea1i ch\u1ed7<\/strong>, thay th\u1ebf ho\u00e0n to\u00e0n chai nh\u1ef1a d\u00f9ng m\u1ed9t l\u1ea7n. Chi\u1ebfn d\u1ecbch <strong>\u201cZero Plastic\u201d<\/strong> \u0111\u01b0\u1ee3c tri\u1ec3n khai \u0111\u1ed3ng b\u1ed9, \u01b0u ti\u00ean s\u1eed d\u1ee5ng \u1ed1ng h\u00fat gi\u1ea5y, kh\u0103n gi\u1ea5y ph\u00e2n h\u1ee7y sinh h\u1ecdc, bao b\u00ec v\u00e0 t\u00fai gi\u1ea5y th\u00e2n thi\u1ec7n v\u1edbi m\u00f4i tr\u01b0\u1eddng.<\/p>\n<p>M\u1ed7i c\u0103n ph\u00f2ng \u0111\u1ec1u c\u00f3 th\u1ebb <strong>Green Card<\/strong> v\u1edbi l\u1eddi nh\u1eafn:<\/p>\n<p><em>\u201cT\u00f4i kh\u00f4ng ch\u1ec9 \u0111\u1ebfn \u0111\u00e2y \u0111\u1ec3 ngh\u1ec9 ng\u01a1i \u2013 m\u00e0 c\u00f2n \u0111\u1ec3 t\u1ea1o ra s\u1ef1 thay \u0111\u1ed5i.\u201d<\/em><\/p>\n<p>C\u00e1c ho\u1ea1t \u0111\u1ed9ng <strong>Green Day h\u00e0ng tu\u1ea7n<\/strong> k\u1ebft n\u1ed1i nh\u00e2n vi\u00ean v\u00e0 du kh\u00e1ch trong c\u00e1c chi\u1ebfn d\u1ecbch l\u00e0m s\u1ea1ch b\u00e3i bi\u1ec3n, tr\u1ed3ng c\u00e2y, chia s\u1ebb ki\u1ebfn th\u1ee9c v\u1ec1 m\u00f4i tr\u01b0\u1eddng \u2013 t\u1ea1o n\u00ean m\u1ed9t c\u1ed9ng \u0111\u1ed3ng c\u00f9ng nhau h\u00e0nh \u0111\u1ed9ng v\u00ec t\u01b0\u01a1ng lai xanh.<\/p>\n<p><strong>\ud83d\uddd3<\/strong><strong> 2024 \u2013 <em>Ghi nh\u1eadn v\u00e0 lan t\u1ecfa<\/em><\/strong><\/p>\n<p>V\u1edbi nh\u1eefng n\u1ed7 l\u1ef1c kh\u00f4ng ng\u1eebng ngh\u1ec9, Ana Mandara Cam Ranh vinh d\u1ef1 \u0111\u01b0\u1ee3c trao <strong>Gi\u1ea3i th\u01b0\u1edfng Xanh c\u1ea5p Qu\u1ed1c gia<\/strong>, ghi nh\u1eadn nh\u1eefng \u0111\u00f3ng g\u00f3p t\u00edch c\u1ef1c cho m\u00f4i tr\u01b0\u1eddng v\u00e0 c\u1ed9ng \u0111\u1ed3ng. C\u00f9ng n\u0103m, khu ngh\u1ec9 ch\u00ednh th\u1ee9c kh\u1edfi \u0111\u1ed9ng quy tr\u00ecnh \u0111\u1ea1t chu\u1ea9n <strong>ch\u1ee9ng nh\u1eadn qu\u1ed1c t\u1ebf Green Globe<\/strong>, \u0111\u00e1nh d\u1ea5u b\u01b0\u1edbc ti\u1ebfn quan tr\u1ecdng tr\u00ean h\u00e0nh tr\u00ecnh h\u00f2a nh\u1eadp c\u00f9ng ti\u00eau chu\u1ea9n du l\u1ecbch b\u1ec1n v\u1eefng to\u00e0n c\u1ea7u.<\/p>\n<p><em>\u201cCh\u00fang ta kh\u00f4ng th\u1eeba h\u01b0\u1edfng Tr\u00e1i \u0110\u1ea5t t\u1eeb t\u1ed5 ti\u00ean \u2013 ch\u00fang ta ch\u1ec9 m\u01b0\u1ee3n n\u00f3 t\u1eeb con ch\u00e1u.\u201d<\/em><br \/>\n\u2013 <em>Ng\u1ea1n ng\u1eef ng\u01b0\u1eddi b\u1ea3n \u0111\u1ecba ch\u00e2u M\u1ef9<\/em><\/p>\n<p>&nbsp;<\/p>\n","protected":false},"excerpt":{"rendered":"<p>\u201cT\u00ecm Hi\u1ec3u K\u1ebf Ho\u1ea1ch Ph\u00e1t Tri\u1ec3n B\u1ec1n V\u1eefng\u201d T\u1ea1i Ana Mandara Cam Ranh, ch\u00fang t\u00f4i tin r\u1eb1ng s\u1ef1 sang tr\u1ecdng \u0111\u00edch th\u1ef1c kh\u00f4ng ch\u1ec9 n\u1eb1m \u1edf nh\u1eefng ti\u1ec7n nghi \u0111\u1eb3ng c\u1ea5p \u2013 m\u00e0 c\u00f2n \u1edf gi\u00e1 tr\u1ecb s\u1ed1ng c\u00f3 \u00fd ngh\u0129a. H\u00e0nh tr\u00ecnh ph\u00e1t tri\u1ec3n b\u1ec1n v\u1eefng c\u1ee7a ch\u00fang t\u00f4i xu\u1ea5t ph\u00e1t t\u1eeb tinh th\u1ea7n [&hellip;]<\/p>\n","protected":false},"author":510,"featured_media":0,"parent":0,"menu_order":0,"comment_status":"closed","ping_status":"closed","template":"","meta":{"footnotes":""},"categories":[],"acf":[],"yoast_head":"<!-- This site is optimized with the Yoast SEO plugin v22.3 - https:\/\/yoast.com\/wordpress\/plugins\/seo\/ -->\n<title>Du L\u1ecbch B\u1ec1n V\u1eefng - Ana Mandara Cam Ranh<\/title>\n<meta name=\"robots\" content=\"index, follow, max-snippet:-1, max-image-preview:large, max-video-preview:-1\" \/>\n<link rel=\"canonical\" href=\"https:\/\/anamandaracamranh.com\/vi\/sustainability\/\" \/>\n<meta property=\"og:locale\" content=\"vi_VN\" \/>\n<meta property=\"og:type\" content=\"article\" \/>\n<meta property=\"og:title\" content=\"Du L\u1ecbch B\u1ec1n V\u1eefng - Ana Mandara Cam Ranh\" \/>\n<meta property=\"og:description\" content=\"\u201cT\u00ecm Hi\u1ec3u K\u1ebf Ho\u1ea1ch Ph\u00e1t Tri\u1ec3n B\u1ec1n V\u1eefng\u201d T\u1ea1i Ana Mandara Cam Ranh, ch\u00fang t\u00f4i tin r\u1eb1ng s\u1ef1 sang tr\u1ecdng \u0111\u00edch th\u1ef1c kh\u00f4ng ch\u1ec9 n\u1eb1m \u1edf nh\u1eefng ti\u1ec7n nghi \u0111\u1eb3ng c\u1ea5p \u2013 m\u00e0 c\u00f2n \u1edf gi\u00e1 tr\u1ecb s\u1ed1ng c\u00f3 \u00fd ngh\u0129a. H\u00e0nh tr\u00ecnh ph\u00e1t tri\u1ec3n b\u1ec1n v\u1eefng c\u1ee7a ch\u00fang t\u00f4i xu\u1ea5t ph\u00e1t t\u1eeb tinh th\u1ea7n [&hellip;]\" \/>\n<meta property=\"og:url\" content=\"https:\/\/anamandaracamranh.com\/vi\/sustainability\/\" \/>\n<meta property=\"og:site_name\" content=\"Ana Mandara Cam Ranh Hotel\" \/>\n<meta property=\"article:modified_time\" content=\"2025-07-01T02:25:52+00:00\" \/>\n<meta name=\"twitter:card\" content=\"summary_large_image\" \/>\n<meta name=\"twitter:label1\" content=\"Est. reading time\" \/>\n\t<meta name=\"twitter:data1\" content=\"3 minutes\" \/>\n<script type=\"application\/ld+json\" class=\"yoast-schema-graph\">{\"@context\":\"https:\/\/schema.org\",\"@graph\":[{\"@type\":\"WebPage\",\"@id\":\"https:\/\/anamandaracamranh.com\/vi\/sustainability\/\",\"url\":\"https:\/\/anamandaracamranh.com\/vi\/sustainability\/\",\"name\":\"Du L\u1ecbch B\u1ec1n V\u1eefng - Ana Mandara Cam Ranh\",\"isPartOf\":{\"@id\":\"https:\/\/anamandaracamranh.com\/vi\/#website\"},\"datePublished\":\"2025-07-01T01:26:49+00:00\",\"dateModified\":\"2025-07-01T02:25:52+00:00\",\"breadcrumb\":{\"@id\":\"https:\/\/anamandaracamranh.com\/vi\/sustainability\/#breadcrumb\"},\"inLanguage\":\"vi-VN\",\"potentialAction\":[{\"@type\":\"ReadAction\",\"target\":[\"https:\/\/anamandaracamranh.com\/vi\/sustainability\/\"]}]},{\"@type\":\"BreadcrumbList\",\"@id\":\"https:\/\/anamandaracamranh.com\/vi\/sustainability\/#breadcrumb\",\"itemListElement\":[{\"@type\":\"ListItem\",\"position\":1,\"name\":\"Home\",\"item\":\"https:\/\/anamandaracamranh.com\/vi\/\"},{\"@type\":\"ListItem\",\"position\":2,\"name\":\"Du L\u1ecbch B\u1ec1n V\u1eefng\"}]},{\"@type\":\"WebSite\",\"@id\":\"https:\/\/anamandaracamranh.com\/vi\/#website\",\"url\":\"https:\/\/anamandaracamranh.com\/vi\/\",\"name\":\"Ana Mandara Cam Ranh Hotel\",\"description\":\"\",\"potentialAction\":[{\"@type\":\"SearchAction\",\"target\":{\"@type\":\"EntryPoint\",\"urlTemplate\":\"https:\/\/anamandaracamranh.com\/vi\/?s={search_term_string}\"},\"query-input\":\"required name=search_term_string\"}],\"inLanguage\":\"vi-VN\"}]}<\/script>\n<!-- \/ Yoast SEO plugin. -->","yoast_head_json":{"title":"Du L\u1ecbch B\u1ec1n V\u1eefng - Ana Mandara Cam Ranh","robots":{"index":"index","follow":"follow","max-snippet":"max-snippet:-1","max-image-preview":"max-image-preview:large","max-video-preview":"max-video-preview:-1"},"canonical":"https:\/\/anamandaracamranh.com\/vi\/sustainability\/","og_locale":"vi_VN","og_type":"article","og_title":"Du L\u1ecbch B\u1ec1n V\u1eefng - Ana Mandara Cam Ranh","og_description":"\u201cT\u00ecm Hi\u1ec3u K\u1ebf Ho\u1ea1ch Ph\u00e1t Tri\u1ec3n B\u1ec1n V\u1eefng\u201d T\u1ea1i Ana Mandara Cam Ranh, ch\u00fang t\u00f4i tin r\u1eb1ng s\u1ef1 sang tr\u1ecdng \u0111\u00edch th\u1ef1c kh\u00f4ng ch\u1ec9 n\u1eb1m \u1edf nh\u1eefng ti\u1ec7n nghi \u0111\u1eb3ng c\u1ea5p \u2013 m\u00e0 c\u00f2n \u1edf gi\u00e1 tr\u1ecb s\u1ed1ng c\u00f3 \u00fd ngh\u0129a. H\u00e0nh tr\u00ecnh ph\u00e1t tri\u1ec3n b\u1ec1n v\u1eefng c\u1ee7a ch\u00fang t\u00f4i xu\u1ea5t ph\u00e1t t\u1eeb tinh th\u1ea7n [&hellip;]","og_url":"https:\/\/anamandaracamranh.com\/vi\/sustainability\/","og_site_name":"Ana Mandara Cam Ranh Hotel","article_modified_time":"2025-07-01T02:25:52+00:00","twitter_card":"summary_large_image","twitter_misc":{"Est. reading time":"3 minutes"},"schema":{"@context":"https:\/\/schema.org","@graph":[{"@type":"WebPage","@id":"https:\/\/anamandaracamranh.com\/vi\/sustainability\/","url":"https:\/\/anamandaracamranh.com\/vi\/sustainability\/","name":"Du L\u1ecbch B\u1ec1n V\u1eefng - Ana Mandara Cam Ranh","isPartOf":{"@id":"https:\/\/anamandaracamranh.com\/vi\/#website"},"datePublished":"2025-07-01T01:26:49+00:00","dateModified":"2025-07-01T02:25:52+00:00","breadcrumb":{"@id":"https:\/\/anamandaracamranh.com\/vi\/sustainability\/#breadcrumb"},"inLanguage":"vi-VN","potentialAction":[{"@type":"ReadAction","target":["https:\/\/anamandaracamranh.com\/vi\/sustainability\/"]}]},{"@type":"BreadcrumbList","@id":"https:\/\/anamandaracamranh.com\/vi\/sustainability\/#breadcrumb","itemListElement":[{"@type":"ListItem","position":1,"name":"Home","item":"https:\/\/anamandaracamranh.com\/vi\/"},{"@type":"ListItem","position":2,"name":"Du L\u1ecbch B\u1ec1n V\u1eefng"}]},{"@type":"WebSite","@id":"https:\/\/anamandaracamranh.com\/vi\/#website","url":"https:\/\/anamandaracamranh.com\/vi\/","name":"Ana Mandara Cam Ranh Hotel","description":"","potentialAction":[{"@type":"SearchAction","target":{"@type":"EntryPoint","urlTemplate":"https:\/\/anamandaracamranh.com\/vi\/?s={search_term_string}"},"query-input":"required name=search_term_string"}],"inLanguage":"vi-VN"}]}},"_links":{"self":[{"href":"https:\/\/anamandaracamranh.com\/vi\/wp-json\/wp\/v2\/pages\/3272"}],"collection":[{"href":"https:\/\/anamandaracamranh.com\/vi\/wp-json\/wp\/v2\/pages"}],"about":[{"href":"https:\/\/anamandaracamranh.com\/vi\/wp-json\/wp\/v2\/types\/page"}],"author":[{"embeddable":true,"href":"https:\/\/anamandaracamranh.com\/vi\/wp-json\/wp\/v2\/users\/510"}],"replies":[{"embeddable":true,"href":"https:\/\/anamandaracamranh.com\/vi\/wp-json\/wp\/v2\/comments?post=3272"}],"version-history":[{"count":0,"href":"https:\/\/anamandaracamranh.com\/vi\/wp-json\/wp\/v2\/pages\/3272\/revisions"}],"wp:attachment":[{"href":"https:\/\/anamandaracamranh.com\/vi\/wp-json\/wp\/v2\/media?parent=3272"}],"wp:term":[{"taxonomy":"category","embeddable":true,"href":"https:\/\/anamandaracamranh.com\/vi\/wp-json\/wp\/v2\/categories?post=3272"}],"curies":[{"name":"wp","href":"https:\/\/api.w.org\/{rel}","templated":true}]}}