{"id":3205,"date":"2025-04-18T09:56:00","date_gmt":"2025-04-18T09:56:00","guid":{"rendered":"https:\/\/anamandaracamranh.com\/?page_id=3205"},"modified":"2025-04-18T10:29:19","modified_gmt":"2025-04-18T10:29:19","slug":"chuong-trinh-khach-hang-than-thiet-ana-mandara-cam-ranh-by-sky-joy","status":"publish","type":"page","link":"https:\/\/anamandaracamranh.com\/vi\/chuong-trinh-khach-hang-than-thiet-ana-mandara-cam-ranh-by-sky-joy\/","title":{"rendered":"CH\u01af\u01a0NG TR\u00ccNH KH\u00c1CH H\u00c0NG TH\u00c2N THI\u1ebeT ANA MANDARA CAM RANH BY SKY JOY"},"content":{"rendered":"<blockquote>\n<h4 style=\"text-align: center\">Tr\u00e2n tr\u1ecdng t\u1eebng kho\u1ea3nh kh\u1eafc \u2013 G\u1eafn k\u1ebft t\u1eebng h\u00e0nh tr\u00ecnh<\/h4>\n<\/blockquote>\n<p><strong>1. GI\u1edaI THI\u1ec6U CH\u01af\u01a0NG TR\u00ccNH KH\u00c1CH H\u00c0NG TH\u00c2N THI\u1ebeT<\/strong><br \/>\nCh\u01b0\u01a1ng tr\u00ecnh Ana Mandara Cam Ranh Loyalty by SkyJoy l\u00e0 l\u1eddi tri \u00e2n ch\u00e2n th\u00e0nh g\u1eedi \u0111\u1ebfn nh\u1eefng v\u1ecb kh\u00e1ch \u0111\u00e3, \u0111ang v\u00e0 s\u1ebd \u0111\u1ed3ng h\u00e0nh c\u00f9ng khu ngh\u1ec9 d\u01b0\u1ee1ng trong m\u1ed7i k\u1ef3 ngh\u1ec9 \u0111\u00e1ng nh\u1edb.<br \/>\nV\u1eadn h\u00e0nh b\u1edfi GalaxyJoy \u2013 h\u1ec7 th\u1ed1ng kh\u00e1ch h\u00e0ng th\u00e2n thi\u1ebft th\u00f4ng minh v\u00e0 to\u00e0n di\u1ec7n, ch\u01b0\u01a1ng tr\u00ecnh mang \u0111\u1ebfn nh\u1eefng \u01b0u \u0111\u00e3i \u0111\u1ed9c quy\u1ec1n d\u00e0nh ri\u00eang cho c\u00e1c h\u1ed9i vi\u00ean, th\u00f4ng qua c\u01a1 ch\u1ebf t\u00edch l\u0169y v\u00e0 quy \u0111\u1ed5i SkyPoint.<br \/>\nSkyPoint l\u00e0 \u0111i\u1ec3m th\u01b0\u1edfng \u0111\u01b0\u1ee3c t\u00edch l\u0169y v\u00e0o t\u00e0i kho\u1ea3n SkyJoy c\u1ee7a h\u1ed9i vi\u00ean khi th\u1ef1c hi\u1ec7n c\u00e1c giao d\u1ecbch \u0111\u1ee7 \u0111i\u1ec1u ki\u1ec7n t\u1ea1i Ana Mandara Cam Ranh ho\u1eb7c t\u1eeb m\u1ea1ng l\u01b0\u1edbi \u0111\u1ed1i t\u00e1c li\u00ean k\u1ebft kh\u00e1c. Nh\u1eefng \u0111i\u1ec3m th\u01b0\u1edfng n\u00e0y c\u00f3 th\u1ec3 \u0111\u01b0\u1ee3c quy \u0111\u1ed5i \u0111\u1ec3 t\u1eadn h\u01b0\u1edfng: V\u00e9 m\u00e1y bay, s\u1ea3n ph\u1ea9m v\u00e0 d\u1ecbch v\u1ee5 \u0111\u1eb7c quy\u1ec1n, \u01b0u \u0111\u00e3i \u1ea9m th\u1ef1c v\u00e0 ngh\u1ec9 d\u01b0\u1ee1ng t\u1eeb h\u1ec7 sinh th\u00e1i GalaxyJoy.<\/p>\n<p><strong>2. C\u00c1CH T\u00cdNH \u0110I\u1ec2M SKYPOINT<\/strong><br \/>\nH\u1ed9i vi\u00ean s\u1ebd \u0111\u01b0\u1ee3c t\u00edch \u0111i\u1ec3m d\u1ef1a tr\u00ean gi\u00e1 tr\u1ecb chi ti\u00eau \u0111\u1ee7 \u0111i\u1ec1u ki\u1ec7n:<br \/>\nSkyPoint = (S\u1ed1 ti\u1ec1n chi ti\u00eau \u0111\u1ee7 \u0111i\u1ec1u ki\u1ec7n t\u00edch \u0111i\u1ec3m \/ 10.000)<br \/>\n\ud83d\udca1 L\u01b0u \u00fd: S\u1ed1 ti\u1ec1n chi ti\u00eau \u0111\u1ee7 \u0111i\u1ec1u ki\u1ec7n kh\u00f4ng bao g\u1ed3m VAT v\u00e0 ph\u00ed d\u1ecbch v\u1ee5. M\u1ed9t s\u1ed1 \u0111i\u1ec1u ki\u1ec7n v\u00e0 \u0111i\u1ec1u kho\u1ea3n \u00e1p d\u1ee5ng.<\/p>\n<p><strong>3. \u01afU \u0110\u00c3I D\u00c0NH CHO H\u1ed8I VI\u00caN<\/strong><\/p>\n<p><strong>\u01afu \u0110\u00e3i \u0110\u1eb7c Bi\u1ec7t D\u00e0nh Cho H\u1ed9i Vi\u00ean Hi\u1ec7n H\u00e0nh C\u1ee7a Skyjoy<\/strong><br \/>\nKhi \u0111\u1eb7t ph\u00f2ng t\u1ea1i Ana Mandara Cam Ranh trong th\u1eddi gian 07\/04\/2025 \u2013 06\/07\/2025, b\u1ea1n s\u1ebd nh\u1eadn \u0111\u01b0\u1ee3c:<br \/>\n\u2705 T\u00edch g\u1ea5p \u0111\u00f4i \u0111i\u1ec3m SkyPoint<br \/>\n\u2705 T\u1eb7ng 200.000 VN\u0110 s\u1eed d\u1ee5ng cho d\u1ecbch v\u1ee5 \u1ea9m th\u1ef1c t\u1ea1i c\u00e1c nh\u00e0 h\u00e0ng trong khu ngh\u1ec9 d\u01b0\u1ee1ng<br \/>\n\ud83d\udccc \u0110i\u1ec1u ki\u1ec7n s\u1eed d\u1ee5ng F&amp;B Credit:<br \/>\n\u2022 Credit c\u00f3 gi\u00e1 tr\u1ecb s\u1eed d\u1ee5ng t\u1eeb ng\u00e0y 07.04.2025 \u2013 06.07.2025<br \/>\n\u2022 \u00c1p d\u1ee5ng m\u1ed9t l\u1ea7n trong su\u1ed1t th\u1eddi gian l\u01b0u tr\u00fa<br \/>\n\u2022 Kh\u00f4ng \u00e1p d\u1ee5ng quy \u0111\u1ed5i th\u00e0nh ti\u1ec1n m\u1eb7t<br \/>\n\u2022 Kh\u00f4ng \u00e1p d\u1ee5ng \u0111\u1ed3ng th\u1eddi v\u1edbi c\u00e1c ch\u01b0\u01a1ng tr\u00ecnh khuy\u1ebfn m\u00e3i kh\u00e1c<br \/>\n\u2022 Ch\u1ec9 \u00e1p d\u1ee5ng cho h\u1ed9i vi\u00ean SkyJoy \u0111\u1eb7t ph\u00f2ng v\u00e0 l\u01b0u tr\u00fa trong th\u1eddi gian di\u1ec5n ra ch\u01b0\u01a1ng tr\u00ecnh<\/p>\n<p><strong>\u01afu \u0110\u00e3i \u0110\u1eb7c Bi\u1ec7t D\u00e0nh Cho H\u1ed9i Vi\u00ean M\u1edbi<\/strong><br \/>\n\u0110\u0103ng k\u00fd th\u1ebb h\u1ed9i vi\u00ean Ana Mandara Cam Ranh by SkyJoy ngay h\u00f4m nay \u0111\u1ec3 nh\u1eadn ngay:<br \/>\n\u2022 Gi\u1ea3m 20% gi\u00e1 ph\u00f2ng cho l\u1ea7n \u0111\u1eb7t ph\u00f2ng ti\u1ebfp theo t\u1ea1i Ana Mandara Cam Ranh<br \/>\n\u2022 T\u1eb7ng 500 \u0111i\u1ec3m SkyPoint ngay sau khi k\u00edch ho\u1ea1t th\u1ebb h\u1ed9i vi\u00ean<br \/>\nL\u01b0u \u00fd:<br \/>\n\u00c1p d\u1ee5ng cho c\u00e1c kh\u00e1ch h\u00e0ng \u0111\u1eb7t ph\u00f2ng tr\u1ef1c ti\u1ebfp qua Website ho\u1eb7c li\u00ean h\u1ec7 v\u1edbi B\u1ed9 ph\u1eadn \u0110\u1eb7t ph\u00f2ng \u2013 Ch\u0103m s\u00f3c kh\u00e1ch h\u00e0ng c\u1ee7a khu ngh\u1ec9 d\u01b0\u1ee1ng.<br \/>\nCh\u01b0\u01a1ng tr\u00ecnh k\u00e9o d\u00e0i \u0111\u1ebfn h\u1ebft ng\u00e0y 06\/07\/2025.<br \/>\nM\u1ed7i h\u1ed9i vi\u00ean m\u1edbi ch\u1ec9 nh\u1eadn 01 m\u00e3 \u01b0u \u0111\u00e3i s\u1eed d\u1ee5ng m\u1ed9t l\u1ea7n duy nh\u1ea5t.<\/p>\n<p><strong>4. X\u00c1C MINH \u0110\u1eb6T PH\u00d2NG &#8211; C\u1ed8NG \u0110I\u1ec2M B\u1ed4 SUNG\u00a0<\/strong><br \/>\n\u0110\u1ec3 \u0111\u1ea3m b\u1ea3o \u0111i\u1ec3m th\u01b0\u1edfng \u0111\u01b0\u1ee3c c\u1eadp nh\u1eadt ch\u00ednh x\u00e1c v\u00e0o t\u00e0i kho\u1ea3n SkyJoy, qu\u00fd kh\u00e1ch vui l\u00f2ng email foteam@anamandaracamranh.com \u0111\u1ec3 cung c\u1ea5p:<br \/>\n&#8211; Th\u00f4ng tin x\u00e1c nh\u1eadn \u0111\u1eb7t ph\u00f2ng\/s\u1ed1 h\u00f3a \u0111\u01a1n c\u00e1c d\u1ecbch v\u1ee5 kh\u00e1c t\u1ea1i Ana Mandara Cam Ranh<br \/>\n&#8211; Th\u00f4ng tin s\u1ed1 th\u1ebb h\u1ed9i vi\u00ean v\u00e0 t\u00ean h\u1ed9i vi\u00ean.<br \/>\nSau khi ti\u1ebfp nh\u1eadn, ch\u00fang t\u00f4i s\u1ebd chuy\u1ec3n th\u00f4ng tin \u0111\u1ebfn h\u1ec7 th\u1ed1ng GalaxyJoy \u0111\u1ec3 ho\u00e0n t\u1ea5t qu\u00e1 tr\u00ecnh c\u1ed9ng \u0111i\u1ec3m.<br \/>\nVui l\u00f2ng \u0111\u1ea3m b\u1ea3o th\u00f4ng tin cung c\u1ea5p l\u00e0 \u0111\u1ea7y \u0111\u1ee7 v\u00e0 ch\u00ednh x\u00e1c \u0111\u1ec3 b\u1ea3o v\u1ec7 quy\u1ec1n l\u1ee3i c\u1ee7a qu\u00fd kh\u00e1ch.<\/p>\n<p>C\u1ea3m \u01a1n qu\u00fd kh\u00e1ch \u0111\u00e3 tin t\u01b0\u1edfng l\u1ef1a ch\u1ecdn Ana Mandara Cam Ranh \u2013 n\u01a1i m\u1ed7i kho\u1ea3nh kh\u1eafc l\u01b0u tr\u00fa kh\u00f4ng ch\u1ec9 l\u00e0 tr\u1ea3i nghi\u1ec7m, m\u00e0 c\u00f2n l\u00e0 h\u00e0nh tr\u00ecnh g\u1eafn k\u1ebft b\u1ec1n l\u00e2u.<\/p>\n","protected":false},"excerpt":{"rendered":"<p>Tr\u00e2n tr\u1ecdng t\u1eebng kho\u1ea3nh kh\u1eafc \u2013 G\u1eafn k\u1ebft t\u1eebng h\u00e0nh tr\u00ecnh 1. GI\u1edaI THI\u1ec6U CH\u01af\u01a0NG TR\u00ccNH KH\u00c1CH H\u00c0NG TH\u00c2N THI\u1ebeT Ch\u01b0\u01a1ng tr\u00ecnh Ana Mandara Cam Ranh Loyalty by SkyJoy l\u00e0 l\u1eddi tri \u00e2n ch\u00e2n th\u00e0nh g\u1eedi \u0111\u1ebfn nh\u1eefng v\u1ecb kh\u00e1ch \u0111\u00e3, \u0111ang v\u00e0 s\u1ebd \u0111\u1ed3ng h\u00e0nh c\u00f9ng khu ngh\u1ec9 d\u01b0\u1ee1ng trong m\u1ed7i k\u1ef3 ngh\u1ec9 \u0111\u00e1ng [&hellip;]<\/p>\n","protected":false},"author":510,"featured_media":3210,"parent":0,"menu_order":0,"comment_status":"closed","ping_status":"closed","template":"","meta":{"footnotes":""},"categories":[],"acf":[],"yoast_head":"<!-- This site is optimized with the Yoast SEO plugin v22.3 - https:\/\/yoast.com\/wordpress\/plugins\/seo\/ -->\n<title>CH\u01af\u01a0NG TR\u00ccNH KH\u00c1CH H\u00c0NG TH\u00c2N THI\u1ebeT ANA MANDARA CAM RANH BY SKY JOY - Ana Mandara Cam Ranh Hotel<\/title>\n<meta name=\"robots\" content=\"index, follow, max-snippet:-1, max-image-preview:large, max-video-preview:-1\" \/>\n<link rel=\"canonical\" href=\"https:\/\/anamandaracamranh.com\/vi\/chuong-trinh-khach-hang-than-thiet-ana-mandara-cam-ranh-by-sky-joy\/\" \/>\n<meta property=\"og:locale\" content=\"vi_VN\" \/>\n<meta property=\"og:type\" content=\"article\" \/>\n<meta property=\"og:title\" content=\"CH\u01af\u01a0NG TR\u00ccNH KH\u00c1CH H\u00c0NG TH\u00c2N THI\u1ebeT ANA MANDARA CAM RANH BY SKY JOY - Ana Mandara Cam Ranh Hotel\" \/>\n<meta property=\"og:description\" content=\"Tr\u00e2n tr\u1ecdng t\u1eebng kho\u1ea3nh kh\u1eafc \u2013 G\u1eafn k\u1ebft t\u1eebng h\u00e0nh tr\u00ecnh 1. GI\u1edaI THI\u1ec6U CH\u01af\u01a0NG TR\u00ccNH KH\u00c1CH H\u00c0NG TH\u00c2N THI\u1ebeT Ch\u01b0\u01a1ng tr\u00ecnh Ana Mandara Cam Ranh Loyalty by SkyJoy l\u00e0 l\u1eddi tri \u00e2n ch\u00e2n th\u00e0nh g\u1eedi \u0111\u1ebfn nh\u1eefng v\u1ecb kh\u00e1ch \u0111\u00e3, \u0111ang v\u00e0 s\u1ebd \u0111\u1ed3ng h\u00e0nh c\u00f9ng khu ngh\u1ec9 d\u01b0\u1ee1ng trong m\u1ed7i k\u1ef3 ngh\u1ec9 \u0111\u00e1ng [&hellip;]\" \/>\n<meta property=\"og:url\" content=\"https:\/\/anamandaracamranh.com\/vi\/chuong-trinh-khach-hang-than-thiet-ana-mandara-cam-ranh-by-sky-joy\/\" \/>\n<meta property=\"og:site_name\" content=\"Ana Mandara Cam Ranh Hotel\" \/>\n<meta property=\"article:modified_time\" content=\"2025-04-18T10:29:19+00:00\" \/>\n<meta property=\"og:image\" content=\"https:\/\/anamandaracamranh.com\/wp-content\/uploads\/sites\/254\/2025\/04\/KV-Scheme-1.jpg\" \/>\n\t<meta property=\"og:image:width\" content=\"2041\" \/>\n\t<meta property=\"og:image:height\" content=\"1152\" \/>\n\t<meta property=\"og:image:type\" content=\"image\/jpeg\" \/>\n<meta name=\"twitter:card\" content=\"summary_large_image\" \/>\n<meta name=\"twitter:label1\" content=\"Est. reading time\" \/>\n\t<meta name=\"twitter:data1\" content=\"3 minutes\" \/>\n<script type=\"application\/ld+json\" class=\"yoast-schema-graph\">{\"@context\":\"https:\/\/schema.org\",\"@graph\":[{\"@type\":\"WebPage\",\"@id\":\"https:\/\/anamandaracamranh.com\/vi\/chuong-trinh-khach-hang-than-thiet-ana-mandara-cam-ranh-by-sky-joy\/\",\"url\":\"https:\/\/anamandaracamranh.com\/vi\/chuong-trinh-khach-hang-than-thiet-ana-mandara-cam-ranh-by-sky-joy\/\",\"name\":\"CH\u01af\u01a0NG TR\u00ccNH KH\u00c1CH H\u00c0NG TH\u00c2N THI\u1ebeT ANA MANDARA CAM RANH BY SKY JOY - Ana Mandara Cam Ranh Hotel\",\"isPartOf\":{\"@id\":\"https:\/\/anamandaracamranh.com\/vi\/#website\"},\"primaryImageOfPage\":{\"@id\":\"https:\/\/anamandaracamranh.com\/vi\/chuong-trinh-khach-hang-than-thiet-ana-mandara-cam-ranh-by-sky-joy\/#primaryimage\"},\"image\":{\"@id\":\"https:\/\/anamandaracamranh.com\/vi\/chuong-trinh-khach-hang-than-thiet-ana-mandara-cam-ranh-by-sky-joy\/#primaryimage\"},\"thumbnailUrl\":\"https:\/\/anamandaracamranh.com\/wp-content\/uploads\/sites\/254\/2025\/04\/KV-Scheme-1.jpg\",\"datePublished\":\"2025-04-18T09:56:00+00:00\",\"dateModified\":\"2025-04-18T10:29:19+00:00\",\"breadcrumb\":{\"@id\":\"https:\/\/anamandaracamranh.com\/vi\/chuong-trinh-khach-hang-than-thiet-ana-mandara-cam-ranh-by-sky-joy\/#breadcrumb\"},\"inLanguage\":\"vi-VN\",\"potentialAction\":[{\"@type\":\"ReadAction\",\"target\":[\"https:\/\/anamandaracamranh.com\/vi\/chuong-trinh-khach-hang-than-thiet-ana-mandara-cam-ranh-by-sky-joy\/\"]}]},{\"@type\":\"ImageObject\",\"inLanguage\":\"vi-VN\",\"@id\":\"https:\/\/anamandaracamranh.com\/vi\/chuong-trinh-khach-hang-than-thiet-ana-mandara-cam-ranh-by-sky-joy\/#primaryimage\",\"url\":\"https:\/\/anamandaracamranh.com\/wp-content\/uploads\/sites\/254\/2025\/04\/KV-Scheme-1.jpg\",\"contentUrl\":\"https:\/\/anamandaracamranh.com\/wp-content\/uploads\/sites\/254\/2025\/04\/KV-Scheme-1.jpg\",\"width\":2041,\"height\":1152},{\"@type\":\"BreadcrumbList\",\"@id\":\"https:\/\/anamandaracamranh.com\/vi\/chuong-trinh-khach-hang-than-thiet-ana-mandara-cam-ranh-by-sky-joy\/#breadcrumb\",\"itemListElement\":[{\"@type\":\"ListItem\",\"position\":1,\"name\":\"Home\",\"item\":\"https:\/\/anamandaracamranh.com\/vi\/\"},{\"@type\":\"ListItem\",\"position\":2,\"name\":\"CH\u01af\u01a0NG TR\u00ccNH KH\u00c1CH H\u00c0NG TH\u00c2N THI\u1ebeT ANA MANDARA CAM RANH BY SKY JOY\"}]},{\"@type\":\"WebSite\",\"@id\":\"https:\/\/anamandaracamranh.com\/vi\/#website\",\"url\":\"https:\/\/anamandaracamranh.com\/vi\/\",\"name\":\"Ana Mandara Cam Ranh Hotel\",\"description\":\"\",\"potentialAction\":[{\"@type\":\"SearchAction\",\"target\":{\"@type\":\"EntryPoint\",\"urlTemplate\":\"https:\/\/anamandaracamranh.com\/vi\/?s={search_term_string}\"},\"query-input\":\"required name=search_term_string\"}],\"inLanguage\":\"vi-VN\"}]}<\/script>\n<!-- \/ Yoast SEO plugin. -->","yoast_head_json":{"title":"CH\u01af\u01a0NG TR\u00ccNH KH\u00c1CH H\u00c0NG TH\u00c2N THI\u1ebeT ANA MANDARA CAM RANH BY SKY JOY - Ana Mandara Cam Ranh Hotel","robots":{"index":"index","follow":"follow","max-snippet":"max-snippet:-1","max-image-preview":"max-image-preview:large","max-video-preview":"max-video-preview:-1"},"canonical":"https:\/\/anamandaracamranh.com\/vi\/chuong-trinh-khach-hang-than-thiet-ana-mandara-cam-ranh-by-sky-joy\/","og_locale":"vi_VN","og_type":"article","og_title":"CH\u01af\u01a0NG TR\u00ccNH KH\u00c1CH H\u00c0NG TH\u00c2N THI\u1ebeT ANA MANDARA CAM RANH BY SKY JOY - Ana Mandara Cam Ranh Hotel","og_description":"Tr\u00e2n tr\u1ecdng t\u1eebng kho\u1ea3nh kh\u1eafc \u2013 G\u1eafn k\u1ebft t\u1eebng h\u00e0nh tr\u00ecnh 1. GI\u1edaI THI\u1ec6U CH\u01af\u01a0NG TR\u00ccNH KH\u00c1CH H\u00c0NG TH\u00c2N THI\u1ebeT Ch\u01b0\u01a1ng tr\u00ecnh Ana Mandara Cam Ranh Loyalty by SkyJoy l\u00e0 l\u1eddi tri \u00e2n ch\u00e2n th\u00e0nh g\u1eedi \u0111\u1ebfn nh\u1eefng v\u1ecb kh\u00e1ch \u0111\u00e3, \u0111ang v\u00e0 s\u1ebd \u0111\u1ed3ng h\u00e0nh c\u00f9ng khu ngh\u1ec9 d\u01b0\u1ee1ng trong m\u1ed7i k\u1ef3 ngh\u1ec9 \u0111\u00e1ng [&hellip;]","og_url":"https:\/\/anamandaracamranh.com\/vi\/chuong-trinh-khach-hang-than-thiet-ana-mandara-cam-ranh-by-sky-joy\/","og_site_name":"Ana Mandara Cam Ranh Hotel","article_modified_time":"2025-04-18T10:29:19+00:00","og_image":[{"width":2041,"height":1152,"url":"https:\/\/anamandaracamranh.com\/wp-content\/uploads\/sites\/254\/2025\/04\/KV-Scheme-1.jpg","type":"image\/jpeg"}],"twitter_card":"summary_large_image","twitter_misc":{"Est. reading time":"3 minutes"},"schema":{"@context":"https:\/\/schema.org","@graph":[{"@type":"WebPage","@id":"https:\/\/anamandaracamranh.com\/vi\/chuong-trinh-khach-hang-than-thiet-ana-mandara-cam-ranh-by-sky-joy\/","url":"https:\/\/anamandaracamranh.com\/vi\/chuong-trinh-khach-hang-than-thiet-ana-mandara-cam-ranh-by-sky-joy\/","name":"CH\u01af\u01a0NG TR\u00ccNH KH\u00c1CH H\u00c0NG TH\u00c2N THI\u1ebeT ANA MANDARA CAM RANH BY SKY JOY - Ana Mandara Cam Ranh Hotel","isPartOf":{"@id":"https:\/\/anamandaracamranh.com\/vi\/#website"},"primaryImageOfPage":{"@id":"https:\/\/anamandaracamranh.com\/vi\/chuong-trinh-khach-hang-than-thiet-ana-mandara-cam-ranh-by-sky-joy\/#primaryimage"},"image":{"@id":"https:\/\/anamandaracamranh.com\/vi\/chuong-trinh-khach-hang-than-thiet-ana-mandara-cam-ranh-by-sky-joy\/#primaryimage"},"thumbnailUrl":"https:\/\/anamandaracamranh.com\/wp-content\/uploads\/sites\/254\/2025\/04\/KV-Scheme-1.jpg","datePublished":"2025-04-18T09:56:00+00:00","dateModified":"2025-04-18T10:29:19+00:00","breadcrumb":{"@id":"https:\/\/anamandaracamranh.com\/vi\/chuong-trinh-khach-hang-than-thiet-ana-mandara-cam-ranh-by-sky-joy\/#breadcrumb"},"inLanguage":"vi-VN","potentialAction":[{"@type":"ReadAction","target":["https:\/\/anamandaracamranh.com\/vi\/chuong-trinh-khach-hang-than-thiet-ana-mandara-cam-ranh-by-sky-joy\/"]}]},{"@type":"ImageObject","inLanguage":"vi-VN","@id":"https:\/\/anamandaracamranh.com\/vi\/chuong-trinh-khach-hang-than-thiet-ana-mandara-cam-ranh-by-sky-joy\/#primaryimage","url":"https:\/\/anamandaracamranh.com\/wp-content\/uploads\/sites\/254\/2025\/04\/KV-Scheme-1.jpg","contentUrl":"https:\/\/anamandaracamranh.com\/wp-content\/uploads\/sites\/254\/2025\/04\/KV-Scheme-1.jpg","width":2041,"height":1152},{"@type":"BreadcrumbList","@id":"https:\/\/anamandaracamranh.com\/vi\/chuong-trinh-khach-hang-than-thiet-ana-mandara-cam-ranh-by-sky-joy\/#breadcrumb","itemListElement":[{"@type":"ListItem","position":1,"name":"Home","item":"https:\/\/anamandaracamranh.com\/vi\/"},{"@type":"ListItem","position":2,"name":"CH\u01af\u01a0NG TR\u00ccNH KH\u00c1CH H\u00c0NG TH\u00c2N THI\u1ebeT ANA MANDARA CAM RANH BY SKY JOY"}]},{"@type":"WebSite","@id":"https:\/\/anamandaracamranh.com\/vi\/#website","url":"https:\/\/anamandaracamranh.com\/vi\/","name":"Ana Mandara Cam Ranh Hotel","description":"","potentialAction":[{"@type":"SearchAction","target":{"@type":"EntryPoint","urlTemplate":"https:\/\/anamandaracamranh.com\/vi\/?s={search_term_string}"},"query-input":"required name=search_term_string"}],"inLanguage":"vi-VN"}]}},"_links":{"self":[{"href":"https:\/\/anamandaracamranh.com\/vi\/wp-json\/wp\/v2\/pages\/3205"}],"collection":[{"href":"https:\/\/anamandaracamranh.com\/vi\/wp-json\/wp\/v2\/pages"}],"about":[{"href":"https:\/\/anamandaracamranh.com\/vi\/wp-json\/wp\/v2\/types\/page"}],"author":[{"embeddable":true,"href":"https:\/\/anamandaracamranh.com\/vi\/wp-json\/wp\/v2\/users\/510"}],"replies":[{"embeddable":true,"href":"https:\/\/anamandaracamranh.com\/vi\/wp-json\/wp\/v2\/comments?post=3205"}],"version-history":[{"count":0,"href":"https:\/\/anamandaracamranh.com\/vi\/wp-json\/wp\/v2\/pages\/3205\/revisions"}],"wp:featuredmedia":[{"embeddable":true,"href":"https:\/\/anamandaracamranh.com\/vi\/wp-json\/wp\/v2\/media\/3210"}],"wp:attachment":[{"href":"https:\/\/anamandaracamranh.com\/vi\/wp-json\/wp\/v2\/media?parent=3205"}],"wp:term":[{"taxonomy":"category","embeddable":true,"href":"https:\/\/anamandaracamranh.com\/vi\/wp-json\/wp\/v2\/categories?post=3205"}],"curies":[{"name":"wp","href":"https:\/\/api.w.org\/{rel}","templated":true}]}}