{"id":3069,"date":"2024-12-11T05:12:41","date_gmt":"2024-12-11T05:12:41","guid":{"rendered":"https:\/\/anamandaracamranh.com\/?page_id=3069"},"modified":"2024-12-11T05:13:29","modified_gmt":"2024-12-11T05:13:29","slug":"mua-le-hoi-xanh-tai-ana-mandara-cam-ranh","status":"publish","type":"page","link":"https:\/\/anamandaracamranh.com\/vi\/special-offers\/mua-le-hoi-xanh-tai-ana-mandara-cam-ranh\/","title":{"rendered":"M\u00f9a l\u1ec5 h\u1ed9i xanh t\u1ea1i Ana Mandara Cam Ranh"},"content":{"rendered":"<p>V\u1edbi ch\u1ee7 \u0111\u1ec1 Gi\u00e1ng sinh c\u1ee7a thi\u00ean nhi\u00ean \u2013 Ana Mandara Cam Ranh s\u1ebd mang \u0111\u1ebfn cho b\u1ea1n m\u1ed9t m\u00f9a vui ng\u1eadp tr\u00e0n s\u1eafc xanh v\u00e0 c\u0169ng kh\u00f4ng k\u00e9m ph\u1ea7n \u1ea5m c\u00fang.<br \/>\nCh\u00fang t\u00f4i m\u1edf \u0111\u1ea7u m\u00f9a l\u1ec5 h\u1ed9i b\u1eb1ng ch\u01b0\u01a1ng tr\u00ecnh th\u1eafp s\u00e1ng c\u00e2y th\u00f4ng Noel, c\u00e1c b\u1eefa ti\u1ec7c t\u1ef1 ch\u1ecdn \u0111a d\u1ea1ng \u0111\u01b0\u1ee3c t\u1ed5 ch\u1ee9c trong su\u1ed1t nh\u1eefng ng\u00e0y l\u1ec5, c\u00e1c ch\u01b0\u01a1ng tr\u00ecnh \u01b0u \u0111\u00e3i v\u00e0 v\u00f4 s\u1ed1 c\u00e1c ho\u1ea1t \u0111\u1ed9ng d\u00e0nh cho du kh\u00e1ch ngay t\u1ea1i khu ngh\u1ec9.<br \/>\nAna Mandara Cam Ranh \u0111\u00e3 s\u1eb5n s\u00e0ng c\u00f9ng b\u1ea1n th\u1eafp s\u00e1ng v\u1ecbnh Cam Ranh, th\u1ed5i b\u00f9ng kh\u00f4ng kh\u00ed vui t\u01b0\u01a1i m\u00f9a Gi\u00e1ng sinh v\u00e0 \u0111\u00f3n ch\u00e0o m\u1ed9t n\u0103m m\u1edbi b\u00ecnh an, ph\u1ea5n kh\u1edfi b\u1eb1ng ho\u1ea1t \u0111\u1ed9ng \u0111\u00eam ng\u01b0\u1ee3c t\u1ea1i nh\u00e0 h\u00e0ng Ana Beach House tr\u01b0\u1edbc bi\u1ec3n.<br \/>\nM\u1ecdi th\u00f4ng tin chi ti\u1ebft v\u1ec1 c\u00e1c ch\u01b0\u01a1ng tr\u00ecnh \u1ea9m th\u1ef1c, c\u00e1c ho\u1ea1t \u0111\u1ed9ng vui ch\u01a1i &#8211; th\u01b0 gi\u00e3n v\u00e0 c\u00e1c ch\u01b0\u01a1ng tr\u00ecnh \u01b0u \u0111\u00e3i \u0111\u00e3 c\u00f3 trong Festive brochure c\u1ee7a ch\u00fang t\u00f4i.<\/p>\n","protected":false},"excerpt":{"rendered":"<p>V\u1edbi ch\u1ee7 \u0111\u1ec1 Gi\u00e1ng sinh c\u1ee7a thi\u00ean nhi\u00ean \u2013 Ana Mandara Cam Ranh s\u1ebd mang \u0111\u1ebfn cho b\u1ea1n m\u1ed9t m\u00f9a vui ng\u1eadp tr\u00e0n s\u1eafc xanh v\u00e0 c\u0169ng kh\u00f4ng k\u00e9m ph\u1ea7n \u1ea5m c\u00fang. Ch\u00fang t\u00f4i m\u1edf \u0111\u1ea7u m\u00f9a l\u1ec5 h\u1ed9i b\u1eb1ng ch\u01b0\u01a1ng tr\u00ecnh th\u1eafp s\u00e1ng c\u00e2y th\u00f4ng Noel, c\u00e1c b\u1eefa ti\u1ec7c t\u1ef1 ch\u1ecdn \u0111a d\u1ea1ng \u0111\u01b0\u1ee3c [&hellip;]<\/p>\n","protected":false},"author":510,"featured_media":3061,"parent":791,"menu_order":0,"comment_status":"closed","ping_status":"closed","template":"template-default-4.php","meta":{"footnotes":""},"categories":[],"acf":[],"yoast_head":"<!-- This site is optimized with the Yoast SEO plugin v22.3 - https:\/\/yoast.com\/wordpress\/plugins\/seo\/ -->\n<title>M\u00f9a l\u1ec5 h\u1ed9i xanh t\u1ea1i Ana Mandara Cam Ranh - Ana Mandara Cam Ranh Hotel<\/title>\n<meta name=\"robots\" content=\"index, follow, max-snippet:-1, max-image-preview:large, max-video-preview:-1\" \/>\n<link rel=\"canonical\" href=\"https:\/\/anamandaracamranh.com\/vi\/special-offers\/mua-le-hoi-xanh-tai-ana-mandara-cam-ranh\/\" \/>\n<meta property=\"og:locale\" content=\"vi_VN\" \/>\n<meta property=\"og:type\" content=\"article\" \/>\n<meta property=\"og:title\" content=\"M\u00f9a l\u1ec5 h\u1ed9i xanh t\u1ea1i Ana Mandara Cam Ranh - Ana Mandara Cam Ranh Hotel\" \/>\n<meta property=\"og:description\" content=\"V\u1edbi ch\u1ee7 \u0111\u1ec1 Gi\u00e1ng sinh c\u1ee7a thi\u00ean nhi\u00ean \u2013 Ana Mandara Cam Ranh s\u1ebd mang \u0111\u1ebfn cho b\u1ea1n m\u1ed9t m\u00f9a vui ng\u1eadp tr\u00e0n s\u1eafc xanh v\u00e0 c\u0169ng kh\u00f4ng k\u00e9m ph\u1ea7n \u1ea5m c\u00fang. Ch\u00fang t\u00f4i m\u1edf \u0111\u1ea7u m\u00f9a l\u1ec5 h\u1ed9i b\u1eb1ng ch\u01b0\u01a1ng tr\u00ecnh th\u1eafp s\u00e1ng c\u00e2y th\u00f4ng Noel, c\u00e1c b\u1eefa ti\u1ec7c t\u1ef1 ch\u1ecdn \u0111a d\u1ea1ng \u0111\u01b0\u1ee3c [&hellip;]\" \/>\n<meta property=\"og:url\" content=\"https:\/\/anamandaracamranh.com\/vi\/special-offers\/mua-le-hoi-xanh-tai-ana-mandara-cam-ranh\/\" \/>\n<meta property=\"og:site_name\" content=\"Ana Mandara Cam Ranh Hotel\" \/>\n<meta property=\"article:modified_time\" content=\"2024-12-11T05:13:29+00:00\" \/>\n<meta property=\"og:image\" content=\"https:\/\/anamandaracamranh.com\/wp-content\/uploads\/sites\/254\/2024\/12\/Festive-Ana-Mandara-Cam-Ranh-2024.jpg\" \/>\n\t<meta property=\"og:image:width\" content=\"2200\" \/>\n\t<meta property=\"og:image:height\" content=\"1650\" \/>\n\t<meta property=\"og:image:type\" content=\"image\/jpeg\" \/>\n<meta name=\"twitter:card\" content=\"summary_large_image\" \/>\n<meta name=\"twitter:label1\" content=\"Est. reading time\" \/>\n\t<meta name=\"twitter:data1\" content=\"1 minute\" \/>\n<script type=\"application\/ld+json\" class=\"yoast-schema-graph\">{\"@context\":\"https:\/\/schema.org\",\"@graph\":[{\"@type\":\"WebPage\",\"@id\":\"https:\/\/anamandaracamranh.com\/vi\/special-offers\/mua-le-hoi-xanh-tai-ana-mandara-cam-ranh\/\",\"url\":\"https:\/\/anamandaracamranh.com\/vi\/special-offers\/mua-le-hoi-xanh-tai-ana-mandara-cam-ranh\/\",\"name\":\"M\u00f9a l\u1ec5 h\u1ed9i xanh t\u1ea1i Ana Mandara Cam Ranh - Ana Mandara Cam Ranh Hotel\",\"isPartOf\":{\"@id\":\"https:\/\/anamandaracamranh.com\/vi\/#website\"},\"primaryImageOfPage\":{\"@id\":\"https:\/\/anamandaracamranh.com\/vi\/special-offers\/mua-le-hoi-xanh-tai-ana-mandara-cam-ranh\/#primaryimage\"},\"image\":{\"@id\":\"https:\/\/anamandaracamranh.com\/vi\/special-offers\/mua-le-hoi-xanh-tai-ana-mandara-cam-ranh\/#primaryimage\"},\"thumbnailUrl\":\"https:\/\/anamandaracamranh.com\/wp-content\/uploads\/sites\/254\/2024\/12\/Festive-Ana-Mandara-Cam-Ranh-2024.jpg\",\"datePublished\":\"2024-12-11T05:12:41+00:00\",\"dateModified\":\"2024-12-11T05:13:29+00:00\",\"breadcrumb\":{\"@id\":\"https:\/\/anamandaracamranh.com\/vi\/special-offers\/mua-le-hoi-xanh-tai-ana-mandara-cam-ranh\/#breadcrumb\"},\"inLanguage\":\"vi-VN\",\"potentialAction\":[{\"@type\":\"ReadAction\",\"target\":[\"https:\/\/anamandaracamranh.com\/vi\/special-offers\/mua-le-hoi-xanh-tai-ana-mandara-cam-ranh\/\"]}]},{\"@type\":\"ImageObject\",\"inLanguage\":\"vi-VN\",\"@id\":\"https:\/\/anamandaracamranh.com\/vi\/special-offers\/mua-le-hoi-xanh-tai-ana-mandara-cam-ranh\/#primaryimage\",\"url\":\"https:\/\/anamandaracamranh.com\/wp-content\/uploads\/sites\/254\/2024\/12\/Festive-Ana-Mandara-Cam-Ranh-2024.jpg\",\"contentUrl\":\"https:\/\/anamandaracamranh.com\/wp-content\/uploads\/sites\/254\/2024\/12\/Festive-Ana-Mandara-Cam-Ranh-2024.jpg\",\"width\":2200,\"height\":1650},{\"@type\":\"BreadcrumbList\",\"@id\":\"https:\/\/anamandaracamranh.com\/vi\/special-offers\/mua-le-hoi-xanh-tai-ana-mandara-cam-ranh\/#breadcrumb\",\"itemListElement\":[{\"@type\":\"ListItem\",\"position\":1,\"name\":\"Home\",\"item\":\"https:\/\/anamandaracamranh.com\/vi\/\"},{\"@type\":\"ListItem\",\"position\":2,\"name\":\"\u01afu \u0110\u00e3i\",\"item\":\"https:\/\/anamandaracamranh.com\/vi\/special-offers\/\"},{\"@type\":\"ListItem\",\"position\":3,\"name\":\"M\u00f9a l\u1ec5 h\u1ed9i xanh t\u1ea1i Ana Mandara Cam Ranh\"}]},{\"@type\":\"WebSite\",\"@id\":\"https:\/\/anamandaracamranh.com\/vi\/#website\",\"url\":\"https:\/\/anamandaracamranh.com\/vi\/\",\"name\":\"Ana Mandara Cam Ranh Hotel\",\"description\":\"\",\"potentialAction\":[{\"@type\":\"SearchAction\",\"target\":{\"@type\":\"EntryPoint\",\"urlTemplate\":\"https:\/\/anamandaracamranh.com\/vi\/?s={search_term_string}\"},\"query-input\":\"required name=search_term_string\"}],\"inLanguage\":\"vi-VN\"}]}<\/script>\n<!-- \/ Yoast SEO plugin. -->","yoast_head_json":{"title":"M\u00f9a l\u1ec5 h\u1ed9i xanh t\u1ea1i Ana Mandara Cam Ranh - Ana Mandara Cam Ranh Hotel","robots":{"index":"index","follow":"follow","max-snippet":"max-snippet:-1","max-image-preview":"max-image-preview:large","max-video-preview":"max-video-preview:-1"},"canonical":"https:\/\/anamandaracamranh.com\/vi\/special-offers\/mua-le-hoi-xanh-tai-ana-mandara-cam-ranh\/","og_locale":"vi_VN","og_type":"article","og_title":"M\u00f9a l\u1ec5 h\u1ed9i xanh t\u1ea1i Ana Mandara Cam Ranh - Ana Mandara Cam Ranh Hotel","og_description":"V\u1edbi ch\u1ee7 \u0111\u1ec1 Gi\u00e1ng sinh c\u1ee7a thi\u00ean nhi\u00ean \u2013 Ana Mandara Cam Ranh s\u1ebd mang \u0111\u1ebfn cho b\u1ea1n m\u1ed9t m\u00f9a vui ng\u1eadp tr\u00e0n s\u1eafc xanh v\u00e0 c\u0169ng kh\u00f4ng k\u00e9m ph\u1ea7n \u1ea5m c\u00fang. Ch\u00fang t\u00f4i m\u1edf \u0111\u1ea7u m\u00f9a l\u1ec5 h\u1ed9i b\u1eb1ng ch\u01b0\u01a1ng tr\u00ecnh th\u1eafp s\u00e1ng c\u00e2y th\u00f4ng Noel, c\u00e1c b\u1eefa ti\u1ec7c t\u1ef1 ch\u1ecdn \u0111a d\u1ea1ng \u0111\u01b0\u1ee3c [&hellip;]","og_url":"https:\/\/anamandaracamranh.com\/vi\/special-offers\/mua-le-hoi-xanh-tai-ana-mandara-cam-ranh\/","og_site_name":"Ana Mandara Cam Ranh Hotel","article_modified_time":"2024-12-11T05:13:29+00:00","og_image":[{"width":2200,"height":1650,"url":"https:\/\/anamandaracamranh.com\/wp-content\/uploads\/sites\/254\/2024\/12\/Festive-Ana-Mandara-Cam-Ranh-2024.jpg","type":"image\/jpeg"}],"twitter_card":"summary_large_image","twitter_misc":{"Est. reading time":"1 minute"},"schema":{"@context":"https:\/\/schema.org","@graph":[{"@type":"WebPage","@id":"https:\/\/anamandaracamranh.com\/vi\/special-offers\/mua-le-hoi-xanh-tai-ana-mandara-cam-ranh\/","url":"https:\/\/anamandaracamranh.com\/vi\/special-offers\/mua-le-hoi-xanh-tai-ana-mandara-cam-ranh\/","name":"M\u00f9a l\u1ec5 h\u1ed9i xanh t\u1ea1i Ana Mandara Cam Ranh - Ana Mandara Cam Ranh Hotel","isPartOf":{"@id":"https:\/\/anamandaracamranh.com\/vi\/#website"},"primaryImageOfPage":{"@id":"https:\/\/anamandaracamranh.com\/vi\/special-offers\/mua-le-hoi-xanh-tai-ana-mandara-cam-ranh\/#primaryimage"},"image":{"@id":"https:\/\/anamandaracamranh.com\/vi\/special-offers\/mua-le-hoi-xanh-tai-ana-mandara-cam-ranh\/#primaryimage"},"thumbnailUrl":"https:\/\/anamandaracamranh.com\/wp-content\/uploads\/sites\/254\/2024\/12\/Festive-Ana-Mandara-Cam-Ranh-2024.jpg","datePublished":"2024-12-11T05:12:41+00:00","dateModified":"2024-12-11T05:13:29+00:00","breadcrumb":{"@id":"https:\/\/anamandaracamranh.com\/vi\/special-offers\/mua-le-hoi-xanh-tai-ana-mandara-cam-ranh\/#breadcrumb"},"inLanguage":"vi-VN","potentialAction":[{"@type":"ReadAction","target":["https:\/\/anamandaracamranh.com\/vi\/special-offers\/mua-le-hoi-xanh-tai-ana-mandara-cam-ranh\/"]}]},{"@type":"ImageObject","inLanguage":"vi-VN","@id":"https:\/\/anamandaracamranh.com\/vi\/special-offers\/mua-le-hoi-xanh-tai-ana-mandara-cam-ranh\/#primaryimage","url":"https:\/\/anamandaracamranh.com\/wp-content\/uploads\/sites\/254\/2024\/12\/Festive-Ana-Mandara-Cam-Ranh-2024.jpg","contentUrl":"https:\/\/anamandaracamranh.com\/wp-content\/uploads\/sites\/254\/2024\/12\/Festive-Ana-Mandara-Cam-Ranh-2024.jpg","width":2200,"height":1650},{"@type":"BreadcrumbList","@id":"https:\/\/anamandaracamranh.com\/vi\/special-offers\/mua-le-hoi-xanh-tai-ana-mandara-cam-ranh\/#breadcrumb","itemListElement":[{"@type":"ListItem","position":1,"name":"Home","item":"https:\/\/anamandaracamranh.com\/vi\/"},{"@type":"ListItem","position":2,"name":"\u01afu \u0110\u00e3i","item":"https:\/\/anamandaracamranh.com\/vi\/special-offers\/"},{"@type":"ListItem","position":3,"name":"M\u00f9a l\u1ec5 h\u1ed9i xanh t\u1ea1i Ana Mandara Cam Ranh"}]},{"@type":"WebSite","@id":"https:\/\/anamandaracamranh.com\/vi\/#website","url":"https:\/\/anamandaracamranh.com\/vi\/","name":"Ana Mandara Cam Ranh Hotel","description":"","potentialAction":[{"@type":"SearchAction","target":{"@type":"EntryPoint","urlTemplate":"https:\/\/anamandaracamranh.com\/vi\/?s={search_term_string}"},"query-input":"required name=search_term_string"}],"inLanguage":"vi-VN"}]}},"_links":{"self":[{"href":"https:\/\/anamandaracamranh.com\/vi\/wp-json\/wp\/v2\/pages\/3069"}],"collection":[{"href":"https:\/\/anamandaracamranh.com\/vi\/wp-json\/wp\/v2\/pages"}],"about":[{"href":"https:\/\/anamandaracamranh.com\/vi\/wp-json\/wp\/v2\/types\/page"}],"author":[{"embeddable":true,"href":"https:\/\/anamandaracamranh.com\/vi\/wp-json\/wp\/v2\/users\/510"}],"replies":[{"embeddable":true,"href":"https:\/\/anamandaracamranh.com\/vi\/wp-json\/wp\/v2\/comments?post=3069"}],"version-history":[{"count":0,"href":"https:\/\/anamandaracamranh.com\/vi\/wp-json\/wp\/v2\/pages\/3069\/revisions"}],"up":[{"embeddable":true,"href":"https:\/\/anamandaracamranh.com\/vi\/wp-json\/wp\/v2\/pages\/791"}],"wp:featuredmedia":[{"embeddable":true,"href":"https:\/\/anamandaracamranh.com\/vi\/wp-json\/wp\/v2\/media\/3061"}],"wp:attachment":[{"href":"https:\/\/anamandaracamranh.com\/vi\/wp-json\/wp\/v2\/media?parent=3069"}],"wp:term":[{"taxonomy":"category","embeddable":true,"href":"https:\/\/anamandaracamranh.com\/vi\/wp-json\/wp\/v2\/categories?post=3069"}],"curies":[{"name":"wp","href":"https:\/\/api.w.org\/{rel}","templated":true}]}}