{"id":2973,"date":"2024-09-11T08:42:24","date_gmt":"2024-09-11T08:42:24","guid":{"rendered":"https:\/\/anamandaracamranh.com\/special-offers\/saturday-night-feast-seafood-bbq\/"},"modified":"2024-10-12T03:36:47","modified_gmt":"2024-10-12T03:36:47","slug":"saturday-night-feast-seafood-bbq","status":"publish","type":"page","link":"https:\/\/anamandaracamranh.com\/vi\/special-offers\/saturday-night-feast-seafood-bbq\/","title":{"rendered":"Ti\u1ec7c BBQ h\u1ea3i s\u1ea3n t\u1ed1i th\u1ee9 b\u1ea3y"},"content":{"rendered":"<div id=\"lipsum\">\n<p>Nh\u00e0 h\u00e0ng Ana Beach House mang \u0111\u1ebfn tr\u1ea3i nghi\u1ec7m buffet h\u1ea3i s\u1ea3n n\u01b0\u1edbng v\u00f4 c\u00f9ng phong ph\u00fa h\u00e0ng \u0111\u00eam th\u1ee9 7.<br \/>\nTh\u1eddi gian: 18:00 &#8211; 21:00<br \/>\nGi\u00e1: VND 1,100,000nett\/kh\u00e1ch<br \/>\n\u0110\u1ecba \u0111i\u1ec3m: nh\u00e0 h\u00e0ng Ana Beach House<br \/>\nBao g\u1ed3m 01 bia S\u00e0i G\u00f2n ho\u1eb7c n\u01b0\u1edbc ng\u1ecdt v\u00e0 nh\u1ea1c s\u1ed1ng<br \/>\n\u01afu \u0111\u00e3i gi\u1ea3m 15% khi mua chai r\u01b0\u1ee3u vang!<br \/>\n\u0110\u1eebng b\u1ecf l\u1ee1 tr\u1ea3i nghi\u1ec7m \u1ea9m th\u1ef1c t\u1ea1i kh\u00f4ng gian nh\u00e0 h\u00e0ng tr\u01b0\u1edbc bi\u1ec3n l\u1ed9ng gi\u00f3.<\/p>\n<\/div>\n","protected":false},"excerpt":{"rendered":"<p>Nh\u00e0 h\u00e0ng Ana Beach House mang \u0111\u1ebfn tr\u1ea3i nghi\u1ec7m buffet h\u1ea3i s\u1ea3n n\u01b0\u1edbng v\u00f4 c\u00f9ng phong ph\u00fa h\u00e0ng \u0111\u00eam th\u1ee9 7. Th\u1eddi gian: 18:00 &#8211; 21:00 Gi\u00e1: VND 1,100,000nett\/kh\u00e1ch \u0110\u1ecba \u0111i\u1ec3m: nh\u00e0 h\u00e0ng Ana Beach House Bao g\u1ed3m 01 bia S\u00e0i G\u00f2n ho\u1eb7c n\u01b0\u1edbc ng\u1ecdt v\u00e0 nh\u1ea1c s\u1ed1ng \u01afu \u0111\u00e3i gi\u1ea3m 15% khi mua chai [&hellip;]<\/p>\n","protected":false},"author":647,"featured_media":2124,"parent":791,"menu_order":0,"comment_status":"closed","ping_status":"closed","template":"template-default-4.php","meta":{"footnotes":""},"categories":[],"acf":[],"yoast_head":"<!-- This site is optimized with the Yoast SEO plugin v22.3 - https:\/\/yoast.com\/wordpress\/plugins\/seo\/ -->\n<title>Ti\u1ec7c BBQ h\u1ea3i s\u1ea3n t\u1ed1i th\u1ee9 b\u1ea3y - Ana Mandara Cam Ranh Hotel<\/title>\n<meta name=\"robots\" content=\"index, follow, max-snippet:-1, max-image-preview:large, max-video-preview:-1\" \/>\n<link rel=\"canonical\" href=\"https:\/\/anamandaracamranh.com\/vi\/special-offers\/saturday-night-feast-seafood-bbq\/\" \/>\n<meta property=\"og:locale\" content=\"vi_VN\" \/>\n<meta property=\"og:type\" content=\"article\" \/>\n<meta property=\"og:title\" content=\"Ti\u1ec7c BBQ h\u1ea3i s\u1ea3n t\u1ed1i th\u1ee9 b\u1ea3y - Ana Mandara Cam Ranh Hotel\" \/>\n<meta property=\"og:description\" content=\"Nh\u00e0 h\u00e0ng Ana Beach House mang \u0111\u1ebfn tr\u1ea3i nghi\u1ec7m buffet h\u1ea3i s\u1ea3n n\u01b0\u1edbng v\u00f4 c\u00f9ng phong ph\u00fa h\u00e0ng \u0111\u00eam th\u1ee9 7. Th\u1eddi gian: 18:00 &#8211; 21:00 Gi\u00e1: VND 1,100,000nett\/kh\u00e1ch \u0110\u1ecba \u0111i\u1ec3m: nh\u00e0 h\u00e0ng Ana Beach House Bao g\u1ed3m 01 bia S\u00e0i G\u00f2n ho\u1eb7c n\u01b0\u1edbc ng\u1ecdt v\u00e0 nh\u1ea1c s\u1ed1ng \u01afu \u0111\u00e3i gi\u1ea3m 15% khi mua chai [&hellip;]\" \/>\n<meta property=\"og:url\" content=\"https:\/\/anamandaracamranh.com\/vi\/special-offers\/saturday-night-feast-seafood-bbq\/\" \/>\n<meta property=\"og:site_name\" content=\"Ana Mandara Cam Ranh Hotel\" \/>\n<meta property=\"article:modified_time\" content=\"2024-10-12T03:36:47+00:00\" \/>\n<meta property=\"og:image\" content=\"https:\/\/anamandaracamranh.com\/wp-content\/uploads\/sites\/254\/2024\/08\/Ana-mandara-cam-ranh-buffet-seafood.jpg\" \/>\n\t<meta property=\"og:image:width\" content=\"2200\" \/>\n\t<meta property=\"og:image:height\" content=\"1467\" \/>\n\t<meta property=\"og:image:type\" content=\"image\/jpeg\" \/>\n<meta name=\"twitter:card\" content=\"summary_large_image\" \/>\n<meta name=\"twitter:label1\" content=\"Est. reading time\" \/>\n\t<meta name=\"twitter:data1\" content=\"1 minute\" \/>\n<script type=\"application\/ld+json\" class=\"yoast-schema-graph\">{\"@context\":\"https:\/\/schema.org\",\"@graph\":[{\"@type\":\"WebPage\",\"@id\":\"https:\/\/anamandaracamranh.com\/vi\/special-offers\/saturday-night-feast-seafood-bbq\/\",\"url\":\"https:\/\/anamandaracamranh.com\/vi\/special-offers\/saturday-night-feast-seafood-bbq\/\",\"name\":\"Ti\u1ec7c BBQ h\u1ea3i s\u1ea3n t\u1ed1i th\u1ee9 b\u1ea3y - Ana Mandara Cam Ranh Hotel\",\"isPartOf\":{\"@id\":\"https:\/\/anamandaracamranh.com\/vi\/#website\"},\"primaryImageOfPage\":{\"@id\":\"https:\/\/anamandaracamranh.com\/vi\/special-offers\/saturday-night-feast-seafood-bbq\/#primaryimage\"},\"image\":{\"@id\":\"https:\/\/anamandaracamranh.com\/vi\/special-offers\/saturday-night-feast-seafood-bbq\/#primaryimage\"},\"thumbnailUrl\":\"https:\/\/anamandaracamranh.com\/wp-content\/uploads\/sites\/254\/2024\/08\/Ana-mandara-cam-ranh-buffet-seafood.jpg\",\"datePublished\":\"2024-09-11T08:42:24+00:00\",\"dateModified\":\"2024-10-12T03:36:47+00:00\",\"breadcrumb\":{\"@id\":\"https:\/\/anamandaracamranh.com\/vi\/special-offers\/saturday-night-feast-seafood-bbq\/#breadcrumb\"},\"inLanguage\":\"vi-VN\",\"potentialAction\":[{\"@type\":\"ReadAction\",\"target\":[\"https:\/\/anamandaracamranh.com\/vi\/special-offers\/saturday-night-feast-seafood-bbq\/\"]}]},{\"@type\":\"ImageObject\",\"inLanguage\":\"vi-VN\",\"@id\":\"https:\/\/anamandaracamranh.com\/vi\/special-offers\/saturday-night-feast-seafood-bbq\/#primaryimage\",\"url\":\"https:\/\/anamandaracamranh.com\/wp-content\/uploads\/sites\/254\/2024\/08\/Ana-mandara-cam-ranh-buffet-seafood.jpg\",\"contentUrl\":\"https:\/\/anamandaracamranh.com\/wp-content\/uploads\/sites\/254\/2024\/08\/Ana-mandara-cam-ranh-buffet-seafood.jpg\",\"width\":2200,\"height\":1467},{\"@type\":\"BreadcrumbList\",\"@id\":\"https:\/\/anamandaracamranh.com\/vi\/special-offers\/saturday-night-feast-seafood-bbq\/#breadcrumb\",\"itemListElement\":[{\"@type\":\"ListItem\",\"position\":1,\"name\":\"Home\",\"item\":\"https:\/\/anamandaracamranh.com\/vi\/\"},{\"@type\":\"ListItem\",\"position\":2,\"name\":\"\u01afu \u0110\u00e3i\",\"item\":\"https:\/\/anamandaracamranh.com\/vi\/special-offers\/\"},{\"@type\":\"ListItem\",\"position\":3,\"name\":\"Ti\u1ec7c BBQ h\u1ea3i s\u1ea3n t\u1ed1i th\u1ee9 b\u1ea3y\"}]},{\"@type\":\"WebSite\",\"@id\":\"https:\/\/anamandaracamranh.com\/vi\/#website\",\"url\":\"https:\/\/anamandaracamranh.com\/vi\/\",\"name\":\"Ana Mandara Cam Ranh Hotel\",\"description\":\"\",\"potentialAction\":[{\"@type\":\"SearchAction\",\"target\":{\"@type\":\"EntryPoint\",\"urlTemplate\":\"https:\/\/anamandaracamranh.com\/vi\/?s={search_term_string}\"},\"query-input\":\"required name=search_term_string\"}],\"inLanguage\":\"vi-VN\"}]}<\/script>\n<!-- \/ Yoast SEO plugin. -->","yoast_head_json":{"title":"Ti\u1ec7c BBQ h\u1ea3i s\u1ea3n t\u1ed1i th\u1ee9 b\u1ea3y - Ana Mandara Cam Ranh Hotel","robots":{"index":"index","follow":"follow","max-snippet":"max-snippet:-1","max-image-preview":"max-image-preview:large","max-video-preview":"max-video-preview:-1"},"canonical":"https:\/\/anamandaracamranh.com\/vi\/special-offers\/saturday-night-feast-seafood-bbq\/","og_locale":"vi_VN","og_type":"article","og_title":"Ti\u1ec7c BBQ h\u1ea3i s\u1ea3n t\u1ed1i th\u1ee9 b\u1ea3y - Ana Mandara Cam Ranh Hotel","og_description":"Nh\u00e0 h\u00e0ng Ana Beach House mang \u0111\u1ebfn tr\u1ea3i nghi\u1ec7m buffet h\u1ea3i s\u1ea3n n\u01b0\u1edbng v\u00f4 c\u00f9ng phong ph\u00fa h\u00e0ng \u0111\u00eam th\u1ee9 7. Th\u1eddi gian: 18:00 &#8211; 21:00 Gi\u00e1: VND 1,100,000nett\/kh\u00e1ch \u0110\u1ecba \u0111i\u1ec3m: nh\u00e0 h\u00e0ng Ana Beach House Bao g\u1ed3m 01 bia S\u00e0i G\u00f2n ho\u1eb7c n\u01b0\u1edbc ng\u1ecdt v\u00e0 nh\u1ea1c s\u1ed1ng \u01afu \u0111\u00e3i gi\u1ea3m 15% khi mua chai [&hellip;]","og_url":"https:\/\/anamandaracamranh.com\/vi\/special-offers\/saturday-night-feast-seafood-bbq\/","og_site_name":"Ana Mandara Cam Ranh Hotel","article_modified_time":"2024-10-12T03:36:47+00:00","og_image":[{"width":2200,"height":1467,"url":"https:\/\/anamandaracamranh.com\/wp-content\/uploads\/sites\/254\/2024\/08\/Ana-mandara-cam-ranh-buffet-seafood.jpg","type":"image\/jpeg"}],"twitter_card":"summary_large_image","twitter_misc":{"Est. reading time":"1 minute"},"schema":{"@context":"https:\/\/schema.org","@graph":[{"@type":"WebPage","@id":"https:\/\/anamandaracamranh.com\/vi\/special-offers\/saturday-night-feast-seafood-bbq\/","url":"https:\/\/anamandaracamranh.com\/vi\/special-offers\/saturday-night-feast-seafood-bbq\/","name":"Ti\u1ec7c BBQ h\u1ea3i s\u1ea3n t\u1ed1i th\u1ee9 b\u1ea3y - Ana Mandara Cam Ranh Hotel","isPartOf":{"@id":"https:\/\/anamandaracamranh.com\/vi\/#website"},"primaryImageOfPage":{"@id":"https:\/\/anamandaracamranh.com\/vi\/special-offers\/saturday-night-feast-seafood-bbq\/#primaryimage"},"image":{"@id":"https:\/\/anamandaracamranh.com\/vi\/special-offers\/saturday-night-feast-seafood-bbq\/#primaryimage"},"thumbnailUrl":"https:\/\/anamandaracamranh.com\/wp-content\/uploads\/sites\/254\/2024\/08\/Ana-mandara-cam-ranh-buffet-seafood.jpg","datePublished":"2024-09-11T08:42:24+00:00","dateModified":"2024-10-12T03:36:47+00:00","breadcrumb":{"@id":"https:\/\/anamandaracamranh.com\/vi\/special-offers\/saturday-night-feast-seafood-bbq\/#breadcrumb"},"inLanguage":"vi-VN","potentialAction":[{"@type":"ReadAction","target":["https:\/\/anamandaracamranh.com\/vi\/special-offers\/saturday-night-feast-seafood-bbq\/"]}]},{"@type":"ImageObject","inLanguage":"vi-VN","@id":"https:\/\/anamandaracamranh.com\/vi\/special-offers\/saturday-night-feast-seafood-bbq\/#primaryimage","url":"https:\/\/anamandaracamranh.com\/wp-content\/uploads\/sites\/254\/2024\/08\/Ana-mandara-cam-ranh-buffet-seafood.jpg","contentUrl":"https:\/\/anamandaracamranh.com\/wp-content\/uploads\/sites\/254\/2024\/08\/Ana-mandara-cam-ranh-buffet-seafood.jpg","width":2200,"height":1467},{"@type":"BreadcrumbList","@id":"https:\/\/anamandaracamranh.com\/vi\/special-offers\/saturday-night-feast-seafood-bbq\/#breadcrumb","itemListElement":[{"@type":"ListItem","position":1,"name":"Home","item":"https:\/\/anamandaracamranh.com\/vi\/"},{"@type":"ListItem","position":2,"name":"\u01afu \u0110\u00e3i","item":"https:\/\/anamandaracamranh.com\/vi\/special-offers\/"},{"@type":"ListItem","position":3,"name":"Ti\u1ec7c BBQ h\u1ea3i s\u1ea3n t\u1ed1i th\u1ee9 b\u1ea3y"}]},{"@type":"WebSite","@id":"https:\/\/anamandaracamranh.com\/vi\/#website","url":"https:\/\/anamandaracamranh.com\/vi\/","name":"Ana Mandara Cam Ranh Hotel","description":"","potentialAction":[{"@type":"SearchAction","target":{"@type":"EntryPoint","urlTemplate":"https:\/\/anamandaracamranh.com\/vi\/?s={search_term_string}"},"query-input":"required name=search_term_string"}],"inLanguage":"vi-VN"}]}},"_links":{"self":[{"href":"https:\/\/anamandaracamranh.com\/vi\/wp-json\/wp\/v2\/pages\/2973"}],"collection":[{"href":"https:\/\/anamandaracamranh.com\/vi\/wp-json\/wp\/v2\/pages"}],"about":[{"href":"https:\/\/anamandaracamranh.com\/vi\/wp-json\/wp\/v2\/types\/page"}],"author":[{"embeddable":true,"href":"https:\/\/anamandaracamranh.com\/vi\/wp-json\/wp\/v2\/users\/647"}],"replies":[{"embeddable":true,"href":"https:\/\/anamandaracamranh.com\/vi\/wp-json\/wp\/v2\/comments?post=2973"}],"version-history":[{"count":0,"href":"https:\/\/anamandaracamranh.com\/vi\/wp-json\/wp\/v2\/pages\/2973\/revisions"}],"up":[{"embeddable":true,"href":"https:\/\/anamandaracamranh.com\/vi\/wp-json\/wp\/v2\/pages\/791"}],"wp:featuredmedia":[{"embeddable":true,"href":"https:\/\/anamandaracamranh.com\/vi\/wp-json\/wp\/v2\/media\/2124"}],"wp:attachment":[{"href":"https:\/\/anamandaracamranh.com\/vi\/wp-json\/wp\/v2\/media?parent=2973"}],"wp:term":[{"taxonomy":"category","embeddable":true,"href":"https:\/\/anamandaracamranh.com\/vi\/wp-json\/wp\/v2\/categories?post=2973"}],"curies":[{"name":"wp","href":"https:\/\/api.w.org\/{rel}","templated":true}]}}