{"id":2912,"date":"2024-10-04T07:32:10","date_gmt":"2024-10-04T07:32:10","guid":{"rendered":"https:\/\/anamandaracamranh.com\/special-offers\/your-perfect-day-your-way\/"},"modified":"2024-10-12T03:31:36","modified_gmt":"2024-10-12T03:31:36","slug":"your-perfect-day-your-way","status":"publish","type":"page","link":"https:\/\/anamandaracamranh.com\/vi\/special-offers\/your-perfect-day-your-way\/","title":{"rendered":"Ng\u00e0y tr\u1ecdng \u0111\u1ea1i theo c\u00e1ch c\u1ee7a b\u1ea1n"},"content":{"rendered":"<p>Tr\u1ea3i nghi\u1ec7m ti\u1ec7c c\u01b0\u1edbi l\u00e3ng m\u1ea1n nh\u1ea5t b\u00ean b\u1edd bi\u1ec3n c\u1ee7a Ana Mandara Cam Ranh. H\u00e3y \u0111\u1ec3 \u00e2m thanh c\u1ee7a s\u00f3ng bi\u1ec3n v\u00e0 c\u1ea3m gi\u00e1c c\u1ee7a c\u00e1t d\u01b0\u1edbi ch\u00e2n b\u1ea1n t\u1ea1o n\u00ean b\u1ea7u kh\u00f4ng kh\u00ed k\u1ef3 di\u1ec7u cho ng\u00e0y \u0111\u1eb7c bi\u1ec7t c\u1ee7a b\u1ea1n.<br \/>\n\u0110\u1eb7t ti\u1ec7c c\u01b0\u1edbi tr\u01b0\u1edbc ng\u00e0y 23 th\u00e1ng 12 n\u0103m 2024, \u0111\u01b0\u1ee3c gi\u1ea3m gi\u00e1 10% cho g\u00f3i ti\u1ec7c c\u01b0\u1edbi bao g\u1ed3m c\u00e1c g\u00f3i trang tr\u00ed c\u01b0\u1edbi \u0111\u1ed9c \u0111\u00e1o v\u00e0 \u0111\u00eam ngh\u1ec9 tr\u0103ng m\u1eadt t\u1ea1i khu ngh\u1ec9.<\/p>\n","protected":false},"excerpt":{"rendered":"<p>Tr\u1ea3i nghi\u1ec7m ti\u1ec7c c\u01b0\u1edbi l\u00e3ng m\u1ea1n nh\u1ea5t b\u00ean b\u1edd bi\u1ec3n c\u1ee7a Ana Mandara Cam Ranh. H\u00e3y \u0111\u1ec3 \u00e2m thanh c\u1ee7a s\u00f3ng bi\u1ec3n v\u00e0 c\u1ea3m gi\u00e1c c\u1ee7a c\u00e1t d\u01b0\u1edbi ch\u00e2n b\u1ea1n t\u1ea1o n\u00ean b\u1ea7u kh\u00f4ng kh\u00ed k\u1ef3 di\u1ec7u cho ng\u00e0y \u0111\u1eb7c bi\u1ec7t c\u1ee7a b\u1ea1n. \u0110\u1eb7t ti\u1ec7c c\u01b0\u1edbi tr\u01b0\u1edbc ng\u00e0y 23 th\u00e1ng 12 n\u0103m 2024, \u0111\u01b0\u1ee3c gi\u1ea3m [&hellip;]<\/p>\n","protected":false},"author":647,"featured_media":2874,"parent":791,"menu_order":0,"comment_status":"closed","ping_status":"closed","template":"template-default-4.php","meta":{"footnotes":""},"categories":[],"acf":[],"yoast_head":"<!-- This site is optimized with the Yoast SEO plugin v22.3 - https:\/\/yoast.com\/wordpress\/plugins\/seo\/ -->\n<title>Ng\u00e0y tr\u1ecdng \u0111\u1ea1i theo c\u00e1ch c\u1ee7a b\u1ea1n - Ana Mandara Cam Ranh Hotel<\/title>\n<meta name=\"robots\" content=\"index, follow, max-snippet:-1, max-image-preview:large, max-video-preview:-1\" \/>\n<link rel=\"canonical\" href=\"https:\/\/anamandaracamranh.com\/vi\/special-offers\/your-perfect-day-your-way\/\" \/>\n<meta property=\"og:locale\" content=\"vi_VN\" \/>\n<meta property=\"og:type\" content=\"article\" \/>\n<meta property=\"og:title\" content=\"Ng\u00e0y tr\u1ecdng \u0111\u1ea1i theo c\u00e1ch c\u1ee7a b\u1ea1n - Ana Mandara Cam Ranh Hotel\" \/>\n<meta property=\"og:description\" content=\"Tr\u1ea3i nghi\u1ec7m ti\u1ec7c c\u01b0\u1edbi l\u00e3ng m\u1ea1n nh\u1ea5t b\u00ean b\u1edd bi\u1ec3n c\u1ee7a Ana Mandara Cam Ranh. H\u00e3y \u0111\u1ec3 \u00e2m thanh c\u1ee7a s\u00f3ng bi\u1ec3n v\u00e0 c\u1ea3m gi\u00e1c c\u1ee7a c\u00e1t d\u01b0\u1edbi ch\u00e2n b\u1ea1n t\u1ea1o n\u00ean b\u1ea7u kh\u00f4ng kh\u00ed k\u1ef3 di\u1ec7u cho ng\u00e0y \u0111\u1eb7c bi\u1ec7t c\u1ee7a b\u1ea1n. \u0110\u1eb7t ti\u1ec7c c\u01b0\u1edbi tr\u01b0\u1edbc ng\u00e0y 23 th\u00e1ng 12 n\u0103m 2024, \u0111\u01b0\u1ee3c gi\u1ea3m [&hellip;]\" \/>\n<meta property=\"og:url\" content=\"https:\/\/anamandaracamranh.com\/vi\/special-offers\/your-perfect-day-your-way\/\" \/>\n<meta property=\"og:site_name\" content=\"Ana Mandara Cam Ranh Hotel\" \/>\n<meta property=\"article:modified_time\" content=\"2024-10-12T03:31:36+00:00\" \/>\n<meta property=\"og:image\" content=\"https:\/\/anamandaracamranh.com\/wp-content\/uploads\/sites\/254\/2024\/10\/Bali-Love-Wedding-Package-Bali-Beach-Glamping-HERO-5.jpeg\" \/>\n\t<meta property=\"og:image:width\" content=\"1800\" \/>\n\t<meta property=\"og:image:height\" content=\"1200\" \/>\n\t<meta property=\"og:image:type\" content=\"image\/jpeg\" \/>\n<meta name=\"twitter:card\" content=\"summary_large_image\" \/>\n<meta name=\"twitter:label1\" content=\"Est. reading time\" \/>\n\t<meta name=\"twitter:data1\" content=\"1 minute\" \/>\n<script type=\"application\/ld+json\" class=\"yoast-schema-graph\">{\"@context\":\"https:\/\/schema.org\",\"@graph\":[{\"@type\":\"WebPage\",\"@id\":\"https:\/\/anamandaracamranh.com\/vi\/special-offers\/your-perfect-day-your-way\/\",\"url\":\"https:\/\/anamandaracamranh.com\/vi\/special-offers\/your-perfect-day-your-way\/\",\"name\":\"Ng\u00e0y tr\u1ecdng \u0111\u1ea1i theo c\u00e1ch c\u1ee7a b\u1ea1n - Ana Mandara Cam Ranh Hotel\",\"isPartOf\":{\"@id\":\"https:\/\/anamandaracamranh.com\/vi\/#website\"},\"primaryImageOfPage\":{\"@id\":\"https:\/\/anamandaracamranh.com\/vi\/special-offers\/your-perfect-day-your-way\/#primaryimage\"},\"image\":{\"@id\":\"https:\/\/anamandaracamranh.com\/vi\/special-offers\/your-perfect-day-your-way\/#primaryimage\"},\"thumbnailUrl\":\"https:\/\/anamandaracamranh.com\/wp-content\/uploads\/sites\/254\/2024\/10\/Bali-Love-Wedding-Package-Bali-Beach-Glamping-HERO-5.jpeg\",\"datePublished\":\"2024-10-04T07:32:10+00:00\",\"dateModified\":\"2024-10-12T03:31:36+00:00\",\"breadcrumb\":{\"@id\":\"https:\/\/anamandaracamranh.com\/vi\/special-offers\/your-perfect-day-your-way\/#breadcrumb\"},\"inLanguage\":\"vi-VN\",\"potentialAction\":[{\"@type\":\"ReadAction\",\"target\":[\"https:\/\/anamandaracamranh.com\/vi\/special-offers\/your-perfect-day-your-way\/\"]}]},{\"@type\":\"ImageObject\",\"inLanguage\":\"vi-VN\",\"@id\":\"https:\/\/anamandaracamranh.com\/vi\/special-offers\/your-perfect-day-your-way\/#primaryimage\",\"url\":\"https:\/\/anamandaracamranh.com\/wp-content\/uploads\/sites\/254\/2024\/10\/Bali-Love-Wedding-Package-Bali-Beach-Glamping-HERO-5.jpeg\",\"contentUrl\":\"https:\/\/anamandaracamranh.com\/wp-content\/uploads\/sites\/254\/2024\/10\/Bali-Love-Wedding-Package-Bali-Beach-Glamping-HERO-5.jpeg\",\"width\":1800,\"height\":1200},{\"@type\":\"BreadcrumbList\",\"@id\":\"https:\/\/anamandaracamranh.com\/vi\/special-offers\/your-perfect-day-your-way\/#breadcrumb\",\"itemListElement\":[{\"@type\":\"ListItem\",\"position\":1,\"name\":\"Home\",\"item\":\"https:\/\/anamandaracamranh.com\/vi\/\"},{\"@type\":\"ListItem\",\"position\":2,\"name\":\"\u01afu \u0110\u00e3i\",\"item\":\"https:\/\/anamandaracamranh.com\/vi\/special-offers\/\"},{\"@type\":\"ListItem\",\"position\":3,\"name\":\"Ng\u00e0y tr\u1ecdng \u0111\u1ea1i theo c\u00e1ch c\u1ee7a b\u1ea1n\"}]},{\"@type\":\"WebSite\",\"@id\":\"https:\/\/anamandaracamranh.com\/vi\/#website\",\"url\":\"https:\/\/anamandaracamranh.com\/vi\/\",\"name\":\"Ana Mandara Cam Ranh Hotel\",\"description\":\"\",\"potentialAction\":[{\"@type\":\"SearchAction\",\"target\":{\"@type\":\"EntryPoint\",\"urlTemplate\":\"https:\/\/anamandaracamranh.com\/vi\/?s={search_term_string}\"},\"query-input\":\"required name=search_term_string\"}],\"inLanguage\":\"vi-VN\"}]}<\/script>\n<!-- \/ Yoast SEO plugin. -->","yoast_head_json":{"title":"Ng\u00e0y tr\u1ecdng \u0111\u1ea1i theo c\u00e1ch c\u1ee7a b\u1ea1n - Ana Mandara Cam Ranh Hotel","robots":{"index":"index","follow":"follow","max-snippet":"max-snippet:-1","max-image-preview":"max-image-preview:large","max-video-preview":"max-video-preview:-1"},"canonical":"https:\/\/anamandaracamranh.com\/vi\/special-offers\/your-perfect-day-your-way\/","og_locale":"vi_VN","og_type":"article","og_title":"Ng\u00e0y tr\u1ecdng \u0111\u1ea1i theo c\u00e1ch c\u1ee7a b\u1ea1n - Ana Mandara Cam Ranh Hotel","og_description":"Tr\u1ea3i nghi\u1ec7m ti\u1ec7c c\u01b0\u1edbi l\u00e3ng m\u1ea1n nh\u1ea5t b\u00ean b\u1edd bi\u1ec3n c\u1ee7a Ana Mandara Cam Ranh. H\u00e3y \u0111\u1ec3 \u00e2m thanh c\u1ee7a s\u00f3ng bi\u1ec3n v\u00e0 c\u1ea3m gi\u00e1c c\u1ee7a c\u00e1t d\u01b0\u1edbi ch\u00e2n b\u1ea1n t\u1ea1o n\u00ean b\u1ea7u kh\u00f4ng kh\u00ed k\u1ef3 di\u1ec7u cho ng\u00e0y \u0111\u1eb7c bi\u1ec7t c\u1ee7a b\u1ea1n. \u0110\u1eb7t ti\u1ec7c c\u01b0\u1edbi tr\u01b0\u1edbc ng\u00e0y 23 th\u00e1ng 12 n\u0103m 2024, \u0111\u01b0\u1ee3c gi\u1ea3m [&hellip;]","og_url":"https:\/\/anamandaracamranh.com\/vi\/special-offers\/your-perfect-day-your-way\/","og_site_name":"Ana Mandara Cam Ranh Hotel","article_modified_time":"2024-10-12T03:31:36+00:00","og_image":[{"width":1800,"height":1200,"url":"https:\/\/anamandaracamranh.com\/wp-content\/uploads\/sites\/254\/2024\/10\/Bali-Love-Wedding-Package-Bali-Beach-Glamping-HERO-5.jpeg","type":"image\/jpeg"}],"twitter_card":"summary_large_image","twitter_misc":{"Est. reading time":"1 minute"},"schema":{"@context":"https:\/\/schema.org","@graph":[{"@type":"WebPage","@id":"https:\/\/anamandaracamranh.com\/vi\/special-offers\/your-perfect-day-your-way\/","url":"https:\/\/anamandaracamranh.com\/vi\/special-offers\/your-perfect-day-your-way\/","name":"Ng\u00e0y tr\u1ecdng \u0111\u1ea1i theo c\u00e1ch c\u1ee7a b\u1ea1n - Ana Mandara Cam Ranh Hotel","isPartOf":{"@id":"https:\/\/anamandaracamranh.com\/vi\/#website"},"primaryImageOfPage":{"@id":"https:\/\/anamandaracamranh.com\/vi\/special-offers\/your-perfect-day-your-way\/#primaryimage"},"image":{"@id":"https:\/\/anamandaracamranh.com\/vi\/special-offers\/your-perfect-day-your-way\/#primaryimage"},"thumbnailUrl":"https:\/\/anamandaracamranh.com\/wp-content\/uploads\/sites\/254\/2024\/10\/Bali-Love-Wedding-Package-Bali-Beach-Glamping-HERO-5.jpeg","datePublished":"2024-10-04T07:32:10+00:00","dateModified":"2024-10-12T03:31:36+00:00","breadcrumb":{"@id":"https:\/\/anamandaracamranh.com\/vi\/special-offers\/your-perfect-day-your-way\/#breadcrumb"},"inLanguage":"vi-VN","potentialAction":[{"@type":"ReadAction","target":["https:\/\/anamandaracamranh.com\/vi\/special-offers\/your-perfect-day-your-way\/"]}]},{"@type":"ImageObject","inLanguage":"vi-VN","@id":"https:\/\/anamandaracamranh.com\/vi\/special-offers\/your-perfect-day-your-way\/#primaryimage","url":"https:\/\/anamandaracamranh.com\/wp-content\/uploads\/sites\/254\/2024\/10\/Bali-Love-Wedding-Package-Bali-Beach-Glamping-HERO-5.jpeg","contentUrl":"https:\/\/anamandaracamranh.com\/wp-content\/uploads\/sites\/254\/2024\/10\/Bali-Love-Wedding-Package-Bali-Beach-Glamping-HERO-5.jpeg","width":1800,"height":1200},{"@type":"BreadcrumbList","@id":"https:\/\/anamandaracamranh.com\/vi\/special-offers\/your-perfect-day-your-way\/#breadcrumb","itemListElement":[{"@type":"ListItem","position":1,"name":"Home","item":"https:\/\/anamandaracamranh.com\/vi\/"},{"@type":"ListItem","position":2,"name":"\u01afu \u0110\u00e3i","item":"https:\/\/anamandaracamranh.com\/vi\/special-offers\/"},{"@type":"ListItem","position":3,"name":"Ng\u00e0y tr\u1ecdng \u0111\u1ea1i theo c\u00e1ch c\u1ee7a b\u1ea1n"}]},{"@type":"WebSite","@id":"https:\/\/anamandaracamranh.com\/vi\/#website","url":"https:\/\/anamandaracamranh.com\/vi\/","name":"Ana Mandara Cam Ranh Hotel","description":"","potentialAction":[{"@type":"SearchAction","target":{"@type":"EntryPoint","urlTemplate":"https:\/\/anamandaracamranh.com\/vi\/?s={search_term_string}"},"query-input":"required name=search_term_string"}],"inLanguage":"vi-VN"}]}},"_links":{"self":[{"href":"https:\/\/anamandaracamranh.com\/vi\/wp-json\/wp\/v2\/pages\/2912"}],"collection":[{"href":"https:\/\/anamandaracamranh.com\/vi\/wp-json\/wp\/v2\/pages"}],"about":[{"href":"https:\/\/anamandaracamranh.com\/vi\/wp-json\/wp\/v2\/types\/page"}],"author":[{"embeddable":true,"href":"https:\/\/anamandaracamranh.com\/vi\/wp-json\/wp\/v2\/users\/647"}],"replies":[{"embeddable":true,"href":"https:\/\/anamandaracamranh.com\/vi\/wp-json\/wp\/v2\/comments?post=2912"}],"version-history":[{"count":0,"href":"https:\/\/anamandaracamranh.com\/vi\/wp-json\/wp\/v2\/pages\/2912\/revisions"}],"up":[{"embeddable":true,"href":"https:\/\/anamandaracamranh.com\/vi\/wp-json\/wp\/v2\/pages\/791"}],"wp:featuredmedia":[{"embeddable":true,"href":"https:\/\/anamandaracamranh.com\/vi\/wp-json\/wp\/v2\/media\/2874"}],"wp:attachment":[{"href":"https:\/\/anamandaracamranh.com\/vi\/wp-json\/wp\/v2\/media?parent=2912"}],"wp:term":[{"taxonomy":"category","embeddable":true,"href":"https:\/\/anamandaracamranh.com\/vi\/wp-json\/wp\/v2\/categories?post=2912"}],"curies":[{"name":"wp","href":"https:\/\/api.w.org\/{rel}","templated":true}]}}