{"id":2908,"date":"2024-10-04T07:28:18","date_gmt":"2024-10-04T07:28:18","guid":{"rendered":"https:\/\/anamandaracamranh.com\/special-offers\/full-legs-hot-stone-treatment\/"},"modified":"2024-10-12T03:44:07","modified_gmt":"2024-10-12T03:44:07","slug":"full-legs-hot-stone-treatment","status":"publish","type":"page","link":"https:\/\/anamandaracamranh.com\/vi\/special-offers\/full-legs-hot-stone-treatment\/","title":{"rendered":"Tr\u1ecb li\u1ec7u ch\u00e2n b\u1eb1ng \u0111\u00e1 n\u00f3ng"},"content":{"rendered":"<p>Tr\u1ea3i nghi\u1ec7m s\u1ef1 th\u01b0 gi\u00e3n v\u00e0 tho\u1ea3i m\u00e1i tuy\u1ec7t \u0111\u1ed1i v\u1edbi li\u1ec7u tr\u00ecnh \u0111\u00e1 n\u00f3ng to\u00e0n b\u1ed9 ch\u00e2n trong 60 ph\u00fat c\u1ee7a ch\u00fang t\u00f4i. C\u00e1c chuy\u00ean gia tr\u1ecb li\u1ec7u l\u00e0nh ngh\u1ec1 c\u1ee7a ch\u00fang t\u00f4i s\u1eed d\u1ee5ng \u0111\u00e1 n\u00f3ng m\u1ecbn \u0111\u1ec3 l\u00e0m tan ch\u1ea3y s\u1ef1 c\u0103ng c\u01a1 v\u00e0 \u0111au nh\u1ee9c, \u0111\u1eb7c bi\u1ec7t l\u00e0 sau nhi\u1ec1u gi\u1edd di chuy\u1ec3n. H\u00e3y t\u1eadn h\u01b0\u1edfng li\u1ec7u tr\u00ecnh ch\u0103m s\u00f3c n\u00e0y ch\u1ec9 v\u1edbi 699.000 VND.<\/p>\n","protected":false},"excerpt":{"rendered":"<p>Tr\u1ea3i nghi\u1ec7m s\u1ef1 th\u01b0 gi\u00e3n v\u00e0 tho\u1ea3i m\u00e1i tuy\u1ec7t \u0111\u1ed1i v\u1edbi li\u1ec7u tr\u00ecnh \u0111\u00e1 n\u00f3ng to\u00e0n b\u1ed9 ch\u00e2n trong 60 ph\u00fat c\u1ee7a ch\u00fang t\u00f4i. C\u00e1c chuy\u00ean gia tr\u1ecb li\u1ec7u l\u00e0nh ngh\u1ec1 c\u1ee7a ch\u00fang t\u00f4i s\u1eed d\u1ee5ng \u0111\u00e1 n\u00f3ng m\u1ecbn \u0111\u1ec3 l\u00e0m tan ch\u1ea3y s\u1ef1 c\u0103ng c\u01a1 v\u00e0 \u0111au nh\u1ee9c, \u0111\u1eb7c bi\u1ec7t l\u00e0 sau nhi\u1ec1u gi\u1edd [&hellip;]<\/p>\n","protected":false},"author":647,"featured_media":2867,"parent":791,"menu_order":0,"comment_status":"closed","ping_status":"closed","template":"template-default-4.php","meta":{"footnotes":""},"categories":[],"acf":[],"yoast_head":"<!-- This site is optimized with the Yoast SEO plugin v22.3 - https:\/\/yoast.com\/wordpress\/plugins\/seo\/ -->\n<title>Tr\u1ecb li\u1ec7u ch\u00e2n b\u1eb1ng \u0111\u00e1 n\u00f3ng - Ana Mandara Cam Ranh Hotel<\/title>\n<meta name=\"robots\" content=\"index, follow, max-snippet:-1, max-image-preview:large, max-video-preview:-1\" \/>\n<link rel=\"canonical\" href=\"https:\/\/anamandaracamranh.com\/vi\/special-offers\/full-legs-hot-stone-treatment\/\" \/>\n<meta property=\"og:locale\" content=\"vi_VN\" \/>\n<meta property=\"og:type\" content=\"article\" \/>\n<meta property=\"og:title\" content=\"Tr\u1ecb li\u1ec7u ch\u00e2n b\u1eb1ng \u0111\u00e1 n\u00f3ng - Ana Mandara Cam Ranh Hotel\" \/>\n<meta property=\"og:description\" content=\"Tr\u1ea3i nghi\u1ec7m s\u1ef1 th\u01b0 gi\u00e3n v\u00e0 tho\u1ea3i m\u00e1i tuy\u1ec7t \u0111\u1ed1i v\u1edbi li\u1ec7u tr\u00ecnh \u0111\u00e1 n\u00f3ng to\u00e0n b\u1ed9 ch\u00e2n trong 60 ph\u00fat c\u1ee7a ch\u00fang t\u00f4i. C\u00e1c chuy\u00ean gia tr\u1ecb li\u1ec7u l\u00e0nh ngh\u1ec1 c\u1ee7a ch\u00fang t\u00f4i s\u1eed d\u1ee5ng \u0111\u00e1 n\u00f3ng m\u1ecbn \u0111\u1ec3 l\u00e0m tan ch\u1ea3y s\u1ef1 c\u0103ng c\u01a1 v\u00e0 \u0111au nh\u1ee9c, \u0111\u1eb7c bi\u1ec7t l\u00e0 sau nhi\u1ec1u gi\u1edd [&hellip;]\" \/>\n<meta property=\"og:url\" content=\"https:\/\/anamandaracamranh.com\/vi\/special-offers\/full-legs-hot-stone-treatment\/\" \/>\n<meta property=\"og:site_name\" content=\"Ana Mandara Cam Ranh Hotel\" \/>\n<meta property=\"article:modified_time\" content=\"2024-10-12T03:44:07+00:00\" \/>\n<meta property=\"og:image\" content=\"https:\/\/anamandaracamranh.com\/wp-content\/uploads\/sites\/254\/2024\/10\/ANA-MANDARA-SPA-HOT-STONE-MASSAGE.jpg\" \/>\n\t<meta property=\"og:image:width\" content=\"2200\" \/>\n\t<meta property=\"og:image:height\" content=\"1467\" \/>\n\t<meta property=\"og:image:type\" content=\"image\/jpeg\" \/>\n<meta name=\"twitter:card\" content=\"summary_large_image\" \/>\n<meta name=\"twitter:label1\" content=\"Est. reading time\" \/>\n\t<meta name=\"twitter:data1\" content=\"1 minute\" \/>\n<script type=\"application\/ld+json\" class=\"yoast-schema-graph\">{\"@context\":\"https:\/\/schema.org\",\"@graph\":[{\"@type\":\"WebPage\",\"@id\":\"https:\/\/anamandaracamranh.com\/vi\/special-offers\/full-legs-hot-stone-treatment\/\",\"url\":\"https:\/\/anamandaracamranh.com\/vi\/special-offers\/full-legs-hot-stone-treatment\/\",\"name\":\"Tr\u1ecb li\u1ec7u ch\u00e2n b\u1eb1ng \u0111\u00e1 n\u00f3ng - Ana Mandara Cam Ranh Hotel\",\"isPartOf\":{\"@id\":\"https:\/\/anamandaracamranh.com\/vi\/#website\"},\"primaryImageOfPage\":{\"@id\":\"https:\/\/anamandaracamranh.com\/vi\/special-offers\/full-legs-hot-stone-treatment\/#primaryimage\"},\"image\":{\"@id\":\"https:\/\/anamandaracamranh.com\/vi\/special-offers\/full-legs-hot-stone-treatment\/#primaryimage\"},\"thumbnailUrl\":\"https:\/\/anamandaracamranh.com\/wp-content\/uploads\/sites\/254\/2024\/10\/ANA-MANDARA-SPA-HOT-STONE-MASSAGE.jpg\",\"datePublished\":\"2024-10-04T07:28:18+00:00\",\"dateModified\":\"2024-10-12T03:44:07+00:00\",\"breadcrumb\":{\"@id\":\"https:\/\/anamandaracamranh.com\/vi\/special-offers\/full-legs-hot-stone-treatment\/#breadcrumb\"},\"inLanguage\":\"vi-VN\",\"potentialAction\":[{\"@type\":\"ReadAction\",\"target\":[\"https:\/\/anamandaracamranh.com\/vi\/special-offers\/full-legs-hot-stone-treatment\/\"]}]},{\"@type\":\"ImageObject\",\"inLanguage\":\"vi-VN\",\"@id\":\"https:\/\/anamandaracamranh.com\/vi\/special-offers\/full-legs-hot-stone-treatment\/#primaryimage\",\"url\":\"https:\/\/anamandaracamranh.com\/wp-content\/uploads\/sites\/254\/2024\/10\/ANA-MANDARA-SPA-HOT-STONE-MASSAGE.jpg\",\"contentUrl\":\"https:\/\/anamandaracamranh.com\/wp-content\/uploads\/sites\/254\/2024\/10\/ANA-MANDARA-SPA-HOT-STONE-MASSAGE.jpg\",\"width\":2200,\"height\":1467},{\"@type\":\"BreadcrumbList\",\"@id\":\"https:\/\/anamandaracamranh.com\/vi\/special-offers\/full-legs-hot-stone-treatment\/#breadcrumb\",\"itemListElement\":[{\"@type\":\"ListItem\",\"position\":1,\"name\":\"Home\",\"item\":\"https:\/\/anamandaracamranh.com\/vi\/\"},{\"@type\":\"ListItem\",\"position\":2,\"name\":\"\u01afu \u0110\u00e3i\",\"item\":\"https:\/\/anamandaracamranh.com\/vi\/special-offers\/\"},{\"@type\":\"ListItem\",\"position\":3,\"name\":\"Tr\u1ecb li\u1ec7u ch\u00e2n b\u1eb1ng \u0111\u00e1 n\u00f3ng\"}]},{\"@type\":\"WebSite\",\"@id\":\"https:\/\/anamandaracamranh.com\/vi\/#website\",\"url\":\"https:\/\/anamandaracamranh.com\/vi\/\",\"name\":\"Ana Mandara Cam Ranh Hotel\",\"description\":\"\",\"potentialAction\":[{\"@type\":\"SearchAction\",\"target\":{\"@type\":\"EntryPoint\",\"urlTemplate\":\"https:\/\/anamandaracamranh.com\/vi\/?s={search_term_string}\"},\"query-input\":\"required name=search_term_string\"}],\"inLanguage\":\"vi-VN\"}]}<\/script>\n<!-- \/ Yoast SEO plugin. -->","yoast_head_json":{"title":"Tr\u1ecb li\u1ec7u ch\u00e2n b\u1eb1ng \u0111\u00e1 n\u00f3ng - Ana Mandara Cam Ranh Hotel","robots":{"index":"index","follow":"follow","max-snippet":"max-snippet:-1","max-image-preview":"max-image-preview:large","max-video-preview":"max-video-preview:-1"},"canonical":"https:\/\/anamandaracamranh.com\/vi\/special-offers\/full-legs-hot-stone-treatment\/","og_locale":"vi_VN","og_type":"article","og_title":"Tr\u1ecb li\u1ec7u ch\u00e2n b\u1eb1ng \u0111\u00e1 n\u00f3ng - Ana Mandara Cam Ranh Hotel","og_description":"Tr\u1ea3i nghi\u1ec7m s\u1ef1 th\u01b0 gi\u00e3n v\u00e0 tho\u1ea3i m\u00e1i tuy\u1ec7t \u0111\u1ed1i v\u1edbi li\u1ec7u tr\u00ecnh \u0111\u00e1 n\u00f3ng to\u00e0n b\u1ed9 ch\u00e2n trong 60 ph\u00fat c\u1ee7a ch\u00fang t\u00f4i. C\u00e1c chuy\u00ean gia tr\u1ecb li\u1ec7u l\u00e0nh ngh\u1ec1 c\u1ee7a ch\u00fang t\u00f4i s\u1eed d\u1ee5ng \u0111\u00e1 n\u00f3ng m\u1ecbn \u0111\u1ec3 l\u00e0m tan ch\u1ea3y s\u1ef1 c\u0103ng c\u01a1 v\u00e0 \u0111au nh\u1ee9c, \u0111\u1eb7c bi\u1ec7t l\u00e0 sau nhi\u1ec1u gi\u1edd [&hellip;]","og_url":"https:\/\/anamandaracamranh.com\/vi\/special-offers\/full-legs-hot-stone-treatment\/","og_site_name":"Ana Mandara Cam Ranh Hotel","article_modified_time":"2024-10-12T03:44:07+00:00","og_image":[{"width":2200,"height":1467,"url":"https:\/\/anamandaracamranh.com\/wp-content\/uploads\/sites\/254\/2024\/10\/ANA-MANDARA-SPA-HOT-STONE-MASSAGE.jpg","type":"image\/jpeg"}],"twitter_card":"summary_large_image","twitter_misc":{"Est. reading time":"1 minute"},"schema":{"@context":"https:\/\/schema.org","@graph":[{"@type":"WebPage","@id":"https:\/\/anamandaracamranh.com\/vi\/special-offers\/full-legs-hot-stone-treatment\/","url":"https:\/\/anamandaracamranh.com\/vi\/special-offers\/full-legs-hot-stone-treatment\/","name":"Tr\u1ecb li\u1ec7u ch\u00e2n b\u1eb1ng \u0111\u00e1 n\u00f3ng - Ana Mandara Cam Ranh Hotel","isPartOf":{"@id":"https:\/\/anamandaracamranh.com\/vi\/#website"},"primaryImageOfPage":{"@id":"https:\/\/anamandaracamranh.com\/vi\/special-offers\/full-legs-hot-stone-treatment\/#primaryimage"},"image":{"@id":"https:\/\/anamandaracamranh.com\/vi\/special-offers\/full-legs-hot-stone-treatment\/#primaryimage"},"thumbnailUrl":"https:\/\/anamandaracamranh.com\/wp-content\/uploads\/sites\/254\/2024\/10\/ANA-MANDARA-SPA-HOT-STONE-MASSAGE.jpg","datePublished":"2024-10-04T07:28:18+00:00","dateModified":"2024-10-12T03:44:07+00:00","breadcrumb":{"@id":"https:\/\/anamandaracamranh.com\/vi\/special-offers\/full-legs-hot-stone-treatment\/#breadcrumb"},"inLanguage":"vi-VN","potentialAction":[{"@type":"ReadAction","target":["https:\/\/anamandaracamranh.com\/vi\/special-offers\/full-legs-hot-stone-treatment\/"]}]},{"@type":"ImageObject","inLanguage":"vi-VN","@id":"https:\/\/anamandaracamranh.com\/vi\/special-offers\/full-legs-hot-stone-treatment\/#primaryimage","url":"https:\/\/anamandaracamranh.com\/wp-content\/uploads\/sites\/254\/2024\/10\/ANA-MANDARA-SPA-HOT-STONE-MASSAGE.jpg","contentUrl":"https:\/\/anamandaracamranh.com\/wp-content\/uploads\/sites\/254\/2024\/10\/ANA-MANDARA-SPA-HOT-STONE-MASSAGE.jpg","width":2200,"height":1467},{"@type":"BreadcrumbList","@id":"https:\/\/anamandaracamranh.com\/vi\/special-offers\/full-legs-hot-stone-treatment\/#breadcrumb","itemListElement":[{"@type":"ListItem","position":1,"name":"Home","item":"https:\/\/anamandaracamranh.com\/vi\/"},{"@type":"ListItem","position":2,"name":"\u01afu \u0110\u00e3i","item":"https:\/\/anamandaracamranh.com\/vi\/special-offers\/"},{"@type":"ListItem","position":3,"name":"Tr\u1ecb li\u1ec7u ch\u00e2n b\u1eb1ng \u0111\u00e1 n\u00f3ng"}]},{"@type":"WebSite","@id":"https:\/\/anamandaracamranh.com\/vi\/#website","url":"https:\/\/anamandaracamranh.com\/vi\/","name":"Ana Mandara Cam Ranh Hotel","description":"","potentialAction":[{"@type":"SearchAction","target":{"@type":"EntryPoint","urlTemplate":"https:\/\/anamandaracamranh.com\/vi\/?s={search_term_string}"},"query-input":"required name=search_term_string"}],"inLanguage":"vi-VN"}]}},"_links":{"self":[{"href":"https:\/\/anamandaracamranh.com\/vi\/wp-json\/wp\/v2\/pages\/2908"}],"collection":[{"href":"https:\/\/anamandaracamranh.com\/vi\/wp-json\/wp\/v2\/pages"}],"about":[{"href":"https:\/\/anamandaracamranh.com\/vi\/wp-json\/wp\/v2\/types\/page"}],"author":[{"embeddable":true,"href":"https:\/\/anamandaracamranh.com\/vi\/wp-json\/wp\/v2\/users\/647"}],"replies":[{"embeddable":true,"href":"https:\/\/anamandaracamranh.com\/vi\/wp-json\/wp\/v2\/comments?post=2908"}],"version-history":[{"count":0,"href":"https:\/\/anamandaracamranh.com\/vi\/wp-json\/wp\/v2\/pages\/2908\/revisions"}],"up":[{"embeddable":true,"href":"https:\/\/anamandaracamranh.com\/vi\/wp-json\/wp\/v2\/pages\/791"}],"wp:featuredmedia":[{"embeddable":true,"href":"https:\/\/anamandaracamranh.com\/vi\/wp-json\/wp\/v2\/media\/2867"}],"wp:attachment":[{"href":"https:\/\/anamandaracamranh.com\/vi\/wp-json\/wp\/v2\/media?parent=2908"}],"wp:term":[{"taxonomy":"category","embeddable":true,"href":"https:\/\/anamandaracamranh.com\/vi\/wp-json\/wp\/v2\/categories?post=2908"}],"curies":[{"name":"wp","href":"https:\/\/api.w.org\/{rel}","templated":true}]}}