{"id":2903,"date":"2024-10-04T07:23:22","date_gmt":"2024-10-04T07:23:22","guid":{"rendered":"https:\/\/anamandaracamranh.com\/special-offers\/buy-01-get-01-free\/"},"modified":"2024-10-12T03:42:16","modified_gmt":"2024-10-12T03:42:16","slug":"buy-01-get-01-free","status":"publish","type":"page","link":"https:\/\/anamandaracamranh.com\/vi\/special-offers\/buy-01-get-01-free\/","title":{"rendered":"Mua 01 T\u1eb7ng 01"},"content":{"rendered":"<p>Tr\u1ea3i nghi\u1ec7m s\u1ef1 th\u01b0 gi\u00e3n v\u00e0 \u0111\u1ed5i m\u1edbi tuy\u1ec7t \u0111\u1ed1i v\u1edbi li\u1ec7u ph\u00e1p to\u00e0n th\u00e2n c\u1ee7a ch\u00fang t\u00f4i t\u1ea1i Ana Mandara Spa. C\u00e1c li\u1ec7u ph\u00e1p t\u00f9y ch\u1ec9nh c\u1ee7a ch\u00fang t\u00f4i k\u1ebft h\u1ee3p c\u00e1c k\u1ef9 thu\u1eadt truy\u1ec1n th\u1ed1ng v\u1edbi c\u00e1c li\u1ec7u ph\u00e1p hi\u1ec7n \u0111\u1ea1i \u0111\u1ec3 l\u00e0m d\u1ecbu c\u01a1 b\u1eafp, l\u00e0m d\u1ecbu t\u00e2m tr\u00ed v\u00e0 n\u00e2ng cao tinh th\u1ea7n c\u1ee7a b\u1ea1n. H\u00e3y t\u1eadn d\u1ee5ng \u01b0u \u0111\u00e3i c\u1ee7a ch\u00fang t\u00f4i: Mua m\u1ed9t li\u1ec7u tr\u00ecnh 90 ph\u00fat v\u00e0 nh\u1eadn \u0111\u01b0\u1ee3c li\u1ec7u tr\u00ecnh th\u1ee9 hai ho\u00e0n to\u00e0n mi\u1ec5n ph\u00ed.<\/p>\n<p>2.200.000 VND\/kh\u00e1ch<\/p>\n","protected":false},"excerpt":{"rendered":"<p>Tr\u1ea3i nghi\u1ec7m s\u1ef1 th\u01b0 gi\u00e3n v\u00e0 \u0111\u1ed5i m\u1edbi tuy\u1ec7t \u0111\u1ed1i v\u1edbi li\u1ec7u ph\u00e1p to\u00e0n th\u00e2n c\u1ee7a ch\u00fang t\u00f4i t\u1ea1i Ana Mandara Spa. C\u00e1c li\u1ec7u ph\u00e1p t\u00f9y ch\u1ec9nh c\u1ee7a ch\u00fang t\u00f4i k\u1ebft h\u1ee3p c\u00e1c k\u1ef9 thu\u1eadt truy\u1ec1n th\u1ed1ng v\u1edbi c\u00e1c li\u1ec7u ph\u00e1p hi\u1ec7n \u0111\u1ea1i \u0111\u1ec3 l\u00e0m d\u1ecbu c\u01a1 b\u1eafp, l\u00e0m d\u1ecbu t\u00e2m tr\u00ed v\u00e0 n\u00e2ng cao [&hellip;]<\/p>\n","protected":false},"author":647,"featured_media":888,"parent":791,"menu_order":0,"comment_status":"closed","ping_status":"closed","template":"template-default-4.php","meta":{"footnotes":""},"categories":[],"acf":[],"yoast_head":"<!-- This site is optimized with the Yoast SEO plugin v22.3 - https:\/\/yoast.com\/wordpress\/plugins\/seo\/ -->\n<title>Mua 01 T\u1eb7ng 01 - Ana Mandara Cam Ranh Hotel<\/title>\n<meta name=\"robots\" content=\"index, follow, max-snippet:-1, max-image-preview:large, max-video-preview:-1\" \/>\n<link rel=\"canonical\" href=\"https:\/\/anamandaracamranh.com\/vi\/special-offers\/buy-01-get-01-free\/\" \/>\n<meta property=\"og:locale\" content=\"vi_VN\" \/>\n<meta property=\"og:type\" content=\"article\" \/>\n<meta property=\"og:title\" content=\"Mua 01 T\u1eb7ng 01 - Ana Mandara Cam Ranh Hotel\" \/>\n<meta property=\"og:description\" content=\"Tr\u1ea3i nghi\u1ec7m s\u1ef1 th\u01b0 gi\u00e3n v\u00e0 \u0111\u1ed5i m\u1edbi tuy\u1ec7t \u0111\u1ed1i v\u1edbi li\u1ec7u ph\u00e1p to\u00e0n th\u00e2n c\u1ee7a ch\u00fang t\u00f4i t\u1ea1i Ana Mandara Spa. C\u00e1c li\u1ec7u ph\u00e1p t\u00f9y ch\u1ec9nh c\u1ee7a ch\u00fang t\u00f4i k\u1ebft h\u1ee3p c\u00e1c k\u1ef9 thu\u1eadt truy\u1ec1n th\u1ed1ng v\u1edbi c\u00e1c li\u1ec7u ph\u00e1p hi\u1ec7n \u0111\u1ea1i \u0111\u1ec3 l\u00e0m d\u1ecbu c\u01a1 b\u1eafp, l\u00e0m d\u1ecbu t\u00e2m tr\u00ed v\u00e0 n\u00e2ng cao [&hellip;]\" \/>\n<meta property=\"og:url\" content=\"https:\/\/anamandaracamranh.com\/vi\/special-offers\/buy-01-get-01-free\/\" \/>\n<meta property=\"og:site_name\" content=\"Ana Mandara Cam Ranh Hotel\" \/>\n<meta property=\"article:modified_time\" content=\"2024-10-12T03:42:16+00:00\" \/>\n<meta property=\"og:image\" content=\"https:\/\/anamandaracamranh.com\/wp-content\/uploads\/sites\/254\/2022\/11\/ANA-MANDARA-CAM-RANH-Spa-Service3.jpg\" \/>\n\t<meta property=\"og:image:width\" content=\"2200\" \/>\n\t<meta property=\"og:image:height\" content=\"1650\" \/>\n\t<meta property=\"og:image:type\" content=\"image\/jpeg\" \/>\n<meta name=\"twitter:card\" content=\"summary_large_image\" \/>\n<meta name=\"twitter:label1\" content=\"Est. reading time\" \/>\n\t<meta name=\"twitter:data1\" content=\"1 minute\" \/>\n<script type=\"application\/ld+json\" class=\"yoast-schema-graph\">{\"@context\":\"https:\/\/schema.org\",\"@graph\":[{\"@type\":\"WebPage\",\"@id\":\"https:\/\/anamandaracamranh.com\/vi\/special-offers\/buy-01-get-01-free\/\",\"url\":\"https:\/\/anamandaracamranh.com\/vi\/special-offers\/buy-01-get-01-free\/\",\"name\":\"Mua 01 T\u1eb7ng 01 - Ana Mandara Cam Ranh Hotel\",\"isPartOf\":{\"@id\":\"https:\/\/anamandaracamranh.com\/vi\/#website\"},\"primaryImageOfPage\":{\"@id\":\"https:\/\/anamandaracamranh.com\/vi\/special-offers\/buy-01-get-01-free\/#primaryimage\"},\"image\":{\"@id\":\"https:\/\/anamandaracamranh.com\/vi\/special-offers\/buy-01-get-01-free\/#primaryimage\"},\"thumbnailUrl\":\"https:\/\/anamandaracamranh.com\/wp-content\/uploads\/sites\/254\/2022\/11\/ANA-MANDARA-CAM-RANH-Spa-Service3.jpg\",\"datePublished\":\"2024-10-04T07:23:22+00:00\",\"dateModified\":\"2024-10-12T03:42:16+00:00\",\"breadcrumb\":{\"@id\":\"https:\/\/anamandaracamranh.com\/vi\/special-offers\/buy-01-get-01-free\/#breadcrumb\"},\"inLanguage\":\"vi-VN\",\"potentialAction\":[{\"@type\":\"ReadAction\",\"target\":[\"https:\/\/anamandaracamranh.com\/vi\/special-offers\/buy-01-get-01-free\/\"]}]},{\"@type\":\"ImageObject\",\"inLanguage\":\"vi-VN\",\"@id\":\"https:\/\/anamandaracamranh.com\/vi\/special-offers\/buy-01-get-01-free\/#primaryimage\",\"url\":\"https:\/\/anamandaracamranh.com\/wp-content\/uploads\/sites\/254\/2022\/11\/ANA-MANDARA-CAM-RANH-Spa-Service3.jpg\",\"contentUrl\":\"https:\/\/anamandaracamranh.com\/wp-content\/uploads\/sites\/254\/2022\/11\/ANA-MANDARA-CAM-RANH-Spa-Service3.jpg\",\"width\":2200,\"height\":1650},{\"@type\":\"BreadcrumbList\",\"@id\":\"https:\/\/anamandaracamranh.com\/vi\/special-offers\/buy-01-get-01-free\/#breadcrumb\",\"itemListElement\":[{\"@type\":\"ListItem\",\"position\":1,\"name\":\"Home\",\"item\":\"https:\/\/anamandaracamranh.com\/vi\/\"},{\"@type\":\"ListItem\",\"position\":2,\"name\":\"\u01afu \u0110\u00e3i\",\"item\":\"https:\/\/anamandaracamranh.com\/vi\/special-offers\/\"},{\"@type\":\"ListItem\",\"position\":3,\"name\":\"Mua 01 T\u1eb7ng 01\"}]},{\"@type\":\"WebSite\",\"@id\":\"https:\/\/anamandaracamranh.com\/vi\/#website\",\"url\":\"https:\/\/anamandaracamranh.com\/vi\/\",\"name\":\"Ana Mandara Cam Ranh Hotel\",\"description\":\"\",\"potentialAction\":[{\"@type\":\"SearchAction\",\"target\":{\"@type\":\"EntryPoint\",\"urlTemplate\":\"https:\/\/anamandaracamranh.com\/vi\/?s={search_term_string}\"},\"query-input\":\"required name=search_term_string\"}],\"inLanguage\":\"vi-VN\"}]}<\/script>\n<!-- \/ Yoast SEO plugin. -->","yoast_head_json":{"title":"Mua 01 T\u1eb7ng 01 - Ana Mandara Cam Ranh Hotel","robots":{"index":"index","follow":"follow","max-snippet":"max-snippet:-1","max-image-preview":"max-image-preview:large","max-video-preview":"max-video-preview:-1"},"canonical":"https:\/\/anamandaracamranh.com\/vi\/special-offers\/buy-01-get-01-free\/","og_locale":"vi_VN","og_type":"article","og_title":"Mua 01 T\u1eb7ng 01 - Ana Mandara Cam Ranh Hotel","og_description":"Tr\u1ea3i nghi\u1ec7m s\u1ef1 th\u01b0 gi\u00e3n v\u00e0 \u0111\u1ed5i m\u1edbi tuy\u1ec7t \u0111\u1ed1i v\u1edbi li\u1ec7u ph\u00e1p to\u00e0n th\u00e2n c\u1ee7a ch\u00fang t\u00f4i t\u1ea1i Ana Mandara Spa. C\u00e1c li\u1ec7u ph\u00e1p t\u00f9y ch\u1ec9nh c\u1ee7a ch\u00fang t\u00f4i k\u1ebft h\u1ee3p c\u00e1c k\u1ef9 thu\u1eadt truy\u1ec1n th\u1ed1ng v\u1edbi c\u00e1c li\u1ec7u ph\u00e1p hi\u1ec7n \u0111\u1ea1i \u0111\u1ec3 l\u00e0m d\u1ecbu c\u01a1 b\u1eafp, l\u00e0m d\u1ecbu t\u00e2m tr\u00ed v\u00e0 n\u00e2ng cao [&hellip;]","og_url":"https:\/\/anamandaracamranh.com\/vi\/special-offers\/buy-01-get-01-free\/","og_site_name":"Ana Mandara Cam Ranh Hotel","article_modified_time":"2024-10-12T03:42:16+00:00","og_image":[{"width":2200,"height":1650,"url":"https:\/\/anamandaracamranh.com\/wp-content\/uploads\/sites\/254\/2022\/11\/ANA-MANDARA-CAM-RANH-Spa-Service3.jpg","type":"image\/jpeg"}],"twitter_card":"summary_large_image","twitter_misc":{"Est. reading time":"1 minute"},"schema":{"@context":"https:\/\/schema.org","@graph":[{"@type":"WebPage","@id":"https:\/\/anamandaracamranh.com\/vi\/special-offers\/buy-01-get-01-free\/","url":"https:\/\/anamandaracamranh.com\/vi\/special-offers\/buy-01-get-01-free\/","name":"Mua 01 T\u1eb7ng 01 - Ana Mandara Cam Ranh Hotel","isPartOf":{"@id":"https:\/\/anamandaracamranh.com\/vi\/#website"},"primaryImageOfPage":{"@id":"https:\/\/anamandaracamranh.com\/vi\/special-offers\/buy-01-get-01-free\/#primaryimage"},"image":{"@id":"https:\/\/anamandaracamranh.com\/vi\/special-offers\/buy-01-get-01-free\/#primaryimage"},"thumbnailUrl":"https:\/\/anamandaracamranh.com\/wp-content\/uploads\/sites\/254\/2022\/11\/ANA-MANDARA-CAM-RANH-Spa-Service3.jpg","datePublished":"2024-10-04T07:23:22+00:00","dateModified":"2024-10-12T03:42:16+00:00","breadcrumb":{"@id":"https:\/\/anamandaracamranh.com\/vi\/special-offers\/buy-01-get-01-free\/#breadcrumb"},"inLanguage":"vi-VN","potentialAction":[{"@type":"ReadAction","target":["https:\/\/anamandaracamranh.com\/vi\/special-offers\/buy-01-get-01-free\/"]}]},{"@type":"ImageObject","inLanguage":"vi-VN","@id":"https:\/\/anamandaracamranh.com\/vi\/special-offers\/buy-01-get-01-free\/#primaryimage","url":"https:\/\/anamandaracamranh.com\/wp-content\/uploads\/sites\/254\/2022\/11\/ANA-MANDARA-CAM-RANH-Spa-Service3.jpg","contentUrl":"https:\/\/anamandaracamranh.com\/wp-content\/uploads\/sites\/254\/2022\/11\/ANA-MANDARA-CAM-RANH-Spa-Service3.jpg","width":2200,"height":1650},{"@type":"BreadcrumbList","@id":"https:\/\/anamandaracamranh.com\/vi\/special-offers\/buy-01-get-01-free\/#breadcrumb","itemListElement":[{"@type":"ListItem","position":1,"name":"Home","item":"https:\/\/anamandaracamranh.com\/vi\/"},{"@type":"ListItem","position":2,"name":"\u01afu \u0110\u00e3i","item":"https:\/\/anamandaracamranh.com\/vi\/special-offers\/"},{"@type":"ListItem","position":3,"name":"Mua 01 T\u1eb7ng 01"}]},{"@type":"WebSite","@id":"https:\/\/anamandaracamranh.com\/vi\/#website","url":"https:\/\/anamandaracamranh.com\/vi\/","name":"Ana Mandara Cam Ranh Hotel","description":"","potentialAction":[{"@type":"SearchAction","target":{"@type":"EntryPoint","urlTemplate":"https:\/\/anamandaracamranh.com\/vi\/?s={search_term_string}"},"query-input":"required name=search_term_string"}],"inLanguage":"vi-VN"}]}},"_links":{"self":[{"href":"https:\/\/anamandaracamranh.com\/vi\/wp-json\/wp\/v2\/pages\/2903"}],"collection":[{"href":"https:\/\/anamandaracamranh.com\/vi\/wp-json\/wp\/v2\/pages"}],"about":[{"href":"https:\/\/anamandaracamranh.com\/vi\/wp-json\/wp\/v2\/types\/page"}],"author":[{"embeddable":true,"href":"https:\/\/anamandaracamranh.com\/vi\/wp-json\/wp\/v2\/users\/647"}],"replies":[{"embeddable":true,"href":"https:\/\/anamandaracamranh.com\/vi\/wp-json\/wp\/v2\/comments?post=2903"}],"version-history":[{"count":0,"href":"https:\/\/anamandaracamranh.com\/vi\/wp-json\/wp\/v2\/pages\/2903\/revisions"}],"up":[{"embeddable":true,"href":"https:\/\/anamandaracamranh.com\/vi\/wp-json\/wp\/v2\/pages\/791"}],"wp:featuredmedia":[{"embeddable":true,"href":"https:\/\/anamandaracamranh.com\/vi\/wp-json\/wp\/v2\/media\/888"}],"wp:attachment":[{"href":"https:\/\/anamandaracamranh.com\/vi\/wp-json\/wp\/v2\/media?parent=2903"}],"wp:term":[{"taxonomy":"category","embeddable":true,"href":"https:\/\/anamandaracamranh.com\/vi\/wp-json\/wp\/v2\/categories?post=2903"}],"curies":[{"name":"wp","href":"https:\/\/api.w.org\/{rel}","templated":true}]}}