{"id":2899,"date":"2024-10-04T07:20:20","date_gmt":"2024-10-04T07:20:20","guid":{"rendered":"https:\/\/anamandaracamranh.com\/special-offers\/sunset-yoga\/"},"modified":"2024-10-12T03:46:57","modified_gmt":"2024-10-12T03:46:57","slug":"sunset-yoga","status":"publish","type":"page","link":"https:\/\/anamandaracamranh.com\/vi\/special-offers\/sunset-yoga\/","title":{"rendered":"L\u1edbp Yoga ho\u00e0ng h\u00f4n"},"content":{"rendered":"<p>Tho\u00e1t kh\u1ecfi s\u1ef1 h\u1ed1i h\u1ea3 v\u00e0 nh\u1ed9n nh\u1ecbp c\u1ee7a cu\u1ed9c s\u1ed1ng th\u01b0\u1eddng ng\u00e0y v\u00e0 t\u1ef1 th\u01b0\u1edfng cho m\u00ecnh m\u1ed9t bu\u1ed5i t\u1eadp yoga thanh b\u00ecnh b\u00ean b\u1edd bi\u1ec3n. L\u1edbp yoga ho\u00e0ng h\u00f4n mi\u1ec5n ph\u00ed c\u1ee7a ch\u00fang t\u00f4i l\u00e0 c\u00e1ch ho\u00e0n h\u1ea3o \u0111\u1ec3 th\u01b0 gi\u00e3n v\u00e0 k\u1ebft n\u1ed1i v\u1edbi thi\u00ean nhi\u00ean.<br \/>\nNg\u00e0y: Th\u1ee9 T\u01b0 v\u00e0 Ch\u1ee7 Nh\u1eadt<br \/>\nTh\u1eddi gian: 17:00 &#8211; 18:00<\/p>\n<p>Vui l\u00f2ng \u0111\u1eb7t ch\u1ed7 v\u00ec s\u1ed1 l\u01b0\u1ee3ng c\u00f3 h\u1ea1n.<\/p>\n","protected":false},"excerpt":{"rendered":"<p>Tho\u00e1t kh\u1ecfi s\u1ef1 h\u1ed1i h\u1ea3 v\u00e0 nh\u1ed9n nh\u1ecbp c\u1ee7a cu\u1ed9c s\u1ed1ng th\u01b0\u1eddng ng\u00e0y v\u00e0 t\u1ef1 th\u01b0\u1edfng cho m\u00ecnh m\u1ed9t bu\u1ed5i t\u1eadp yoga thanh b\u00ecnh b\u00ean b\u1edd bi\u1ec3n. L\u1edbp yoga ho\u00e0ng h\u00f4n mi\u1ec5n ph\u00ed c\u1ee7a ch\u00fang t\u00f4i l\u00e0 c\u00e1ch ho\u00e0n h\u1ea3o \u0111\u1ec3 th\u01b0 gi\u00e3n v\u00e0 k\u1ebft n\u1ed1i v\u1edbi thi\u00ean nhi\u00ean. Ng\u00e0y: Th\u1ee9 T\u01b0 v\u00e0 Ch\u1ee7 Nh\u1eadt [&hellip;]<\/p>\n","protected":false},"author":647,"featured_media":2858,"parent":791,"menu_order":0,"comment_status":"closed","ping_status":"closed","template":"template-default-4.php","meta":{"footnotes":""},"categories":[],"acf":[],"yoast_head":"<!-- This site is optimized with the Yoast SEO plugin v22.3 - https:\/\/yoast.com\/wordpress\/plugins\/seo\/ -->\n<title>L\u1edbp Yoga ho\u00e0ng h\u00f4n - Ana Mandara Cam Ranh Hotel<\/title>\n<meta name=\"robots\" content=\"index, follow, max-snippet:-1, max-image-preview:large, max-video-preview:-1\" \/>\n<link rel=\"canonical\" href=\"https:\/\/anamandaracamranh.com\/vi\/special-offers\/sunset-yoga\/\" \/>\n<meta property=\"og:locale\" content=\"vi_VN\" \/>\n<meta property=\"og:type\" content=\"article\" \/>\n<meta property=\"og:title\" content=\"L\u1edbp Yoga ho\u00e0ng h\u00f4n - Ana Mandara Cam Ranh Hotel\" \/>\n<meta property=\"og:description\" content=\"Tho\u00e1t kh\u1ecfi s\u1ef1 h\u1ed1i h\u1ea3 v\u00e0 nh\u1ed9n nh\u1ecbp c\u1ee7a cu\u1ed9c s\u1ed1ng th\u01b0\u1eddng ng\u00e0y v\u00e0 t\u1ef1 th\u01b0\u1edfng cho m\u00ecnh m\u1ed9t bu\u1ed5i t\u1eadp yoga thanh b\u00ecnh b\u00ean b\u1edd bi\u1ec3n. L\u1edbp yoga ho\u00e0ng h\u00f4n mi\u1ec5n ph\u00ed c\u1ee7a ch\u00fang t\u00f4i l\u00e0 c\u00e1ch ho\u00e0n h\u1ea3o \u0111\u1ec3 th\u01b0 gi\u00e3n v\u00e0 k\u1ebft n\u1ed1i v\u1edbi thi\u00ean nhi\u00ean. Ng\u00e0y: Th\u1ee9 T\u01b0 v\u00e0 Ch\u1ee7 Nh\u1eadt [&hellip;]\" \/>\n<meta property=\"og:url\" content=\"https:\/\/anamandaracamranh.com\/vi\/special-offers\/sunset-yoga\/\" \/>\n<meta property=\"og:site_name\" content=\"Ana Mandara Cam Ranh Hotel\" \/>\n<meta property=\"article:modified_time\" content=\"2024-10-12T03:46:57+00:00\" \/>\n<meta property=\"og:image\" content=\"https:\/\/anamandaracamranh.com\/wp-content\/uploads\/sites\/254\/2024\/10\/DSC04670.jpg\" \/>\n\t<meta property=\"og:image:width\" content=\"2200\" \/>\n\t<meta property=\"og:image:height\" content=\"1467\" \/>\n\t<meta property=\"og:image:type\" content=\"image\/jpeg\" \/>\n<meta name=\"twitter:card\" content=\"summary_large_image\" \/>\n<meta name=\"twitter:label1\" content=\"Est. reading time\" \/>\n\t<meta name=\"twitter:data1\" content=\"1 minute\" \/>\n<script type=\"application\/ld+json\" class=\"yoast-schema-graph\">{\"@context\":\"https:\/\/schema.org\",\"@graph\":[{\"@type\":\"WebPage\",\"@id\":\"https:\/\/anamandaracamranh.com\/vi\/special-offers\/sunset-yoga\/\",\"url\":\"https:\/\/anamandaracamranh.com\/vi\/special-offers\/sunset-yoga\/\",\"name\":\"L\u1edbp Yoga ho\u00e0ng h\u00f4n - Ana Mandara Cam Ranh Hotel\",\"isPartOf\":{\"@id\":\"https:\/\/anamandaracamranh.com\/vi\/#website\"},\"primaryImageOfPage\":{\"@id\":\"https:\/\/anamandaracamranh.com\/vi\/special-offers\/sunset-yoga\/#primaryimage\"},\"image\":{\"@id\":\"https:\/\/anamandaracamranh.com\/vi\/special-offers\/sunset-yoga\/#primaryimage\"},\"thumbnailUrl\":\"https:\/\/anamandaracamranh.com\/wp-content\/uploads\/sites\/254\/2024\/10\/DSC04670.jpg\",\"datePublished\":\"2024-10-04T07:20:20+00:00\",\"dateModified\":\"2024-10-12T03:46:57+00:00\",\"breadcrumb\":{\"@id\":\"https:\/\/anamandaracamranh.com\/vi\/special-offers\/sunset-yoga\/#breadcrumb\"},\"inLanguage\":\"vi-VN\",\"potentialAction\":[{\"@type\":\"ReadAction\",\"target\":[\"https:\/\/anamandaracamranh.com\/vi\/special-offers\/sunset-yoga\/\"]}]},{\"@type\":\"ImageObject\",\"inLanguage\":\"vi-VN\",\"@id\":\"https:\/\/anamandaracamranh.com\/vi\/special-offers\/sunset-yoga\/#primaryimage\",\"url\":\"https:\/\/anamandaracamranh.com\/wp-content\/uploads\/sites\/254\/2024\/10\/DSC04670.jpg\",\"contentUrl\":\"https:\/\/anamandaracamranh.com\/wp-content\/uploads\/sites\/254\/2024\/10\/DSC04670.jpg\",\"width\":2200,\"height\":1467},{\"@type\":\"BreadcrumbList\",\"@id\":\"https:\/\/anamandaracamranh.com\/vi\/special-offers\/sunset-yoga\/#breadcrumb\",\"itemListElement\":[{\"@type\":\"ListItem\",\"position\":1,\"name\":\"Home\",\"item\":\"https:\/\/anamandaracamranh.com\/vi\/\"},{\"@type\":\"ListItem\",\"position\":2,\"name\":\"\u01afu \u0110\u00e3i\",\"item\":\"https:\/\/anamandaracamranh.com\/vi\/special-offers\/\"},{\"@type\":\"ListItem\",\"position\":3,\"name\":\"L\u1edbp Yoga ho\u00e0ng h\u00f4n\"}]},{\"@type\":\"WebSite\",\"@id\":\"https:\/\/anamandaracamranh.com\/vi\/#website\",\"url\":\"https:\/\/anamandaracamranh.com\/vi\/\",\"name\":\"Ana Mandara Cam Ranh Hotel\",\"description\":\"\",\"potentialAction\":[{\"@type\":\"SearchAction\",\"target\":{\"@type\":\"EntryPoint\",\"urlTemplate\":\"https:\/\/anamandaracamranh.com\/vi\/?s={search_term_string}\"},\"query-input\":\"required name=search_term_string\"}],\"inLanguage\":\"vi-VN\"}]}<\/script>\n<!-- \/ Yoast SEO plugin. -->","yoast_head_json":{"title":"L\u1edbp Yoga ho\u00e0ng h\u00f4n - Ana Mandara Cam Ranh Hotel","robots":{"index":"index","follow":"follow","max-snippet":"max-snippet:-1","max-image-preview":"max-image-preview:large","max-video-preview":"max-video-preview:-1"},"canonical":"https:\/\/anamandaracamranh.com\/vi\/special-offers\/sunset-yoga\/","og_locale":"vi_VN","og_type":"article","og_title":"L\u1edbp Yoga ho\u00e0ng h\u00f4n - Ana Mandara Cam Ranh Hotel","og_description":"Tho\u00e1t kh\u1ecfi s\u1ef1 h\u1ed1i h\u1ea3 v\u00e0 nh\u1ed9n nh\u1ecbp c\u1ee7a cu\u1ed9c s\u1ed1ng th\u01b0\u1eddng ng\u00e0y v\u00e0 t\u1ef1 th\u01b0\u1edfng cho m\u00ecnh m\u1ed9t bu\u1ed5i t\u1eadp yoga thanh b\u00ecnh b\u00ean b\u1edd bi\u1ec3n. L\u1edbp yoga ho\u00e0ng h\u00f4n mi\u1ec5n ph\u00ed c\u1ee7a ch\u00fang t\u00f4i l\u00e0 c\u00e1ch ho\u00e0n h\u1ea3o \u0111\u1ec3 th\u01b0 gi\u00e3n v\u00e0 k\u1ebft n\u1ed1i v\u1edbi thi\u00ean nhi\u00ean. Ng\u00e0y: Th\u1ee9 T\u01b0 v\u00e0 Ch\u1ee7 Nh\u1eadt [&hellip;]","og_url":"https:\/\/anamandaracamranh.com\/vi\/special-offers\/sunset-yoga\/","og_site_name":"Ana Mandara Cam Ranh Hotel","article_modified_time":"2024-10-12T03:46:57+00:00","og_image":[{"width":2200,"height":1467,"url":"https:\/\/anamandaracamranh.com\/wp-content\/uploads\/sites\/254\/2024\/10\/DSC04670.jpg","type":"image\/jpeg"}],"twitter_card":"summary_large_image","twitter_misc":{"Est. reading time":"1 minute"},"schema":{"@context":"https:\/\/schema.org","@graph":[{"@type":"WebPage","@id":"https:\/\/anamandaracamranh.com\/vi\/special-offers\/sunset-yoga\/","url":"https:\/\/anamandaracamranh.com\/vi\/special-offers\/sunset-yoga\/","name":"L\u1edbp Yoga ho\u00e0ng h\u00f4n - Ana Mandara Cam Ranh Hotel","isPartOf":{"@id":"https:\/\/anamandaracamranh.com\/vi\/#website"},"primaryImageOfPage":{"@id":"https:\/\/anamandaracamranh.com\/vi\/special-offers\/sunset-yoga\/#primaryimage"},"image":{"@id":"https:\/\/anamandaracamranh.com\/vi\/special-offers\/sunset-yoga\/#primaryimage"},"thumbnailUrl":"https:\/\/anamandaracamranh.com\/wp-content\/uploads\/sites\/254\/2024\/10\/DSC04670.jpg","datePublished":"2024-10-04T07:20:20+00:00","dateModified":"2024-10-12T03:46:57+00:00","breadcrumb":{"@id":"https:\/\/anamandaracamranh.com\/vi\/special-offers\/sunset-yoga\/#breadcrumb"},"inLanguage":"vi-VN","potentialAction":[{"@type":"ReadAction","target":["https:\/\/anamandaracamranh.com\/vi\/special-offers\/sunset-yoga\/"]}]},{"@type":"ImageObject","inLanguage":"vi-VN","@id":"https:\/\/anamandaracamranh.com\/vi\/special-offers\/sunset-yoga\/#primaryimage","url":"https:\/\/anamandaracamranh.com\/wp-content\/uploads\/sites\/254\/2024\/10\/DSC04670.jpg","contentUrl":"https:\/\/anamandaracamranh.com\/wp-content\/uploads\/sites\/254\/2024\/10\/DSC04670.jpg","width":2200,"height":1467},{"@type":"BreadcrumbList","@id":"https:\/\/anamandaracamranh.com\/vi\/special-offers\/sunset-yoga\/#breadcrumb","itemListElement":[{"@type":"ListItem","position":1,"name":"Home","item":"https:\/\/anamandaracamranh.com\/vi\/"},{"@type":"ListItem","position":2,"name":"\u01afu \u0110\u00e3i","item":"https:\/\/anamandaracamranh.com\/vi\/special-offers\/"},{"@type":"ListItem","position":3,"name":"L\u1edbp Yoga ho\u00e0ng h\u00f4n"}]},{"@type":"WebSite","@id":"https:\/\/anamandaracamranh.com\/vi\/#website","url":"https:\/\/anamandaracamranh.com\/vi\/","name":"Ana Mandara Cam Ranh Hotel","description":"","potentialAction":[{"@type":"SearchAction","target":{"@type":"EntryPoint","urlTemplate":"https:\/\/anamandaracamranh.com\/vi\/?s={search_term_string}"},"query-input":"required name=search_term_string"}],"inLanguage":"vi-VN"}]}},"_links":{"self":[{"href":"https:\/\/anamandaracamranh.com\/vi\/wp-json\/wp\/v2\/pages\/2899"}],"collection":[{"href":"https:\/\/anamandaracamranh.com\/vi\/wp-json\/wp\/v2\/pages"}],"about":[{"href":"https:\/\/anamandaracamranh.com\/vi\/wp-json\/wp\/v2\/types\/page"}],"author":[{"embeddable":true,"href":"https:\/\/anamandaracamranh.com\/vi\/wp-json\/wp\/v2\/users\/647"}],"replies":[{"embeddable":true,"href":"https:\/\/anamandaracamranh.com\/vi\/wp-json\/wp\/v2\/comments?post=2899"}],"version-history":[{"count":0,"href":"https:\/\/anamandaracamranh.com\/vi\/wp-json\/wp\/v2\/pages\/2899\/revisions"}],"up":[{"embeddable":true,"href":"https:\/\/anamandaracamranh.com\/vi\/wp-json\/wp\/v2\/pages\/791"}],"wp:featuredmedia":[{"embeddable":true,"href":"https:\/\/anamandaracamranh.com\/vi\/wp-json\/wp\/v2\/media\/2858"}],"wp:attachment":[{"href":"https:\/\/anamandaracamranh.com\/vi\/wp-json\/wp\/v2\/media?parent=2899"}],"wp:term":[{"taxonomy":"category","embeddable":true,"href":"https:\/\/anamandaracamranh.com\/vi\/wp-json\/wp\/v2\/categories?post=2899"}],"curies":[{"name":"wp","href":"https:\/\/api.w.org\/{rel}","templated":true}]}}