{"id":2895,"date":"2024-10-04T07:04:27","date_gmt":"2024-10-04T07:04:27","guid":{"rendered":"https:\/\/anamandaracamranh.com\/special-offers\/you-made-mojito\/"},"modified":"2025-02-19T09:52:24","modified_gmt":"2025-02-19T09:52:24","slug":"lop-hoc-nau-an","status":"publish","type":"page","link":"https:\/\/anamandaracamranh.com\/vi\/special-offers\/lop-hoc-nau-an\/","title":{"rendered":"L\u1edbp h\u1ecdc n\u1ea5u \u0103n"},"content":{"rendered":"<p>H\u1ecdc n\u1ea5u \u0103n c\u00f9ng c\u00e1c \u0111\u1ea7u b\u1ebfp t\u1ea1i Ana Mandara Cam Ranh v\u00e0 th\u01b0\u1edfng th\u1ee9c c\u00e1c m\u00f3n ngon do ch\u00ednh tay b\u1ea1n chu\u1ea9n b\u1ecb theo c\u00f4ng th\u1ee9c r\u1ea5t ri\u00eang t\u1ea1i Ana.<\/p>\n","protected":false},"excerpt":{"rendered":"<p>H\u1ecdc n\u1ea5u \u0103n c\u00f9ng c\u00e1c \u0111\u1ea7u b\u1ebfp t\u1ea1i Ana Mandara Cam Ranh v\u00e0 th\u01b0\u1edfng th\u1ee9c c\u00e1c m\u00f3n ngon do ch\u00ednh tay b\u1ea1n chu\u1ea9n b\u1ecb theo c\u00f4ng th\u1ee9c r\u1ea5t ri\u00eang t\u1ea1i Ana.<\/p>\n","protected":false},"author":647,"featured_media":1110,"parent":791,"menu_order":0,"comment_status":"closed","ping_status":"closed","template":"template-default-4.php","meta":{"footnotes":""},"categories":[],"acf":[],"yoast_head":"<!-- This site is optimized with the Yoast SEO plugin v22.3 - https:\/\/yoast.com\/wordpress\/plugins\/seo\/ -->\n<title>L\u1edbp h\u1ecdc n\u1ea5u \u0103n - Ana Mandara Cam Ranh Hotel<\/title>\n<meta name=\"description\" content=\"\u0110\u0103ng k\u00fd l\u1edbp h\u1ecdc n\u1ea5u \u0103n v\u00e0 mang v\u1ec1 v\u00e0i tr\u1ea3i nghi\u1ec7m n\u1ea5u m\u00f3n Vi\u1ec7t t\u1eeb nh\u00e0 Ana. \u0110\u0103ng kys ngay n\u1ebfu b\u1ea1n \u0111\u00e3 \u0111\u1eb7t ph\u00f2ng t\u1ea1i Ana Mandara Cam Ranh nh\u00e9.\" \/>\n<meta name=\"robots\" content=\"index, follow, max-snippet:-1, max-image-preview:large, max-video-preview:-1\" \/>\n<link rel=\"canonical\" href=\"https:\/\/anamandaracamranh.com\/vi\/special-offers\/lop-hoc-nau-an\/\" \/>\n<meta property=\"og:locale\" content=\"vi_VN\" \/>\n<meta property=\"og:type\" content=\"article\" \/>\n<meta property=\"og:title\" content=\"L\u1edbp h\u1ecdc n\u1ea5u \u0103n - Ana Mandara Cam Ranh Hotel\" \/>\n<meta property=\"og:description\" content=\"\u0110\u0103ng k\u00fd l\u1edbp h\u1ecdc n\u1ea5u \u0103n v\u00e0 mang v\u1ec1 v\u00e0i tr\u1ea3i nghi\u1ec7m n\u1ea5u m\u00f3n Vi\u1ec7t t\u1eeb nh\u00e0 Ana. \u0110\u0103ng kys ngay n\u1ebfu b\u1ea1n \u0111\u00e3 \u0111\u1eb7t ph\u00f2ng t\u1ea1i Ana Mandara Cam Ranh nh\u00e9.\" \/>\n<meta property=\"og:url\" content=\"https:\/\/anamandaracamranh.com\/vi\/special-offers\/lop-hoc-nau-an\/\" \/>\n<meta property=\"og:site_name\" content=\"Ana Mandara Cam Ranh Hotel\" \/>\n<meta property=\"article:modified_time\" content=\"2025-02-19T09:52:24+00:00\" \/>\n<meta property=\"og:image\" content=\"https:\/\/anamandaracamranh.com\/wp-content\/uploads\/sites\/254\/2023\/02\/ANA-MANDARA-CAM-RANH-Cooking-Class-1024x768.jpg\" \/>\n\t<meta property=\"og:image:width\" content=\"1024\" \/>\n\t<meta property=\"og:image:height\" content=\"768\" \/>\n\t<meta property=\"og:image:type\" content=\"image\/jpeg\" \/>\n<meta name=\"twitter:card\" content=\"summary_large_image\" \/>\n<meta name=\"twitter:label1\" content=\"Est. reading time\" \/>\n\t<meta name=\"twitter:data1\" content=\"1 minute\" \/>\n<script type=\"application\/ld+json\" class=\"yoast-schema-graph\">{\"@context\":\"https:\/\/schema.org\",\"@graph\":[{\"@type\":\"WebPage\",\"@id\":\"https:\/\/anamandaracamranh.com\/vi\/special-offers\/lop-hoc-nau-an\/\",\"url\":\"https:\/\/anamandaracamranh.com\/vi\/special-offers\/lop-hoc-nau-an\/\",\"name\":\"L\u1edbp h\u1ecdc n\u1ea5u \u0103n - Ana Mandara Cam Ranh Hotel\",\"isPartOf\":{\"@id\":\"https:\/\/anamandaracamranh.com\/vi\/#website\"},\"primaryImageOfPage\":{\"@id\":\"https:\/\/anamandaracamranh.com\/vi\/special-offers\/lop-hoc-nau-an\/#primaryimage\"},\"image\":{\"@id\":\"https:\/\/anamandaracamranh.com\/vi\/special-offers\/lop-hoc-nau-an\/#primaryimage\"},\"thumbnailUrl\":\"https:\/\/anamandaracamranh.com\/wp-content\/uploads\/sites\/254\/2023\/02\/ANA-MANDARA-CAM-RANH-Cooking-Class.jpg\",\"datePublished\":\"2024-10-04T07:04:27+00:00\",\"dateModified\":\"2025-02-19T09:52:24+00:00\",\"description\":\"\u0110\u0103ng k\u00fd l\u1edbp h\u1ecdc n\u1ea5u \u0103n v\u00e0 mang v\u1ec1 v\u00e0i tr\u1ea3i nghi\u1ec7m n\u1ea5u m\u00f3n Vi\u1ec7t t\u1eeb nh\u00e0 Ana. \u0110\u0103ng kys ngay n\u1ebfu b\u1ea1n \u0111\u00e3 \u0111\u1eb7t ph\u00f2ng t\u1ea1i Ana Mandara Cam Ranh nh\u00e9.\",\"breadcrumb\":{\"@id\":\"https:\/\/anamandaracamranh.com\/vi\/special-offers\/lop-hoc-nau-an\/#breadcrumb\"},\"inLanguage\":\"vi-VN\",\"potentialAction\":[{\"@type\":\"ReadAction\",\"target\":[\"https:\/\/anamandaracamranh.com\/vi\/special-offers\/lop-hoc-nau-an\/\"]}]},{\"@type\":\"ImageObject\",\"inLanguage\":\"vi-VN\",\"@id\":\"https:\/\/anamandaracamranh.com\/vi\/special-offers\/lop-hoc-nau-an\/#primaryimage\",\"url\":\"https:\/\/anamandaracamranh.com\/wp-content\/uploads\/sites\/254\/2023\/02\/ANA-MANDARA-CAM-RANH-Cooking-Class.jpg\",\"contentUrl\":\"https:\/\/anamandaracamranh.com\/wp-content\/uploads\/sites\/254\/2023\/02\/ANA-MANDARA-CAM-RANH-Cooking-Class.jpg\",\"width\":2200,\"height\":1650,\"caption\":\"Cooking Class at Ana Mandara Cam Ranh.\"},{\"@type\":\"BreadcrumbList\",\"@id\":\"https:\/\/anamandaracamranh.com\/vi\/special-offers\/lop-hoc-nau-an\/#breadcrumb\",\"itemListElement\":[{\"@type\":\"ListItem\",\"position\":1,\"name\":\"Home\",\"item\":\"https:\/\/anamandaracamranh.com\/vi\/\"},{\"@type\":\"ListItem\",\"position\":2,\"name\":\"\u01afu \u0110\u00e3i\",\"item\":\"https:\/\/anamandaracamranh.com\/vi\/special-offers\/\"},{\"@type\":\"ListItem\",\"position\":3,\"name\":\"L\u1edbp h\u1ecdc n\u1ea5u \u0103n\"}]},{\"@type\":\"WebSite\",\"@id\":\"https:\/\/anamandaracamranh.com\/vi\/#website\",\"url\":\"https:\/\/anamandaracamranh.com\/vi\/\",\"name\":\"Ana Mandara Cam Ranh Hotel\",\"description\":\"\",\"potentialAction\":[{\"@type\":\"SearchAction\",\"target\":{\"@type\":\"EntryPoint\",\"urlTemplate\":\"https:\/\/anamandaracamranh.com\/vi\/?s={search_term_string}\"},\"query-input\":\"required name=search_term_string\"}],\"inLanguage\":\"vi-VN\"}]}<\/script>\n<!-- \/ Yoast SEO plugin. -->","yoast_head_json":{"title":"L\u1edbp h\u1ecdc n\u1ea5u \u0103n - Ana Mandara Cam Ranh Hotel","description":"\u0110\u0103ng k\u00fd l\u1edbp h\u1ecdc n\u1ea5u \u0103n v\u00e0 mang v\u1ec1 v\u00e0i tr\u1ea3i nghi\u1ec7m n\u1ea5u m\u00f3n Vi\u1ec7t t\u1eeb nh\u00e0 Ana. \u0110\u0103ng kys ngay n\u1ebfu b\u1ea1n \u0111\u00e3 \u0111\u1eb7t ph\u00f2ng t\u1ea1i Ana Mandara Cam Ranh nh\u00e9.","robots":{"index":"index","follow":"follow","max-snippet":"max-snippet:-1","max-image-preview":"max-image-preview:large","max-video-preview":"max-video-preview:-1"},"canonical":"https:\/\/anamandaracamranh.com\/vi\/special-offers\/lop-hoc-nau-an\/","og_locale":"vi_VN","og_type":"article","og_title":"L\u1edbp h\u1ecdc n\u1ea5u \u0103n - Ana Mandara Cam Ranh Hotel","og_description":"\u0110\u0103ng k\u00fd l\u1edbp h\u1ecdc n\u1ea5u \u0103n v\u00e0 mang v\u1ec1 v\u00e0i tr\u1ea3i nghi\u1ec7m n\u1ea5u m\u00f3n Vi\u1ec7t t\u1eeb nh\u00e0 Ana. \u0110\u0103ng kys ngay n\u1ebfu b\u1ea1n \u0111\u00e3 \u0111\u1eb7t ph\u00f2ng t\u1ea1i Ana Mandara Cam Ranh nh\u00e9.","og_url":"https:\/\/anamandaracamranh.com\/vi\/special-offers\/lop-hoc-nau-an\/","og_site_name":"Ana Mandara Cam Ranh Hotel","article_modified_time":"2025-02-19T09:52:24+00:00","og_image":[{"width":1024,"height":768,"url":"https:\/\/anamandaracamranh.com\/wp-content\/uploads\/sites\/254\/2023\/02\/ANA-MANDARA-CAM-RANH-Cooking-Class-1024x768.jpg","type":"image\/jpeg"}],"twitter_card":"summary_large_image","twitter_misc":{"Est. reading time":"1 minute"},"schema":{"@context":"https:\/\/schema.org","@graph":[{"@type":"WebPage","@id":"https:\/\/anamandaracamranh.com\/vi\/special-offers\/lop-hoc-nau-an\/","url":"https:\/\/anamandaracamranh.com\/vi\/special-offers\/lop-hoc-nau-an\/","name":"L\u1edbp h\u1ecdc n\u1ea5u \u0103n - Ana Mandara Cam Ranh Hotel","isPartOf":{"@id":"https:\/\/anamandaracamranh.com\/vi\/#website"},"primaryImageOfPage":{"@id":"https:\/\/anamandaracamranh.com\/vi\/special-offers\/lop-hoc-nau-an\/#primaryimage"},"image":{"@id":"https:\/\/anamandaracamranh.com\/vi\/special-offers\/lop-hoc-nau-an\/#primaryimage"},"thumbnailUrl":"https:\/\/anamandaracamranh.com\/wp-content\/uploads\/sites\/254\/2023\/02\/ANA-MANDARA-CAM-RANH-Cooking-Class.jpg","datePublished":"2024-10-04T07:04:27+00:00","dateModified":"2025-02-19T09:52:24+00:00","description":"\u0110\u0103ng k\u00fd l\u1edbp h\u1ecdc n\u1ea5u \u0103n v\u00e0 mang v\u1ec1 v\u00e0i tr\u1ea3i nghi\u1ec7m n\u1ea5u m\u00f3n Vi\u1ec7t t\u1eeb nh\u00e0 Ana. \u0110\u0103ng kys ngay n\u1ebfu b\u1ea1n \u0111\u00e3 \u0111\u1eb7t ph\u00f2ng t\u1ea1i Ana Mandara Cam Ranh nh\u00e9.","breadcrumb":{"@id":"https:\/\/anamandaracamranh.com\/vi\/special-offers\/lop-hoc-nau-an\/#breadcrumb"},"inLanguage":"vi-VN","potentialAction":[{"@type":"ReadAction","target":["https:\/\/anamandaracamranh.com\/vi\/special-offers\/lop-hoc-nau-an\/"]}]},{"@type":"ImageObject","inLanguage":"vi-VN","@id":"https:\/\/anamandaracamranh.com\/vi\/special-offers\/lop-hoc-nau-an\/#primaryimage","url":"https:\/\/anamandaracamranh.com\/wp-content\/uploads\/sites\/254\/2023\/02\/ANA-MANDARA-CAM-RANH-Cooking-Class.jpg","contentUrl":"https:\/\/anamandaracamranh.com\/wp-content\/uploads\/sites\/254\/2023\/02\/ANA-MANDARA-CAM-RANH-Cooking-Class.jpg","width":2200,"height":1650,"caption":"Cooking Class at Ana Mandara Cam Ranh."},{"@type":"BreadcrumbList","@id":"https:\/\/anamandaracamranh.com\/vi\/special-offers\/lop-hoc-nau-an\/#breadcrumb","itemListElement":[{"@type":"ListItem","position":1,"name":"Home","item":"https:\/\/anamandaracamranh.com\/vi\/"},{"@type":"ListItem","position":2,"name":"\u01afu \u0110\u00e3i","item":"https:\/\/anamandaracamranh.com\/vi\/special-offers\/"},{"@type":"ListItem","position":3,"name":"L\u1edbp h\u1ecdc n\u1ea5u \u0103n"}]},{"@type":"WebSite","@id":"https:\/\/anamandaracamranh.com\/vi\/#website","url":"https:\/\/anamandaracamranh.com\/vi\/","name":"Ana Mandara Cam Ranh Hotel","description":"","potentialAction":[{"@type":"SearchAction","target":{"@type":"EntryPoint","urlTemplate":"https:\/\/anamandaracamranh.com\/vi\/?s={search_term_string}"},"query-input":"required name=search_term_string"}],"inLanguage":"vi-VN"}]}},"_links":{"self":[{"href":"https:\/\/anamandaracamranh.com\/vi\/wp-json\/wp\/v2\/pages\/2895"}],"collection":[{"href":"https:\/\/anamandaracamranh.com\/vi\/wp-json\/wp\/v2\/pages"}],"about":[{"href":"https:\/\/anamandaracamranh.com\/vi\/wp-json\/wp\/v2\/types\/page"}],"author":[{"embeddable":true,"href":"https:\/\/anamandaracamranh.com\/vi\/wp-json\/wp\/v2\/users\/647"}],"replies":[{"embeddable":true,"href":"https:\/\/anamandaracamranh.com\/vi\/wp-json\/wp\/v2\/comments?post=2895"}],"version-history":[{"count":0,"href":"https:\/\/anamandaracamranh.com\/vi\/wp-json\/wp\/v2\/pages\/2895\/revisions"}],"up":[{"embeddable":true,"href":"https:\/\/anamandaracamranh.com\/vi\/wp-json\/wp\/v2\/pages\/791"}],"wp:featuredmedia":[{"embeddable":true,"href":"https:\/\/anamandaracamranh.com\/vi\/wp-json\/wp\/v2\/media\/1110"}],"wp:attachment":[{"href":"https:\/\/anamandaracamranh.com\/vi\/wp-json\/wp\/v2\/media?parent=2895"}],"wp:term":[{"taxonomy":"category","embeddable":true,"href":"https:\/\/anamandaracamranh.com\/vi\/wp-json\/wp\/v2\/categories?post=2895"}],"curies":[{"name":"wp","href":"https:\/\/api.w.org\/{rel}","templated":true}]}}