{"id":2891,"date":"2024-10-04T07:03:43","date_gmt":"2024-10-04T07:03:43","guid":{"rendered":"https:\/\/anamandaracamranh.com\/special-offers\/home-made-gelato\/"},"modified":"2025-02-19T09:37:35","modified_gmt":"2025-02-19T09:37:35","slug":"tiec-toi-bbq-rieng-tu-tai-biet-thu","status":"publish","type":"page","link":"https:\/\/anamandaracamranh.com\/vi\/special-offers\/tiec-toi-bbq-rieng-tu-tai-biet-thu\/","title":{"rendered":"Ti\u1ec7c t\u1ed1i BBQ ri\u00eang t\u01b0 t\u1ea1i bi\u1ec7t th\u1ef1"},"content":{"rendered":"<p>\ud83c\udf77T\u1eadn h\u01b0\u1edfng kho\u1ea3ng th\u1eddi gian \u0111\u00e1ng nh\u1edb t\u1ea1i b\u1eefa ti\u1ec7c n\u01b0\u1edbng BBQ ri\u00eang t\u01b0 ngay tr\u01b0\u1edbc bi\u1ec7t th\u1ef1.<\/p>\n<p>\ud83e\udd58\u0110\u1eafm m\u00ecnh trong kh\u00f4ng kh\u00ed bi\u1ec3n trong l\u00e0nh v\u00e0 khung c\u1ea3nh thi\u00ean nhi\u00ean tuy\u1ec7t \u0111\u1eb9p, c\u00f9ng kh\u00e1m ph\u00e1 h\u01b0\u01a1ng v\u1ecb c\u00e1c m\u00f3n n\u01b0\u1edbng h\u1ea5p d\u1eabn \u0111\u01b0\u1ee3c ch\u1ebf bi\u1ebfn ho\u00e0n h\u1ea3o b\u1edfi \u0111\u1ed9i ng\u0169 b\u1ebfp t\u00e0i hoa, s\u1eb5n s\u00e0ng chinh ph\u1ee5c c\u1ea3 th\u1ecb gi\u00e1c l\u1eabn v\u1ecb gi\u00e1c c\u1ee7a b\u1ea1n! Tr\u1ecdn v\u1eb9n h\u01b0\u01a1ng v\u1ecb t\u1eeb mi\u1ebfng \u0111\u1ea7u ti\u00ean \u0111\u1ebfn mi\u1ebfng cu\u1ed1i c\u00f9ng.<\/p>\n","protected":false},"excerpt":{"rendered":"<p>\ud83c\udf77T\u1eadn h\u01b0\u1edfng kho\u1ea3ng th\u1eddi gian \u0111\u00e1ng nh\u1edb t\u1ea1i b\u1eefa ti\u1ec7c n\u01b0\u1edbng BBQ ri\u00eang t\u01b0 ngay tr\u01b0\u1edbc bi\u1ec7t th\u1ef1. \ud83e\udd58\u0110\u1eafm m\u00ecnh trong kh\u00f4ng kh\u00ed bi\u1ec3n trong l\u00e0nh v\u00e0 khung c\u1ea3nh thi\u00ean nhi\u00ean tuy\u1ec7t \u0111\u1eb9p, c\u00f9ng kh\u00e1m ph\u00e1 h\u01b0\u01a1ng v\u1ecb c\u00e1c m\u00f3n n\u01b0\u1edbng h\u1ea5p d\u1eabn \u0111\u01b0\u1ee3c ch\u1ebf bi\u1ebfn ho\u00e0n h\u1ea3o b\u1edfi \u0111\u1ed9i ng\u0169 b\u1ebfp t\u00e0i hoa, s\u1eb5n [&hellip;]<\/p>\n","protected":false},"author":647,"featured_media":3145,"parent":791,"menu_order":0,"comment_status":"closed","ping_status":"closed","template":"template-default-4.php","meta":{"footnotes":""},"categories":[],"acf":[],"yoast_head":"<!-- This site is optimized with the Yoast SEO plugin v22.3 - https:\/\/yoast.com\/wordpress\/plugins\/seo\/ -->\n<title>Ti\u1ec7c t\u1ed1i BBQ ri\u00eang t\u01b0 t\u1ea1i bi\u1ec7t th\u1ef1 - Ana Mandara Cam Ranh Hotel<\/title>\n<meta name=\"description\" content=\"T\u1eadn h\u01b0\u1edfng kh\u00f4ng gian ti\u1ec7c n\u01b0\u1edbng BBQ ri\u00eang t\u01b0 \u0111\u1ed9c \u0111\u00e1o ngay t\u1ea1i bi\u1ec7t th\u1ef1 c\u1ee7a Ana Mandara Cam Ranh. \u0110\u1eb7t ch\u1ed7 v\u00e0 tr\u1ea3i nghi\u1ec7m ngay!\" \/>\n<meta name=\"robots\" content=\"index, follow, max-snippet:-1, max-image-preview:large, max-video-preview:-1\" \/>\n<link rel=\"canonical\" href=\"https:\/\/anamandaracamranh.com\/vi\/special-offers\/tiec-toi-bbq-rieng-tu-tai-biet-thu\/\" \/>\n<meta property=\"og:locale\" content=\"vi_VN\" \/>\n<meta property=\"og:type\" content=\"article\" \/>\n<meta property=\"og:title\" content=\"Ti\u1ec7c t\u1ed1i BBQ ri\u00eang t\u01b0 t\u1ea1i bi\u1ec7t th\u1ef1 - Ana Mandara Cam Ranh Hotel\" \/>\n<meta property=\"og:description\" content=\"T\u1eadn h\u01b0\u1edfng kh\u00f4ng gian ti\u1ec7c n\u01b0\u1edbng BBQ ri\u00eang t\u01b0 \u0111\u1ed9c \u0111\u00e1o ngay t\u1ea1i bi\u1ec7t th\u1ef1 c\u1ee7a Ana Mandara Cam Ranh. \u0110\u1eb7t ch\u1ed7 v\u00e0 tr\u1ea3i nghi\u1ec7m ngay!\" \/>\n<meta property=\"og:url\" content=\"https:\/\/anamandaracamranh.com\/vi\/special-offers\/tiec-toi-bbq-rieng-tu-tai-biet-thu\/\" \/>\n<meta property=\"og:site_name\" content=\"Ana Mandara Cam Ranh Hotel\" \/>\n<meta property=\"article:modified_time\" content=\"2025-02-19T09:37:35+00:00\" \/>\n<meta property=\"og:image\" content=\"https:\/\/anamandaracamranh.com\/wp-content\/uploads\/sites\/254\/2025\/02\/Ana-Mandara-Cam-Ranh-Private-BBQ-at-the-villa.jpg\" \/>\n\t<meta property=\"og:image:width\" content=\"2200\" \/>\n\t<meta property=\"og:image:height\" content=\"1650\" \/>\n\t<meta property=\"og:image:type\" content=\"image\/jpeg\" \/>\n<meta name=\"twitter:card\" content=\"summary_large_image\" \/>\n<meta name=\"twitter:label1\" content=\"Est. reading time\" \/>\n\t<meta name=\"twitter:data1\" content=\"1 minute\" \/>\n<script type=\"application\/ld+json\" class=\"yoast-schema-graph\">{\"@context\":\"https:\/\/schema.org\",\"@graph\":[{\"@type\":\"WebPage\",\"@id\":\"https:\/\/anamandaracamranh.com\/vi\/special-offers\/tiec-toi-bbq-rieng-tu-tai-biet-thu\/\",\"url\":\"https:\/\/anamandaracamranh.com\/vi\/special-offers\/tiec-toi-bbq-rieng-tu-tai-biet-thu\/\",\"name\":\"Ti\u1ec7c t\u1ed1i BBQ ri\u00eang t\u01b0 t\u1ea1i bi\u1ec7t th\u1ef1 - Ana Mandara Cam Ranh Hotel\",\"isPartOf\":{\"@id\":\"https:\/\/anamandaracamranh.com\/vi\/#website\"},\"primaryImageOfPage\":{\"@id\":\"https:\/\/anamandaracamranh.com\/vi\/special-offers\/tiec-toi-bbq-rieng-tu-tai-biet-thu\/#primaryimage\"},\"image\":{\"@id\":\"https:\/\/anamandaracamranh.com\/vi\/special-offers\/tiec-toi-bbq-rieng-tu-tai-biet-thu\/#primaryimage\"},\"thumbnailUrl\":\"https:\/\/anamandaracamranh.com\/wp-content\/uploads\/sites\/254\/2025\/02\/Ana-Mandara-Cam-Ranh-Private-BBQ-at-the-villa.jpg\",\"datePublished\":\"2024-10-04T07:03:43+00:00\",\"dateModified\":\"2025-02-19T09:37:35+00:00\",\"description\":\"T\u1eadn h\u01b0\u1edfng kh\u00f4ng gian ti\u1ec7c n\u01b0\u1edbng BBQ ri\u00eang t\u01b0 \u0111\u1ed9c \u0111\u00e1o ngay t\u1ea1i bi\u1ec7t th\u1ef1 c\u1ee7a Ana Mandara Cam Ranh. \u0110\u1eb7t ch\u1ed7 v\u00e0 tr\u1ea3i nghi\u1ec7m ngay!\",\"breadcrumb\":{\"@id\":\"https:\/\/anamandaracamranh.com\/vi\/special-offers\/tiec-toi-bbq-rieng-tu-tai-biet-thu\/#breadcrumb\"},\"inLanguage\":\"vi-VN\",\"potentialAction\":[{\"@type\":\"ReadAction\",\"target\":[\"https:\/\/anamandaracamranh.com\/vi\/special-offers\/tiec-toi-bbq-rieng-tu-tai-biet-thu\/\"]}]},{\"@type\":\"ImageObject\",\"inLanguage\":\"vi-VN\",\"@id\":\"https:\/\/anamandaracamranh.com\/vi\/special-offers\/tiec-toi-bbq-rieng-tu-tai-biet-thu\/#primaryimage\",\"url\":\"https:\/\/anamandaracamranh.com\/wp-content\/uploads\/sites\/254\/2025\/02\/Ana-Mandara-Cam-Ranh-Private-BBQ-at-the-villa.jpg\",\"contentUrl\":\"https:\/\/anamandaracamranh.com\/wp-content\/uploads\/sites\/254\/2025\/02\/Ana-Mandara-Cam-Ranh-Private-BBQ-at-the-villa.jpg\",\"width\":2200,\"height\":1650},{\"@type\":\"BreadcrumbList\",\"@id\":\"https:\/\/anamandaracamranh.com\/vi\/special-offers\/tiec-toi-bbq-rieng-tu-tai-biet-thu\/#breadcrumb\",\"itemListElement\":[{\"@type\":\"ListItem\",\"position\":1,\"name\":\"Home\",\"item\":\"https:\/\/anamandaracamranh.com\/vi\/\"},{\"@type\":\"ListItem\",\"position\":2,\"name\":\"\u01afu \u0110\u00e3i\",\"item\":\"https:\/\/anamandaracamranh.com\/vi\/special-offers\/\"},{\"@type\":\"ListItem\",\"position\":3,\"name\":\"Ti\u1ec7c t\u1ed1i BBQ ri\u00eang t\u01b0 t\u1ea1i bi\u1ec7t th\u1ef1\"}]},{\"@type\":\"WebSite\",\"@id\":\"https:\/\/anamandaracamranh.com\/vi\/#website\",\"url\":\"https:\/\/anamandaracamranh.com\/vi\/\",\"name\":\"Ana Mandara Cam Ranh Hotel\",\"description\":\"\",\"potentialAction\":[{\"@type\":\"SearchAction\",\"target\":{\"@type\":\"EntryPoint\",\"urlTemplate\":\"https:\/\/anamandaracamranh.com\/vi\/?s={search_term_string}\"},\"query-input\":\"required name=search_term_string\"}],\"inLanguage\":\"vi-VN\"}]}<\/script>\n<!-- \/ Yoast SEO plugin. -->","yoast_head_json":{"title":"Ti\u1ec7c t\u1ed1i BBQ ri\u00eang t\u01b0 t\u1ea1i bi\u1ec7t th\u1ef1 - Ana Mandara Cam Ranh Hotel","description":"T\u1eadn h\u01b0\u1edfng kh\u00f4ng gian ti\u1ec7c n\u01b0\u1edbng BBQ ri\u00eang t\u01b0 \u0111\u1ed9c \u0111\u00e1o ngay t\u1ea1i bi\u1ec7t th\u1ef1 c\u1ee7a Ana Mandara Cam Ranh. \u0110\u1eb7t ch\u1ed7 v\u00e0 tr\u1ea3i nghi\u1ec7m ngay!","robots":{"index":"index","follow":"follow","max-snippet":"max-snippet:-1","max-image-preview":"max-image-preview:large","max-video-preview":"max-video-preview:-1"},"canonical":"https:\/\/anamandaracamranh.com\/vi\/special-offers\/tiec-toi-bbq-rieng-tu-tai-biet-thu\/","og_locale":"vi_VN","og_type":"article","og_title":"Ti\u1ec7c t\u1ed1i BBQ ri\u00eang t\u01b0 t\u1ea1i bi\u1ec7t th\u1ef1 - Ana Mandara Cam Ranh Hotel","og_description":"T\u1eadn h\u01b0\u1edfng kh\u00f4ng gian ti\u1ec7c n\u01b0\u1edbng BBQ ri\u00eang t\u01b0 \u0111\u1ed9c \u0111\u00e1o ngay t\u1ea1i bi\u1ec7t th\u1ef1 c\u1ee7a Ana Mandara Cam Ranh. \u0110\u1eb7t ch\u1ed7 v\u00e0 tr\u1ea3i nghi\u1ec7m ngay!","og_url":"https:\/\/anamandaracamranh.com\/vi\/special-offers\/tiec-toi-bbq-rieng-tu-tai-biet-thu\/","og_site_name":"Ana Mandara Cam Ranh Hotel","article_modified_time":"2025-02-19T09:37:35+00:00","og_image":[{"width":2200,"height":1650,"url":"https:\/\/anamandaracamranh.com\/wp-content\/uploads\/sites\/254\/2025\/02\/Ana-Mandara-Cam-Ranh-Private-BBQ-at-the-villa.jpg","type":"image\/jpeg"}],"twitter_card":"summary_large_image","twitter_misc":{"Est. reading time":"1 minute"},"schema":{"@context":"https:\/\/schema.org","@graph":[{"@type":"WebPage","@id":"https:\/\/anamandaracamranh.com\/vi\/special-offers\/tiec-toi-bbq-rieng-tu-tai-biet-thu\/","url":"https:\/\/anamandaracamranh.com\/vi\/special-offers\/tiec-toi-bbq-rieng-tu-tai-biet-thu\/","name":"Ti\u1ec7c t\u1ed1i BBQ ri\u00eang t\u01b0 t\u1ea1i bi\u1ec7t th\u1ef1 - Ana Mandara Cam Ranh Hotel","isPartOf":{"@id":"https:\/\/anamandaracamranh.com\/vi\/#website"},"primaryImageOfPage":{"@id":"https:\/\/anamandaracamranh.com\/vi\/special-offers\/tiec-toi-bbq-rieng-tu-tai-biet-thu\/#primaryimage"},"image":{"@id":"https:\/\/anamandaracamranh.com\/vi\/special-offers\/tiec-toi-bbq-rieng-tu-tai-biet-thu\/#primaryimage"},"thumbnailUrl":"https:\/\/anamandaracamranh.com\/wp-content\/uploads\/sites\/254\/2025\/02\/Ana-Mandara-Cam-Ranh-Private-BBQ-at-the-villa.jpg","datePublished":"2024-10-04T07:03:43+00:00","dateModified":"2025-02-19T09:37:35+00:00","description":"T\u1eadn h\u01b0\u1edfng kh\u00f4ng gian ti\u1ec7c n\u01b0\u1edbng BBQ ri\u00eang t\u01b0 \u0111\u1ed9c \u0111\u00e1o ngay t\u1ea1i bi\u1ec7t th\u1ef1 c\u1ee7a Ana Mandara Cam Ranh. \u0110\u1eb7t ch\u1ed7 v\u00e0 tr\u1ea3i nghi\u1ec7m ngay!","breadcrumb":{"@id":"https:\/\/anamandaracamranh.com\/vi\/special-offers\/tiec-toi-bbq-rieng-tu-tai-biet-thu\/#breadcrumb"},"inLanguage":"vi-VN","potentialAction":[{"@type":"ReadAction","target":["https:\/\/anamandaracamranh.com\/vi\/special-offers\/tiec-toi-bbq-rieng-tu-tai-biet-thu\/"]}]},{"@type":"ImageObject","inLanguage":"vi-VN","@id":"https:\/\/anamandaracamranh.com\/vi\/special-offers\/tiec-toi-bbq-rieng-tu-tai-biet-thu\/#primaryimage","url":"https:\/\/anamandaracamranh.com\/wp-content\/uploads\/sites\/254\/2025\/02\/Ana-Mandara-Cam-Ranh-Private-BBQ-at-the-villa.jpg","contentUrl":"https:\/\/anamandaracamranh.com\/wp-content\/uploads\/sites\/254\/2025\/02\/Ana-Mandara-Cam-Ranh-Private-BBQ-at-the-villa.jpg","width":2200,"height":1650},{"@type":"BreadcrumbList","@id":"https:\/\/anamandaracamranh.com\/vi\/special-offers\/tiec-toi-bbq-rieng-tu-tai-biet-thu\/#breadcrumb","itemListElement":[{"@type":"ListItem","position":1,"name":"Home","item":"https:\/\/anamandaracamranh.com\/vi\/"},{"@type":"ListItem","position":2,"name":"\u01afu \u0110\u00e3i","item":"https:\/\/anamandaracamranh.com\/vi\/special-offers\/"},{"@type":"ListItem","position":3,"name":"Ti\u1ec7c t\u1ed1i BBQ ri\u00eang t\u01b0 t\u1ea1i bi\u1ec7t th\u1ef1"}]},{"@type":"WebSite","@id":"https:\/\/anamandaracamranh.com\/vi\/#website","url":"https:\/\/anamandaracamranh.com\/vi\/","name":"Ana Mandara Cam Ranh Hotel","description":"","potentialAction":[{"@type":"SearchAction","target":{"@type":"EntryPoint","urlTemplate":"https:\/\/anamandaracamranh.com\/vi\/?s={search_term_string}"},"query-input":"required name=search_term_string"}],"inLanguage":"vi-VN"}]}},"_links":{"self":[{"href":"https:\/\/anamandaracamranh.com\/vi\/wp-json\/wp\/v2\/pages\/2891"}],"collection":[{"href":"https:\/\/anamandaracamranh.com\/vi\/wp-json\/wp\/v2\/pages"}],"about":[{"href":"https:\/\/anamandaracamranh.com\/vi\/wp-json\/wp\/v2\/types\/page"}],"author":[{"embeddable":true,"href":"https:\/\/anamandaracamranh.com\/vi\/wp-json\/wp\/v2\/users\/647"}],"replies":[{"embeddable":true,"href":"https:\/\/anamandaracamranh.com\/vi\/wp-json\/wp\/v2\/comments?post=2891"}],"version-history":[{"count":0,"href":"https:\/\/anamandaracamranh.com\/vi\/wp-json\/wp\/v2\/pages\/2891\/revisions"}],"up":[{"embeddable":true,"href":"https:\/\/anamandaracamranh.com\/vi\/wp-json\/wp\/v2\/pages\/791"}],"wp:featuredmedia":[{"embeddable":true,"href":"https:\/\/anamandaracamranh.com\/vi\/wp-json\/wp\/v2\/media\/3145"}],"wp:attachment":[{"href":"https:\/\/anamandaracamranh.com\/vi\/wp-json\/wp\/v2\/media?parent=2891"}],"wp:term":[{"taxonomy":"category","embeddable":true,"href":"https:\/\/anamandaracamranh.com\/vi\/wp-json\/wp\/v2\/categories?post=2891"}],"curies":[{"name":"wp","href":"https:\/\/api.w.org\/{rel}","templated":true}]}}