{"id":2884,"date":"2024-10-04T07:04:18","date_gmt":"2024-10-04T07:04:18","guid":{"rendered":"https:\/\/anamandaracamranh.com\/special-offers\/happy-hour\/"},"modified":"2024-10-11T07:43:34","modified_gmt":"2024-10-11T07:43:34","slug":"happy-hour","status":"publish","type":"page","link":"https:\/\/anamandaracamranh.com\/vi\/special-offers\/happy-hour\/","title":{"rendered":"Gi\u1edd V\u00e0ng t\u1ea1i Pool Bar"},"content":{"rendered":"<p>Nh\u00e2n \u0111\u00f4i ni\u1ec1m vui trong l\u00e0n n\u01b0\u1edbc m\u00e1t t\u1ea1i h\u1ed3 b\u01a1i c\u1ee7a Ana mandara Cam Ranh v\u1edbi ch\u01b0\u01a1ng tr\u00ecnh &#8220;Gi\u1edd V\u00e0ng: c\u1ee7a Pool Bar t\u1eeb 15:00 \u0111\u1ebfn 17:00<br \/>\nMua 01 T\u1eb7ng 01 \u0111\u1ed1i v\u1edbi bia t\u01b0\u01a1i cao c\u1ea5p (ph\u1ee5c v\u1ee5 theo ly)<br \/>\n\u01afu \u0111\u00e3i gi\u1ea3m 15% \u0111\u1ed1i v\u1edbi r\u01b0\u1ee3u vang chai v\u00e0 c\u00e1c lo\u1ea1i cocktail, mocktail<\/p>\n","protected":false},"excerpt":{"rendered":"<p>Nh\u00e2n \u0111\u00f4i ni\u1ec1m vui trong l\u00e0n n\u01b0\u1edbc m\u00e1t t\u1ea1i h\u1ed3 b\u01a1i c\u1ee7a Ana mandara Cam Ranh v\u1edbi ch\u01b0\u01a1ng tr\u00ecnh &#8220;Gi\u1edd V\u00e0ng: c\u1ee7a Pool Bar t\u1eeb 15:00 \u0111\u1ebfn 17:00 Mua 01 T\u1eb7ng 01 \u0111\u1ed1i v\u1edbi bia t\u01b0\u01a1i cao c\u1ea5p (ph\u1ee5c v\u1ee5 theo ly) \u01afu \u0111\u00e3i gi\u1ea3m 15% \u0111\u1ed1i v\u1edbi r\u01b0\u1ee3u vang chai v\u00e0 c\u00e1c lo\u1ea1i cocktail, [&hellip;]<\/p>\n","protected":false},"author":647,"featured_media":2840,"parent":791,"menu_order":0,"comment_status":"closed","ping_status":"closed","template":"template-default-4.php","meta":{"footnotes":""},"categories":[],"acf":[],"yoast_head":"<!-- This site is optimized with the Yoast SEO plugin v22.3 - https:\/\/yoast.com\/wordpress\/plugins\/seo\/ -->\n<title>Gi\u1edd V\u00e0ng t\u1ea1i Pool Bar - Ana Mandara Cam Ranh Hotel<\/title>\n<meta name=\"robots\" content=\"index, follow, max-snippet:-1, max-image-preview:large, max-video-preview:-1\" \/>\n<link rel=\"canonical\" href=\"https:\/\/anamandaracamranh.com\/vi\/special-offers\/happy-hour\/\" \/>\n<meta property=\"og:locale\" content=\"vi_VN\" \/>\n<meta property=\"og:type\" content=\"article\" \/>\n<meta property=\"og:title\" content=\"Gi\u1edd V\u00e0ng t\u1ea1i Pool Bar - Ana Mandara Cam Ranh Hotel\" \/>\n<meta property=\"og:description\" content=\"Nh\u00e2n \u0111\u00f4i ni\u1ec1m vui trong l\u00e0n n\u01b0\u1edbc m\u00e1t t\u1ea1i h\u1ed3 b\u01a1i c\u1ee7a Ana mandara Cam Ranh v\u1edbi ch\u01b0\u01a1ng tr\u00ecnh &#8220;Gi\u1edd V\u00e0ng: c\u1ee7a Pool Bar t\u1eeb 15:00 \u0111\u1ebfn 17:00 Mua 01 T\u1eb7ng 01 \u0111\u1ed1i v\u1edbi bia t\u01b0\u01a1i cao c\u1ea5p (ph\u1ee5c v\u1ee5 theo ly) \u01afu \u0111\u00e3i gi\u1ea3m 15% \u0111\u1ed1i v\u1edbi r\u01b0\u1ee3u vang chai v\u00e0 c\u00e1c lo\u1ea1i cocktail, [&hellip;]\" \/>\n<meta property=\"og:url\" content=\"https:\/\/anamandaracamranh.com\/vi\/special-offers\/happy-hour\/\" \/>\n<meta property=\"og:site_name\" content=\"Ana Mandara Cam Ranh Hotel\" \/>\n<meta property=\"article:modified_time\" content=\"2024-10-11T07:43:34+00:00\" \/>\n<meta property=\"og:image\" content=\"https:\/\/anamandaracamranh.com\/wp-content\/uploads\/sites\/254\/2024\/10\/DSC04574.jpg\" \/>\n\t<meta property=\"og:image:width\" content=\"2200\" \/>\n\t<meta property=\"og:image:height\" content=\"1467\" \/>\n\t<meta property=\"og:image:type\" content=\"image\/jpeg\" \/>\n<meta name=\"twitter:card\" content=\"summary_large_image\" \/>\n<meta name=\"twitter:label1\" content=\"Est. reading time\" \/>\n\t<meta name=\"twitter:data1\" content=\"1 minute\" \/>\n<script type=\"application\/ld+json\" class=\"yoast-schema-graph\">{\"@context\":\"https:\/\/schema.org\",\"@graph\":[{\"@type\":\"WebPage\",\"@id\":\"https:\/\/anamandaracamranh.com\/vi\/special-offers\/happy-hour\/\",\"url\":\"https:\/\/anamandaracamranh.com\/vi\/special-offers\/happy-hour\/\",\"name\":\"Gi\u1edd V\u00e0ng t\u1ea1i Pool Bar - Ana Mandara Cam Ranh Hotel\",\"isPartOf\":{\"@id\":\"https:\/\/anamandaracamranh.com\/vi\/#website\"},\"primaryImageOfPage\":{\"@id\":\"https:\/\/anamandaracamranh.com\/vi\/special-offers\/happy-hour\/#primaryimage\"},\"image\":{\"@id\":\"https:\/\/anamandaracamranh.com\/vi\/special-offers\/happy-hour\/#primaryimage\"},\"thumbnailUrl\":\"https:\/\/anamandaracamranh.com\/wp-content\/uploads\/sites\/254\/2024\/10\/DSC04574.jpg\",\"datePublished\":\"2024-10-04T07:04:18+00:00\",\"dateModified\":\"2024-10-11T07:43:34+00:00\",\"breadcrumb\":{\"@id\":\"https:\/\/anamandaracamranh.com\/vi\/special-offers\/happy-hour\/#breadcrumb\"},\"inLanguage\":\"vi-VN\",\"potentialAction\":[{\"@type\":\"ReadAction\",\"target\":[\"https:\/\/anamandaracamranh.com\/vi\/special-offers\/happy-hour\/\"]}]},{\"@type\":\"ImageObject\",\"inLanguage\":\"vi-VN\",\"@id\":\"https:\/\/anamandaracamranh.com\/vi\/special-offers\/happy-hour\/#primaryimage\",\"url\":\"https:\/\/anamandaracamranh.com\/wp-content\/uploads\/sites\/254\/2024\/10\/DSC04574.jpg\",\"contentUrl\":\"https:\/\/anamandaracamranh.com\/wp-content\/uploads\/sites\/254\/2024\/10\/DSC04574.jpg\",\"width\":2200,\"height\":1467},{\"@type\":\"BreadcrumbList\",\"@id\":\"https:\/\/anamandaracamranh.com\/vi\/special-offers\/happy-hour\/#breadcrumb\",\"itemListElement\":[{\"@type\":\"ListItem\",\"position\":1,\"name\":\"Home\",\"item\":\"https:\/\/anamandaracamranh.com\/vi\/\"},{\"@type\":\"ListItem\",\"position\":2,\"name\":\"\u01afu \u0110\u00e3i\",\"item\":\"https:\/\/anamandaracamranh.com\/vi\/special-offers\/\"},{\"@type\":\"ListItem\",\"position\":3,\"name\":\"Gi\u1edd V\u00e0ng t\u1ea1i Pool Bar\"}]},{\"@type\":\"WebSite\",\"@id\":\"https:\/\/anamandaracamranh.com\/vi\/#website\",\"url\":\"https:\/\/anamandaracamranh.com\/vi\/\",\"name\":\"Ana Mandara Cam Ranh Hotel\",\"description\":\"\",\"potentialAction\":[{\"@type\":\"SearchAction\",\"target\":{\"@type\":\"EntryPoint\",\"urlTemplate\":\"https:\/\/anamandaracamranh.com\/vi\/?s={search_term_string}\"},\"query-input\":\"required name=search_term_string\"}],\"inLanguage\":\"vi-VN\"}]}<\/script>\n<!-- \/ Yoast SEO plugin. -->","yoast_head_json":{"title":"Gi\u1edd V\u00e0ng t\u1ea1i Pool Bar - Ana Mandara Cam Ranh Hotel","robots":{"index":"index","follow":"follow","max-snippet":"max-snippet:-1","max-image-preview":"max-image-preview:large","max-video-preview":"max-video-preview:-1"},"canonical":"https:\/\/anamandaracamranh.com\/vi\/special-offers\/happy-hour\/","og_locale":"vi_VN","og_type":"article","og_title":"Gi\u1edd V\u00e0ng t\u1ea1i Pool Bar - Ana Mandara Cam Ranh Hotel","og_description":"Nh\u00e2n \u0111\u00f4i ni\u1ec1m vui trong l\u00e0n n\u01b0\u1edbc m\u00e1t t\u1ea1i h\u1ed3 b\u01a1i c\u1ee7a Ana mandara Cam Ranh v\u1edbi ch\u01b0\u01a1ng tr\u00ecnh &#8220;Gi\u1edd V\u00e0ng: c\u1ee7a Pool Bar t\u1eeb 15:00 \u0111\u1ebfn 17:00 Mua 01 T\u1eb7ng 01 \u0111\u1ed1i v\u1edbi bia t\u01b0\u01a1i cao c\u1ea5p (ph\u1ee5c v\u1ee5 theo ly) \u01afu \u0111\u00e3i gi\u1ea3m 15% \u0111\u1ed1i v\u1edbi r\u01b0\u1ee3u vang chai v\u00e0 c\u00e1c lo\u1ea1i cocktail, [&hellip;]","og_url":"https:\/\/anamandaracamranh.com\/vi\/special-offers\/happy-hour\/","og_site_name":"Ana Mandara Cam Ranh Hotel","article_modified_time":"2024-10-11T07:43:34+00:00","og_image":[{"width":2200,"height":1467,"url":"https:\/\/anamandaracamranh.com\/wp-content\/uploads\/sites\/254\/2024\/10\/DSC04574.jpg","type":"image\/jpeg"}],"twitter_card":"summary_large_image","twitter_misc":{"Est. reading time":"1 minute"},"schema":{"@context":"https:\/\/schema.org","@graph":[{"@type":"WebPage","@id":"https:\/\/anamandaracamranh.com\/vi\/special-offers\/happy-hour\/","url":"https:\/\/anamandaracamranh.com\/vi\/special-offers\/happy-hour\/","name":"Gi\u1edd V\u00e0ng t\u1ea1i Pool Bar - Ana Mandara Cam Ranh Hotel","isPartOf":{"@id":"https:\/\/anamandaracamranh.com\/vi\/#website"},"primaryImageOfPage":{"@id":"https:\/\/anamandaracamranh.com\/vi\/special-offers\/happy-hour\/#primaryimage"},"image":{"@id":"https:\/\/anamandaracamranh.com\/vi\/special-offers\/happy-hour\/#primaryimage"},"thumbnailUrl":"https:\/\/anamandaracamranh.com\/wp-content\/uploads\/sites\/254\/2024\/10\/DSC04574.jpg","datePublished":"2024-10-04T07:04:18+00:00","dateModified":"2024-10-11T07:43:34+00:00","breadcrumb":{"@id":"https:\/\/anamandaracamranh.com\/vi\/special-offers\/happy-hour\/#breadcrumb"},"inLanguage":"vi-VN","potentialAction":[{"@type":"ReadAction","target":["https:\/\/anamandaracamranh.com\/vi\/special-offers\/happy-hour\/"]}]},{"@type":"ImageObject","inLanguage":"vi-VN","@id":"https:\/\/anamandaracamranh.com\/vi\/special-offers\/happy-hour\/#primaryimage","url":"https:\/\/anamandaracamranh.com\/wp-content\/uploads\/sites\/254\/2024\/10\/DSC04574.jpg","contentUrl":"https:\/\/anamandaracamranh.com\/wp-content\/uploads\/sites\/254\/2024\/10\/DSC04574.jpg","width":2200,"height":1467},{"@type":"BreadcrumbList","@id":"https:\/\/anamandaracamranh.com\/vi\/special-offers\/happy-hour\/#breadcrumb","itemListElement":[{"@type":"ListItem","position":1,"name":"Home","item":"https:\/\/anamandaracamranh.com\/vi\/"},{"@type":"ListItem","position":2,"name":"\u01afu \u0110\u00e3i","item":"https:\/\/anamandaracamranh.com\/vi\/special-offers\/"},{"@type":"ListItem","position":3,"name":"Gi\u1edd V\u00e0ng t\u1ea1i Pool Bar"}]},{"@type":"WebSite","@id":"https:\/\/anamandaracamranh.com\/vi\/#website","url":"https:\/\/anamandaracamranh.com\/vi\/","name":"Ana Mandara Cam Ranh Hotel","description":"","potentialAction":[{"@type":"SearchAction","target":{"@type":"EntryPoint","urlTemplate":"https:\/\/anamandaracamranh.com\/vi\/?s={search_term_string}"},"query-input":"required name=search_term_string"}],"inLanguage":"vi-VN"}]}},"_links":{"self":[{"href":"https:\/\/anamandaracamranh.com\/vi\/wp-json\/wp\/v2\/pages\/2884"}],"collection":[{"href":"https:\/\/anamandaracamranh.com\/vi\/wp-json\/wp\/v2\/pages"}],"about":[{"href":"https:\/\/anamandaracamranh.com\/vi\/wp-json\/wp\/v2\/types\/page"}],"author":[{"embeddable":true,"href":"https:\/\/anamandaracamranh.com\/vi\/wp-json\/wp\/v2\/users\/647"}],"replies":[{"embeddable":true,"href":"https:\/\/anamandaracamranh.com\/vi\/wp-json\/wp\/v2\/comments?post=2884"}],"version-history":[{"count":0,"href":"https:\/\/anamandaracamranh.com\/vi\/wp-json\/wp\/v2\/pages\/2884\/revisions"}],"up":[{"embeddable":true,"href":"https:\/\/anamandaracamranh.com\/vi\/wp-json\/wp\/v2\/pages\/791"}],"wp:featuredmedia":[{"embeddable":true,"href":"https:\/\/anamandaracamranh.com\/vi\/wp-json\/wp\/v2\/media\/2840"}],"wp:attachment":[{"href":"https:\/\/anamandaracamranh.com\/vi\/wp-json\/wp\/v2\/media?parent=2884"}],"wp:term":[{"taxonomy":"category","embeddable":true,"href":"https:\/\/anamandaracamranh.com\/vi\/wp-json\/wp\/v2\/categories?post=2884"}],"curies":[{"name":"wp","href":"https:\/\/api.w.org\/{rel}","templated":true}]}}