{"id":2882,"date":"2024-10-04T03:44:32","date_gmt":"2024-10-04T03:44:32","guid":{"rendered":"https:\/\/anamandaracamranh.com\/special-offers\/floating-breakfast\/"},"modified":"2024-10-12T03:40:56","modified_gmt":"2024-10-12T03:40:56","slug":"floating-breakfast","status":"publish","type":"page","link":"https:\/\/anamandaracamranh.com\/vi\/special-offers\/floating-breakfast\/","title":{"rendered":"B\u1eefa s\u00e1ng n\u1ed5i"},"content":{"rendered":"<p>B\u1eefa s\u00e1ng n\u1ed5i l\u00e0 c\u00e1ch tuy\u1ec7t v\u1eddi \u0111\u1ec3 b\u1eaft \u0111\u1ea7u ng\u00e0y m\u1edbi. Ch\u00fang th\u01b0 gi\u00e3n, vui v\u1ebb v\u00e0 \u0111\u00e1ng \u0111\u1ec3 \u0111\u0103ng l\u00ean Instagram. N\u1ebfu b\u1ea1n \u0111ang t\u00ecm ki\u1ebfm tr\u1ea3i nghi\u1ec7m b\u1eefa s\u00e1ng \u0111\u1ed9c \u0111\u00e1o v\u00e0 \u0111\u00e1ng nh\u1edb, b\u1eefa s\u00e1ng n\u1ed5i l\u00e0 l\u1ef1a ch\u1ecdn tuy\u1ec7t v\u1eddi.<br \/>\nT\u1eeb 740.000 VND\/khay<\/p>\n<p>B\u1eefa s\u00e1ng n\u1ed5i ch\u1ec9 \u0111\u01b0\u1ee3c ph\u1ee5c v\u1ee5 t\u1ea1i h\u1ed3 b\u01a1i ri\u00eang c\u1ee7a Villa<\/p>\n","protected":false},"excerpt":{"rendered":"<p>B\u1eefa s\u00e1ng n\u1ed5i l\u00e0 c\u00e1ch tuy\u1ec7t v\u1eddi \u0111\u1ec3 b\u1eaft \u0111\u1ea7u ng\u00e0y m\u1edbi. Ch\u00fang th\u01b0 gi\u00e3n, vui v\u1ebb v\u00e0 \u0111\u00e1ng \u0111\u1ec3 \u0111\u0103ng l\u00ean Instagram. N\u1ebfu b\u1ea1n \u0111ang t\u00ecm ki\u1ebfm tr\u1ea3i nghi\u1ec7m b\u1eefa s\u00e1ng \u0111\u1ed9c \u0111\u00e1o v\u00e0 \u0111\u00e1ng nh\u1edb, b\u1eefa s\u00e1ng n\u1ed5i l\u00e0 l\u1ef1a ch\u1ecdn tuy\u1ec7t v\u1eddi. T\u1eeb 740.000 VND\/khay B\u1eefa s\u00e1ng n\u1ed5i ch\u1ec9 \u0111\u01b0\u1ee3c ph\u1ee5c v\u1ee5 [&hellip;]<\/p>\n","protected":false},"author":647,"featured_media":1048,"parent":791,"menu_order":0,"comment_status":"closed","ping_status":"closed","template":"template-default-4.php","meta":{"footnotes":""},"categories":[],"acf":[],"yoast_head":"<!-- This site is optimized with the Yoast SEO plugin v22.3 - https:\/\/yoast.com\/wordpress\/plugins\/seo\/ -->\n<title>B\u1eefa s\u00e1ng n\u1ed5i - Ana Mandara Cam Ranh Hotel<\/title>\n<meta name=\"robots\" content=\"index, follow, max-snippet:-1, max-image-preview:large, max-video-preview:-1\" \/>\n<link rel=\"canonical\" href=\"https:\/\/anamandaracamranh.com\/vi\/special-offers\/floating-breakfast\/\" \/>\n<meta property=\"og:locale\" content=\"vi_VN\" \/>\n<meta property=\"og:type\" content=\"article\" \/>\n<meta property=\"og:title\" content=\"B\u1eefa s\u00e1ng n\u1ed5i - Ana Mandara Cam Ranh Hotel\" \/>\n<meta property=\"og:description\" content=\"B\u1eefa s\u00e1ng n\u1ed5i l\u00e0 c\u00e1ch tuy\u1ec7t v\u1eddi \u0111\u1ec3 b\u1eaft \u0111\u1ea7u ng\u00e0y m\u1edbi. Ch\u00fang th\u01b0 gi\u00e3n, vui v\u1ebb v\u00e0 \u0111\u00e1ng \u0111\u1ec3 \u0111\u0103ng l\u00ean Instagram. N\u1ebfu b\u1ea1n \u0111ang t\u00ecm ki\u1ebfm tr\u1ea3i nghi\u1ec7m b\u1eefa s\u00e1ng \u0111\u1ed9c \u0111\u00e1o v\u00e0 \u0111\u00e1ng nh\u1edb, b\u1eefa s\u00e1ng n\u1ed5i l\u00e0 l\u1ef1a ch\u1ecdn tuy\u1ec7t v\u1eddi. T\u1eeb 740.000 VND\/khay B\u1eefa s\u00e1ng n\u1ed5i ch\u1ec9 \u0111\u01b0\u1ee3c ph\u1ee5c v\u1ee5 [&hellip;]\" \/>\n<meta property=\"og:url\" content=\"https:\/\/anamandaracamranh.com\/vi\/special-offers\/floating-breakfast\/\" \/>\n<meta property=\"og:site_name\" content=\"Ana Mandara Cam Ranh Hotel\" \/>\n<meta property=\"article:modified_time\" content=\"2024-10-12T03:40:56+00:00\" \/>\n<meta property=\"og:image\" content=\"https:\/\/anamandaracamranh.com\/wp-content\/uploads\/sites\/254\/2023\/02\/ANA-MANDARA-CAM-RANH-floating-breakfast-in-heart-shape.jpg\" \/>\n\t<meta property=\"og:image:width\" content=\"2200\" \/>\n\t<meta property=\"og:image:height\" content=\"1466\" \/>\n\t<meta property=\"og:image:type\" content=\"image\/jpeg\" \/>\n<meta name=\"twitter:card\" content=\"summary_large_image\" \/>\n<meta name=\"twitter:label1\" content=\"Est. reading time\" \/>\n\t<meta name=\"twitter:data1\" content=\"1 minute\" \/>\n<script type=\"application\/ld+json\" class=\"yoast-schema-graph\">{\"@context\":\"https:\/\/schema.org\",\"@graph\":[{\"@type\":\"WebPage\",\"@id\":\"https:\/\/anamandaracamranh.com\/vi\/special-offers\/floating-breakfast\/\",\"url\":\"https:\/\/anamandaracamranh.com\/vi\/special-offers\/floating-breakfast\/\",\"name\":\"B\u1eefa s\u00e1ng n\u1ed5i - Ana Mandara Cam Ranh Hotel\",\"isPartOf\":{\"@id\":\"https:\/\/anamandaracamranh.com\/vi\/#website\"},\"primaryImageOfPage\":{\"@id\":\"https:\/\/anamandaracamranh.com\/vi\/special-offers\/floating-breakfast\/#primaryimage\"},\"image\":{\"@id\":\"https:\/\/anamandaracamranh.com\/vi\/special-offers\/floating-breakfast\/#primaryimage\"},\"thumbnailUrl\":\"https:\/\/anamandaracamranh.com\/wp-content\/uploads\/sites\/254\/2023\/02\/ANA-MANDARA-CAM-RANH-floating-breakfast-in-heart-shape.jpg\",\"datePublished\":\"2024-10-04T03:44:32+00:00\",\"dateModified\":\"2024-10-12T03:40:56+00:00\",\"breadcrumb\":{\"@id\":\"https:\/\/anamandaracamranh.com\/vi\/special-offers\/floating-breakfast\/#breadcrumb\"},\"inLanguage\":\"vi-VN\",\"potentialAction\":[{\"@type\":\"ReadAction\",\"target\":[\"https:\/\/anamandaracamranh.com\/vi\/special-offers\/floating-breakfast\/\"]}]},{\"@type\":\"ImageObject\",\"inLanguage\":\"vi-VN\",\"@id\":\"https:\/\/anamandaracamranh.com\/vi\/special-offers\/floating-breakfast\/#primaryimage\",\"url\":\"https:\/\/anamandaracamranh.com\/wp-content\/uploads\/sites\/254\/2023\/02\/ANA-MANDARA-CAM-RANH-floating-breakfast-in-heart-shape.jpg\",\"contentUrl\":\"https:\/\/anamandaracamranh.com\/wp-content\/uploads\/sites\/254\/2023\/02\/ANA-MANDARA-CAM-RANH-floating-breakfast-in-heart-shape.jpg\",\"width\":2200,\"height\":1466},{\"@type\":\"BreadcrumbList\",\"@id\":\"https:\/\/anamandaracamranh.com\/vi\/special-offers\/floating-breakfast\/#breadcrumb\",\"itemListElement\":[{\"@type\":\"ListItem\",\"position\":1,\"name\":\"Home\",\"item\":\"https:\/\/anamandaracamranh.com\/vi\/\"},{\"@type\":\"ListItem\",\"position\":2,\"name\":\"\u01afu \u0110\u00e3i\",\"item\":\"https:\/\/anamandaracamranh.com\/vi\/special-offers\/\"},{\"@type\":\"ListItem\",\"position\":3,\"name\":\"B\u1eefa s\u00e1ng n\u1ed5i\"}]},{\"@type\":\"WebSite\",\"@id\":\"https:\/\/anamandaracamranh.com\/vi\/#website\",\"url\":\"https:\/\/anamandaracamranh.com\/vi\/\",\"name\":\"Ana Mandara Cam Ranh Hotel\",\"description\":\"\",\"potentialAction\":[{\"@type\":\"SearchAction\",\"target\":{\"@type\":\"EntryPoint\",\"urlTemplate\":\"https:\/\/anamandaracamranh.com\/vi\/?s={search_term_string}\"},\"query-input\":\"required name=search_term_string\"}],\"inLanguage\":\"vi-VN\"}]}<\/script>\n<!-- \/ Yoast SEO plugin. -->","yoast_head_json":{"title":"B\u1eefa s\u00e1ng n\u1ed5i - Ana Mandara Cam Ranh Hotel","robots":{"index":"index","follow":"follow","max-snippet":"max-snippet:-1","max-image-preview":"max-image-preview:large","max-video-preview":"max-video-preview:-1"},"canonical":"https:\/\/anamandaracamranh.com\/vi\/special-offers\/floating-breakfast\/","og_locale":"vi_VN","og_type":"article","og_title":"B\u1eefa s\u00e1ng n\u1ed5i - Ana Mandara Cam Ranh Hotel","og_description":"B\u1eefa s\u00e1ng n\u1ed5i l\u00e0 c\u00e1ch tuy\u1ec7t v\u1eddi \u0111\u1ec3 b\u1eaft \u0111\u1ea7u ng\u00e0y m\u1edbi. Ch\u00fang th\u01b0 gi\u00e3n, vui v\u1ebb v\u00e0 \u0111\u00e1ng \u0111\u1ec3 \u0111\u0103ng l\u00ean Instagram. N\u1ebfu b\u1ea1n \u0111ang t\u00ecm ki\u1ebfm tr\u1ea3i nghi\u1ec7m b\u1eefa s\u00e1ng \u0111\u1ed9c \u0111\u00e1o v\u00e0 \u0111\u00e1ng nh\u1edb, b\u1eefa s\u00e1ng n\u1ed5i l\u00e0 l\u1ef1a ch\u1ecdn tuy\u1ec7t v\u1eddi. T\u1eeb 740.000 VND\/khay B\u1eefa s\u00e1ng n\u1ed5i ch\u1ec9 \u0111\u01b0\u1ee3c ph\u1ee5c v\u1ee5 [&hellip;]","og_url":"https:\/\/anamandaracamranh.com\/vi\/special-offers\/floating-breakfast\/","og_site_name":"Ana Mandara Cam Ranh Hotel","article_modified_time":"2024-10-12T03:40:56+00:00","og_image":[{"width":2200,"height":1466,"url":"https:\/\/anamandaracamranh.com\/wp-content\/uploads\/sites\/254\/2023\/02\/ANA-MANDARA-CAM-RANH-floating-breakfast-in-heart-shape.jpg","type":"image\/jpeg"}],"twitter_card":"summary_large_image","twitter_misc":{"Est. reading time":"1 minute"},"schema":{"@context":"https:\/\/schema.org","@graph":[{"@type":"WebPage","@id":"https:\/\/anamandaracamranh.com\/vi\/special-offers\/floating-breakfast\/","url":"https:\/\/anamandaracamranh.com\/vi\/special-offers\/floating-breakfast\/","name":"B\u1eefa s\u00e1ng n\u1ed5i - Ana Mandara Cam Ranh Hotel","isPartOf":{"@id":"https:\/\/anamandaracamranh.com\/vi\/#website"},"primaryImageOfPage":{"@id":"https:\/\/anamandaracamranh.com\/vi\/special-offers\/floating-breakfast\/#primaryimage"},"image":{"@id":"https:\/\/anamandaracamranh.com\/vi\/special-offers\/floating-breakfast\/#primaryimage"},"thumbnailUrl":"https:\/\/anamandaracamranh.com\/wp-content\/uploads\/sites\/254\/2023\/02\/ANA-MANDARA-CAM-RANH-floating-breakfast-in-heart-shape.jpg","datePublished":"2024-10-04T03:44:32+00:00","dateModified":"2024-10-12T03:40:56+00:00","breadcrumb":{"@id":"https:\/\/anamandaracamranh.com\/vi\/special-offers\/floating-breakfast\/#breadcrumb"},"inLanguage":"vi-VN","potentialAction":[{"@type":"ReadAction","target":["https:\/\/anamandaracamranh.com\/vi\/special-offers\/floating-breakfast\/"]}]},{"@type":"ImageObject","inLanguage":"vi-VN","@id":"https:\/\/anamandaracamranh.com\/vi\/special-offers\/floating-breakfast\/#primaryimage","url":"https:\/\/anamandaracamranh.com\/wp-content\/uploads\/sites\/254\/2023\/02\/ANA-MANDARA-CAM-RANH-floating-breakfast-in-heart-shape.jpg","contentUrl":"https:\/\/anamandaracamranh.com\/wp-content\/uploads\/sites\/254\/2023\/02\/ANA-MANDARA-CAM-RANH-floating-breakfast-in-heart-shape.jpg","width":2200,"height":1466},{"@type":"BreadcrumbList","@id":"https:\/\/anamandaracamranh.com\/vi\/special-offers\/floating-breakfast\/#breadcrumb","itemListElement":[{"@type":"ListItem","position":1,"name":"Home","item":"https:\/\/anamandaracamranh.com\/vi\/"},{"@type":"ListItem","position":2,"name":"\u01afu \u0110\u00e3i","item":"https:\/\/anamandaracamranh.com\/vi\/special-offers\/"},{"@type":"ListItem","position":3,"name":"B\u1eefa s\u00e1ng n\u1ed5i"}]},{"@type":"WebSite","@id":"https:\/\/anamandaracamranh.com\/vi\/#website","url":"https:\/\/anamandaracamranh.com\/vi\/","name":"Ana Mandara Cam Ranh Hotel","description":"","potentialAction":[{"@type":"SearchAction","target":{"@type":"EntryPoint","urlTemplate":"https:\/\/anamandaracamranh.com\/vi\/?s={search_term_string}"},"query-input":"required name=search_term_string"}],"inLanguage":"vi-VN"}]}},"_links":{"self":[{"href":"https:\/\/anamandaracamranh.com\/vi\/wp-json\/wp\/v2\/pages\/2882"}],"collection":[{"href":"https:\/\/anamandaracamranh.com\/vi\/wp-json\/wp\/v2\/pages"}],"about":[{"href":"https:\/\/anamandaracamranh.com\/vi\/wp-json\/wp\/v2\/types\/page"}],"author":[{"embeddable":true,"href":"https:\/\/anamandaracamranh.com\/vi\/wp-json\/wp\/v2\/users\/647"}],"replies":[{"embeddable":true,"href":"https:\/\/anamandaracamranh.com\/vi\/wp-json\/wp\/v2\/comments?post=2882"}],"version-history":[{"count":0,"href":"https:\/\/anamandaracamranh.com\/vi\/wp-json\/wp\/v2\/pages\/2882\/revisions"}],"up":[{"embeddable":true,"href":"https:\/\/anamandaracamranh.com\/vi\/wp-json\/wp\/v2\/pages\/791"}],"wp:featuredmedia":[{"embeddable":true,"href":"https:\/\/anamandaracamranh.com\/vi\/wp-json\/wp\/v2\/media\/1048"}],"wp:attachment":[{"href":"https:\/\/anamandaracamranh.com\/vi\/wp-json\/wp\/v2\/media?parent=2882"}],"wp:term":[{"taxonomy":"category","embeddable":true,"href":"https:\/\/anamandaracamranh.com\/vi\/wp-json\/wp\/v2\/categories?post=2882"}],"curies":[{"name":"wp","href":"https:\/\/api.w.org\/{rel}","templated":true}]}}