{"id":2052,"date":"2024-03-22T08:01:42","date_gmt":"2024-03-22T08:01:42","guid":{"rendered":"https:\/\/anamandaracamranh.com\/?page_id=2052"},"modified":"2024-05-15T09:29:05","modified_gmt":"2024-05-15T09:29:05","slug":"kham-pha-thien-duong-bien-nha-trang-nhung-thong-tin-huu-ich","status":"publish","type":"page","link":"https:\/\/anamandaracamranh.com\/vi\/kham-pha-thien-duong-bien-nha-trang-nhung-thong-tin-huu-ich\/","title":{"rendered":"Nh\u1eefng th\u00f4ng tin h\u1eefu \u00edch"},"content":{"rendered":"<p>Ch\u00e0o m\u1eebng Qu\u00fd kh\u00e1ch \u0111\u1ebfn v\u1edbi Ana Mandara Cam Ranh, khu ngh\u1ec9 d\u01b0\u1ee1ng sang tr\u1ecdng b\u1eadc nh\u1ea5t d\u00e0nh cho du kh\u00e1ch \u0111\u1ebfn th\u0103m th\u00e0nh ph\u1ed1 bi\u1ec3n Nha Trang xinh \u0111\u1eb9p, thu\u1ed9c t\u1ec9nh Kh\u00e1nh H\u00f2a, Vi\u1ec7t Nam. T\u1ecda l\u1ea1c t\u1ea1i m\u1ed9t trong nh\u1eefng b\u00e3i bi\u1ec3n \u0111\u1eb9p nh\u1ea5t c\u1ee7a Duy\u00ean h\u1ea3i Nam Trung B\u1ed9, Ana Mandara Cam Ranh \u0111\u01b0\u1ee3c \u00f4m \u1ea5p b\u1edfi tri\u1ec1n c\u00e1t tr\u1eafng v\u00e0 bi\u1ec3n xanh nh\u01b0 ng\u1ecdc t\u1ea1i B\u00e3i D\u00e0i v\u1ecbnh Cam Ranh, l\u00e0 n\u01a1i l\u00fd t\u01b0\u1edfng \u0111\u1ec3 ho\u00e0 m\u00ecnh c\u00f9ng bi\u1ec3n xanh, c\u00e1t tr\u1eafng v\u00e0 n\u1eafng v\u00e0ng. H\u00e3y c\u00f9ng ch\u00fang t\u00f4i tham kh\u1ea3o th\u00f4ng tin h\u1eefu \u00edch \u0111\u1ec3 c\u00f3 s\u1ef1 chu\u1ea9n b\u1ecb t\u1ed1t nh\u1ea5t cho chuy\u1ebfn h\u00e0nh tr\u00ecnh tr\u1ecdn v\u1eb9n v\u00e0 gi\u00e0u tr\u1ea3i nghi\u1ec7m.<\/p>\n<p><strong>Kh\u00e1m ph\u00e1 Nha Trang: m\u1ed9t thi\u00ean \u0111\u01b0\u1eddng bi\u1ec3n<\/strong><\/p>\n<p>Nha Trang \u0111\u01b0\u1ee3c bi\u1ebft \u0111\u1ebfn l\u00e0 v\u00f9ng bi\u1ec3n thi\u00ean \u0111\u01b0\u1eddng quy\u1ebfn r\u0169 v\u1edbi b\u00e3i bi\u1ec3n ng\u1eadp n\u1eafng v\u00e0 l\u00e0n n\u01b0\u1edbc trong xanh, l\u00e0 n\u01a1i \u00fd t\u01b0\u1edfng cho c\u00e1c chuy\u1ebfn du l\u1ecbch ngh\u1ec9 d\u01b0\u1ee1ng, tr\u1ea3i nghi\u1ec7m v\u00e0 kh\u00e1m ph\u00e1. B\u1ea1n \u0111ang t\u00ecm ki\u1ebfm c\u1ea3m gi\u00e1c h\u1ed3i h\u1ed9p c\u1ee7a c\u00e1c m\u00f4n th\u1ec3 thao d\u01b0\u1edbi n\u01b0\u1edbc, mu\u1ed1n kh\u00e1m ph\u00e1 v\u0103n h\u00f3a \u0111\u1ecba ph\u01b0\u01a1ng, hay \u0111\u01a1n gi\u1ea3n t\u1eadn h\u01b0\u1edfng c\u1ea3m gi\u00e1c th\u01b0 th\u00e1i thong dong tr\u00ean b\u00e3i c\u00e1t tr\u1eafng m\u1ecbn,\u2026 Nha Trang h\u1ee9a h\u1eb9n s\u1ebd mang \u0111\u1ebfn cho b\u1ea1n nh\u1eefng tr\u1ea3i nghi\u1ec7m kh\u00f3 qu\u00ean.<\/p>\n<p><strong>Th\u1eddi gian l\u00fd t\u01b0\u1edfng \u0111\u1ec3 du l\u1ecbch Nha Trang: Th\u1eddi ti\u1ebft \u00f4n h\u00f2a quanh n\u0103m<\/strong><\/p>\n<p>Ana Mandara Cam Ranh lu\u00f4n lu\u00f4n s\u1eb5n s\u00e0ng \u0111\u1ec3 \u0111\u01b0\u1ee3c ch\u00e0o \u0111\u00f3n du kh\u00e1ch \u0111\u1ebfn v\u1edbi khu ngh\u1ec9. Nh\u01b0ng ch\u00fang t\u00f4i s\u1ebd \u201cb\u1eadt m\u00ed\u201d kho\u1ea3ng th\u1eddi gian \u0111\u1eb9p nh\u1ea5t \u0111\u1ec3 b\u1ea1n c\u00f3 \u0111\u01b0\u1ee3c nh\u1eefng tr\u1ea3i nghi\u1ec7m tuy\u1ec7t v\u1eddi nh\u1ea5t t\u1ea1i th\u00e0nh ph\u1ed1 bi\u1ec3n kh\u00ed h\u1eadu \u00f4n h\u00f2a v\u1edbi hai m\u00f9a r\u00f5 r\u1ec7t.<\/p>\n<ul>\n<li><strong>M\u00f9a kh\u00f4 (t\u1eeb th\u00e1ng 12 \u0111\u1ebfn th\u00e1ng 8):<\/strong> Th\u1eddi gian n\u00e0y th\u1eddi ti\u1ebft Nha Trang c\u00f3 nhi\u1ec1u n\u1eafng, n\u01b0\u1edbc trong xanh, nhi\u1ec7t \u0111\u1ed9 dao \u0111\u1ed9ng t\u1eeb 25 \u2013 34\u00b0C, l\u00e0 th\u1eddi \u0111i\u1ec3m l\u00fd t\u01b0\u1edfng nh\u1ea5t d\u00e0nh cho nh\u1eefng ai y\u00eau th\u00edch t\u1eafm n\u1eafng v\u00e0 th\u1ecfa th\u00edch v\u1edbi c\u00e1c ho\u1ea1t \u0111\u1ed9ng vui ch\u01a1i, kh\u00e1m ph\u00e1 bi\u1ec3n.<\/li>\n<li><strong>M\u00f9a m\u01b0a (t\u1eeb th\u00e1ng 9 \u0111\u1ebfn \u0111\u1ea7u th\u00e1ng 12):<\/strong> Nha Trang v\u00e0o m\u00f9a m\u01b0a, th\u1eddi ti\u1ebft m\u00e1t m\u1ebb trong l\u00e0nh. Nhi\u1ec7t \u0111\u1ed9 dao \u0111\u1ed9ng t\u1eeb 20- 25\u00b0C. \u0110\u1eebng \u0111\u1ec3 m\u00f9a m\u01b0a l\u00e0m ch\u00f9ng l\u00f2ng b\u1ea1n nh\u00e9. V\u00ec du l\u1ecbch Nha Trang v\u00e0o m\u00f9a n\u00e0y, b\u1ea1n s\u1ebd c\u1ea3m nh\u1eadn v\u1ebb \u0111\u1eb9p tr\u1ecdn v\u1eb9n c\u1ee7a th\u00e0nh ph\u1ed1 sau nh\u1eefng c\u01a1n m\u01b0a.<\/li>\n<\/ul>\n<p><strong>Nh\u1eefng v\u1eadt d\u1ee5ng c\u1ea7n chu\u1ea9n b\u1ecb cho chuy\u1ebfn \u0111i <a href=\"https:\/\/paxanadoclet.com\/\">D\u1ed1c L\u1ebft<\/a><\/strong><\/p>\n<ol>\n<li>N\u00f3n \u0111\u1ec3 che n\u1eafng<\/li>\n<li>Qu\u1ea7n \u00e1o, \u0111\u1ed3 l\u00f3t<\/li>\n<li>\u0110\u1ed3 b\u01a1i, m\u1eaft k\u00ednh l\u1eb7n ng\u1eafm san h\u00f4<\/li>\n<li>\u00c1o kho\u00e1c nh\u1eb9<\/li>\n<li>Thu\u1ed1c c\u00e1c lo\u1ea1i<\/li>\n<li>Son d\u01b0\u1ee1ng m\u00f4i v\u00e0 kem ch\u1ed1ng n\u1eafng<\/li>\n<li>Gi\u00e0y b\u1ec7t ph\u00f9 h\u1ee3p cho chuy\u1ebfn d\u00e3 ngo\u1ea1i v\u00e0 kh\u00e1m ph\u00e1<\/li>\n<li>V\u00e0 \u0111\u1eebng qu\u00ean mang theo m\u00e1y ch\u1ee5p \u1ea3nh \u0111\u1ec3 ghi l\u1ea1i nh\u1eefng kho\u1ea3nh kh\u1eafc kh\u00f3 qu\u00ean.<\/li>\n<\/ol>\n<p><strong>H\u01b0\u1edbng d\u1eabn di chuy\u1ec3n: B\u1eaft \u0111\u1ea7u h\u00e0nh tr\u00ecnh kh\u00e1m ph\u00e1<\/strong><\/p>\n<p>Th\u00e0nh ph\u1ed1 Nha Trang c\u00f3 v\u1ecb tr\u00ed giao th\u00f4ng thu\u1eadn l\u1ee3i, b\u1ea1n c\u00f3 th\u1ec3 d\u1ec5 d\u00e0ng l\u1ef1a ch\u1ecdn ph\u01b0\u01a1ng ti\u1ec7n di chuy\u1ec3n ph\u00f9 h\u1ee3p:<\/p>\n<ul>\n<li><strong>M\u00e1y bay:<\/strong> C\u00f3 r\u1ea5t nhi\u1ec1u chuy\u1ebfn bay qu\u1ed1c t\u1ebf tr\u1ef1c ti\u1ebfp k\u1ebft n\u1ed1i \u0111\u1ebfn s\u00e2n bay Cam Ranh (CXR) t\u1eeb c\u00e1c th\u00e0nh ph\u1ed1 l\u1edbn nh\u01b0 H\u1ed3ng Kong, Seoul, Bangkok, v\u00e0 Kuala Lumpur. C\u00e1c chuy\u1ebfn bay n\u1ed9i \u0111\u1ecba \u0111\u1ebfn Nha Trang nh\u01b0 t\u1eeb Th\u00e0nh ph\u1ed1 H\u1ed3 Ch\u00ed Minh, H\u00e0 N\u00f4i, \u0110\u00e0 N\u1eb5ng.<\/li>\n<li><strong>\u0110\u01b0\u1eddng b\u1ed9:<\/strong> T\u00f9y theo kho\u1ea3ng c\u00e1ch v\u00e0 s\u1edf th\u00edch, b\u1ea1n c\u00f3 th\u1ec3 l\u1ef1a ch\u1ecdn ph\u01b0\u01a1ng ti\u1ec7n di chuy\u1ec3n b\u1eb1ng t\u00e0u h\u1ecfa, xe kh\u00e1ch,\u2026<\/li>\n<\/ul>\n<p><strong>Nh\u1eefng \u0111i\u1ec3m check-in si\u00eau hot<\/strong><\/p>\n<p><strong>H\u00e3y th\u1ecfa s\u1ee9c kh\u00e1m ph\u00e1:<\/strong><\/p>\n<ul>\n<li><strong>Golf:<\/strong> Kh\u00e1m ph\u00e1 nh\u1eefng s\u00e2n golf \u0111\u1eb3ng c\u1ea5p nh\u01b0 <a href=\"https:\/\/www.kngolflinks.com\/\">KN Golf Links Cam Ranh<\/a>, <a href=\"https:\/\/diamondbaygolfvillas.com\/vi\">Diamond Golf<\/a>, v\u00e0 <a href=\"https:\/\/vinpearl.com\/vi\/vinpearl-golf-nha-trang\">Vinpearl Golf Club<\/a>, mang \u0111\u1ebfn tr\u1ea3i nghi\u1ec7m ch\u01a1i golf \u0111\u1ed9c \u0111\u00e1o gi\u1eefa nh\u1eefng thung l\u0169ng xanh th\u01a1 m\u1ed9ng, c\u00f3 t\u1ea7m nh\u00ecn tho\u00e1ng \u0111\u00e3ng.<\/li>\n<li><strong>Th\u00e1m hi\u1ec3m d\u01b0\u1edbi n\u01b0\u1edbc: <\/strong>\u0110\u1eafm ch\u00ecm trong th\u1ebf gi\u1edbi sinh v\u1eadt bi\u1ec3n \u0111a d\u1ea1ng c\u1ee7a Nha Trang v\u1edbi c\u00e1c chuy\u1ebfn du ngo\u1ea1n l\u1eb7n b\u1eb1ng \u1ed1ng th\u1edf v\u00e0 l\u1eb7n bi\u1ec3n t\u1ea1i c\u00e1c \u0111\u1ea3o l\u00e2n c\u1eadn.<\/li>\n<li><strong>Wellness Retreat: <\/strong>B\u1ea1n mu\u1ed1n th\u01b0 gi\u00e3n, tr\u1ebb h\u00f3a tinh th\u1ea7n v\u00e0 c\u01a1 th\u1ec3 v\u1edbi d\u1ecbch v\u1ee5 t\u1eafm b\u00f9n t\u1ea1i <a href=\"https:\/\/www.i-resort.vn\/main.html\">I-Resort<\/a>, Th\u00e1p b\u00e0 Nha Trang, ho\u1eb7c l\u1ef1a ch\u1ecdn c\u00e1c li\u1ec7u ph\u00e1p th\u01b0 gi\u00e3n b\u1eb1ng kho\u00e1ng ch\u1ea5t thi\u00ean nhi\u00ean.<\/li>\n<li><strong>Kh\u00e1m ph\u00e1 \u0111\u1ecba ph\u01b0\u01a1ng: <\/strong>Tham gia chuy\u1ebfn du ngo\u1ea1n b\u1eb1ng thuy\u1ec1n y\u00ean t\u0129nh d\u1ecdc s\u00f4ng C\u00e1i, \u0111\u1eafm m\u00ecnh trong n\u00e9t quy\u1ebfn r\u0169 c\u1ee7a cu\u1ed9c s\u1ed1ng n\u00f4ng th\u00f4n v\u00e0 phong c\u1ea3nh tuy\u1ec7t \u0111\u1eb9p.<\/li>\n<li><strong>T\u00ecm ki\u1ebfm c\u1ea3m gi\u00e1c phi\u00eau l\u01b0u m\u1ea1o hi\u1ec3m:<\/strong> H\u00e3y \u0111\u1ebfn c\u00f4ng vi\u00ean\u00a0th\u00e1m hi\u1ec3m\u00a0<a href=\"https:\/\/www.facebook.com\/KongForestVN\">Kong\u00a0Forest<\/a> &#8211;\u00a0c\u00f4ng vi\u00ean\u00a0trong\u00a0r\u1eebng\u00a0\u0111\u1ea7u ti\u00ean v\u00e0 l\u1edbn nh\u1ea5t t\u1ea1i Vi\u1ec7t Nam.<\/li>\n<li><strong>Tr\u1ea3i nghi\u1ec7m v\u0103n h\u00f3a:<\/strong> Kh\u00e1m ph\u00e1 truy\u1ec1n th\u1ed1ng Vi\u1ec7t Nam v\u1edbi nh\u1eefng ti\u1ebft m\u1ee5c m\u00faa r\u1ed1i s\u1ed1ng \u0111\u1ed9ng h\u1ea5p d\u1eabn t\u1ea1i <a href=\"https:\/\/www.facebook.com\/lifepuppets.show\">Nh\u00e0 h\u00e1t \u0110\u00f3<\/a> hay t\u1eadn h\u01b0\u1edfng ni\u1ec1m vui gia \u0111\u00ecnh t\u1ea1i C\u00f4ng vi\u00ean gi\u1ea3i tr\u00ed <a href=\"https:\/\/vinwonders.com\/vi\/vinwonders-nha-trang\/\">Vinwonder Nha Trang<\/a>.<\/li>\n<\/ul>\n<p><strong>Thi\u00ean \u0111\u01b0\u1eddng bi\u1ec3n Nha Trang \u0111ang ch\u1edd \u0111\u00f3n b\u1ea1n th\u1ecfa s\u1ee9c kh\u00e1m ph\u00e1:<\/strong><\/p>\n<p>H\u00e3y chu\u1ea9n b\u1ecb s\u1eb5n s\u00e0ng cho m\u1ed9t h\u00e0nh tr\u00ecnh \u0111\u1ea7y th\u00fa v\u1ecb v\u00e0 nh\u1eefng \u0111i\u1ec1u k\u1ef3 th\u00fa c\u1ee7a Th\u00e0nh ph\u1ed1 Nha Trang, Kh\u00e1nh H\u00f2a. Khu ngh\u1ec9 d\u01b0\u1ee1ng Ana Mandara Cam Ranh ch\u00e0o \u0111\u00f3n b\u1ea1n \u0111\u1ebfn kh\u00e1m ph\u00e1 v\u1ebb \u0111\u1eb9p v\u00e0 s\u1ef1 quy\u1ebfn r\u0169 c\u1ee7a thi\u00ean \u0111\u01b0\u1eddng bi\u1ec3n Vi\u1ec7t Nam. H\u00e3y b\u1eaft \u0111\u1ea7u cho k\u1ef3 ngh\u1ec9 ngay h\u00f4m nay v\u00e0 t\u1ea1o n\u00ean nh\u1eefng k\u1ef7 ni\u1ec7m \u0111\u00e1ng nh\u1edb c\u00f9ng gia \u0111\u00ecnh v\u00e0 nh\u1eefng ng\u01b0\u1eddi th\u00e2n y\u00eau.<\/p>\n<p>L\u01b0u \u00fd: \u0110\u1ec3 c\u00f3 nh\u1eefng tr\u1ea3i nghi\u1ec7m tr\u1ecdn v\u1eb9n nh\u1ea5t, b\u1ea1n h\u00e3y li\u00ean h\u1ec7 v\u1edbi B\u1ed9 ph\u1eadn Gi\u1ea3i tr\u00ed c\u1ee7a ch\u00fang t\u00f4i, \u0111\u1ec3 \u0111\u1eb7t tr\u01b0\u1edbc c\u00e1c d\u1ecbch v\u1ee5 cho chuy\u1ebfn du ngo\u1ea1n kh\u00e1m ph\u00e1 nh\u00e9.<\/p>\n","protected":false},"excerpt":{"rendered":"<p>Ch\u00e0o m\u1eebng Qu\u00fd kh\u00e1ch \u0111\u1ebfn v\u1edbi Ana Mandara Cam Ranh, khu ngh\u1ec9 d\u01b0\u1ee1ng sang tr\u1ecdng b\u1eadc nh\u1ea5t d\u00e0nh cho du kh\u00e1ch \u0111\u1ebfn th\u0103m th\u00e0nh ph\u1ed1 bi\u1ec3n Nha Trang xinh \u0111\u1eb9p, thu\u1ed9c t\u1ec9nh Kh\u00e1nh H\u00f2a, Vi\u1ec7t Nam. T\u1ecda l\u1ea1c t\u1ea1i m\u1ed9t trong nh\u1eefng b\u00e3i bi\u1ec3n \u0111\u1eb9p nh\u1ea5t c\u1ee7a Duy\u00ean h\u1ea3i Nam Trung B\u1ed9, Ana Mandara Cam [&hellip;]<\/p>\n","protected":false},"author":510,"featured_media":1765,"parent":0,"menu_order":0,"comment_status":"closed","ping_status":"closed","template":"","meta":{"footnotes":""},"categories":[],"acf":[],"yoast_head":"<!-- This site is optimized with the Yoast SEO plugin v22.3 - https:\/\/yoast.com\/wordpress\/plugins\/seo\/ -->\n<title>H\u01b0\u1edbng d\u1eabn kh\u00e1m ph\u00e1 Nha Trang | Ana Mandara Cam Rannh Resort<\/title>\n<meta name=\"description\" content=\"\u0110\u1eb7t ph\u00f2ng t\u1ea1i Ana Mandara Cam Ranh v\u00e0 kh\u00e1m kh\u00e1 v\u1ebb \u0111\u1eb9p c\u1ee7a thi\u00ean \u0111\u01b0\u1eddng bi\u1ec3n Nha Trang. Xem ngay h\u01b0\u1edbng d\u1eabn n\u00e0y \u0111\u1ec3 l\u00ean k\u1ebf ho\u1ea1ch t\u1ed1t h\u01a1n!\" \/>\n<meta name=\"robots\" content=\"index, follow, max-snippet:-1, max-image-preview:large, max-video-preview:-1\" \/>\n<link rel=\"canonical\" href=\"https:\/\/anamandaracamranh.com\/vi\/kham-pha-thien-duong-bien-nha-trang-nhung-thong-tin-huu-ich\/\" \/>\n<meta property=\"og:locale\" content=\"vi_VN\" \/>\n<meta property=\"og:type\" content=\"article\" \/>\n<meta property=\"og:title\" content=\"H\u01b0\u1edbng d\u1eabn kh\u00e1m ph\u00e1 Nha Trang | Ana Mandara Cam Rannh Resort\" \/>\n<meta property=\"og:description\" content=\"\u0110\u1eb7t ph\u00f2ng t\u1ea1i Ana Mandara Cam Ranh v\u00e0 kh\u00e1m kh\u00e1 v\u1ebb \u0111\u1eb9p c\u1ee7a thi\u00ean \u0111\u01b0\u1eddng bi\u1ec3n Nha Trang. Xem ngay h\u01b0\u1edbng d\u1eabn n\u00e0y \u0111\u1ec3 l\u00ean k\u1ebf ho\u1ea1ch t\u1ed1t h\u01a1n!\" \/>\n<meta property=\"og:url\" content=\"https:\/\/anamandaracamranh.com\/vi\/kham-pha-thien-duong-bien-nha-trang-nhung-thong-tin-huu-ich\/\" \/>\n<meta property=\"og:site_name\" content=\"Ana Mandara Cam Ranh Hotel\" \/>\n<meta property=\"article:modified_time\" content=\"2024-05-15T09:29:05+00:00\" \/>\n<meta property=\"og:image\" content=\"https:\/\/anamandaracamranh.com\/wp-content\/uploads\/sites\/254\/2023\/10\/Ana-Mandara-Cam-Ranh-overview.jpg\" \/>\n\t<meta property=\"og:image:width\" content=\"2200\" \/>\n\t<meta property=\"og:image:height\" content=\"1465\" \/>\n\t<meta property=\"og:image:type\" content=\"image\/jpeg\" \/>\n<meta name=\"twitter:card\" content=\"summary_large_image\" \/>\n<meta name=\"twitter:label1\" content=\"Est. reading time\" \/>\n\t<meta name=\"twitter:data1\" content=\"5 minutes\" \/>\n<script type=\"application\/ld+json\" class=\"yoast-schema-graph\">{\"@context\":\"https:\/\/schema.org\",\"@graph\":[{\"@type\":\"WebPage\",\"@id\":\"https:\/\/anamandaracamranh.com\/vi\/kham-pha-thien-duong-bien-nha-trang-nhung-thong-tin-huu-ich\/\",\"url\":\"https:\/\/anamandaracamranh.com\/vi\/kham-pha-thien-duong-bien-nha-trang-nhung-thong-tin-huu-ich\/\",\"name\":\"H\u01b0\u1edbng d\u1eabn kh\u00e1m ph\u00e1 Nha Trang | Ana Mandara Cam Rannh Resort\",\"isPartOf\":{\"@id\":\"https:\/\/anamandaracamranh.com\/vi\/#website\"},\"primaryImageOfPage\":{\"@id\":\"https:\/\/anamandaracamranh.com\/vi\/kham-pha-thien-duong-bien-nha-trang-nhung-thong-tin-huu-ich\/#primaryimage\"},\"image\":{\"@id\":\"https:\/\/anamandaracamranh.com\/vi\/kham-pha-thien-duong-bien-nha-trang-nhung-thong-tin-huu-ich\/#primaryimage\"},\"thumbnailUrl\":\"https:\/\/anamandaracamranh.com\/wp-content\/uploads\/sites\/254\/2023\/10\/Ana-Mandara-Cam-Ranh-overview.jpg\",\"datePublished\":\"2024-03-22T08:01:42+00:00\",\"dateModified\":\"2024-05-15T09:29:05+00:00\",\"description\":\"\u0110\u1eb7t ph\u00f2ng t\u1ea1i Ana Mandara Cam Ranh v\u00e0 kh\u00e1m kh\u00e1 v\u1ebb \u0111\u1eb9p c\u1ee7a thi\u00ean \u0111\u01b0\u1eddng bi\u1ec3n Nha Trang. Xem ngay h\u01b0\u1edbng d\u1eabn n\u00e0y \u0111\u1ec3 l\u00ean k\u1ebf ho\u1ea1ch t\u1ed1t h\u01a1n!\",\"breadcrumb\":{\"@id\":\"https:\/\/anamandaracamranh.com\/vi\/kham-pha-thien-duong-bien-nha-trang-nhung-thong-tin-huu-ich\/#breadcrumb\"},\"inLanguage\":\"vi-VN\",\"potentialAction\":[{\"@type\":\"ReadAction\",\"target\":[\"https:\/\/anamandaracamranh.com\/vi\/kham-pha-thien-duong-bien-nha-trang-nhung-thong-tin-huu-ich\/\"]}]},{\"@type\":\"ImageObject\",\"inLanguage\":\"vi-VN\",\"@id\":\"https:\/\/anamandaracamranh.com\/vi\/kham-pha-thien-duong-bien-nha-trang-nhung-thong-tin-huu-ich\/#primaryimage\",\"url\":\"https:\/\/anamandaracamranh.com\/wp-content\/uploads\/sites\/254\/2023\/10\/Ana-Mandara-Cam-Ranh-overview.jpg\",\"contentUrl\":\"https:\/\/anamandaracamranh.com\/wp-content\/uploads\/sites\/254\/2023\/10\/Ana-Mandara-Cam-Ranh-overview.jpg\",\"width\":2200,\"height\":1465},{\"@type\":\"BreadcrumbList\",\"@id\":\"https:\/\/anamandaracamranh.com\/vi\/kham-pha-thien-duong-bien-nha-trang-nhung-thong-tin-huu-ich\/#breadcrumb\",\"itemListElement\":[{\"@type\":\"ListItem\",\"position\":1,\"name\":\"Home\",\"item\":\"https:\/\/anamandaracamranh.com\/vi\/\"},{\"@type\":\"ListItem\",\"position\":2,\"name\":\"Nh\u1eefng th\u00f4ng tin h\u1eefu \u00edch\"}]},{\"@type\":\"WebSite\",\"@id\":\"https:\/\/anamandaracamranh.com\/vi\/#website\",\"url\":\"https:\/\/anamandaracamranh.com\/vi\/\",\"name\":\"Ana Mandara Cam Ranh Hotel\",\"description\":\"\",\"potentialAction\":[{\"@type\":\"SearchAction\",\"target\":{\"@type\":\"EntryPoint\",\"urlTemplate\":\"https:\/\/anamandaracamranh.com\/vi\/?s={search_term_string}\"},\"query-input\":\"required name=search_term_string\"}],\"inLanguage\":\"vi-VN\"}]}<\/script>\n<!-- \/ Yoast SEO plugin. -->","yoast_head_json":{"title":"H\u01b0\u1edbng d\u1eabn kh\u00e1m ph\u00e1 Nha Trang | Ana Mandara Cam Rannh Resort","description":"\u0110\u1eb7t ph\u00f2ng t\u1ea1i Ana Mandara Cam Ranh v\u00e0 kh\u00e1m kh\u00e1 v\u1ebb \u0111\u1eb9p c\u1ee7a thi\u00ean \u0111\u01b0\u1eddng bi\u1ec3n Nha Trang. Xem ngay h\u01b0\u1edbng d\u1eabn n\u00e0y \u0111\u1ec3 l\u00ean k\u1ebf ho\u1ea1ch t\u1ed1t h\u01a1n!","robots":{"index":"index","follow":"follow","max-snippet":"max-snippet:-1","max-image-preview":"max-image-preview:large","max-video-preview":"max-video-preview:-1"},"canonical":"https:\/\/anamandaracamranh.com\/vi\/kham-pha-thien-duong-bien-nha-trang-nhung-thong-tin-huu-ich\/","og_locale":"vi_VN","og_type":"article","og_title":"H\u01b0\u1edbng d\u1eabn kh\u00e1m ph\u00e1 Nha Trang | Ana Mandara Cam Rannh Resort","og_description":"\u0110\u1eb7t ph\u00f2ng t\u1ea1i Ana Mandara Cam Ranh v\u00e0 kh\u00e1m kh\u00e1 v\u1ebb \u0111\u1eb9p c\u1ee7a thi\u00ean \u0111\u01b0\u1eddng bi\u1ec3n Nha Trang. Xem ngay h\u01b0\u1edbng d\u1eabn n\u00e0y \u0111\u1ec3 l\u00ean k\u1ebf ho\u1ea1ch t\u1ed1t h\u01a1n!","og_url":"https:\/\/anamandaracamranh.com\/vi\/kham-pha-thien-duong-bien-nha-trang-nhung-thong-tin-huu-ich\/","og_site_name":"Ana Mandara Cam Ranh Hotel","article_modified_time":"2024-05-15T09:29:05+00:00","og_image":[{"width":2200,"height":1465,"url":"https:\/\/anamandaracamranh.com\/wp-content\/uploads\/sites\/254\/2023\/10\/Ana-Mandara-Cam-Ranh-overview.jpg","type":"image\/jpeg"}],"twitter_card":"summary_large_image","twitter_misc":{"Est. reading time":"5 minutes"},"schema":{"@context":"https:\/\/schema.org","@graph":[{"@type":"WebPage","@id":"https:\/\/anamandaracamranh.com\/vi\/kham-pha-thien-duong-bien-nha-trang-nhung-thong-tin-huu-ich\/","url":"https:\/\/anamandaracamranh.com\/vi\/kham-pha-thien-duong-bien-nha-trang-nhung-thong-tin-huu-ich\/","name":"H\u01b0\u1edbng d\u1eabn kh\u00e1m ph\u00e1 Nha Trang | Ana Mandara Cam Rannh Resort","isPartOf":{"@id":"https:\/\/anamandaracamranh.com\/vi\/#website"},"primaryImageOfPage":{"@id":"https:\/\/anamandaracamranh.com\/vi\/kham-pha-thien-duong-bien-nha-trang-nhung-thong-tin-huu-ich\/#primaryimage"},"image":{"@id":"https:\/\/anamandaracamranh.com\/vi\/kham-pha-thien-duong-bien-nha-trang-nhung-thong-tin-huu-ich\/#primaryimage"},"thumbnailUrl":"https:\/\/anamandaracamranh.com\/wp-content\/uploads\/sites\/254\/2023\/10\/Ana-Mandara-Cam-Ranh-overview.jpg","datePublished":"2024-03-22T08:01:42+00:00","dateModified":"2024-05-15T09:29:05+00:00","description":"\u0110\u1eb7t ph\u00f2ng t\u1ea1i Ana Mandara Cam Ranh v\u00e0 kh\u00e1m kh\u00e1 v\u1ebb \u0111\u1eb9p c\u1ee7a thi\u00ean \u0111\u01b0\u1eddng bi\u1ec3n Nha Trang. Xem ngay h\u01b0\u1edbng d\u1eabn n\u00e0y \u0111\u1ec3 l\u00ean k\u1ebf ho\u1ea1ch t\u1ed1t h\u01a1n!","breadcrumb":{"@id":"https:\/\/anamandaracamranh.com\/vi\/kham-pha-thien-duong-bien-nha-trang-nhung-thong-tin-huu-ich\/#breadcrumb"},"inLanguage":"vi-VN","potentialAction":[{"@type":"ReadAction","target":["https:\/\/anamandaracamranh.com\/vi\/kham-pha-thien-duong-bien-nha-trang-nhung-thong-tin-huu-ich\/"]}]},{"@type":"ImageObject","inLanguage":"vi-VN","@id":"https:\/\/anamandaracamranh.com\/vi\/kham-pha-thien-duong-bien-nha-trang-nhung-thong-tin-huu-ich\/#primaryimage","url":"https:\/\/anamandaracamranh.com\/wp-content\/uploads\/sites\/254\/2023\/10\/Ana-Mandara-Cam-Ranh-overview.jpg","contentUrl":"https:\/\/anamandaracamranh.com\/wp-content\/uploads\/sites\/254\/2023\/10\/Ana-Mandara-Cam-Ranh-overview.jpg","width":2200,"height":1465},{"@type":"BreadcrumbList","@id":"https:\/\/anamandaracamranh.com\/vi\/kham-pha-thien-duong-bien-nha-trang-nhung-thong-tin-huu-ich\/#breadcrumb","itemListElement":[{"@type":"ListItem","position":1,"name":"Home","item":"https:\/\/anamandaracamranh.com\/vi\/"},{"@type":"ListItem","position":2,"name":"Nh\u1eefng th\u00f4ng tin h\u1eefu \u00edch"}]},{"@type":"WebSite","@id":"https:\/\/anamandaracamranh.com\/vi\/#website","url":"https:\/\/anamandaracamranh.com\/vi\/","name":"Ana Mandara Cam Ranh Hotel","description":"","potentialAction":[{"@type":"SearchAction","target":{"@type":"EntryPoint","urlTemplate":"https:\/\/anamandaracamranh.com\/vi\/?s={search_term_string}"},"query-input":"required name=search_term_string"}],"inLanguage":"vi-VN"}]}},"_links":{"self":[{"href":"https:\/\/anamandaracamranh.com\/vi\/wp-json\/wp\/v2\/pages\/2052"}],"collection":[{"href":"https:\/\/anamandaracamranh.com\/vi\/wp-json\/wp\/v2\/pages"}],"about":[{"href":"https:\/\/anamandaracamranh.com\/vi\/wp-json\/wp\/v2\/types\/page"}],"author":[{"embeddable":true,"href":"https:\/\/anamandaracamranh.com\/vi\/wp-json\/wp\/v2\/users\/510"}],"replies":[{"embeddable":true,"href":"https:\/\/anamandaracamranh.com\/vi\/wp-json\/wp\/v2\/comments?post=2052"}],"version-history":[{"count":0,"href":"https:\/\/anamandaracamranh.com\/vi\/wp-json\/wp\/v2\/pages\/2052\/revisions"}],"wp:featuredmedia":[{"embeddable":true,"href":"https:\/\/anamandaracamranh.com\/vi\/wp-json\/wp\/v2\/media\/1765"}],"wp:attachment":[{"href":"https:\/\/anamandaracamranh.com\/vi\/wp-json\/wp\/v2\/media?parent=2052"}],"wp:term":[{"taxonomy":"category","embeddable":true,"href":"https:\/\/anamandaracamranh.com\/vi\/wp-json\/wp\/v2\/categories?post=2052"}],"curies":[{"name":"wp","href":"https:\/\/api.w.org\/{rel}","templated":true}]}}